{"id":9022,"date":"2022-05-02T21:05:07","date_gmt":"2022-05-02T21:05:07","guid":{"rendered":"https:\/\/welcome-to-times-square.com\/resources-guidance-and-information-on-covid-19\/"},"modified":"2025-01-17T11:40:34","modified_gmt":"2025-01-17T11:40:34","slug":"resources-guidance-and-information-on-covid-19","status":"publish","type":"page","link":"https:\/\/welcome-to-times-square.com\/fr\/resources-guidance-and-information-on-covid-19\/","title":{"rendered":"Ressources, conseils et informations sur le covid 19"},"content":{"rendered":"\t\t<div data-elementor-type=\"wp-page\" data-elementor-id=\"9022\" class=\"elementor elementor-9022 elementor-2881\" data-elementor-post-type=\"page\">\n\t\t\t\t<div class=\"elementor-element elementor-element-0d322f1 e-flex e-con-boxed e-con e-parent\" data-id=\"0d322f1\" data-element_type=\"container\" data-e-type=\"container\" data-settings=\"{&quot;background_background&quot;:&quot;classic&quot;}\">\n\t\t\t\t\t<div class=\"e-con-inner\">\n\t\t\t\t<div class=\"elementor-element elementor-element-07983dc elementor-widget elementor-widget-heading\" data-id=\"07983dc\" data-element_type=\"widget\" data-e-type=\"widget\" data-widget_type=\"heading.default\">\n\t\t\t\t<div class=\"elementor-widget-container\">\n\t\t\t\t\t<h2 class=\"elementor-heading-title elementor-size-default\">Ressources, conseils et informations sur le covid 19<\/h2>\t\t\t\t<\/div>\n\t\t\t\t<\/div>\n\t\t\t\t<div class=\"elementor-element elementor-element-2034ee5 elementor-widget-divider--view-line elementor-widget elementor-widget-divider\" data-id=\"2034ee5\" data-element_type=\"widget\" data-e-type=\"widget\" data-widget_type=\"divider.default\">\n\t\t\t\t<div class=\"elementor-widget-container\">\n\t\t\t\t\t\t\t<div class=\"elementor-divider\">\n\t\t\t<span class=\"elementor-divider-separator\">\n\t\t\t\t\t\t<\/span>\n\t\t<\/div>\n\t\t\t\t\t\t<\/div>\n\t\t\t\t<\/div>\n\t\t\t\t<div class=\"elementor-element elementor-element-16e6466 elementor-widget elementor-widget-text-editor\" data-id=\"16e6466\" data-element_type=\"widget\" data-e-type=\"widget\" data-widget_type=\"text-editor.default\">\n\t\t\t\t<div class=\"elementor-widget-container\">\n\t\t\t\t\t\t\t\t\t<div class=\"vc_row wpb_row vc_row-fluid vc_custom_1652220044133 vc_row-has-fill\">\n<div class=\"wpb_column vc_column_container vc_col-sm-12\">\n<div class=\"vc_column-inner\">\n<div class=\"wpb_wrapper\">\n<div class=\"vc_tta-container\" data-vc-action=\"collapse\">\n<div class=\"vc_general vc_tta vc_tta-tabs vc_tta-color-grey vc_tta-style-classic vc_tta-shape-rounded vc_tta-spacing-1 vc_tta-tabs-position-top vc_tta-controls-align-left\">\n<div class=\"vc_tta-panels-container\">\n<div class=\"vc_tta-panels\">\n<div id=\"1651526533003-d472749e-da22\" class=\"vc_tta-panel vc_active\" data-vc-content=\".vc_tta-panel-body\">\n<div class=\"vc_tta-panel-body\">\n<div class=\"wpb_text_column wpb_content_element \">\n<div class=\"wpb_wrapper\">\n<p>Ressources, conseils et informations sur la COVID-19. Les vaccins sont un outil essentiel pour assurer votre protection et celle de votre communaut\u00e9 contre les formes graves de la COVID-19, l&rsquo;hospitalisation et la mort. Ils se sont av\u00e9r\u00e9s s\u00fbrs et prot\u00e8gent actuellement des millions de New-Yorkais vaccin\u00e9s contre la COVID-19. <\/p>\n<p>La vaccination est plus s\u00fbre que le risque de tomber malade et de subir les effets secondaires \u00e0 long terme de la COVID-19. M\u00eame les personnes qui ont d\u00e9j\u00e0 eu la COVID-19 devraient se faire vacciner. <\/p>\n<p>Le vaccin de Pfizer contre la COVID-19 est disponible pour les enfants \u00e2g\u00e9s de 5 \u00e0 11 ans. La dose de vaccin pour ce groupe d\u2019\u00e2ge est inf\u00e9rieure \u00e0 celle administr\u00e9e aux personnes de 12 ans et plus. <\/p>\n<p>Les enfants peuvent se faire vacciner dans les cabinets m\u00e9dicaux, les pharmacies et les centres de vaccination de la ville.<\/p>\n<p>Actuellement, des doses de rappel du vaccin sont disponibles pour les New-Yorkais \u00e2g\u00e9s de 18 ans et plus. Ces doses renforcent votre immunit\u00e9 gr\u00e2ce \u00e0 la s\u00e9rie de vaccinations initiales. <\/p>\n<p>Aucune personne ne se verra refuser l&rsquo;acc\u00e8s \u00e0 une dose de rappel \u00e0 New York, \u00e0 condition qu&rsquo;elle soit \u00e2g\u00e9e de 18 ans ou plus et qu&rsquo;elle ait re\u00e7u sa deuxi\u00e8me dose du vaccin Pfizer ou Moderna il y a au moins six mois, ou une dose du vaccin Johnson &amp; Johnson il y a au moins deux mois.<\/p>\n<p>Votre dose de rappel peut \u00eatre l\u2019un des trois vaccins autoris\u00e9s ou approuv\u00e9s. Si vous n\u2019\u00eates pas s\u00fbr de recevoir une dose de rappel ou du type de vaccin \u00e0 administrer, parlez-en \u00e0 votre professionnel de la sant\u00e9. <\/p>\n<p>Des rendez-vous peuvent \u00eatre pris pour un test rapide gratuit de d\u00e9pistage du virus COVID-19 dans les sites COVID-in-Express du minist\u00e8re de la Sant\u00e9 dans toute la ville de New York. Les r\u00e9sultats des tests sont disponibles dans les 24 heures ou moins suivant votre visite. Cela signifie que la plupart des patients recevront leurs r\u00e9sultats le jour m\u00eame de leur visite. Tous les tests effectu\u00e9s dans ces endroits sont des tests de diagnostic PCR en laboratoire, qui sont le type de test le plus pr\u00e9cis disponible.   <\/p>\n<p>Les tests COVID-19 sur les sites COVID Express sont gratuits pour tous les New-Yorkais, quel que soit leur statut d&rsquo;immigration.<\/p>\n<p>Si votre r\u00e9sultat de test est positif, vous recevrez un appel de la clinique et recevrez certaines recommandations, comme attendre 90 jours avant de passer un autre test depuis que vous avez eu vos premiers sympt\u00f4mes (ou depuis que vous avez re\u00e7u votre premier r\u00e9sultat positif, vous n\u2019avez donc pas eu de sympt\u00f4mes). Les personnes peuvent avoir un r\u00e9sultat positif pendant des semaines ou des mois apr\u00e8s l\u2019infection, m\u00eame si elles ne sont plus contagieuses. Tout rendez-vous pris dans les 90 jours suivant la r\u00e9ception d\u2019un test positif sera annul\u00e9.  <\/p>\n<p>Si le patient s\u2019est remis de la COVID-19 et pr\u00e9sente maintenant de nouveaux sympt\u00f4mes de la COVID-19, il doit consulter un professionnel de la sant\u00e9, surtout s\u2019il a \u00e9t\u00e9 en contact \u00e9troit avec une personne actuellement atteinte de la COVID-19.<\/p>\n<p>Le risque de contracter une infection a\u00e9roport\u00e9e, comme la COVID-19, la rougeole, la tuberculose et probablement de nombreuses autres infections respiratoires, dont la grippe, d\u00e9pend en grande partie du nombre de virus infectieux (ou de bact\u00e9ries dans le cas de la grippe ou de la tuberculose) pr\u00e9sents dans l\u2019air que nous respirons. Le nombre de ces germes dans l\u2019air int\u00e9rieur d\u00e9pend de deux facteurs : la vitesse \u00e0 laquelle les personnes infect\u00e9es exhalent les germes dans une pi\u00e8ce et la vitesse \u00e0 laquelle les germes infectieux sont \u00e9limin\u00e9s de l\u2019air.  <\/p>\n<p>Une autre ressource d\u2019orientation et d\u2019information sur le COVID-19 est que la ventilation et la filtration de l\u2019air peuvent \u00e9liminer les microbes flottant dans les espaces int\u00e9rieurs, soit en les soufflant hors du b\u00e2timent et en rempla\u00e7ant l\u2019air par de l\u2019air frais ext\u00e9rieur, soit en les pi\u00e9geant dans un filtre qui d\u00e9place l\u2019air \u00e0 l\u2019int\u00e9rieur. Avec deux changements d\u2019air par heure, ce qui est g\u00e9n\u00e9ralement le cas dans les grands b\u00e2timents, un peu plus de la moiti\u00e9 des microbes existants sont \u00e9limin\u00e9s toutes les 30 minutes. Avec six changements d\u2019air par heure, ce qui est typique des chambres d\u2019h\u00f4pital et des salles de classe \u00e9quip\u00e9es de plusieurs filtres \u00e0 air HEPA portables, un peu plus de la moiti\u00e9 des germes sont \u00e9limin\u00e9s toutes les 10 minutes.  <\/p>\n<p>La FDA a autoris\u00e9 des injections suppl\u00e9mentaires pour les Am\u00e9ricains plus \u00e2g\u00e9s et ceux souffrant de certaines immunod\u00e9ficiences. Voici ce que les scientifiques savent sur les personnes qui ont besoin de doses et \u00e0 quel moment. <\/p>\n<p>La FDA a autoris\u00e9 toute personne de plus de 50 ans \u00e0 recevoir une deuxi\u00e8me dose de rappel. Mais les experts affirment que les quelques recherches effectu\u00e9es jusqu&rsquo;\u00e0 pr\u00e9sent ne recommandent une quatri\u00e8me injection qu&rsquo;aux personnes de plus de 65 ans ou \u00e0 celles souffrant de maladies sous-jacentes qui les exposent \u00e0 un risque \u00e9lev\u00e9. <\/p>\n<\/div>\n<\/div>\n<\/div>\n<\/div>\n<\/div>\n<\/div>\n<\/div>\n<\/div>\n<\/div>\n<\/div>\n<\/div>\n<\/div>\n\t\t\t\t\t\t\t\t<\/div>\n\t\t\t\t<\/div>\n\t\t\t\t<div class=\"elementor-element elementor-element-6a1892b elementor-widget-divider--view-line elementor-widget elementor-widget-divider\" data-id=\"6a1892b\" data-element_type=\"widget\" data-e-type=\"widget\" data-widget_type=\"divider.default\">\n\t\t\t\t<div class=\"elementor-widget-container\">\n\t\t\t\t\t\t\t<div class=\"elementor-divider\">\n\t\t\t<span class=\"elementor-divider-separator\">\n\t\t\t\t\t\t<\/span>\n\t\t<\/div>\n\t\t\t\t\t\t<\/div>\n\t\t\t\t<\/div>\n\t\t\t\t<div class=\"elementor-element elementor-element-32c9f09 elementor-widget elementor-widget-text-editor\" data-id=\"32c9f09\" data-element_type=\"widget\" data-e-type=\"widget\" data-widget_type=\"text-editor.default\">\n\t\t\t\t<div class=\"elementor-widget-container\">\n\t\t\t\t\t\t\t\t\t<p><strong>Pour figurer sur notre panneau d&rsquo;affichage \u00e0 Times Square, veuillez consulter notre section CONTACT.<\/strong><\/p>\n<p>Voici comment cela fonctionne :<\/p>\n<p>Qu&rsquo;il s&rsquo;agisse d&rsquo;un anniversaire, d&rsquo;une demande en mariage, d&rsquo;un anniversaire ou d&rsquo;une simple d\u00e9claration d&rsquo;amour, nous avons tout pr\u00e9vu. Ne soyez pas un visage dans la foule ! <br \/>Affichez votre photo ou votre vid\u00e9o sur notre panneau d&rsquo;affichage \u00e0 Times Square !<\/p>\n<p>Option 1 : Votre vid\u00e9o\/photo de 60 secondes sera affich\u00e9e 22 fois par jour.<br \/>Option 2 : Votre vid\u00e9o\/photo de 30 secondes sera affich\u00e9e 44 fois par jour<br \/>Option 3 : Votre vid\u00e9o\/photo de 15 secondes sera affich\u00e9e 88 fois par jour.<\/p>\n<p>Notre panneau d&rsquo;affichage mesure 31 pieds x 55 pieds et est situ\u00e9 au 1560 Broadway (\u00e0 l&rsquo;angle de Broadway et de la 46e rue, juste au-dessus du magasin Pel\u00e9).<\/p>\n<p>Ne soyez pas un visage dans la foule !<\/p>\n\t\t\t\t\t\t\t\t<\/div>\n\t\t\t\t<\/div>\n\t\t\t\t<div class=\"elementor-element elementor-element-ac251be elementor-widget elementor-widget-image\" data-id=\"ac251be\" data-element_type=\"widget\" data-e-type=\"widget\" data-widget_type=\"image.default\">\n\t\t\t\t<div class=\"elementor-widget-container\">\n\t\t\t\t\t\t\t\t\t\t\t\t\t\t\t<img fetchpriority=\"high\" decoding=\"async\" width=\"1024\" height=\"625\" src=\"https:\/\/welcome-to-times-square.com\/wp-content\/uploads\/2022\/05\/Resources-guidance-and-information-on-covid-19-1024x625.png\" class=\"attachment-large size-large wp-image-6232\" alt=\"\" srcset=\"https:\/\/welcome-to-times-square.com\/wp-content\/uploads\/2022\/05\/Resources-guidance-and-information-on-covid-19-1024x625.png 1024w, https:\/\/welcome-to-times-square.com\/wp-content\/uploads\/2022\/05\/Resources-guidance-and-information-on-covid-19-600x366.png 600w, https:\/\/welcome-to-times-square.com\/wp-content\/uploads\/2022\/05\/Resources-guidance-and-information-on-covid-19-300x183.png 300w, https:\/\/welcome-to-times-square.com\/wp-content\/uploads\/2022\/05\/Resources-guidance-and-information-on-covid-19-768x468.png 768w, https:\/\/welcome-to-times-square.com\/wp-content\/uploads\/2022\/05\/Resources-guidance-and-information-on-covid-19.png 1128w\" sizes=\"(max-width: 1024px) 100vw, 1024px\" \/>\t\t\t\t\t\t\t\t\t\t\t\t\t\t\t<\/div>\n\t\t\t\t<\/div>\n\t\t\t\t\t<\/div>\n\t\t\t\t<\/div>\n\t\t\t\t<\/div>\n\t\t","protected":false},"excerpt":{"rendered":"Ressources, conseils et informations sur le covid 19 Ressources, conseils et informations sur la COVID-19. Les vaccins sont un outil essentiel pour assurer votre protection et celle de votre communaut\u00e9 contre les formes graves de la COVID-19, l'hospitalisation et la mort. Ils se sont av\u00e9r\u00e9s s\u00fbrs et prot\u00e8gent actuellement des millions de New-Yorkais vaccin\u00e9s contre [...]<a href=\"https:\/\/welcome-to-times-square.com\/fr\/resources-guidance-and-information-on-covid-19\/\" class=\"read-more wyz-secondary-color-text\">read more<span class=\"screen-reader-text\">Ressources, conseils et informations sur le covid 19<\/span><\/a>","protected":false},"author":53,"featured_media":0,"parent":0,"menu_order":0,"comment_status":"closed","ping_status":"closed","template":"elementor_header_footer","meta":{"footnotes":""},"class_list":["post-9022","page","type-page","status-publish","hentry"],"yoast_head":"<!-- This site is optimized with the Yoast SEO plugin v27.2 - https:\/\/yoast.com\/product\/yoast-seo-wordpress\/ -->\n<title>Ressources, conseils et informations sur le covid 19 - times-square<\/title>\n<meta name=\"robots\" content=\"index, follow, max-snippet:-1, max-image-preview:large, max-video-preview:-1\" \/>\n<link rel=\"canonical\" href=\"https:\/\/welcome-to-times-square.com\/fr\/resources-guidance-and-information-on-covid-19\/\" \/>\n<meta property=\"og:locale\" content=\"fr_FR\" \/>\n<meta property=\"og:type\" content=\"article\" \/>\n<meta property=\"og:title\" content=\"Ressources, conseils et informations sur le covid 19 - times-square\" \/>\n<meta property=\"og:description\" content=\"Ressources, conseils et informations sur le covid 19 Ressources, conseils et informations sur la COVID-19. Les vaccins sont un outil essentiel pour assurer votre protection et celle de votre communaut\u00e9 contre les formes graves de la COVID-19, l&rsquo;hospitalisation et la mort. Ils se sont av\u00e9r\u00e9s s\u00fbrs et prot\u00e8gent actuellement des millions de New-Yorkais vaccin\u00e9s contre [...]read moreRessources, conseils et informations sur le covid 19\" \/>\n<meta property=\"og:url\" content=\"https:\/\/welcome-to-times-square.com\/fr\/resources-guidance-and-information-on-covid-19\/\" \/>\n<meta property=\"og:site_name\" content=\"times-square\" \/>\n<meta property=\"article:modified_time\" content=\"2025-01-17T11:40:34+00:00\" \/>\n<meta property=\"og:image\" content=\"https:\/\/welcome-to-times-square.com\/wp-content\/uploads\/2022\/05\/Resources-guidance-and-information-on-covid-19-1024x625.png\" \/>\n\t<meta property=\"og:image:width\" content=\"1024\" \/>\n\t<meta property=\"og:image:height\" content=\"625\" \/>\n\t<meta property=\"og:image:type\" content=\"image\/png\" \/>\n<meta name=\"twitter:card\" content=\"summary_large_image\" \/>\n<meta name=\"twitter:label1\" content=\"Dur\u00e9e de lecture estim\u00e9e\" \/>\n\t<meta name=\"twitter:data1\" content=\"4 minutes\" \/>\n<script type=\"application\/ld+json\" class=\"yoast-schema-graph\">{\"@context\":\"https:\/\/schema.org\",\"@graph\":[{\"@type\":\"WebPage\",\"@id\":\"https:\/\/welcome-to-times-square.com\/fr\/resources-guidance-and-information-on-covid-19\/\",\"url\":\"https:\/\/welcome-to-times-square.com\/fr\/resources-guidance-and-information-on-covid-19\/\",\"name\":\"Ressources, conseils et informations sur le covid 19 - times-square\",\"isPartOf\":{\"@id\":\"https:\/\/welcome-to-times-square.com\/fr\/#website\"},\"primaryImageOfPage\":{\"@id\":\"https:\/\/welcome-to-times-square.com\/fr\/resources-guidance-and-information-on-covid-19\/#primaryimage\"},\"image\":{\"@id\":\"https:\/\/welcome-to-times-square.com\/fr\/resources-guidance-and-information-on-covid-19\/#primaryimage\"},\"thumbnailUrl\":\"https:\/\/welcome-to-times-square.com\/wp-content\/uploads\/2022\/05\/Resources-guidance-and-information-on-covid-19-1024x625.png\",\"datePublished\":\"2022-05-02T21:05:07+00:00\",\"dateModified\":\"2025-01-17T11:40:34+00:00\",\"breadcrumb\":{\"@id\":\"https:\/\/welcome-to-times-square.com\/fr\/resources-guidance-and-information-on-covid-19\/#breadcrumb\"},\"inLanguage\":\"fr-FR\",\"potentialAction\":[{\"@type\":\"ReadAction\",\"target\":[\"https:\/\/welcome-to-times-square.com\/fr\/resources-guidance-and-information-on-covid-19\/\"]}]},{\"@type\":\"ImageObject\",\"inLanguage\":\"fr-FR\",\"@id\":\"https:\/\/welcome-to-times-square.com\/fr\/resources-guidance-and-information-on-covid-19\/#primaryimage\",\"url\":\"https:\/\/welcome-to-times-square.com\/wp-content\/uploads\/2022\/05\/Resources-guidance-and-information-on-covid-19-1024x625.png\",\"contentUrl\":\"https:\/\/welcome-to-times-square.com\/wp-content\/uploads\/2022\/05\/Resources-guidance-and-information-on-covid-19-1024x625.png\"},{\"@type\":\"BreadcrumbList\",\"@id\":\"https:\/\/welcome-to-times-square.com\/fr\/resources-guidance-and-information-on-covid-19\/#breadcrumb\",\"itemListElement\":[{\"@type\":\"ListItem\",\"position\":1,\"name\":\"Home\",\"item\":\"https:\/\/welcome-to-times-square.com\/fr\/\"},{\"@type\":\"ListItem\",\"position\":2,\"name\":\"Ressources, conseils et informations sur le covid 19\"}]},{\"@type\":\"WebSite\",\"@id\":\"https:\/\/welcome-to-times-square.com\/fr\/#website\",\"url\":\"https:\/\/welcome-to-times-square.com\/fr\/\",\"name\":\"times-square\",\"description\":\"times-square\",\"publisher\":{\"@id\":\"https:\/\/welcome-to-times-square.com\/fr\/#organization\"},\"potentialAction\":[{\"@type\":\"SearchAction\",\"target\":{\"@type\":\"EntryPoint\",\"urlTemplate\":\"https:\/\/welcome-to-times-square.com\/fr\/?s={search_term_string}\"},\"query-input\":{\"@type\":\"PropertyValueSpecification\",\"valueRequired\":true,\"valueName\":\"search_term_string\"}}],\"inLanguage\":\"fr-FR\"},{\"@type\":\"Organization\",\"@id\":\"https:\/\/welcome-to-times-square.com\/fr\/#organization\",\"name\":\"times-square\",\"url\":\"https:\/\/welcome-to-times-square.com\/fr\/\",\"logo\":{\"@type\":\"ImageObject\",\"inLanguage\":\"fr-FR\",\"@id\":\"https:\/\/welcome-to-times-square.com\/fr\/#\/schema\/logo\/image\/\",\"url\":\"https:\/\/welcome-to-times-square.com\/wp-content\/uploads\/2024\/03\/welcome-to-time-square-logo-with-r.png\",\"contentUrl\":\"https:\/\/welcome-to-times-square.com\/wp-content\/uploads\/2024\/03\/welcome-to-time-square-logo-with-r.png\",\"width\":500,\"height\":342,\"caption\":\"times-square\"},\"image\":{\"@id\":\"https:\/\/welcome-to-times-square.com\/fr\/#\/schema\/logo\/image\/\"}}]}<\/script>\n<!-- \/ Yoast SEO plugin. -->","yoast_head_json":{"title":"Ressources, conseils et informations sur le covid 19 - times-square","robots":{"index":"index","follow":"follow","max-snippet":"max-snippet:-1","max-image-preview":"max-image-preview:large","max-video-preview":"max-video-preview:-1"},"canonical":"https:\/\/welcome-to-times-square.com\/fr\/resources-guidance-and-information-on-covid-19\/","og_locale":"fr_FR","og_type":"article","og_title":"Ressources, conseils et informations sur le covid 19 - times-square","og_description":"Ressources, conseils et informations sur le covid 19 Ressources, conseils et informations sur la COVID-19. Les vaccins sont un outil essentiel pour assurer votre protection et celle de votre communaut\u00e9 contre les formes graves de la COVID-19, l&rsquo;hospitalisation et la mort. Ils se sont av\u00e9r\u00e9s s\u00fbrs et prot\u00e8gent actuellement des millions de New-Yorkais vaccin\u00e9s contre [...]read moreRessources, conseils et informations sur le covid 19","og_url":"https:\/\/welcome-to-times-square.com\/fr\/resources-guidance-and-information-on-covid-19\/","og_site_name":"times-square","article_modified_time":"2025-01-17T11:40:34+00:00","og_image":[{"width":1024,"height":625,"url":"https:\/\/welcome-to-times-square.com\/wp-content\/uploads\/2022\/05\/Resources-guidance-and-information-on-covid-19-1024x625.png","type":"image\/png"}],"twitter_card":"summary_large_image","twitter_misc":{"Dur\u00e9e de lecture estim\u00e9e":"4 minutes"},"schema":{"@context":"https:\/\/schema.org","@graph":[{"@type":"WebPage","@id":"https:\/\/welcome-to-times-square.com\/fr\/resources-guidance-and-information-on-covid-19\/","url":"https:\/\/welcome-to-times-square.com\/fr\/resources-guidance-and-information-on-covid-19\/","name":"Ressources, conseils et informations sur le covid 19 - times-square","isPartOf":{"@id":"https:\/\/welcome-to-times-square.com\/fr\/#website"},"primaryImageOfPage":{"@id":"https:\/\/welcome-to-times-square.com\/fr\/resources-guidance-and-information-on-covid-19\/#primaryimage"},"image":{"@id":"https:\/\/welcome-to-times-square.com\/fr\/resources-guidance-and-information-on-covid-19\/#primaryimage"},"thumbnailUrl":"https:\/\/welcome-to-times-square.com\/wp-content\/uploads\/2022\/05\/Resources-guidance-and-information-on-covid-19-1024x625.png","datePublished":"2022-05-02T21:05:07+00:00","dateModified":"2025-01-17T11:40:34+00:00","breadcrumb":{"@id":"https:\/\/welcome-to-times-square.com\/fr\/resources-guidance-and-information-on-covid-19\/#breadcrumb"},"inLanguage":"fr-FR","potentialAction":[{"@type":"ReadAction","target":["https:\/\/welcome-to-times-square.com\/fr\/resources-guidance-and-information-on-covid-19\/"]}]},{"@type":"ImageObject","inLanguage":"fr-FR","@id":"https:\/\/welcome-to-times-square.com\/fr\/resources-guidance-and-information-on-covid-19\/#primaryimage","url":"https:\/\/welcome-to-times-square.com\/wp-content\/uploads\/2022\/05\/Resources-guidance-and-information-on-covid-19-1024x625.png","contentUrl":"https:\/\/welcome-to-times-square.com\/wp-content\/uploads\/2022\/05\/Resources-guidance-and-information-on-covid-19-1024x625.png"},{"@type":"BreadcrumbList","@id":"https:\/\/welcome-to-times-square.com\/fr\/resources-guidance-and-information-on-covid-19\/#breadcrumb","itemListElement":[{"@type":"ListItem","position":1,"name":"Home","item":"https:\/\/welcome-to-times-square.com\/fr\/"},{"@type":"ListItem","position":2,"name":"Ressources, conseils et informations sur le covid 19"}]},{"@type":"WebSite","@id":"https:\/\/welcome-to-times-square.com\/fr\/#website","url":"https:\/\/welcome-to-times-square.com\/fr\/","name":"times-square","description":"times-square","publisher":{"@id":"https:\/\/welcome-to-times-square.com\/fr\/#organization"},"potentialAction":[{"@type":"SearchAction","target":{"@type":"EntryPoint","urlTemplate":"https:\/\/welcome-to-times-square.com\/fr\/?s={search_term_string}"},"query-input":{"@type":"PropertyValueSpecification","valueRequired":true,"valueName":"search_term_string"}}],"inLanguage":"fr-FR"},{"@type":"Organization","@id":"https:\/\/welcome-to-times-square.com\/fr\/#organization","name":"times-square","url":"https:\/\/welcome-to-times-square.com\/fr\/","logo":{"@type":"ImageObject","inLanguage":"fr-FR","@id":"https:\/\/welcome-to-times-square.com\/fr\/#\/schema\/logo\/image\/","url":"https:\/\/welcome-to-times-square.com\/wp-content\/uploads\/2024\/03\/welcome-to-time-square-logo-with-r.png","contentUrl":"https:\/\/welcome-to-times-square.com\/wp-content\/uploads\/2024\/03\/welcome-to-time-square-logo-with-r.png","width":500,"height":342,"caption":"times-square"},"image":{"@id":"https:\/\/welcome-to-times-square.com\/fr\/#\/schema\/logo\/image\/"}}]}},"_hostinger_reach_plugin_has_subscription_block":false,"_hostinger_reach_plugin_is_elementor":false,"_links":{"self":[{"href":"https:\/\/welcome-to-times-square.com\/fr\/wp-json\/wp\/v2\/pages\/9022","targetHints":{"allow":["GET"]}}],"collection":[{"href":"https:\/\/welcome-to-times-square.com\/fr\/wp-json\/wp\/v2\/pages"}],"about":[{"href":"https:\/\/welcome-to-times-square.com\/fr\/wp-json\/wp\/v2\/types\/page"}],"author":[{"embeddable":true,"href":"https:\/\/welcome-to-times-square.com\/fr\/wp-json\/wp\/v2\/users\/53"}],"replies":[{"embeddable":true,"href":"https:\/\/welcome-to-times-square.com\/fr\/wp-json\/wp\/v2\/comments?post=9022"}],"version-history":[{"count":2,"href":"https:\/\/welcome-to-times-square.com\/fr\/wp-json\/wp\/v2\/pages\/9022\/revisions"}],"predecessor-version":[{"id":9030,"href":"https:\/\/welcome-to-times-square.com\/fr\/wp-json\/wp\/v2\/pages\/9022\/revisions\/9030"}],"wp:attachment":[{"href":"https:\/\/welcome-to-times-square.com\/fr\/wp-json\/wp\/v2\/media?parent=9022"}],"curies":[{"name":"wp","href":"https:\/\/api.w.org\/{rel}","templated":true}]}}