{"id":9035,"date":"2022-05-10T20:25:13","date_gmt":"2022-05-10T20:25:13","guid":{"rendered":"https:\/\/welcome-to-times-square.com\/a-taste-of-times-square\/"},"modified":"2025-01-17T11:59:05","modified_gmt":"2025-01-17T11:59:05","slug":"a-taste-of-times-square","status":"publish","type":"page","link":"https:\/\/welcome-to-times-square.com\/fr\/a-taste-of-times-square\/","title":{"rendered":"Un avant-go\u00fbt de Times Square"},"content":{"rendered":"\t\t<div data-elementor-type=\"wp-page\" data-elementor-id=\"9035\" class=\"elementor elementor-9035 elementor-2930\" data-elementor-post-type=\"page\">\n\t\t\t\t<div class=\"elementor-element elementor-element-42dac68 e-flex e-con-boxed e-con e-parent\" data-id=\"42dac68\" data-element_type=\"container\" data-e-type=\"container\" data-settings=\"{&quot;background_background&quot;:&quot;classic&quot;}\">\n\t\t\t\t\t<div class=\"e-con-inner\">\n\t\t\t\t<div class=\"elementor-element elementor-element-e940f2c elementor-widget elementor-widget-heading\" data-id=\"e940f2c\" data-element_type=\"widget\" data-e-type=\"widget\" data-widget_type=\"heading.default\">\n\t\t\t\t<div class=\"elementor-widget-container\">\n\t\t\t\t\t<h2 class=\"elementor-heading-title elementor-size-default\">Un avant-go\u00fbt de Times Square<\/h2>\t\t\t\t<\/div>\n\t\t\t\t<\/div>\n\t\t\t\t<div class=\"elementor-element elementor-element-ee2ef11 elementor-widget-divider--view-line elementor-widget elementor-widget-divider\" data-id=\"ee2ef11\" data-element_type=\"widget\" data-e-type=\"widget\" data-widget_type=\"divider.default\">\n\t\t\t\t<div class=\"elementor-widget-container\">\n\t\t\t\t\t\t\t<div class=\"elementor-divider\">\n\t\t\t<span class=\"elementor-divider-separator\">\n\t\t\t\t\t\t<\/span>\n\t\t<\/div>\n\t\t\t\t\t\t<\/div>\n\t\t\t\t<\/div>\n\t\t\t\t<div class=\"elementor-element elementor-element-ae3d1ba elementor-widget elementor-widget-text-editor\" data-id=\"ae3d1ba\" data-element_type=\"widget\" data-e-type=\"widget\" data-widget_type=\"text-editor.default\">\n\t\t\t\t<div class=\"elementor-widget-container\">\n\t\t\t\t\t\t\t\t\t<div class=\"vc_row wpb_row vc_row-fluid vc_custom_1652220524696 vc_row-has-fill\">\n<div class=\"wpb_column vc_column_container vc_col-sm-12\">\n<div class=\"vc_column-inner\">\n<div class=\"wpb_wrapper\">\n<div class=\"vc_tta-container\" data-vc-action=\"collapse\">\n<div class=\"vc_general vc_tta vc_tta-tabs vc_tta-color-grey vc_tta-style-classic vc_tta-shape-rounded vc_tta-spacing-1 vc_tta-tabs-position-top vc_tta-controls-align-left\">\n<div class=\"vc_tta-panels-container\">\n<div class=\"vc_tta-panels\">\n<div id=\"1652214017249-6e849582-de04\" class=\"vc_tta-panel vc_active\" data-vc-content=\".vc_tta-panel-body\">\n<div class=\"vc_tta-panel-body\">\n<div class=\"wpb_text_column wpb_content_element \">\n<div class=\"wpb_wrapper\">\n<p>Il y a autant de restaurants et de bars autour de Times Square qu&rsquo;il y a de gens qui se prom\u00e8nent dans ses rues. Il y a des offres gastronomiques pour tous les go\u00fbts et pour tous les \u00e2ges. Des plats les plus traditionnels et historiques aux nouveaux d\u00e9lices gastronomiques des chefs les plus innovants. Times Square vous invite \u00e0 profiter le ventre plein.   <\/p>\n<p>Taste of Times Square est l\u2019une des c\u00e9l\u00e9brations annuelles de Times Square des incroyables et merveilleux restaurants de New York, avec toute leur saveur et leur vari\u00e9t\u00e9 de plats. La COVID-19 a interrompu le festival annuel de nourriture et de musique en plein air, qui dure g\u00e9n\u00e9ralement plusieurs p\u00e2t\u00e9s de maisons, mais gr\u00e2ce aux progr\u00e8s de la science, cette ann\u00e9e, il a \u00e9t\u00e9 possible de c\u00e9l\u00e9brer et de promouvoir les entreprises locales, et en juin, les festivals reviendront. Menus sp\u00e9ciaux \u00e0 prix fixe de trois plats pour 35 $ dans les restaurants participants.  <\/p>\n<p>Taste of Times Square, les convives et les habitu\u00e9s pourront sortir et d\u00e9couvrir les meilleurs restaurants de Times Square, ils pourront go\u00fbter \u00e0 la bonne cuisine et profiter en toute confiance en sachant qu&rsquo;ils prennent toutes les mesures appropri\u00e9es pour prot\u00e9ger la sant\u00e9 et la s\u00e9curit\u00e9 des clients et du personnel. Vous pourrez m\u00eame assister \u00e0 des performances surprises entre 17h30 et 19h00 du Hell&rsquo;s Kitchen Happiness Krewe.   <\/p>\n<p>Les menus \u00e0 prix fixe Taste of Times Square seront propos\u00e9s pour les repas \u00e0 l&rsquo;int\u00e9rieur, les repas en plein air, les plats \u00e0 emporter et la livraison dans les restaurants participants concern\u00e9s.<\/p>\n<p>Go\u00fbt de Times Square, les repas en int\u00e9rieur dans les restaurants ont repris dans la ville de Times Square, d\u00e9sormais sans besoin de porter de masques ou de cartes de vaccination, les terrasses de restauration en plein air, install\u00e9es dans d&rsquo;anciennes voies de stationnement, sont devenues les lieux pr\u00e9f\u00e9r\u00e9s des New-Yorkais et des touristes.<\/p>\n<p>Pendant ce temps, la ville \u00e9tend son programme Rues ouvertes, qui ferme les routes aux v\u00e9hicules et les ouvre aux pi\u00e9tons.<\/p>\n<p>Taste of Times Square, l&rsquo;extension de ce programme, devait \u00e0 l&rsquo;origine \u00eatre un espace o\u00f9 les gens pouvaient faire de l&rsquo;exercice, mais il est destin\u00e9 en partie \u00e0 augmenter la circulation pi\u00e9tonni\u00e8re le long des couloirs commerciaux en difficult\u00e9 et \u00e0 offrir aux quartiers \u00e0 faible revenu des opportunit\u00e9s similaires \u00e0 celles des enclaves plus riches et plus en vue.<\/p>\n<p>Les restaurants mexicains ont beaucoup \u00e0 raconter, Casa Carmen est l\u2019un des plus r\u00e9cents de la ville et l\u2019h\u00e9ritage culinaire de Carmen \u00ab Titita \u00bb Ram\u00edrez Degollado est \u00e0 l\u2019avant-garde pour continuer \u00e0 diffuser cette grande culture gastronomique.<\/p>\n<p>Go\u00fbt de Times Square, la pizza est tr\u00e8s importante pour les New-Yorkais, certaines des pizzerias les plus remarquables recommand\u00e9es par les clients sont : Capizzi, Uncle Paul\u2019s Pizza NY, Lombardi\u2019s Pizza, Juliana\u2019s Pizza, Kest\u00e9 Pizza &amp; Vino, John\u2019s of Bleecker Street, Grimaldi\u2019s, entre autres.<\/p>\n<p>Les pizzerias de Taste of Times Square, \u00e0 New York, sont r\u00e9put\u00e9es pour leur grande vari\u00e9t\u00e9 de go\u00fbts de pizza. Vous pouvez en trouver de la plus simple \u00e0 la plus exotique. Il y a de la mozzarella, du pepperoni, de la ricotta, du poulet et du cheddar, du poulet \u00e0 la sauce Buffalo, de l&rsquo;oignon, des lasagnes, du barbecue, des \u00e9pinards, de l&rsquo;ananas, du bacon, des aubergines, de la napolitaine, entre autres vari\u00e9t\u00e9s. Et il y a aussi des options v\u00e9g\u00e9taliennes.   <\/p>\n<p>Le Hard Rock Caf\u00e9, un avant-go\u00fbt de Times Square, est situ\u00e9 dans le centre-ville de New York et au c\u0153ur de Times Square. Le Hard Rock Caf\u00e9 de New York ravira vos sens avec des plats et des boissons all\u00e9chants et une impressionnante collection de souvenirs musicaux. Times Square, \u00e9galement appel\u00e9 \u00ab Le carrefour du monde \u00bb, abrite le New Year\u2019s Eve Ball Drop, le Broadway Theatre. <\/p>\n<p>Saveur de Times Square, le Skylark ne peut manquer dans la liste des meilleurs rooftop-bars de Times Square. Il est divis\u00e9 comme suit : l&rsquo;\u00e9tage sup\u00e9rieur est la terrasse sur le toit et les deux autres \u00e9tages forment le salon. Sa d\u00e9coration est incroyable et vous comprendrez pourquoi il vaut la peine de visiter chacun des trois niveaux une fois par an. Sur chacun des trois niveaux, vous profiterez d&rsquo;une vue magnifique sur la ville.   <\/p>\n<p>Go\u00fbt de Times Square, le CATCH Roof est devenu une destination r\u00e9guli\u00e8re pour de nombreux New-Yorkais \u00e0 la recherche d&rsquo;un endroit agr\u00e9able et calme pour d\u00e9guster de la bonne nourriture et un cocktail, \u00e9chappant aux bars sur les toits bond\u00e9s du centre-ville. Comme vous pouvez le constater, le site pr\u00e9sente l&rsquo;\u00e9quilibre id\u00e9al entre \u00e9l\u00e9gance et modernit\u00e9, avec une touche industrielle actuelle tr\u00e8s en phase avec Meatpacking. Le lieu comprend un bar sur le toit avec vue sur les toits de Manhattan, une salle int\u00e9rieure pour les mois les plus froids de l&rsquo;hiver rigoureux et un beau et riche restaurant, parfait pour une soir\u00e9e romantique. De plus, la nuit, il est courant de trouver des DJ qui jouent de la musique live. \u00c0 notre avis, sans aucun doute une combinaison gagnante.    <\/p>\n<\/div>\n<\/div>\n<\/div>\n<\/div>\n<\/div>\n<\/div>\n<\/div>\n<\/div>\n<\/div>\n<\/div>\n<\/div>\n<\/div>\n\t\t\t\t\t\t\t\t<\/div>\n\t\t\t\t<\/div>\n\t\t\t\t<div class=\"elementor-element elementor-element-7eff627 elementor-widget-divider--view-line elementor-widget elementor-widget-divider\" data-id=\"7eff627\" data-element_type=\"widget\" data-e-type=\"widget\" data-widget_type=\"divider.default\">\n\t\t\t\t<div class=\"elementor-widget-container\">\n\t\t\t\t\t\t\t<div class=\"elementor-divider\">\n\t\t\t<span class=\"elementor-divider-separator\">\n\t\t\t\t\t\t<\/span>\n\t\t<\/div>\n\t\t\t\t\t\t<\/div>\n\t\t\t\t<\/div>\n\t\t\t\t<div class=\"elementor-element elementor-element-7323ed4 elementor-widget elementor-widget-text-editor\" data-id=\"7323ed4\" data-element_type=\"widget\" data-e-type=\"widget\" data-widget_type=\"text-editor.default\">\n\t\t\t\t<div class=\"elementor-widget-container\">\n\t\t\t\t\t\t\t\t\t<p><strong>Pour figurer sur notre panneau d&rsquo;affichage \u00e0 Times Square, veuillez consulter notre section CONTACT.<\/strong><\/p>\n<p>Voici comment cela fonctionne :<\/p>\n<p>Qu&rsquo;il s&rsquo;agisse d&rsquo;un anniversaire, d&rsquo;une demande en mariage, d&rsquo;un anniversaire ou d&rsquo;une simple d\u00e9claration d&rsquo;amour, nous avons tout pr\u00e9vu. Ne soyez pas un visage dans la foule ! <br \/>Affichez votre photo ou votre vid\u00e9o sur notre panneau d&rsquo;affichage \u00e0 Times Square !<\/p>\n<p>Option 1 : Votre vid\u00e9o\/photo de 60 secondes sera affich\u00e9e 22 fois par jour.<br \/>Option 2 : Votre vid\u00e9o\/photo de 30 secondes sera affich\u00e9e 44 fois par jour<br \/>Option 3 : Votre vid\u00e9o\/photo de 15 secondes sera affich\u00e9e 88 fois par jour.<\/p>\n<p>Notre panneau d&rsquo;affichage mesure 31 pieds x 55 pieds et est situ\u00e9 au 1560 Broadway (\u00e0 l&rsquo;angle de Broadway et de la 46e rue, juste au-dessus du magasin Pel\u00e9).<\/p>\n<p>Ne soyez pas un visage dans la foule !<\/p>\n\t\t\t\t\t\t\t\t<\/div>\n\t\t\t\t<\/div>\n\t\t\t\t\t<\/div>\n\t\t\t\t<\/div>\n\t\t\t\t<\/div>\n\t\t","protected":false},"excerpt":{"rendered":"Un avant-go\u00fbt de Times Square Il y a autant de restaurants et de bars autour de Times Square qu'il y a de gens qui se prom\u00e8nent dans ses rues. Il y a des offres gastronomiques pour tous les go\u00fbts et pour tous les \u00e2ges. Des plats les plus traditionnels et historiques aux nouveaux d\u00e9lices gastronomiques [...]<a href=\"https:\/\/welcome-to-times-square.com\/fr\/a-taste-of-times-square\/\" class=\"read-more wyz-secondary-color-text\">read more<span class=\"screen-reader-text\">Un avant-go\u00fbt de Times Square<\/span><\/a>","protected":false},"author":53,"featured_media":0,"parent":0,"menu_order":0,"comment_status":"closed","ping_status":"closed","template":"elementor_header_footer","meta":{"footnotes":""},"class_list":["post-9035","page","type-page","status-publish","hentry"],"yoast_head":"<!-- This site is optimized with the Yoast SEO plugin v27.2 - https:\/\/yoast.com\/product\/yoast-seo-wordpress\/ -->\n<title>Un avant-go\u00fbt de Times Square - times-square<\/title>\n<meta name=\"robots\" content=\"index, follow, max-snippet:-1, max-image-preview:large, max-video-preview:-1\" \/>\n<link rel=\"canonical\" href=\"https:\/\/welcome-to-times-square.com\/fr\/a-taste-of-times-square\/\" \/>\n<meta property=\"og:locale\" content=\"fr_FR\" \/>\n<meta property=\"og:type\" content=\"article\" \/>\n<meta property=\"og:title\" content=\"Un avant-go\u00fbt de Times Square - times-square\" \/>\n<meta property=\"og:description\" content=\"Un avant-go\u00fbt de Times Square Il y a autant de restaurants et de bars autour de Times Square qu&rsquo;il y a de gens qui se prom\u00e8nent dans ses rues. Il y a des offres gastronomiques pour tous les go\u00fbts et pour tous les \u00e2ges. Des plats les plus traditionnels et historiques aux nouveaux d\u00e9lices gastronomiques [...]read moreUn avant-go\u00fbt de Times Square\" \/>\n<meta property=\"og:url\" content=\"https:\/\/welcome-to-times-square.com\/fr\/a-taste-of-times-square\/\" \/>\n<meta property=\"og:site_name\" content=\"times-square\" \/>\n<meta property=\"article:modified_time\" content=\"2025-01-17T11:59:05+00:00\" \/>\n<meta name=\"twitter:card\" content=\"summary_large_image\" \/>\n<meta name=\"twitter:label1\" content=\"Dur\u00e9e de lecture estim\u00e9e\" \/>\n\t<meta name=\"twitter:data1\" content=\"4 minutes\" \/>\n<script type=\"application\/ld+json\" class=\"yoast-schema-graph\">{\"@context\":\"https:\/\/schema.org\",\"@graph\":[{\"@type\":\"WebPage\",\"@id\":\"https:\/\/welcome-to-times-square.com\/fr\/a-taste-of-times-square\/\",\"url\":\"https:\/\/welcome-to-times-square.com\/fr\/a-taste-of-times-square\/\",\"name\":\"Un avant-go\u00fbt de Times Square - times-square\",\"isPartOf\":{\"@id\":\"https:\/\/welcome-to-times-square.com\/fr\/#website\"},\"datePublished\":\"2022-05-10T20:25:13+00:00\",\"dateModified\":\"2025-01-17T11:59:05+00:00\",\"breadcrumb\":{\"@id\":\"https:\/\/welcome-to-times-square.com\/fr\/a-taste-of-times-square\/#breadcrumb\"},\"inLanguage\":\"fr-FR\",\"potentialAction\":[{\"@type\":\"ReadAction\",\"target\":[\"https:\/\/welcome-to-times-square.com\/fr\/a-taste-of-times-square\/\"]}]},{\"@type\":\"BreadcrumbList\",\"@id\":\"https:\/\/welcome-to-times-square.com\/fr\/a-taste-of-times-square\/#breadcrumb\",\"itemListElement\":[{\"@type\":\"ListItem\",\"position\":1,\"name\":\"Home\",\"item\":\"https:\/\/welcome-to-times-square.com\/fr\/\"},{\"@type\":\"ListItem\",\"position\":2,\"name\":\"Un avant-go\u00fbt de Times Square\"}]},{\"@type\":\"WebSite\",\"@id\":\"https:\/\/welcome-to-times-square.com\/fr\/#website\",\"url\":\"https:\/\/welcome-to-times-square.com\/fr\/\",\"name\":\"times-square\",\"description\":\"times-square\",\"publisher\":{\"@id\":\"https:\/\/welcome-to-times-square.com\/fr\/#organization\"},\"potentialAction\":[{\"@type\":\"SearchAction\",\"target\":{\"@type\":\"EntryPoint\",\"urlTemplate\":\"https:\/\/welcome-to-times-square.com\/fr\/?s={search_term_string}\"},\"query-input\":{\"@type\":\"PropertyValueSpecification\",\"valueRequired\":true,\"valueName\":\"search_term_string\"}}],\"inLanguage\":\"fr-FR\"},{\"@type\":\"Organization\",\"@id\":\"https:\/\/welcome-to-times-square.com\/fr\/#organization\",\"name\":\"times-square\",\"url\":\"https:\/\/welcome-to-times-square.com\/fr\/\",\"logo\":{\"@type\":\"ImageObject\",\"inLanguage\":\"fr-FR\",\"@id\":\"https:\/\/welcome-to-times-square.com\/fr\/#\/schema\/logo\/image\/\",\"url\":\"https:\/\/welcome-to-times-square.com\/wp-content\/uploads\/2024\/03\/welcome-to-time-square-logo-with-r.png\",\"contentUrl\":\"https:\/\/welcome-to-times-square.com\/wp-content\/uploads\/2024\/03\/welcome-to-time-square-logo-with-r.png\",\"width\":500,\"height\":342,\"caption\":\"times-square\"},\"image\":{\"@id\":\"https:\/\/welcome-to-times-square.com\/fr\/#\/schema\/logo\/image\/\"}}]}<\/script>\n<!-- \/ Yoast SEO plugin. -->","yoast_head_json":{"title":"Un avant-go\u00fbt de Times Square - times-square","robots":{"index":"index","follow":"follow","max-snippet":"max-snippet:-1","max-image-preview":"max-image-preview:large","max-video-preview":"max-video-preview:-1"},"canonical":"https:\/\/welcome-to-times-square.com\/fr\/a-taste-of-times-square\/","og_locale":"fr_FR","og_type":"article","og_title":"Un avant-go\u00fbt de Times Square - times-square","og_description":"Un avant-go\u00fbt de Times Square Il y a autant de restaurants et de bars autour de Times Square qu&rsquo;il y a de gens qui se prom\u00e8nent dans ses rues. Il y a des offres gastronomiques pour tous les go\u00fbts et pour tous les \u00e2ges. Des plats les plus traditionnels et historiques aux nouveaux d\u00e9lices gastronomiques [...]read moreUn avant-go\u00fbt de Times Square","og_url":"https:\/\/welcome-to-times-square.com\/fr\/a-taste-of-times-square\/","og_site_name":"times-square","article_modified_time":"2025-01-17T11:59:05+00:00","twitter_card":"summary_large_image","twitter_misc":{"Dur\u00e9e de lecture estim\u00e9e":"4 minutes"},"schema":{"@context":"https:\/\/schema.org","@graph":[{"@type":"WebPage","@id":"https:\/\/welcome-to-times-square.com\/fr\/a-taste-of-times-square\/","url":"https:\/\/welcome-to-times-square.com\/fr\/a-taste-of-times-square\/","name":"Un avant-go\u00fbt de Times Square - times-square","isPartOf":{"@id":"https:\/\/welcome-to-times-square.com\/fr\/#website"},"datePublished":"2022-05-10T20:25:13+00:00","dateModified":"2025-01-17T11:59:05+00:00","breadcrumb":{"@id":"https:\/\/welcome-to-times-square.com\/fr\/a-taste-of-times-square\/#breadcrumb"},"inLanguage":"fr-FR","potentialAction":[{"@type":"ReadAction","target":["https:\/\/welcome-to-times-square.com\/fr\/a-taste-of-times-square\/"]}]},{"@type":"BreadcrumbList","@id":"https:\/\/welcome-to-times-square.com\/fr\/a-taste-of-times-square\/#breadcrumb","itemListElement":[{"@type":"ListItem","position":1,"name":"Home","item":"https:\/\/welcome-to-times-square.com\/fr\/"},{"@type":"ListItem","position":2,"name":"Un avant-go\u00fbt de Times Square"}]},{"@type":"WebSite","@id":"https:\/\/welcome-to-times-square.com\/fr\/#website","url":"https:\/\/welcome-to-times-square.com\/fr\/","name":"times-square","description":"times-square","publisher":{"@id":"https:\/\/welcome-to-times-square.com\/fr\/#organization"},"potentialAction":[{"@type":"SearchAction","target":{"@type":"EntryPoint","urlTemplate":"https:\/\/welcome-to-times-square.com\/fr\/?s={search_term_string}"},"query-input":{"@type":"PropertyValueSpecification","valueRequired":true,"valueName":"search_term_string"}}],"inLanguage":"fr-FR"},{"@type":"Organization","@id":"https:\/\/welcome-to-times-square.com\/fr\/#organization","name":"times-square","url":"https:\/\/welcome-to-times-square.com\/fr\/","logo":{"@type":"ImageObject","inLanguage":"fr-FR","@id":"https:\/\/welcome-to-times-square.com\/fr\/#\/schema\/logo\/image\/","url":"https:\/\/welcome-to-times-square.com\/wp-content\/uploads\/2024\/03\/welcome-to-time-square-logo-with-r.png","contentUrl":"https:\/\/welcome-to-times-square.com\/wp-content\/uploads\/2024\/03\/welcome-to-time-square-logo-with-r.png","width":500,"height":342,"caption":"times-square"},"image":{"@id":"https:\/\/welcome-to-times-square.com\/fr\/#\/schema\/logo\/image\/"}}]}},"_hostinger_reach_plugin_has_subscription_block":false,"_hostinger_reach_plugin_is_elementor":false,"_links":{"self":[{"href":"https:\/\/welcome-to-times-square.com\/fr\/wp-json\/wp\/v2\/pages\/9035","targetHints":{"allow":["GET"]}}],"collection":[{"href":"https:\/\/welcome-to-times-square.com\/fr\/wp-json\/wp\/v2\/pages"}],"about":[{"href":"https:\/\/welcome-to-times-square.com\/fr\/wp-json\/wp\/v2\/types\/page"}],"author":[{"embeddable":true,"href":"https:\/\/welcome-to-times-square.com\/fr\/wp-json\/wp\/v2\/users\/53"}],"replies":[{"embeddable":true,"href":"https:\/\/welcome-to-times-square.com\/fr\/wp-json\/wp\/v2\/comments?post=9035"}],"version-history":[{"count":2,"href":"https:\/\/welcome-to-times-square.com\/fr\/wp-json\/wp\/v2\/pages\/9035\/revisions"}],"predecessor-version":[{"id":9045,"href":"https:\/\/welcome-to-times-square.com\/fr\/wp-json\/wp\/v2\/pages\/9035\/revisions\/9045"}],"wp:attachment":[{"href":"https:\/\/welcome-to-times-square.com\/fr\/wp-json\/wp\/v2\/media?parent=9035"}],"curies":[{"name":"wp","href":"https:\/\/api.w.org\/{rel}","templated":true}]}}