{"id":9048,"date":"2022-05-02T21:18:28","date_gmt":"2022-05-02T21:18:28","guid":{"rendered":"https:\/\/welcome-to-times-square.com\/history-of-times-square\/"},"modified":"2025-09-12T14:04:09","modified_gmt":"2025-09-12T14:04:09","slug":"history-of-times-square","status":"publish","type":"page","link":"https:\/\/welcome-to-times-square.com\/fr\/history-of-times-square\/","title":{"rendered":"Histoire de Times Square"},"content":{"rendered":"\t\t<div data-elementor-type=\"wp-page\" data-elementor-id=\"9048\" class=\"elementor elementor-9048 elementor-2884\" data-elementor-post-type=\"page\">\n\t\t\t\t<div class=\"elementor-element elementor-element-67403a9 e-flex e-con-boxed e-con e-parent\" data-id=\"67403a9\" data-element_type=\"container\" data-e-type=\"container\" data-settings=\"{&quot;background_background&quot;:&quot;classic&quot;}\">\n\t\t\t\t\t<div class=\"e-con-inner\">\n\t\t\t\t<div class=\"elementor-element elementor-element-42c7c90 elementor-widget elementor-widget-heading\" data-id=\"42c7c90\" data-element_type=\"widget\" data-e-type=\"widget\" data-widget_type=\"heading.default\">\n\t\t\t\t<div class=\"elementor-widget-container\">\n\t\t\t\t\t<h2 class=\"elementor-heading-title elementor-size-default\">Histoire de Times Square<\/h2>\t\t\t\t<\/div>\n\t\t\t\t<\/div>\n\t\t\t\t<div class=\"elementor-element elementor-element-3b04843 elementor-widget-divider--view-line elementor-widget elementor-widget-divider\" data-id=\"3b04843\" data-element_type=\"widget\" data-e-type=\"widget\" data-widget_type=\"divider.default\">\n\t\t\t\t<div class=\"elementor-widget-container\">\n\t\t\t\t\t\t\t<div class=\"elementor-divider\">\n\t\t\t<span class=\"elementor-divider-separator\">\n\t\t\t\t\t\t<\/span>\n\t\t<\/div>\n\t\t\t\t\t\t<\/div>\n\t\t\t\t<\/div>\n\t\t\t\t<div class=\"elementor-element elementor-element-2dc70aa elementor-widget elementor-widget-text-editor\" data-id=\"2dc70aa\" data-element_type=\"widget\" data-e-type=\"widget\" data-widget_type=\"text-editor.default\">\n\t\t\t\t<div class=\"elementor-widget-container\">\n\t\t\t\t\t\t\t\t\t<div class=\"vc_row wpb_row vc_row-fluid vc_custom_1652220116103 vc_row-has-fill\"><div class=\"wpb_column vc_column_container vc_col-sm-12\"><div class=\"vc_column-inner\"><div class=\"wpb_wrapper\"><div class=\"vc_tta-container\" data-vc-action=\"collapse\"><div class=\"vc_general vc_tta vc_tta-tabs vc_tta-color-grey vc_tta-style-classic vc_tta-shape-rounded vc_tta-spacing-1 vc_tta-tabs-position-top vc_tta-controls-align-left\"><div class=\"vc_tta-panels-container\"><div class=\"vc_tta-panels\"><div id=\"1651526556988-7f2d79f0-76fe\" class=\"vc_tta-panel vc_active\" data-vc-content=\".vc_tta-panel-body\"><div class=\"vc_tta-panel-body\"><div class=\"wpb_text_column wpb_content_element \"><div class=\"wpb_wrapper\"><p>\u00c0 l&rsquo;origine, ce lieu \u00e9tait connu sous le nom de Long Acre Square, mais il a \u00e9t\u00e9 rebaptis\u00e9 Times Square apr\u00e8s avoir \u00e9t\u00e9 situ\u00e9 en 1904, \u00e0 l&rsquo;intersection de la 42e rue, les bureaux du New York Times. En 1913, les bureaux du journal ont d\u00e9m\u00e9nag\u00e9 au 229 de la 43e rue, et le b\u00e2timent a \u00e9t\u00e9 rebaptis\u00e9 1 Times Square en 1961. <\/p><p>Histoire de Times Square, au d\u00e9but du XXe si\u00e8cle, Times Square est devenu l&rsquo;un des lieux les plus importants de la ville de New York, avec la construction de th\u00e9\u00e2tres, de restaurants et d&rsquo;h\u00f4tels de luxe et de premi\u00e8re classe. Le site a commenc\u00e9 \u00e0 changer dans les ann\u00e9es 30 o\u00f9 il est devenu un lieu dangereux avec la prostitution, le crime et la drogue, et cela a dur\u00e9 plus d&rsquo;un demi-si\u00e8cle. <\/p><p>Histoire de Times Square Dans les ann\u00e9es 1980, les <a href=\"https:\/\/www.britannica.com\/biography\/Ed-Koch\">maires Ed Koch<\/a> et <a href=\"https:\/\/www.britannica.com\/biography\/David-Dinkins\">David Dinkins<\/a> ont lanc\u00e9 un projet de r\u00e9am\u00e9nagement du centre de Manhattan qui incluait Times Square. Dans les ann\u00e9es 1990, le maire Rudolph Giuliani s&rsquo;est attaqu\u00e9 au projet de nettoyage de la zone en fermant les cin\u00e9mas pornographiques et les sex-shops et en achetant les neuf th\u00e9\u00e2tres historiques de la 42e rue par l&rsquo;<a href=\"https:\/\/en.wikipedia.org\/wiki\/New_York_(state)\">\u00c9tat de New York<\/a>. Times Square est situ\u00e9 entre la 7e avenue et Broadway, et les 42e et 47e rues, c&rsquo;est actuellement le c\u0153ur de la ville en g\u00e9n\u00e9ral et du quartier des th\u00e9\u00e2tres de New York en particulier.  <\/p><p>L&rsquo;ensemble de la zone est illumin\u00e9 de jour comme de nuit par de grandes enseignes lumineuses et d&rsquo;immenses \u00e9crans de t\u00e9l\u00e9vision, ce qui l&rsquo;a rendu c\u00e9l\u00e8bre dans le monde entier, tout comme la descente de la boule de cristal chaque 31 d\u00e9cembre du haut du 1 Times Square annon\u00e7ant la nouvelle ann\u00e9e. Jusqu&rsquo;\u00e0 deux millions de personnes se sont rassembl\u00e9es \u00e0 Times Square pour f\u00eater l&rsquo;an 2000 avec la descente de la Millennial Crystal Ball de Waterford, une \u00e9norme boule de cristal Swarovski fabriqu\u00e9e sp\u00e9cialement pour cet \u00e9v\u00e9nement. <\/p><p>L&rsquo;extr\u00e9mit\u00e9 nord de la place, entre les 46e et 47e rues, est connue sous le nom de Duffy Square en l&rsquo;honneur du p\u00e8re Francis P. Duffy, aum\u00f4nier du <a href=\"https:\/\/en.wikipedia.org\/wiki\/69th_Infantry_Regiment_(New_York)\">New York Regiment of Infantry<\/a> pendant la Seconde Guerre mondiale. Des billets \u00e0 moiti\u00e9 prix pour des spectacles de Broadway sont disponibles le jour m\u00eame \u00e0 la billetterie TKTS, situ\u00e9e au centre de Duffy Square. Les guichets, r\u00e9nov\u00e9s en 2008, sont couverts sur leur toit par de larges marches en forme d&rsquo;escalier qui permettent aux visiteurs de s&rsquo;asseoir ou de profiter d&rsquo;une vue panoramique.  <\/p><p>Le 25 mai 2009, le <a href=\"https:\/\/council.nyc.gov\/\">conseil municipal de New York<\/a> a temporairement ferm\u00e9 \u00e0 la circulation pi\u00e9tonne la section de Broadway qui traverse Times Square. L&rsquo;exp\u00e9rience a \u00e9t\u00e9 un grand succ\u00e8s et elle est devenue une place pi\u00e9tonne permanente o\u00f9 l&rsquo;endroit est plus agr\u00e9able avec de nouveaux bancs, chaises et tables en m\u00e9tal. <\/p><p>Times Square poss\u00e8de son propre commissariat de police, sa soci\u00e9t\u00e9 de nettoyage des rues et son office de tourisme qui poss\u00e8de toutes les informations sur la ville. C&rsquo;est aussi un petit mus\u00e9e d\u00e9di\u00e9 \u00e0 cette place importante.<\/p><p>Times Square ne serait pas reconnaissable sans ses \u00e9tonnantes enseignes lumineuses. Une image admir\u00e9e par deux millions de personnes qui passent chaque jour par cette place et par des millions d\u2019autres dans le monde qui en profitent \u00e0 travers des photographies, des peintures, du cin\u00e9ma et de la t\u00e9l\u00e9vision. Times Square a commenc\u00e9 \u00e0 se remplir de grandes publicit\u00e9s en 1916, lorsque le conseil municipal a encourag\u00e9 son installation dans cette partie de la ville. Depuis lors, nombreux sont ceux qui sont pass\u00e9s par ici, de v\u00e9ritables \u0153uvres d\u2019art. En outre, ils ont jou\u00e9 un r\u00f4le important dans le remodelage de la place pendant sa p\u00e9riode la plus d\u00e9cadente : comme mesure de pression sur les dirigeants de la ville, une nuit, leurs voisins ont \u00e9teint tous les panneaux pendant 15 minutes. La mesure a eu d\u2019excellents r\u00e9sultats et la n\u00e9gociation a \u00e9t\u00e9 men\u00e9e \u00e0 bien. Aujourd\u2019hui, une ordonnance municipale oblige les b\u00e2timents de cette zone \u00e0 abandonner leur fa\u00e7ade pour l\u2019installation de telles publicit\u00e9s.      <\/p><p>Times Square est le quartier le plus frappant de la ville et notre endroit pr\u00e9f\u00e9r\u00e9 pour chercher un logement ainsi que pour d\u00eener et prendre un verre. Cherchez ce que vous cherchez, vous le trouverez \u00e0 <a href=\"https:\/\/welcome-to-times-square.com\/fr\/\">Times Square<\/a>. <\/p><p>Les visites de Times Square se vendent rapidement, il est donc pr\u00e9f\u00e9rable d&rsquo;anticiper et d&rsquo;acheter des billets pour profiter de tout ce qui se passe dans ce lieu merveilleux.<\/p><p>Pour la premi\u00e8re fois dans l&rsquo;histoire, pour l&rsquo;\u00e9dition 2020 (pendant la pand\u00e9mie) une application de ballon a \u00e9t\u00e9 cr\u00e9\u00e9e dans le but d&rsquo;accompagner les gens pendant le 31 d\u00e9cembre et les jours pr\u00e9c\u00e9dents \u00e0 travers une exp\u00e9rience virtuelle immersive qui se d\u00e9roule dans l&rsquo;\u00e9picentre de Times Square.<\/p><\/div><\/div><\/div><\/div><\/div><\/div><\/div><\/div><\/div><\/div><\/div><\/div>\t\t\t\t\t\t\t\t<\/div>\n\t\t\t\t<\/div>\n\t\t\t\t<div class=\"elementor-element elementor-element-b316454 elementor-widget-divider--view-line elementor-widget elementor-widget-divider\" data-id=\"b316454\" data-element_type=\"widget\" data-e-type=\"widget\" data-widget_type=\"divider.default\">\n\t\t\t\t<div class=\"elementor-widget-container\">\n\t\t\t\t\t\t\t<div class=\"elementor-divider\">\n\t\t\t<span class=\"elementor-divider-separator\">\n\t\t\t\t\t\t<\/span>\n\t\t<\/div>\n\t\t\t\t\t\t<\/div>\n\t\t\t\t<\/div>\n\t\t\t\t<div class=\"elementor-element elementor-element-82959a3 elementor-widget elementor-widget-text-editor\" data-id=\"82959a3\" data-element_type=\"widget\" data-e-type=\"widget\" data-widget_type=\"text-editor.default\">\n\t\t\t\t<div class=\"elementor-widget-container\">\n\t\t\t\t\t\t\t\t\t<p><strong>Pour figurer sur notre panneau d&rsquo;affichage \u00e0 Times Square, veuillez consulter notre section CONTACT.<\/strong><\/p><p>Voici comment cela fonctionne :<\/p><p>Qu&rsquo;il s&rsquo;agisse d&rsquo;un anniversaire, d&rsquo;une demande en mariage, d&rsquo;un anniversaire ou d&rsquo;une simple d\u00e9claration d&rsquo;amour, nous avons ce qu&rsquo;il vous faut. Ne soyez pas un visage dans la foule !<br>Affichez votre photo ou votre vid\u00e9o sur notre <a href=\"https:\/\/welcome-to-times-square.com\/fr\/billboard\/\">panneau d&rsquo;affichage \u00e0 Times Square<\/a>!<\/p><p>Option 1 : Votre vid\u00e9o\/photo de 60 secondes sera affich\u00e9e 22 fois par jour.<br>Option 2 : Votre vid\u00e9o\/photo de 30 secondes sera affich\u00e9e 44 fois par jour<br>Option 3 : Votre vid\u00e9o\/photo de 15 secondes sera affich\u00e9e 88 fois par jour.<\/p><p>Notre panneau d&rsquo;affichage mesure 31 pieds x 55 pieds et est situ\u00e9 au 1560 Broadway (\u00e0 l&rsquo;angle de Broadway et de la 46e rue, juste au-dessus du magasin Pel\u00e9).<\/p><p>Ne soyez pas un visage dans la foule !<\/p>\t\t\t\t\t\t\t\t<\/div>\n\t\t\t\t<\/div>\n\t\t\t\t<div class=\"elementor-element elementor-element-02068a6 elementor-widget elementor-widget-image\" data-id=\"02068a6\" data-element_type=\"widget\" data-e-type=\"widget\" data-widget_type=\"image.default\">\n\t\t\t\t<div class=\"elementor-widget-container\">\n\t\t\t\t\t\t\t\t\t\t\t\t\t\t\t<img fetchpriority=\"high\" decoding=\"async\" width=\"1024\" height=\"645\" src=\"https:\/\/welcome-to-times-square.com\/wp-content\/uploads\/2022\/04\/shopping-1024x645.png\" class=\"attachment-large size-large wp-image-6162\" alt=\"\" srcset=\"https:\/\/welcome-to-times-square.com\/wp-content\/uploads\/2022\/04\/shopping-1024x645.png 1024w, https:\/\/welcome-to-times-square.com\/wp-content\/uploads\/2022\/04\/shopping-600x378.png 600w, https:\/\/welcome-to-times-square.com\/wp-content\/uploads\/2022\/04\/shopping-300x189.png 300w, https:\/\/welcome-to-times-square.com\/wp-content\/uploads\/2022\/04\/shopping-768x484.png 768w, https:\/\/welcome-to-times-square.com\/wp-content\/uploads\/2022\/04\/shopping.png 1302w\" sizes=\"(max-width: 1024px) 100vw, 1024px\" \/>\t\t\t\t\t\t\t\t\t\t\t\t\t\t\t<\/div>\n\t\t\t\t<\/div>\n\t\t\t\t\t<\/div>\n\t\t\t\t<\/div>\n\t\t\t\t<\/div>\n\t\t","protected":false},"excerpt":{"rendered":"Histoire de Times Square \u00c0 l'origine, ce lieu \u00e9tait connu sous le nom de Long Acre Square, mais il a \u00e9t\u00e9 rebaptis\u00e9 Times Square apr\u00e8s avoir \u00e9t\u00e9 situ\u00e9 en 1904, \u00e0 l'intersection de la 42e rue, les bureaux du New York Times. En 1913, les bureaux du journal ont d\u00e9m\u00e9nag\u00e9 au 229 de la 43e [...]<a href=\"https:\/\/welcome-to-times-square.com\/fr\/history-of-times-square\/\" class=\"read-more wyz-secondary-color-text\">read more<span class=\"screen-reader-text\">Histoire de Times Square<\/span><\/a>","protected":false},"author":53,"featured_media":0,"parent":0,"menu_order":0,"comment_status":"closed","ping_status":"closed","template":"elementor_header_footer","meta":{"footnotes":""},"class_list":["post-9048","page","type-page","status-publish","hentry"],"yoast_head":"<!-- This site is optimized with the Yoast SEO plugin v27.2 - https:\/\/yoast.com\/product\/yoast-seo-wordpress\/ -->\n<title>Histoire de Times Square - times-square<\/title>\n<meta name=\"robots\" content=\"index, follow, max-snippet:-1, max-image-preview:large, max-video-preview:-1\" \/>\n<link rel=\"canonical\" href=\"https:\/\/welcome-to-times-square.com\/fr\/history-of-times-square\/\" \/>\n<meta property=\"og:locale\" content=\"fr_FR\" \/>\n<meta property=\"og:type\" content=\"article\" \/>\n<meta property=\"og:title\" content=\"Histoire de Times Square - times-square\" \/>\n<meta property=\"og:description\" content=\"Histoire de Times Square \u00c0 l&rsquo;origine, ce lieu \u00e9tait connu sous le nom de Long Acre Square, mais il a \u00e9t\u00e9 rebaptis\u00e9 Times Square apr\u00e8s avoir \u00e9t\u00e9 situ\u00e9 en 1904, \u00e0 l&rsquo;intersection de la 42e rue, les bureaux du New York Times. En 1913, les bureaux du journal ont d\u00e9m\u00e9nag\u00e9 au 229 de la 43e [...]read moreHistoire de Times Square\" \/>\n<meta property=\"og:url\" content=\"https:\/\/welcome-to-times-square.com\/fr\/history-of-times-square\/\" \/>\n<meta property=\"og:site_name\" content=\"times-square\" \/>\n<meta property=\"article:modified_time\" content=\"2025-09-12T14:04:09+00:00\" \/>\n<meta property=\"og:image\" content=\"https:\/\/welcome-to-times-square.com\/wp-content\/uploads\/2022\/04\/shopping-1024x645.png\" \/>\n\t<meta property=\"og:image:width\" content=\"1024\" \/>\n\t<meta property=\"og:image:height\" content=\"645\" \/>\n\t<meta property=\"og:image:type\" content=\"image\/png\" \/>\n<meta name=\"twitter:card\" content=\"summary_large_image\" \/>\n<meta name=\"twitter:label1\" content=\"Dur\u00e9e de lecture estim\u00e9e\" \/>\n\t<meta name=\"twitter:data1\" content=\"4 minutes\" \/>\n<script type=\"application\/ld+json\" class=\"yoast-schema-graph\">{\"@context\":\"https:\/\/schema.org\",\"@graph\":[{\"@type\":\"WebPage\",\"@id\":\"https:\/\/welcome-to-times-square.com\/fr\/history-of-times-square\/\",\"url\":\"https:\/\/welcome-to-times-square.com\/fr\/history-of-times-square\/\",\"name\":\"Histoire de Times Square - times-square\",\"isPartOf\":{\"@id\":\"https:\/\/welcome-to-times-square.com\/fr\/#website\"},\"primaryImageOfPage\":{\"@id\":\"https:\/\/welcome-to-times-square.com\/fr\/history-of-times-square\/#primaryimage\"},\"image\":{\"@id\":\"https:\/\/welcome-to-times-square.com\/fr\/history-of-times-square\/#primaryimage\"},\"thumbnailUrl\":\"https:\/\/welcome-to-times-square.com\/wp-content\/uploads\/2022\/04\/shopping-1024x645.png\",\"datePublished\":\"2022-05-02T21:18:28+00:00\",\"dateModified\":\"2025-09-12T14:04:09+00:00\",\"breadcrumb\":{\"@id\":\"https:\/\/welcome-to-times-square.com\/fr\/history-of-times-square\/#breadcrumb\"},\"inLanguage\":\"fr-FR\",\"potentialAction\":[{\"@type\":\"ReadAction\",\"target\":[\"https:\/\/welcome-to-times-square.com\/fr\/history-of-times-square\/\"]}]},{\"@type\":\"ImageObject\",\"inLanguage\":\"fr-FR\",\"@id\":\"https:\/\/welcome-to-times-square.com\/fr\/history-of-times-square\/#primaryimage\",\"url\":\"https:\/\/welcome-to-times-square.com\/wp-content\/uploads\/2022\/04\/shopping-1024x645.png\",\"contentUrl\":\"https:\/\/welcome-to-times-square.com\/wp-content\/uploads\/2022\/04\/shopping-1024x645.png\"},{\"@type\":\"BreadcrumbList\",\"@id\":\"https:\/\/welcome-to-times-square.com\/fr\/history-of-times-square\/#breadcrumb\",\"itemListElement\":[{\"@type\":\"ListItem\",\"position\":1,\"name\":\"Home\",\"item\":\"https:\/\/welcome-to-times-square.com\/fr\/\"},{\"@type\":\"ListItem\",\"position\":2,\"name\":\"Histoire de Times Square\"}]},{\"@type\":\"WebSite\",\"@id\":\"https:\/\/welcome-to-times-square.com\/fr\/#website\",\"url\":\"https:\/\/welcome-to-times-square.com\/fr\/\",\"name\":\"times-square\",\"description\":\"times-square\",\"publisher\":{\"@id\":\"https:\/\/welcome-to-times-square.com\/fr\/#organization\"},\"potentialAction\":[{\"@type\":\"SearchAction\",\"target\":{\"@type\":\"EntryPoint\",\"urlTemplate\":\"https:\/\/welcome-to-times-square.com\/fr\/?s={search_term_string}\"},\"query-input\":{\"@type\":\"PropertyValueSpecification\",\"valueRequired\":true,\"valueName\":\"search_term_string\"}}],\"inLanguage\":\"fr-FR\"},{\"@type\":\"Organization\",\"@id\":\"https:\/\/welcome-to-times-square.com\/fr\/#organization\",\"name\":\"times-square\",\"url\":\"https:\/\/welcome-to-times-square.com\/fr\/\",\"logo\":{\"@type\":\"ImageObject\",\"inLanguage\":\"fr-FR\",\"@id\":\"https:\/\/welcome-to-times-square.com\/fr\/#\/schema\/logo\/image\/\",\"url\":\"https:\/\/welcome-to-times-square.com\/wp-content\/uploads\/2024\/03\/welcome-to-time-square-logo-with-r.png\",\"contentUrl\":\"https:\/\/welcome-to-times-square.com\/wp-content\/uploads\/2024\/03\/welcome-to-time-square-logo-with-r.png\",\"width\":500,\"height\":342,\"caption\":\"times-square\"},\"image\":{\"@id\":\"https:\/\/welcome-to-times-square.com\/fr\/#\/schema\/logo\/image\/\"}}]}<\/script>\n<!-- \/ Yoast SEO plugin. -->","yoast_head_json":{"title":"Histoire de Times Square - times-square","robots":{"index":"index","follow":"follow","max-snippet":"max-snippet:-1","max-image-preview":"max-image-preview:large","max-video-preview":"max-video-preview:-1"},"canonical":"https:\/\/welcome-to-times-square.com\/fr\/history-of-times-square\/","og_locale":"fr_FR","og_type":"article","og_title":"Histoire de Times Square - times-square","og_description":"Histoire de Times Square \u00c0 l&rsquo;origine, ce lieu \u00e9tait connu sous le nom de Long Acre Square, mais il a \u00e9t\u00e9 rebaptis\u00e9 Times Square apr\u00e8s avoir \u00e9t\u00e9 situ\u00e9 en 1904, \u00e0 l&rsquo;intersection de la 42e rue, les bureaux du New York Times. En 1913, les bureaux du journal ont d\u00e9m\u00e9nag\u00e9 au 229 de la 43e [...]read moreHistoire de Times Square","og_url":"https:\/\/welcome-to-times-square.com\/fr\/history-of-times-square\/","og_site_name":"times-square","article_modified_time":"2025-09-12T14:04:09+00:00","og_image":[{"width":1024,"height":645,"url":"https:\/\/welcome-to-times-square.com\/wp-content\/uploads\/2022\/04\/shopping-1024x645.png","type":"image\/png"}],"twitter_card":"summary_large_image","twitter_misc":{"Dur\u00e9e de lecture estim\u00e9e":"4 minutes"},"schema":{"@context":"https:\/\/schema.org","@graph":[{"@type":"WebPage","@id":"https:\/\/welcome-to-times-square.com\/fr\/history-of-times-square\/","url":"https:\/\/welcome-to-times-square.com\/fr\/history-of-times-square\/","name":"Histoire de Times Square - times-square","isPartOf":{"@id":"https:\/\/welcome-to-times-square.com\/fr\/#website"},"primaryImageOfPage":{"@id":"https:\/\/welcome-to-times-square.com\/fr\/history-of-times-square\/#primaryimage"},"image":{"@id":"https:\/\/welcome-to-times-square.com\/fr\/history-of-times-square\/#primaryimage"},"thumbnailUrl":"https:\/\/welcome-to-times-square.com\/wp-content\/uploads\/2022\/04\/shopping-1024x645.png","datePublished":"2022-05-02T21:18:28+00:00","dateModified":"2025-09-12T14:04:09+00:00","breadcrumb":{"@id":"https:\/\/welcome-to-times-square.com\/fr\/history-of-times-square\/#breadcrumb"},"inLanguage":"fr-FR","potentialAction":[{"@type":"ReadAction","target":["https:\/\/welcome-to-times-square.com\/fr\/history-of-times-square\/"]}]},{"@type":"ImageObject","inLanguage":"fr-FR","@id":"https:\/\/welcome-to-times-square.com\/fr\/history-of-times-square\/#primaryimage","url":"https:\/\/welcome-to-times-square.com\/wp-content\/uploads\/2022\/04\/shopping-1024x645.png","contentUrl":"https:\/\/welcome-to-times-square.com\/wp-content\/uploads\/2022\/04\/shopping-1024x645.png"},{"@type":"BreadcrumbList","@id":"https:\/\/welcome-to-times-square.com\/fr\/history-of-times-square\/#breadcrumb","itemListElement":[{"@type":"ListItem","position":1,"name":"Home","item":"https:\/\/welcome-to-times-square.com\/fr\/"},{"@type":"ListItem","position":2,"name":"Histoire de Times Square"}]},{"@type":"WebSite","@id":"https:\/\/welcome-to-times-square.com\/fr\/#website","url":"https:\/\/welcome-to-times-square.com\/fr\/","name":"times-square","description":"times-square","publisher":{"@id":"https:\/\/welcome-to-times-square.com\/fr\/#organization"},"potentialAction":[{"@type":"SearchAction","target":{"@type":"EntryPoint","urlTemplate":"https:\/\/welcome-to-times-square.com\/fr\/?s={search_term_string}"},"query-input":{"@type":"PropertyValueSpecification","valueRequired":true,"valueName":"search_term_string"}}],"inLanguage":"fr-FR"},{"@type":"Organization","@id":"https:\/\/welcome-to-times-square.com\/fr\/#organization","name":"times-square","url":"https:\/\/welcome-to-times-square.com\/fr\/","logo":{"@type":"ImageObject","inLanguage":"fr-FR","@id":"https:\/\/welcome-to-times-square.com\/fr\/#\/schema\/logo\/image\/","url":"https:\/\/welcome-to-times-square.com\/wp-content\/uploads\/2024\/03\/welcome-to-time-square-logo-with-r.png","contentUrl":"https:\/\/welcome-to-times-square.com\/wp-content\/uploads\/2024\/03\/welcome-to-time-square-logo-with-r.png","width":500,"height":342,"caption":"times-square"},"image":{"@id":"https:\/\/welcome-to-times-square.com\/fr\/#\/schema\/logo\/image\/"}}]}},"_hostinger_reach_plugin_has_subscription_block":false,"_hostinger_reach_plugin_is_elementor":false,"_links":{"self":[{"href":"https:\/\/welcome-to-times-square.com\/fr\/wp-json\/wp\/v2\/pages\/9048","targetHints":{"allow":["GET"]}}],"collection":[{"href":"https:\/\/welcome-to-times-square.com\/fr\/wp-json\/wp\/v2\/pages"}],"about":[{"href":"https:\/\/welcome-to-times-square.com\/fr\/wp-json\/wp\/v2\/types\/page"}],"author":[{"embeddable":true,"href":"https:\/\/welcome-to-times-square.com\/fr\/wp-json\/wp\/v2\/users\/53"}],"replies":[{"embeddable":true,"href":"https:\/\/welcome-to-times-square.com\/fr\/wp-json\/wp\/v2\/comments?post=9048"}],"version-history":[{"count":3,"href":"https:\/\/welcome-to-times-square.com\/fr\/wp-json\/wp\/v2\/pages\/9048\/revisions"}],"predecessor-version":[{"id":14815,"href":"https:\/\/welcome-to-times-square.com\/fr\/wp-json\/wp\/v2\/pages\/9048\/revisions\/14815"}],"wp:attachment":[{"href":"https:\/\/welcome-to-times-square.com\/fr\/wp-json\/wp\/v2\/media?parent=9048"}],"curies":[{"name":"wp","href":"https:\/\/api.w.org\/{rel}","templated":true}]}}