{"id":9067,"date":"2022-05-02T21:12:23","date_gmt":"2022-05-02T21:12:23","guid":{"rendered":"https:\/\/welcome-to-times-square.com\/times-square-transformation\/"},"modified":"2025-01-17T12:27:12","modified_gmt":"2025-01-17T12:27:12","slug":"times-square-transformation","status":"publish","type":"page","link":"https:\/\/welcome-to-times-square.com\/fr\/times-square-transformation\/","title":{"rendered":"Transformation de Times Square"},"content":{"rendered":"\t\t<div data-elementor-type=\"wp-page\" data-elementor-id=\"9067\" class=\"elementor elementor-9067 elementor-2883\" data-elementor-post-type=\"page\">\n\t\t\t\t<div class=\"elementor-element elementor-element-754e7cb e-flex e-con-boxed e-con e-parent\" data-id=\"754e7cb\" data-element_type=\"container\" data-e-type=\"container\" data-settings=\"{&quot;background_background&quot;:&quot;classic&quot;}\">\n\t\t\t\t\t<div class=\"e-con-inner\">\n\t\t\t\t<div class=\"elementor-element elementor-element-0a58eeb elementor-widget elementor-widget-heading\" data-id=\"0a58eeb\" data-element_type=\"widget\" data-e-type=\"widget\" data-widget_type=\"heading.default\">\n\t\t\t\t<div class=\"elementor-widget-container\">\n\t\t\t\t\t<h2 class=\"elementor-heading-title elementor-size-default\">Transformation de Times Square<\/h2>\t\t\t\t<\/div>\n\t\t\t\t<\/div>\n\t\t\t\t<div class=\"elementor-element elementor-element-24e136b elementor-widget-divider--view-line elementor-widget elementor-widget-divider\" data-id=\"24e136b\" data-element_type=\"widget\" data-e-type=\"widget\" data-widget_type=\"divider.default\">\n\t\t\t\t<div class=\"elementor-widget-container\">\n\t\t\t\t\t\t\t<div class=\"elementor-divider\">\n\t\t\t<span class=\"elementor-divider-separator\">\n\t\t\t\t\t\t<\/span>\n\t\t<\/div>\n\t\t\t\t\t\t<\/div>\n\t\t\t\t<\/div>\n\t\t\t\t<div class=\"elementor-element elementor-element-3d2bc82 elementor-widget elementor-widget-text-editor\" data-id=\"3d2bc82\" data-element_type=\"widget\" data-e-type=\"widget\" data-widget_type=\"text-editor.default\">\n\t\t\t\t<div class=\"elementor-widget-container\">\n\t\t\t\t\t\t\t\t\t<div class=\"vc_row wpb_row vc_row-fluid vc_custom_1652220209371 vc_row-has-fill\">\n<div class=\"wpb_column vc_column_container vc_col-sm-12\">\n<div class=\"vc_column-inner\">\n<div class=\"wpb_wrapper\">\n<div class=\"vc_tta-container\" data-vc-action=\"collapse\">\n<div class=\"vc_general vc_tta vc_tta-tabs vc_tta-color-grey vc_tta-style-classic vc_tta-shape-rounded vc_tta-spacing-1 vc_tta-tabs-position-top vc_tta-controls-align-left\">\n<div class=\"vc_tta-panels-container\">\n<div class=\"vc_tta-panels\">\n<div id=\"1651526543987-0c06fb34-52b8\" class=\"vc_tta-panel vc_active\" data-vc-content=\".vc_tta-panel-body\">\n<div class=\"vc_tta-panel-body\">\n<div class=\"wpb_text_column wpb_content_element \">\n<div class=\"wpb_wrapper\">\n<p>La transformation de Times Square a pris fin apr\u00e8s 8 ans de travaux men\u00e9s par le cabinet d\u2019architectes Sn\u00f8hetta. Le processus a \u00e9t\u00e9 tr\u00e8s long et complexe, mais l\u2019esprit de l\u2019un des lieux les plus embl\u00e9matiques de New York a \u00e9t\u00e9 compl\u00e8tement chang\u00e9, passant d\u2019un des endroits les plus encombr\u00e9s et insupportables de la Grosse Pomme \u00e0 un espace public convivial et de rencontre. <\/p>\n<p>La transformation de Times Square, qui a ajout\u00e9 plus de 10 000 pieds carr\u00e9s d&rsquo;espace r\u00e9serv\u00e9 aux pi\u00e9tons, a \u00e9t\u00e9 enti\u00e8rement repens\u00e9e par Sn\u00f8hetta dans le segment de Broadway entre les 42e et 47e rues. Des zones de si\u00e8ges, notamment des bancs en granit, ont \u00e9t\u00e9 ajout\u00e9es, permettant aux gens de se sentir plus \u00e0 l&rsquo;aise. <\/p>\n<p>Situ\u00e9 au c\u0153ur du quartier des th\u00e9\u00e2tres de New York, le site a d\u00e9j\u00e0 eu un impact significatif sur la s\u00e9curit\u00e9 publique, l\u2019\u00e9conomie et l\u2019exp\u00e9rience des utilisateurs depuis la premi\u00e8re partie de la mise en \u0153uvre du grand plan de Sn\u00f8hetta en 2014. Selon les architectes, depuis lors, les accidents de pi\u00e9tons ont diminu\u00e9 de 40 % et les accidents de v\u00e9hicules de 20 %. Les b\u00e2timents embl\u00e9matiques de Times Square et leurs enseignes spectaculaires cr\u00e9ent un espace ext\u00e9rieur au c\u0153ur de Manhattan.  <\/p>\n<p>Le cabinet d\u2019architecture Sn\u00f8hetta a achev\u00e9 la transformation de Times Square \u00e0 New York, doublant presque la surface des zones pi\u00e9tonnes de l\u2019endroit le plus fr\u00e9quent\u00e9 des \u00c9tats-Unis. Le projet comprenait la reconfiguration urbaine et le traitement paysager de 2,1 hectares \u00e0 l\u2019intersection en \u00ab n\u0153ud papillon \u00bb entre Broadway et la 7e Avenue dans le centre de Manhattan. Avec l\u2019ouverture le 19, la transformation de Times Square, vieille de 8 ans, a \u00e9t\u00e9 officiellement d\u00e9clar\u00e9e termin\u00e9e.  <\/p>\n<p>L&rsquo;entreprise norv\u00e9gienne Sn\u00f8hetta, qui poss\u00e8de une filiale aux \u00c9tats-Unis, a redessin\u00e9 une grande partie de Broadway entre les 42e et 47e rues, cr\u00e9ant cinq places entre chacune des rues.<\/p>\n<p>La transformation de Times Square transforme radicalement 2.1 a cr\u00e9\u00e9 des espaces pour les pi\u00e9tons dans le centre de Manhattan, transformant une intersection notoirement encombr\u00e9e en un espace civique de classe mondiale. Avec des gestes de conception subtils dans le domaine public, ils int\u00e8grent des am\u00e9liorations cruciales des services publics et des infrastructures au-dessus et au-dessous du niveau du sol, tout en doublant la quantit\u00e9 d&rsquo;espace pi\u00e9tonnier sur la place. <\/p>\n<p>La conception des nouvelles places de Times Square Transformation permet aux gens de se d\u00e9placer naturellement et confortablement au c\u0153ur de Manhattan. Avec un impact tr\u00e8s positif sur la s\u00e9curit\u00e9 publique, la qualit\u00e9 de l&rsquo;air et la production \u00e9conomique, le projet est un mod\u00e8le de la fa\u00e7on dont la conception soigneusement r\u00e9fl\u00e9chie de nos paysages urbains peut am\u00e9liorer la sant\u00e9 et le bien-\u00eatre de ses utilisateurs, en offrant un espace important pour l&rsquo;activation d\u00e9mocratique. Con\u00e7ue comme un projet dont le succ\u00e8s de la transformation de Times Square se mesurerait non seulement \u00e0 sa nouvelle esth\u00e9tique mais aussi \u00e0 ses avantages physiques, psychologiques et \u00e9conomiques \u00e0 long terme pour sa communaut\u00e9 locale et mondiale, la nouvelle place de Broadway a r\u00e9invent\u00e9 Times Square en un cadre contemporain pour le spectacle de la vie publique, ravivant sa place au c\u0153ur de la ville de New York.  <\/p>\n<p>Le D\u00e9partement des transports de la ville de New York, le D\u00e9partement de la conception et de la construction, Sn\u00f8hetta et la Times Square Alliance c\u00e9l\u00e8brent l&rsquo;ach\u00e8vement de la transformation de Times Square, alors que le \u00ab carrefour du monde \u00bb r\u00e9nov\u00e9 assume son r\u00f4le de sc\u00e8ne de la vie publique et de la libert\u00e9 d&rsquo;expression.<\/p>\n<p>Avec une moyenne de plus de 45 millions de visiteurs chaque ann\u00e9e, Times Square est la destination la plus visit\u00e9e de New York et des \u00c9tats-Unis. Apr\u00e8s la fermeture de Broadway \u00e0 la circulation en 2009, le projet de Sn\u00f8hetta a permis de rendre la place pi\u00e9tonne de mani\u00e8re permanente, apr\u00e8s plusieurs d\u00e9cennies de surpopulation de l\u2019ancienne infrastructure. En outre, la proposition a \u00e9galement cr\u00e9\u00e9 un plan unifi\u00e9 d\u2019un b\u00e2timent \u00e0 l\u2019autre. Dix bancs en granit de 15 m\u00e8tres de long permettent aux pi\u00e9tons de se d\u00e9placer plus confortablement dans la zone, compl\u00e9tant l\u2019\u00e9nergie des lumi\u00e8res et l\u2019effervescence des fa\u00e7ades.   <\/p>\n<p>Depuis son ach\u00e8vement en 2016, la transformation de Times Square a doubl\u00e9 la surface pi\u00e9tonne au c\u0153ur de Manhattan. Le projet a transform\u00e9 Times Square, l\u2019un des espaces les plus encombr\u00e9s de New York, en une place publique radicalement ouverte, tout en int\u00e9grant des am\u00e9liorations cruciales aux installations et aux infrastructures \u00e9v\u00e9nementielles. \u00ab Con\u00e7ue comme la transformation de Times Square, dont le succ\u00e8s se mesurerait non seulement \u00e0 sa nouvelle esth\u00e9tique, mais aussi \u00e0 ses avantages physiques, psychologiques et \u00e9conomiques \u00e0 long terme, la r\u00e9invention de Times Square est un mod\u00e8le de la mani\u00e8re dont la conception de nos paysages urbains peut am\u00e9liorer la sant\u00e9 et le bien-\u00eatre de ses utilisateurs, tout en offrant un \u00e9l\u00e9ment important pour le rassemblement public \u00bb.  <\/p>\n<\/div>\n<\/div>\n<\/div>\n<\/div>\n<\/div>\n<\/div>\n<\/div>\n<\/div>\n<\/div>\n<\/div>\n<\/div>\n<\/div>\n\t\t\t\t\t\t\t\t<\/div>\n\t\t\t\t<\/div>\n\t\t\t\t<div class=\"elementor-element elementor-element-dd1ac98 elementor-widget-divider--view-line elementor-widget elementor-widget-divider\" data-id=\"dd1ac98\" data-element_type=\"widget\" data-e-type=\"widget\" data-widget_type=\"divider.default\">\n\t\t\t\t<div class=\"elementor-widget-container\">\n\t\t\t\t\t\t\t<div class=\"elementor-divider\">\n\t\t\t<span class=\"elementor-divider-separator\">\n\t\t\t\t\t\t<\/span>\n\t\t<\/div>\n\t\t\t\t\t\t<\/div>\n\t\t\t\t<\/div>\n\t\t\t\t<div class=\"elementor-element elementor-element-d344346 elementor-widget elementor-widget-text-editor\" data-id=\"d344346\" data-element_type=\"widget\" data-e-type=\"widget\" data-widget_type=\"text-editor.default\">\n\t\t\t\t<div class=\"elementor-widget-container\">\n\t\t\t\t\t\t\t\t\t<p><strong>Pour figurer sur notre panneau d&rsquo;affichage \u00e0 Times Square, veuillez consulter notre section CONTACT.<\/strong><\/p>\n<p>Voici comment cela fonctionne :<\/p>\n<p>Qu&rsquo;il s&rsquo;agisse d&rsquo;un anniversaire, d&rsquo;une demande en mariage, d&rsquo;un anniversaire ou d&rsquo;une simple d\u00e9claration d&rsquo;amour, nous avons tout pr\u00e9vu. Ne soyez pas un visage dans la foule ! <br \/>Affichez votre photo ou votre vid\u00e9o sur notre panneau d&rsquo;affichage \u00e0 Times Square !<\/p>\n<p>Option 1 : Votre vid\u00e9o\/photo de 60 secondes sera affich\u00e9e 22 fois par jour.<br \/>Option 2 : Votre vid\u00e9o\/photo de 30 secondes sera affich\u00e9e 44 fois par jour<br \/>Option 3 : Votre vid\u00e9o\/photo de 15 secondes sera affich\u00e9e 88 fois par jour.<\/p>\n<p>Notre panneau d&rsquo;affichage mesure 31 pieds x 55 pieds et est situ\u00e9 au 1560 Broadway (\u00e0 l&rsquo;angle de Broadway et de la 46e rue, juste au-dessus du magasin Pel\u00e9).<\/p>\n<p>Ne soyez pas un visage dans la foule !<\/p>\n\t\t\t\t\t\t\t\t<\/div>\n\t\t\t\t<\/div>\n\t\t\t\t\t<\/div>\n\t\t\t\t<\/div>\n\t\t\t\t<\/div>\n\t\t","protected":false},"excerpt":{"rendered":"Transformation de Times Square La transformation de Times Square a pris fin apr\u00e8s 8 ans de travaux men\u00e9s par le cabinet d\u2019architectes Sn\u00f8hetta. Le processus a \u00e9t\u00e9 tr\u00e8s long et complexe, mais l\u2019esprit de l\u2019un des lieux les plus embl\u00e9matiques de New York a \u00e9t\u00e9 compl\u00e8tement chang\u00e9, passant d\u2019un des endroits les plus encombr\u00e9s et [...]<a href=\"https:\/\/welcome-to-times-square.com\/fr\/times-square-transformation\/\" class=\"read-more wyz-secondary-color-text\">read more<span class=\"screen-reader-text\">Transformation de Times Square<\/span><\/a>","protected":false},"author":53,"featured_media":0,"parent":0,"menu_order":0,"comment_status":"closed","ping_status":"closed","template":"elementor_header_footer","meta":{"footnotes":""},"class_list":["post-9067","page","type-page","status-publish","hentry"],"yoast_head":"<!-- This site is optimized with the Yoast SEO plugin v27.2 - https:\/\/yoast.com\/product\/yoast-seo-wordpress\/ -->\n<title>Transformation de Times Square - times-square<\/title>\n<meta name=\"robots\" content=\"index, follow, max-snippet:-1, max-image-preview:large, max-video-preview:-1\" \/>\n<link rel=\"canonical\" href=\"https:\/\/welcome-to-times-square.com\/fr\/times-square-transformation\/\" \/>\n<meta property=\"og:locale\" content=\"fr_FR\" \/>\n<meta property=\"og:type\" content=\"article\" \/>\n<meta property=\"og:title\" content=\"Transformation de Times Square - times-square\" \/>\n<meta property=\"og:description\" content=\"Transformation de Times Square La transformation de Times Square a pris fin apr\u00e8s 8 ans de travaux men\u00e9s par le cabinet d\u2019architectes Sn\u00f8hetta. Le processus a \u00e9t\u00e9 tr\u00e8s long et complexe, mais l\u2019esprit de l\u2019un des lieux les plus embl\u00e9matiques de New York a \u00e9t\u00e9 compl\u00e8tement chang\u00e9, passant d\u2019un des endroits les plus encombr\u00e9s et [...]read moreTransformation de Times Square\" \/>\n<meta property=\"og:url\" content=\"https:\/\/welcome-to-times-square.com\/fr\/times-square-transformation\/\" \/>\n<meta property=\"og:site_name\" content=\"times-square\" \/>\n<meta property=\"article:modified_time\" content=\"2025-01-17T12:27:12+00:00\" \/>\n<meta name=\"twitter:card\" content=\"summary_large_image\" \/>\n<meta name=\"twitter:label1\" content=\"Dur\u00e9e de lecture estim\u00e9e\" \/>\n\t<meta name=\"twitter:data1\" content=\"4 minutes\" \/>\n<script type=\"application\/ld+json\" class=\"yoast-schema-graph\">{\"@context\":\"https:\/\/schema.org\",\"@graph\":[{\"@type\":\"WebPage\",\"@id\":\"https:\/\/welcome-to-times-square.com\/fr\/times-square-transformation\/\",\"url\":\"https:\/\/welcome-to-times-square.com\/fr\/times-square-transformation\/\",\"name\":\"Transformation de Times Square - times-square\",\"isPartOf\":{\"@id\":\"https:\/\/welcome-to-times-square.com\/fr\/#website\"},\"datePublished\":\"2022-05-02T21:12:23+00:00\",\"dateModified\":\"2025-01-17T12:27:12+00:00\",\"breadcrumb\":{\"@id\":\"https:\/\/welcome-to-times-square.com\/fr\/times-square-transformation\/#breadcrumb\"},\"inLanguage\":\"fr-FR\",\"potentialAction\":[{\"@type\":\"ReadAction\",\"target\":[\"https:\/\/welcome-to-times-square.com\/fr\/times-square-transformation\/\"]}]},{\"@type\":\"BreadcrumbList\",\"@id\":\"https:\/\/welcome-to-times-square.com\/fr\/times-square-transformation\/#breadcrumb\",\"itemListElement\":[{\"@type\":\"ListItem\",\"position\":1,\"name\":\"Home\",\"item\":\"https:\/\/welcome-to-times-square.com\/fr\/\"},{\"@type\":\"ListItem\",\"position\":2,\"name\":\"Transformation de Times Square\"}]},{\"@type\":\"WebSite\",\"@id\":\"https:\/\/welcome-to-times-square.com\/fr\/#website\",\"url\":\"https:\/\/welcome-to-times-square.com\/fr\/\",\"name\":\"times-square\",\"description\":\"times-square\",\"publisher\":{\"@id\":\"https:\/\/welcome-to-times-square.com\/fr\/#organization\"},\"potentialAction\":[{\"@type\":\"SearchAction\",\"target\":{\"@type\":\"EntryPoint\",\"urlTemplate\":\"https:\/\/welcome-to-times-square.com\/fr\/?s={search_term_string}\"},\"query-input\":{\"@type\":\"PropertyValueSpecification\",\"valueRequired\":true,\"valueName\":\"search_term_string\"}}],\"inLanguage\":\"fr-FR\"},{\"@type\":\"Organization\",\"@id\":\"https:\/\/welcome-to-times-square.com\/fr\/#organization\",\"name\":\"times-square\",\"url\":\"https:\/\/welcome-to-times-square.com\/fr\/\",\"logo\":{\"@type\":\"ImageObject\",\"inLanguage\":\"fr-FR\",\"@id\":\"https:\/\/welcome-to-times-square.com\/fr\/#\/schema\/logo\/image\/\",\"url\":\"https:\/\/welcome-to-times-square.com\/wp-content\/uploads\/2024\/03\/welcome-to-time-square-logo-with-r.png\",\"contentUrl\":\"https:\/\/welcome-to-times-square.com\/wp-content\/uploads\/2024\/03\/welcome-to-time-square-logo-with-r.png\",\"width\":500,\"height\":342,\"caption\":\"times-square\"},\"image\":{\"@id\":\"https:\/\/welcome-to-times-square.com\/fr\/#\/schema\/logo\/image\/\"}}]}<\/script>\n<!-- \/ Yoast SEO plugin. -->","yoast_head_json":{"title":"Transformation de Times Square - times-square","robots":{"index":"index","follow":"follow","max-snippet":"max-snippet:-1","max-image-preview":"max-image-preview:large","max-video-preview":"max-video-preview:-1"},"canonical":"https:\/\/welcome-to-times-square.com\/fr\/times-square-transformation\/","og_locale":"fr_FR","og_type":"article","og_title":"Transformation de Times Square - times-square","og_description":"Transformation de Times Square La transformation de Times Square a pris fin apr\u00e8s 8 ans de travaux men\u00e9s par le cabinet d\u2019architectes Sn\u00f8hetta. Le processus a \u00e9t\u00e9 tr\u00e8s long et complexe, mais l\u2019esprit de l\u2019un des lieux les plus embl\u00e9matiques de New York a \u00e9t\u00e9 compl\u00e8tement chang\u00e9, passant d\u2019un des endroits les plus encombr\u00e9s et [...]read moreTransformation de Times Square","og_url":"https:\/\/welcome-to-times-square.com\/fr\/times-square-transformation\/","og_site_name":"times-square","article_modified_time":"2025-01-17T12:27:12+00:00","twitter_card":"summary_large_image","twitter_misc":{"Dur\u00e9e de lecture estim\u00e9e":"4 minutes"},"schema":{"@context":"https:\/\/schema.org","@graph":[{"@type":"WebPage","@id":"https:\/\/welcome-to-times-square.com\/fr\/times-square-transformation\/","url":"https:\/\/welcome-to-times-square.com\/fr\/times-square-transformation\/","name":"Transformation de Times Square - times-square","isPartOf":{"@id":"https:\/\/welcome-to-times-square.com\/fr\/#website"},"datePublished":"2022-05-02T21:12:23+00:00","dateModified":"2025-01-17T12:27:12+00:00","breadcrumb":{"@id":"https:\/\/welcome-to-times-square.com\/fr\/times-square-transformation\/#breadcrumb"},"inLanguage":"fr-FR","potentialAction":[{"@type":"ReadAction","target":["https:\/\/welcome-to-times-square.com\/fr\/times-square-transformation\/"]}]},{"@type":"BreadcrumbList","@id":"https:\/\/welcome-to-times-square.com\/fr\/times-square-transformation\/#breadcrumb","itemListElement":[{"@type":"ListItem","position":1,"name":"Home","item":"https:\/\/welcome-to-times-square.com\/fr\/"},{"@type":"ListItem","position":2,"name":"Transformation de Times Square"}]},{"@type":"WebSite","@id":"https:\/\/welcome-to-times-square.com\/fr\/#website","url":"https:\/\/welcome-to-times-square.com\/fr\/","name":"times-square","description":"times-square","publisher":{"@id":"https:\/\/welcome-to-times-square.com\/fr\/#organization"},"potentialAction":[{"@type":"SearchAction","target":{"@type":"EntryPoint","urlTemplate":"https:\/\/welcome-to-times-square.com\/fr\/?s={search_term_string}"},"query-input":{"@type":"PropertyValueSpecification","valueRequired":true,"valueName":"search_term_string"}}],"inLanguage":"fr-FR"},{"@type":"Organization","@id":"https:\/\/welcome-to-times-square.com\/fr\/#organization","name":"times-square","url":"https:\/\/welcome-to-times-square.com\/fr\/","logo":{"@type":"ImageObject","inLanguage":"fr-FR","@id":"https:\/\/welcome-to-times-square.com\/fr\/#\/schema\/logo\/image\/","url":"https:\/\/welcome-to-times-square.com\/wp-content\/uploads\/2024\/03\/welcome-to-time-square-logo-with-r.png","contentUrl":"https:\/\/welcome-to-times-square.com\/wp-content\/uploads\/2024\/03\/welcome-to-time-square-logo-with-r.png","width":500,"height":342,"caption":"times-square"},"image":{"@id":"https:\/\/welcome-to-times-square.com\/fr\/#\/schema\/logo\/image\/"}}]}},"_hostinger_reach_plugin_has_subscription_block":false,"_hostinger_reach_plugin_is_elementor":false,"_links":{"self":[{"href":"https:\/\/welcome-to-times-square.com\/fr\/wp-json\/wp\/v2\/pages\/9067","targetHints":{"allow":["GET"]}}],"collection":[{"href":"https:\/\/welcome-to-times-square.com\/fr\/wp-json\/wp\/v2\/pages"}],"about":[{"href":"https:\/\/welcome-to-times-square.com\/fr\/wp-json\/wp\/v2\/types\/page"}],"author":[{"embeddable":true,"href":"https:\/\/welcome-to-times-square.com\/fr\/wp-json\/wp\/v2\/users\/53"}],"replies":[{"embeddable":true,"href":"https:\/\/welcome-to-times-square.com\/fr\/wp-json\/wp\/v2\/comments?post=9067"}],"version-history":[{"count":2,"href":"https:\/\/welcome-to-times-square.com\/fr\/wp-json\/wp\/v2\/pages\/9067\/revisions"}],"predecessor-version":[{"id":9075,"href":"https:\/\/welcome-to-times-square.com\/fr\/wp-json\/wp\/v2\/pages\/9067\/revisions\/9075"}],"wp:attachment":[{"href":"https:\/\/welcome-to-times-square.com\/fr\/wp-json\/wp\/v2\/media?parent=9067"}],"curies":[{"name":"wp","href":"https:\/\/api.w.org\/{rel}","templated":true}]}}