{"id":9162,"date":"2022-05-02T21:10:06","date_gmt":"2022-05-02T21:10:06","guid":{"rendered":"https:\/\/welcome-to-times-square.com\/live-work\/"},"modified":"2025-01-17T12:59:25","modified_gmt":"2025-01-17T12:59:25","slug":"live-work","status":"publish","type":"page","link":"https:\/\/welcome-to-times-square.com\/fr\/live-work\/","title":{"rendered":"Vivre et travailler \u00e0 New York"},"content":{"rendered":"\t\t<div data-elementor-type=\"wp-page\" data-elementor-id=\"9162\" class=\"elementor elementor-9162 elementor-2882\" data-elementor-post-type=\"page\">\n\t\t\t\t<div class=\"elementor-element elementor-element-e4fa080 e-flex e-con-boxed e-con e-parent\" data-id=\"e4fa080\" data-element_type=\"container\" data-e-type=\"container\" data-settings=\"{&quot;background_background&quot;:&quot;classic&quot;}\">\n\t\t\t\t\t<div class=\"e-con-inner\">\n\t\t\t\t<div class=\"elementor-element elementor-element-6544198 elementor-widget elementor-widget-heading\" data-id=\"6544198\" data-element_type=\"widget\" data-e-type=\"widget\" data-widget_type=\"heading.default\">\n\t\t\t\t<div class=\"elementor-widget-container\">\n\t\t\t\t\t<h2 class=\"elementor-heading-title elementor-size-default\">Vivre et travailler \u00e0 New York<\/h2>\t\t\t\t<\/div>\n\t\t\t\t<\/div>\n\t\t\t\t<div class=\"elementor-element elementor-element-d8f4a4b elementor-widget-divider--view-line elementor-widget elementor-widget-divider\" data-id=\"d8f4a4b\" data-element_type=\"widget\" data-e-type=\"widget\" data-widget_type=\"divider.default\">\n\t\t\t\t<div class=\"elementor-widget-container\">\n\t\t\t\t\t\t\t<div class=\"elementor-divider\">\n\t\t\t<span class=\"elementor-divider-separator\">\n\t\t\t\t\t\t<\/span>\n\t\t<\/div>\n\t\t\t\t\t\t<\/div>\n\t\t\t\t<\/div>\n\t\t\t\t<div class=\"elementor-element elementor-element-48af05e elementor-widget elementor-widget-text-editor\" data-id=\"48af05e\" data-element_type=\"widget\" data-e-type=\"widget\" data-widget_type=\"text-editor.default\">\n\t\t\t\t<div class=\"elementor-widget-container\">\n\t\t\t\t\t\t\t\t\t<div class=\"vc_row wpb_row vc_row-fluid vc_custom_1652220423392 vc_row-has-fill\">\n<div class=\"wpb_column vc_column_container vc_col-sm-12\">\n<div class=\"vc_column-inner\">\n<div class=\"wpb_wrapper\">\n<div class=\"vc_tta-container\" data-vc-action=\"collapse\">\n<div class=\"vc_general vc_tta vc_tta-tabs vc_tta-color-grey vc_tta-style-classic vc_tta-shape-rounded vc_tta-spacing-1 vc_tta-tabs-position-top vc_tta-controls-align-left\">\n<div class=\"vc_tta-panels-container\">\n<div class=\"vc_tta-panels\">\n<div id=\"1651526539539-451fae82-432e\" class=\"vc_tta-panel vc_active\" data-vc-content=\".vc_tta-panel-body\">\n<div class=\"vc_tta-panel-body\">\n<div class=\"wpb_text_column wpb_content_element \">\n<div class=\"wpb_wrapper\">\n<p>Times Square est le centre de la ville de New York, qui capture et c\u00e9l\u00e8bre les cultures artistiques, cr\u00e9atives, populaires et diverses de la ville, o\u00f9 des millions de touristes passent en admiration devant les lumi\u00e8res LED saisissantes et abrite plus de 5 800 r\u00e9sidents, auxquels s&rsquo;ajoutent 172 000 employ\u00e9s de bureau qui font la navette. Avec une grande vari\u00e9t\u00e9 d&rsquo;options de restauration et de shopping, il y en a pour tous les go\u00fbts, offrant un ensemble unique de services. Le programme Crossroads, le programme d&rsquo;avantages gratuits d&rsquo;Alliance, vous donne un acc\u00e8s exclusif aux offres, aux \u00e9v\u00e9nements et aux informations privil\u00e9gi\u00e9es du quartier pour Live &amp; Work. Et Neighborhood Resources fournit des informations sur la fa\u00e7on d&rsquo;acc\u00e9der \u00e0 une vari\u00e9t\u00e9 de ressources de la ville et plus encore, y compris les demandes de renseignements au 311 ou les plaintes relatives \u00e0 la qualit\u00e9 de vie.   <\/p>\n<p>Pour louer un appartement \u00e0 New York, vous devez prouver que votre salaire annuel est de 40 ou 45 fois le prix de location du bien. Ils s&rsquo;assureront que vous pouvez payer le loyer en examinant votre contrat et votre fiche de paie. Ils effectuent g\u00e9n\u00e9ralement des v\u00e9rifications suppl\u00e9mentaires ou contactent des personnes qui peuvent se porter garantes pour vous. Au total, vous devrez payer trois mois d&rsquo;avance : un mois pour le d\u00e9p\u00f4t de garantie, le premier mois de loyer et le dernier.   <\/p>\n<p>Pour commencer \u00e0 chercher un appartement \u00e0 louer, le meilleur moment est entre 4 et 8 semaines avant le d\u00e9m\u00e9nagement. Des contrats d&rsquo;un an sont g\u00e9n\u00e9ralement propos\u00e9s, mais jamais plus de deux. <\/p>\n<p>Il existe diff\u00e9rentes mani\u00e8res de trouver un appartement en ville, vous pouvez vous rendre dans une agence, utiliser Google, consulter les petites annonces sur Craigslist ou r\u00e9pondre \u00e0 l\u2019un de ces panneaux \u00ab \u00e0 louer \u00bb qui se trouvent sur les fa\u00e7ades des immeubles. Les deux derni\u00e8res options sont moins restrictives et peuvent \u00eatre des alternatives plus faciles, mais attention aux arnaques. Pour des s\u00e9jours plus courts (quelques mois), vous pouvez jeter un \u0153il sur Airbnb. N\u2019oubliez pas que si vous recherchez un appartement par l\u2019interm\u00e9diaire d\u2019une agence immobili\u00e8re, vous devrez payer un mois de loyer en guise de commission pour ses services.   <\/p>\n<p>Pour vivre et travailler \u00e0 New York, vous avez besoin d&rsquo;un visa de travail ou d&rsquo;une carte verte, qui ne peut \u00eatre d\u00e9livr\u00e9e que par les autorit\u00e9s comp\u00e9tentes (dans ce cas, l&rsquo;ambassade ou le consulat des \u00c9tats-Unis dans le pays dans lequel vous r\u00e9sidez) avant de vous rendre aux \u00c9tats-Unis. Vous avez besoin d&rsquo;une entreprise bas\u00e9e aux \u00c9tats-Unis pour vous parrainer. Cela signifie que lorsque vous postulez \u00e0 un emploi dans une entreprise am\u00e9ricaine, celle-ci doit parrainer votre demande de visa \u00e0 New York. Sans sponsor, il est difficile d&rsquo;obtenir un emploi aux \u00c9tats-Unis.   <\/p>\n<p>Une autre fa\u00e7on d&rsquo;obtenir un visa qui vous permet de vivre et de travailler aux \u00c9tats-Unis est de participer \u00e0 la loterie de la carte verte. Le gouvernement am\u00e9ricain accorde 50 000 visas d&rsquo;immigrant par an. Vous pouvez \u00e9galement cr\u00e9er votre propre entreprise aux \u00c9tats-Unis, mais n&rsquo;oubliez pas que vous aurez besoin d&rsquo;un capital important pour le faire.  <\/p>\n<p>Le co\u00fbt de la vie et du travail \u00e0 New York est \u00e9lev\u00e9. La ville se caract\u00e9rise par son co\u00fbt \u00e9lev\u00e9, il peut donc \u00eatre utile de savoir approximativement combien vous d\u00e9penserez par mois. <\/p>\n<p>Un studio \u00e0 prix raisonnable vous co\u00fbtera environ 2 100 dollars par mois \u00e0 Manhattan, et un appartement d\u2019une chambre entre 2 700 et 3 000 dollars. \u00c0 Brooklyn, il est difficile de trouver un studio \u00e0 moins de 1 500 dollars. \u00c0 New York, de nombreuses personnes partagent une maison pour vivre et travailler, donc si vous utilisez cette option, vous paierez entre 800 et 1 000 dollars pour une chambre dans un appartement partag\u00e9 dans le Queens ou \u00e0 Brooklyn.  <\/p>\n<p>Au loyer, il faut ajouter les frais de gaz et d&rsquo;\u00e9lectricit\u00e9, qui s&rsquo;\u00e9l\u00e8vent g\u00e9n\u00e9ralement \u00e0 100-200 dollars par mois. Pour emm\u00e9nager en ville, il faut \u00e9galement un t\u00e9l\u00e9phone portable, et les contrats les moins chers co\u00fbtent entre 40 et 80 dollars. Si vous souhaitez \u00e9galement avoir acc\u00e8s \u00e0 Internet, il est fort probable que vous finissiez par payer environ 120 dollars par mois.  <\/p>\n<p>Une autre chose dont vous aurez certainement besoin pour vous d\u00e9placer est une MetroCard. Une carte de 30 jours vous co\u00fbtera 127 $ et vous permettra de voyager en illimit\u00e9 dans le m\u00e9tro et les bus m\u00e9tropolitains. <\/p>\n<p>Le panier de courses peut aussi \u00eatre cher, mais cela d\u00e9pend beaucoup de chaque personne et de la zone dans laquelle il est install\u00e9. \u00c0 Manhattan, les supermarch\u00e9s ont tendance \u00e0 \u00eatre chers. Parfois, un plat \u00e0 emporter peut \u00eatre moins cher que d\u2019acheter de la nourriture dans un magasin. Un plat asiatique \u00e0 emporter peut vous co\u00fbter 6 $ et vous aurez souvent de quoi manger le lendemain. Estimez que vous d\u00e9penserez environ 50 \u00e0 100 dollars par semaine et par personne pour les achats de nourriture. Ce qui n\u2019est pas inclus, c\u2019est l\u2019assurance maladie pour une raison : c\u2019est tr\u00e8s personnel. Si la personne pr\u00e9voit de rester \u00e0 New York seulement quelques mois, l\u2019assureur national peut la prendre en charge. Si la personne travaille \u00e0 New York, l\u2019entreprise qui l\u2019emploie peut contribuer au paiement de l\u2019assurance maladie, mais ce n\u2019est pas le cas de toutes. Les co\u00fbts des services m\u00e9dicaux aux \u00c9tats-Unis sont tr\u00e8s \u00e9lev\u00e9s, il faut donc s\u2019assurer qu\u2019ils sont couverts pendant votre s\u00e9jour pour en profiter sans soucis.        <\/p>\n<\/div>\n<\/div>\n<\/div>\n<\/div>\n<\/div>\n<\/div>\n<\/div>\n<\/div>\n<\/div>\n<\/div>\n<\/div>\n<\/div>\n\t\t\t\t\t\t\t\t<\/div>\n\t\t\t\t<\/div>\n\t\t\t\t<div class=\"elementor-element elementor-element-73ce83c elementor-widget-divider--view-line elementor-widget elementor-widget-divider\" data-id=\"73ce83c\" data-element_type=\"widget\" data-e-type=\"widget\" data-widget_type=\"divider.default\">\n\t\t\t\t<div class=\"elementor-widget-container\">\n\t\t\t\t\t\t\t<div class=\"elementor-divider\">\n\t\t\t<span class=\"elementor-divider-separator\">\n\t\t\t\t\t\t<\/span>\n\t\t<\/div>\n\t\t\t\t\t\t<\/div>\n\t\t\t\t<\/div>\n\t\t\t\t<div class=\"elementor-element elementor-element-adc2672 elementor-widget elementor-widget-text-editor\" data-id=\"adc2672\" data-element_type=\"widget\" data-e-type=\"widget\" data-widget_type=\"text-editor.default\">\n\t\t\t\t<div class=\"elementor-widget-container\">\n\t\t\t\t\t\t\t\t\t<p><strong>Pour figurer sur notre panneau d&rsquo;affichage \u00e0 Times Square, veuillez consulter notre section CONTACT.<\/strong><\/p>\n<p>Voici comment cela fonctionne :<\/p>\n<p>Qu&rsquo;il s&rsquo;agisse d&rsquo;un anniversaire, d&rsquo;une demande en mariage, d&rsquo;un anniversaire ou d&rsquo;une simple d\u00e9claration d&rsquo;amour, nous avons tout pr\u00e9vu. Ne soyez pas un visage dans la foule ! <br \/>Affichez votre photo ou votre vid\u00e9o sur notre panneau d&rsquo;affichage \u00e0 Times Square !<\/p>\n<p>Option 1 : Votre vid\u00e9o\/photo de 60 secondes sera affich\u00e9e 22 fois par jour.<br \/>Option 2 : Votre vid\u00e9o\/photo de 30 secondes sera affich\u00e9e 44 fois par jour<br \/>Option 3 : Votre vid\u00e9o\/photo de 15 secondes sera affich\u00e9e 88 fois par jour.<\/p>\n<p>Notre panneau d&rsquo;affichage mesure 31 pieds x 55 pieds et est situ\u00e9 au 1560 Broadway (\u00e0 l&rsquo;angle de Broadway et de la 46e rue, juste au-dessus du magasin Pel\u00e9).<\/p>\n<p>Ne soyez pas un visage dans la foule !<\/p>\n\t\t\t\t\t\t\t\t<\/div>\n\t\t\t\t<\/div>\n\t\t\t\t<div class=\"elementor-element elementor-element-a267a0f elementor-widget elementor-widget-image\" data-id=\"a267a0f\" data-element_type=\"widget\" data-e-type=\"widget\" data-widget_type=\"image.default\">\n\t\t\t\t<div class=\"elementor-widget-container\">\n\t\t\t\t\t\t\t\t\t\t\t\t\t\t\t<img fetchpriority=\"high\" decoding=\"async\" width=\"1024\" height=\"613\" src=\"https:\/\/welcome-to-times-square.com\/wp-content\/uploads\/2022\/05\/Live-and-Work-in-NYC-1024x613.png\" class=\"attachment-large size-large wp-image-6237\" alt=\"\" srcset=\"https:\/\/welcome-to-times-square.com\/wp-content\/uploads\/2022\/05\/Live-and-Work-in-NYC-1024x613.png 1024w, https:\/\/welcome-to-times-square.com\/wp-content\/uploads\/2022\/05\/Live-and-Work-in-NYC-600x359.png 600w, https:\/\/welcome-to-times-square.com\/wp-content\/uploads\/2022\/05\/Live-and-Work-in-NYC-300x179.png 300w, https:\/\/welcome-to-times-square.com\/wp-content\/uploads\/2022\/05\/Live-and-Work-in-NYC-768x459.png 768w, https:\/\/welcome-to-times-square.com\/wp-content\/uploads\/2022\/05\/Live-and-Work-in-NYC-1536x919.png 1536w, https:\/\/welcome-to-times-square.com\/wp-content\/uploads\/2022\/05\/Live-and-Work-in-NYC.png 1648w\" sizes=\"(max-width: 1024px) 100vw, 1024px\" \/>\t\t\t\t\t\t\t\t\t\t\t\t\t\t\t<\/div>\n\t\t\t\t<\/div>\n\t\t\t\t\t<\/div>\n\t\t\t\t<\/div>\n\t\t\t\t<\/div>\n\t\t","protected":false},"excerpt":{"rendered":"Vivre et travailler \u00e0 New York Times Square est le centre de la ville de New York, qui capture et c\u00e9l\u00e8bre les cultures artistiques, cr\u00e9atives, populaires et diverses de la ville, o\u00f9 des millions de touristes passent en admiration devant les lumi\u00e8res LED saisissantes et abrite plus de 5 800 r\u00e9sidents, auxquels s'ajoutent 172 000 [...]<a href=\"https:\/\/welcome-to-times-square.com\/fr\/live-work\/\" class=\"read-more wyz-secondary-color-text\">read more<span class=\"screen-reader-text\">Vivre et travailler \u00e0 New York<\/span><\/a>","protected":false},"author":53,"featured_media":0,"parent":0,"menu_order":0,"comment_status":"closed","ping_status":"closed","template":"elementor_header_footer","meta":{"footnotes":""},"class_list":["post-9162","page","type-page","status-publish","hentry"],"yoast_head":"<!-- This site is optimized with the Yoast SEO plugin v27.2 - https:\/\/yoast.com\/product\/yoast-seo-wordpress\/ -->\n<title>Vivre et travailler \u00e0 New York - times-square<\/title>\n<meta name=\"robots\" content=\"index, follow, max-snippet:-1, max-image-preview:large, max-video-preview:-1\" \/>\n<link rel=\"canonical\" href=\"https:\/\/welcome-to-times-square.com\/fr\/live-work\/\" \/>\n<meta property=\"og:locale\" content=\"fr_FR\" \/>\n<meta property=\"og:type\" content=\"article\" \/>\n<meta property=\"og:title\" content=\"Vivre et travailler \u00e0 New York - times-square\" \/>\n<meta property=\"og:description\" content=\"Vivre et travailler \u00e0 New York Times Square est le centre de la ville de New York, qui capture et c\u00e9l\u00e8bre les cultures artistiques, cr\u00e9atives, populaires et diverses de la ville, o\u00f9 des millions de touristes passent en admiration devant les lumi\u00e8res LED saisissantes et abrite plus de 5 800 r\u00e9sidents, auxquels s&rsquo;ajoutent 172 000 [...]read moreVivre et travailler \u00e0 New York\" \/>\n<meta property=\"og:url\" content=\"https:\/\/welcome-to-times-square.com\/fr\/live-work\/\" \/>\n<meta property=\"og:site_name\" content=\"times-square\" \/>\n<meta property=\"article:modified_time\" content=\"2025-01-17T12:59:25+00:00\" \/>\n<meta property=\"og:image\" content=\"https:\/\/welcome-to-times-square.com\/wp-content\/uploads\/2022\/05\/Live-and-Work-in-NYC-1024x613.png\" \/>\n\t<meta property=\"og:image:width\" content=\"1024\" \/>\n\t<meta property=\"og:image:height\" content=\"613\" \/>\n\t<meta property=\"og:image:type\" content=\"image\/png\" \/>\n<meta name=\"twitter:card\" content=\"summary_large_image\" \/>\n<meta name=\"twitter:label1\" content=\"Dur\u00e9e de lecture estim\u00e9e\" \/>\n\t<meta name=\"twitter:data1\" content=\"5 minutes\" \/>\n<script type=\"application\/ld+json\" class=\"yoast-schema-graph\">{\"@context\":\"https:\/\/schema.org\",\"@graph\":[{\"@type\":\"WebPage\",\"@id\":\"https:\/\/welcome-to-times-square.com\/fr\/live-work\/\",\"url\":\"https:\/\/welcome-to-times-square.com\/fr\/live-work\/\",\"name\":\"Vivre et travailler \u00e0 New York - times-square\",\"isPartOf\":{\"@id\":\"https:\/\/welcome-to-times-square.com\/fr\/#website\"},\"primaryImageOfPage\":{\"@id\":\"https:\/\/welcome-to-times-square.com\/fr\/live-work\/#primaryimage\"},\"image\":{\"@id\":\"https:\/\/welcome-to-times-square.com\/fr\/live-work\/#primaryimage\"},\"thumbnailUrl\":\"https:\/\/welcome-to-times-square.com\/wp-content\/uploads\/2022\/05\/Live-and-Work-in-NYC-1024x613.png\",\"datePublished\":\"2022-05-02T21:10:06+00:00\",\"dateModified\":\"2025-01-17T12:59:25+00:00\",\"breadcrumb\":{\"@id\":\"https:\/\/welcome-to-times-square.com\/fr\/live-work\/#breadcrumb\"},\"inLanguage\":\"fr-FR\",\"potentialAction\":[{\"@type\":\"ReadAction\",\"target\":[\"https:\/\/welcome-to-times-square.com\/fr\/live-work\/\"]}]},{\"@type\":\"ImageObject\",\"inLanguage\":\"fr-FR\",\"@id\":\"https:\/\/welcome-to-times-square.com\/fr\/live-work\/#primaryimage\",\"url\":\"https:\/\/welcome-to-times-square.com\/wp-content\/uploads\/2022\/05\/Live-and-Work-in-NYC-1024x613.png\",\"contentUrl\":\"https:\/\/welcome-to-times-square.com\/wp-content\/uploads\/2022\/05\/Live-and-Work-in-NYC-1024x613.png\"},{\"@type\":\"BreadcrumbList\",\"@id\":\"https:\/\/welcome-to-times-square.com\/fr\/live-work\/#breadcrumb\",\"itemListElement\":[{\"@type\":\"ListItem\",\"position\":1,\"name\":\"Home\",\"item\":\"https:\/\/welcome-to-times-square.com\/fr\/\"},{\"@type\":\"ListItem\",\"position\":2,\"name\":\"Vivre et travailler \u00e0 New York\"}]},{\"@type\":\"WebSite\",\"@id\":\"https:\/\/welcome-to-times-square.com\/fr\/#website\",\"url\":\"https:\/\/welcome-to-times-square.com\/fr\/\",\"name\":\"times-square\",\"description\":\"times-square\",\"publisher\":{\"@id\":\"https:\/\/welcome-to-times-square.com\/fr\/#organization\"},\"potentialAction\":[{\"@type\":\"SearchAction\",\"target\":{\"@type\":\"EntryPoint\",\"urlTemplate\":\"https:\/\/welcome-to-times-square.com\/fr\/?s={search_term_string}\"},\"query-input\":{\"@type\":\"PropertyValueSpecification\",\"valueRequired\":true,\"valueName\":\"search_term_string\"}}],\"inLanguage\":\"fr-FR\"},{\"@type\":\"Organization\",\"@id\":\"https:\/\/welcome-to-times-square.com\/fr\/#organization\",\"name\":\"times-square\",\"url\":\"https:\/\/welcome-to-times-square.com\/fr\/\",\"logo\":{\"@type\":\"ImageObject\",\"inLanguage\":\"fr-FR\",\"@id\":\"https:\/\/welcome-to-times-square.com\/fr\/#\/schema\/logo\/image\/\",\"url\":\"https:\/\/welcome-to-times-square.com\/wp-content\/uploads\/2024\/03\/welcome-to-time-square-logo-with-r.png\",\"contentUrl\":\"https:\/\/welcome-to-times-square.com\/wp-content\/uploads\/2024\/03\/welcome-to-time-square-logo-with-r.png\",\"width\":500,\"height\":342,\"caption\":\"times-square\"},\"image\":{\"@id\":\"https:\/\/welcome-to-times-square.com\/fr\/#\/schema\/logo\/image\/\"}}]}<\/script>\n<!-- \/ Yoast SEO plugin. -->","yoast_head_json":{"title":"Vivre et travailler \u00e0 New York - times-square","robots":{"index":"index","follow":"follow","max-snippet":"max-snippet:-1","max-image-preview":"max-image-preview:large","max-video-preview":"max-video-preview:-1"},"canonical":"https:\/\/welcome-to-times-square.com\/fr\/live-work\/","og_locale":"fr_FR","og_type":"article","og_title":"Vivre et travailler \u00e0 New York - times-square","og_description":"Vivre et travailler \u00e0 New York Times Square est le centre de la ville de New York, qui capture et c\u00e9l\u00e8bre les cultures artistiques, cr\u00e9atives, populaires et diverses de la ville, o\u00f9 des millions de touristes passent en admiration devant les lumi\u00e8res LED saisissantes et abrite plus de 5 800 r\u00e9sidents, auxquels s&rsquo;ajoutent 172 000 [...]read moreVivre et travailler \u00e0 New York","og_url":"https:\/\/welcome-to-times-square.com\/fr\/live-work\/","og_site_name":"times-square","article_modified_time":"2025-01-17T12:59:25+00:00","og_image":[{"width":1024,"height":613,"url":"https:\/\/welcome-to-times-square.com\/wp-content\/uploads\/2022\/05\/Live-and-Work-in-NYC-1024x613.png","type":"image\/png"}],"twitter_card":"summary_large_image","twitter_misc":{"Dur\u00e9e de lecture estim\u00e9e":"5 minutes"},"schema":{"@context":"https:\/\/schema.org","@graph":[{"@type":"WebPage","@id":"https:\/\/welcome-to-times-square.com\/fr\/live-work\/","url":"https:\/\/welcome-to-times-square.com\/fr\/live-work\/","name":"Vivre et travailler \u00e0 New York - times-square","isPartOf":{"@id":"https:\/\/welcome-to-times-square.com\/fr\/#website"},"primaryImageOfPage":{"@id":"https:\/\/welcome-to-times-square.com\/fr\/live-work\/#primaryimage"},"image":{"@id":"https:\/\/welcome-to-times-square.com\/fr\/live-work\/#primaryimage"},"thumbnailUrl":"https:\/\/welcome-to-times-square.com\/wp-content\/uploads\/2022\/05\/Live-and-Work-in-NYC-1024x613.png","datePublished":"2022-05-02T21:10:06+00:00","dateModified":"2025-01-17T12:59:25+00:00","breadcrumb":{"@id":"https:\/\/welcome-to-times-square.com\/fr\/live-work\/#breadcrumb"},"inLanguage":"fr-FR","potentialAction":[{"@type":"ReadAction","target":["https:\/\/welcome-to-times-square.com\/fr\/live-work\/"]}]},{"@type":"ImageObject","inLanguage":"fr-FR","@id":"https:\/\/welcome-to-times-square.com\/fr\/live-work\/#primaryimage","url":"https:\/\/welcome-to-times-square.com\/wp-content\/uploads\/2022\/05\/Live-and-Work-in-NYC-1024x613.png","contentUrl":"https:\/\/welcome-to-times-square.com\/wp-content\/uploads\/2022\/05\/Live-and-Work-in-NYC-1024x613.png"},{"@type":"BreadcrumbList","@id":"https:\/\/welcome-to-times-square.com\/fr\/live-work\/#breadcrumb","itemListElement":[{"@type":"ListItem","position":1,"name":"Home","item":"https:\/\/welcome-to-times-square.com\/fr\/"},{"@type":"ListItem","position":2,"name":"Vivre et travailler \u00e0 New York"}]},{"@type":"WebSite","@id":"https:\/\/welcome-to-times-square.com\/fr\/#website","url":"https:\/\/welcome-to-times-square.com\/fr\/","name":"times-square","description":"times-square","publisher":{"@id":"https:\/\/welcome-to-times-square.com\/fr\/#organization"},"potentialAction":[{"@type":"SearchAction","target":{"@type":"EntryPoint","urlTemplate":"https:\/\/welcome-to-times-square.com\/fr\/?s={search_term_string}"},"query-input":{"@type":"PropertyValueSpecification","valueRequired":true,"valueName":"search_term_string"}}],"inLanguage":"fr-FR"},{"@type":"Organization","@id":"https:\/\/welcome-to-times-square.com\/fr\/#organization","name":"times-square","url":"https:\/\/welcome-to-times-square.com\/fr\/","logo":{"@type":"ImageObject","inLanguage":"fr-FR","@id":"https:\/\/welcome-to-times-square.com\/fr\/#\/schema\/logo\/image\/","url":"https:\/\/welcome-to-times-square.com\/wp-content\/uploads\/2024\/03\/welcome-to-time-square-logo-with-r.png","contentUrl":"https:\/\/welcome-to-times-square.com\/wp-content\/uploads\/2024\/03\/welcome-to-time-square-logo-with-r.png","width":500,"height":342,"caption":"times-square"},"image":{"@id":"https:\/\/welcome-to-times-square.com\/fr\/#\/schema\/logo\/image\/"}}]}},"_hostinger_reach_plugin_has_subscription_block":false,"_hostinger_reach_plugin_is_elementor":false,"_links":{"self":[{"href":"https:\/\/welcome-to-times-square.com\/fr\/wp-json\/wp\/v2\/pages\/9162","targetHints":{"allow":["GET"]}}],"collection":[{"href":"https:\/\/welcome-to-times-square.com\/fr\/wp-json\/wp\/v2\/pages"}],"about":[{"href":"https:\/\/welcome-to-times-square.com\/fr\/wp-json\/wp\/v2\/types\/page"}],"author":[{"embeddable":true,"href":"https:\/\/welcome-to-times-square.com\/fr\/wp-json\/wp\/v2\/users\/53"}],"replies":[{"embeddable":true,"href":"https:\/\/welcome-to-times-square.com\/fr\/wp-json\/wp\/v2\/comments?post=9162"}],"version-history":[{"count":0,"href":"https:\/\/welcome-to-times-square.com\/fr\/wp-json\/wp\/v2\/pages\/9162\/revisions"}],"wp:attachment":[{"href":"https:\/\/welcome-to-times-square.com\/fr\/wp-json\/wp\/v2\/media?parent=9162"}],"curies":[{"name":"wp","href":"https:\/\/api.w.org\/{rel}","templated":true}]}}