{"id":9182,"date":"2021-09-05T09:09:40","date_gmt":"2021-09-05T09:09:40","guid":{"rendered":"https:\/\/welcome-to-times-square.com\/visitor-tips\/"},"modified":"2025-01-17T13:29:18","modified_gmt":"2025-01-17T13:29:18","slug":"visitor-tips","status":"publish","type":"page","link":"https:\/\/welcome-to-times-square.com\/fr\/visitor-tips\/","title":{"rendered":"Conseils aux visiteurs"},"content":{"rendered":"<p>[vc_row full_width=\u00a0\u00bbstretch_row\u00a0\u00bb css=\u00a0\u00bb.vc_custom_1627402630091{margin-top: 28px !important;margin-right: 0px !important;margin-bottom: 0px !important;margin-left: 0px !important;padding-top: 0px !important;padding-right: 0px !important;padding-bottom: 0px !important;padding-left: 0px !important;}\u00a0\u00bb el_class=\u00a0\u00bbmain-97676&Prime;][vc_column css=\u00a0\u00bb.vc_custom_1626939874126{margin: 0px !important;padding: 0px !important;border: 0px initial !important;}\u00a0\u00bb][vc_row_inner equal_height=\u00a0\u00bbyes\u00a0\u00bb el_class=\u00a0\u00bbtext-banner11&Prime;][vc_column_inner width=\u00a0\u00bb1\/2&Prime; css=\u00a0\u00bb.vc_custom_1626940693197{margin-top: 0px !important;margin-right: 0px !important;margin-bottom: 0px !important;margin-left: 0px !important;padding-top: 20px !important;padding-right: 20px !important;padding-bottom: 20px !important;padding-left: 20px !important;background-image: url(https:\/\/welcome-to-times-square.com\/wp-content\/uploads\/2021\/07\/dd1.jpg?id=1431) !important;background-position: center !important;background-repeat: no-repeat !important;background-size: cover !important;}\u00a0\u00bb][vc_column_text]<\/p>\n<h2>Conseils aux visiteurs<\/h2>\n<p>[\/vc_column_text][vc_column_text]Le Broadway, dynamique et riche en culture, repr\u00e9sente l&rsquo;un des plus hauts niveaux de th\u00e9\u00e2tres commerciaux en direct au monde. Le Theater District, avec ses th\u00e9\u00e2tres majestueux, ses panneaux d&rsquo;affichage lumineux et ses lumi\u00e8res \u00e9blouissantes, est un incontournable lors d&rsquo;un s\u00e9jour en ville. Il laisse une exp\u00e9rience inoubliable. Le voyage dans la Grosse Pomme n&rsquo;est pas complet sans avoir assist\u00e9 \u00e0 au moins un spectacle de Broadway. L&rsquo;exp\u00e9rience de regarder des spectacles en direct dans un th\u00e9\u00e2tre de Broadway ne peut \u00eatre reproduite ailleurs. [\/vc_column_text][\/vc_column_inner][vc_column_inner width=\u00a0\u00bb1\/2&Prime; css=\u00a0\u00bb.vc_custom_1626939926058{margin: 0px !important;padding: 0px !important;}\u00a0\u00bb][vc_images_carousel images=\u00a0\u00bb1421,1423&Prime; img_size=\u00a0\u00bbfull\u00a0\u00bb onclick=\u00a0\u00bblink_no\u00a0\u00bb speed=\u00a0\u00bb2000&Prime; autoplay=\u00a0\u00bbyes\u00a0\u00bb hide_prev_next_buttons=\u00a0\u00bbyes\u00a0\u00bb wrap=\u00a0\u00bbyes\u00a0\u00bb css=\u00a0\u00bb.vc_custom_1626942472084{margin-top: 0px !important;margin-right: 0px !important;margin-bottom: 0px !important;margin-left: 0px !important;padding-top: 0px !important;padding-right: 0px !important;padding-bottom: 0px !important;padding-left: 0px !important;}\u00a0\u00bb][\/vc_column_inner][\/vc_row_inner][\/vc_column][\/vc_row][vc_row full_width=\u00a0\u00bbstretch_row\u00a0\u00bb css=\u00a0\u00bb.vc_custom_1627402678677{margin-top: 0px !important;padding-top: 0px !important;padding-bottom: 20px !important;background-image: url(https:\/\/welcome-to-times-square.com\/wp-content\/uploads\/2021\/07\/bg676.jpg?id=417) !important;background-position: center !important;background-repeat: no-repeat !important;background-size: cover !important;}\u00a0\u00bb el_class=\u00a0\u00bbmain-title312&Prime;][vc_column width=\u00a0\u00bb1\/2&Prime;][vc_column_text]<\/p>\n<h2 style=\"text-align: left;\">CONSEILS AUX VISITEURS<\/h2>\n<p>[\/vc_column_text][\/vc_column][vc_column width=\u00a0\u00bb1\/2&Prime;][vc_column_text]<\/p>\n<h2 style=\"text-align: right; font-size: 16px !important;\"> <a style=\"color: #c00;\" href=\"https:\/\/welcome-to-times-square.com\/fr\/\"> HOME <\/a> \/ VISITOR TIPS<\/h2>\n<p>[\/vc_column_text][\/vc_column][\/vc_row][vc_row full_width=\u00a0\u00bbstretch_row\u00a0\u00bb css=\u00a0\u00bb.vc_custom_1630833483185{padding-top: 20px !important;padding-bottom: 20px !important;background-color: #f2f2f2 !important;}\u00a0\u00bb el_class=\u00a0\u00bbtext3232&Prime;][vc_column][vc_column_text]<\/p>\n<h3>Pr\u00e9parez-vous pour une exp\u00e9rience Broadway<\/h3>\n<p>[\/vc_column_text][vc_column_text]Les termes que vous devez conna\u00eetre pour am\u00e9liorer votre exp\u00e9rience \u00e0 Broadway[\/vc_column_text][vc_column_text]<\/p>\n<ul>\n<li><strong>Soir\u00e9e d&rsquo;ouverture :<\/strong> Il s&rsquo;agit de la premi\u00e8re repr\u00e9sentation d&rsquo;une pi\u00e8ce de th\u00e9\u00e2tre ou d&rsquo;une com\u00e9die musicale apr\u00e8s la fin des avant-premi\u00e8res.<\/li>\n<li><strong>Orchestre :<\/strong> Le niveau de si\u00e8ges le plus proche de la sc\u00e8ne et parmi les plus chers de la salle.<\/li>\n<li><strong>Mezzanine :<\/strong> La premi\u00e8re section de si\u00e8ges sur\u00e9lev\u00e9e dans un th\u00e9\u00e2tre, suspendue au-dessus de l&rsquo;orchestre pour une vue magnifique.<\/li>\n<li><strong>Balcon : <\/strong>C&rsquo;est la derni\u00e8re section de si\u00e8ges de tout th\u00e9\u00e2tre et la plus \u00e9loign\u00e9e de la sc\u00e8ne.<\/li>\n<li><strong>Maison <\/strong>: cela peut d\u00e9signer soit l&rsquo;auditorium dans son ensemble, soit seulement la fa\u00e7ade de la maison, y compris le hall et la billetterie.<\/li>\n<li><strong>Will Call : <\/strong>endroit \u00e0 la billetterie d&rsquo;un th\u00e9\u00e2tre o\u00f9 vous pouvez r\u00e9cup\u00e9rer des billets achet\u00e9s \u00e0 l&rsquo;avance.<\/li>\n<li><strong>SRO : <\/strong>Standing Room only. Cela signifie que vous n&rsquo;avez pas de place d\u00e9sign\u00e9e et que vous devrez peut-\u00eatre rester debout pendant la repr\u00e9sentation. <br \/> Au lieu de souhaiter bonne chance \u00e0 quelqu&rsquo;un, vous lui souhaitez en fait un tonnerre d&rsquo;applaudissements. <\/li>\n<\/ul>\n<p>[\/vc_column_text][vc_column_text]<\/p>\n<h3 style=\"font-size: 24px; color: #000;\">Visites de th\u00e9\u00e2tres<\/h3>\n<p>[\/vc_column_text][vc_row_inner equal_height=\u00a0\u00bbyes\u00a0\u00bb el_class=\u00a0\u00bbtext-l13&Prime;][vc_column_inner el_class=\u00a0\u00bbbb12&Prime; width=\u00a0\u00bb1\/3&Prime; css=\u00a0\u00bb.vc_custom_1630834429154{background-color: #cc0000 !important;border-radius: 5px !important;}\u00a0\u00bb][vc_column_text]<\/p>\n<h4>Comment choisir le bon spectacle de Broadway<\/h4>\n<p>Choisir un spectacle \u00e0 regarder marque le d\u00e9but de votre exp\u00e9rience \u00e0 Broadway. Broadway propose un large \u00e9ventail de genres, que ce soit des pi\u00e8ces de th\u00e9\u00e2tre ou des com\u00e9dies musicales. On y trouve de la fantaisie, de la romance, du drame ou de la com\u00e9die. Il y en a pour tous les go\u00fbts, donc pour rendre votre exp\u00e9rience \u00e0 Broadway sp\u00e9ciale, il est tr\u00e8s important de choisir le bon spectacle. Faites quelques recherches en ligne et faites votre choix.    <br \/>\n[\/vc_column_text][\/vc_column_inner][vc_column_inner el_class=\u00a0\u00bbbb12&Prime; width=\u00a0\u00bb1\/3&Prime; css=\u00a0\u00bb.vc_custom_1630834441317{background-color: #cc0000 !important;border-radius: 5px !important;}\u00a0\u00bb][vc_column_text]<\/p>\n<h4>Conna\u00eetre le th\u00e9\u00e2tre<\/h4>\n<p>Certaines consid\u00e9rations sont n\u00e9cessaires avant de r\u00e9server vos places, surtout si des personnes \u00e2g\u00e9es vous accompagnent. Vous devez v\u00e9rifier si le th\u00e9\u00e2tre dispose d&rsquo;un escalator, d&rsquo;un ascenseur, d&rsquo;un fauteuil roulant, etc. Il est important de conna\u00eetre le plan de salle du th\u00e9\u00e2tre pour choisir le meilleur si\u00e8ge en fonction de vos besoins. Consultez donc le guide des si\u00e8ges du th\u00e9\u00e2tre et choisissez les bons si\u00e8ges.[\/vc_column_text][\/vc_column_inner][vc_column_inner el_class=\u00a0\u00bbbb12&Prime; width=\u00a0\u00bb1\/3&Prime; css=\u00a0\u00bb.vc_custom_1630834453445{background-color: #cc0000 !important;border-radius: 5px !important;}\u00a0\u00bb][vc_column_text]<\/p>\n<h4>Achat de billets<\/h4>\n<p>Acheter des billets en ligne est le moyen le plus simple. Pour acheter en ligne, il faut passer par le site officiel d&rsquo;un spectacle ou d&rsquo;un th\u00e9\u00e2tre. Si vous \u00eates d\u00e9j\u00e0 sur place ou que vous n&rsquo;\u00eates pas \u00e0 l&rsquo;aise avec les transactions en ligne, vous pouvez r\u00e9server des billets \u00e0 la billetterie du th\u00e9\u00e2tre. Des applications tierces comme Headout peuvent \u00e9galement \u00eatre utilis\u00e9es pour r\u00e9server des billets Broadway en ligne, qui offrent \u00e9galement d&rsquo;excellentes r\u00e9ductions et des remises en argent, entre autres avantages pour les clients. [\/vc_column_text][\/vc_column_inner][\/vc_row_inner][vc_row_inner equal_height=\u00a0\u00bbyes\u00a0\u00bb el_class=\u00a0\u00bbtext-l13&Prime;][vc_column_inner width=\u00a0\u00bb1\/3&Prime;][vc_single_image image=\u00a0\u00bb1483&Prime; img_size=\u00a0\u00bbfull\u00a0\u00bb][\/vc_column_inner][vc_column_inner el_class=\u00a0\u00bbbb12&Prime; width=\u00a0\u00bb1\/3&Prime; css=\u00a0\u00bb.vc_custom_1630834441317{background-color: #cc0000 !important;border-radius: 5px !important;}\u00a0\u00bb][vc_column_text]<\/p>\n<h4>S&rsquo;habiller pour Broadway<\/h4>\n<p>Il n&rsquo;y a pas de code vestimentaire impos\u00e9, mais si vous vous habillez bien pour votre premier spectacle \u00e0 Broadway, l&rsquo;exp\u00e9rience sera encore plus agr\u00e9able. D\u00e9ambuler dans des salles vieilles de plusieurs si\u00e8cles et appr\u00e9cier des com\u00e9dies musicales \u00e9crites il y a des ann\u00e9es ajoute au charme et \u00e0 l&rsquo;exp\u00e9rience unique. [\/vc_column_text][\/vc_column_inner][vc_column_inner el_class=\u00a0\u00bbbb12&Prime; width=\u00a0\u00bb1\/3&Prime; css=\u00a0\u00bb.vc_custom_1630834453445{background-color: #cc0000 !important;border-radius: 5px !important;}\u00a0\u00bb][vc_column_text]<\/p>\n<h4>Profitez de bouch\u00e9es rapides<\/h4>\n<p>Les plats propos\u00e9s dans les th\u00e9\u00e2tres de Broadway sont propos\u00e9s \u00e0 des prix exorbitants. Avant le d\u00e9but du spectacle, vous pouvez donc manger un morceau dans l&rsquo;un des fabuleux restaurants du quartier des th\u00e9\u00e2tres et de Times Square. [\/vc_column_text][\/vc_column_inner][\/vc_row_inner][\/vc_column][\/vc_row][vc_row el_class=\u00a0\u00bbtext676511&Prime;][vc_column][vc_column_text]<\/p>\n<h3>Les r\u00e8gles de savoir-vivre au th\u00e9\u00e2tre de Broadway que vous devez conna\u00eetre<\/h3>\n<p>[\/vc_column_text][vc_column_text]Voici quelques r\u00e8gles de savoir-vivre courantes dans les th\u00e9\u00e2tres qu&rsquo;un visiteur est cens\u00e9 suivre lorsqu&rsquo;il assiste \u00e0 une repr\u00e9sentation de Broadway :[\/vc_column_text][vc_column_text]<\/p>\n<ul>\n<li> Applaudissez apr\u00e8s la repr\u00e9sentation ou \u00e0 la fin d\u2019un acte.<\/li>\n<li>\u00c9vitez de parler pendant la repr\u00e9sentation, cela distrait les artistes.<\/li>\n<li> Ne chantez pas pendant les num\u00e9ros musicaux, \u00e0 moins que l&rsquo;interpr\u00e8te ne vous encourage \u00e0 le faire.<\/li>\n<li> M\u00eame si vous n&rsquo;avez pas aim\u00e9 le spectacle, gardez une opinion neutre ou positive. Monter un spectacle de Broadway n&rsquo;est pas chose facile et vous ne voulez pas \u00eatre impoli en critiquant ouvertement le spectacle. <\/li>\n<\/ul>\n<p>[\/vc_column_text][\/vc_column][\/vc_row][vc_row][vc_column][vc_raw_html]PCEtLSBNZXRhIFBpeGVsIENvZGUgLS0+CjxzY3JpcHQ+CiFmdW5jdGlvbihmLGIsZSx2LG4sdCxzKQp7aWYoZi5mYnEpcmV0dXJuO249Zi5mYnE9ZnVuY3Rpb24oKXtuLmNhbGxNZXRob2Q\/Cm4uY2FsbE1ldGhvZC5hcHBseShuLGFyZ3VtZW50cyk6bi5xdWV1ZS5wdXNoKGFyZ3VtZW50cyl9OwppZighZi5fZmJxKWYuX2ZicT1uO24ucHVzaD1uO24ubG9hZGVkPSEwO24udmVyc2lvbj0nMi4wJzsKbi5xdWV1ZT1bXTt0PWIuY3JlYXRlRWxlbWVudChlKTt0LmFzeW5jPSEwOwp0LnNyYz12O3M9Yi5nZXRFbGVtZW50c0J5VGFnTmFtZShlKVswXTsKcy5wYXJlbnROb2RlLmluc2VydEJlZm9yZSh0LHMpfSh3aW5kb3csIGRvY3VtZW50LCdzY3JpcHQnLAonaHR0cHM6Ly9jb25uZWN0LmZhY2Vib29rLm5ldC9lbl9VUy9mYmV2ZW50cy5qcycpOwpmYnEoJ2luaXQnLCAnMTc1MTgxMTAwODYyNDAzOScpOwpmYnEoJ3RyYWNrJywgJ1BhZ2VWaWV3Jyk7Cjwvc2NyaXB0Pgo8bm9zY3JpcHQ+PGltZyBoZWlnaHQ9IjEiIHdpZHRoPSIxIiBzdHlsZT0iZGlzcGxheTpub25lIiBzcmM9Imh0dHBzOi8vd3d3LmZhY2Vib29rLmNvbS90cj9pZD0xNzUxODExMDA4NjI0MDM5JmFtcDtldj1QYWdlVmlldyZhbXA7bm9zY3JpcHQ9MSI+PC9ub3NjcmlwdD4KPCEtLSBFbmQgTWV0YSBQaXhlbCBDb2RlIC0tPg==[\/vc_raw_html][\/vc_column][\/vc_row]<\/p>\n","protected":false},"excerpt":{"rendered":"[vc_row full_width=\"stretch_row\" css=\".vc_custom_1627402630091{margin-top: 28px !important;margin-right: 0px !important;margin-bottom: 0px !important;margin-left: 0px !important;padding-top: 0px !important;padding-right: 0px !important;padding-bottom: 0px !important;padding-left: 0px !important;}\" el_class=\"main-97676\"][vc_column css=\".vc_custom_1626939874126{margin: 0px !important;padding: 0px !important;border: 0px initial !important;}\"][vc_row_inner equal_height=\"yes\" el_class=\"text-banner11\"][vc_column_inner width=\"1\/2\" css=\".vc_custom_1626940693197{margin-top: 0px !important;margin-right: 0px !important;margin-bottom: 0px !important;margin-left: 0px !important;padding-top: 20px !important;padding-right: 20px !important;padding-bottom: 20px !important;padding-left: 20px !important;background-image: url(https:\/\/welcome-to-times-square.com\/wp-content\/uploads\/2021\/07\/dd1.jpg?id=1431) !important;background-position: center !important;background-repeat: no-repeat !important;background-size: cover [...]<a href=\"https:\/\/welcome-to-times-square.com\/fr\/visitor-tips\/\" class=\"read-more wyz-secondary-color-text\">read more<span class=\"screen-reader-text\">Conseils aux visiteurs<\/span><\/a>","protected":false},"author":53,"featured_media":0,"parent":0,"menu_order":0,"comment_status":"closed","ping_status":"closed","template":"","meta":{"footnotes":""},"class_list":["post-9182","page","type-page","status-publish","hentry"],"yoast_head":"<!-- This site is optimized with the Yoast SEO plugin v27.2 - https:\/\/yoast.com\/product\/yoast-seo-wordpress\/ -->\n<title>Conseils aux visiteurs - times-square<\/title>\n<meta name=\"robots\" content=\"index, follow, max-snippet:-1, max-image-preview:large, max-video-preview:-1\" \/>\n<link rel=\"canonical\" href=\"https:\/\/welcome-to-times-square.com\/fr\/visitor-tips\/\" \/>\n<meta property=\"og:locale\" content=\"fr_FR\" \/>\n<meta property=\"og:type\" content=\"article\" \/>\n<meta property=\"og:title\" content=\"Conseils aux visiteurs - times-square\" \/>\n<meta property=\"og:description\" content=\"[vc_row full_width=\u00a0\u00bbstretch_row\u00a0\u00bb css=\u00a0\u00bb.vc_custom_1627402630091{margin-top: 28px !important;margin-right: 0px !important;margin-bottom: 0px !important;margin-left: 0px !important;padding-top: 0px !important;padding-right: 0px !important;padding-bottom: 0px !important;padding-left: 0px !important;}\u00a0\u00bb el_class=\u00a0\u00bbmain-97676&Prime;][vc_column css=\u00a0\u00bb.vc_custom_1626939874126{margin: 0px !important;padding: 0px !important;border: 0px initial !important;}\u00a0\u00bb][vc_row_inner equal_height=\u00a0\u00bbyes\u00a0\u00bb el_class=\u00a0\u00bbtext-banner11&Prime;][vc_column_inner width=\u00a0\u00bb1\/2&Prime; css=\u00a0\u00bb.vc_custom_1626940693197{margin-top: 0px !important;margin-right: 0px !important;margin-bottom: 0px !important;margin-left: 0px !important;padding-top: 20px !important;padding-right: 20px !important;padding-bottom: 20px !important;padding-left: 20px !important;background-image: url(https:\/\/welcome-to-times-square.com\/wp-content\/uploads\/2021\/07\/dd1.jpg?id=1431) !important;background-position: center !important;background-repeat: no-repeat !important;background-size: cover [...]read moreConseils aux visiteurs\" \/>\n<meta property=\"og:url\" content=\"https:\/\/welcome-to-times-square.com\/fr\/visitor-tips\/\" \/>\n<meta property=\"og:site_name\" content=\"times-square\" \/>\n<meta property=\"article:modified_time\" content=\"2025-01-17T13:29:18+00:00\" \/>\n<meta name=\"twitter:card\" content=\"summary_large_image\" \/>\n<meta name=\"twitter:label1\" content=\"Dur\u00e9e de lecture estim\u00e9e\" \/>\n\t<meta name=\"twitter:data1\" content=\"7 minutes\" \/>\n<script type=\"application\/ld+json\" class=\"yoast-schema-graph\">{\"@context\":\"https:\/\/schema.org\",\"@graph\":[{\"@type\":\"WebPage\",\"@id\":\"https:\/\/welcome-to-times-square.com\/fr\/visitor-tips\/\",\"url\":\"https:\/\/welcome-to-times-square.com\/fr\/visitor-tips\/\",\"name\":\"Conseils aux visiteurs - times-square\",\"isPartOf\":{\"@id\":\"https:\/\/welcome-to-times-square.com\/fr\/#website\"},\"datePublished\":\"2021-09-05T09:09:40+00:00\",\"dateModified\":\"2025-01-17T13:29:18+00:00\",\"breadcrumb\":{\"@id\":\"https:\/\/welcome-to-times-square.com\/fr\/visitor-tips\/#breadcrumb\"},\"inLanguage\":\"fr-FR\",\"potentialAction\":[{\"@type\":\"ReadAction\",\"target\":[\"https:\/\/welcome-to-times-square.com\/fr\/visitor-tips\/\"]}]},{\"@type\":\"BreadcrumbList\",\"@id\":\"https:\/\/welcome-to-times-square.com\/fr\/visitor-tips\/#breadcrumb\",\"itemListElement\":[{\"@type\":\"ListItem\",\"position\":1,\"name\":\"Home\",\"item\":\"https:\/\/welcome-to-times-square.com\/fr\/\"},{\"@type\":\"ListItem\",\"position\":2,\"name\":\"Conseils aux visiteurs\"}]},{\"@type\":\"WebSite\",\"@id\":\"https:\/\/welcome-to-times-square.com\/fr\/#website\",\"url\":\"https:\/\/welcome-to-times-square.com\/fr\/\",\"name\":\"times-square\",\"description\":\"times-square\",\"publisher\":{\"@id\":\"https:\/\/welcome-to-times-square.com\/fr\/#organization\"},\"potentialAction\":[{\"@type\":\"SearchAction\",\"target\":{\"@type\":\"EntryPoint\",\"urlTemplate\":\"https:\/\/welcome-to-times-square.com\/fr\/?s={search_term_string}\"},\"query-input\":{\"@type\":\"PropertyValueSpecification\",\"valueRequired\":true,\"valueName\":\"search_term_string\"}}],\"inLanguage\":\"fr-FR\"},{\"@type\":\"Organization\",\"@id\":\"https:\/\/welcome-to-times-square.com\/fr\/#organization\",\"name\":\"times-square\",\"url\":\"https:\/\/welcome-to-times-square.com\/fr\/\",\"logo\":{\"@type\":\"ImageObject\",\"inLanguage\":\"fr-FR\",\"@id\":\"https:\/\/welcome-to-times-square.com\/fr\/#\/schema\/logo\/image\/\",\"url\":\"https:\/\/welcome-to-times-square.com\/wp-content\/uploads\/2024\/03\/welcome-to-time-square-logo-with-r.png\",\"contentUrl\":\"https:\/\/welcome-to-times-square.com\/wp-content\/uploads\/2024\/03\/welcome-to-time-square-logo-with-r.png\",\"width\":500,\"height\":342,\"caption\":\"times-square\"},\"image\":{\"@id\":\"https:\/\/welcome-to-times-square.com\/fr\/#\/schema\/logo\/image\/\"}}]}<\/script>\n<!-- \/ Yoast SEO plugin. -->","yoast_head_json":{"title":"Conseils aux visiteurs - times-square","robots":{"index":"index","follow":"follow","max-snippet":"max-snippet:-1","max-image-preview":"max-image-preview:large","max-video-preview":"max-video-preview:-1"},"canonical":"https:\/\/welcome-to-times-square.com\/fr\/visitor-tips\/","og_locale":"fr_FR","og_type":"article","og_title":"Conseils aux visiteurs - times-square","og_description":"[vc_row full_width=\u00a0\u00bbstretch_row\u00a0\u00bb css=\u00a0\u00bb.vc_custom_1627402630091{margin-top: 28px !important;margin-right: 0px !important;margin-bottom: 0px !important;margin-left: 0px !important;padding-top: 0px !important;padding-right: 0px !important;padding-bottom: 0px !important;padding-left: 0px !important;}\u00a0\u00bb el_class=\u00a0\u00bbmain-97676&Prime;][vc_column css=\u00a0\u00bb.vc_custom_1626939874126{margin: 0px !important;padding: 0px !important;border: 0px initial !important;}\u00a0\u00bb][vc_row_inner equal_height=\u00a0\u00bbyes\u00a0\u00bb el_class=\u00a0\u00bbtext-banner11&Prime;][vc_column_inner width=\u00a0\u00bb1\/2&Prime; css=\u00a0\u00bb.vc_custom_1626940693197{margin-top: 0px !important;margin-right: 0px !important;margin-bottom: 0px !important;margin-left: 0px !important;padding-top: 20px !important;padding-right: 20px !important;padding-bottom: 20px !important;padding-left: 20px !important;background-image: url(https:\/\/welcome-to-times-square.com\/wp-content\/uploads\/2021\/07\/dd1.jpg?id=1431) !important;background-position: center !important;background-repeat: no-repeat !important;background-size: cover [...]read moreConseils aux visiteurs","og_url":"https:\/\/welcome-to-times-square.com\/fr\/visitor-tips\/","og_site_name":"times-square","article_modified_time":"2025-01-17T13:29:18+00:00","twitter_card":"summary_large_image","twitter_misc":{"Dur\u00e9e de lecture estim\u00e9e":"7 minutes"},"schema":{"@context":"https:\/\/schema.org","@graph":[{"@type":"WebPage","@id":"https:\/\/welcome-to-times-square.com\/fr\/visitor-tips\/","url":"https:\/\/welcome-to-times-square.com\/fr\/visitor-tips\/","name":"Conseils aux visiteurs - times-square","isPartOf":{"@id":"https:\/\/welcome-to-times-square.com\/fr\/#website"},"datePublished":"2021-09-05T09:09:40+00:00","dateModified":"2025-01-17T13:29:18+00:00","breadcrumb":{"@id":"https:\/\/welcome-to-times-square.com\/fr\/visitor-tips\/#breadcrumb"},"inLanguage":"fr-FR","potentialAction":[{"@type":"ReadAction","target":["https:\/\/welcome-to-times-square.com\/fr\/visitor-tips\/"]}]},{"@type":"BreadcrumbList","@id":"https:\/\/welcome-to-times-square.com\/fr\/visitor-tips\/#breadcrumb","itemListElement":[{"@type":"ListItem","position":1,"name":"Home","item":"https:\/\/welcome-to-times-square.com\/fr\/"},{"@type":"ListItem","position":2,"name":"Conseils aux visiteurs"}]},{"@type":"WebSite","@id":"https:\/\/welcome-to-times-square.com\/fr\/#website","url":"https:\/\/welcome-to-times-square.com\/fr\/","name":"times-square","description":"times-square","publisher":{"@id":"https:\/\/welcome-to-times-square.com\/fr\/#organization"},"potentialAction":[{"@type":"SearchAction","target":{"@type":"EntryPoint","urlTemplate":"https:\/\/welcome-to-times-square.com\/fr\/?s={search_term_string}"},"query-input":{"@type":"PropertyValueSpecification","valueRequired":true,"valueName":"search_term_string"}}],"inLanguage":"fr-FR"},{"@type":"Organization","@id":"https:\/\/welcome-to-times-square.com\/fr\/#organization","name":"times-square","url":"https:\/\/welcome-to-times-square.com\/fr\/","logo":{"@type":"ImageObject","inLanguage":"fr-FR","@id":"https:\/\/welcome-to-times-square.com\/fr\/#\/schema\/logo\/image\/","url":"https:\/\/welcome-to-times-square.com\/wp-content\/uploads\/2024\/03\/welcome-to-time-square-logo-with-r.png","contentUrl":"https:\/\/welcome-to-times-square.com\/wp-content\/uploads\/2024\/03\/welcome-to-time-square-logo-with-r.png","width":500,"height":342,"caption":"times-square"},"image":{"@id":"https:\/\/welcome-to-times-square.com\/fr\/#\/schema\/logo\/image\/"}}]}},"_hostinger_reach_plugin_has_subscription_block":false,"_hostinger_reach_plugin_is_elementor":false,"_links":{"self":[{"href":"https:\/\/welcome-to-times-square.com\/fr\/wp-json\/wp\/v2\/pages\/9182","targetHints":{"allow":["GET"]}}],"collection":[{"href":"https:\/\/welcome-to-times-square.com\/fr\/wp-json\/wp\/v2\/pages"}],"about":[{"href":"https:\/\/welcome-to-times-square.com\/fr\/wp-json\/wp\/v2\/types\/page"}],"author":[{"embeddable":true,"href":"https:\/\/welcome-to-times-square.com\/fr\/wp-json\/wp\/v2\/users\/53"}],"replies":[{"embeddable":true,"href":"https:\/\/welcome-to-times-square.com\/fr\/wp-json\/wp\/v2\/comments?post=9182"}],"version-history":[{"count":3,"href":"https:\/\/welcome-to-times-square.com\/fr\/wp-json\/wp\/v2\/pages\/9182\/revisions"}],"predecessor-version":[{"id":9193,"href":"https:\/\/welcome-to-times-square.com\/fr\/wp-json\/wp\/v2\/pages\/9182\/revisions\/9193"}],"wp:attachment":[{"href":"https:\/\/welcome-to-times-square.com\/fr\/wp-json\/wp\/v2\/media?parent=9182"}],"curies":[{"name":"wp","href":"https:\/\/api.w.org\/{rel}","templated":true}]}}