{"id":9243,"date":"2024-11-06T06:40:36","date_gmt":"2024-11-06T06:40:36","guid":{"rendered":"https:\/\/welcome-to-times-square.com\/billboard2\/"},"modified":"2025-01-20T07:16:30","modified_gmt":"2025-01-20T07:16:30","slug":"billboard2","status":"publish","type":"page","link":"https:\/\/welcome-to-times-square.com\/fr\/billboard2\/","title":{"rendered":"Tableau d&rsquo;affichage 2"},"content":{"rendered":"\t\t<div data-elementor-type=\"wp-page\" data-elementor-id=\"9243\" class=\"elementor elementor-9243 elementor-5076\" data-elementor-post-type=\"page\">\n\t\t\t\t<div class=\"elementor-element elementor-element-4ce9bee0 e-flex e-con-boxed e-con e-parent\" data-id=\"4ce9bee0\" data-element_type=\"container\" data-e-type=\"container\" data-settings=\"{&quot;background_background&quot;:&quot;classic&quot;}\">\n\t\t\t\t\t<div class=\"e-con-inner\">\n\t\t\t\t<div class=\"elementor-element elementor-element-67e8d3a1 elementor-widget elementor-widget-heading\" data-id=\"67e8d3a1\" data-element_type=\"widget\" data-e-type=\"widget\" data-widget_type=\"heading.default\">\n\t\t\t\t<div class=\"elementor-widget-container\">\n\t\t\t\t\t<h2 class=\"elementor-heading-title elementor-size-default\">panneau d'affichage 2<\/h2>\t\t\t\t<\/div>\n\t\t\t\t<\/div>\n\t\t\t\t<div class=\"elementor-element elementor-element-a9840d7 elementor-widget elementor-widget-heading\" data-id=\"a9840d7\" data-element_type=\"widget\" data-e-type=\"widget\" data-widget_type=\"heading.default\">\n\t\t\t\t<div class=\"elementor-widget-container\">\n\t\t\t\t\t<p class=\"elementor-heading-title elementor-size-default\">  Vous pouvez ajouter ce panneau d'affichage \u00e0 votre lot d'annonces.<\/p>\t\t\t\t<\/div>\n\t\t\t\t<\/div>\n\t\t\t\t<div class=\"elementor-element elementor-element-5c7a79f8 elementor-widget elementor-widget-text-editor\" data-id=\"5c7a79f8\" data-element_type=\"widget\" data-e-type=\"widget\" data-widget_type=\"text-editor.default\">\n\t\t\t\t<div class=\"elementor-widget-container\">\n\t\t\t\t\t\t\t\t\t<p>Ce panneau mesure 52 pieds x 27 pieds et est situ\u00e9 au 1500 Broadway (entre la 43e et la 44e rue), juste au-dessus de Carlo&rsquo;s Bake Shop.<\/p>\n\t\t\t\t\t\t\t\t<\/div>\n\t\t\t\t<\/div>\n\t\t\t\t\t<\/div>\n\t\t\t\t<\/div>\n\t\t<div class=\"elementor-element elementor-element-d963793 e-flex e-con-boxed e-con e-parent\" data-id=\"d963793\" data-element_type=\"container\" data-e-type=\"container\" data-settings=\"{&quot;background_background&quot;:&quot;classic&quot;}\">\n\t\t\t\t\t<div class=\"e-con-inner\">\n\t\t\t\t<div class=\"elementor-element elementor-element-7549ea7 elementor-pagination-type-bullets elementor-arrows-position-inside elementor-pagination-position-outside elementor-widget elementor-widget-n-carousel\" data-id=\"7549ea7\" data-element_type=\"widget\" data-e-type=\"widget\" data-settings=\"{&quot;carousel_items&quot;:[{&quot;_id&quot;:&quot;2aea897&quot;,&quot;slide_title&quot;:&quot;Slide #12&quot;},{&quot;_id&quot;:&quot;7c4fed8&quot;,&quot;slide_title&quot;:&quot;Slide #2&quot;}],&quot;slides_to_show&quot;:&quot;2&quot;,&quot;slides_to_scroll&quot;:&quot;1&quot;,&quot;autoplay_speed&quot;:2500,&quot;slides_to_show_tablet&quot;:&quot;2&quot;,&quot;slides_to_show_mobile&quot;:&quot;1&quot;,&quot;autoplay&quot;:&quot;yes&quot;,&quot;pause_on_interaction&quot;:&quot;yes&quot;,&quot;infinite&quot;:&quot;yes&quot;,&quot;speed&quot;:500,&quot;offset_sides&quot;:&quot;none&quot;,&quot;arrows&quot;:&quot;yes&quot;,&quot;pagination&quot;:&quot;bullets&quot;,&quot;image_spacing_custom&quot;:{&quot;unit&quot;:&quot;px&quot;,&quot;size&quot;:10,&quot;sizes&quot;:[]},&quot;image_spacing_custom_tablet&quot;:{&quot;unit&quot;:&quot;px&quot;,&quot;size&quot;:&quot;&quot;,&quot;sizes&quot;:[]},&quot;image_spacing_custom_mobile&quot;:{&quot;unit&quot;:&quot;px&quot;,&quot;size&quot;:&quot;&quot;,&quot;sizes&quot;:[]}}\" data-widget_type=\"nested-carousel.default\">\n\t\t\t\t<div class=\"elementor-widget-container\">\n\t\t\t\t\t\t\t<div class=\"e-n-carousel swiper\" role=\"region\" aria-roledescription=\"carousel\" aria-label=\"Carousel\" dir=\"ltr\">\n\t\t\t<div class=\"swiper-wrapper\" aria-live=\"off\">\n\t\t\t\t\t\t\t\t\t\t<div class=\"swiper-slide\" data-slide=\"1\" role=\"group\" aria-roledescription=\"slide\" aria-label=\"1 of 2\">\n\t\t\t\t\t\t\t<div class=\"elementor-element elementor-element-af69037 e-flex e-con-boxed e-con e-child\" data-id=\"af69037\" data-element_type=\"container\" data-e-type=\"container\">\n\t\t\t\t\t<div class=\"e-con-inner\">\n\t\t\t\t<div class=\"elementor-element elementor-element-44590bb elementor-widget elementor-widget-image\" data-id=\"44590bb\" data-element_type=\"widget\" data-e-type=\"widget\" data-widget_type=\"image.default\">\n\t\t\t\t<div class=\"elementor-widget-container\">\n\t\t\t\t\t\t\t\t\t\t\t\t\t\t\t<img fetchpriority=\"high\" decoding=\"async\" width=\"576\" height=\"1024\" src=\"https:\/\/welcome-to-times-square.com\/wp-content\/uploads\/2024\/11\/1-576x1024.jpeg\" class=\"attachment-large size-large wp-image-8617\" alt=\"\" srcset=\"https:\/\/welcome-to-times-square.com\/wp-content\/uploads\/2024\/11\/1-576x1024.jpeg 576w, https:\/\/welcome-to-times-square.com\/wp-content\/uploads\/2024\/11\/1-169x300.jpeg 169w, https:\/\/welcome-to-times-square.com\/wp-content\/uploads\/2024\/11\/1-768x1365.jpeg 768w, https:\/\/welcome-to-times-square.com\/wp-content\/uploads\/2024\/11\/1-864x1536.jpeg 864w, https:\/\/welcome-to-times-square.com\/wp-content\/uploads\/2024\/11\/1-1152x2048.jpeg 1152w, https:\/\/welcome-to-times-square.com\/wp-content\/uploads\/2024\/11\/1-scaled.jpeg 1440w\" sizes=\"(max-width: 576px) 100vw, 576px\" \/>\t\t\t\t\t\t\t\t\t\t\t\t\t\t\t<\/div>\n\t\t\t\t<\/div>\n\t\t\t\t\t<\/div>\n\t\t\t\t<\/div>\n\t\t\t\t\t\t\t\t<\/div>\n\t\t\t\t\t\t\t\t\t\t\t<div class=\"swiper-slide\" data-slide=\"2\" role=\"group\" aria-roledescription=\"slide\" aria-label=\"2 of 2\">\n\t\t\t\t\t\t\t<div class=\"elementor-element elementor-element-8372fd3 e-flex e-con-boxed e-con e-child\" data-id=\"8372fd3\" data-element_type=\"container\" data-e-type=\"container\">\n\t\t\t\t\t<div class=\"e-con-inner\">\n\t\t\t\t<div class=\"elementor-element elementor-element-b8f7d88 elementor-widget elementor-widget-image\" data-id=\"b8f7d88\" data-element_type=\"widget\" data-e-type=\"widget\" data-widget_type=\"image.default\">\n\t\t\t\t<div class=\"elementor-widget-container\">\n\t\t\t\t\t\t\t\t\t\t\t\t\t\t\t<img decoding=\"async\" width=\"633\" height=\"1024\" src=\"https:\/\/welcome-to-times-square.com\/wp-content\/uploads\/2024\/11\/2-633x1024.png\" class=\"attachment-large size-large wp-image-8622\" alt=\"\" srcset=\"https:\/\/welcome-to-times-square.com\/wp-content\/uploads\/2024\/11\/2-633x1024.png 633w, https:\/\/welcome-to-times-square.com\/wp-content\/uploads\/2024\/11\/2-185x300.png 185w, https:\/\/welcome-to-times-square.com\/wp-content\/uploads\/2024\/11\/2-768x1243.png 768w, https:\/\/welcome-to-times-square.com\/wp-content\/uploads\/2024\/11\/2.png 860w\" sizes=\"(max-width: 633px) 100vw, 633px\" \/>\t\t\t\t\t\t\t\t\t\t\t\t\t\t\t<\/div>\n\t\t\t\t<\/div>\n\t\t\t\t\t<\/div>\n\t\t\t\t<\/div>\n\t\t\t\t\t\t\t\t<\/div>\n\t\t\t\t\t\t\t\t<\/div>\n\t\t<\/div>\n\t\t\t\t\t<div class=\"elementor-swiper-button elementor-swiper-button-prev\" role=\"button\" tabindex=\"0\" aria-label=\"Previous\">\n\t\t\t\t<svg aria-hidden=\"true\" class=\"e-font-icon-svg e-eicon-chevron-left\" viewBox=\"0 0 1000 1000\" xmlns=\"http:\/\/www.w3.org\/2000\/svg\"><path d=\"M646 125C629 125 613 133 604 142L308 442C296 454 292 471 292 487 292 504 296 521 308 533L604 854C617 867 629 875 646 875 663 875 679 871 692 858 704 846 713 829 713 812 713 796 708 779 692 767L438 487 692 225C700 217 708 204 708 187 708 171 704 154 692 142 675 129 663 125 646 125Z\"><\/path><\/svg>\t\t\t<\/div>\n\t\t\t<div class=\"elementor-swiper-button elementor-swiper-button-next\" role=\"button\" tabindex=\"0\" aria-label=\"Next\">\n\t\t\t\t<svg aria-hidden=\"true\" class=\"e-font-icon-svg e-eicon-chevron-right\" viewBox=\"0 0 1000 1000\" xmlns=\"http:\/\/www.w3.org\/2000\/svg\"><path d=\"M696 533C708 521 713 504 713 487 713 471 708 454 696 446L400 146C388 133 375 125 354 125 338 125 325 129 313 142 300 154 292 171 292 187 292 204 296 221 308 233L563 492 304 771C292 783 288 800 288 817 288 833 296 850 308 863 321 871 338 875 354 875 371 875 388 867 400 854L696 533Z\"><\/path><\/svg>\t\t\t<\/div>\n\t\t\t\t\t<div class=\"swiper-pagination\"><\/div>\n\t\t\t\t\t\t<\/div>\n\t\t\t\t<\/div>\n\t\t\t\t\t<\/div>\n\t\t\t\t<\/div>\n\t\t<div class=\"elementor-element elementor-element-76edf60e e-flex e-con-boxed e-con e-parent\" data-id=\"76edf60e\" data-element_type=\"container\" data-e-type=\"container\" data-settings=\"{&quot;background_background&quot;:&quot;classic&quot;}\">\n\t\t\t\t\t<div class=\"e-con-inner\">\n\t\t\t\t<div class=\"elementor-element elementor-element-3dcde689 elementor-widget elementor-widget-heading\" data-id=\"3dcde689\" data-element_type=\"widget\" data-e-type=\"widget\" data-widget_type=\"heading.default\">\n\t\t\t\t<div class=\"elementor-widget-container\">\n\t\t\t\t\t<h2 class=\"elementor-heading-title elementor-size-default\">REGARDEZ LE FLUX DE NOS CAM\u00c9RAS EN DIRECT DE TIMES SQUARE<\/h2>\t\t\t\t<\/div>\n\t\t\t\t<\/div>\n\t\t\t\t<div class=\"elementor-element elementor-element-3a8ef611 elementor-widget-divider--view-line elementor-widget elementor-widget-divider\" data-id=\"3a8ef611\" data-element_type=\"widget\" data-e-type=\"widget\" data-widget_type=\"divider.default\">\n\t\t\t\t<div class=\"elementor-widget-container\">\n\t\t\t\t\t\t\t<div class=\"elementor-divider\">\n\t\t\t<span class=\"elementor-divider-separator\">\n\t\t\t\t\t\t<\/span>\n\t\t<\/div>\n\t\t\t\t\t\t<\/div>\n\t\t\t\t<\/div>\n\t\t<div class=\"elementor-element elementor-element-df89814 e-con-full e-flex e-con e-child\" data-id=\"df89814\" data-element_type=\"container\" data-e-type=\"container\">\n\t\t\t\t<div class=\"elementor-element elementor-element-42c5815 elementor-widget elementor-widget-html\" data-id=\"42c5815\" data-element_type=\"widget\" data-e-type=\"widget\" data-widget_type=\"html.default\">\n\t\t\t\t<div class=\"elementor-widget-container\">\n\t\t\t\t\t<div class=\"cominsoon-livecat-wrapper\"><i class=\"ri-live-line\"><\/i><p>OUR LIVESTREAM IS COMING SOON<\/p><\/div><style>.cominsoon-livecat-wrapper {\n        background: red;\n        color: white;\n        display: flex;\n        gap: 10px;\n        font-size: 15px;\n        font-weight: 700;\n        align-items: center;\n        padding: 20px 30px;\n        border-radius: 10px;\n        animation: comingsoonlive 2s infinite;\n        font-family: 'montserrat' !important;\n    }\n    .cominsoon-livecat-wrapper > p {\n        margin: 0;\n    }\n    \n    .cominsoon-livecat-wrapper > i {\n        font-size: 25px;\n    }\n    \n    @keyframes comingsoonlive {\n        0% {\n            box-shadow: 0 0 10px #ff000070;\n        }\n        100% {\n            box-shadow: 0 0 90px 40px #ff000000;\n        }\n    }\n<\/style>\t\t\t\t<\/div>\n\t\t\t\t<\/div>\n\t\t\t\t<\/div>\n\t\t\t\t\t<\/div>\n\t\t\t\t<\/div>\n\t\t<div class=\"elementor-element elementor-element-cafdde1 e-flex e-con-boxed e-con e-parent\" data-id=\"cafdde1\" data-element_type=\"container\" data-e-type=\"container\" data-settings=\"{&quot;background_background&quot;:&quot;classic&quot;}\">\n\t\t\t\t\t<div class=\"e-con-inner\">\n\t\t<div class=\"elementor-element elementor-element-c1e9f9d e-flex e-con-boxed e-con e-child\" data-id=\"c1e9f9d\" data-element_type=\"container\" data-e-type=\"container\">\n\t\t\t\t\t<div class=\"e-con-inner\">\n\t\t\t\t<div class=\"elementor-element elementor-element-4c45d0f8 elementor-widget elementor-widget-image\" data-id=\"4c45d0f8\" data-element_type=\"widget\" data-e-type=\"widget\" data-widget_type=\"image.default\">\n\t\t\t\t<div class=\"elementor-widget-container\">\n\t\t\t\t\t\t\t\t\t\t\t\t\t\t\t<img decoding=\"async\" width=\"1024\" height=\"782\" src=\"https:\/\/welcome-to-times-square.com\/wp-content\/uploads\/2024\/11\/2-billboards-map-1024x782.png\" class=\"attachment-large size-large wp-image-8612\" alt=\"\" srcset=\"https:\/\/welcome-to-times-square.com\/wp-content\/uploads\/2024\/11\/2-billboards-map-1024x782.png 1024w, https:\/\/welcome-to-times-square.com\/wp-content\/uploads\/2024\/11\/2-billboards-map-300x229.png 300w, https:\/\/welcome-to-times-square.com\/wp-content\/uploads\/2024\/11\/2-billboards-map-768x586.png 768w, https:\/\/welcome-to-times-square.com\/wp-content\/uploads\/2024\/11\/2-billboards-map.png 1430w\" sizes=\"(max-width: 1024px) 100vw, 1024px\" \/>\t\t\t\t\t\t\t\t\t\t\t\t\t\t\t<\/div>\n\t\t\t\t<\/div>\n\t\t\t\t\t<\/div>\n\t\t\t\t<\/div>\n\t\t<div class=\"elementor-element elementor-element-4a2e774a e-con-full e-flex e-con e-child\" data-id=\"4a2e774a\" data-element_type=\"container\" data-e-type=\"container\">\n\t\t\t\t<div class=\"elementor-element elementor-element-2e8044bb elementor-widget elementor-widget-heading\" data-id=\"2e8044bb\" data-element_type=\"widget\" data-e-type=\"widget\" data-widget_type=\"heading.default\">\n\t\t\t\t<div class=\"elementor-widget-container\">\n\t\t\t\t\t<h2 class=\"elementor-heading-title elementor-size-default\">Nous sommes une \u00e9quipe de personnes internationales qui aiment la Grosse Pomme et les grands r\u00eaves.<\/h2>\t\t\t\t<\/div>\n\t\t\t\t<\/div>\n\t\t\t\t<div class=\"elementor-element elementor-element-16874782 elementor-widget elementor-widget-text-editor\" data-id=\"16874782\" data-element_type=\"widget\" data-e-type=\"widget\" data-widget_type=\"text-editor.default\">\n\t\t\t\t<div class=\"elementor-widget-container\">\n\t\t\t\t\t\t\t\t\t<div class=\"wpb_text_column wpb_content_element \">\n<div class=\"wpb_wrapper\">\n<p>En plus de vous faire d\u00e9couvrir la ville au quotidien, nous vous ferons participer au grand r\u00eave en affichant vos photos et vid\u00e9os sur un immense panneau d&rsquo;affichage au c\u0153ur de Times Square.<\/p>\n<\/div>\n<\/div>\n\t\t\t\t\t\t\t\t<\/div>\n\t\t\t\t<\/div>\n\t\t\t\t<\/div>\n\t\t\t\t\t<\/div>\n\t\t\t\t<\/div>\n\t\t\t\t<\/div>\n\t\t","protected":false},"excerpt":{"rendered":"panneau d'affichage 2 Vous pouvez ajouter ce panneau d'affichage \u00e0 votre lot d'annonces. Ce panneau mesure 52 pieds x 27 pieds et est situ\u00e9 au 1500 Broadway (entre la 43e et la 44e rue), juste au-dessus de Carlo's Bake Shop. REGARDEZ LE FLUX DE NOS CAM\u00c9RAS EN DIRECT DE TIMES SQUARE OUR LIVESTREAM IS COMING [...]<a href=\"https:\/\/welcome-to-times-square.com\/fr\/billboard2\/\" class=\"read-more wyz-secondary-color-text\">read more<span class=\"screen-reader-text\">Tableau d&rsquo;affichage 2<\/span><\/a>","protected":false},"author":53,"featured_media":0,"parent":0,"menu_order":0,"comment_status":"closed","ping_status":"closed","template":"elementor_header_footer","meta":{"footnotes":""},"class_list":["post-9243","page","type-page","status-publish","hentry"],"yoast_head":"<!-- This site is optimized with the Yoast SEO plugin v27.2 - https:\/\/yoast.com\/product\/yoast-seo-wordpress\/ -->\n<title>Tableau d&#039;affichage 2 - times-square<\/title>\n<meta name=\"robots\" content=\"index, follow, max-snippet:-1, max-image-preview:large, max-video-preview:-1\" \/>\n<link rel=\"canonical\" href=\"https:\/\/welcome-to-times-square.com\/fr\/billboard2\/\" \/>\n<meta property=\"og:locale\" content=\"fr_FR\" \/>\n<meta property=\"og:type\" content=\"article\" \/>\n<meta property=\"og:title\" content=\"Tableau d&#039;affichage 2 - times-square\" \/>\n<meta property=\"og:description\" content=\"panneau d&rsquo;affichage 2 Vous pouvez ajouter ce panneau d&rsquo;affichage \u00e0 votre lot d&rsquo;annonces. Ce panneau mesure 52 pieds x 27 pieds et est situ\u00e9 au 1500 Broadway (entre la 43e et la 44e rue), juste au-dessus de Carlo&rsquo;s Bake Shop. REGARDEZ LE FLUX DE NOS CAM\u00c9RAS EN DIRECT DE TIMES SQUARE OUR LIVESTREAM IS COMING [...]read moreTableau d&rsquo;affichage 2\" \/>\n<meta property=\"og:url\" content=\"https:\/\/welcome-to-times-square.com\/fr\/billboard2\/\" \/>\n<meta property=\"og:site_name\" content=\"times-square\" \/>\n<meta property=\"article:modified_time\" content=\"2025-01-20T07:16:30+00:00\" \/>\n<meta property=\"og:image\" content=\"https:\/\/welcome-to-times-square.com\/wp-content\/uploads\/2024\/11\/1-scaled.jpeg\" \/>\n\t<meta property=\"og:image:width\" content=\"1440\" \/>\n\t<meta property=\"og:image:height\" content=\"2560\" \/>\n\t<meta property=\"og:image:type\" content=\"image\/jpeg\" \/>\n<meta name=\"twitter:card\" content=\"summary_large_image\" \/>\n<meta name=\"twitter:label1\" content=\"Dur\u00e9e de lecture estim\u00e9e\" \/>\n\t<meta name=\"twitter:data1\" content=\"2 minutes\" \/>\n<script type=\"application\/ld+json\" class=\"yoast-schema-graph\">{\"@context\":\"https:\/\/schema.org\",\"@graph\":[{\"@type\":\"WebPage\",\"@id\":\"https:\/\/welcome-to-times-square.com\/fr\/billboard2\/\",\"url\":\"https:\/\/welcome-to-times-square.com\/fr\/billboard2\/\",\"name\":\"Tableau d'affichage 2 - times-square\",\"isPartOf\":{\"@id\":\"https:\/\/welcome-to-times-square.com\/fr\/#website\"},\"primaryImageOfPage\":{\"@id\":\"https:\/\/welcome-to-times-square.com\/fr\/billboard2\/#primaryimage\"},\"image\":{\"@id\":\"https:\/\/welcome-to-times-square.com\/fr\/billboard2\/#primaryimage\"},\"thumbnailUrl\":\"https:\/\/welcome-to-times-square.com\/wp-content\/uploads\/2024\/11\/1-576x1024.jpeg\",\"datePublished\":\"2024-11-06T06:40:36+00:00\",\"dateModified\":\"2025-01-20T07:16:30+00:00\",\"breadcrumb\":{\"@id\":\"https:\/\/welcome-to-times-square.com\/fr\/billboard2\/#breadcrumb\"},\"inLanguage\":\"fr-FR\",\"potentialAction\":[{\"@type\":\"ReadAction\",\"target\":[\"https:\/\/welcome-to-times-square.com\/fr\/billboard2\/\"]}]},{\"@type\":\"ImageObject\",\"inLanguage\":\"fr-FR\",\"@id\":\"https:\/\/welcome-to-times-square.com\/fr\/billboard2\/#primaryimage\",\"url\":\"https:\/\/welcome-to-times-square.com\/wp-content\/uploads\/2024\/11\/1-576x1024.jpeg\",\"contentUrl\":\"https:\/\/welcome-to-times-square.com\/wp-content\/uploads\/2024\/11\/1-576x1024.jpeg\"},{\"@type\":\"BreadcrumbList\",\"@id\":\"https:\/\/welcome-to-times-square.com\/fr\/billboard2\/#breadcrumb\",\"itemListElement\":[{\"@type\":\"ListItem\",\"position\":1,\"name\":\"Home\",\"item\":\"https:\/\/welcome-to-times-square.com\/fr\/\"},{\"@type\":\"ListItem\",\"position\":2,\"name\":\"Tableau d&rsquo;affichage 2\"}]},{\"@type\":\"WebSite\",\"@id\":\"https:\/\/welcome-to-times-square.com\/fr\/#website\",\"url\":\"https:\/\/welcome-to-times-square.com\/fr\/\",\"name\":\"times-square\",\"description\":\"times-square\",\"publisher\":{\"@id\":\"https:\/\/welcome-to-times-square.com\/fr\/#organization\"},\"potentialAction\":[{\"@type\":\"SearchAction\",\"target\":{\"@type\":\"EntryPoint\",\"urlTemplate\":\"https:\/\/welcome-to-times-square.com\/fr\/?s={search_term_string}\"},\"query-input\":{\"@type\":\"PropertyValueSpecification\",\"valueRequired\":true,\"valueName\":\"search_term_string\"}}],\"inLanguage\":\"fr-FR\"},{\"@type\":\"Organization\",\"@id\":\"https:\/\/welcome-to-times-square.com\/fr\/#organization\",\"name\":\"times-square\",\"url\":\"https:\/\/welcome-to-times-square.com\/fr\/\",\"logo\":{\"@type\":\"ImageObject\",\"inLanguage\":\"fr-FR\",\"@id\":\"https:\/\/welcome-to-times-square.com\/fr\/#\/schema\/logo\/image\/\",\"url\":\"https:\/\/welcome-to-times-square.com\/wp-content\/uploads\/2024\/03\/welcome-to-time-square-logo-with-r.png\",\"contentUrl\":\"https:\/\/welcome-to-times-square.com\/wp-content\/uploads\/2024\/03\/welcome-to-time-square-logo-with-r.png\",\"width\":500,\"height\":342,\"caption\":\"times-square\"},\"image\":{\"@id\":\"https:\/\/welcome-to-times-square.com\/fr\/#\/schema\/logo\/image\/\"}}]}<\/script>\n<!-- \/ Yoast SEO plugin. -->","yoast_head_json":{"title":"Tableau d'affichage 2 - times-square","robots":{"index":"index","follow":"follow","max-snippet":"max-snippet:-1","max-image-preview":"max-image-preview:large","max-video-preview":"max-video-preview:-1"},"canonical":"https:\/\/welcome-to-times-square.com\/fr\/billboard2\/","og_locale":"fr_FR","og_type":"article","og_title":"Tableau d'affichage 2 - times-square","og_description":"panneau d&rsquo;affichage 2 Vous pouvez ajouter ce panneau d&rsquo;affichage \u00e0 votre lot d&rsquo;annonces. Ce panneau mesure 52 pieds x 27 pieds et est situ\u00e9 au 1500 Broadway (entre la 43e et la 44e rue), juste au-dessus de Carlo&rsquo;s Bake Shop. REGARDEZ LE FLUX DE NOS CAM\u00c9RAS EN DIRECT DE TIMES SQUARE OUR LIVESTREAM IS COMING [...]read moreTableau d&rsquo;affichage 2","og_url":"https:\/\/welcome-to-times-square.com\/fr\/billboard2\/","og_site_name":"times-square","article_modified_time":"2025-01-20T07:16:30+00:00","og_image":[{"width":1440,"height":2560,"url":"https:\/\/welcome-to-times-square.com\/wp-content\/uploads\/2024\/11\/1-scaled.jpeg","type":"image\/jpeg"}],"twitter_card":"summary_large_image","twitter_misc":{"Dur\u00e9e de lecture estim\u00e9e":"2 minutes"},"schema":{"@context":"https:\/\/schema.org","@graph":[{"@type":"WebPage","@id":"https:\/\/welcome-to-times-square.com\/fr\/billboard2\/","url":"https:\/\/welcome-to-times-square.com\/fr\/billboard2\/","name":"Tableau d'affichage 2 - times-square","isPartOf":{"@id":"https:\/\/welcome-to-times-square.com\/fr\/#website"},"primaryImageOfPage":{"@id":"https:\/\/welcome-to-times-square.com\/fr\/billboard2\/#primaryimage"},"image":{"@id":"https:\/\/welcome-to-times-square.com\/fr\/billboard2\/#primaryimage"},"thumbnailUrl":"https:\/\/welcome-to-times-square.com\/wp-content\/uploads\/2024\/11\/1-576x1024.jpeg","datePublished":"2024-11-06T06:40:36+00:00","dateModified":"2025-01-20T07:16:30+00:00","breadcrumb":{"@id":"https:\/\/welcome-to-times-square.com\/fr\/billboard2\/#breadcrumb"},"inLanguage":"fr-FR","potentialAction":[{"@type":"ReadAction","target":["https:\/\/welcome-to-times-square.com\/fr\/billboard2\/"]}]},{"@type":"ImageObject","inLanguage":"fr-FR","@id":"https:\/\/welcome-to-times-square.com\/fr\/billboard2\/#primaryimage","url":"https:\/\/welcome-to-times-square.com\/wp-content\/uploads\/2024\/11\/1-576x1024.jpeg","contentUrl":"https:\/\/welcome-to-times-square.com\/wp-content\/uploads\/2024\/11\/1-576x1024.jpeg"},{"@type":"BreadcrumbList","@id":"https:\/\/welcome-to-times-square.com\/fr\/billboard2\/#breadcrumb","itemListElement":[{"@type":"ListItem","position":1,"name":"Home","item":"https:\/\/welcome-to-times-square.com\/fr\/"},{"@type":"ListItem","position":2,"name":"Tableau d&rsquo;affichage 2"}]},{"@type":"WebSite","@id":"https:\/\/welcome-to-times-square.com\/fr\/#website","url":"https:\/\/welcome-to-times-square.com\/fr\/","name":"times-square","description":"times-square","publisher":{"@id":"https:\/\/welcome-to-times-square.com\/fr\/#organization"},"potentialAction":[{"@type":"SearchAction","target":{"@type":"EntryPoint","urlTemplate":"https:\/\/welcome-to-times-square.com\/fr\/?s={search_term_string}"},"query-input":{"@type":"PropertyValueSpecification","valueRequired":true,"valueName":"search_term_string"}}],"inLanguage":"fr-FR"},{"@type":"Organization","@id":"https:\/\/welcome-to-times-square.com\/fr\/#organization","name":"times-square","url":"https:\/\/welcome-to-times-square.com\/fr\/","logo":{"@type":"ImageObject","inLanguage":"fr-FR","@id":"https:\/\/welcome-to-times-square.com\/fr\/#\/schema\/logo\/image\/","url":"https:\/\/welcome-to-times-square.com\/wp-content\/uploads\/2024\/03\/welcome-to-time-square-logo-with-r.png","contentUrl":"https:\/\/welcome-to-times-square.com\/wp-content\/uploads\/2024\/03\/welcome-to-time-square-logo-with-r.png","width":500,"height":342,"caption":"times-square"},"image":{"@id":"https:\/\/welcome-to-times-square.com\/fr\/#\/schema\/logo\/image\/"}}]}},"_hostinger_reach_plugin_has_subscription_block":false,"_hostinger_reach_plugin_is_elementor":false,"_links":{"self":[{"href":"https:\/\/welcome-to-times-square.com\/fr\/wp-json\/wp\/v2\/pages\/9243","targetHints":{"allow":["GET"]}}],"collection":[{"href":"https:\/\/welcome-to-times-square.com\/fr\/wp-json\/wp\/v2\/pages"}],"about":[{"href":"https:\/\/welcome-to-times-square.com\/fr\/wp-json\/wp\/v2\/types\/page"}],"author":[{"embeddable":true,"href":"https:\/\/welcome-to-times-square.com\/fr\/wp-json\/wp\/v2\/users\/53"}],"replies":[{"embeddable":true,"href":"https:\/\/welcome-to-times-square.com\/fr\/wp-json\/wp\/v2\/comments?post=9243"}],"version-history":[{"count":2,"href":"https:\/\/welcome-to-times-square.com\/fr\/wp-json\/wp\/v2\/pages\/9243\/revisions"}],"predecessor-version":[{"id":9249,"href":"https:\/\/welcome-to-times-square.com\/fr\/wp-json\/wp\/v2\/pages\/9243\/revisions\/9249"}],"wp:attachment":[{"href":"https:\/\/welcome-to-times-square.com\/fr\/wp-json\/wp\/v2\/media?parent=9243"}],"curies":[{"name":"wp","href":"https:\/\/api.w.org\/{rel}","templated":true}]}}