{"id":9264,"date":"2021-09-02T12:50:38","date_gmt":"2021-09-02T12:50:38","guid":{"rendered":"https:\/\/welcome-to-times-square.com\/broadway-tickets\/"},"modified":"2025-01-20T07:39:13","modified_gmt":"2025-01-20T07:39:13","slug":"broadway-tickets","status":"publish","type":"page","link":"https:\/\/welcome-to-times-square.com\/fr\/broadway-tickets\/","title":{"rendered":"Billets pour Broadway"},"content":{"rendered":"\t\t<div data-elementor-type=\"wp-page\" data-elementor-id=\"9264\" class=\"elementor elementor-9264 elementor-1692\" data-elementor-post-type=\"page\">\n\t\t\t\t<div class=\"elementor-element elementor-element-f3ddbde e-flex e-con-boxed e-con e-parent\" data-id=\"f3ddbde\" data-element_type=\"container\" data-e-type=\"container\" data-settings=\"{&quot;background_background&quot;:&quot;classic&quot;}\">\n\t\t\t\t\t<div class=\"e-con-inner\">\n\t\t\t\t<div class=\"elementor-element elementor-element-2af2c2f elementor-widget elementor-widget-heading\" data-id=\"2af2c2f\" data-element_type=\"widget\" data-e-type=\"widget\" data-widget_type=\"heading.default\">\n\t\t\t\t<div class=\"elementor-widget-container\">\n\t\t\t\t\t<h2 class=\"elementor-heading-title elementor-size-default\">Comment acheter des billets pour Broadway<\/h2>\t\t\t\t<\/div>\n\t\t\t\t<\/div>\n\t\t\t\t<div class=\"elementor-element elementor-element-a09f7cf elementor-widget-divider--view-line elementor-widget elementor-widget-divider\" data-id=\"a09f7cf\" data-element_type=\"widget\" data-e-type=\"widget\" data-widget_type=\"divider.default\">\n\t\t\t\t<div class=\"elementor-widget-container\">\n\t\t\t\t\t\t\t<div class=\"elementor-divider\">\n\t\t\t<span class=\"elementor-divider-separator\">\n\t\t\t\t\t\t<\/span>\n\t\t<\/div>\n\t\t\t\t\t\t<\/div>\n\t\t\t\t<\/div>\n\t\t\t\t<div class=\"elementor-element elementor-element-88beda0 elementor-widget elementor-widget-text-editor\" data-id=\"88beda0\" data-element_type=\"widget\" data-e-type=\"widget\" data-widget_type=\"text-editor.default\">\n\t\t\t\t<div class=\"elementor-widget-container\">\n\t\t\t\t\t\t\t\t\t<p>C&rsquo;est d\u00e9sormais officiel : les com\u00e9dies musicales, pi\u00e8ces de th\u00e9\u00e2tre et autres spectacles en direct ont repris et la Great White Way a repris ses activit\u00e9s. Le gouverneur de l&rsquo;\u00c9tat de New York, Andrew Cuomo, autorise la r\u00e9ouverture des th\u00e9\u00e2tres pour les repr\u00e9sentations en direct \u00e0 partir du 14 septembre. <\/p>\n<p>En raison de la multitude d&rsquo;options disponibles, l&rsquo;achat de billets pour des spectacles de Broadway peut \u00eatre intimidant. Cependant, un peu de planification \u00e0 l&rsquo;avance permet d&rsquo;acheter plus facilement des billets pour Broadway et d&rsquo;obtenir des places convoit\u00e9es pour certains des spectacles les plus r\u00e9ussis <\/p>\n<p><strong>BILLETS POUR BROADWAY<\/strong><\/p>\n<h3>Voici quelques-unes des fa\u00e7ons les plus populaires d\u2019acheter des billets pour profiter des spectacles en direct de Broadway :<\/h3>\n<ul>\n<li><strong>Billets via le Web<\/strong><br \/>www.Broadway.org, la source d&rsquo;information officielle en ligne sur Broadway, est le meilleur endroit pour acheter des billets pour Broadway. Vous y trouverez une liste compl\u00e8te des spectacles de Broadway actuels et \u00e0 venir. Vous y trouverez \u00e9galement des liens directs vers les billetteries officielles de chaque spectacle et th\u00e9\u00e2tre qui proposent des billets \u00e0 tous les prix.  <\/li>\n<li>\n<p><strong>Rendez-vous aux guichets de r\u00e9duction TKTS<\/strong><br \/>La traditionnelle et classique fa\u00e7on d&rsquo;acheter des billets \u00e0 prix r\u00e9duits au TKTS de Duffy Square est de faire la queue le jour du spectacle. Les plus grands succ\u00e8s de Broadway sont en vente aux guichets, la plupart du temps \u00e0 50 % de r\u00e9duction. Le guichet de Time Square dispose \u00e9galement d&rsquo;un guichet \u00ab Play Express \u00bb qui r\u00e9duit le temps d&rsquo;attente si vous ne souhaitez pas voir de com\u00e9die musicale.  <\/p>\n<\/li>\n<\/ul>\n<p>TDF exploite \u00e9galement deux autres guichets dans la ville. Le premier se trouve au David Rubenstein Atrium du Lincoln Center et l\u2019autre \u00e0 South Street Seaport. Plus t\u00f4t vous achetez vos billets chez TKTS, mieux c\u2019est, mais parfois les blocs de bonnes places se lib\u00e8rent plus pr\u00e8s de l\u2019heure du lever de rideau. Pour obtenir des informations actualis\u00e9es, vous pouvez utiliser l\u2019application TKTS ou visiter son site Web. Le prix des billets chez TKTS est nettement inf\u00e9rieur \u00e0 celui des autres sites Web.    <\/p>\n<ul>\n<li>\n<p><strong>Acheter des billets en ligne ou sur votre t\u00e9l\u00e9phone<\/strong><br \/>Acheter chez TKTS n\u00e9cessite d&rsquo;attendre en personne et souvent l&rsquo;attente est longue. Internet est la meilleure alternative qui vous aidera \u00e0 acheter des billets des semaines \u00e0 l&rsquo;avance. L&rsquo;application TodayTix vous aidera \u00e0 trouver des billets \u00e0 prix r\u00e9duit sur votre t\u00e9l\u00e9phone portable bien \u00e0 l&rsquo;avance.  <\/p>\n<\/li>\n<\/ul>\n<p>De plus, il existe \u00e9galement deux vendeurs de billets qui sont utilis\u00e9s par presque tous les th\u00e9\u00e2tres de Broadway pour vendre des billets en ligne ou par t\u00e9l\u00e9phone. L&rsquo;un est Telecharge au (800) 432-7250 et l&rsquo;autre est Ticketmaster au (866) 870-2717. <\/p>\n<p>Consultez la page du spectacle sur le site Web Broadway.org pour v\u00e9rifier la billetterie officielle du ou des spectacles que vous souhaitez acheter.<\/p>\n<p>TDF exploite \u00e9galement deux guichets autress dans la ville. Le premier se trouve au David Rubenstein Atrium du Lincoln Center et l\u2019autre \u00e0 South Street Seaport. Plus t\u00f4t vous achetez vos billets chez TKTS, mieux c&rsquo;est, mais parfois les blocs de bonnes places se lib\u00e8rent plus pr\u00e8s de l&rsquo;heure du levier de rideau. Pour obtenir des informations mises \u00e0 jour, vous pouvez utiliser l\u2019application TKTS ou visiter son site Web. Le prix des billets chez TKTS est nettement inf\u00e9rieur \u00e0 celui des autres sites Web.    <\/p>\n<p><strong>Billets \u00ab Rush \u00bb ou \u00ab loterie \u00bb<\/strong><br \/>De nombreux th\u00e9\u00e2tres proposent des billets sp\u00e9ciaux pour les spectacles \u00e0 guichet ferm\u00e9 le jour m\u00eame \u00e0 un prix tr\u00e8s raisonnable. Les billets pour les spectacles de Broadway peuvent \u00eatre achet\u00e9s pour seulement 20 $ par billet. Ils peuvent \u00eatre achet\u00e9s \u00e0 la billetterie du th\u00e9\u00e2tre le jour de la repr\u00e9sentation. Certains th\u00e9\u00e2tres proposent \u00e9galement des billets pour les spectacles en urgence sur mobile via TodayTix.   <\/p>\n<p>Quelques productions proposent des billets bon march\u00e9 le jour m\u00eame gr\u00e2ce \u00e0 la m\u00e9thode de loterie en personne. Les noms sont tir\u00e9s au sort \u00e0 la billetterie quelques heures avant le d\u00e9but du spectacle. Cependant, la plupart des spectacles de Broadway organisent d\u00e9sormais des loteries num\u00e9riquement via TodayTix ou par leurs propres moyens. Vous pouvez consulter les listes pratiques sur Broadway for Broke People pour savoir quels th\u00e9\u00e2tres proposent des billets \u00e0 prix r\u00e9duit et des loteries.   <\/p>\n<ul>\n<li><strong>Devenir membre<\/strong><br \/>La plupart des compagnies de th\u00e9\u00e2tre proposent des formules d&rsquo;adh\u00e9sion. Vous pouvez payer une cotisation \u00e0 l&rsquo;avance et en \u00e9change, vous b\u00e9n\u00e9ficierez de billets \u00e0 prix r\u00e9duit toute l&rsquo;ann\u00e9e. Cela vous permet \u00e9galement d&rsquo;acheter des billets avant leur mise en vente. C&rsquo;est tr\u00e8s utile lorsque les th\u00e9\u00e2tres proposent des spectacles qui suscitent beaucoup d&rsquo;int\u00e9r\u00eat \u00e0 l&rsquo;avance. Vous pouvez \u00e9galement souscrire une adh\u00e9sion annuelle aupr\u00e8s de TDF. Cela vous permettra de profiter des offres de billets bien \u00e0 l&rsquo;avance.     <\/li>\n<li><strong>Bonus : pour les jeunes<\/strong><br \/>Les th\u00e9\u00e2tres \u00e0 but non lucratif ont des programmes qui encouragent le jeune public. En rejoignant le programme Hiptix, les personnes \u00e2g\u00e9es de 18 \u00e0 40 ans peuvent acheter des billets \u00e0 la Roundabout Theater Company pour seulement 30 $. Le programme LincTix du Lincoln Center Theater pour les jeunes de 21 \u00e0 35 ans propose des billets \u00e0 32 $ pour tous les spectacles. De m\u00eame, le Manhattan Theatre Club propose des billets \u00e0 30 $ pour les clients de 35 ans ou moins.   <\/li>\n<\/ul>\n\t\t\t\t\t\t\t\t<\/div>\n\t\t\t\t<\/div>\n\t\t\t\t<div class=\"elementor-element elementor-element-5b7d56e elementor-widget-divider--view-line elementor-widget elementor-widget-divider\" data-id=\"5b7d56e\" data-element_type=\"widget\" data-e-type=\"widget\" data-widget_type=\"divider.default\">\n\t\t\t\t<div class=\"elementor-widget-container\">\n\t\t\t\t\t\t\t<div class=\"elementor-divider\">\n\t\t\t<span class=\"elementor-divider-separator\">\n\t\t\t\t\t\t<\/span>\n\t\t<\/div>\n\t\t\t\t\t\t<\/div>\n\t\t\t\t<\/div>\n\t\t\t\t<div class=\"elementor-element elementor-element-2a620ff elementor-widget elementor-widget-text-editor\" data-id=\"2a620ff\" data-element_type=\"widget\" data-e-type=\"widget\" data-widget_type=\"text-editor.default\">\n\t\t\t\t<div class=\"elementor-widget-container\">\n\t\t\t\t\t\t\t\t\t<p><strong>Pour figurer sur notre panneau d&rsquo;affichage \u00e0 Times Square, veuillez consulter notre section CONTACT.<\/strong><\/p>\n<p>Voici comment cela fonctionne :<\/p>\n<p>Qu&rsquo;il s&rsquo;agisse d&rsquo;un anniversaire, d&rsquo;une demande en mariage, d&rsquo;un anniversaire ou d&rsquo;une simple d\u00e9claration d&rsquo;amour, nous avons tout pr\u00e9vu. Ne soyez pas un visage dans la foule ! <br \/>Affichez votre photo ou votre vid\u00e9o sur notre panneau d&rsquo;affichage \u00e0 Times Square !<\/p>\n<p>Option 1 : Votre vid\u00e9o\/photo de 60 secondes sera affich\u00e9e 22 fois par jour.<br \/>Option 2 : Votre vid\u00e9o\/photo de 30 secondes sera affich\u00e9e 44 fois par jour<br \/>Option 3 : Votre vid\u00e9o\/photo de 15 secondes sera affich\u00e9e 88 fois par jour.<\/p>\n<p>Notre panneau d&rsquo;affichage mesure 31 pieds x 55 pieds et est situ\u00e9 au 1560 Broadway (\u00e0 l&rsquo;angle de Broadway et de la 46e rue, juste au-dessus du magasin Pel\u00e9).<\/p>\n<p>Ne soyez pas un visage dans la foule !<\/p>\n\t\t\t\t\t\t\t\t<\/div>\n\t\t\t\t<\/div>\n\t\t\t\t\t<\/div>\n\t\t\t\t<\/div>\n\t\t\t\t<\/div>\n\t\t","protected":false},"excerpt":{"rendered":"Comment acheter des billets pour Broadway C'est d\u00e9sormais officiel : les com\u00e9dies musicales, pi\u00e8ces de th\u00e9\u00e2tre et autres spectacles en direct ont repris et la Great White Way a repris ses activit\u00e9s. Le gouverneur de l'\u00c9tat de New York, Andrew Cuomo, autorise la r\u00e9ouverture des th\u00e9\u00e2tres pour les repr\u00e9sentations en direct \u00e0 partir du 14 [...]<a href=\"https:\/\/welcome-to-times-square.com\/fr\/broadway-tickets\/\" class=\"read-more wyz-secondary-color-text\">read more<span class=\"screen-reader-text\">Billets pour Broadway<\/span><\/a>","protected":false},"author":53,"featured_media":0,"parent":0,"menu_order":0,"comment_status":"closed","ping_status":"closed","template":"elementor_header_footer","meta":{"footnotes":""},"class_list":["post-9264","page","type-page","status-publish","hentry"],"yoast_head":"<!-- This site is optimized with the Yoast SEO plugin v27.2 - https:\/\/yoast.com\/product\/yoast-seo-wordpress\/ -->\n<title>Billets pour Broadway - times-square<\/title>\n<meta name=\"robots\" content=\"index, follow, max-snippet:-1, max-image-preview:large, max-video-preview:-1\" \/>\n<link rel=\"canonical\" href=\"https:\/\/welcome-to-times-square.com\/fr\/broadway-tickets\/\" \/>\n<meta property=\"og:locale\" content=\"fr_FR\" \/>\n<meta property=\"og:type\" content=\"article\" \/>\n<meta property=\"og:title\" content=\"Billets pour Broadway - times-square\" \/>\n<meta property=\"og:description\" content=\"Comment acheter des billets pour Broadway C&rsquo;est d\u00e9sormais officiel : les com\u00e9dies musicales, pi\u00e8ces de th\u00e9\u00e2tre et autres spectacles en direct ont repris et la Great White Way a repris ses activit\u00e9s. Le gouverneur de l&rsquo;\u00c9tat de New York, Andrew Cuomo, autorise la r\u00e9ouverture des th\u00e9\u00e2tres pour les repr\u00e9sentations en direct \u00e0 partir du 14 [...]read moreBillets pour Broadway\" \/>\n<meta property=\"og:url\" content=\"https:\/\/welcome-to-times-square.com\/fr\/broadway-tickets\/\" \/>\n<meta property=\"og:site_name\" content=\"times-square\" \/>\n<meta property=\"article:modified_time\" content=\"2025-01-20T07:39:13+00:00\" \/>\n<meta name=\"twitter:card\" content=\"summary_large_image\" \/>\n<meta name=\"twitter:label1\" content=\"Dur\u00e9e de lecture estim\u00e9e\" \/>\n\t<meta name=\"twitter:data1\" content=\"4 minutes\" \/>\n<script type=\"application\/ld+json\" class=\"yoast-schema-graph\">{\"@context\":\"https:\/\/schema.org\",\"@graph\":[{\"@type\":\"WebPage\",\"@id\":\"https:\/\/welcome-to-times-square.com\/fr\/broadway-tickets\/\",\"url\":\"https:\/\/welcome-to-times-square.com\/fr\/broadway-tickets\/\",\"name\":\"Billets pour Broadway - times-square\",\"isPartOf\":{\"@id\":\"https:\/\/welcome-to-times-square.com\/fr\/#website\"},\"datePublished\":\"2021-09-02T12:50:38+00:00\",\"dateModified\":\"2025-01-20T07:39:13+00:00\",\"breadcrumb\":{\"@id\":\"https:\/\/welcome-to-times-square.com\/fr\/broadway-tickets\/#breadcrumb\"},\"inLanguage\":\"fr-FR\",\"potentialAction\":[{\"@type\":\"ReadAction\",\"target\":[\"https:\/\/welcome-to-times-square.com\/fr\/broadway-tickets\/\"]}]},{\"@type\":\"BreadcrumbList\",\"@id\":\"https:\/\/welcome-to-times-square.com\/fr\/broadway-tickets\/#breadcrumb\",\"itemListElement\":[{\"@type\":\"ListItem\",\"position\":1,\"name\":\"Home\",\"item\":\"https:\/\/welcome-to-times-square.com\/fr\/\"},{\"@type\":\"ListItem\",\"position\":2,\"name\":\"Billets pour Broadway\"}]},{\"@type\":\"WebSite\",\"@id\":\"https:\/\/welcome-to-times-square.com\/fr\/#website\",\"url\":\"https:\/\/welcome-to-times-square.com\/fr\/\",\"name\":\"times-square\",\"description\":\"times-square\",\"publisher\":{\"@id\":\"https:\/\/welcome-to-times-square.com\/fr\/#organization\"},\"potentialAction\":[{\"@type\":\"SearchAction\",\"target\":{\"@type\":\"EntryPoint\",\"urlTemplate\":\"https:\/\/welcome-to-times-square.com\/fr\/?s={search_term_string}\"},\"query-input\":{\"@type\":\"PropertyValueSpecification\",\"valueRequired\":true,\"valueName\":\"search_term_string\"}}],\"inLanguage\":\"fr-FR\"},{\"@type\":\"Organization\",\"@id\":\"https:\/\/welcome-to-times-square.com\/fr\/#organization\",\"name\":\"times-square\",\"url\":\"https:\/\/welcome-to-times-square.com\/fr\/\",\"logo\":{\"@type\":\"ImageObject\",\"inLanguage\":\"fr-FR\",\"@id\":\"https:\/\/welcome-to-times-square.com\/fr\/#\/schema\/logo\/image\/\",\"url\":\"https:\/\/welcome-to-times-square.com\/wp-content\/uploads\/2024\/03\/welcome-to-time-square-logo-with-r.png\",\"contentUrl\":\"https:\/\/welcome-to-times-square.com\/wp-content\/uploads\/2024\/03\/welcome-to-time-square-logo-with-r.png\",\"width\":500,\"height\":342,\"caption\":\"times-square\"},\"image\":{\"@id\":\"https:\/\/welcome-to-times-square.com\/fr\/#\/schema\/logo\/image\/\"}}]}<\/script>\n<!-- \/ Yoast SEO plugin. -->","yoast_head_json":{"title":"Billets pour Broadway - times-square","robots":{"index":"index","follow":"follow","max-snippet":"max-snippet:-1","max-image-preview":"max-image-preview:large","max-video-preview":"max-video-preview:-1"},"canonical":"https:\/\/welcome-to-times-square.com\/fr\/broadway-tickets\/","og_locale":"fr_FR","og_type":"article","og_title":"Billets pour Broadway - times-square","og_description":"Comment acheter des billets pour Broadway C&rsquo;est d\u00e9sormais officiel : les com\u00e9dies musicales, pi\u00e8ces de th\u00e9\u00e2tre et autres spectacles en direct ont repris et la Great White Way a repris ses activit\u00e9s. Le gouverneur de l&rsquo;\u00c9tat de New York, Andrew Cuomo, autorise la r\u00e9ouverture des th\u00e9\u00e2tres pour les repr\u00e9sentations en direct \u00e0 partir du 14 [...]read moreBillets pour Broadway","og_url":"https:\/\/welcome-to-times-square.com\/fr\/broadway-tickets\/","og_site_name":"times-square","article_modified_time":"2025-01-20T07:39:13+00:00","twitter_card":"summary_large_image","twitter_misc":{"Dur\u00e9e de lecture estim\u00e9e":"4 minutes"},"schema":{"@context":"https:\/\/schema.org","@graph":[{"@type":"WebPage","@id":"https:\/\/welcome-to-times-square.com\/fr\/broadway-tickets\/","url":"https:\/\/welcome-to-times-square.com\/fr\/broadway-tickets\/","name":"Billets pour Broadway - times-square","isPartOf":{"@id":"https:\/\/welcome-to-times-square.com\/fr\/#website"},"datePublished":"2021-09-02T12:50:38+00:00","dateModified":"2025-01-20T07:39:13+00:00","breadcrumb":{"@id":"https:\/\/welcome-to-times-square.com\/fr\/broadway-tickets\/#breadcrumb"},"inLanguage":"fr-FR","potentialAction":[{"@type":"ReadAction","target":["https:\/\/welcome-to-times-square.com\/fr\/broadway-tickets\/"]}]},{"@type":"BreadcrumbList","@id":"https:\/\/welcome-to-times-square.com\/fr\/broadway-tickets\/#breadcrumb","itemListElement":[{"@type":"ListItem","position":1,"name":"Home","item":"https:\/\/welcome-to-times-square.com\/fr\/"},{"@type":"ListItem","position":2,"name":"Billets pour Broadway"}]},{"@type":"WebSite","@id":"https:\/\/welcome-to-times-square.com\/fr\/#website","url":"https:\/\/welcome-to-times-square.com\/fr\/","name":"times-square","description":"times-square","publisher":{"@id":"https:\/\/welcome-to-times-square.com\/fr\/#organization"},"potentialAction":[{"@type":"SearchAction","target":{"@type":"EntryPoint","urlTemplate":"https:\/\/welcome-to-times-square.com\/fr\/?s={search_term_string}"},"query-input":{"@type":"PropertyValueSpecification","valueRequired":true,"valueName":"search_term_string"}}],"inLanguage":"fr-FR"},{"@type":"Organization","@id":"https:\/\/welcome-to-times-square.com\/fr\/#organization","name":"times-square","url":"https:\/\/welcome-to-times-square.com\/fr\/","logo":{"@type":"ImageObject","inLanguage":"fr-FR","@id":"https:\/\/welcome-to-times-square.com\/fr\/#\/schema\/logo\/image\/","url":"https:\/\/welcome-to-times-square.com\/wp-content\/uploads\/2024\/03\/welcome-to-time-square-logo-with-r.png","contentUrl":"https:\/\/welcome-to-times-square.com\/wp-content\/uploads\/2024\/03\/welcome-to-time-square-logo-with-r.png","width":500,"height":342,"caption":"times-square"},"image":{"@id":"https:\/\/welcome-to-times-square.com\/fr\/#\/schema\/logo\/image\/"}}]}},"_hostinger_reach_plugin_has_subscription_block":false,"_hostinger_reach_plugin_is_elementor":false,"_links":{"self":[{"href":"https:\/\/welcome-to-times-square.com\/fr\/wp-json\/wp\/v2\/pages\/9264","targetHints":{"allow":["GET"]}}],"collection":[{"href":"https:\/\/welcome-to-times-square.com\/fr\/wp-json\/wp\/v2\/pages"}],"about":[{"href":"https:\/\/welcome-to-times-square.com\/fr\/wp-json\/wp\/v2\/types\/page"}],"author":[{"embeddable":true,"href":"https:\/\/welcome-to-times-square.com\/fr\/wp-json\/wp\/v2\/users\/53"}],"replies":[{"embeddable":true,"href":"https:\/\/welcome-to-times-square.com\/fr\/wp-json\/wp\/v2\/comments?post=9264"}],"version-history":[{"count":2,"href":"https:\/\/welcome-to-times-square.com\/fr\/wp-json\/wp\/v2\/pages\/9264\/revisions"}],"predecessor-version":[{"id":9270,"href":"https:\/\/welcome-to-times-square.com\/fr\/wp-json\/wp\/v2\/pages\/9264\/revisions\/9270"}],"wp:attachment":[{"href":"https:\/\/welcome-to-times-square.com\/fr\/wp-json\/wp\/v2\/media?parent=9264"}],"curies":[{"name":"wp","href":"https:\/\/api.w.org\/{rel}","templated":true}]}}