{"id":9294,"date":"2021-07-21T14:55:20","date_gmt":"2021-07-21T14:55:20","guid":{"rendered":"https:\/\/welcome-to-times-square.com\/20-principles-for-creating-change\/"},"modified":"2025-06-09T11:27:19","modified_gmt":"2025-06-09T11:27:19","slug":"20-principles-for-creating-change","status":"publish","type":"page","link":"https:\/\/welcome-to-times-square.com\/fr\/20-principles-for-creating-change\/","title":{"rendered":"Public Spaces and Urban Life"},"content":{"rendered":"<p>[vc_row full_width=\u00a0\u00bbstretch_row\u00a0\u00bb css=\u00a0\u00bb.vc_custom_1627402630091{margin-top: 28px !important;margin-right: 0px !important;margin-bottom: 0px !important;margin-left: 0px !important;padding-top: 0px !important;padding-right: 0px !important;padding-bottom: 0px !important;padding-left: 0px !important;}\u00a0\u00bb el_class=\u00a0\u00bbmain-97676&Prime;][vc_column css=\u00a0\u00bb.vc_custom_1626939874126{margin: 0px !important;padding: 0px !important;border: 0px initial !important;}\u00a0\u00bb][vc_row_inner equal_height=\u00a0\u00bbyes\u00a0\u00bb el_class=\u00a0\u00bbtext-banner11&Prime;][vc_column_inner width=\u00a0\u00bb1\/2&Prime; css=\u00a0\u00bb.vc_custom_1626940693197{margin-top: 0px !important;margin-right: 0px !important;margin-bottom: 0px !important;margin-left: 0px !important;padding-top: 20px !important;padding-right: 20px !important;padding-bottom: 20px !important;padding-left: 20px !important;background-image: url(https:\/\/welcome-to-times-square.com\/wp-content\/uploads\/2021\/07\/dd1.jpg?id=1431) !important;background-position: center !important;background-repeat: no-repeat !important;background-size: cover !important;}\u00a0\u00bb][vc_column_text]<\/p>\n<h2>Public Spaces and Urban Life<\/h2>\n<div id=\"gtx-trans\" style=\"position: absolute; left: 281px; top: 38px;\">\n<div class=\"gtx-trans-icon\"><\/div>\n<\/div>\n<p>[\/vc_column_text][vc_column_text]Selon ONU-Habitat, les caract\u00e9ristiques cl\u00e9s qui favorisent un d\u00e9veloppement urbain durable sont une vie urbaine dynamique, la praticabilit\u00e9 et l&rsquo;accessibilit\u00e9 financi\u00e8re.<\/p>\n<p>Une vie urbaine dynamique\u00a0:<br \/>\nUne vie urbaine dynamique peut \u00eatre favoris\u00e9e et soutenue en r\u00e9duisant la pr\u00e9sence et le r\u00f4le des transports priv\u00e9s, en augmentant la largeur des rues et en favorisant une vari\u00e9t\u00e9 d&rsquo;activit\u00e9s. Cela encourage les d\u00e9placements \u00e0 pied ou \u00e0 v\u00e9lo.<\/p>\n<p>Facilitabilit\u00e9 pi\u00e9tonni\u00e8re\u00a0: Favoriser la praticabilit\u00e9 pi\u00e9tonni\u00e8re est essentiel pour attirer les gens dans l&rsquo;espace public. Cela contribue \u00e9galement \u00e0 r\u00e9duire la congestion et \u00e0 stimuler l&rsquo;\u00e9conomie locale et les interactions. Cela att\u00e9nue \u00e9galement la pollution atmosph\u00e9rique et les probl\u00e8mes d&rsquo;\u00e9puisement des ressources. La vie pi\u00e9tonne apporte du dynamisme \u00e0 la vie urbaine.<\/p>\n<p>Abordabilit\u00e9 financi\u00e8re\u00a0: Soutenir l&rsquo;accessibilit\u00e9 financi\u00e8re des activit\u00e9s \u00e9conomiques et des services en favorisant la proximit\u00e9 et en r\u00e9duisant les co\u00fbts pour un groupe diversifi\u00e9 d&rsquo;usagers. Une ville abordable est la principale caract\u00e9ristique d&rsquo;une ville durable. Les espaces publics d\u00e9terminent les fonctions culturelles, sociales et \u00e9conomiques des villes. Ils sont les premiers indicateurs de l&rsquo;\u00e9tat d&rsquo;un lieu. Le manque de ressources et de compr\u00e9hension pour utiliser l&rsquo;espace public comme un syst\u00e8me urbain complet et multifonctionnel conduit souvent \u00e0 sous-estimer la valeur des espaces publics.[\/vc_column_text][\/vc_column_inner][vc_column_inner width=\u00a0\u00bb1\/2&Prime; css=\u00a0\u00bb.vc_custom_1626939926058{margin: 0px !important;padding: 0px !important;}\u00a0\u00bb][vc_images_carousel images=\u00a0\u00bb1421,1423&Prime; img_size=\u00a0\u00bbfull\u00a0\u00bb onclick=\u00a0\u00bblink_no\u00a0\u00bb speed=\u00a0\u00bb2000&Prime; autoplay=\u00a0\u00bbyes\u00a0\u00bb hide_prev_next_buttons=\u00a0\u00bbyes\u00a0\u00bb wrap=\u00a0\u00bbyes\u00a0\u00bb css=\u00a0\u00bb.vc_custom_1626942472084{margin-top: 0px !important;margin-right: 0px !important;margin-bottom: 0px !important;margin-left: 0px !important;padding-top: 0px !important;padding-right: 0px !important;padding-bottom: 0px !important;padding-left: 0px !important;}\u00a0\u00bb][\/vc_column_inner][\/vc_row_inner][\/vc_column][\/vc_row][vc_row full_width=\u00a0\u00bbstretch_row\u00a0\u00bb css=\u00a0\u00bb.vc_custom_1627402678677{margin-top: 0px !important;padding-top: 0px !important;padding-bottom: 20px !important;background-image: url(https:\/\/welcome-to-times-square.com\/wp-content\/uploads\/2021\/07\/bg676.jpg?id=417) !important;background-position: center !important;background-repeat: no-repeat !important;background-size: cover !important;}\u00a0\u00bb el_class=\u00a0\u00bbmain-title312&Prime;][vc_column width=\u00a0\u00bb1\/2&Prime;][vc_column_text]<\/p>\n<h2 style=\"text-align: left;\">Role and importance of Public Spaces<\/h2>\n<div id=\"gtx-trans\" style=\"position: absolute; left: 315px; top: -5.09375px;\">\n<div class=\"gtx-trans-icon\"><\/div>\n<\/div>\n<p>[\/vc_column_text][\/vc_column][vc_column width=\u00a0\u00bb1\/2&Prime;][vc_column_text]<\/p>\n<h2 style=\"text-align: right; font-size: 16px !important;\"><a style=\"color: #c00;\" href=\"https:\/\/welcome-to-times-square.com\/fr\/\"> HOME <\/a> \/ 20 PRINCIPLES FOR CREATING CHANGE<\/h2>\n<p>[\/vc_column_text][\/vc_column][\/vc_row][vc_row full_width=\u00a0\u00bbstretch_row\u00a0\u00bb css=\u00a0\u00bb.vc_custom_1627404173873{margin-top: 0px !important;margin-right: 0px !important;margin-bottom: 0px !important;margin-left: 0px !important;padding-top: 80px !important;padding-right: 40px !important;padding-bottom: 40px !important;padding-left: 40px !important;background-color: #f3f3f3 !important;}\u00a0\u00bb el_class=\u00a0\u00bbmain-97676&Prime;][vc_column width=\u00a0\u00bb1\/2&Prime; css=\u00a0\u00bb.vc_custom_1626939874126{margin: 0px !important;padding: 0px !important;border: 0px initial !important;}\u00a0\u00bb][vc_single_image image=\u00a0\u00bb1544&Prime; img_size=\u00a0\u00bbfull\u00a0\u00bb][\/vc_column][vc_column width=\u00a0\u00bb1\/2&Prime; el_class=\u00a0\u00bbtext31&Prime;][vc_column_text]\u2022 Espace public\u00a0: le symbole de la civilit\u00e9 urbaine<\/p>\n<p>L&rsquo;espace public permet de pratiquer diverses activit\u00e9s, partag\u00e9es par tous. C&rsquo;est l&rsquo;endroit o\u00f9 l&rsquo;on profite d&rsquo;activit\u00e9s r\u00e9cr\u00e9atives et culturelles, o\u00f9 l&rsquo;on rencontre d&rsquo;autres personnes ou o\u00f9 l&rsquo;on se prom\u00e8ne simplement. Des espaces publics de qualit\u00e9 contribuent \u00e0 un comportement civilis\u00e9, qui \u00e0 son tour peut conduire \u00e0 des espaces publics de qualit\u00e9. L&rsquo;espace public est le lieu o\u00f9 s&rsquo;exprime la civilit\u00e9 de la ville, ce qui en fait le symbole de la civilit\u00e9 urbaine.<\/p>\n<p>\u2022 L&rsquo;espace public, notre bien commun urbain<br \/>\nLa qualit\u00e9 de l&rsquo;espace public d&rsquo;une ville est un indicateur de prosp\u00e9rit\u00e9 partag\u00e9e. C&rsquo;est pourquoi les espaces publics m\u00e9ritent une attention prioritaire. Ils sont au service de tous les habitants, en particulier des groupes d\u00e9favoris\u00e9s, et requi\u00e8rent donc attention et soins. Les espaces publics appartiennent \u00e0 tous les habitants\u00a0; l&rsquo;investissement dans l&rsquo;espace public accro\u00eet le capital urbain partag\u00e9.<\/p>\n<p>\u2022 Espaces publics pour la cr\u00e9ation de richesses.<br \/>\nL&rsquo;espace public offre des avantages importants \u00e0 toutes les formes d&rsquo;entreprises. Les espaces publics sont des lieux o\u00f9 le commerce informel peut s&rsquo;exercer l\u00e9galement. Ils offrent aux citadins les plus pauvres de pr\u00e9cieuses opportunit\u00e9s de subsistance et permettent le commerce informel dans les espaces publics.<\/p>\n<p>\u2022 Les espaces publics favorisent la durabilit\u00e9 environnementale<br \/>\nDes r\u00e9seaux verts peuvent \u00eatre cr\u00e9\u00e9s en zone urbaine gr\u00e2ce \u00e0 des espaces publics bien am\u00e9nag\u00e9s, favorisant la connectivit\u00e9 environnementale gr\u00e2ce aux zoos, aux parcs et \u00e0 la biodiversit\u00e9. Cela cr\u00e9era de nombreux avantages pour les citoyens et attirera les visiteurs. Les espaces publics peuvent jouer un r\u00f4le crucial dans les strat\u00e9gies d&rsquo;adaptation au changement climatique.<\/p>\n<p>\u2022 Les espaces publics am\u00e9liorent l&rsquo;efficacit\u00e9 des transports<br \/>\nEn concevant et en g\u00e9rant les modes de transport et en privil\u00e9giant les itin\u00e9raires cyclables et pi\u00e9tonniers, les espaces publics contribuent \u00e0 r\u00e9duire les embouteillages, les accidents de la route et les temps de trajet. Permettre aux citoyens de se d\u00e9placer librement \u00e0 pied, \u00e0 v\u00e9lo, en voiture ou en transports en commun est l&rsquo;une des principales fonctions des espaces publics. Des espaces publics bien con\u00e7us encouragent la marche et le v\u00e9lo et cr\u00e9ent un environnement s\u00fbr en r\u00e9duisant la vitesse et l&rsquo;utilisation des v\u00e9hicules.<\/p>\n<p>\u2022 Les espaces publics contribuent \u00e0 am\u00e9liorer la sant\u00e9 publique<br \/>\nEn offrant des possibilit\u00e9s d&rsquo;activit\u00e9 physique et de jeu, les espaces publics rendent la marche plus attrayante, contribuent \u00e0 r\u00e9duire le stress et offrent un environnement apaisant. L&rsquo;acc\u00e8s \u00e0 un espace public bien entretenu peut contribuer \u00e0 am\u00e9liorer la sant\u00e9 physique et mentale en permettant de marcher davantage, de jouer et de profiter de l&rsquo;environnement. Ce sont des armes puissantes pour lutter contre de nombreuses formes de probl\u00e8mes de sant\u00e9.<\/p>\n<p>\u2022 L&rsquo;espace public renforce la s\u00e9curit\u00e9 urbaine<br \/>\nUn espace public diversifi\u00e9 offre un lieu anim\u00e9 et dynamique qui r\u00e9duit l&rsquo;ins\u00e9curit\u00e9. La peur de la criminalit\u00e9 dissuade les gens d&rsquo;utiliser les espaces publics. Les enfants, les femmes et les personnes \u00e2g\u00e9es sont souvent emp\u00each\u00e9s d&rsquo;utiliser les parcs et les places par crainte de la criminalit\u00e9 et de la violence. La transformation et une meilleure gestion de l&rsquo;espace public peuvent contribuer \u00e0 apaiser ces craintes en attirant un large \u00e9ventail de personnes.<\/p>\n<p>\u2022 Les espaces publics favorisent l&rsquo;\u00e9quit\u00e9 et l&rsquo;inclusion sociale<br \/>\nL&rsquo;espace public favorise l&rsquo;engagement et la participation citoyenne. Une ville est ainsi fa\u00e7onn\u00e9e par sa population, qui d\u00e9pend en grande partie de l&rsquo;\u00e9galit\u00e9 des chances de d\u00e9veloppement offerte aux habitants par les syst\u00e8mes urbains.<\/p>\n<p>\u2022 Espaces publics\u00a0: des outils pour des villes adapt\u00e9es aux personnes \u00e2g\u00e9es et \u00e0 l&rsquo;\u00e9galit\u00e9 des genres<br \/>\nLes espaces publics et les rues sont d&rsquo;excellents outils pour cr\u00e9er des villes adapt\u00e9es aux femmes. Les rues et les espaces publics sont plus fr\u00e9quemment utilis\u00e9s par les femmes que par les hommes, \u00e0 diverses fins. Il est donc important de leur offrir des rues et des espaces publics s\u00fbrs. Ainsi, une ville adapt\u00e9e aux femmes est une ville qui offre de meilleurs services et des espaces publics plus s\u00fbrs.<\/p>\n<p>\u2022 Les espaces publics offrent des opportunit\u00e9s id\u00e9ales pour susciter l&rsquo;engagement citoyen.<br \/>\nSouvent, les citoyens se mobilisent autour d&rsquo;un espace public qu&rsquo;ils souhaitent cr\u00e9er ou entretenir. L&rsquo;espace public a donc le pouvoir de cr\u00e9er du capital social.<\/p>\n<p>\u2022 Les espaces publics contribuent \u00e0 la grandeur des villes.<br \/>\nLes villes ne peuvent devenir grandes que si elles se mobilisent pour d\u00e9velopper un syst\u00e8me d&rsquo;espaces publics performant. Les grandes villes ne se d\u00e9finissent pas uniquement par leurs b\u00e2timents, mais aussi par la qualit\u00e9 de l&rsquo;am\u00e9nagement et de l&rsquo;entretien de leurs espaces publics.[\/vc_column_text][\/vc_column][\/vc_row][vc_row][vc_column][vc_raw_html]JTNDJTIxLS0lMjBNZXRhJTIwUGl4ZWwlMjBDb2RlJTIwLS0lM0UlMEElM0NzY3JpcHQlM0UlMEElMjFmdW5jdGlvbiUyOGYlMkNiJTJDZSUyQ3YlMkNuJTJDdCUyQ3MlMjklMEElN0JpZiUyOGYuZmJxJTI5cmV0dXJuJTNCbiUzRGYuZmJxJTNEZnVuY3Rpb24lMjglMjklN0JuLmNhbGxNZXRob2QlM0YlMEFuLmNhbGxNZXRob2QuYXBwbHklMjhuJTJDYXJndW1lbnRzJTI5JTNBbi5xdWV1ZS5wdXNoJTI4YXJndW1lbnRzJTI5JTdEJTNCJTBBaWYlMjglMjFmLl9mYnElMjlmLl9mYnElM0RuJTNCbi5wdXNoJTNEbiUzQm4ubG9hZGVkJTNEJTIxMCUzQm4udmVyc2lvbiUzRCUyNzIuMCUyNyUzQiUwQW4ucXVldWUlM0QlNUIlNUQlM0J0JTNEYi5jcmVhdGVFbGVtZW50JTI4ZSUyOSUzQnQuYXN5bmMlM0QlMjEwJTNCJTBBdC5zcmMlM0R2JTNCcyUzRGIuZ2V0RWxlbWVudHNCeVRhZ05hbWUlMjhlJTI5JTVCMCU1RCUzQiUwQXMucGFyZW50Tm9kZS5pbnNlcnRCZWZvcmUlMjh0JTJDcyUyOSU3RCUyOHdpbmRvdyUyQyUyMGRvY3VtZW50JTJDJTI3c2NyaXB0JTI3JTJDJTBBJTI3aHR0cHMlM0ElMkYlMkZjb25uZWN0LmZhY2Vib29rLm5ldCUyRmVuX1VTJTJGZmJldmVudHMuanMlMjclMjklM0IlMEFmYnElMjglMjdpbml0JTI3JTJDJTIwJTI3MTc1MTgxMTAwODYyNDAzOSUyNyUyOSUzQiUwQWZicSUyOCUyN3RyYWNrJTI3JTJDJTIwJTI3UGFnZVZpZXclMjclMjklM0IlMEElM0MlMkZzY3JpcHQlM0UlMEElM0Nub3NjcmlwdCUzRSUzQ2ltZyUyMGhlaWdodCUzRCUyMjElMjIlMjB3aWR0aCUzRCUyMjElMjIlMjBzdHlsZSUzRCUyMmRpc3BsYXklM0Fub25lJTIyJTBBc3JjJTNEJTIyaHR0cHMlM0ElMkYlMkZ3d3cuZmFjZWJvb2suY29tJTJGdHIlM0ZpZCUzRDE3NTE4MTEwMDg2MjQwMzklMjZldiUzRFBhZ2VWaWV3JTI2bm9zY3JpcHQlM0QxJTIyJTBBJTJGJTNFJTNDJTJGbm9zY3JpcHQlM0UlMEElM0MlMjEtLSUyMEVuZCUyME1ldGElMjBQaXhlbCUyMENvZGUlMjAtLSUzRQ==[\/vc_raw_html][\/vc_column][\/vc_row]<\/p>\n","protected":false},"excerpt":{"rendered":"[vc_row full_width=\"stretch_row\" css=\".vc_custom_1627402630091{margin-top: 28px !important;margin-right: 0px !important;margin-bottom: 0px !important;margin-left: 0px !important;padding-top: 0px !important;padding-right: 0px !important;padding-bottom: 0px !important;padding-left: 0px !important;}\" el_class=\"main-97676\"][vc_column css=\".vc_custom_1626939874126{margin: 0px !important;padding: 0px !important;border: 0px initial !important;}\"][vc_row_inner equal_height=\"yes\" el_class=\"text-banner11\"][vc_column_inner width=\"1\/2\" css=\".vc_custom_1626940693197{margin-top: 0px !important;margin-right: 0px !important;margin-bottom: 0px !important;margin-left: 0px !important;padding-top: 20px !important;padding-right: 20px !important;padding-bottom: 20px !important;padding-left: 20px !important;background-image: url(https:\/\/welcome-to-times-square.com\/wp-content\/uploads\/2021\/07\/dd1.jpg?id=1431) !important;background-position: center !important;background-repeat: no-repeat !important;background-size: cover [...]<a href=\"https:\/\/welcome-to-times-square.com\/fr\/20-principles-for-creating-change\/\" class=\"read-more wyz-secondary-color-text\">read more<span class=\"screen-reader-text\">Public Spaces and Urban Life<\/span><\/a>","protected":false},"author":53,"featured_media":0,"parent":0,"menu_order":0,"comment_status":"closed","ping_status":"closed","template":"","meta":{"footnotes":""},"class_list":["post-9294","page","type-page","status-publish","hentry"],"yoast_head":"<!-- This site is optimized with the Yoast SEO plugin v27.2 - https:\/\/yoast.com\/product\/yoast-seo-wordpress\/ -->\n<title>Public Spaces and Urban Life - times-square<\/title>\n<meta name=\"robots\" content=\"index, follow, max-snippet:-1, max-image-preview:large, max-video-preview:-1\" \/>\n<link rel=\"canonical\" href=\"https:\/\/welcome-to-times-square.com\/fr\/20-principles-for-creating-change\/\" \/>\n<meta property=\"og:locale\" content=\"fr_FR\" \/>\n<meta property=\"og:type\" content=\"article\" \/>\n<meta property=\"og:title\" content=\"Public Spaces and Urban Life - times-square\" \/>\n<meta property=\"og:description\" content=\"[vc_row full_width=\u00a0\u00bbstretch_row\u00a0\u00bb css=\u00a0\u00bb.vc_custom_1627402630091{margin-top: 28px !important;margin-right: 0px !important;margin-bottom: 0px !important;margin-left: 0px !important;padding-top: 0px !important;padding-right: 0px !important;padding-bottom: 0px !important;padding-left: 0px !important;}\u00a0\u00bb el_class=\u00a0\u00bbmain-97676&Prime;][vc_column css=\u00a0\u00bb.vc_custom_1626939874126{margin: 0px !important;padding: 0px !important;border: 0px initial !important;}\u00a0\u00bb][vc_row_inner equal_height=\u00a0\u00bbyes\u00a0\u00bb el_class=\u00a0\u00bbtext-banner11&Prime;][vc_column_inner width=\u00a0\u00bb1\/2&Prime; css=\u00a0\u00bb.vc_custom_1626940693197{margin-top: 0px !important;margin-right: 0px !important;margin-bottom: 0px !important;margin-left: 0px !important;padding-top: 20px !important;padding-right: 20px !important;padding-bottom: 20px !important;padding-left: 20px !important;background-image: url(https:\/\/welcome-to-times-square.com\/wp-content\/uploads\/2021\/07\/dd1.jpg?id=1431) !important;background-position: center !important;background-repeat: no-repeat !important;background-size: cover [...]read morePublic Spaces and Urban Life\" \/>\n<meta property=\"og:url\" content=\"https:\/\/welcome-to-times-square.com\/fr\/20-principles-for-creating-change\/\" \/>\n<meta property=\"og:site_name\" content=\"times-square\" \/>\n<meta property=\"article:modified_time\" content=\"2025-06-09T11:27:19+00:00\" \/>\n<meta name=\"twitter:card\" content=\"summary_large_image\" \/>\n<meta name=\"twitter:label1\" content=\"Dur\u00e9e de lecture estim\u00e9e\" \/>\n\t<meta name=\"twitter:data1\" content=\"6 minutes\" \/>\n<script type=\"application\/ld+json\" class=\"yoast-schema-graph\">{\"@context\":\"https:\/\/schema.org\",\"@graph\":[{\"@type\":\"WebPage\",\"@id\":\"https:\/\/welcome-to-times-square.com\/fr\/20-principles-for-creating-change\/\",\"url\":\"https:\/\/welcome-to-times-square.com\/fr\/20-principles-for-creating-change\/\",\"name\":\"Public Spaces and Urban Life - times-square\",\"isPartOf\":{\"@id\":\"https:\/\/welcome-to-times-square.com\/fr\/#website\"},\"datePublished\":\"2021-07-21T14:55:20+00:00\",\"dateModified\":\"2025-06-09T11:27:19+00:00\",\"breadcrumb\":{\"@id\":\"https:\/\/welcome-to-times-square.com\/fr\/20-principles-for-creating-change\/#breadcrumb\"},\"inLanguage\":\"fr-FR\",\"potentialAction\":[{\"@type\":\"ReadAction\",\"target\":[\"https:\/\/welcome-to-times-square.com\/fr\/20-principles-for-creating-change\/\"]}]},{\"@type\":\"BreadcrumbList\",\"@id\":\"https:\/\/welcome-to-times-square.com\/fr\/20-principles-for-creating-change\/#breadcrumb\",\"itemListElement\":[{\"@type\":\"ListItem\",\"position\":1,\"name\":\"Home\",\"item\":\"https:\/\/welcome-to-times-square.com\/fr\/\"},{\"@type\":\"ListItem\",\"position\":2,\"name\":\"Public Spaces and Urban Life\"}]},{\"@type\":\"WebSite\",\"@id\":\"https:\/\/welcome-to-times-square.com\/fr\/#website\",\"url\":\"https:\/\/welcome-to-times-square.com\/fr\/\",\"name\":\"times-square\",\"description\":\"times-square\",\"publisher\":{\"@id\":\"https:\/\/welcome-to-times-square.com\/fr\/#organization\"},\"potentialAction\":[{\"@type\":\"SearchAction\",\"target\":{\"@type\":\"EntryPoint\",\"urlTemplate\":\"https:\/\/welcome-to-times-square.com\/fr\/?s={search_term_string}\"},\"query-input\":{\"@type\":\"PropertyValueSpecification\",\"valueRequired\":true,\"valueName\":\"search_term_string\"}}],\"inLanguage\":\"fr-FR\"},{\"@type\":\"Organization\",\"@id\":\"https:\/\/welcome-to-times-square.com\/fr\/#organization\",\"name\":\"times-square\",\"url\":\"https:\/\/welcome-to-times-square.com\/fr\/\",\"logo\":{\"@type\":\"ImageObject\",\"inLanguage\":\"fr-FR\",\"@id\":\"https:\/\/welcome-to-times-square.com\/fr\/#\/schema\/logo\/image\/\",\"url\":\"https:\/\/welcome-to-times-square.com\/wp-content\/uploads\/2024\/03\/welcome-to-time-square-logo-with-r.png\",\"contentUrl\":\"https:\/\/welcome-to-times-square.com\/wp-content\/uploads\/2024\/03\/welcome-to-time-square-logo-with-r.png\",\"width\":500,\"height\":342,\"caption\":\"times-square\"},\"image\":{\"@id\":\"https:\/\/welcome-to-times-square.com\/fr\/#\/schema\/logo\/image\/\"}}]}<\/script>\n<!-- \/ Yoast SEO plugin. -->","yoast_head_json":{"title":"Public Spaces and Urban Life - times-square","robots":{"index":"index","follow":"follow","max-snippet":"max-snippet:-1","max-image-preview":"max-image-preview:large","max-video-preview":"max-video-preview:-1"},"canonical":"https:\/\/welcome-to-times-square.com\/fr\/20-principles-for-creating-change\/","og_locale":"fr_FR","og_type":"article","og_title":"Public Spaces and Urban Life - times-square","og_description":"[vc_row full_width=\u00a0\u00bbstretch_row\u00a0\u00bb css=\u00a0\u00bb.vc_custom_1627402630091{margin-top: 28px !important;margin-right: 0px !important;margin-bottom: 0px !important;margin-left: 0px !important;padding-top: 0px !important;padding-right: 0px !important;padding-bottom: 0px !important;padding-left: 0px !important;}\u00a0\u00bb el_class=\u00a0\u00bbmain-97676&Prime;][vc_column css=\u00a0\u00bb.vc_custom_1626939874126{margin: 0px !important;padding: 0px !important;border: 0px initial !important;}\u00a0\u00bb][vc_row_inner equal_height=\u00a0\u00bbyes\u00a0\u00bb el_class=\u00a0\u00bbtext-banner11&Prime;][vc_column_inner width=\u00a0\u00bb1\/2&Prime; css=\u00a0\u00bb.vc_custom_1626940693197{margin-top: 0px !important;margin-right: 0px !important;margin-bottom: 0px !important;margin-left: 0px !important;padding-top: 20px !important;padding-right: 20px !important;padding-bottom: 20px !important;padding-left: 20px !important;background-image: url(https:\/\/welcome-to-times-square.com\/wp-content\/uploads\/2021\/07\/dd1.jpg?id=1431) !important;background-position: center !important;background-repeat: no-repeat !important;background-size: cover [...]read morePublic Spaces and Urban Life","og_url":"https:\/\/welcome-to-times-square.com\/fr\/20-principles-for-creating-change\/","og_site_name":"times-square","article_modified_time":"2025-06-09T11:27:19+00:00","twitter_card":"summary_large_image","twitter_misc":{"Dur\u00e9e de lecture estim\u00e9e":"6 minutes"},"schema":{"@context":"https:\/\/schema.org","@graph":[{"@type":"WebPage","@id":"https:\/\/welcome-to-times-square.com\/fr\/20-principles-for-creating-change\/","url":"https:\/\/welcome-to-times-square.com\/fr\/20-principles-for-creating-change\/","name":"Public Spaces and Urban Life - times-square","isPartOf":{"@id":"https:\/\/welcome-to-times-square.com\/fr\/#website"},"datePublished":"2021-07-21T14:55:20+00:00","dateModified":"2025-06-09T11:27:19+00:00","breadcrumb":{"@id":"https:\/\/welcome-to-times-square.com\/fr\/20-principles-for-creating-change\/#breadcrumb"},"inLanguage":"fr-FR","potentialAction":[{"@type":"ReadAction","target":["https:\/\/welcome-to-times-square.com\/fr\/20-principles-for-creating-change\/"]}]},{"@type":"BreadcrumbList","@id":"https:\/\/welcome-to-times-square.com\/fr\/20-principles-for-creating-change\/#breadcrumb","itemListElement":[{"@type":"ListItem","position":1,"name":"Home","item":"https:\/\/welcome-to-times-square.com\/fr\/"},{"@type":"ListItem","position":2,"name":"Public Spaces and Urban Life"}]},{"@type":"WebSite","@id":"https:\/\/welcome-to-times-square.com\/fr\/#website","url":"https:\/\/welcome-to-times-square.com\/fr\/","name":"times-square","description":"times-square","publisher":{"@id":"https:\/\/welcome-to-times-square.com\/fr\/#organization"},"potentialAction":[{"@type":"SearchAction","target":{"@type":"EntryPoint","urlTemplate":"https:\/\/welcome-to-times-square.com\/fr\/?s={search_term_string}"},"query-input":{"@type":"PropertyValueSpecification","valueRequired":true,"valueName":"search_term_string"}}],"inLanguage":"fr-FR"},{"@type":"Organization","@id":"https:\/\/welcome-to-times-square.com\/fr\/#organization","name":"times-square","url":"https:\/\/welcome-to-times-square.com\/fr\/","logo":{"@type":"ImageObject","inLanguage":"fr-FR","@id":"https:\/\/welcome-to-times-square.com\/fr\/#\/schema\/logo\/image\/","url":"https:\/\/welcome-to-times-square.com\/wp-content\/uploads\/2024\/03\/welcome-to-time-square-logo-with-r.png","contentUrl":"https:\/\/welcome-to-times-square.com\/wp-content\/uploads\/2024\/03\/welcome-to-time-square-logo-with-r.png","width":500,"height":342,"caption":"times-square"},"image":{"@id":"https:\/\/welcome-to-times-square.com\/fr\/#\/schema\/logo\/image\/"}}]}},"_hostinger_reach_plugin_has_subscription_block":false,"_hostinger_reach_plugin_is_elementor":false,"_links":{"self":[{"href":"https:\/\/welcome-to-times-square.com\/fr\/wp-json\/wp\/v2\/pages\/9294","targetHints":{"allow":["GET"]}}],"collection":[{"href":"https:\/\/welcome-to-times-square.com\/fr\/wp-json\/wp\/v2\/pages"}],"about":[{"href":"https:\/\/welcome-to-times-square.com\/fr\/wp-json\/wp\/v2\/types\/page"}],"author":[{"embeddable":true,"href":"https:\/\/welcome-to-times-square.com\/fr\/wp-json\/wp\/v2\/users\/53"}],"replies":[{"embeddable":true,"href":"https:\/\/welcome-to-times-square.com\/fr\/wp-json\/wp\/v2\/comments?post=9294"}],"version-history":[{"count":2,"href":"https:\/\/welcome-to-times-square.com\/fr\/wp-json\/wp\/v2\/pages\/9294\/revisions"}],"predecessor-version":[{"id":13814,"href":"https:\/\/welcome-to-times-square.com\/fr\/wp-json\/wp\/v2\/pages\/9294\/revisions\/13814"}],"wp:attachment":[{"href":"https:\/\/welcome-to-times-square.com\/fr\/wp-json\/wp\/v2\/media?parent=9294"}],"curies":[{"name":"wp","href":"https:\/\/api.w.org\/{rel}","templated":true}]}}