{"id":9299,"date":"2021-09-04T15:04:00","date_gmt":"2021-09-04T15:04:00","guid":{"rendered":"https:\/\/welcome-to-times-square.com\/sponsor-seasonal-events\/"},"modified":"2025-01-20T11:11:18","modified_gmt":"2025-01-20T11:11:18","slug":"sponsor-seasonal-events","status":"publish","type":"page","link":"https:\/\/welcome-to-times-square.com\/fr\/sponsor-seasonal-events\/","title":{"rendered":"Sponsoriser des \u00e9v\u00e9nements saisonniers"},"content":{"rendered":"<p>[vc_row full_width=\u00a0\u00bbstretch_row\u00a0\u00bb css=\u00a0\u00bb.vc_custom_1627402630091{margin-top: 28px !important;margin-right: 0px !important;margin-bottom: 0px !important;margin-left: 0px !important;padding-top: 0px !important;padding-right: 0px !important;padding-bottom: 0px !important;padding-left: 0px !important;}\u00a0\u00bb el_class=\u00a0\u00bbmain-97676&Prime;][vc_column css=\u00a0\u00bb.vc_custom_1626939874126{margin: 0px !important;padding: 0px !important;border: 0px initial !important;}\u00a0\u00bb][vc_row_inner equal_height=\u00a0\u00bbyes\u00a0\u00bb el_class=\u00a0\u00bbtext-banner11&Prime;][vc_column_inner width=\u00a0\u00bb1\/2&Prime; css=\u00a0\u00bb.vc_custom_1626940693197{margin-top: 0px !important;margin-right: 0px !important;margin-bottom: 0px !important;margin-left: 0px !important;padding-top: 20px !important;padding-right: 20px !important;padding-bottom: 20px !important;padding-left: 20px !important;background-image: url(https:\/\/welcome-to-times-square.com\/wp-content\/uploads\/2021\/07\/dd1.jpg?id=1431) !important;background-position: center !important;background-repeat: no-repeat !important;background-size: cover !important;}\u00a0\u00bb][vc_column_text css=\u00a0\u00bb.vc_custom_1630769236051{margin-top: -50px !important;}\u00a0\u00bb]<\/p>\n<h2>Sponsoriser des \u00e9v\u00e9nements saisonniers<\/h2>\n<p>[\/vc_column_text][vc_column_text]Times Square est l&rsquo;endroit le plus embl\u00e9matique du monde pour la publicit\u00e9 ext\u00e9rieure, o\u00f9 toutes les grandes marques se disputent l&#8217;emplacement. Les entreprises font ressortir leur cr\u00e9ativit\u00e9 et leurs messages les plus int\u00e9ressants pour attirer les visiteurs. Les immenses panneaux d&rsquo;affichage et les lumi\u00e8res clignotantes constituent la meilleure plate-forme pour la publicit\u00e9. C&rsquo;est la Mecque de la publicit\u00e9. Chaque fois que l&rsquo;on pense \u00e0 Times Square, les lumi\u00e8res massives, les publicit\u00e9s g\u00e9antes et les panneaux viennent imm\u00e9diatement \u00e0 l&rsquo;esprit. Times Square est devenu l&rsquo;\u00e9picentre des grandes entreprises qui font \u00e9talage de leurs marques aux millions de touristes de la Grosse Pomme. Avec plus de 100 millions de personnes qui passent chaque ann\u00e9e, aucun autre endroit ne peut \u00eatre un meilleur endroit que Times Square pour faire de la publicit\u00e9. En raison de l&rsquo;\u00e9norme quantit\u00e9 de touristes qui passent par l\u00e0, un seul panneau d&rsquo;affichage peut obtenir des millions d&rsquo;impressions chaque jour.<br \/>\n[\/vc_column_text][\/vc_column_inner][vc_column_inner width=\u00a0\u00bb1\/2&Prime; css=\u00a0\u00bb.vc_custom_1626939926058{margin: 0px !important;padding: 0px !important;}\u00a0\u00bb][vc_images_carousel images=\u00a0\u00bb1421,1423&Prime; img_size=\u00a0\u00bbfull\u00a0\u00bb onclick=\u00a0\u00bblink_no\u00a0\u00bb speed=\u00a0\u00bb2000&Prime; autoplay=\u00a0\u00bbyes\u00a0\u00bb hide_prev_next_buttons=\u00a0\u00bbyes\u00a0\u00bb wrap=\u00a0\u00bbyes\u00a0\u00bb css=\u00a0\u00bb.vc_custom_1626942472084{margin-top: 0px !important;margin-right: 0px !important;margin-bottom: 0px !important;margin-left: 0px !important;padding-top: 0px !important;padding-right: 0px !important;padding-bottom: 0px !important;padding-left: 0px !important;}\u00a0\u00bb][\/vc_column_inner][\/vc_row_inner][\/vc_column][\/vc_row][vc_row full_width=\u00a0\u00bbstretch_row\u00a0\u00bb css=\u00a0\u00bb.vc_custom_1627402678677{margin-top: 0px !important;padding-top: 0px !important;padding-bottom: 20px !important;background-image: url(https:\/\/welcome-to-times-square.com\/wp-content\/uploads\/2021\/07\/bg676.jpg?id=417) !important;background-position: center !important;background-repeat: no-repeat !important;background-size: cover !important;}\u00a0\u00bb el_class=\u00a0\u00bbmain-title312&Prime;][vc_column width=\u00a0\u00bb1\/2&Prime;][vc_column_text]<\/p>\n<h2 style=\"text-align: left;\">PARRAINEZ DES \u00c9V\u00c9NEMENTS SAISONNIERS<\/h2>\n<p>[\/vc_column_text][\/vc_column][vc_column width=\u00a0\u00bb1\/2&Prime;][vc_column_text]<\/p>\n<h2 style=\"text-align: right; font-size: 16px !important;\"> <a style=\"color: #c00;\" href=\"https:\/\/welcome-to-times-square.com\/fr\/\">ACCUEIL <\/a>\/ SPONSORISATION D&rsquo;\u00c9V\u00c9NEMENTS SAISONNIERS<\/h2>\n<p>[\/vc_column_text][\/vc_column][\/vc_row][vc_row full_width=\u00a0\u00bbstretch_row\u00a0\u00bb css=\u00a0\u00bb.vc_custom_1630687359548{padding-top: 20px !important;padding-bottom: 20px !important;background-color: #f3f3f3 !important;}\u00a0\u00bb el_class=\u00a0\u00bbtext-b131&Prime;][vc_column][vc_column_text el_class=\u00a0\u00bbmm54&Prime; css=\u00a0\u00bb.vc_custom_1630768939014{border-bottom-width: 1px !important;border-bottom-color: #ffffff !important;border-bottom-style: solid !important;}\u00a0\u00bb]<\/p>\n<h4>Co\u00fbts de la publicit\u00e9 \u00e0 Times Square<\/h4>\n<p>La publicit\u00e9 sur Times Square est accessible aux entreprises, quelle que soit leur taille. Les entreprises peuvent faire de la publicit\u00e9 via des panneaux d\u2019affichage num\u00e9riques, des kiosques solaires ou des panneaux d\u2019affichage statiques, en fonction de leurs besoins. Bien que Times Square n\u2019occupe que 0,1 % de la superficie totale de New York, il g\u00e9n\u00e8re 10 % de la production \u00e9conomique de la ville. Le co\u00fbt de la publicit\u00e9 \u00e0 Times Square d\u00e9pend de facteurs tels que le format m\u00e9dia que vous choisissez, la dur\u00e9e du programme et la part de voix. Une publicit\u00e9 sur panneau d\u2019affichage peut co\u00fbter entre 5 000 et plus de 50 000 dollars pour un programme d\u2019une journ\u00e9e.[\/vc_column_text][vc_column_text el_class=\u00a0\u00bbmm54&Prime; css=\u00a0\u00bb.vc_custom_1630769137170{border-bottom-width: 1px !important;border-bottom-color: #ffffff !important;border-bottom-style: solid !important;}\u00a0\u00bb]<\/p>\n<h4>Publicit\u00e9 saisonni\u00e8re \u00e0 Times Square<\/h4>\n<p>Il existe de nombreux \u00e9v\u00e9nements saisonniers mais mondialement connus \u00e0 Times Square qui attirent des millions de touristes du monde entier. Cela donne une excellente occasion aux entreprises de faire conna\u00eetre leurs marques. Ces \u00e9v\u00e9nements peuvent g\u00e9n\u00e9rer d&rsquo;\u00e9normes revenus pour les entreprises. Certains des principaux \u00e9v\u00e9nements saisonniers \u00e0 Times Square sont :[\/vc_column_text][vc_column_text el_class=\u00a0\u00bbmm54&Prime;]<\/p>\n<ol>\n<li><strong>Saint Valentin :<\/strong> Times Square est l&rsquo;endroit pr\u00e9f\u00e9r\u00e9 des couples pour c\u00e9l\u00e9brer leur amour et rendre cette journ\u00e9e sp\u00e9ciale et unique. Des milliers de personnes affluent vers cette destination de r\u00eave pour honorer leur amour et c\u00e9l\u00e9brer leur romance avec des demandes en mariage et des promesses de renouvellement devant un joli c\u0153ur de Saint Valentin. <\/li>\n<li>Cette occasion offre une excellente occasion de parrainer des propositions, des c\u00e9r\u00e9monies de renouvellement de v\u0153ux et des mariages.<\/li>\n<li><strong>Taste of Times Square :<\/strong> En juin, les gens attendent avec impatience le festival annuel de musique et de gastronomie en plein air \u00ab Taste of Times Square \u00bb. Il est organis\u00e9 par Time Square Alliance avec les meilleurs restaurants du quartier. Des milliers de r\u00e9sidents et de touristes se pressent pour d\u00e9guster les plats signatures pr\u00e9par\u00e9s par les meilleurs chefs. Ce m\u00e9ga festival offre l&rsquo;occasion de sponsoriser des programmes et des groupes de musique et de divertissement ainsi qu&rsquo;une vari\u00e9t\u00e9 d&rsquo;activations de marque au cours d&rsquo;une semaine de c\u00e9l\u00e9bration.   <\/li>\n<li><strong>Solstice \u00e0 Times Square :<\/strong> il attire des milliers de passionn\u00e9s de sant\u00e9 et de yogis pour des cours de yoga gratuits. Les visiteurs orient\u00e9s vers le fitness, la sant\u00e9 et le bien-\u00eatre peuvent b\u00e9n\u00e9ficier d&rsquo;une activation de marque personnalis\u00e9e pour les attirer. Il s&rsquo;agit d&rsquo;une grande plateforme et d&rsquo;une opportunit\u00e9 massive pour les marques de gagner en visibilit\u00e9, car l&rsquo;\u00e9v\u00e9nement a plus d&rsquo;un milliard d&rsquo;impressions m\u00e9diatiques dans le monde entier.  <\/li>\n<\/ol>\n<p>[\/vc_column_text][\/vc_column][\/vc_row][vc_row][vc_column][\/vc_column][\/vc_row]<\/p>\n","protected":false},"excerpt":{"rendered":"[vc_row full_width=\"stretch_row\" css=\".vc_custom_1627402630091{margin-top: 28px !important;margin-right: 0px !important;margin-bottom: 0px !important;margin-left: 0px !important;padding-top: 0px !important;padding-right: 0px !important;padding-bottom: 0px !important;padding-left: 0px !important;}\" el_class=\"main-97676\"][vc_column css=\".vc_custom_1626939874126{margin: 0px !important;padding: 0px !important;border: 0px initial !important;}\"][vc_row_inner equal_height=\"yes\" el_class=\"text-banner11\"][vc_column_inner width=\"1\/2\" css=\".vc_custom_1626940693197{margin-top: 0px !important;margin-right: 0px !important;margin-bottom: 0px !important;margin-left: 0px !important;padding-top: 20px !important;padding-right: 20px !important;padding-bottom: 20px !important;padding-left: 20px !important;background-image: url(https:\/\/welcome-to-times-square.com\/wp-content\/uploads\/2021\/07\/dd1.jpg?id=1431) !important;background-position: center !important;background-repeat: no-repeat !important;background-size: cover [...]<a href=\"https:\/\/welcome-to-times-square.com\/fr\/sponsor-seasonal-events\/\" class=\"read-more wyz-secondary-color-text\">read more<span class=\"screen-reader-text\">Sponsoriser des \u00e9v\u00e9nements saisonniers<\/span><\/a>","protected":false},"author":53,"featured_media":0,"parent":0,"menu_order":0,"comment_status":"closed","ping_status":"closed","template":"","meta":{"footnotes":""},"class_list":["post-9299","page","type-page","status-publish","hentry"],"yoast_head":"<!-- This site is optimized with the Yoast SEO plugin v27.2 - https:\/\/yoast.com\/product\/yoast-seo-wordpress\/ -->\n<title>Sponsoriser des \u00e9v\u00e9nements saisonniers - times-square<\/title>\n<meta name=\"robots\" content=\"index, follow, max-snippet:-1, max-image-preview:large, max-video-preview:-1\" \/>\n<link rel=\"canonical\" href=\"https:\/\/welcome-to-times-square.com\/fr\/sponsor-seasonal-events\/\" \/>\n<meta property=\"og:locale\" content=\"fr_FR\" \/>\n<meta property=\"og:type\" content=\"article\" \/>\n<meta property=\"og:title\" content=\"Sponsoriser des \u00e9v\u00e9nements saisonniers - times-square\" \/>\n<meta property=\"og:description\" content=\"[vc_row full_width=\u00a0\u00bbstretch_row\u00a0\u00bb css=\u00a0\u00bb.vc_custom_1627402630091{margin-top: 28px !important;margin-right: 0px !important;margin-bottom: 0px !important;margin-left: 0px !important;padding-top: 0px !important;padding-right: 0px !important;padding-bottom: 0px !important;padding-left: 0px !important;}\u00a0\u00bb el_class=\u00a0\u00bbmain-97676&Prime;][vc_column css=\u00a0\u00bb.vc_custom_1626939874126{margin: 0px !important;padding: 0px !important;border: 0px initial !important;}\u00a0\u00bb][vc_row_inner equal_height=\u00a0\u00bbyes\u00a0\u00bb el_class=\u00a0\u00bbtext-banner11&Prime;][vc_column_inner width=\u00a0\u00bb1\/2&Prime; css=\u00a0\u00bb.vc_custom_1626940693197{margin-top: 0px !important;margin-right: 0px !important;margin-bottom: 0px !important;margin-left: 0px !important;padding-top: 20px !important;padding-right: 20px !important;padding-bottom: 20px !important;padding-left: 20px !important;background-image: url(https:\/\/welcome-to-times-square.com\/wp-content\/uploads\/2021\/07\/dd1.jpg?id=1431) !important;background-position: center !important;background-repeat: no-repeat !important;background-size: cover [...]read moreSponsoriser des \u00e9v\u00e9nements saisonniers\" \/>\n<meta property=\"og:url\" content=\"https:\/\/welcome-to-times-square.com\/fr\/sponsor-seasonal-events\/\" \/>\n<meta property=\"og:site_name\" content=\"times-square\" \/>\n<meta property=\"article:modified_time\" content=\"2025-01-20T11:11:18+00:00\" \/>\n<meta name=\"twitter:card\" content=\"summary_large_image\" \/>\n<meta name=\"twitter:label1\" content=\"Dur\u00e9e de lecture estim\u00e9e\" \/>\n\t<meta name=\"twitter:data1\" content=\"3 minutes\" \/>\n<script type=\"application\/ld+json\" class=\"yoast-schema-graph\">{\"@context\":\"https:\/\/schema.org\",\"@graph\":[{\"@type\":\"WebPage\",\"@id\":\"https:\/\/welcome-to-times-square.com\/fr\/sponsor-seasonal-events\/\",\"url\":\"https:\/\/welcome-to-times-square.com\/fr\/sponsor-seasonal-events\/\",\"name\":\"Sponsoriser des \u00e9v\u00e9nements saisonniers - times-square\",\"isPartOf\":{\"@id\":\"https:\/\/welcome-to-times-square.com\/fr\/#website\"},\"datePublished\":\"2021-09-04T15:04:00+00:00\",\"dateModified\":\"2025-01-20T11:11:18+00:00\",\"breadcrumb\":{\"@id\":\"https:\/\/welcome-to-times-square.com\/fr\/sponsor-seasonal-events\/#breadcrumb\"},\"inLanguage\":\"fr-FR\",\"potentialAction\":[{\"@type\":\"ReadAction\",\"target\":[\"https:\/\/welcome-to-times-square.com\/fr\/sponsor-seasonal-events\/\"]}]},{\"@type\":\"BreadcrumbList\",\"@id\":\"https:\/\/welcome-to-times-square.com\/fr\/sponsor-seasonal-events\/#breadcrumb\",\"itemListElement\":[{\"@type\":\"ListItem\",\"position\":1,\"name\":\"Home\",\"item\":\"https:\/\/welcome-to-times-square.com\/fr\/\"},{\"@type\":\"ListItem\",\"position\":2,\"name\":\"Sponsoriser des \u00e9v\u00e9nements saisonniers\"}]},{\"@type\":\"WebSite\",\"@id\":\"https:\/\/welcome-to-times-square.com\/fr\/#website\",\"url\":\"https:\/\/welcome-to-times-square.com\/fr\/\",\"name\":\"times-square\",\"description\":\"times-square\",\"publisher\":{\"@id\":\"https:\/\/welcome-to-times-square.com\/fr\/#organization\"},\"potentialAction\":[{\"@type\":\"SearchAction\",\"target\":{\"@type\":\"EntryPoint\",\"urlTemplate\":\"https:\/\/welcome-to-times-square.com\/fr\/?s={search_term_string}\"},\"query-input\":{\"@type\":\"PropertyValueSpecification\",\"valueRequired\":true,\"valueName\":\"search_term_string\"}}],\"inLanguage\":\"fr-FR\"},{\"@type\":\"Organization\",\"@id\":\"https:\/\/welcome-to-times-square.com\/fr\/#organization\",\"name\":\"times-square\",\"url\":\"https:\/\/welcome-to-times-square.com\/fr\/\",\"logo\":{\"@type\":\"ImageObject\",\"inLanguage\":\"fr-FR\",\"@id\":\"https:\/\/welcome-to-times-square.com\/fr\/#\/schema\/logo\/image\/\",\"url\":\"https:\/\/welcome-to-times-square.com\/wp-content\/uploads\/2024\/03\/welcome-to-time-square-logo-with-r.png\",\"contentUrl\":\"https:\/\/welcome-to-times-square.com\/wp-content\/uploads\/2024\/03\/welcome-to-time-square-logo-with-r.png\",\"width\":500,\"height\":342,\"caption\":\"times-square\"},\"image\":{\"@id\":\"https:\/\/welcome-to-times-square.com\/fr\/#\/schema\/logo\/image\/\"}}]}<\/script>\n<!-- \/ Yoast SEO plugin. -->","yoast_head_json":{"title":"Sponsoriser des \u00e9v\u00e9nements saisonniers - times-square","robots":{"index":"index","follow":"follow","max-snippet":"max-snippet:-1","max-image-preview":"max-image-preview:large","max-video-preview":"max-video-preview:-1"},"canonical":"https:\/\/welcome-to-times-square.com\/fr\/sponsor-seasonal-events\/","og_locale":"fr_FR","og_type":"article","og_title":"Sponsoriser des \u00e9v\u00e9nements saisonniers - times-square","og_description":"[vc_row full_width=\u00a0\u00bbstretch_row\u00a0\u00bb css=\u00a0\u00bb.vc_custom_1627402630091{margin-top: 28px !important;margin-right: 0px !important;margin-bottom: 0px !important;margin-left: 0px !important;padding-top: 0px !important;padding-right: 0px !important;padding-bottom: 0px !important;padding-left: 0px !important;}\u00a0\u00bb el_class=\u00a0\u00bbmain-97676&Prime;][vc_column css=\u00a0\u00bb.vc_custom_1626939874126{margin: 0px !important;padding: 0px !important;border: 0px initial !important;}\u00a0\u00bb][vc_row_inner equal_height=\u00a0\u00bbyes\u00a0\u00bb el_class=\u00a0\u00bbtext-banner11&Prime;][vc_column_inner width=\u00a0\u00bb1\/2&Prime; css=\u00a0\u00bb.vc_custom_1626940693197{margin-top: 0px !important;margin-right: 0px !important;margin-bottom: 0px !important;margin-left: 0px !important;padding-top: 20px !important;padding-right: 20px !important;padding-bottom: 20px !important;padding-left: 20px !important;background-image: url(https:\/\/welcome-to-times-square.com\/wp-content\/uploads\/2021\/07\/dd1.jpg?id=1431) !important;background-position: center !important;background-repeat: no-repeat !important;background-size: cover [...]read moreSponsoriser des \u00e9v\u00e9nements saisonniers","og_url":"https:\/\/welcome-to-times-square.com\/fr\/sponsor-seasonal-events\/","og_site_name":"times-square","article_modified_time":"2025-01-20T11:11:18+00:00","twitter_card":"summary_large_image","twitter_misc":{"Dur\u00e9e de lecture estim\u00e9e":"3 minutes"},"schema":{"@context":"https:\/\/schema.org","@graph":[{"@type":"WebPage","@id":"https:\/\/welcome-to-times-square.com\/fr\/sponsor-seasonal-events\/","url":"https:\/\/welcome-to-times-square.com\/fr\/sponsor-seasonal-events\/","name":"Sponsoriser des \u00e9v\u00e9nements saisonniers - times-square","isPartOf":{"@id":"https:\/\/welcome-to-times-square.com\/fr\/#website"},"datePublished":"2021-09-04T15:04:00+00:00","dateModified":"2025-01-20T11:11:18+00:00","breadcrumb":{"@id":"https:\/\/welcome-to-times-square.com\/fr\/sponsor-seasonal-events\/#breadcrumb"},"inLanguage":"fr-FR","potentialAction":[{"@type":"ReadAction","target":["https:\/\/welcome-to-times-square.com\/fr\/sponsor-seasonal-events\/"]}]},{"@type":"BreadcrumbList","@id":"https:\/\/welcome-to-times-square.com\/fr\/sponsor-seasonal-events\/#breadcrumb","itemListElement":[{"@type":"ListItem","position":1,"name":"Home","item":"https:\/\/welcome-to-times-square.com\/fr\/"},{"@type":"ListItem","position":2,"name":"Sponsoriser des \u00e9v\u00e9nements saisonniers"}]},{"@type":"WebSite","@id":"https:\/\/welcome-to-times-square.com\/fr\/#website","url":"https:\/\/welcome-to-times-square.com\/fr\/","name":"times-square","description":"times-square","publisher":{"@id":"https:\/\/welcome-to-times-square.com\/fr\/#organization"},"potentialAction":[{"@type":"SearchAction","target":{"@type":"EntryPoint","urlTemplate":"https:\/\/welcome-to-times-square.com\/fr\/?s={search_term_string}"},"query-input":{"@type":"PropertyValueSpecification","valueRequired":true,"valueName":"search_term_string"}}],"inLanguage":"fr-FR"},{"@type":"Organization","@id":"https:\/\/welcome-to-times-square.com\/fr\/#organization","name":"times-square","url":"https:\/\/welcome-to-times-square.com\/fr\/","logo":{"@type":"ImageObject","inLanguage":"fr-FR","@id":"https:\/\/welcome-to-times-square.com\/fr\/#\/schema\/logo\/image\/","url":"https:\/\/welcome-to-times-square.com\/wp-content\/uploads\/2024\/03\/welcome-to-time-square-logo-with-r.png","contentUrl":"https:\/\/welcome-to-times-square.com\/wp-content\/uploads\/2024\/03\/welcome-to-time-square-logo-with-r.png","width":500,"height":342,"caption":"times-square"},"image":{"@id":"https:\/\/welcome-to-times-square.com\/fr\/#\/schema\/logo\/image\/"}}]}},"_hostinger_reach_plugin_has_subscription_block":false,"_hostinger_reach_plugin_is_elementor":false,"_links":{"self":[{"href":"https:\/\/welcome-to-times-square.com\/fr\/wp-json\/wp\/v2\/pages\/9299","targetHints":{"allow":["GET"]}}],"collection":[{"href":"https:\/\/welcome-to-times-square.com\/fr\/wp-json\/wp\/v2\/pages"}],"about":[{"href":"https:\/\/welcome-to-times-square.com\/fr\/wp-json\/wp\/v2\/types\/page"}],"author":[{"embeddable":true,"href":"https:\/\/welcome-to-times-square.com\/fr\/wp-json\/wp\/v2\/users\/53"}],"replies":[{"embeddable":true,"href":"https:\/\/welcome-to-times-square.com\/fr\/wp-json\/wp\/v2\/comments?post=9299"}],"version-history":[{"count":6,"href":"https:\/\/welcome-to-times-square.com\/fr\/wp-json\/wp\/v2\/pages\/9299\/revisions"}],"predecessor-version":[{"id":9309,"href":"https:\/\/welcome-to-times-square.com\/fr\/wp-json\/wp\/v2\/pages\/9299\/revisions\/9309"}],"wp:attachment":[{"href":"https:\/\/welcome-to-times-square.com\/fr\/wp-json\/wp\/v2\/media?parent=9299"}],"curies":[{"name":"wp","href":"https:\/\/api.w.org\/{rel}","templated":true}]}}