{"id":8816,"date":"2022-04-21T22:53:05","date_gmt":"2022-04-21T22:53:05","guid":{"rendered":"https:\/\/welcome-to-times-square.com\/dining\/"},"modified":"2025-01-16T10:16:46","modified_gmt":"2025-01-16T10:16:46","slug":"dining","status":"publish","type":"page","link":"https:\/\/welcome-to-times-square.com\/it\/dining\/","title":{"rendered":"Pranzo"},"content":{"rendered":"\t\t<div data-elementor-type=\"wp-page\" data-elementor-id=\"8816\" class=\"elementor elementor-8816 elementor-2737\" data-elementor-post-type=\"page\">\n\t\t\t\t<div class=\"elementor-element elementor-element-d3dee06 e-flex e-con-boxed e-con e-parent\" data-id=\"d3dee06\" data-element_type=\"container\" data-e-type=\"container\" data-settings=\"{&quot;background_background&quot;:&quot;classic&quot;}\">\n\t\t\t\t\t<div class=\"e-con-inner\">\n\t\t\t\t<div class=\"elementor-element elementor-element-71ffd47 elementor-widget elementor-widget-heading\" data-id=\"71ffd47\" data-element_type=\"widget\" data-e-type=\"widget\" data-widget_type=\"heading.default\">\n\t\t\t\t<div class=\"elementor-widget-container\">\n\t\t\t\t\t<h2 class=\"elementor-heading-title elementor-size-default\">Pranzo<\/h2>\t\t\t\t<\/div>\n\t\t\t\t<\/div>\n\t\t\t\t<div class=\"elementor-element elementor-element-cd1cce5 elementor-widget-divider--view-line elementor-widget elementor-widget-divider\" data-id=\"cd1cce5\" data-element_type=\"widget\" data-e-type=\"widget\" data-widget_type=\"divider.default\">\n\t\t\t\t<div class=\"elementor-widget-container\">\n\t\t\t\t\t\t\t<div class=\"elementor-divider\">\n\t\t\t<span class=\"elementor-divider-separator\">\n\t\t\t\t\t\t<\/span>\n\t\t<\/div>\n\t\t\t\t\t\t<\/div>\n\t\t\t\t<\/div>\n\t\t\t\t<div class=\"elementor-element elementor-element-bc9c556 elementor-widget elementor-widget-text-editor\" data-id=\"bc9c556\" data-element_type=\"widget\" data-e-type=\"widget\" data-widget_type=\"text-editor.default\">\n\t\t\t\t<div class=\"elementor-widget-container\">\n\t\t\t\t\t\t\t\t\t<div class=\"vc_row wpb_row vc_row-fluid vc_custom_1650656343119 vc_row-has-fill\">\n<div class=\"wpb_column vc_column_container vc_col-sm-12\">\n<div class=\"vc_column-inner\">\n<div class=\"wpb_wrapper\">\n<div class=\"wpb_text_column wpb_content_element \">\n<div class=\"wpb_wrapper\">\n<p>Intorno a Times Square ci sono tanti ristoranti e bar quante sono le persone che passano per le sue strade.<\/p>\n<p>Ci sono offerte gastronomiche per tutti i gusti e per tutte le et\u00e0. Dai piatti pi\u00f9 tradizionali e storici alle nuove delizie gastronomiche degli chef pi\u00f9 innovativi. Times Square ti invita a gustare a pancia piena, anche se hai pochi soldi e poco tempo per assaggiare un piatto elaborato.  <\/p>\n<p>New York \u00e8 una citt\u00e0 che non riposa mai e ha un&#8217;eccellente variet\u00e0 di offerte culturali e attrazioni turistiche da non perdere. In generale, i turisti devono scegliere cosa fare e cosa non fare, in base al tempo che hanno a disposizione. In molte occasioni, mangiare qualcosa di veloce per strada \u00e8 una buona opzione per sfruttare al meglio la giornata.  <\/p>\n<p>I cibi pi\u00f9 economici e tipici che si possono trovare in ogni angolo di New York sono hot dog, bagel, pizze e anche alcuni deliziosi hamburger, che fanno parte della tradizione della citt\u00e0.<\/p>\n<p>In quasi ogni angolo di Manhattan puoi mangiare questi fast food dal gusto eccellente e dai valori pi\u00f9 accessibili.<\/p>\n<p>Il prezzo di un hot dog si aggira intorno ai 2 dollari, anche se \u00e8 sempre consigliabile chiedere prima di ordinare poich\u00e9 non \u00e8 usuale che l&#8217;importo appaia e pu\u00f2 causare qualche disagio.<\/p>\n<p>La pizza \u00e8 un&#8217;altra opzione che di solito si trova in qualsiasi fast food, negozio o anche nei supermercati. La qualit\u00e0 \u00e8 abbastanza simile in tutti i locali, poich\u00e9 si tratta di porzioni grandi e di preparazione accettabile, anche se non c&#8217;\u00e8 una grande variet\u00e0 di gusti tra cui scegliere. Il prezzo per porzione \u00e8 di circa 3 dollari.  <\/p>\n<p>Per gli amanti del caff\u00e8, New York \u00e8 lo scenario perfetto: \u00e8 molto comune vedere persone di tutte le et\u00e0 che camminano per strada con un grande bicchiere da portare via. Anche per chi preferisce qualcosa di freddo, i grandi frullati di frutta con molto ghiaccio sono un&#8217;opzione facile da trovare nei negozi on the go che aiutano a combattere le giornate molto calde. <\/p>\n<p>\u00c8 vero che questo tipo di cibo pu\u00f2 essere trovato ovunque, ma ci sono alcuni settori della citt\u00e0 in cui troverai un men\u00f9 pi\u00f9 specifico e le specialit\u00e0 tipiche di alcune regioni del mondo. Tra questi ci sono Chinatown e Little Italy. <\/p>\n<p>Chinatown \u00e8 un quartiere di New York City, famoso per essere un&#8217;enclave con una grande popolazione di immigrati cinesi. Manhattan \u00e8 uno dei nove quartieri con questa denominazione esistenti negli Stati Uniti, con una densit\u00e0 di popolazione di quasi un milione di residenti. Qui puoi gustare la pi\u00f9 ampia variet\u00e0 di cibi asiatici, provenienti soprattutto dall&#8217;antica cultura cinese e dal sud-est asiatico. I piatti pi\u00f9 comuni sono i ravioli asiatici, i panini di maiale e i noodles tagliati a mano.   <\/p>\n<p>Inoltre, gli affollati marciapiedi sono pieni di negozi di souvenir, di bubble tea e di mercati che vendono di tutto, dal pesce fresco e secco alle erbe e alle spezie.<\/p>\n<p>Quest&#8217;area ha una superficie approssimativa di 1,5 chilometri da nord a sud e di 3 chilometri da est a ovest all&#8217;interno dell&#8217;isola di Manhattan, anche se i turisti visitano solo il centro storico di Chinatown, le intersezioni delle vie Canal e Mott e Mulberry, nonch\u00e9 l&#8217;incrocio delle vie Pell e Doyers.<\/p>\n<p>Dal canto suo, Little Italy \u00e8 un quartiere cos\u00ec chiamato perch\u00e9 in origine era popolato da un gran numero di immigrati italiani. Sebbene anticamente avesse un&#8217;area pi\u00f9 vasta, attualmente si limita al tratto di Mulberry Street tra Broome e Canal. Quest&#8217;area \u00e8 piena di ristoranti i cui clienti sono per lo pi\u00f9 turisti che vogliono assaporare il gusto di buone pizze e paste tipiche.  <\/p>\n<p>La &#8220;Festa di San Gennaro&#8221; \u00e8 molto tipica della Piccola Italia e si svolge per undici giorni ogni settembre.<\/p>\n<p>Per chi vuole gustare le nuove delizie gastronomiche e gli chef pi\u00f9 innovativi, Times Square \u00e8 piena di ristoranti turistici, famosi e molto apprezzati dai critici gastronomici, come il Planet Hollywood e l&#8217;Hard Rock Caf\u00e9. In questi casi, i prezzi sono di solito piuttosto alti e molti offrono un&#8217;ampia variet\u00e0 di piatti tipici americani, con decorazioni meravigliose e ambienti curati in modo impressionante. <\/p>\n<\/div>\n<\/div>\n<\/div>\n<\/div>\n<\/div>\n<\/div>\n\t\t\t\t\t\t\t\t<\/div>\n\t\t\t\t<\/div>\n\t\t\t\t<div class=\"elementor-element elementor-element-947fa8b elementor-widget-divider--view-line elementor-widget elementor-widget-divider\" data-id=\"947fa8b\" data-element_type=\"widget\" data-e-type=\"widget\" data-widget_type=\"divider.default\">\n\t\t\t\t<div class=\"elementor-widget-container\">\n\t\t\t\t\t\t\t<div class=\"elementor-divider\">\n\t\t\t<span class=\"elementor-divider-separator\">\n\t\t\t\t\t\t<\/span>\n\t\t<\/div>\n\t\t\t\t\t\t<\/div>\n\t\t\t\t<\/div>\n\t\t\t\t<div class=\"elementor-element elementor-element-d9c1978 elementor-widget elementor-widget-text-editor\" data-id=\"d9c1978\" data-element_type=\"widget\" data-e-type=\"widget\" data-widget_type=\"text-editor.default\">\n\t\t\t\t<div class=\"elementor-widget-container\">\n\t\t\t\t\t\t\t\t\t<p><strong>Per apparire sul nostro cartellone a Times Square, vai alla sezione CONTATTI.<\/strong><\/p>\n<p>Ecco come funziona:<\/p>\n<p>Che si tratti di un compleanno, di una proposta di matrimonio, di un anniversario o di una semplice dichiarazione d&#8217;amore, abbiamo pensato a te. Non essere una faccia nella folla! <br \/>Metti la tua foto o il tuo video sul nostro cartellone a Times Square!<\/p>\n<p>Opzione 1: il tuo video\/foto di 60 secondi sar\u00e0 visualizzato 22 volte al giorno.<br \/>Opzione 2: il tuo video\/foto di 30 secondi sar\u00e0 visualizzato 44 volte al giorno<br \/>Opzione 3: il tuo video\/foto di 15 secondi sar\u00e0 visualizzato 88 volte al giorno.<\/p>\n<p>Il nostro cartellone pubblicitario ha una dimensione di 31 piedi x 55 piedi e si trova al 1560 di Broadway (Broadway e 46th Street, proprio sopra il negozio Pel\u00e9).<\/p>\n<p>Non essere una faccia nella folla!<\/p>\n\t\t\t\t\t\t\t\t<\/div>\n\t\t\t\t<\/div>\n\t\t\t\t<div class=\"elementor-element elementor-element-e6adae7 elementor-widget elementor-widget-image\" data-id=\"e6adae7\" data-element_type=\"widget\" data-e-type=\"widget\" data-widget_type=\"image.default\">\n\t\t\t\t<div class=\"elementor-widget-container\">\n\t\t\t\t\t\t\t\t\t\t\t\t\t\t\t<img fetchpriority=\"high\" decoding=\"async\" width=\"1024\" height=\"500\" src=\"https:\/\/welcome-to-times-square.com\/wp-content\/uploads\/2022\/04\/dining-1024x500.jpg\" class=\"attachment-large size-large wp-image-6144\" alt=\"\" srcset=\"https:\/\/welcome-to-times-square.com\/wp-content\/uploads\/2022\/04\/dining-1024x500.jpg 1024w, https:\/\/welcome-to-times-square.com\/wp-content\/uploads\/2022\/04\/dining-600x293.jpg 600w, https:\/\/welcome-to-times-square.com\/wp-content\/uploads\/2022\/04\/dining-300x147.jpg 300w, https:\/\/welcome-to-times-square.com\/wp-content\/uploads\/2022\/04\/dining-768x375.jpg 768w, https:\/\/welcome-to-times-square.com\/wp-content\/uploads\/2022\/04\/dining-1536x750.jpg 1536w, https:\/\/welcome-to-times-square.com\/wp-content\/uploads\/2022\/04\/dining.jpg 1918w\" sizes=\"(max-width: 1024px) 100vw, 1024px\" \/>\t\t\t\t\t\t\t\t\t\t\t\t\t\t\t<\/div>\n\t\t\t\t<\/div>\n\t\t\t\t\t<\/div>\n\t\t\t\t<\/div>\n\t\t\t\t<\/div>\n\t\t","protected":false},"excerpt":{"rendered":"Pranzo Intorno a Times Square ci sono tanti ristoranti e bar quante sono le persone che passano per le sue strade. Ci sono offerte gastronomiche per tutti i gusti e per tutte le et\u00e0. Dai piatti pi\u00f9 tradizionali e storici alle nuove delizie gastronomiche degli chef pi\u00f9 innovativi. Times Square ti invita a gustare a [...]<a href=\"https:\/\/welcome-to-times-square.com\/it\/dining\/\" class=\"read-more wyz-secondary-color-text\">read more<span class=\"screen-reader-text\">Pranzo<\/span><\/a>","protected":false},"author":53,"featured_media":0,"parent":0,"menu_order":0,"comment_status":"closed","ping_status":"closed","template":"elementor_header_footer","meta":{"footnotes":""},"class_list":["post-8816","page","type-page","status-publish","hentry"],"yoast_head":"<!-- This site is optimized with the Yoast SEO plugin v27.2 - https:\/\/yoast.com\/product\/yoast-seo-wordpress\/ -->\n<title>Pranzo - times-square<\/title>\n<meta name=\"description\" content=\"Ci sono offerte gastronomiche per tutti i gusti e per tutte le et\u00e0. Dai piatti pi\u00f9 tradizionali e storici alle nuove delizie gastronomiche degli chef pi\u00f9 innovativi. Times Square ti invita a gustare a pancia piena, anche se hai pochi soldi e poco tempo per assaggiare un piatto elaborato.\" \/>\n<meta name=\"robots\" content=\"index, follow, max-snippet:-1, max-image-preview:large, max-video-preview:-1\" \/>\n<link rel=\"canonical\" href=\"https:\/\/welcome-to-times-square.com\/it\/dining\/\" \/>\n<meta property=\"og:locale\" content=\"it_IT\" \/>\n<meta property=\"og:type\" content=\"article\" \/>\n<meta property=\"og:title\" content=\"Pranzo - times-square\" \/>\n<meta property=\"og:description\" content=\"Ci sono offerte gastronomiche per tutti i gusti e per tutte le et\u00e0. Dai piatti pi\u00f9 tradizionali e storici alle nuove delizie gastronomiche degli chef pi\u00f9 innovativi. Times Square ti invita a gustare a pancia piena, anche se hai pochi soldi e poco tempo per assaggiare un piatto elaborato.\" \/>\n<meta property=\"og:url\" content=\"https:\/\/welcome-to-times-square.com\/it\/dining\/\" \/>\n<meta property=\"og:site_name\" content=\"times-square\" \/>\n<meta property=\"article:modified_time\" content=\"2025-01-16T10:16:46+00:00\" \/>\n<meta property=\"og:image\" content=\"https:\/\/welcome-to-times-square.com\/wp-content\/uploads\/2022\/04\/dining.jpg\" \/>\n\t<meta property=\"og:image:width\" content=\"1918\" \/>\n\t<meta property=\"og:image:height\" content=\"937\" \/>\n\t<meta property=\"og:image:type\" content=\"image\/jpeg\" \/>\n<meta name=\"twitter:card\" content=\"summary_large_image\" \/>\n<meta name=\"twitter:label1\" content=\"Tempo di lettura stimato\" \/>\n\t<meta name=\"twitter:data1\" content=\"4 minuti\" \/>\n<script type=\"application\/ld+json\" class=\"yoast-schema-graph\">{\"@context\":\"https:\/\/schema.org\",\"@graph\":[{\"@type\":\"WebPage\",\"@id\":\"https:\/\/welcome-to-times-square.com\/it\/dining\/\",\"url\":\"https:\/\/welcome-to-times-square.com\/it\/dining\/\",\"name\":\"Pranzo - times-square\",\"isPartOf\":{\"@id\":\"https:\/\/welcome-to-times-square.com\/it\/#website\"},\"primaryImageOfPage\":{\"@id\":\"https:\/\/welcome-to-times-square.com\/it\/dining\/#primaryimage\"},\"image\":{\"@id\":\"https:\/\/welcome-to-times-square.com\/it\/dining\/#primaryimage\"},\"thumbnailUrl\":\"https:\/\/welcome-to-times-square.com\/wp-content\/uploads\/2022\/04\/dining-1024x500.jpg\",\"datePublished\":\"2022-04-21T22:53:05+00:00\",\"dateModified\":\"2025-01-16T10:16:46+00:00\",\"description\":\"Ci sono offerte gastronomiche per tutti i gusti e per tutte le et\u00e0. Dai piatti pi\u00f9 tradizionali e storici alle nuove delizie gastronomiche degli chef pi\u00f9 innovativi. Times Square ti invita a gustare a pancia piena, anche se hai pochi soldi e poco tempo per assaggiare un piatto elaborato.\",\"breadcrumb\":{\"@id\":\"https:\/\/welcome-to-times-square.com\/it\/dining\/#breadcrumb\"},\"inLanguage\":\"it-IT\",\"potentialAction\":[{\"@type\":\"ReadAction\",\"target\":[\"https:\/\/welcome-to-times-square.com\/it\/dining\/\"]}]},{\"@type\":\"ImageObject\",\"inLanguage\":\"it-IT\",\"@id\":\"https:\/\/welcome-to-times-square.com\/it\/dining\/#primaryimage\",\"url\":\"https:\/\/welcome-to-times-square.com\/wp-content\/uploads\/2022\/04\/dining-1024x500.jpg\",\"contentUrl\":\"https:\/\/welcome-to-times-square.com\/wp-content\/uploads\/2022\/04\/dining-1024x500.jpg\"},{\"@type\":\"BreadcrumbList\",\"@id\":\"https:\/\/welcome-to-times-square.com\/it\/dining\/#breadcrumb\",\"itemListElement\":[{\"@type\":\"ListItem\",\"position\":1,\"name\":\"Home\",\"item\":\"https:\/\/welcome-to-times-square.com\/it\/\"},{\"@type\":\"ListItem\",\"position\":2,\"name\":\"Pranzo\"}]},{\"@type\":\"WebSite\",\"@id\":\"https:\/\/welcome-to-times-square.com\/it\/#website\",\"url\":\"https:\/\/welcome-to-times-square.com\/it\/\",\"name\":\"times-square\",\"description\":\"times-square\",\"publisher\":{\"@id\":\"https:\/\/welcome-to-times-square.com\/it\/#organization\"},\"potentialAction\":[{\"@type\":\"SearchAction\",\"target\":{\"@type\":\"EntryPoint\",\"urlTemplate\":\"https:\/\/welcome-to-times-square.com\/it\/?s={search_term_string}\"},\"query-input\":{\"@type\":\"PropertyValueSpecification\",\"valueRequired\":true,\"valueName\":\"search_term_string\"}}],\"inLanguage\":\"it-IT\"},{\"@type\":\"Organization\",\"@id\":\"https:\/\/welcome-to-times-square.com\/it\/#organization\",\"name\":\"times-square\",\"url\":\"https:\/\/welcome-to-times-square.com\/it\/\",\"logo\":{\"@type\":\"ImageObject\",\"inLanguage\":\"it-IT\",\"@id\":\"https:\/\/welcome-to-times-square.com\/it\/#\/schema\/logo\/image\/\",\"url\":\"https:\/\/welcome-to-times-square.com\/wp-content\/uploads\/2024\/03\/welcome-to-time-square-logo-with-r.png\",\"contentUrl\":\"https:\/\/welcome-to-times-square.com\/wp-content\/uploads\/2024\/03\/welcome-to-time-square-logo-with-r.png\",\"width\":500,\"height\":342,\"caption\":\"times-square\"},\"image\":{\"@id\":\"https:\/\/welcome-to-times-square.com\/it\/#\/schema\/logo\/image\/\"}}]}<\/script>\n<!-- \/ Yoast SEO plugin. -->","yoast_head_json":{"title":"Pranzo - times-square","description":"Ci sono offerte gastronomiche per tutti i gusti e per tutte le et\u00e0. Dai piatti pi\u00f9 tradizionali e storici alle nuove delizie gastronomiche degli chef pi\u00f9 innovativi. Times Square ti invita a gustare a pancia piena, anche se hai pochi soldi e poco tempo per assaggiare un piatto elaborato.","robots":{"index":"index","follow":"follow","max-snippet":"max-snippet:-1","max-image-preview":"max-image-preview:large","max-video-preview":"max-video-preview:-1"},"canonical":"https:\/\/welcome-to-times-square.com\/it\/dining\/","og_locale":"it_IT","og_type":"article","og_title":"Pranzo - times-square","og_description":"Ci sono offerte gastronomiche per tutti i gusti e per tutte le et\u00e0. Dai piatti pi\u00f9 tradizionali e storici alle nuove delizie gastronomiche degli chef pi\u00f9 innovativi. Times Square ti invita a gustare a pancia piena, anche se hai pochi soldi e poco tempo per assaggiare un piatto elaborato.","og_url":"https:\/\/welcome-to-times-square.com\/it\/dining\/","og_site_name":"times-square","article_modified_time":"2025-01-16T10:16:46+00:00","og_image":[{"width":1918,"height":937,"url":"https:\/\/welcome-to-times-square.com\/wp-content\/uploads\/2022\/04\/dining.jpg","type":"image\/jpeg"}],"twitter_card":"summary_large_image","twitter_misc":{"Tempo di lettura stimato":"4 minuti"},"schema":{"@context":"https:\/\/schema.org","@graph":[{"@type":"WebPage","@id":"https:\/\/welcome-to-times-square.com\/it\/dining\/","url":"https:\/\/welcome-to-times-square.com\/it\/dining\/","name":"Pranzo - times-square","isPartOf":{"@id":"https:\/\/welcome-to-times-square.com\/it\/#website"},"primaryImageOfPage":{"@id":"https:\/\/welcome-to-times-square.com\/it\/dining\/#primaryimage"},"image":{"@id":"https:\/\/welcome-to-times-square.com\/it\/dining\/#primaryimage"},"thumbnailUrl":"https:\/\/welcome-to-times-square.com\/wp-content\/uploads\/2022\/04\/dining-1024x500.jpg","datePublished":"2022-04-21T22:53:05+00:00","dateModified":"2025-01-16T10:16:46+00:00","description":"Ci sono offerte gastronomiche per tutti i gusti e per tutte le et\u00e0. Dai piatti pi\u00f9 tradizionali e storici alle nuove delizie gastronomiche degli chef pi\u00f9 innovativi. Times Square ti invita a gustare a pancia piena, anche se hai pochi soldi e poco tempo per assaggiare un piatto elaborato.","breadcrumb":{"@id":"https:\/\/welcome-to-times-square.com\/it\/dining\/#breadcrumb"},"inLanguage":"it-IT","potentialAction":[{"@type":"ReadAction","target":["https:\/\/welcome-to-times-square.com\/it\/dining\/"]}]},{"@type":"ImageObject","inLanguage":"it-IT","@id":"https:\/\/welcome-to-times-square.com\/it\/dining\/#primaryimage","url":"https:\/\/welcome-to-times-square.com\/wp-content\/uploads\/2022\/04\/dining-1024x500.jpg","contentUrl":"https:\/\/welcome-to-times-square.com\/wp-content\/uploads\/2022\/04\/dining-1024x500.jpg"},{"@type":"BreadcrumbList","@id":"https:\/\/welcome-to-times-square.com\/it\/dining\/#breadcrumb","itemListElement":[{"@type":"ListItem","position":1,"name":"Home","item":"https:\/\/welcome-to-times-square.com\/it\/"},{"@type":"ListItem","position":2,"name":"Pranzo"}]},{"@type":"WebSite","@id":"https:\/\/welcome-to-times-square.com\/it\/#website","url":"https:\/\/welcome-to-times-square.com\/it\/","name":"times-square","description":"times-square","publisher":{"@id":"https:\/\/welcome-to-times-square.com\/it\/#organization"},"potentialAction":[{"@type":"SearchAction","target":{"@type":"EntryPoint","urlTemplate":"https:\/\/welcome-to-times-square.com\/it\/?s={search_term_string}"},"query-input":{"@type":"PropertyValueSpecification","valueRequired":true,"valueName":"search_term_string"}}],"inLanguage":"it-IT"},{"@type":"Organization","@id":"https:\/\/welcome-to-times-square.com\/it\/#organization","name":"times-square","url":"https:\/\/welcome-to-times-square.com\/it\/","logo":{"@type":"ImageObject","inLanguage":"it-IT","@id":"https:\/\/welcome-to-times-square.com\/it\/#\/schema\/logo\/image\/","url":"https:\/\/welcome-to-times-square.com\/wp-content\/uploads\/2024\/03\/welcome-to-time-square-logo-with-r.png","contentUrl":"https:\/\/welcome-to-times-square.com\/wp-content\/uploads\/2024\/03\/welcome-to-time-square-logo-with-r.png","width":500,"height":342,"caption":"times-square"},"image":{"@id":"https:\/\/welcome-to-times-square.com\/it\/#\/schema\/logo\/image\/"}}]}},"_hostinger_reach_plugin_has_subscription_block":false,"_hostinger_reach_plugin_is_elementor":false,"_links":{"self":[{"href":"https:\/\/welcome-to-times-square.com\/it\/wp-json\/wp\/v2\/pages\/8816","targetHints":{"allow":["GET"]}}],"collection":[{"href":"https:\/\/welcome-to-times-square.com\/it\/wp-json\/wp\/v2\/pages"}],"about":[{"href":"https:\/\/welcome-to-times-square.com\/it\/wp-json\/wp\/v2\/types\/page"}],"author":[{"embeddable":true,"href":"https:\/\/welcome-to-times-square.com\/it\/wp-json\/wp\/v2\/users\/53"}],"replies":[{"embeddable":true,"href":"https:\/\/welcome-to-times-square.com\/it\/wp-json\/wp\/v2\/comments?post=8816"}],"version-history":[{"count":2,"href":"https:\/\/welcome-to-times-square.com\/it\/wp-json\/wp\/v2\/pages\/8816\/revisions"}],"predecessor-version":[{"id":8824,"href":"https:\/\/welcome-to-times-square.com\/it\/wp-json\/wp\/v2\/pages\/8816\/revisions\/8824"}],"wp:attachment":[{"href":"https:\/\/welcome-to-times-square.com\/it\/wp-json\/wp\/v2\/media?parent=8816"}],"curies":[{"name":"wp","href":"https:\/\/api.w.org\/{rel}","templated":true}]}}