{"id":8829,"date":"2022-04-21T20:42:43","date_gmt":"2022-04-21T20:42:43","guid":{"rendered":"https:\/\/welcome-to-times-square.com\/broadway\/"},"modified":"2025-01-16T10:52:50","modified_gmt":"2025-01-16T10:52:50","slug":"broadway","status":"publish","type":"page","link":"https:\/\/welcome-to-times-square.com\/it\/broadway\/","title":{"rendered":"Broadway"},"content":{"rendered":"\t\t<div data-elementor-type=\"wp-page\" data-elementor-id=\"8829\" class=\"elementor elementor-8829 elementor-2723\" data-elementor-post-type=\"page\">\n\t\t\t\t<div class=\"elementor-element elementor-element-579ae8b e-flex e-con-boxed e-con e-parent\" data-id=\"579ae8b\" data-element_type=\"container\" data-e-type=\"container\" data-settings=\"{&quot;background_background&quot;:&quot;classic&quot;}\">\n\t\t\t\t\t<div class=\"e-con-inner\">\n\t\t\t\t<div class=\"elementor-element elementor-element-58f64c5 elementor-widget elementor-widget-heading\" data-id=\"58f64c5\" data-element_type=\"widget\" data-e-type=\"widget\" data-widget_type=\"heading.default\">\n\t\t\t\t<div class=\"elementor-widget-container\">\n\t\t\t\t\t<h2 class=\"elementor-heading-title elementor-size-default\">Broadway<\/h2>\t\t\t\t<\/div>\n\t\t\t\t<\/div>\n\t\t\t\t<div class=\"elementor-element elementor-element-504852b elementor-widget-divider--view-line elementor-widget elementor-widget-divider\" data-id=\"504852b\" data-element_type=\"widget\" data-e-type=\"widget\" data-widget_type=\"divider.default\">\n\t\t\t\t<div class=\"elementor-widget-container\">\n\t\t\t\t\t\t\t<div class=\"elementor-divider\">\n\t\t\t<span class=\"elementor-divider-separator\">\n\t\t\t\t\t\t<\/span>\n\t\t<\/div>\n\t\t\t\t\t\t<\/div>\n\t\t\t\t<\/div>\n\t\t\t\t<div class=\"elementor-element elementor-element-9a3acf2 elementor-widget elementor-widget-text-editor\" data-id=\"9a3acf2\" data-element_type=\"widget\" data-e-type=\"widget\" data-widget_type=\"text-editor.default\">\n\t\t\t\t<div class=\"elementor-widget-container\">\n\t\t\t\t\t\t\t\t\t<div class=\"vc_row wpb_row vc_row-fluid vc_custom_1650656373458 vc_row-has-fill\">\n<div class=\"wpb_column vc_column_container vc_col-sm-12\">\n<div class=\"vc_column-inner\">\n<div class=\"wpb_wrapper\">\n<div class=\"wpb_text_column wpb_content_element \">\n<div class=\"wpb_wrapper\">\n<p>Una delle maggiori attrazioni di New York City \u00e8 Broadway, dove troverete le migliori e pi\u00f9 abbaglianti offerte teatrali del mondo. Qui troverete tutte le informazioni necessarie per conoscere, visitare questo circuito teatrale e godervi gli spettacoli che pi\u00f9 vi piacciono. <\/p>\n<p>New York \u00e8 il simbolo dello spettacolo. Bisogna approfittare della visita in citt\u00e0 per assistere agli spettacoli incredibili. Si possono consultare alcune delle tante liste dei migliori musical, per sapere quale scegliere, anche se i pi\u00f9 eccezionali sono: \u2018Il Re Leone\u2019, in cartellone dal 1997, \u00e8 il migliore di tutti. Ed \u00e8 per questo che di solito non ci sono biglietti per questo al TKTS, che si trova sulle scale rosse di Times Square: dietro ci sono dei piccoli armadietti accanto a un pannello dove si possono vedere gli spettacoli disponibili quel giorno e i prezzi, ridotti, dei biglietti che si possono acquistare per lo stesso giorno. Si pu\u00f2 anche godere di \u2018Aladdin\u2019, basato sul film Disney, ha effetti speciali incredibili come il genio che esce dalla lampada, un autentico tappeto volante e una messa in scena di pianto di commozione; ma ci sono anche i classici &#8220;Chicago&#8221; o &#8220;Il fantasma dell&#8217;opera&#8221;, cos\u00ec come quelli pi\u00f9 moderni, come &#8220;Harry Potter e la maledizione dell&#8217;erede&#8221;, che arriver\u00e0 a Broadway nel 2021.    <\/p>\n<p>Sono passati 50 anni dalla premi\u00e8re di GREASE al Majestic Theater di New York. Era il 14 febbraio 1972 la prima volta che il mondo pot\u00e9 vedere questa produzione che, sei anni dopo, nel 1978, fu portata sul grande schermo. Fu proprio la versione cinematografica del musical a far conoscere GREASE a livello internazionale, generando un grande impatto culturale e sociale in tutto il mondo.  <\/p>\n<p>Il musical &#8220;Il Fantasma dell&#8217;Opera&#8221; celebra 34 anni di presenza nel cartellone della mecca del teatro, Broadway.<\/p>\n<p>Il 26 gennaio 1988 questa messa in scena alz\u00f2 il sipario al Majestic Theater di New York City, nel cuore del quartiere dei teatri.<\/p>\n<p>Da allora, sono diversi gli attori che hanno dato vita al Fantasma, personaggio principale della storia, innamorato della giovane ballerina e cantante lirica Christine Daa\u00e9.<\/p>\n<p>Basato sul libro di Gast\u00f3n Leroux &#8220;Le fant\u00f3me de L\u2019\u00d3pera&#8221;, in cui una giovane ballerina e aspirante cantante lirica, Christine Daa\u00e9, diventa la musa e la strana ossessione di un fantasma all&#8217;Op\u00e9ra di Parigi. \u00c8 una storia d&#8217;amore senza tempo e penso che abbia un po&#8217; di tutto. C&#8217;\u00e8 quest&#8217;uomo che si \u00e8 innamorato di qualcuno. Lui non \u00e8 di quel mondo e la donna \u00e8 attratta da qualcuno a cui \u00e8 pi\u00f9 legata&#8221;, dice Crawford.   <\/p>\n<p>\u201cC\u2019\u00e8 la lotta per l\u2019amore. C&#8217;\u00e8 intrigo. Ci sono colpi di scena. Ha un po&#8217; di tutto. E credo che sia perch\u00e9 \u201cEl fantasma de la \u00f3pera\u201d ha sido capaz de resistere al paso del tiempo\u201d, a\u00f1ade el actor.<\/p>\n<p>Miranda si \u00e8 appassionata alla banda sonora di \u201cEncanto\u201d, ed \u00e8 entrata nel mondo dello spettacolo pisando Broadway con due musical, \u201cIn the Heights\u201d e \u201cHamilton\u201d, accumulando 16 nomination ai premi Tony, la massima distinzione del circuito teatrale.<\/p>\n<p>La canzone &#8220;We Don&#8217;t Talk About Bruno&#8221;, della banda sonora del film &#8220;Encanto&#8221;, resiste fermamente per terza settimana consecutiva al fronte di Billboard Hot 100, la principale lista di popolarit\u00e0 musicale negli Stati Uniti. Il tema interpretato da Carolina Gait\u00e1n, Mauro Castillo, Adassa, Rhenzy Feliz, Diane Guerrero, Stephanie Beatriz e l&#8217;elenco dei film ispirati nel folclore colombiano continuano a seguire i registri storici dei film Disney. <\/p>\n<\/div>\n<\/div>\n<\/div>\n<\/div>\n<\/div>\n<\/div>\n\t\t\t\t\t\t\t\t<\/div>\n\t\t\t\t<\/div>\n\t\t\t\t<div class=\"elementor-element elementor-element-d0af643 elementor-widget-divider--view-line elementor-widget elementor-widget-divider\" data-id=\"d0af643\" data-element_type=\"widget\" data-e-type=\"widget\" data-widget_type=\"divider.default\">\n\t\t\t\t<div class=\"elementor-widget-container\">\n\t\t\t\t\t\t\t<div class=\"elementor-divider\">\n\t\t\t<span class=\"elementor-divider-separator\">\n\t\t\t\t\t\t<\/span>\n\t\t<\/div>\n\t\t\t\t\t\t<\/div>\n\t\t\t\t<\/div>\n\t\t\t\t<div class=\"elementor-element elementor-element-6d56304 elementor-widget elementor-widget-text-editor\" data-id=\"6d56304\" data-element_type=\"widget\" data-e-type=\"widget\" data-widget_type=\"text-editor.default\">\n\t\t\t\t<div class=\"elementor-widget-container\">\n\t\t\t\t\t\t\t\t\t<p><strong>Per apparire sul nostro cartellone a Times Square, vai alla sezione CONTATTI.<\/strong><\/p>\n<p>Ecco come funziona:<\/p>\n<p>Che si tratti di un compleanno, di una proposta di matrimonio, di un anniversario o di una semplice dichiarazione d&#8217;amore, abbiamo pensato a te. Non essere una faccia nella folla! <br \/>Metti la tua foto o il tuo video sul nostro cartellone a Times Square!<\/p>\n<p>Opzione 1: il tuo video\/foto di 60 secondi sar\u00e0 visualizzato 22 volte al giorno.<br \/>Opzione 2: il tuo video\/foto di 30 secondi sar\u00e0 visualizzato 44 volte al giorno<br \/>Opzione 3: il tuo video\/foto di 15 secondi sar\u00e0 visualizzato 88 volte al giorno.<\/p>\n<p>Il nostro cartellone pubblicitario ha una dimensione di 31 piedi x 55 piedi e si trova al 1560 di Broadway (Broadway e 46th Street, proprio sopra il negozio Pel\u00e9).<\/p>\n<p>Non essere una faccia nella folla!<\/p>\n\t\t\t\t\t\t\t\t<\/div>\n\t\t\t\t<\/div>\n\t\t\t\t<div class=\"elementor-element elementor-element-020f897 elementor-widget elementor-widget-image\" data-id=\"020f897\" data-element_type=\"widget\" data-e-type=\"widget\" data-widget_type=\"image.default\">\n\t\t\t\t<div class=\"elementor-widget-container\">\n\t\t\t\t\t\t\t\t\t\t\t\t\t\t\t<img fetchpriority=\"high\" decoding=\"async\" width=\"1024\" height=\"685\" src=\"https:\/\/welcome-to-times-square.com\/wp-content\/uploads\/2022\/04\/broadway-1024x685.jpg\" class=\"attachment-large size-large wp-image-6149\" alt=\"\" srcset=\"https:\/\/welcome-to-times-square.com\/wp-content\/uploads\/2022\/04\/broadway-1024x685.jpg 1024w, https:\/\/welcome-to-times-square.com\/wp-content\/uploads\/2022\/04\/broadway-600x402.jpg 600w, https:\/\/welcome-to-times-square.com\/wp-content\/uploads\/2022\/04\/broadway-300x201.jpg 300w, https:\/\/welcome-to-times-square.com\/wp-content\/uploads\/2022\/04\/broadway-768x514.jpg 768w, https:\/\/welcome-to-times-square.com\/wp-content\/uploads\/2022\/04\/broadway-1536x1028.jpg 1536w, https:\/\/welcome-to-times-square.com\/wp-content\/uploads\/2022\/04\/broadway.jpg 1600w\" sizes=\"(max-width: 1024px) 100vw, 1024px\" \/>\t\t\t\t\t\t\t\t\t\t\t\t\t\t\t<\/div>\n\t\t\t\t<\/div>\n\t\t\t\t\t<\/div>\n\t\t\t\t<\/div>\n\t\t\t\t<\/div>\n\t\t","protected":false},"excerpt":{"rendered":"Broadway Una delle maggiori attrazioni di New York City \u00e8 Broadway, dove troverete le migliori e pi\u00f9 abbaglianti offerte teatrali del mondo. Qui troverete tutte le informazioni necessarie per conoscere, visitare questo circuito teatrale e godervi gli spettacoli che pi\u00f9 vi piacciono. New York \u00e8 il simbolo dello spettacolo. Bisogna approfittare della visita in citt\u00e0 [...]<a href=\"https:\/\/welcome-to-times-square.com\/it\/broadway\/\" class=\"read-more wyz-secondary-color-text\">read more<span class=\"screen-reader-text\">Broadway<\/span><\/a>","protected":false},"author":53,"featured_media":0,"parent":0,"menu_order":0,"comment_status":"closed","ping_status":"closed","template":"elementor_header_footer","meta":{"footnotes":""},"class_list":["post-8829","page","type-page","status-publish","hentry"],"yoast_head":"<!-- This site is optimized with the Yoast SEO plugin v27.2 - https:\/\/yoast.com\/product\/yoast-seo-wordpress\/ -->\n<title>Broadway - times-square<\/title>\n<meta name=\"robots\" content=\"index, follow, max-snippet:-1, max-image-preview:large, max-video-preview:-1\" \/>\n<link rel=\"canonical\" href=\"https:\/\/welcome-to-times-square.com\/it\/broadway\/\" \/>\n<meta property=\"og:locale\" content=\"it_IT\" \/>\n<meta property=\"og:type\" content=\"article\" \/>\n<meta property=\"og:title\" content=\"Broadway - times-square\" \/>\n<meta property=\"og:description\" content=\"Broadway Una delle maggiori attrazioni di New York City \u00e8 Broadway, dove troverete le migliori e pi\u00f9 abbaglianti offerte teatrali del mondo. Qui troverete tutte le informazioni necessarie per conoscere, visitare questo circuito teatrale e godervi gli spettacoli che pi\u00f9 vi piacciono. New York \u00e8 il simbolo dello spettacolo. Bisogna approfittare della visita in citt\u00e0 [...]read moreBroadway\" \/>\n<meta property=\"og:url\" content=\"https:\/\/welcome-to-times-square.com\/it\/broadway\/\" \/>\n<meta property=\"og:site_name\" content=\"times-square\" \/>\n<meta property=\"article:modified_time\" content=\"2025-01-16T10:52:50+00:00\" \/>\n<meta property=\"og:image\" content=\"https:\/\/welcome-to-times-square.com\/wp-content\/uploads\/2022\/04\/broadway.jpg\" \/>\n\t<meta property=\"og:image:width\" content=\"1600\" \/>\n\t<meta property=\"og:image:height\" content=\"1071\" \/>\n\t<meta property=\"og:image:type\" content=\"image\/jpeg\" \/>\n<meta name=\"twitter:card\" content=\"summary_large_image\" \/>\n<meta name=\"twitter:label1\" content=\"Tempo di lettura stimato\" \/>\n\t<meta name=\"twitter:data1\" content=\"4 minuti\" \/>\n<script type=\"application\/ld+json\" class=\"yoast-schema-graph\">{\"@context\":\"https:\/\/schema.org\",\"@graph\":[{\"@type\":\"WebPage\",\"@id\":\"https:\/\/welcome-to-times-square.com\/it\/broadway\/\",\"url\":\"https:\/\/welcome-to-times-square.com\/it\/broadway\/\",\"name\":\"Broadway - times-square\",\"isPartOf\":{\"@id\":\"https:\/\/welcome-to-times-square.com\/it\/#website\"},\"primaryImageOfPage\":{\"@id\":\"https:\/\/welcome-to-times-square.com\/it\/broadway\/#primaryimage\"},\"image\":{\"@id\":\"https:\/\/welcome-to-times-square.com\/it\/broadway\/#primaryimage\"},\"thumbnailUrl\":\"https:\/\/welcome-to-times-square.com\/wp-content\/uploads\/2022\/04\/broadway-1024x685.jpg\",\"datePublished\":\"2022-04-21T20:42:43+00:00\",\"dateModified\":\"2025-01-16T10:52:50+00:00\",\"breadcrumb\":{\"@id\":\"https:\/\/welcome-to-times-square.com\/it\/broadway\/#breadcrumb\"},\"inLanguage\":\"it-IT\",\"potentialAction\":[{\"@type\":\"ReadAction\",\"target\":[\"https:\/\/welcome-to-times-square.com\/it\/broadway\/\"]}]},{\"@type\":\"ImageObject\",\"inLanguage\":\"it-IT\",\"@id\":\"https:\/\/welcome-to-times-square.com\/it\/broadway\/#primaryimage\",\"url\":\"https:\/\/welcome-to-times-square.com\/wp-content\/uploads\/2022\/04\/broadway-1024x685.jpg\",\"contentUrl\":\"https:\/\/welcome-to-times-square.com\/wp-content\/uploads\/2022\/04\/broadway-1024x685.jpg\"},{\"@type\":\"BreadcrumbList\",\"@id\":\"https:\/\/welcome-to-times-square.com\/it\/broadway\/#breadcrumb\",\"itemListElement\":[{\"@type\":\"ListItem\",\"position\":1,\"name\":\"Home\",\"item\":\"https:\/\/welcome-to-times-square.com\/it\/\"},{\"@type\":\"ListItem\",\"position\":2,\"name\":\"Broadway\"}]},{\"@type\":\"WebSite\",\"@id\":\"https:\/\/welcome-to-times-square.com\/it\/#website\",\"url\":\"https:\/\/welcome-to-times-square.com\/it\/\",\"name\":\"times-square\",\"description\":\"times-square\",\"publisher\":{\"@id\":\"https:\/\/welcome-to-times-square.com\/it\/#organization\"},\"potentialAction\":[{\"@type\":\"SearchAction\",\"target\":{\"@type\":\"EntryPoint\",\"urlTemplate\":\"https:\/\/welcome-to-times-square.com\/it\/?s={search_term_string}\"},\"query-input\":{\"@type\":\"PropertyValueSpecification\",\"valueRequired\":true,\"valueName\":\"search_term_string\"}}],\"inLanguage\":\"it-IT\"},{\"@type\":\"Organization\",\"@id\":\"https:\/\/welcome-to-times-square.com\/it\/#organization\",\"name\":\"times-square\",\"url\":\"https:\/\/welcome-to-times-square.com\/it\/\",\"logo\":{\"@type\":\"ImageObject\",\"inLanguage\":\"it-IT\",\"@id\":\"https:\/\/welcome-to-times-square.com\/it\/#\/schema\/logo\/image\/\",\"url\":\"https:\/\/welcome-to-times-square.com\/wp-content\/uploads\/2024\/03\/welcome-to-time-square-logo-with-r.png\",\"contentUrl\":\"https:\/\/welcome-to-times-square.com\/wp-content\/uploads\/2024\/03\/welcome-to-time-square-logo-with-r.png\",\"width\":500,\"height\":342,\"caption\":\"times-square\"},\"image\":{\"@id\":\"https:\/\/welcome-to-times-square.com\/it\/#\/schema\/logo\/image\/\"}}]}<\/script>\n<!-- \/ Yoast SEO plugin. -->","yoast_head_json":{"title":"Broadway - times-square","robots":{"index":"index","follow":"follow","max-snippet":"max-snippet:-1","max-image-preview":"max-image-preview:large","max-video-preview":"max-video-preview:-1"},"canonical":"https:\/\/welcome-to-times-square.com\/it\/broadway\/","og_locale":"it_IT","og_type":"article","og_title":"Broadway - times-square","og_description":"Broadway Una delle maggiori attrazioni di New York City \u00e8 Broadway, dove troverete le migliori e pi\u00f9 abbaglianti offerte teatrali del mondo. Qui troverete tutte le informazioni necessarie per conoscere, visitare questo circuito teatrale e godervi gli spettacoli che pi\u00f9 vi piacciono. New York \u00e8 il simbolo dello spettacolo. Bisogna approfittare della visita in citt\u00e0 [...]read moreBroadway","og_url":"https:\/\/welcome-to-times-square.com\/it\/broadway\/","og_site_name":"times-square","article_modified_time":"2025-01-16T10:52:50+00:00","og_image":[{"width":1600,"height":1071,"url":"https:\/\/welcome-to-times-square.com\/wp-content\/uploads\/2022\/04\/broadway.jpg","type":"image\/jpeg"}],"twitter_card":"summary_large_image","twitter_misc":{"Tempo di lettura stimato":"4 minuti"},"schema":{"@context":"https:\/\/schema.org","@graph":[{"@type":"WebPage","@id":"https:\/\/welcome-to-times-square.com\/it\/broadway\/","url":"https:\/\/welcome-to-times-square.com\/it\/broadway\/","name":"Broadway - times-square","isPartOf":{"@id":"https:\/\/welcome-to-times-square.com\/it\/#website"},"primaryImageOfPage":{"@id":"https:\/\/welcome-to-times-square.com\/it\/broadway\/#primaryimage"},"image":{"@id":"https:\/\/welcome-to-times-square.com\/it\/broadway\/#primaryimage"},"thumbnailUrl":"https:\/\/welcome-to-times-square.com\/wp-content\/uploads\/2022\/04\/broadway-1024x685.jpg","datePublished":"2022-04-21T20:42:43+00:00","dateModified":"2025-01-16T10:52:50+00:00","breadcrumb":{"@id":"https:\/\/welcome-to-times-square.com\/it\/broadway\/#breadcrumb"},"inLanguage":"it-IT","potentialAction":[{"@type":"ReadAction","target":["https:\/\/welcome-to-times-square.com\/it\/broadway\/"]}]},{"@type":"ImageObject","inLanguage":"it-IT","@id":"https:\/\/welcome-to-times-square.com\/it\/broadway\/#primaryimage","url":"https:\/\/welcome-to-times-square.com\/wp-content\/uploads\/2022\/04\/broadway-1024x685.jpg","contentUrl":"https:\/\/welcome-to-times-square.com\/wp-content\/uploads\/2022\/04\/broadway-1024x685.jpg"},{"@type":"BreadcrumbList","@id":"https:\/\/welcome-to-times-square.com\/it\/broadway\/#breadcrumb","itemListElement":[{"@type":"ListItem","position":1,"name":"Home","item":"https:\/\/welcome-to-times-square.com\/it\/"},{"@type":"ListItem","position":2,"name":"Broadway"}]},{"@type":"WebSite","@id":"https:\/\/welcome-to-times-square.com\/it\/#website","url":"https:\/\/welcome-to-times-square.com\/it\/","name":"times-square","description":"times-square","publisher":{"@id":"https:\/\/welcome-to-times-square.com\/it\/#organization"},"potentialAction":[{"@type":"SearchAction","target":{"@type":"EntryPoint","urlTemplate":"https:\/\/welcome-to-times-square.com\/it\/?s={search_term_string}"},"query-input":{"@type":"PropertyValueSpecification","valueRequired":true,"valueName":"search_term_string"}}],"inLanguage":"it-IT"},{"@type":"Organization","@id":"https:\/\/welcome-to-times-square.com\/it\/#organization","name":"times-square","url":"https:\/\/welcome-to-times-square.com\/it\/","logo":{"@type":"ImageObject","inLanguage":"it-IT","@id":"https:\/\/welcome-to-times-square.com\/it\/#\/schema\/logo\/image\/","url":"https:\/\/welcome-to-times-square.com\/wp-content\/uploads\/2024\/03\/welcome-to-time-square-logo-with-r.png","contentUrl":"https:\/\/welcome-to-times-square.com\/wp-content\/uploads\/2024\/03\/welcome-to-time-square-logo-with-r.png","width":500,"height":342,"caption":"times-square"},"image":{"@id":"https:\/\/welcome-to-times-square.com\/it\/#\/schema\/logo\/image\/"}}]}},"_hostinger_reach_plugin_has_subscription_block":false,"_hostinger_reach_plugin_is_elementor":false,"_links":{"self":[{"href":"https:\/\/welcome-to-times-square.com\/it\/wp-json\/wp\/v2\/pages\/8829","targetHints":{"allow":["GET"]}}],"collection":[{"href":"https:\/\/welcome-to-times-square.com\/it\/wp-json\/wp\/v2\/pages"}],"about":[{"href":"https:\/\/welcome-to-times-square.com\/it\/wp-json\/wp\/v2\/types\/page"}],"author":[{"embeddable":true,"href":"https:\/\/welcome-to-times-square.com\/it\/wp-json\/wp\/v2\/users\/53"}],"replies":[{"embeddable":true,"href":"https:\/\/welcome-to-times-square.com\/it\/wp-json\/wp\/v2\/comments?post=8829"}],"version-history":[{"count":2,"href":"https:\/\/welcome-to-times-square.com\/it\/wp-json\/wp\/v2\/pages\/8829\/revisions"}],"predecessor-version":[{"id":8839,"href":"https:\/\/welcome-to-times-square.com\/it\/wp-json\/wp\/v2\/pages\/8829\/revisions\/8839"}],"wp:attachment":[{"href":"https:\/\/welcome-to-times-square.com\/it\/wp-json\/wp\/v2\/media?parent=8829"}],"curies":[{"name":"wp","href":"https:\/\/api.w.org\/{rel}","templated":true}]}}