{"id":8871,"date":"2022-04-21T20:50:20","date_gmt":"2022-04-21T20:50:20","guid":{"rendered":"https:\/\/welcome-to-times-square.com\/entertaiment\/"},"modified":"2025-01-16T11:18:59","modified_gmt":"2025-01-16T11:18:59","slug":"entertaiment","status":"publish","type":"page","link":"https:\/\/welcome-to-times-square.com\/it\/entertaiment\/","title":{"rendered":"Entertainment"},"content":{"rendered":"\t\t<div data-elementor-type=\"wp-page\" data-elementor-id=\"8871\" class=\"elementor elementor-8871 elementor-2724\" data-elementor-post-type=\"page\">\n\t\t\t\t<div class=\"elementor-element elementor-element-dea4015 e-flex e-con-boxed e-con e-parent\" data-id=\"dea4015\" data-element_type=\"container\" data-e-type=\"container\" data-settings=\"{&quot;background_background&quot;:&quot;classic&quot;}\">\n\t\t\t\t\t<div class=\"e-con-inner\">\n\t\t\t\t<div class=\"elementor-element elementor-element-2ba7a58 elementor-widget elementor-widget-heading\" data-id=\"2ba7a58\" data-element_type=\"widget\" data-e-type=\"widget\" data-widget_type=\"heading.default\">\n\t\t\t\t<div class=\"elementor-widget-container\">\n\t\t\t\t\t<h2 class=\"elementor-heading-title elementor-size-default\">Entertaiment<\/h2>\t\t\t\t<\/div>\n\t\t\t\t<\/div>\n\t\t\t\t<div class=\"elementor-element elementor-element-476d8d6 elementor-widget-divider--view-line elementor-widget elementor-widget-divider\" data-id=\"476d8d6\" data-element_type=\"widget\" data-e-type=\"widget\" data-widget_type=\"divider.default\">\n\t\t\t\t<div class=\"elementor-widget-container\">\n\t\t\t\t\t\t\t<div class=\"elementor-divider\">\n\t\t\t<span class=\"elementor-divider-separator\">\n\t\t\t\t\t\t<\/span>\n\t\t<\/div>\n\t\t\t\t\t\t<\/div>\n\t\t\t\t<\/div>\n\t\t\t\t<div class=\"elementor-element elementor-element-47af605 elementor-widget elementor-widget-text-editor\" data-id=\"47af605\" data-element_type=\"widget\" data-e-type=\"widget\" data-widget_type=\"text-editor.default\">\n\t\t\t\t<div class=\"elementor-widget-container\">\n\t\t\t\t\t\t\t\t\t<div class=\"vc_row wpb_row vc_row-fluid vc_custom_1650656361411 vc_row-has-fill\">\n<div class=\"wpb_column vc_column_container vc_col-sm-12\">\n<div class=\"vc_column-inner\">\n<div class=\"wpb_wrapper\">\n<div class=\"wpb_text_column wpb_content_element \">\n<div class=\"wpb_wrapper\">\n<p>Pamela Anderson, 54 anni, ha iniziato la sua carriera a Broadway, durata otto settimane, interpretando l&#8217;astuta Roxie Hart nell&#8217;iconico musical di Bob Fosse e Fred Ebb, dove \u00e8 stata accolta con elogi eterni. Il pubblico ha accolto Anderson con il tipo di euforia che pochi spettacoli hanno ricevuto durante questa difficile stagione, per non parlare di una produzione di 25 anni come Chicago. <\/p>\n<p>Chicago racconta la storia di Roxie, un&#8217;adultera degli anni &#8217;20 che uccide il suo amante e diventa la beniamina dei tabloid mentre discute per difendersi, un ruolo perfetto per un&#8217;icona dello spettacolo.<\/p>\n<p>Tale \u00e8 il successo di Chicago che ha vinto 6 Tony Awards e la registrazione dei temi del musical ha vinto anche un Grammy Award.<\/p>\n<p>Il Re Leone \u00e8 un acclamato adattamento teatrale del classico film e libro Disney del 1994 di Roger Allers e Irene Mecchi, che d\u00e0 vita alla storia di Simba, il principe dei leoni africani, che combatte contro il suo malvagio zio Scar per il trono, dopo aver ucciso suo padre. Ma prima che Simba possa prendere il suo legittimo posto nel &#8220;Ciclo della vita&#8221;, cresce con i suoi due amici amanti del divertimento, Timon e Pumbaa. Insieme insegnano a Simba la loro filosofia di vita, &#8220;Hakuna Matata&#8221; (Nessun problema). Il musical presenta musiche di Elton John e Tim Rice e la canzone vincitrice dell&#8217;Oscar &#8220;Can You Feel the Love Tonight&#8221;.    <\/p>\n<p>Altre canzoni sono di Hans Zimmer, Lebo M, Mark Mancina e Jay Rifkin. Questa festa visiva \u00e8 famosa per la complessa fusione animale-burattino-umano della regista Julie Taymor, ed \u00e8 amata dal pubblico di tutte le et\u00e0. <\/p>\n<p>Harry Potter and the Cursed Child, la sua trama non replica nessuno dei film, ma \u00e8 una trama che pu\u00f2 essere vista solo nel musical. La sceneggiatura \u00e8 stata scritta dalla stessa J. K. Rowling ed \u00e8 ambientata 17 anni dopo che Harry ha sconfitto Voldemort. Ora Potter \u00e8 un dipendente del Ministero della Magia, sposato e padre di tre figli. Questo punto di partenza \u00e8 l&#8217;inizio di un&#8217;opera che ha vinto diversi Tony Awards, tra cui il miglior musical, e ha il record di biglietti venduti in una settimana nell&#8217;intera storia di Broadway. La scenografia del musical, gli effetti speciali e la sua colonna sonora sono magnifici e di grande intrattenimento. Ma, soprattutto, perch\u00e9 completa la storia di Harry Potter in un modo che nessun altro film, spin-off o romanzo ha fatto.     <\/p>\n<p>Moulin Rouge \u00e8 un&#8217;esperienza sensazionale piena di colori, luci ed emozioni che vi immerger\u00e0 nella Parigi boh\u00e9mien del 1900. Racconta la romantica storia d&#8217;amore tra il giovane scrittore Christian e Satine, la star del cabaret. Il musical conserva tutta l&#8217;essenza del film perch\u00e9 la scenografia del musical ha persino il simbolico mulino a vento rosso, l&#8217;elefante gigante e tutto il sapore del cabaret, ma \u00e8 anche modernizzato aggiungendo canzoni recenti al suo repertorio, il che vi fa identificare di pi\u00f9 con la storia. ed \u00e8 puro intrattenimento.   <\/p>\n<p>Hamilton racconta la storia di Alexander Hamilton, un orfano dei Caraibi che, dopo una serie di eventi, finisce per arrivare negli Stati Uniti e diventa una figura importante sia nella guerra d&#8217;indipendenza americana che nel primo governo della nazione. La storia \u00e8 raccontata in modo non convenzionale attraverso una messa in scena interattiva in cui abbondano effetti sonori e luminosi spettacolari, che creano un grande intrattenimento. Inoltre, \u00e8 un&#8217;opera in cui ci sono pochi dialoghi e tutto avviene attraverso canzoni. Ognuna di esse \u00e8 unica per questo musical.   <\/p>\n<p>Aladdin \u00e8 l&#8217;adattamento teatrale del popolare e classico film d&#8217;animazione Disney degli anni &#8217;90.<\/p>\n<p>La storia inizia quando Aladino, un giovane ladro di Agrabah, trova una lampada magica con la quale pu\u00f2 esprimere solo tre desideri per sistemare la sua vita e sfuggire cos\u00ec alla povert\u00e0. Con uno di questi vuole diventare un principe per conquistare Jazmin, la bellissima figlia del sultano di cui si \u00e8 innamorato, ma il malvagio visir reale ha altri piani per il Genio della lampada che metteranno in pericolo tutti gli abitanti della citt\u00e0. La scena del numero &#8220;Un mondo ideale&#8221;, dove i protagonisti sorvolano la citt\u00e0 a bordo di un tappeto magico, \u00e8 semplicemente magnifica, un grande divertimento per tutta la famiglia.   <\/p>\n<p>Il Fantasma dell&#8217;Opera \u00e8 uno dei musical di Broadway di maggior successo, premiato con 7 Tony Awards (tra cui quello come miglior musical dell&#8217;anno), grazie allo splendido adattamento del popolare romanzo di Gaston Leroux.<\/p>\n<p>\u00c8 ambientato nel XIX secolo all&#8217;Opera di Parigi e racconta la storia di un uomo deforme che si nasconde nel seminterrato del teatro dell&#8217;opera e che spaventa i lavoratori del teatro con i suoi crimini. Ma il fantasma si innamora di una giovane ballerina di nome Christine, la adotta come sua musa e le insegna a cantare per diventare la prima donna dell&#8217;opera. Tuttavia, quando scopre che il suo amore \u00e8 impossibile, giura vendetta.  <\/p>\n<p>Non c&#8217;\u00e8 da stupirsi che sia lo spettacolo di Broadway pi\u00f9 longevo e che 80 milioni di persone in tutto il mondo lo abbiano gi\u00e0 visto.<\/p>\n<\/div>\n<\/div>\n<\/div>\n<\/div>\n<\/div>\n<\/div>\n\t\t\t\t\t\t\t\t<\/div>\n\t\t\t\t<\/div>\n\t\t\t\t<div class=\"elementor-element elementor-element-09147c1 elementor-widget-divider--view-line elementor-widget elementor-widget-divider\" data-id=\"09147c1\" data-element_type=\"widget\" data-e-type=\"widget\" data-widget_type=\"divider.default\">\n\t\t\t\t<div class=\"elementor-widget-container\">\n\t\t\t\t\t\t\t<div class=\"elementor-divider\">\n\t\t\t<span class=\"elementor-divider-separator\">\n\t\t\t\t\t\t<\/span>\n\t\t<\/div>\n\t\t\t\t\t\t<\/div>\n\t\t\t\t<\/div>\n\t\t\t\t<div class=\"elementor-element elementor-element-9eff9da elementor-widget elementor-widget-text-editor\" data-id=\"9eff9da\" data-element_type=\"widget\" data-e-type=\"widget\" data-widget_type=\"text-editor.default\">\n\t\t\t\t<div class=\"elementor-widget-container\">\n\t\t\t\t\t\t\t\t\t<p><strong>Per apparire sul nostro cartellone a Times Square, vai alla sezione CONTATTI.<\/strong><\/p>\n<p>Ecco come funziona:<\/p>\n<p>Che si tratti di un compleanno, di una proposta di matrimonio, di un anniversario o di una semplice dichiarazione d&#8217;amore, abbiamo pensato a te. Non essere una faccia nella folla! <br \/>Metti la tua foto o il tuo video sul nostro cartellone a Times Square!<\/p>\n<p>Opzione 1: il tuo video\/foto di 60 secondi sar\u00e0 visualizzato 22 volte al giorno.<br \/>Opzione 2: il tuo video\/foto di 30 secondi sar\u00e0 visualizzato 44 volte al giorno<br \/>Opzione 3: il tuo video\/foto di 15 secondi sar\u00e0 visualizzato 88 volte al giorno.<\/p>\n<p>Il nostro cartellone pubblicitario ha una dimensione di 31 piedi x 55 piedi e si trova al 1560 di Broadway (Broadway e 46th Street, proprio sopra il negozio Pel\u00e9).<\/p>\n<p>Non essere una faccia nella folla!<\/p>\n\t\t\t\t\t\t\t\t<\/div>\n\t\t\t\t<\/div>\n\t\t\t\t<div class=\"elementor-element elementor-element-a11b766 elementor-widget elementor-widget-image\" data-id=\"a11b766\" data-element_type=\"widget\" data-e-type=\"widget\" data-widget_type=\"image.default\">\n\t\t\t\t<div class=\"elementor-widget-container\">\n\t\t\t\t\t\t\t\t\t\t\t\t\t\t\t<img fetchpriority=\"high\" decoding=\"async\" width=\"1024\" height=\"768\" src=\"https:\/\/welcome-to-times-square.com\/wp-content\/uploads\/2022\/04\/entertaiment-1024x768.jpg\" class=\"attachment-large size-large wp-image-6154\" alt=\"\" srcset=\"https:\/\/welcome-to-times-square.com\/wp-content\/uploads\/2022\/04\/entertaiment-1024x768.jpg 1024w, https:\/\/welcome-to-times-square.com\/wp-content\/uploads\/2022\/04\/entertaiment-600x450.jpg 600w, https:\/\/welcome-to-times-square.com\/wp-content\/uploads\/2022\/04\/entertaiment-300x225.jpg 300w, https:\/\/welcome-to-times-square.com\/wp-content\/uploads\/2022\/04\/entertaiment-768x576.jpg 768w, https:\/\/welcome-to-times-square.com\/wp-content\/uploads\/2022\/04\/entertaiment.jpg 1500w\" sizes=\"(max-width: 1024px) 100vw, 1024px\" \/>\t\t\t\t\t\t\t\t\t\t\t\t\t\t\t<\/div>\n\t\t\t\t<\/div>\n\t\t\t\t\t<\/div>\n\t\t\t\t<\/div>\n\t\t\t\t<\/div>\n\t\t","protected":false},"excerpt":{"rendered":"Entertaiment Pamela Anderson, 54 anni, ha iniziato la sua carriera a Broadway, durata otto settimane, interpretando l'astuta Roxie Hart nell'iconico musical di Bob Fosse e Fred Ebb, dove \u00e8 stata accolta con elogi eterni. Il pubblico ha accolto Anderson con il tipo di euforia che pochi spettacoli hanno ricevuto durante questa difficile stagione, per non [...]<a href=\"https:\/\/welcome-to-times-square.com\/it\/entertaiment\/\" class=\"read-more wyz-secondary-color-text\">read more<span class=\"screen-reader-text\">Entertainment<\/span><\/a>","protected":false},"author":53,"featured_media":0,"parent":0,"menu_order":0,"comment_status":"closed","ping_status":"closed","template":"elementor_header_footer","meta":{"footnotes":""},"class_list":["post-8871","page","type-page","status-publish","hentry"],"yoast_head":"<!-- This site is optimized with the Yoast SEO plugin v27.2 - https:\/\/yoast.com\/product\/yoast-seo-wordpress\/ -->\n<title>Entertainment - times-square<\/title>\n<meta name=\"robots\" content=\"index, follow, max-snippet:-1, max-image-preview:large, max-video-preview:-1\" \/>\n<link rel=\"canonical\" href=\"https:\/\/welcome-to-times-square.com\/it\/entertaiment\/\" \/>\n<meta property=\"og:locale\" content=\"it_IT\" \/>\n<meta property=\"og:type\" content=\"article\" \/>\n<meta property=\"og:title\" content=\"Entertainment - times-square\" \/>\n<meta property=\"og:description\" content=\"Entertaiment Pamela Anderson, 54 anni, ha iniziato la sua carriera a Broadway, durata otto settimane, interpretando l&#8217;astuta Roxie Hart nell&#8217;iconico musical di Bob Fosse e Fred Ebb, dove \u00e8 stata accolta con elogi eterni. Il pubblico ha accolto Anderson con il tipo di euforia che pochi spettacoli hanno ricevuto durante questa difficile stagione, per non [...]read moreEntertainment\" \/>\n<meta property=\"og:url\" content=\"https:\/\/welcome-to-times-square.com\/it\/entertaiment\/\" \/>\n<meta property=\"og:site_name\" content=\"times-square\" \/>\n<meta property=\"article:modified_time\" content=\"2025-01-16T11:18:59+00:00\" \/>\n<meta property=\"og:image\" content=\"https:\/\/welcome-to-times-square.com\/wp-content\/uploads\/2022\/04\/entertaiment.jpg\" \/>\n\t<meta property=\"og:image:width\" content=\"1500\" \/>\n\t<meta property=\"og:image:height\" content=\"1125\" \/>\n\t<meta property=\"og:image:type\" content=\"image\/jpeg\" \/>\n<meta name=\"twitter:card\" content=\"summary_large_image\" \/>\n<meta name=\"twitter:label1\" content=\"Tempo di lettura stimato\" \/>\n\t<meta name=\"twitter:data1\" content=\"5 minuti\" \/>\n<script type=\"application\/ld+json\" class=\"yoast-schema-graph\">{\"@context\":\"https:\/\/schema.org\",\"@graph\":[{\"@type\":\"WebPage\",\"@id\":\"https:\/\/welcome-to-times-square.com\/it\/entertaiment\/\",\"url\":\"https:\/\/welcome-to-times-square.com\/it\/entertaiment\/\",\"name\":\"Entertainment - times-square\",\"isPartOf\":{\"@id\":\"https:\/\/welcome-to-times-square.com\/it\/#website\"},\"primaryImageOfPage\":{\"@id\":\"https:\/\/welcome-to-times-square.com\/it\/entertaiment\/#primaryimage\"},\"image\":{\"@id\":\"https:\/\/welcome-to-times-square.com\/it\/entertaiment\/#primaryimage\"},\"thumbnailUrl\":\"https:\/\/welcome-to-times-square.com\/wp-content\/uploads\/2022\/04\/entertaiment-1024x768.jpg\",\"datePublished\":\"2022-04-21T20:50:20+00:00\",\"dateModified\":\"2025-01-16T11:18:59+00:00\",\"breadcrumb\":{\"@id\":\"https:\/\/welcome-to-times-square.com\/it\/entertaiment\/#breadcrumb\"},\"inLanguage\":\"it-IT\",\"potentialAction\":[{\"@type\":\"ReadAction\",\"target\":[\"https:\/\/welcome-to-times-square.com\/it\/entertaiment\/\"]}]},{\"@type\":\"ImageObject\",\"inLanguage\":\"it-IT\",\"@id\":\"https:\/\/welcome-to-times-square.com\/it\/entertaiment\/#primaryimage\",\"url\":\"https:\/\/welcome-to-times-square.com\/wp-content\/uploads\/2022\/04\/entertaiment-1024x768.jpg\",\"contentUrl\":\"https:\/\/welcome-to-times-square.com\/wp-content\/uploads\/2022\/04\/entertaiment-1024x768.jpg\"},{\"@type\":\"BreadcrumbList\",\"@id\":\"https:\/\/welcome-to-times-square.com\/it\/entertaiment\/#breadcrumb\",\"itemListElement\":[{\"@type\":\"ListItem\",\"position\":1,\"name\":\"Home\",\"item\":\"https:\/\/welcome-to-times-square.com\/it\/\"},{\"@type\":\"ListItem\",\"position\":2,\"name\":\"Entertainment\"}]},{\"@type\":\"WebSite\",\"@id\":\"https:\/\/welcome-to-times-square.com\/it\/#website\",\"url\":\"https:\/\/welcome-to-times-square.com\/it\/\",\"name\":\"times-square\",\"description\":\"times-square\",\"publisher\":{\"@id\":\"https:\/\/welcome-to-times-square.com\/it\/#organization\"},\"potentialAction\":[{\"@type\":\"SearchAction\",\"target\":{\"@type\":\"EntryPoint\",\"urlTemplate\":\"https:\/\/welcome-to-times-square.com\/it\/?s={search_term_string}\"},\"query-input\":{\"@type\":\"PropertyValueSpecification\",\"valueRequired\":true,\"valueName\":\"search_term_string\"}}],\"inLanguage\":\"it-IT\"},{\"@type\":\"Organization\",\"@id\":\"https:\/\/welcome-to-times-square.com\/it\/#organization\",\"name\":\"times-square\",\"url\":\"https:\/\/welcome-to-times-square.com\/it\/\",\"logo\":{\"@type\":\"ImageObject\",\"inLanguage\":\"it-IT\",\"@id\":\"https:\/\/welcome-to-times-square.com\/it\/#\/schema\/logo\/image\/\",\"url\":\"https:\/\/welcome-to-times-square.com\/wp-content\/uploads\/2024\/03\/welcome-to-time-square-logo-with-r.png\",\"contentUrl\":\"https:\/\/welcome-to-times-square.com\/wp-content\/uploads\/2024\/03\/welcome-to-time-square-logo-with-r.png\",\"width\":500,\"height\":342,\"caption\":\"times-square\"},\"image\":{\"@id\":\"https:\/\/welcome-to-times-square.com\/it\/#\/schema\/logo\/image\/\"}}]}<\/script>\n<!-- \/ Yoast SEO plugin. -->","yoast_head_json":{"title":"Entertainment - times-square","robots":{"index":"index","follow":"follow","max-snippet":"max-snippet:-1","max-image-preview":"max-image-preview:large","max-video-preview":"max-video-preview:-1"},"canonical":"https:\/\/welcome-to-times-square.com\/it\/entertaiment\/","og_locale":"it_IT","og_type":"article","og_title":"Entertainment - times-square","og_description":"Entertaiment Pamela Anderson, 54 anni, ha iniziato la sua carriera a Broadway, durata otto settimane, interpretando l&#8217;astuta Roxie Hart nell&#8217;iconico musical di Bob Fosse e Fred Ebb, dove \u00e8 stata accolta con elogi eterni. Il pubblico ha accolto Anderson con il tipo di euforia che pochi spettacoli hanno ricevuto durante questa difficile stagione, per non [...]read moreEntertainment","og_url":"https:\/\/welcome-to-times-square.com\/it\/entertaiment\/","og_site_name":"times-square","article_modified_time":"2025-01-16T11:18:59+00:00","og_image":[{"width":1500,"height":1125,"url":"https:\/\/welcome-to-times-square.com\/wp-content\/uploads\/2022\/04\/entertaiment.jpg","type":"image\/jpeg"}],"twitter_card":"summary_large_image","twitter_misc":{"Tempo di lettura stimato":"5 minuti"},"schema":{"@context":"https:\/\/schema.org","@graph":[{"@type":"WebPage","@id":"https:\/\/welcome-to-times-square.com\/it\/entertaiment\/","url":"https:\/\/welcome-to-times-square.com\/it\/entertaiment\/","name":"Entertainment - times-square","isPartOf":{"@id":"https:\/\/welcome-to-times-square.com\/it\/#website"},"primaryImageOfPage":{"@id":"https:\/\/welcome-to-times-square.com\/it\/entertaiment\/#primaryimage"},"image":{"@id":"https:\/\/welcome-to-times-square.com\/it\/entertaiment\/#primaryimage"},"thumbnailUrl":"https:\/\/welcome-to-times-square.com\/wp-content\/uploads\/2022\/04\/entertaiment-1024x768.jpg","datePublished":"2022-04-21T20:50:20+00:00","dateModified":"2025-01-16T11:18:59+00:00","breadcrumb":{"@id":"https:\/\/welcome-to-times-square.com\/it\/entertaiment\/#breadcrumb"},"inLanguage":"it-IT","potentialAction":[{"@type":"ReadAction","target":["https:\/\/welcome-to-times-square.com\/it\/entertaiment\/"]}]},{"@type":"ImageObject","inLanguage":"it-IT","@id":"https:\/\/welcome-to-times-square.com\/it\/entertaiment\/#primaryimage","url":"https:\/\/welcome-to-times-square.com\/wp-content\/uploads\/2022\/04\/entertaiment-1024x768.jpg","contentUrl":"https:\/\/welcome-to-times-square.com\/wp-content\/uploads\/2022\/04\/entertaiment-1024x768.jpg"},{"@type":"BreadcrumbList","@id":"https:\/\/welcome-to-times-square.com\/it\/entertaiment\/#breadcrumb","itemListElement":[{"@type":"ListItem","position":1,"name":"Home","item":"https:\/\/welcome-to-times-square.com\/it\/"},{"@type":"ListItem","position":2,"name":"Entertainment"}]},{"@type":"WebSite","@id":"https:\/\/welcome-to-times-square.com\/it\/#website","url":"https:\/\/welcome-to-times-square.com\/it\/","name":"times-square","description":"times-square","publisher":{"@id":"https:\/\/welcome-to-times-square.com\/it\/#organization"},"potentialAction":[{"@type":"SearchAction","target":{"@type":"EntryPoint","urlTemplate":"https:\/\/welcome-to-times-square.com\/it\/?s={search_term_string}"},"query-input":{"@type":"PropertyValueSpecification","valueRequired":true,"valueName":"search_term_string"}}],"inLanguage":"it-IT"},{"@type":"Organization","@id":"https:\/\/welcome-to-times-square.com\/it\/#organization","name":"times-square","url":"https:\/\/welcome-to-times-square.com\/it\/","logo":{"@type":"ImageObject","inLanguage":"it-IT","@id":"https:\/\/welcome-to-times-square.com\/it\/#\/schema\/logo\/image\/","url":"https:\/\/welcome-to-times-square.com\/wp-content\/uploads\/2024\/03\/welcome-to-time-square-logo-with-r.png","contentUrl":"https:\/\/welcome-to-times-square.com\/wp-content\/uploads\/2024\/03\/welcome-to-time-square-logo-with-r.png","width":500,"height":342,"caption":"times-square"},"image":{"@id":"https:\/\/welcome-to-times-square.com\/it\/#\/schema\/logo\/image\/"}}]}},"_hostinger_reach_plugin_has_subscription_block":false,"_hostinger_reach_plugin_is_elementor":false,"_links":{"self":[{"href":"https:\/\/welcome-to-times-square.com\/it\/wp-json\/wp\/v2\/pages\/8871","targetHints":{"allow":["GET"]}}],"collection":[{"href":"https:\/\/welcome-to-times-square.com\/it\/wp-json\/wp\/v2\/pages"}],"about":[{"href":"https:\/\/welcome-to-times-square.com\/it\/wp-json\/wp\/v2\/types\/page"}],"author":[{"embeddable":true,"href":"https:\/\/welcome-to-times-square.com\/it\/wp-json\/wp\/v2\/users\/53"}],"replies":[{"embeddable":true,"href":"https:\/\/welcome-to-times-square.com\/it\/wp-json\/wp\/v2\/comments?post=8871"}],"version-history":[{"count":2,"href":"https:\/\/welcome-to-times-square.com\/it\/wp-json\/wp\/v2\/pages\/8871\/revisions"}],"predecessor-version":[{"id":8879,"href":"https:\/\/welcome-to-times-square.com\/it\/wp-json\/wp\/v2\/pages\/8871\/revisions\/8879"}],"wp:attachment":[{"href":"https:\/\/welcome-to-times-square.com\/it\/wp-json\/wp\/v2\/media?parent=8871"}],"curies":[{"name":"wp","href":"https:\/\/api.w.org\/{rel}","templated":true}]}}