{"id":8886,"date":"2022-04-21T23:31:07","date_gmt":"2022-04-21T23:31:07","guid":{"rendered":"https:\/\/welcome-to-times-square.com\/shopping\/"},"modified":"2025-01-16T11:59:51","modified_gmt":"2025-01-16T11:59:51","slug":"shopping","status":"publish","type":"page","link":"https:\/\/welcome-to-times-square.com\/it\/shopping\/","title":{"rendered":"Shopping"},"content":{"rendered":"\t\t<div data-elementor-type=\"wp-page\" data-elementor-id=\"8886\" class=\"elementor elementor-8886 elementor-2758\" data-elementor-post-type=\"page\">\n\t\t\t\t<div class=\"elementor-element elementor-element-b86bd75 e-flex e-con-boxed e-con e-parent\" data-id=\"b86bd75\" data-element_type=\"container\" data-e-type=\"container\" data-settings=\"{&quot;background_background&quot;:&quot;classic&quot;}\">\n\t\t\t\t\t<div class=\"e-con-inner\">\n\t\t\t\t<div class=\"elementor-element elementor-element-c71d7ee elementor-widget elementor-widget-heading\" data-id=\"c71d7ee\" data-element_type=\"widget\" data-e-type=\"widget\" data-widget_type=\"heading.default\">\n\t\t\t\t<div class=\"elementor-widget-container\">\n\t\t\t\t\t<h2 class=\"elementor-heading-title elementor-size-default\">Shopping<\/h2>\t\t\t\t<\/div>\n\t\t\t\t<\/div>\n\t\t\t\t<div class=\"elementor-element elementor-element-67a6023 elementor-widget-divider--view-line elementor-widget elementor-widget-divider\" data-id=\"67a6023\" data-element_type=\"widget\" data-e-type=\"widget\" data-widget_type=\"divider.default\">\n\t\t\t\t<div class=\"elementor-widget-container\">\n\t\t\t\t\t\t\t<div class=\"elementor-divider\">\n\t\t\t<span class=\"elementor-divider-separator\">\n\t\t\t\t\t\t<\/span>\n\t\t<\/div>\n\t\t\t\t\t\t<\/div>\n\t\t\t\t<\/div>\n\t\t\t\t<div class=\"elementor-element elementor-element-c87480d elementor-widget elementor-widget-text-editor\" data-id=\"c87480d\" data-element_type=\"widget\" data-e-type=\"widget\" data-widget_type=\"text-editor.default\">\n\t\t\t\t<div class=\"elementor-widget-container\">\n\t\t\t\t\t\t\t\t\t<div class=\"vc_row wpb_row vc_row-fluid vc_custom_1650656313890 vc_row-has-fill\">\n<div class=\"wpb_column vc_column_container vc_col-sm-12\">\n<div class=\"vc_column-inner\">\n<div class=\"wpb_wrapper\">\n<div class=\"wpb_text_column wpb_content_element \">\n<div class=\"wpb_wrapper\">\n<p>A New York City, puoi fare shopping in quasi ogni isolato, a qualsiasi ora, senza limiti e concludere la giornata esausto, felice e carico di borse. I grandi e noti marchi hanno il loro posto qui e puoi trovare da un Best Buy per l&#8217;elettronica sulla Fifth Avenue, di fronte alla Biblioteca pubblica (la Biblioteca), cos\u00ec come i grandi magazzini di H&amp;M, Century 21 e Forever 21, per chi cerca di rinnovare il proprio guardaroba. I negozi di giocattoli iconici come FAO Schwartz e la filiale di Times Square non ci sono pi\u00f9, ma si possono ancora trovare giocattoli per bambini al Disney Store.  <\/p>\n<p>Tuttavia, chi pensa ad acquisti importanti, senza andare di qua e di l\u00e0, pu\u00f2 lasciare la citt\u00e0 per qualche ora e scegliere uno dei centri commerciali in periferia, come The Mills at Jersey Gardens, nel New Jersey, o Woodbury Common Premium Outlets, nella Central Valley, nello stato di New York. \u00c8 l&#8217;opzione migliore per concentrare tutto in un momento e in un luogo. <\/p>\n<p>I complessi appartengono al gruppo Simon, che gestisce i Simon Malls regionali, The Mills e Premium Outlets, proprietario di 5 dei 10 centri commerciali pi\u00f9 grandi del mondo.<\/p>\n<p>The Mills at Jersey Gardens \u00e8 pi\u00f9 di 200 negozi sotto lo stesso tetto a cui si prevede di aggiungerne altri 80, oltre a ristoranti e divertimenti, e si trova vicino all&#8217;aeroporto di Newark. &#8220;Stare al chiuso&#8221; non \u00e8 una cosa da poco in questa zona, dato che d&#8217;estate fa molto caldo e uscire a fare shopping con l&#8217;aria condizionata \u00e8 un sollievo. E per l&#8217;inverno, corridoi riscaldati, dato che il freddo \u00e8 molto forte.  <\/p>\n<p>Questo centro commerciale ha una combinazione molto attraente di negozi: outlet di marca (come Hugo Boss); negozi convenienti (come Charlotte Ruse); e negozi di marchi popolari (fast fashion, tipo H&amp;M). Una delle cose pi\u00f9 attraenti del New Jersey \u00e8 che \u00e8 uno stato in cui abbigliamento e scarpe sono esenti da tasse. <\/p>\n<p>Ellie Perla, esperta nel campo dei centri commerciali e guida per qualche ora nell&#8217;avventura consumistica, spiega:<\/p>\n<p>\u201cIl giro di shopping al Woodbury Common Premium Outlets \u00e8 uno dei tour pi\u00f9 richiesti e pi\u00f9 popolari di Manhattan. La competizione per andare a Woodbury o The Mills per un giorno \u00e8 nelle grandi e pi\u00f9 grandi attrazioni turistiche di New York. Di solito non competono con i negozi per le strade di New York.\u201d N\u00e9 hanno concorrenza con gli acquisti online: se si ricorre allo shopping si possono provare i vestiti e trovare offerte che non compaiono su altri siti o piattaforme virtuali. <\/p>\n<p>Affinch\u00e9 fare shopping diventi un&#8217;esperienza piacevole e l&#8217;investimento di tempo abbia un risultato positivo, \u00e8 importante seguire alcuni consigli.<\/p>\n<p>Gli errori pi\u00f9 comuni che tutti commettono sono non pianificare in anticipo, non provare i vestiti in anticipo, perdendo cos\u00ec tempo con i resi o non riuscendo a farli, e accettare ordini difficili da risolvere. Ellie Perla \u00e8 molto diretta in questo senso. Il \u201cvado a vedere cosa trovo\u201d non funziona. \u00c8 fondamentale preparare e portare con s\u00e9 una lista con ci\u00f2 che si desidera acquistare, fermarsi a studiare la mappa del centro commerciale per organizzare il percorso e non dimenticare i buoni sconto: si possono stampare dal sito web o, a seconda dei casi, presso il Centro Assistenza Clienti. Il Cliente pu\u00f2 ottenere un libretto di sconti.   <\/p>\n<p>&#8220;I latinoamericani trascorrono un giorno intero a fare shopping e hanno bisogno di un altro giorno&#8221;, dice Ellie, aggiungendo: &#8220;Si calcola che in media servano 45 minuti in ogni negozio&#8221;.<\/p>\n<p>-E senza pensarci, offre i suoi consigli per andare a fare la spesa:<\/p>\n<p>-Non comprare per gli altri perch\u00e9 ti innervosiresti e perderesti altro tempo.<\/p>\n<p>-Non comprare ci\u00f2 che \u00e8 pi\u00f9 economico, ma ci\u00f2 che ti piace veramente.<\/p>\n<p>-Se compri per necessit\u00e0, fallo perch\u00e9 la zona in cui vivi \u00e8 molto pi\u00f9 cara.<\/p>\n<p>-Stabilisci la quantit\u00e0 di denaro che sei disposto a spendere&#8230; e cerca di adattarti ad essa.<\/p>\n<p>-Vestitevi in base al clima locale e in due pezzi: sar\u00e0 pi\u00f9 facile provare i vestiti. Indossate anche scarpe comode e una borsa a tracolla che vi lasci le mani libere per controllare gli attaccapanni. <\/p>\n<p>&#8211; Inizia il giro del negozio dal retro verso l&#8217;ingresso, poich\u00e9 gli articoli con gli sconti maggiori si trovano solitamente in basso.<\/p>\n<p>-Se hai tempo, scegli \u2013ed entra\u2013 in due o tre negozi di marche che non conosci: alcune potrebbero non piacerti, ma altre potrebbero sorprenderti.<\/p>\n<p>Basta andare alla directory dello shopping per farsi un&#8217;idea dei negozi: Saks Fifth Avenue Off 5th, Neiman Marcus Last Call, Century 21, Marshalls, Michael Kors, True Religion, Nautica, Kenneth Cole, Guess, Tommy Hilfiger. I turisti devono sempre portare con s\u00e9 un passaporto per ottenere il buono con gli sconti al centro assistenza clienti. Armani pubblicizza uno sconto del 70 percento su alcuni capi di abbigliamento di marca. A differenza di The Mills, Woodbury \u00e8 un centro commerciale all&#8217;aperto, qualcosa da considerare nel pieno dell&#8217;estate e nel pieno dell&#8217;inverno.   <\/p>\n<\/div>\n<\/div>\n<\/div>\n<\/div>\n<\/div>\n<\/div>\n\t\t\t\t\t\t\t\t<\/div>\n\t\t\t\t<\/div>\n\t\t\t\t<div class=\"elementor-element elementor-element-75f473b elementor-widget-divider--view-line elementor-widget elementor-widget-divider\" data-id=\"75f473b\" data-element_type=\"widget\" data-e-type=\"widget\" data-widget_type=\"divider.default\">\n\t\t\t\t<div class=\"elementor-widget-container\">\n\t\t\t\t\t\t\t<div class=\"elementor-divider\">\n\t\t\t<span class=\"elementor-divider-separator\">\n\t\t\t\t\t\t<\/span>\n\t\t<\/div>\n\t\t\t\t\t\t<\/div>\n\t\t\t\t<\/div>\n\t\t\t\t<div class=\"elementor-element elementor-element-2082073 elementor-widget elementor-widget-text-editor\" data-id=\"2082073\" data-element_type=\"widget\" data-e-type=\"widget\" data-widget_type=\"text-editor.default\">\n\t\t\t\t<div class=\"elementor-widget-container\">\n\t\t\t\t\t\t\t\t\t<p><strong>Per apparire sul nostro cartellone a Times Square, vai alla sezione CONTATTI.<\/strong><\/p>\n<p>Ecco come funziona:<\/p>\n<p>Che si tratti di un compleanno, di una proposta di matrimonio, di un anniversario o di una semplice dichiarazione d&#8217;amore, abbiamo pensato a te. Non essere una faccia nella folla! <br \/>Metti la tua foto o il tuo video sul nostro cartellone a Times Square!<\/p>\n<p>Opzione 1: il tuo video\/foto di 60 secondi sar\u00e0 visualizzato 22 volte al giorno.<br \/>Opzione 2: il tuo video\/foto di 30 secondi sar\u00e0 visualizzato 44 volte al giorno<br \/>Opzione 3: il tuo video\/foto di 15 secondi sar\u00e0 visualizzato 88 volte al giorno.<\/p>\n<p>Il nostro cartellone pubblicitario ha una dimensione di 31 piedi x 55 piedi e si trova al 1560 di Broadway (Broadway e 46th Street, proprio sopra il negozio Pel\u00e9).<\/p>\n<p>Non essere una faccia nella folla!<\/p>\n\t\t\t\t\t\t\t\t<\/div>\n\t\t\t\t<\/div>\n\t\t\t\t<div class=\"elementor-element elementor-element-96791d8 elementor-widget elementor-widget-image\" data-id=\"96791d8\" data-element_type=\"widget\" data-e-type=\"widget\" data-widget_type=\"image.default\">\n\t\t\t\t<div class=\"elementor-widget-container\">\n\t\t\t\t\t\t\t\t\t\t\t\t\t\t\t<img fetchpriority=\"high\" decoding=\"async\" width=\"1024\" height=\"645\" src=\"https:\/\/welcome-to-times-square.com\/wp-content\/uploads\/2022\/04\/shopping-1024x645.png\" class=\"attachment-large size-large wp-image-6164\" alt=\"\" srcset=\"https:\/\/welcome-to-times-square.com\/wp-content\/uploads\/2022\/04\/shopping-1024x645.png 1024w, https:\/\/welcome-to-times-square.com\/wp-content\/uploads\/2022\/04\/shopping-600x378.png 600w, https:\/\/welcome-to-times-square.com\/wp-content\/uploads\/2022\/04\/shopping-300x189.png 300w, https:\/\/welcome-to-times-square.com\/wp-content\/uploads\/2022\/04\/shopping-768x484.png 768w, https:\/\/welcome-to-times-square.com\/wp-content\/uploads\/2022\/04\/shopping.png 1302w\" sizes=\"(max-width: 1024px) 100vw, 1024px\" \/>\t\t\t\t\t\t\t\t\t\t\t\t\t\t\t<\/div>\n\t\t\t\t<\/div>\n\t\t\t\t\t<\/div>\n\t\t\t\t<\/div>\n\t\t\t\t<\/div>\n\t\t","protected":false},"excerpt":{"rendered":"Shopping A New York City, puoi fare shopping in quasi ogni isolato, a qualsiasi ora, senza limiti e concludere la giornata esausto, felice e carico di borse. I grandi e noti marchi hanno il loro posto qui e puoi trovare da un Best Buy per l'elettronica sulla Fifth Avenue, di fronte alla Biblioteca pubblica (la [...]<a href=\"https:\/\/welcome-to-times-square.com\/it\/shopping\/\" class=\"read-more wyz-secondary-color-text\">read more<span class=\"screen-reader-text\">Shopping<\/span><\/a>","protected":false},"author":53,"featured_media":0,"parent":0,"menu_order":0,"comment_status":"closed","ping_status":"closed","template":"elementor_header_footer","meta":{"footnotes":""},"class_list":["post-8886","page","type-page","status-publish","hentry"],"yoast_head":"<!-- This site is optimized with the Yoast SEO plugin v27.2 - https:\/\/yoast.com\/product\/yoast-seo-wordpress\/ -->\n<title>Shopping - times-square<\/title>\n<meta name=\"robots\" content=\"index, follow, max-snippet:-1, max-image-preview:large, max-video-preview:-1\" \/>\n<link rel=\"canonical\" href=\"https:\/\/welcome-to-times-square.com\/it\/shopping\/\" \/>\n<meta property=\"og:locale\" content=\"it_IT\" \/>\n<meta property=\"og:type\" content=\"article\" \/>\n<meta property=\"og:title\" content=\"Shopping - times-square\" \/>\n<meta property=\"og:description\" content=\"Shopping A New York City, puoi fare shopping in quasi ogni isolato, a qualsiasi ora, senza limiti e concludere la giornata esausto, felice e carico di borse. I grandi e noti marchi hanno il loro posto qui e puoi trovare da un Best Buy per l&#8217;elettronica sulla Fifth Avenue, di fronte alla Biblioteca pubblica (la [...]read moreShopping\" \/>\n<meta property=\"og:url\" content=\"https:\/\/welcome-to-times-square.com\/it\/shopping\/\" \/>\n<meta property=\"og:site_name\" content=\"times-square\" \/>\n<meta property=\"article:modified_time\" content=\"2025-01-16T11:59:51+00:00\" \/>\n<meta property=\"og:image\" content=\"https:\/\/welcome-to-times-square.com\/wp-content\/uploads\/2022\/04\/shopping-1024x645.png\" \/>\n\t<meta property=\"og:image:width\" content=\"1024\" \/>\n\t<meta property=\"og:image:height\" content=\"645\" \/>\n\t<meta property=\"og:image:type\" content=\"image\/png\" \/>\n<meta name=\"twitter:card\" content=\"summary_large_image\" \/>\n<meta name=\"twitter:label1\" content=\"Tempo di lettura stimato\" \/>\n\t<meta name=\"twitter:data1\" content=\"5 minuti\" \/>\n<script type=\"application\/ld+json\" class=\"yoast-schema-graph\">{\"@context\":\"https:\/\/schema.org\",\"@graph\":[{\"@type\":\"WebPage\",\"@id\":\"https:\/\/welcome-to-times-square.com\/it\/shopping\/\",\"url\":\"https:\/\/welcome-to-times-square.com\/it\/shopping\/\",\"name\":\"Shopping - times-square\",\"isPartOf\":{\"@id\":\"https:\/\/welcome-to-times-square.com\/it\/#website\"},\"primaryImageOfPage\":{\"@id\":\"https:\/\/welcome-to-times-square.com\/it\/shopping\/#primaryimage\"},\"image\":{\"@id\":\"https:\/\/welcome-to-times-square.com\/it\/shopping\/#primaryimage\"},\"thumbnailUrl\":\"https:\/\/welcome-to-times-square.com\/wp-content\/uploads\/2022\/04\/shopping-1024x645.png\",\"datePublished\":\"2022-04-21T23:31:07+00:00\",\"dateModified\":\"2025-01-16T11:59:51+00:00\",\"breadcrumb\":{\"@id\":\"https:\/\/welcome-to-times-square.com\/it\/shopping\/#breadcrumb\"},\"inLanguage\":\"it-IT\",\"potentialAction\":[{\"@type\":\"ReadAction\",\"target\":[\"https:\/\/welcome-to-times-square.com\/it\/shopping\/\"]}]},{\"@type\":\"ImageObject\",\"inLanguage\":\"it-IT\",\"@id\":\"https:\/\/welcome-to-times-square.com\/it\/shopping\/#primaryimage\",\"url\":\"https:\/\/welcome-to-times-square.com\/wp-content\/uploads\/2022\/04\/shopping-1024x645.png\",\"contentUrl\":\"https:\/\/welcome-to-times-square.com\/wp-content\/uploads\/2022\/04\/shopping-1024x645.png\"},{\"@type\":\"BreadcrumbList\",\"@id\":\"https:\/\/welcome-to-times-square.com\/it\/shopping\/#breadcrumb\",\"itemListElement\":[{\"@type\":\"ListItem\",\"position\":1,\"name\":\"Home\",\"item\":\"https:\/\/welcome-to-times-square.com\/it\/\"},{\"@type\":\"ListItem\",\"position\":2,\"name\":\"Shopping\"}]},{\"@type\":\"WebSite\",\"@id\":\"https:\/\/welcome-to-times-square.com\/it\/#website\",\"url\":\"https:\/\/welcome-to-times-square.com\/it\/\",\"name\":\"times-square\",\"description\":\"times-square\",\"publisher\":{\"@id\":\"https:\/\/welcome-to-times-square.com\/it\/#organization\"},\"potentialAction\":[{\"@type\":\"SearchAction\",\"target\":{\"@type\":\"EntryPoint\",\"urlTemplate\":\"https:\/\/welcome-to-times-square.com\/it\/?s={search_term_string}\"},\"query-input\":{\"@type\":\"PropertyValueSpecification\",\"valueRequired\":true,\"valueName\":\"search_term_string\"}}],\"inLanguage\":\"it-IT\"},{\"@type\":\"Organization\",\"@id\":\"https:\/\/welcome-to-times-square.com\/it\/#organization\",\"name\":\"times-square\",\"url\":\"https:\/\/welcome-to-times-square.com\/it\/\",\"logo\":{\"@type\":\"ImageObject\",\"inLanguage\":\"it-IT\",\"@id\":\"https:\/\/welcome-to-times-square.com\/it\/#\/schema\/logo\/image\/\",\"url\":\"https:\/\/welcome-to-times-square.com\/wp-content\/uploads\/2024\/03\/welcome-to-time-square-logo-with-r.png\",\"contentUrl\":\"https:\/\/welcome-to-times-square.com\/wp-content\/uploads\/2024\/03\/welcome-to-time-square-logo-with-r.png\",\"width\":500,\"height\":342,\"caption\":\"times-square\"},\"image\":{\"@id\":\"https:\/\/welcome-to-times-square.com\/it\/#\/schema\/logo\/image\/\"}}]}<\/script>\n<!-- \/ Yoast SEO plugin. -->","yoast_head_json":{"title":"Shopping - times-square","robots":{"index":"index","follow":"follow","max-snippet":"max-snippet:-1","max-image-preview":"max-image-preview:large","max-video-preview":"max-video-preview:-1"},"canonical":"https:\/\/welcome-to-times-square.com\/it\/shopping\/","og_locale":"it_IT","og_type":"article","og_title":"Shopping - times-square","og_description":"Shopping A New York City, puoi fare shopping in quasi ogni isolato, a qualsiasi ora, senza limiti e concludere la giornata esausto, felice e carico di borse. I grandi e noti marchi hanno il loro posto qui e puoi trovare da un Best Buy per l&#8217;elettronica sulla Fifth Avenue, di fronte alla Biblioteca pubblica (la [...]read moreShopping","og_url":"https:\/\/welcome-to-times-square.com\/it\/shopping\/","og_site_name":"times-square","article_modified_time":"2025-01-16T11:59:51+00:00","og_image":[{"width":1024,"height":645,"url":"https:\/\/welcome-to-times-square.com\/wp-content\/uploads\/2022\/04\/shopping-1024x645.png","type":"image\/png"}],"twitter_card":"summary_large_image","twitter_misc":{"Tempo di lettura stimato":"5 minuti"},"schema":{"@context":"https:\/\/schema.org","@graph":[{"@type":"WebPage","@id":"https:\/\/welcome-to-times-square.com\/it\/shopping\/","url":"https:\/\/welcome-to-times-square.com\/it\/shopping\/","name":"Shopping - times-square","isPartOf":{"@id":"https:\/\/welcome-to-times-square.com\/it\/#website"},"primaryImageOfPage":{"@id":"https:\/\/welcome-to-times-square.com\/it\/shopping\/#primaryimage"},"image":{"@id":"https:\/\/welcome-to-times-square.com\/it\/shopping\/#primaryimage"},"thumbnailUrl":"https:\/\/welcome-to-times-square.com\/wp-content\/uploads\/2022\/04\/shopping-1024x645.png","datePublished":"2022-04-21T23:31:07+00:00","dateModified":"2025-01-16T11:59:51+00:00","breadcrumb":{"@id":"https:\/\/welcome-to-times-square.com\/it\/shopping\/#breadcrumb"},"inLanguage":"it-IT","potentialAction":[{"@type":"ReadAction","target":["https:\/\/welcome-to-times-square.com\/it\/shopping\/"]}]},{"@type":"ImageObject","inLanguage":"it-IT","@id":"https:\/\/welcome-to-times-square.com\/it\/shopping\/#primaryimage","url":"https:\/\/welcome-to-times-square.com\/wp-content\/uploads\/2022\/04\/shopping-1024x645.png","contentUrl":"https:\/\/welcome-to-times-square.com\/wp-content\/uploads\/2022\/04\/shopping-1024x645.png"},{"@type":"BreadcrumbList","@id":"https:\/\/welcome-to-times-square.com\/it\/shopping\/#breadcrumb","itemListElement":[{"@type":"ListItem","position":1,"name":"Home","item":"https:\/\/welcome-to-times-square.com\/it\/"},{"@type":"ListItem","position":2,"name":"Shopping"}]},{"@type":"WebSite","@id":"https:\/\/welcome-to-times-square.com\/it\/#website","url":"https:\/\/welcome-to-times-square.com\/it\/","name":"times-square","description":"times-square","publisher":{"@id":"https:\/\/welcome-to-times-square.com\/it\/#organization"},"potentialAction":[{"@type":"SearchAction","target":{"@type":"EntryPoint","urlTemplate":"https:\/\/welcome-to-times-square.com\/it\/?s={search_term_string}"},"query-input":{"@type":"PropertyValueSpecification","valueRequired":true,"valueName":"search_term_string"}}],"inLanguage":"it-IT"},{"@type":"Organization","@id":"https:\/\/welcome-to-times-square.com\/it\/#organization","name":"times-square","url":"https:\/\/welcome-to-times-square.com\/it\/","logo":{"@type":"ImageObject","inLanguage":"it-IT","@id":"https:\/\/welcome-to-times-square.com\/it\/#\/schema\/logo\/image\/","url":"https:\/\/welcome-to-times-square.com\/wp-content\/uploads\/2024\/03\/welcome-to-time-square-logo-with-r.png","contentUrl":"https:\/\/welcome-to-times-square.com\/wp-content\/uploads\/2024\/03\/welcome-to-time-square-logo-with-r.png","width":500,"height":342,"caption":"times-square"},"image":{"@id":"https:\/\/welcome-to-times-square.com\/it\/#\/schema\/logo\/image\/"}}]}},"_hostinger_reach_plugin_has_subscription_block":false,"_hostinger_reach_plugin_is_elementor":false,"_links":{"self":[{"href":"https:\/\/welcome-to-times-square.com\/it\/wp-json\/wp\/v2\/pages\/8886","targetHints":{"allow":["GET"]}}],"collection":[{"href":"https:\/\/welcome-to-times-square.com\/it\/wp-json\/wp\/v2\/pages"}],"about":[{"href":"https:\/\/welcome-to-times-square.com\/it\/wp-json\/wp\/v2\/types\/page"}],"author":[{"embeddable":true,"href":"https:\/\/welcome-to-times-square.com\/it\/wp-json\/wp\/v2\/users\/53"}],"replies":[{"embeddable":true,"href":"https:\/\/welcome-to-times-square.com\/it\/wp-json\/wp\/v2\/comments?post=8886"}],"version-history":[{"count":2,"href":"https:\/\/welcome-to-times-square.com\/it\/wp-json\/wp\/v2\/pages\/8886\/revisions"}],"predecessor-version":[{"id":8896,"href":"https:\/\/welcome-to-times-square.com\/it\/wp-json\/wp\/v2\/pages\/8886\/revisions\/8896"}],"wp:attachment":[{"href":"https:\/\/welcome-to-times-square.com\/it\/wp-json\/wp\/v2\/media?parent=8886"}],"curies":[{"name":"wp","href":"https:\/\/api.w.org\/{rel}","templated":true}]}}