{"id":8903,"date":"2022-04-21T23:21:16","date_gmt":"2022-04-21T23:21:16","guid":{"rendered":"https:\/\/welcome-to-times-square.com\/hotels\/"},"modified":"2025-01-16T12:29:12","modified_gmt":"2025-01-16T12:29:12","slug":"hotels","status":"publish","type":"page","link":"https:\/\/welcome-to-times-square.com\/it\/hotels\/","title":{"rendered":"Alberghi"},"content":{"rendered":"\t\t<div data-elementor-type=\"wp-page\" data-elementor-id=\"8903\" class=\"elementor elementor-8903 elementor-2753\" data-elementor-post-type=\"page\">\n\t\t\t\t<div class=\"elementor-element elementor-element-530437b e-flex e-con-boxed e-con e-parent\" data-id=\"530437b\" data-element_type=\"container\" data-e-type=\"container\" data-settings=\"{&quot;background_background&quot;:&quot;classic&quot;}\">\n\t\t\t\t\t<div class=\"e-con-inner\">\n\t\t\t\t<div class=\"elementor-element elementor-element-2e7d966 elementor-widget elementor-widget-heading\" data-id=\"2e7d966\" data-element_type=\"widget\" data-e-type=\"widget\" data-widget_type=\"heading.default\">\n\t\t\t\t<div class=\"elementor-widget-container\">\n\t\t\t\t\t<h2 class=\"elementor-heading-title elementor-size-default\">Alberghi<\/h2>\t\t\t\t<\/div>\n\t\t\t\t<\/div>\n\t\t\t\t<div class=\"elementor-element elementor-element-4f1f246 elementor-widget-divider--view-line elementor-widget elementor-widget-divider\" data-id=\"4f1f246\" data-element_type=\"widget\" data-e-type=\"widget\" data-widget_type=\"divider.default\">\n\t\t\t\t<div class=\"elementor-widget-container\">\n\t\t\t\t\t\t\t<div class=\"elementor-divider\">\n\t\t\t<span class=\"elementor-divider-separator\">\n\t\t\t\t\t\t<\/span>\n\t\t<\/div>\n\t\t\t\t\t\t<\/div>\n\t\t\t\t<\/div>\n\t\t\t\t<div class=\"elementor-element elementor-element-78e1063 elementor-widget elementor-widget-text-editor\" data-id=\"78e1063\" data-element_type=\"widget\" data-e-type=\"widget\" data-widget_type=\"text-editor.default\">\n\t\t\t\t<div class=\"elementor-widget-container\">\n\t\t\t\t\t\t\t\t\t<div class=\"vc_row wpb_row vc_row-fluid vc_custom_1650656326647 vc_row-has-fill\">\n<div class=\"wpb_column vc_column_container vc_col-sm-12\">\n<div class=\"vc_column-inner\">\n<div class=\"wpb_wrapper\">\n<div class=\"wpb_text_column wpb_content_element \">\n<div class=\"wpb_wrapper\">\n<p>Migliaia di turisti visitano New York City ogni giorno e Times Square offre l&#8217;hotel ideale per ognuno di loro. Camere che si adattano alla disponibilit\u00e0 economica di ogni persona ma offrendo sempre il miglior servizio e attenzione. Per chi desidera un&#8217;esperienza superiore, Times Square offre anche hotel delle catene pi\u00f9 lussuose del mondo.  <\/p>\n<p>Per rendere il tuo viaggio indimenticabile, Times Square ha un&#8217;ampia variet\u00e0 di hotel, dando ai turisti ci\u00f2 che stanno cercando. Vieni a New York per goderti un viaggio in famiglia e soggiorna nel miglior soggiorno. <\/p>\n<p>L&#8217;Hotel Riu Plaza New York Times Square ha 29 piani e pi\u00f9 di 600 camere, ha un design all&#8217;avanguardia ed elegante, \u00e8 ideale per essere il luogo di riposo per i turisti della Grande Mela perch\u00e9 si trova nel centro di New York ed \u00e8 circondato dai luoghi pi\u00f9 emblematici come l&#8217;Empire State Building, Central Park, il Rockefeller Center, la Carnegie Hall e i lussuosi negozi della Fifth Avenue. \u00c8 una buona posizione se stai cercando di conoscere il ritmo di vita di New York. Grazie a questo hai accesso alle principali linee della metropolitana che raggiungono tutti i quartieri della citt\u00e0. Alcune delle attrazioni vicine all&#8217;hotel sono Broadway a 0,3 km, Times Square a 0,3 km e Come From Away a 0,2 km. Le camere di questo hotel ti offrono tutto ci\u00f2 di cui hai bisogno per riposare dopo una giornata intensa alla scoperta della citt\u00e0. Hanno aria condizionata, servizio in camera, telefono, servizio di pulizia, TV a schermo piatto, frigorifero e cassaforte.     <\/p>\n<p>Le mattine migliori le trascorri all&#8217;Hotel Riu Plaza Manhattan Times Square, perch\u00e9 ha un ristorante che prepara eccellenti colazioni a buffet all&#8217;americana per iniziare la giornata al meglio, e la sera le cene migliori. Ha anche un bar e una palestra aperta 24 ore su 24. <\/p>\n<p>Questo hotel \u00e8 adatto alle famiglie e ai bambini, ma gli animali non sono ammessi.<\/p>\n<p>Se vuoi viaggiare a New York con gli amici, ti consigliamo l&#8217;hotel Conrad New York Midtown, in quanto ha un bar\/lounge dove puoi trovare i migliori cocktail e ha facile accesso a un&#8217;ampia variet\u00e0 di ristoranti, locali notturni e opzioni di trasporto. Anche la posizione \u00e8 eccellente perch\u00e9 si trova nel centro di Manhattan, a breve distanza dalla Carnegie Hall e da Times Square, ha Wi-Fi gratuito, una palestra aperta 24 ore su 24, un business center aperto 24 ore su 24, servizio in camera, tra gli altri servizi.  <\/p>\n<p>Se stai cercando hotel economici, l&#8217;Holiday Inn Express New York City Times Square \u00e8 una buona opzione e ha uno sconto del 22%. Questo hotel offre ottimi servizi ed \u00e8 davvero economico. Offre una colazione a buffet di ottima qualit\u00e0, Wi-Fi gratuito, aria condizionata, palestra, tra gli altri. Il servizio \u00e8 eccellente, adattato al periodo della pandemia. C&#8217;\u00e8 una pulizia migliorata delle camere degli ospiti, viene utilizzato un disinfettante commerciale per pulire la propriet\u00e0, i dipendenti indossano maschere, schermi facciali o guanti, una pulizia migliorata delle aree comuni e dipendenti formati per il lavaggio accurato delle mani. Per quanto riguarda la protezione personale, \u00e8 obbligatorio indossare maschere nella propriet\u00e0, ci sono disinfettanti per le mani o salviette disinfettanti nelle aree comuni, kit igienici nelle camere: maschere, disinfettanti per le mani o salviette antibatteriche e maschere o guanti disponibili per gli ospiti. Il numero di ospiti nelle strutture condivise \u00e8 limitato e il distanziamento fisico \u00e8 obbligatorio.      <\/p>\n<p>La maggior parte degli hotel rispetta queste regole di comportamento, rendendo la citt\u00e0 un luogo sicuro e responsabile.<\/p>\n<p>Tuttavia, ci sono centinaia di hotel eccezionali e consigliati in cui soggiornare a New York City, con posizioni eccellenti per visitare le migliori attrazioni e godersi la scoperta della meravigliosa citt\u00e0 con amici, familiari o il proprio partner, rendendo questo viaggio davvero speciale, con i migliori servizi.<\/p>\n<\/div>\n<\/div>\n<\/div>\n<\/div>\n<\/div>\n<\/div>\n\t\t\t\t\t\t\t\t<\/div>\n\t\t\t\t<\/div>\n\t\t\t\t<div class=\"elementor-element elementor-element-9a018b5 elementor-widget-divider--view-line elementor-widget elementor-widget-divider\" data-id=\"9a018b5\" data-element_type=\"widget\" data-e-type=\"widget\" data-widget_type=\"divider.default\">\n\t\t\t\t<div class=\"elementor-widget-container\">\n\t\t\t\t\t\t\t<div class=\"elementor-divider\">\n\t\t\t<span class=\"elementor-divider-separator\">\n\t\t\t\t\t\t<\/span>\n\t\t<\/div>\n\t\t\t\t\t\t<\/div>\n\t\t\t\t<\/div>\n\t\t\t\t<div class=\"elementor-element elementor-element-b520f4a elementor-widget elementor-widget-text-editor\" data-id=\"b520f4a\" data-element_type=\"widget\" data-e-type=\"widget\" data-widget_type=\"text-editor.default\">\n\t\t\t\t<div class=\"elementor-widget-container\">\n\t\t\t\t\t\t\t\t\t<p><strong>Per apparire sul nostro cartellone a Times Square, vai alla sezione CONTATTI.<\/strong><\/p>\n<p>Ecco come funziona:<\/p>\n<p>Che si tratti di un compleanno, di una proposta di matrimonio, di un anniversario o di una semplice dichiarazione d&#8217;amore, abbiamo pensato a te. Non essere una faccia nella folla! <br \/>Metti la tua foto o il tuo video sul nostro cartellone a Times Square!<\/p>\n<p>Opzione 1: il tuo video\/foto di 60 secondi sar\u00e0 visualizzato 22 volte al giorno.<br \/>Opzione 2: il tuo video\/foto di 30 secondi sar\u00e0 visualizzato 44 volte al giorno<br \/>Opzione 3: il tuo video\/foto di 15 secondi sar\u00e0 visualizzato 88 volte al giorno.<\/p>\n<p>Il nostro cartellone pubblicitario ha una dimensione di 31 piedi x 55 piedi e si trova al 1560 di Broadway (Broadway e 46th Street, proprio sopra il negozio Pel\u00e9).<\/p>\n<p>Non essere una faccia nella folla!<\/p>\n\t\t\t\t\t\t\t\t<\/div>\n\t\t\t\t<\/div>\n\t\t\t\t<div class=\"elementor-element elementor-element-4f3e9ec elementor-widget elementor-widget-image\" data-id=\"4f3e9ec\" data-element_type=\"widget\" data-e-type=\"widget\" data-widget_type=\"image.default\">\n\t\t\t\t<div class=\"elementor-widget-container\">\n\t\t\t\t\t\t\t\t\t\t\t\t\t\t\t<img fetchpriority=\"high\" decoding=\"async\" width=\"1024\" height=\"775\" src=\"https:\/\/welcome-to-times-square.com\/wp-content\/uploads\/2022\/04\/hotels-1024x775.png\" class=\"attachment-large size-large wp-image-6159\" alt=\"\" srcset=\"https:\/\/welcome-to-times-square.com\/wp-content\/uploads\/2022\/04\/hotels-1024x775.png 1024w, https:\/\/welcome-to-times-square.com\/wp-content\/uploads\/2022\/04\/hotels-600x454.png 600w, https:\/\/welcome-to-times-square.com\/wp-content\/uploads\/2022\/04\/hotels-300x227.png 300w, https:\/\/welcome-to-times-square.com\/wp-content\/uploads\/2022\/04\/hotels-768x581.png 768w, https:\/\/welcome-to-times-square.com\/wp-content\/uploads\/2022\/04\/hotels-1536x1163.png 1536w, https:\/\/welcome-to-times-square.com\/wp-content\/uploads\/2022\/04\/hotels.png 1580w\" sizes=\"(max-width: 1024px) 100vw, 1024px\" \/>\t\t\t\t\t\t\t\t\t\t\t\t\t\t\t<\/div>\n\t\t\t\t<\/div>\n\t\t\t\t\t<\/div>\n\t\t\t\t<\/div>\n\t\t\t\t<\/div>\n\t\t","protected":false},"excerpt":{"rendered":"Alberghi Migliaia di turisti visitano New York City ogni giorno e Times Square offre l'hotel ideale per ognuno di loro. Camere che si adattano alla disponibilit\u00e0 economica di ogni persona ma offrendo sempre il miglior servizio e attenzione. Per chi desidera un'esperienza superiore, Times Square offre anche hotel delle catene pi\u00f9 lussuose del mondo. Per [...]<a href=\"https:\/\/welcome-to-times-square.com\/it\/hotels\/\" class=\"read-more wyz-secondary-color-text\">read more<span class=\"screen-reader-text\">Alberghi<\/span><\/a>","protected":false},"author":53,"featured_media":0,"parent":0,"menu_order":0,"comment_status":"closed","ping_status":"closed","template":"elementor_header_footer","meta":{"footnotes":""},"class_list":["post-8903","page","type-page","status-publish","hentry"],"yoast_head":"<!-- This site is optimized with the Yoast SEO plugin v27.2 - https:\/\/yoast.com\/product\/yoast-seo-wordpress\/ -->\n<title>Alberghi - times-square<\/title>\n<meta name=\"robots\" content=\"index, follow, max-snippet:-1, max-image-preview:large, max-video-preview:-1\" \/>\n<link rel=\"canonical\" href=\"https:\/\/welcome-to-times-square.com\/it\/hotels\/\" \/>\n<meta property=\"og:locale\" content=\"it_IT\" \/>\n<meta property=\"og:type\" content=\"article\" \/>\n<meta property=\"og:title\" content=\"Alberghi - times-square\" \/>\n<meta property=\"og:description\" content=\"Alberghi Migliaia di turisti visitano New York City ogni giorno e Times Square offre l&#8217;hotel ideale per ognuno di loro. Camere che si adattano alla disponibilit\u00e0 economica di ogni persona ma offrendo sempre il miglior servizio e attenzione. Per chi desidera un&#8217;esperienza superiore, Times Square offre anche hotel delle catene pi\u00f9 lussuose del mondo. Per [...]read moreAlberghi\" \/>\n<meta property=\"og:url\" content=\"https:\/\/welcome-to-times-square.com\/it\/hotels\/\" \/>\n<meta property=\"og:site_name\" content=\"times-square\" \/>\n<meta property=\"article:modified_time\" content=\"2025-01-16T12:29:12+00:00\" \/>\n<meta property=\"og:image\" content=\"https:\/\/welcome-to-times-square.com\/wp-content\/uploads\/2022\/04\/hotels-1024x775.png\" \/>\n\t<meta property=\"og:image:width\" content=\"1024\" \/>\n\t<meta property=\"og:image:height\" content=\"775\" \/>\n\t<meta property=\"og:image:type\" content=\"image\/png\" \/>\n<meta name=\"twitter:card\" content=\"summary_large_image\" \/>\n<meta name=\"twitter:label1\" content=\"Tempo di lettura stimato\" \/>\n\t<meta name=\"twitter:data1\" content=\"4 minuti\" \/>\n<script type=\"application\/ld+json\" class=\"yoast-schema-graph\">{\"@context\":\"https:\/\/schema.org\",\"@graph\":[{\"@type\":\"WebPage\",\"@id\":\"https:\/\/welcome-to-times-square.com\/it\/hotels\/\",\"url\":\"https:\/\/welcome-to-times-square.com\/it\/hotels\/\",\"name\":\"Alberghi - times-square\",\"isPartOf\":{\"@id\":\"https:\/\/welcome-to-times-square.com\/it\/#website\"},\"primaryImageOfPage\":{\"@id\":\"https:\/\/welcome-to-times-square.com\/it\/hotels\/#primaryimage\"},\"image\":{\"@id\":\"https:\/\/welcome-to-times-square.com\/it\/hotels\/#primaryimage\"},\"thumbnailUrl\":\"https:\/\/welcome-to-times-square.com\/wp-content\/uploads\/2022\/04\/hotels-1024x775.png\",\"datePublished\":\"2022-04-21T23:21:16+00:00\",\"dateModified\":\"2025-01-16T12:29:12+00:00\",\"breadcrumb\":{\"@id\":\"https:\/\/welcome-to-times-square.com\/it\/hotels\/#breadcrumb\"},\"inLanguage\":\"it-IT\",\"potentialAction\":[{\"@type\":\"ReadAction\",\"target\":[\"https:\/\/welcome-to-times-square.com\/it\/hotels\/\"]}]},{\"@type\":\"ImageObject\",\"inLanguage\":\"it-IT\",\"@id\":\"https:\/\/welcome-to-times-square.com\/it\/hotels\/#primaryimage\",\"url\":\"https:\/\/welcome-to-times-square.com\/wp-content\/uploads\/2022\/04\/hotels-1024x775.png\",\"contentUrl\":\"https:\/\/welcome-to-times-square.com\/wp-content\/uploads\/2022\/04\/hotels-1024x775.png\"},{\"@type\":\"BreadcrumbList\",\"@id\":\"https:\/\/welcome-to-times-square.com\/it\/hotels\/#breadcrumb\",\"itemListElement\":[{\"@type\":\"ListItem\",\"position\":1,\"name\":\"Home\",\"item\":\"https:\/\/welcome-to-times-square.com\/it\/\"},{\"@type\":\"ListItem\",\"position\":2,\"name\":\"Alberghi\"}]},{\"@type\":\"WebSite\",\"@id\":\"https:\/\/welcome-to-times-square.com\/it\/#website\",\"url\":\"https:\/\/welcome-to-times-square.com\/it\/\",\"name\":\"times-square\",\"description\":\"times-square\",\"publisher\":{\"@id\":\"https:\/\/welcome-to-times-square.com\/it\/#organization\"},\"potentialAction\":[{\"@type\":\"SearchAction\",\"target\":{\"@type\":\"EntryPoint\",\"urlTemplate\":\"https:\/\/welcome-to-times-square.com\/it\/?s={search_term_string}\"},\"query-input\":{\"@type\":\"PropertyValueSpecification\",\"valueRequired\":true,\"valueName\":\"search_term_string\"}}],\"inLanguage\":\"it-IT\"},{\"@type\":\"Organization\",\"@id\":\"https:\/\/welcome-to-times-square.com\/it\/#organization\",\"name\":\"times-square\",\"url\":\"https:\/\/welcome-to-times-square.com\/it\/\",\"logo\":{\"@type\":\"ImageObject\",\"inLanguage\":\"it-IT\",\"@id\":\"https:\/\/welcome-to-times-square.com\/it\/#\/schema\/logo\/image\/\",\"url\":\"https:\/\/welcome-to-times-square.com\/wp-content\/uploads\/2024\/03\/welcome-to-time-square-logo-with-r.png\",\"contentUrl\":\"https:\/\/welcome-to-times-square.com\/wp-content\/uploads\/2024\/03\/welcome-to-time-square-logo-with-r.png\",\"width\":500,\"height\":342,\"caption\":\"times-square\"},\"image\":{\"@id\":\"https:\/\/welcome-to-times-square.com\/it\/#\/schema\/logo\/image\/\"}}]}<\/script>\n<!-- \/ Yoast SEO plugin. -->","yoast_head_json":{"title":"Alberghi - times-square","robots":{"index":"index","follow":"follow","max-snippet":"max-snippet:-1","max-image-preview":"max-image-preview:large","max-video-preview":"max-video-preview:-1"},"canonical":"https:\/\/welcome-to-times-square.com\/it\/hotels\/","og_locale":"it_IT","og_type":"article","og_title":"Alberghi - times-square","og_description":"Alberghi Migliaia di turisti visitano New York City ogni giorno e Times Square offre l&#8217;hotel ideale per ognuno di loro. Camere che si adattano alla disponibilit\u00e0 economica di ogni persona ma offrendo sempre il miglior servizio e attenzione. Per chi desidera un&#8217;esperienza superiore, Times Square offre anche hotel delle catene pi\u00f9 lussuose del mondo. Per [...]read moreAlberghi","og_url":"https:\/\/welcome-to-times-square.com\/it\/hotels\/","og_site_name":"times-square","article_modified_time":"2025-01-16T12:29:12+00:00","og_image":[{"width":1024,"height":775,"url":"https:\/\/welcome-to-times-square.com\/wp-content\/uploads\/2022\/04\/hotels-1024x775.png","type":"image\/png"}],"twitter_card":"summary_large_image","twitter_misc":{"Tempo di lettura stimato":"4 minuti"},"schema":{"@context":"https:\/\/schema.org","@graph":[{"@type":"WebPage","@id":"https:\/\/welcome-to-times-square.com\/it\/hotels\/","url":"https:\/\/welcome-to-times-square.com\/it\/hotels\/","name":"Alberghi - times-square","isPartOf":{"@id":"https:\/\/welcome-to-times-square.com\/it\/#website"},"primaryImageOfPage":{"@id":"https:\/\/welcome-to-times-square.com\/it\/hotels\/#primaryimage"},"image":{"@id":"https:\/\/welcome-to-times-square.com\/it\/hotels\/#primaryimage"},"thumbnailUrl":"https:\/\/welcome-to-times-square.com\/wp-content\/uploads\/2022\/04\/hotels-1024x775.png","datePublished":"2022-04-21T23:21:16+00:00","dateModified":"2025-01-16T12:29:12+00:00","breadcrumb":{"@id":"https:\/\/welcome-to-times-square.com\/it\/hotels\/#breadcrumb"},"inLanguage":"it-IT","potentialAction":[{"@type":"ReadAction","target":["https:\/\/welcome-to-times-square.com\/it\/hotels\/"]}]},{"@type":"ImageObject","inLanguage":"it-IT","@id":"https:\/\/welcome-to-times-square.com\/it\/hotels\/#primaryimage","url":"https:\/\/welcome-to-times-square.com\/wp-content\/uploads\/2022\/04\/hotels-1024x775.png","contentUrl":"https:\/\/welcome-to-times-square.com\/wp-content\/uploads\/2022\/04\/hotels-1024x775.png"},{"@type":"BreadcrumbList","@id":"https:\/\/welcome-to-times-square.com\/it\/hotels\/#breadcrumb","itemListElement":[{"@type":"ListItem","position":1,"name":"Home","item":"https:\/\/welcome-to-times-square.com\/it\/"},{"@type":"ListItem","position":2,"name":"Alberghi"}]},{"@type":"WebSite","@id":"https:\/\/welcome-to-times-square.com\/it\/#website","url":"https:\/\/welcome-to-times-square.com\/it\/","name":"times-square","description":"times-square","publisher":{"@id":"https:\/\/welcome-to-times-square.com\/it\/#organization"},"potentialAction":[{"@type":"SearchAction","target":{"@type":"EntryPoint","urlTemplate":"https:\/\/welcome-to-times-square.com\/it\/?s={search_term_string}"},"query-input":{"@type":"PropertyValueSpecification","valueRequired":true,"valueName":"search_term_string"}}],"inLanguage":"it-IT"},{"@type":"Organization","@id":"https:\/\/welcome-to-times-square.com\/it\/#organization","name":"times-square","url":"https:\/\/welcome-to-times-square.com\/it\/","logo":{"@type":"ImageObject","inLanguage":"it-IT","@id":"https:\/\/welcome-to-times-square.com\/it\/#\/schema\/logo\/image\/","url":"https:\/\/welcome-to-times-square.com\/wp-content\/uploads\/2024\/03\/welcome-to-time-square-logo-with-r.png","contentUrl":"https:\/\/welcome-to-times-square.com\/wp-content\/uploads\/2024\/03\/welcome-to-time-square-logo-with-r.png","width":500,"height":342,"caption":"times-square"},"image":{"@id":"https:\/\/welcome-to-times-square.com\/it\/#\/schema\/logo\/image\/"}}]}},"_hostinger_reach_plugin_has_subscription_block":false,"_hostinger_reach_plugin_is_elementor":false,"_links":{"self":[{"href":"https:\/\/welcome-to-times-square.com\/it\/wp-json\/wp\/v2\/pages\/8903","targetHints":{"allow":["GET"]}}],"collection":[{"href":"https:\/\/welcome-to-times-square.com\/it\/wp-json\/wp\/v2\/pages"}],"about":[{"href":"https:\/\/welcome-to-times-square.com\/it\/wp-json\/wp\/v2\/types\/page"}],"author":[{"embeddable":true,"href":"https:\/\/welcome-to-times-square.com\/it\/wp-json\/wp\/v2\/users\/53"}],"replies":[{"embeddable":true,"href":"https:\/\/welcome-to-times-square.com\/it\/wp-json\/wp\/v2\/comments?post=8903"}],"version-history":[{"count":2,"href":"https:\/\/welcome-to-times-square.com\/it\/wp-json\/wp\/v2\/pages\/8903\/revisions"}],"predecessor-version":[{"id":8911,"href":"https:\/\/welcome-to-times-square.com\/it\/wp-json\/wp\/v2\/pages\/8903\/revisions\/8911"}],"wp:attachment":[{"href":"https:\/\/welcome-to-times-square.com\/it\/wp-json\/wp\/v2\/media?parent=8903"}],"curies":[{"name":"wp","href":"https:\/\/api.w.org\/{rel}","templated":true}]}}