{"id":8935,"date":"2022-04-25T15:17:22","date_gmt":"2022-04-25T15:17:22","guid":{"rendered":"https:\/\/welcome-to-times-square.com\/deals\/"},"modified":"2025-01-17T09:47:14","modified_gmt":"2025-01-17T09:47:14","slug":"deals","status":"publish","type":"page","link":"https:\/\/welcome-to-times-square.com\/it\/deals\/","title":{"rendered":"Offerte"},"content":{"rendered":"\t\t<div data-elementor-type=\"wp-page\" data-elementor-id=\"8935\" class=\"elementor elementor-8935 elementor-2807\" data-elementor-post-type=\"page\">\n\t\t\t\t<div class=\"elementor-element elementor-element-96efad9 e-flex e-con-boxed e-con e-parent\" data-id=\"96efad9\" data-element_type=\"container\" data-e-type=\"container\" data-settings=\"{&quot;background_background&quot;:&quot;classic&quot;}\">\n\t\t\t\t\t<div class=\"e-con-inner\">\n\t\t\t\t<div class=\"elementor-element elementor-element-6ca9d98 elementor-widget elementor-widget-heading\" data-id=\"6ca9d98\" data-element_type=\"widget\" data-e-type=\"widget\" data-widget_type=\"heading.default\">\n\t\t\t\t<div class=\"elementor-widget-container\">\n\t\t\t\t\t<h2 class=\"elementor-heading-title elementor-size-default\">Offerte<\/h2>\t\t\t\t<\/div>\n\t\t\t\t<\/div>\n\t\t\t\t<div class=\"elementor-element elementor-element-e054c83 elementor-widget-divider--view-line elementor-widget elementor-widget-divider\" data-id=\"e054c83\" data-element_type=\"widget\" data-e-type=\"widget\" data-widget_type=\"divider.default\">\n\t\t\t\t<div class=\"elementor-widget-container\">\n\t\t\t\t\t\t\t<div class=\"elementor-divider\">\n\t\t\t<span class=\"elementor-divider-separator\">\n\t\t\t\t\t\t<\/span>\n\t\t<\/div>\n\t\t\t\t\t\t<\/div>\n\t\t\t\t<\/div>\n\t\t\t\t<div class=\"elementor-element elementor-element-2482935 elementor-widget elementor-widget-text-editor\" data-id=\"2482935\" data-element_type=\"widget\" data-e-type=\"widget\" data-widget_type=\"text-editor.default\">\n\t\t\t\t<div class=\"elementor-widget-container\">\n\t\t\t\t\t\t\t\t\t<div class=\"vc_row wpb_row vc_row-fluid vc_custom_1650656313890 vc_row-has-fill\">\n<div class=\"wpb_column vc_column_container vc_col-sm-12\">\n<div class=\"vc_column-inner\">\n<div class=\"wpb_wrapper\">\n<div class=\"wpb_text_column wpb_content_element \">\n<div class=\"wpb_wrapper\">\n<p>A New York esiste un calendario speciale di offerte e sconti per permetterti di pianificare il tuo viaggio e approfittare delle offerte annuali che possono arrivare fino al 70% in meno rispetto al valore originale.<\/p>\n<p>Le date speciali delle offerte sono in ordine di calendario; come potrete notare, la maggior parte di esse coincide con le festivit\u00e0 degli Stati Uniti.<\/p>\n<p>Tra il 12 e il 15 febbraio si celebra il President\u2019s Day, un giorno molto speciale: ogni anno in questa data si conclude tutto ci\u00f2 che riguarda l\u2019inverno.<\/p>\n<p>La fine dei saldi primaverili cade tra il 28 e il 31 maggio, in occasione del Memorial Day.<\/p>\n<p>Maggio \u00e8 un mese meraviglioso a New York, la temperatura \u00e8 molto piacevole e l&#8217;alta stagione non \u00e8 ancora arrivata, quindi \u00e8 tutto pi\u00f9 conveniente.<\/p>\n<p>I saldi estivi sono tra i pi\u00f9 attesi, i primi giorni di luglio coincidono con le offerte Back to School e il 4 luglio, ovvero tra l&#8217;1 e il 5 luglio.<\/p>\n<p>I primi giorni di settembre si concludono gli affari di fine estate, tra il 3 e il 6 settembre, giorno chiamato Labor Day.<\/p>\n<p>In autunno si verificano due importanti stagioni di affari, la prima delle quali si verifica a met\u00e0 autunno, in prossimit\u00e0 del Columbus Day: tra l&#8217;8 e l&#8217;11 ottobre.<\/p>\n<p>C&#8217;\u00e8 anche il tanto atteso Black Friday a New York, la seconda grande stagione di offerte a New York \u00e8 il famoso Black Friday. Sebbene la data ufficiale sia il venerd\u00ec dopo il Ringraziamento (il quarto gioved\u00ec di ogni anno), e i giorni prima e il weekend dopo il Ringraziamento, i negozi hanno grandi offerte. <\/p>\n<p>\u00c8 uno dei periodi pi\u00f9 economici dell&#8217;anno per fare acquisti. Vale davvero la pena far coincidere il viaggio con questa data molto speciale, perch\u00e9 a novembre c&#8217;\u00e8 molto da fare e l&#8217;atmosfera natalizia si sente gi\u00e0 a New York. <\/p>\n<p>L&#8217;After Holiday \u00e8 compreso tra il 26 dicembre e il 2 gennaio, le offerte e i saldi vengono fatti dopo le vacanze di fine anno. Ci sono ottime offerte l\u00ec. <\/p>\n<p>Nel caso in cui il tuo viaggio non coincida con nessuna delle date di chiusura a New York, puoi recarti presso i Woodbury Common Premium Outlets.<\/p>\n<p>Questo centro commerciale nella parte settentrionale dello stato di New York \u00e8 rinomato per i suoi sconti tutto l&#8217;anno su marchi premium e abbigliamento di alta gamma. La cosa migliore \u00e8 che durante le stagioni di liquidazione fanno ancora pi\u00f9 sconti! \u00c8 a un paio d&#8217;ore da New York.  <\/p>\n<p>Pu\u00f2 essere acquistato anche da Macy&#8217;s, Bloomingdale&#8217;s, Saks Fifth Avenue. I centri commerciali sono ottimi posti dove andare per fare affari a New York. <\/p>\n<p>Oltre all&#8217;abbigliamento, puoi trovare sconti su profumeria, elettronica, casa, sport. E da Saks confezionano i profumi in modo cos\u00ec carino che \u00e8 imbarazzante scartarli. <\/p>\n<p>Le vie dello shopping dove fare affari a New York si trovano in quasi tutti i quartieri, l\u00ec troverete una moltitudine di negozi.<\/p>\n<p>Sulla 34th Street tra la 5th e la 6th Ave. In questo isolato troverete grandi catene di negozi come Zara, Desigual, Mango, Aeropostale, GEOX, Aldo, Forever 21, Uniqlo, uno dei negozi Levi&#8217;s, Footlocker, Timberland. <\/p>\n<p>Broadway tra Canal St e Union Square. \u00c8 un tratto abbastanza lungo di Broadway che arriva fino a SoHo, dove troverete molti marchi. Troverete negozi come American Apparel, G-Star Raw, Top Shop, Michael Kors, Forever 21, Mango, Zara, &amp; Other Stories, H&amp;M, Armani Exchange, Guess, Lacoste.  <\/p>\n<p>SoHo \u00e8 uno dei quartieri preferiti per fare affari. Non ci sono solo grandi marchi, ma anche piccoli marchi e boutique. <\/p>\n<p>Anche sulla 5th Ave. dalla 16th St. c&#8217;\u00e8 una buona via dello shopping. Troverai negozi dei marchi Anthropologie, GAP, Banana Republic, H&amp;M, American Apparel, Sephora, Nike, New Balance, Kate Spade, Club Monaco&#8230; Meglio di tutto, arriverai al Flatiron Building e lungo tutto il tragitto vedrai l&#8217;Empire State Building. In questo senso, \u00e8 una gioia viaggiare.  <\/p>\n<p>A New York, le aziende possono fare sconti quando vogliono. Quindi puoi entrare nei negozi senza paura anche se non vedi il tipico cartello &#8220;Sales&#8221; in vetrina, perch\u00e9 a volte i saldi sono all&#8217;interno o i cartelli in vetrina sono piccoli e discreti. <\/p>\n<p>E la verit\u00e0 \u00e8 che \u00e8 facile come imparare un po&#8217; di vocabolario legato allo shopping.<\/p>\n<p>Saldi: offerte e promozioni, solitamente durante il cambio di stagione.<\/p>\n<p>Liquidazione: \u00e8 una sezione all&#8217;interno del negozio per le liquidazioni. Nella maggior parte dei casi la troverete a fine stagione e sono sezioni che troverete alla fine del negozio. <\/p>\n<p>Markdown: questa parola si riferisce al prezzo ridotto che troverete segnato sull&#8217;etichetta di ogni capo. Di solito viene messa quando ogni capo ha uno sconto diverso tra loro. <\/p>\n<\/div>\n<\/div>\n<\/div>\n<\/div>\n<\/div>\n<\/div>\n\t\t\t\t\t\t\t\t<\/div>\n\t\t\t\t<\/div>\n\t\t\t\t<div class=\"elementor-element elementor-element-768faf6 elementor-widget-divider--view-line elementor-widget elementor-widget-divider\" data-id=\"768faf6\" data-element_type=\"widget\" data-e-type=\"widget\" data-widget_type=\"divider.default\">\n\t\t\t\t<div class=\"elementor-widget-container\">\n\t\t\t\t\t\t\t<div class=\"elementor-divider\">\n\t\t\t<span class=\"elementor-divider-separator\">\n\t\t\t\t\t\t<\/span>\n\t\t<\/div>\n\t\t\t\t\t\t<\/div>\n\t\t\t\t<\/div>\n\t\t\t\t<div class=\"elementor-element elementor-element-bd2df9d elementor-widget elementor-widget-text-editor\" data-id=\"bd2df9d\" data-element_type=\"widget\" data-e-type=\"widget\" data-widget_type=\"text-editor.default\">\n\t\t\t\t<div class=\"elementor-widget-container\">\n\t\t\t\t\t\t\t\t\t<p><strong>Per apparire sul nostro cartellone a Times Square, vai alla sezione CONTATTI.<\/strong><\/p>\n<p>Ecco come funziona:<\/p>\n<p>Che si tratti di un compleanno, di una proposta di matrimonio, di un anniversario o di una semplice dichiarazione d&#8217;amore, abbiamo pensato a te. Non essere una faccia nella folla! <br \/>Metti la tua foto o il tuo video sul nostro cartellone a Times Square!<\/p>\n<p>Opzione 1: il tuo video\/foto di 60 secondi sar\u00e0 visualizzato 22 volte al giorno.<br \/>Opzione 2: il tuo video\/foto di 30 secondi sar\u00e0 visualizzato 44 volte al giorno<br \/>Opzione 3: il tuo video\/foto di 15 secondi sar\u00e0 visualizzato 88 volte al giorno.<\/p>\n<p>Il nostro cartellone pubblicitario ha una dimensione di 31 piedi x 55 piedi e si trova al 1560 di Broadway (Broadway e 46th Street, proprio sopra il negozio Pel\u00e9).<\/p>\n<p>Non essere una faccia nella folla!<\/p>\n\t\t\t\t\t\t\t\t<\/div>\n\t\t\t\t<\/div>\n\t\t\t\t<div class=\"elementor-element elementor-element-29aba7c elementor-widget elementor-widget-image\" data-id=\"29aba7c\" data-element_type=\"widget\" data-e-type=\"widget\" data-widget_type=\"image.default\">\n\t\t\t\t<div class=\"elementor-widget-container\">\n\t\t\t\t\t\t\t\t\t\t\t\t\t\t\t<img fetchpriority=\"high\" decoding=\"async\" width=\"1024\" height=\"512\" src=\"https:\/\/welcome-to-times-square.com\/wp-content\/uploads\/2022\/04\/deals-1024x512.jpg\" class=\"attachment-large size-large wp-image-6184\" alt=\"\" srcset=\"https:\/\/welcome-to-times-square.com\/wp-content\/uploads\/2022\/04\/deals-1024x512.jpg 1024w, https:\/\/welcome-to-times-square.com\/wp-content\/uploads\/2022\/04\/deals-600x300.jpg 600w, https:\/\/welcome-to-times-square.com\/wp-content\/uploads\/2022\/04\/deals-300x150.jpg 300w, https:\/\/welcome-to-times-square.com\/wp-content\/uploads\/2022\/04\/deals-768x384.jpg 768w, https:\/\/welcome-to-times-square.com\/wp-content\/uploads\/2022\/04\/deals-1536x768.jpg 1536w, https:\/\/welcome-to-times-square.com\/wp-content\/uploads\/2022\/04\/deals.jpg 1920w\" sizes=\"(max-width: 1024px) 100vw, 1024px\" \/>\t\t\t\t\t\t\t\t\t\t\t\t\t\t\t<\/div>\n\t\t\t\t<\/div>\n\t\t\t\t\t<\/div>\n\t\t\t\t<\/div>\n\t\t\t\t<\/div>\n\t\t","protected":false},"excerpt":{"rendered":"Offerte A New York esiste un calendario speciale di offerte e sconti per permetterti di pianificare il tuo viaggio e approfittare delle offerte annuali che possono arrivare fino al 70% in meno rispetto al valore originale. Le date speciali delle offerte sono in ordine di calendario; come potrete notare, la maggior parte di esse coincide [...]<a href=\"https:\/\/welcome-to-times-square.com\/it\/deals\/\" class=\"read-more wyz-secondary-color-text\">read more<span class=\"screen-reader-text\">Offerte<\/span><\/a>","protected":false},"author":53,"featured_media":0,"parent":0,"menu_order":0,"comment_status":"closed","ping_status":"closed","template":"elementor_header_footer","meta":{"footnotes":""},"class_list":["post-8935","page","type-page","status-publish","hentry"],"yoast_head":"<!-- This site is optimized with the Yoast SEO plugin v27.2 - https:\/\/yoast.com\/product\/yoast-seo-wordpress\/ -->\n<title>Offerte - times-square<\/title>\n<meta name=\"description\" content=\"A New York esiste un calendario speciale di offerte e sconti per permetterti di pianificare il tuo viaggio e approfittare delle offerte annuali che possono arrivare fino al 70% in meno rispetto al valore originale.\" \/>\n<meta name=\"robots\" content=\"index, follow, max-snippet:-1, max-image-preview:large, max-video-preview:-1\" \/>\n<link rel=\"canonical\" href=\"https:\/\/welcome-to-times-square.com\/it\/deals\/\" \/>\n<meta property=\"og:locale\" content=\"it_IT\" \/>\n<meta property=\"og:type\" content=\"article\" \/>\n<meta property=\"og:title\" content=\"Offerte - times-square\" \/>\n<meta property=\"og:description\" content=\"A New York esiste un calendario speciale di offerte e sconti per permetterti di pianificare il tuo viaggio e approfittare delle offerte annuali che possono arrivare fino al 70% in meno rispetto al valore originale.\" \/>\n<meta property=\"og:url\" content=\"https:\/\/welcome-to-times-square.com\/it\/deals\/\" \/>\n<meta property=\"og:site_name\" content=\"times-square\" \/>\n<meta property=\"article:modified_time\" content=\"2025-01-17T09:47:14+00:00\" \/>\n<meta property=\"og:image\" content=\"https:\/\/welcome-to-times-square.com\/wp-content\/uploads\/2022\/04\/deals.jpg\" \/>\n\t<meta property=\"og:image:width\" content=\"1920\" \/>\n\t<meta property=\"og:image:height\" content=\"960\" \/>\n\t<meta property=\"og:image:type\" content=\"image\/jpeg\" \/>\n<meta name=\"twitter:card\" content=\"summary_large_image\" \/>\n<meta name=\"twitter:label1\" content=\"Tempo di lettura stimato\" \/>\n\t<meta name=\"twitter:data1\" content=\"5 minuti\" \/>\n<script type=\"application\/ld+json\" class=\"yoast-schema-graph\">{\"@context\":\"https:\/\/schema.org\",\"@graph\":[{\"@type\":\"WebPage\",\"@id\":\"https:\/\/welcome-to-times-square.com\/it\/deals\/\",\"url\":\"https:\/\/welcome-to-times-square.com\/it\/deals\/\",\"name\":\"Offerte - times-square\",\"isPartOf\":{\"@id\":\"https:\/\/welcome-to-times-square.com\/it\/#website\"},\"primaryImageOfPage\":{\"@id\":\"https:\/\/welcome-to-times-square.com\/it\/deals\/#primaryimage\"},\"image\":{\"@id\":\"https:\/\/welcome-to-times-square.com\/it\/deals\/#primaryimage\"},\"thumbnailUrl\":\"https:\/\/welcome-to-times-square.com\/wp-content\/uploads\/2022\/04\/deals-1024x512.jpg\",\"datePublished\":\"2022-04-25T15:17:22+00:00\",\"dateModified\":\"2025-01-17T09:47:14+00:00\",\"description\":\"A New York esiste un calendario speciale di offerte e sconti per permetterti di pianificare il tuo viaggio e approfittare delle offerte annuali che possono arrivare fino al 70% in meno rispetto al valore originale.\",\"breadcrumb\":{\"@id\":\"https:\/\/welcome-to-times-square.com\/it\/deals\/#breadcrumb\"},\"inLanguage\":\"it-IT\",\"potentialAction\":[{\"@type\":\"ReadAction\",\"target\":[\"https:\/\/welcome-to-times-square.com\/it\/deals\/\"]}]},{\"@type\":\"ImageObject\",\"inLanguage\":\"it-IT\",\"@id\":\"https:\/\/welcome-to-times-square.com\/it\/deals\/#primaryimage\",\"url\":\"https:\/\/welcome-to-times-square.com\/wp-content\/uploads\/2022\/04\/deals-1024x512.jpg\",\"contentUrl\":\"https:\/\/welcome-to-times-square.com\/wp-content\/uploads\/2022\/04\/deals-1024x512.jpg\"},{\"@type\":\"BreadcrumbList\",\"@id\":\"https:\/\/welcome-to-times-square.com\/it\/deals\/#breadcrumb\",\"itemListElement\":[{\"@type\":\"ListItem\",\"position\":1,\"name\":\"Home\",\"item\":\"https:\/\/welcome-to-times-square.com\/it\/\"},{\"@type\":\"ListItem\",\"position\":2,\"name\":\"Offerte\"}]},{\"@type\":\"WebSite\",\"@id\":\"https:\/\/welcome-to-times-square.com\/it\/#website\",\"url\":\"https:\/\/welcome-to-times-square.com\/it\/\",\"name\":\"times-square\",\"description\":\"times-square\",\"publisher\":{\"@id\":\"https:\/\/welcome-to-times-square.com\/it\/#organization\"},\"potentialAction\":[{\"@type\":\"SearchAction\",\"target\":{\"@type\":\"EntryPoint\",\"urlTemplate\":\"https:\/\/welcome-to-times-square.com\/it\/?s={search_term_string}\"},\"query-input\":{\"@type\":\"PropertyValueSpecification\",\"valueRequired\":true,\"valueName\":\"search_term_string\"}}],\"inLanguage\":\"it-IT\"},{\"@type\":\"Organization\",\"@id\":\"https:\/\/welcome-to-times-square.com\/it\/#organization\",\"name\":\"times-square\",\"url\":\"https:\/\/welcome-to-times-square.com\/it\/\",\"logo\":{\"@type\":\"ImageObject\",\"inLanguage\":\"it-IT\",\"@id\":\"https:\/\/welcome-to-times-square.com\/it\/#\/schema\/logo\/image\/\",\"url\":\"https:\/\/welcome-to-times-square.com\/wp-content\/uploads\/2024\/03\/welcome-to-time-square-logo-with-r.png\",\"contentUrl\":\"https:\/\/welcome-to-times-square.com\/wp-content\/uploads\/2024\/03\/welcome-to-time-square-logo-with-r.png\",\"width\":500,\"height\":342,\"caption\":\"times-square\"},\"image\":{\"@id\":\"https:\/\/welcome-to-times-square.com\/it\/#\/schema\/logo\/image\/\"}}]}<\/script>\n<!-- \/ Yoast SEO plugin. -->","yoast_head_json":{"title":"Offerte - times-square","description":"A New York esiste un calendario speciale di offerte e sconti per permetterti di pianificare il tuo viaggio e approfittare delle offerte annuali che possono arrivare fino al 70% in meno rispetto al valore originale.","robots":{"index":"index","follow":"follow","max-snippet":"max-snippet:-1","max-image-preview":"max-image-preview:large","max-video-preview":"max-video-preview:-1"},"canonical":"https:\/\/welcome-to-times-square.com\/it\/deals\/","og_locale":"it_IT","og_type":"article","og_title":"Offerte - times-square","og_description":"A New York esiste un calendario speciale di offerte e sconti per permetterti di pianificare il tuo viaggio e approfittare delle offerte annuali che possono arrivare fino al 70% in meno rispetto al valore originale.","og_url":"https:\/\/welcome-to-times-square.com\/it\/deals\/","og_site_name":"times-square","article_modified_time":"2025-01-17T09:47:14+00:00","og_image":[{"width":1920,"height":960,"url":"https:\/\/welcome-to-times-square.com\/wp-content\/uploads\/2022\/04\/deals.jpg","type":"image\/jpeg"}],"twitter_card":"summary_large_image","twitter_misc":{"Tempo di lettura stimato":"5 minuti"},"schema":{"@context":"https:\/\/schema.org","@graph":[{"@type":"WebPage","@id":"https:\/\/welcome-to-times-square.com\/it\/deals\/","url":"https:\/\/welcome-to-times-square.com\/it\/deals\/","name":"Offerte - times-square","isPartOf":{"@id":"https:\/\/welcome-to-times-square.com\/it\/#website"},"primaryImageOfPage":{"@id":"https:\/\/welcome-to-times-square.com\/it\/deals\/#primaryimage"},"image":{"@id":"https:\/\/welcome-to-times-square.com\/it\/deals\/#primaryimage"},"thumbnailUrl":"https:\/\/welcome-to-times-square.com\/wp-content\/uploads\/2022\/04\/deals-1024x512.jpg","datePublished":"2022-04-25T15:17:22+00:00","dateModified":"2025-01-17T09:47:14+00:00","description":"A New York esiste un calendario speciale di offerte e sconti per permetterti di pianificare il tuo viaggio e approfittare delle offerte annuali che possono arrivare fino al 70% in meno rispetto al valore originale.","breadcrumb":{"@id":"https:\/\/welcome-to-times-square.com\/it\/deals\/#breadcrumb"},"inLanguage":"it-IT","potentialAction":[{"@type":"ReadAction","target":["https:\/\/welcome-to-times-square.com\/it\/deals\/"]}]},{"@type":"ImageObject","inLanguage":"it-IT","@id":"https:\/\/welcome-to-times-square.com\/it\/deals\/#primaryimage","url":"https:\/\/welcome-to-times-square.com\/wp-content\/uploads\/2022\/04\/deals-1024x512.jpg","contentUrl":"https:\/\/welcome-to-times-square.com\/wp-content\/uploads\/2022\/04\/deals-1024x512.jpg"},{"@type":"BreadcrumbList","@id":"https:\/\/welcome-to-times-square.com\/it\/deals\/#breadcrumb","itemListElement":[{"@type":"ListItem","position":1,"name":"Home","item":"https:\/\/welcome-to-times-square.com\/it\/"},{"@type":"ListItem","position":2,"name":"Offerte"}]},{"@type":"WebSite","@id":"https:\/\/welcome-to-times-square.com\/it\/#website","url":"https:\/\/welcome-to-times-square.com\/it\/","name":"times-square","description":"times-square","publisher":{"@id":"https:\/\/welcome-to-times-square.com\/it\/#organization"},"potentialAction":[{"@type":"SearchAction","target":{"@type":"EntryPoint","urlTemplate":"https:\/\/welcome-to-times-square.com\/it\/?s={search_term_string}"},"query-input":{"@type":"PropertyValueSpecification","valueRequired":true,"valueName":"search_term_string"}}],"inLanguage":"it-IT"},{"@type":"Organization","@id":"https:\/\/welcome-to-times-square.com\/it\/#organization","name":"times-square","url":"https:\/\/welcome-to-times-square.com\/it\/","logo":{"@type":"ImageObject","inLanguage":"it-IT","@id":"https:\/\/welcome-to-times-square.com\/it\/#\/schema\/logo\/image\/","url":"https:\/\/welcome-to-times-square.com\/wp-content\/uploads\/2024\/03\/welcome-to-time-square-logo-with-r.png","contentUrl":"https:\/\/welcome-to-times-square.com\/wp-content\/uploads\/2024\/03\/welcome-to-time-square-logo-with-r.png","width":500,"height":342,"caption":"times-square"},"image":{"@id":"https:\/\/welcome-to-times-square.com\/it\/#\/schema\/logo\/image\/"}}]}},"_hostinger_reach_plugin_has_subscription_block":false,"_hostinger_reach_plugin_is_elementor":false,"_links":{"self":[{"href":"https:\/\/welcome-to-times-square.com\/it\/wp-json\/wp\/v2\/pages\/8935","targetHints":{"allow":["GET"]}}],"collection":[{"href":"https:\/\/welcome-to-times-square.com\/it\/wp-json\/wp\/v2\/pages"}],"about":[{"href":"https:\/\/welcome-to-times-square.com\/it\/wp-json\/wp\/v2\/types\/page"}],"author":[{"embeddable":true,"href":"https:\/\/welcome-to-times-square.com\/it\/wp-json\/wp\/v2\/users\/53"}],"replies":[{"embeddable":true,"href":"https:\/\/welcome-to-times-square.com\/it\/wp-json\/wp\/v2\/comments?post=8935"}],"version-history":[{"count":2,"href":"https:\/\/welcome-to-times-square.com\/it\/wp-json\/wp\/v2\/pages\/8935\/revisions"}],"predecessor-version":[{"id":8943,"href":"https:\/\/welcome-to-times-square.com\/it\/wp-json\/wp\/v2\/pages\/8935\/revisions\/8943"}],"wp:attachment":[{"href":"https:\/\/welcome-to-times-square.com\/it\/wp-json\/wp\/v2\/media?parent=8935"}],"curies":[{"name":"wp","href":"https:\/\/api.w.org\/{rel}","templated":true}]}}