{"id":8951,"date":"2022-05-10T20:25:09","date_gmt":"2022-05-10T20:25:09","guid":{"rendered":"https:\/\/welcome-to-times-square.com\/planning-an-event-in-nyc\/"},"modified":"2025-01-17T10:36:41","modified_gmt":"2025-01-17T10:36:41","slug":"planning-an-event-in-nyc","status":"publish","type":"page","link":"https:\/\/welcome-to-times-square.com\/it\/planning-an-event-in-nyc\/","title":{"rendered":"Pianificare un evento a New York"},"content":{"rendered":"\t\t<div data-elementor-type=\"wp-page\" data-elementor-id=\"8951\" class=\"elementor elementor-8951 elementor-2932\" data-elementor-post-type=\"page\">\n\t\t\t\t<div class=\"elementor-element elementor-element-b6a30bc e-flex e-con-boxed e-con e-parent\" data-id=\"b6a30bc\" data-element_type=\"container\" data-e-type=\"container\" data-settings=\"{&quot;background_background&quot;:&quot;classic&quot;}\">\n\t\t\t\t\t<div class=\"e-con-inner\">\n\t\t\t\t<div class=\"elementor-element elementor-element-4aa115f elementor-widget elementor-widget-heading\" data-id=\"4aa115f\" data-element_type=\"widget\" data-e-type=\"widget\" data-widget_type=\"heading.default\">\n\t\t\t\t<div class=\"elementor-widget-container\">\n\t\t\t\t\t<h2 class=\"elementor-heading-title elementor-size-default\">Pianificare un evento a New York<\/h2>\t\t\t\t<\/div>\n\t\t\t\t<\/div>\n\t\t\t\t<div class=\"elementor-element elementor-element-02111df elementor-widget-divider--view-line elementor-widget elementor-widget-divider\" data-id=\"02111df\" data-element_type=\"widget\" data-e-type=\"widget\" data-widget_type=\"divider.default\">\n\t\t\t\t<div class=\"elementor-widget-container\">\n\t\t\t\t\t\t\t<div class=\"elementor-divider\">\n\t\t\t<span class=\"elementor-divider-separator\">\n\t\t\t\t\t\t<\/span>\n\t\t<\/div>\n\t\t\t\t\t\t<\/div>\n\t\t\t\t<\/div>\n\t\t\t\t<div class=\"elementor-element elementor-element-6eba364 elementor-widget elementor-widget-text-editor\" data-id=\"6eba364\" data-element_type=\"widget\" data-e-type=\"widget\" data-widget_type=\"text-editor.default\">\n\t\t\t\t<div class=\"elementor-widget-container\">\n\t\t\t\t\t\t\t\t\t<div class=\"vc_row wpb_row vc_row-fluid vc_custom_1652220902464 vc_row-has-fill\">\n<div class=\"wpb_column vc_column_container vc_col-sm-12\">\n<div class=\"vc_column-inner\">\n<div class=\"wpb_wrapper\">\n<div class=\"vc_tta-container\" data-vc-action=\"collapse\">\n<div class=\"vc_general vc_tta vc_tta-tabs vc_tta-color-grey vc_tta-style-classic vc_tta-shape-rounded vc_tta-spacing-1 vc_tta-tabs-position-top vc_tta-controls-align-left\">\n<div class=\"vc_tta-panels-container\">\n<div class=\"vc_tta-panels\">\n<div id=\"1652214027141-0740dd2c-c58f\" class=\"vc_tta-panel vc_active\" data-vc-content=\".vc_tta-panel-body\">\n<div class=\"vc_tta-panel-body\">\n<div class=\"wpb_text_column wpb_content_element \">\n<div class=\"wpb_wrapper\">\n<p>Il 4 luglio \u00e8 un evento di pianificazione in cui gli Stati Uniti si riempiono di bandiere, barbecue e fuochi d&#8217;artificio per celebrare il loro giorno pi\u00f9 patriottico: il Giorno dell&#8217;Indipendenza.<\/p>\n<p>Gli americani commemorano l&#8217;approvazione della Dichiarazione d&#8217;Indipendenza da parte del Congresso il 4 luglio 1776 con una festa nazionale all&#8217;aperto.<\/p>\n<p>Un altro evento fantastico da organizzare \u00e8 il quarto gioved\u00ec di novembre, quando negli Stati Uniti si festeggia il Giorno del Ringraziamento, che vediamo spesso rappresentato nei film.<\/p>\n<p>\u00c8 una festa incredibile e il paese \u00e8 paralizzato, le strade sono quasi vuote e la maggior parte dei negozi sono chiusi. Il giorno del Ringraziamento, tutti tornano a casa in aereo per trascorrere la serata con la famiglia. Pianificando un evento, il Ringraziamento a New York inizia con uno degli eventi pi\u00f9 attesi del calendario: la Macy&#8217;s Day Parade, \u00e8 una parata organizzata dai grandi magazzini Macy&#8217;s che si tiene dal 1924. \u00c8 molto famosa, che milioni di persone partecipano per vederla. Carri, ballerini e musicisti partecipano alla parata, celebrando il Ringraziamento e l&#8217;arrivo del Natale. Ci sono anche personaggi molto famosi, come le rappresentazioni dei musical di Broadway, ci sono palloncini giganti a forma di personaggi per bambini adorabili, come Snoopy, Hello Kitty o Garfield, e personaggi moderni vengono aggiunti ogni anno. Una volta terminata la parata, un altro evento di pianificazione \u00e8 che le famiglie corrono a casa per preparare la cena del Ringraziamento. All&#8217;origine di questa grande celebrazione, si \u00e8 ringraziato Dio, e molte famiglie oggi continuano ad accompagnare la cena di preghiera.       <\/p>\n<p>Ma il Ringraziamento \u00e8 anche un&#8217;occasione per tutti, indipendentemente dalle proprie convinzioni religiose, di riflettere e apprezzare tutto ci\u00f2 che \u00e8 buono. Su nessuna tavola pu\u00f2 mancare il tacchino arrosto accompagnato da pur\u00e8 di patate, salsa di mirtilli rossi, sugo (una salsa densa preparata con succo di tacchino), pane di mais, cavoletti di Bruxelles e per dessert, \u00e8 classico mangiare la torta di zucca, la deliziosa torta di zucca. <\/p>\n<p>In molte case la cena inizia verso le 14:00 o le 15:00. Dopo cena, \u00e8 tradizione guardare le partite di calcio in televisione. <\/p>\n<p>Un altro evento da pianificare \u00e8 quando arriva l&#8217;autunno, quando New York si riempie di zucche, scheletri e streghe. L&#8217;unica spiegazione meravigliosa \u00e8 che si avvicina Halloween. \u00c8 la notte pi\u00f9 terrificante dell&#8217;anno che si celebra il 31 ottobre. Ma tutti iniziano a pensare al costume e a preparare la macchina fotografica per andare a caccia di zucche.   <\/p>\n<p>La prima cosa da fare \u00e8 andare alla ricerca di decorazioni autunnali, cosa che si pu\u00f2 fare sia che ci si trovi a New York la notte di Halloween, sia che si visiti la citt\u00e0 un po&#8217; prima.<\/p>\n<p>La stragrande maggioranza delle case inizia a decorarsi dall&#8217;inizio di ottobre. I quartieri residenziali sono ideali per passeggiare, poich\u00e9 puoi vedere come i vicini decorano le loro case con scheletri, spaventapasseri, ragnatele, zombie, streghe, zucche, ecc. Altri posti fantastici che vengono spesso decorati per Halloween sono il Chelsea Market e il Rockefeller Center.  <\/p>\n<p>Con oltre due milioni di spettatori (tra newyorkesi e turisti), la Village Halloween Parade \u00e8 la pi\u00f9 grande parata di Halloween al mondo e la celebrazione di Halloween pi\u00f9 conosciuta a New York.<\/p>\n<p>\u00c8 molto simile alla sfilata di Carnevale, dove oltre sessantamila persone sfilano lungo la 6th Avenue con i costumi pi\u00f9 stravaganti e incredibili che possiate immaginare, accompagnate da carri scintillanti, giganteschi burattini, musica ad alto volume e tanta improvvisazione.<\/p>\n<p>Se la persona che partecipa si veste in modo elegante, pu\u00f2 partecipare; se non hai un costume, puoi vederla il 31 ottobre a partire dalle 19:00 sulla 6th Avenue (parte da Spring St e arriva fino alla 16th Street).<\/p>\n<p>Un altro evento da pianificare \u00e8 quando la Grande Mela accende la magia del Natale scintillante sotto i fuochi d&#8217;artificio e l\u00ec la folla si concentra su Times Square. E, nonostante il termometro segni sotto zero, la notte \u00e8 piena di visitatori. <\/p>\n<p>La famosa palla \u00e8 un vero e proprio simbolo: si solleva alle 18:00 e alle 23:59 scende per 60 secondi dall&#8217;edificio One Times Square.<\/p>\n<p>Quando la discesa finisce, durante il primo secondo del nuovo anno, nuvole di fuochi d&#8217;artificio piovono sulla piazza. L&#8217;ultimo giorno di ogni anno, \u00e8 diventato un rituale per grandi folle radunarsi nella Times Square illuminata di New York per dare il benvenuto ai nuovi inizi. A mezzanotte, la folla trascina la persona amata per un bacio cerimoniale.  <\/p>\n<p>Nel corso dell&#8217;ultimo secolo, il simbolo del Capodanno, la palla luminosa, si \u00e8 evoluto da una gabbia di ferro e legno decorata con lampadine a quello che oggi vediamo come un abbagliante oggetto di vetro multicolore.<\/p>\n<\/div>\n<\/div>\n<\/div>\n<\/div>\n<\/div>\n<\/div>\n<\/div>\n<\/div>\n<\/div>\n<\/div>\n<\/div>\n<\/div>\n\t\t\t\t\t\t\t\t<\/div>\n\t\t\t\t<\/div>\n\t\t\t\t<div class=\"elementor-element elementor-element-d7a8c37 elementor-widget-divider--view-line elementor-widget elementor-widget-divider\" data-id=\"d7a8c37\" data-element_type=\"widget\" data-e-type=\"widget\" data-widget_type=\"divider.default\">\n\t\t\t\t<div class=\"elementor-widget-container\">\n\t\t\t\t\t\t\t<div class=\"elementor-divider\">\n\t\t\t<span class=\"elementor-divider-separator\">\n\t\t\t\t\t\t<\/span>\n\t\t<\/div>\n\t\t\t\t\t\t<\/div>\n\t\t\t\t<\/div>\n\t\t\t\t<div class=\"elementor-element elementor-element-d58414d elementor-widget elementor-widget-text-editor\" data-id=\"d58414d\" data-element_type=\"widget\" data-e-type=\"widget\" data-widget_type=\"text-editor.default\">\n\t\t\t\t<div class=\"elementor-widget-container\">\n\t\t\t\t\t\t\t\t\t<p><strong>Per apparire sul nostro cartellone a Times Square, vai alla sezione CONTATTI.<\/strong><\/p>\n<p>Ecco come funziona:<\/p>\n<p>Che si tratti di un compleanno, di una proposta di matrimonio, di un anniversario o di una semplice dichiarazione d&#8217;amore, abbiamo pensato a te. Non essere una faccia nella folla! <br \/>Metti la tua foto o il tuo video sul nostro cartellone a Times Square!<\/p>\n<p>Opzione 1: il tuo video\/foto di 60 secondi sar\u00e0 visualizzato 22 volte al giorno.<br \/>Opzione 2: il tuo video\/foto di 30 secondi sar\u00e0 visualizzato 44 volte al giorno<br \/>Opzione 3: il tuo video\/foto di 15 secondi sar\u00e0 visualizzato 88 volte al giorno.<\/p>\n<p>Il nostro cartellone pubblicitario ha una dimensione di 31 piedi x 55 piedi e si trova al 1560 di Broadway (Broadway e 46th Street, proprio sopra il negozio Pel\u00e9).<\/p>\n<p>Non essere una faccia nella folla!<\/p>\n\t\t\t\t\t\t\t\t<\/div>\n\t\t\t\t<\/div>\n\t\t\t\t<div class=\"elementor-element elementor-element-667454c elementor-widget elementor-widget-image\" data-id=\"667454c\" data-element_type=\"widget\" data-e-type=\"widget\" data-widget_type=\"image.default\">\n\t\t\t\t<div class=\"elementor-widget-container\">\n\t\t\t\t\t\t\t\t\t\t\t\t\t\t\t<img fetchpriority=\"high\" decoding=\"async\" width=\"1024\" height=\"538\" src=\"https:\/\/welcome-to-times-square.com\/wp-content\/uploads\/2022\/05\/Planning-an-event-in-NYC-1024x538.jpg\" class=\"attachment-large size-large wp-image-6274\" alt=\"\" srcset=\"https:\/\/welcome-to-times-square.com\/wp-content\/uploads\/2022\/05\/Planning-an-event-in-NYC-1024x538.jpg 1024w, https:\/\/welcome-to-times-square.com\/wp-content\/uploads\/2022\/05\/Planning-an-event-in-NYC-600x315.jpg 600w, https:\/\/welcome-to-times-square.com\/wp-content\/uploads\/2022\/05\/Planning-an-event-in-NYC-300x158.jpg 300w, https:\/\/welcome-to-times-square.com\/wp-content\/uploads\/2022\/05\/Planning-an-event-in-NYC-768x403.jpg 768w, https:\/\/welcome-to-times-square.com\/wp-content\/uploads\/2022\/05\/Planning-an-event-in-NYC.jpg 1200w\" sizes=\"(max-width: 1024px) 100vw, 1024px\" \/>\t\t\t\t\t\t\t\t\t\t\t\t\t\t\t<\/div>\n\t\t\t\t<\/div>\n\t\t\t\t\t<\/div>\n\t\t\t\t<\/div>\n\t\t\t\t<\/div>\n\t\t","protected":false},"excerpt":{"rendered":"Pianificare un evento a New York Il 4 luglio \u00e8 un evento di pianificazione in cui gli Stati Uniti si riempiono di bandiere, barbecue e fuochi d'artificio per celebrare il loro giorno pi\u00f9 patriottico: il Giorno dell'Indipendenza. Gli americani commemorano l'approvazione della Dichiarazione d'Indipendenza da parte del Congresso il 4 luglio 1776 con una festa [...]<a href=\"https:\/\/welcome-to-times-square.com\/it\/planning-an-event-in-nyc\/\" class=\"read-more wyz-secondary-color-text\">read more<span class=\"screen-reader-text\">Pianificare un evento a New York<\/span><\/a>","protected":false},"author":53,"featured_media":0,"parent":0,"menu_order":0,"comment_status":"closed","ping_status":"closed","template":"elementor_header_footer","meta":{"footnotes":""},"class_list":["post-8951","page","type-page","status-publish","hentry"],"yoast_head":"<!-- This site is optimized with the Yoast SEO plugin v27.2 - https:\/\/yoast.com\/product\/yoast-seo-wordpress\/ -->\n<title>Pianificare un evento a New York - times-square<\/title>\n<meta name=\"robots\" content=\"index, follow, max-snippet:-1, max-image-preview:large, max-video-preview:-1\" \/>\n<link rel=\"canonical\" href=\"https:\/\/welcome-to-times-square.com\/it\/planning-an-event-in-nyc\/\" \/>\n<meta property=\"og:locale\" content=\"it_IT\" \/>\n<meta property=\"og:type\" content=\"article\" \/>\n<meta property=\"og:title\" content=\"Pianificare un evento a New York - times-square\" \/>\n<meta property=\"og:description\" content=\"Pianificare un evento a New York Il 4 luglio \u00e8 un evento di pianificazione in cui gli Stati Uniti si riempiono di bandiere, barbecue e fuochi d&#8217;artificio per celebrare il loro giorno pi\u00f9 patriottico: il Giorno dell&#8217;Indipendenza. Gli americani commemorano l&#8217;approvazione della Dichiarazione d&#8217;Indipendenza da parte del Congresso il 4 luglio 1776 con una festa [...]read morePianificare un evento a New York\" \/>\n<meta property=\"og:url\" content=\"https:\/\/welcome-to-times-square.com\/it\/planning-an-event-in-nyc\/\" \/>\n<meta property=\"og:site_name\" content=\"times-square\" \/>\n<meta property=\"article:modified_time\" content=\"2025-01-17T10:36:41+00:00\" \/>\n<meta property=\"og:image\" content=\"https:\/\/welcome-to-times-square.com\/wp-content\/uploads\/2022\/05\/Planning-an-event-in-NYC.jpg\" \/>\n\t<meta property=\"og:image:width\" content=\"1200\" \/>\n\t<meta property=\"og:image:height\" content=\"630\" \/>\n\t<meta property=\"og:image:type\" content=\"image\/jpeg\" \/>\n<meta name=\"twitter:card\" content=\"summary_large_image\" \/>\n<meta name=\"twitter:label1\" content=\"Tempo di lettura stimato\" \/>\n\t<meta name=\"twitter:data1\" content=\"5 minuti\" \/>\n<script type=\"application\/ld+json\" class=\"yoast-schema-graph\">{\"@context\":\"https:\/\/schema.org\",\"@graph\":[{\"@type\":\"WebPage\",\"@id\":\"https:\/\/welcome-to-times-square.com\/it\/planning-an-event-in-nyc\/\",\"url\":\"https:\/\/welcome-to-times-square.com\/it\/planning-an-event-in-nyc\/\",\"name\":\"Pianificare un evento a New York - times-square\",\"isPartOf\":{\"@id\":\"https:\/\/welcome-to-times-square.com\/it\/#website\"},\"primaryImageOfPage\":{\"@id\":\"https:\/\/welcome-to-times-square.com\/it\/planning-an-event-in-nyc\/#primaryimage\"},\"image\":{\"@id\":\"https:\/\/welcome-to-times-square.com\/it\/planning-an-event-in-nyc\/#primaryimage\"},\"thumbnailUrl\":\"https:\/\/welcome-to-times-square.com\/wp-content\/uploads\/2022\/05\/Planning-an-event-in-NYC-1024x538.jpg\",\"datePublished\":\"2022-05-10T20:25:09+00:00\",\"dateModified\":\"2025-01-17T10:36:41+00:00\",\"breadcrumb\":{\"@id\":\"https:\/\/welcome-to-times-square.com\/it\/planning-an-event-in-nyc\/#breadcrumb\"},\"inLanguage\":\"it-IT\",\"potentialAction\":[{\"@type\":\"ReadAction\",\"target\":[\"https:\/\/welcome-to-times-square.com\/it\/planning-an-event-in-nyc\/\"]}]},{\"@type\":\"ImageObject\",\"inLanguage\":\"it-IT\",\"@id\":\"https:\/\/welcome-to-times-square.com\/it\/planning-an-event-in-nyc\/#primaryimage\",\"url\":\"https:\/\/welcome-to-times-square.com\/wp-content\/uploads\/2022\/05\/Planning-an-event-in-NYC-1024x538.jpg\",\"contentUrl\":\"https:\/\/welcome-to-times-square.com\/wp-content\/uploads\/2022\/05\/Planning-an-event-in-NYC-1024x538.jpg\"},{\"@type\":\"BreadcrumbList\",\"@id\":\"https:\/\/welcome-to-times-square.com\/it\/planning-an-event-in-nyc\/#breadcrumb\",\"itemListElement\":[{\"@type\":\"ListItem\",\"position\":1,\"name\":\"Home\",\"item\":\"https:\/\/welcome-to-times-square.com\/it\/\"},{\"@type\":\"ListItem\",\"position\":2,\"name\":\"Pianificare un evento a New York\"}]},{\"@type\":\"WebSite\",\"@id\":\"https:\/\/welcome-to-times-square.com\/it\/#website\",\"url\":\"https:\/\/welcome-to-times-square.com\/it\/\",\"name\":\"times-square\",\"description\":\"times-square\",\"publisher\":{\"@id\":\"https:\/\/welcome-to-times-square.com\/it\/#organization\"},\"potentialAction\":[{\"@type\":\"SearchAction\",\"target\":{\"@type\":\"EntryPoint\",\"urlTemplate\":\"https:\/\/welcome-to-times-square.com\/it\/?s={search_term_string}\"},\"query-input\":{\"@type\":\"PropertyValueSpecification\",\"valueRequired\":true,\"valueName\":\"search_term_string\"}}],\"inLanguage\":\"it-IT\"},{\"@type\":\"Organization\",\"@id\":\"https:\/\/welcome-to-times-square.com\/it\/#organization\",\"name\":\"times-square\",\"url\":\"https:\/\/welcome-to-times-square.com\/it\/\",\"logo\":{\"@type\":\"ImageObject\",\"inLanguage\":\"it-IT\",\"@id\":\"https:\/\/welcome-to-times-square.com\/it\/#\/schema\/logo\/image\/\",\"url\":\"https:\/\/welcome-to-times-square.com\/wp-content\/uploads\/2024\/03\/welcome-to-time-square-logo-with-r.png\",\"contentUrl\":\"https:\/\/welcome-to-times-square.com\/wp-content\/uploads\/2024\/03\/welcome-to-time-square-logo-with-r.png\",\"width\":500,\"height\":342,\"caption\":\"times-square\"},\"image\":{\"@id\":\"https:\/\/welcome-to-times-square.com\/it\/#\/schema\/logo\/image\/\"}}]}<\/script>\n<!-- \/ Yoast SEO plugin. -->","yoast_head_json":{"title":"Pianificare un evento a New York - times-square","robots":{"index":"index","follow":"follow","max-snippet":"max-snippet:-1","max-image-preview":"max-image-preview:large","max-video-preview":"max-video-preview:-1"},"canonical":"https:\/\/welcome-to-times-square.com\/it\/planning-an-event-in-nyc\/","og_locale":"it_IT","og_type":"article","og_title":"Pianificare un evento a New York - times-square","og_description":"Pianificare un evento a New York Il 4 luglio \u00e8 un evento di pianificazione in cui gli Stati Uniti si riempiono di bandiere, barbecue e fuochi d&#8217;artificio per celebrare il loro giorno pi\u00f9 patriottico: il Giorno dell&#8217;Indipendenza. Gli americani commemorano l&#8217;approvazione della Dichiarazione d&#8217;Indipendenza da parte del Congresso il 4 luglio 1776 con una festa [...]read morePianificare un evento a New York","og_url":"https:\/\/welcome-to-times-square.com\/it\/planning-an-event-in-nyc\/","og_site_name":"times-square","article_modified_time":"2025-01-17T10:36:41+00:00","og_image":[{"width":1200,"height":630,"url":"https:\/\/welcome-to-times-square.com\/wp-content\/uploads\/2022\/05\/Planning-an-event-in-NYC.jpg","type":"image\/jpeg"}],"twitter_card":"summary_large_image","twitter_misc":{"Tempo di lettura stimato":"5 minuti"},"schema":{"@context":"https:\/\/schema.org","@graph":[{"@type":"WebPage","@id":"https:\/\/welcome-to-times-square.com\/it\/planning-an-event-in-nyc\/","url":"https:\/\/welcome-to-times-square.com\/it\/planning-an-event-in-nyc\/","name":"Pianificare un evento a New York - times-square","isPartOf":{"@id":"https:\/\/welcome-to-times-square.com\/it\/#website"},"primaryImageOfPage":{"@id":"https:\/\/welcome-to-times-square.com\/it\/planning-an-event-in-nyc\/#primaryimage"},"image":{"@id":"https:\/\/welcome-to-times-square.com\/it\/planning-an-event-in-nyc\/#primaryimage"},"thumbnailUrl":"https:\/\/welcome-to-times-square.com\/wp-content\/uploads\/2022\/05\/Planning-an-event-in-NYC-1024x538.jpg","datePublished":"2022-05-10T20:25:09+00:00","dateModified":"2025-01-17T10:36:41+00:00","breadcrumb":{"@id":"https:\/\/welcome-to-times-square.com\/it\/planning-an-event-in-nyc\/#breadcrumb"},"inLanguage":"it-IT","potentialAction":[{"@type":"ReadAction","target":["https:\/\/welcome-to-times-square.com\/it\/planning-an-event-in-nyc\/"]}]},{"@type":"ImageObject","inLanguage":"it-IT","@id":"https:\/\/welcome-to-times-square.com\/it\/planning-an-event-in-nyc\/#primaryimage","url":"https:\/\/welcome-to-times-square.com\/wp-content\/uploads\/2022\/05\/Planning-an-event-in-NYC-1024x538.jpg","contentUrl":"https:\/\/welcome-to-times-square.com\/wp-content\/uploads\/2022\/05\/Planning-an-event-in-NYC-1024x538.jpg"},{"@type":"BreadcrumbList","@id":"https:\/\/welcome-to-times-square.com\/it\/planning-an-event-in-nyc\/#breadcrumb","itemListElement":[{"@type":"ListItem","position":1,"name":"Home","item":"https:\/\/welcome-to-times-square.com\/it\/"},{"@type":"ListItem","position":2,"name":"Pianificare un evento a New York"}]},{"@type":"WebSite","@id":"https:\/\/welcome-to-times-square.com\/it\/#website","url":"https:\/\/welcome-to-times-square.com\/it\/","name":"times-square","description":"times-square","publisher":{"@id":"https:\/\/welcome-to-times-square.com\/it\/#organization"},"potentialAction":[{"@type":"SearchAction","target":{"@type":"EntryPoint","urlTemplate":"https:\/\/welcome-to-times-square.com\/it\/?s={search_term_string}"},"query-input":{"@type":"PropertyValueSpecification","valueRequired":true,"valueName":"search_term_string"}}],"inLanguage":"it-IT"},{"@type":"Organization","@id":"https:\/\/welcome-to-times-square.com\/it\/#organization","name":"times-square","url":"https:\/\/welcome-to-times-square.com\/it\/","logo":{"@type":"ImageObject","inLanguage":"it-IT","@id":"https:\/\/welcome-to-times-square.com\/it\/#\/schema\/logo\/image\/","url":"https:\/\/welcome-to-times-square.com\/wp-content\/uploads\/2024\/03\/welcome-to-time-square-logo-with-r.png","contentUrl":"https:\/\/welcome-to-times-square.com\/wp-content\/uploads\/2024\/03\/welcome-to-time-square-logo-with-r.png","width":500,"height":342,"caption":"times-square"},"image":{"@id":"https:\/\/welcome-to-times-square.com\/it\/#\/schema\/logo\/image\/"}}]}},"_hostinger_reach_plugin_has_subscription_block":false,"_hostinger_reach_plugin_is_elementor":false,"_links":{"self":[{"href":"https:\/\/welcome-to-times-square.com\/it\/wp-json\/wp\/v2\/pages\/8951","targetHints":{"allow":["GET"]}}],"collection":[{"href":"https:\/\/welcome-to-times-square.com\/it\/wp-json\/wp\/v2\/pages"}],"about":[{"href":"https:\/\/welcome-to-times-square.com\/it\/wp-json\/wp\/v2\/types\/page"}],"author":[{"embeddable":true,"href":"https:\/\/welcome-to-times-square.com\/it\/wp-json\/wp\/v2\/users\/53"}],"replies":[{"embeddable":true,"href":"https:\/\/welcome-to-times-square.com\/it\/wp-json\/wp\/v2\/comments?post=8951"}],"version-history":[{"count":2,"href":"https:\/\/welcome-to-times-square.com\/it\/wp-json\/wp\/v2\/pages\/8951\/revisions"}],"predecessor-version":[{"id":8979,"href":"https:\/\/welcome-to-times-square.com\/it\/wp-json\/wp\/v2\/pages\/8951\/revisions\/8979"}],"wp:attachment":[{"href":"https:\/\/welcome-to-times-square.com\/it\/wp-json\/wp\/v2\/media?parent=8951"}],"curies":[{"name":"wp","href":"https:\/\/api.w.org\/{rel}","templated":true}]}}