{"id":8956,"date":"2022-04-27T19:06:40","date_gmt":"2022-04-27T19:06:40","guid":{"rendered":"https:\/\/welcome-to-times-square.com\/visitortips\/"},"modified":"2025-01-17T10:23:43","modified_gmt":"2025-01-17T10:23:43","slug":"visitortips","status":"publish","type":"page","link":"https:\/\/welcome-to-times-square.com\/it\/visitortips\/","title":{"rendered":"Suggerimenti per i visitatori"},"content":{"rendered":"\t\t<div data-elementor-type=\"wp-page\" data-elementor-id=\"8956\" class=\"elementor elementor-8956 elementor-2829\" data-elementor-post-type=\"page\">\n\t\t\t\t<div class=\"elementor-element elementor-element-a7e514d e-flex e-con-boxed e-con e-parent\" data-id=\"a7e514d\" data-element_type=\"container\" data-e-type=\"container\" data-settings=\"{&quot;background_background&quot;:&quot;classic&quot;}\">\n\t\t\t\t\t<div class=\"e-con-inner\">\n\t\t\t\t<div class=\"elementor-element elementor-element-bbaf489 elementor-widget elementor-widget-heading\" data-id=\"bbaf489\" data-element_type=\"widget\" data-e-type=\"widget\" data-widget_type=\"heading.default\">\n\t\t\t\t<div class=\"elementor-widget-container\">\n\t\t\t\t\t<h2 class=\"elementor-heading-title elementor-size-default\">Suggerimenti per i visitatori<\/h2>\t\t\t\t<\/div>\n\t\t\t\t<\/div>\n\t\t\t\t<div class=\"elementor-element elementor-element-98dd7f0 elementor-widget-divider--view-line elementor-widget elementor-widget-divider\" data-id=\"98dd7f0\" data-element_type=\"widget\" data-e-type=\"widget\" data-widget_type=\"divider.default\">\n\t\t\t\t<div class=\"elementor-widget-container\">\n\t\t\t\t\t\t\t<div class=\"elementor-divider\">\n\t\t\t<span class=\"elementor-divider-separator\">\n\t\t\t\t\t\t<\/span>\n\t\t<\/div>\n\t\t\t\t\t\t<\/div>\n\t\t\t\t<\/div>\n\t\t\t\t<div class=\"elementor-element elementor-element-2b82bc1 elementor-widget elementor-widget-text-editor\" data-id=\"2b82bc1\" data-element_type=\"widget\" data-e-type=\"widget\" data-widget_type=\"text-editor.default\">\n\t\t\t\t<div class=\"elementor-widget-container\">\n\t\t\t\t\t\t\t\t\t<div class=\"vc_row wpb_row vc_row-fluid vc_custom_1651092060602 vc_row-has-fill\">\n<div class=\"wpb_column vc_column_container vc_col-sm-12\">\n<div class=\"vc_column-inner\">\n<div class=\"wpb_wrapper\">\n<div class=\"vc_tta-container\" data-vc-action=\"collapse\">\n<div class=\"vc_general vc_tta vc_tta-tabs vc_tta-color-grey vc_tta-style-modern vc_tta-shape-rounded vc_tta-spacing-1 vc_tta-tabs-position-top vc_tta-controls-align-left vc_custom_1651098040467\">\n<div class=\"vc_tta-panels-container\">\n<div class=\"vc_tta-panels\">\n<div id=\"1651091635865-054572bc-1eb7\" class=\"vc_tta-panel vc_active\" data-vc-content=\".vc_tta-panel-body\">\n<div class=\"vc_tta-panel-body\">\n<div class=\"wpb_text_column wpb_content_element \">\n<div class=\"wpb_wrapper\">\n<p>I migliori consigli per i visitatori di New York City consigliano di esplorare il Bronx come un newyorkese e la grande variet\u00e0 di attrazioni che questa destinazione offre.<\/p>\n<p>Nel nord di Manhattan, il Bronx ha tutto da offrire, dal Bronx Zoo al famoso Yankee Stadium. Prendetevi del tempo e fate una passeggiata lungo il Grand Concourse o salite su un traghetto da Manhattan fino a un idilliaco posto sul lungomare chiamato Clason Point. L\u00ec potrete esplorare quartieri vivaci e bellissimi come Riverdale, dove i turisti possono gustare una famosa birra Guinness all&#8217;An Beal Bocht, un autentico pub irlandese; Arthur Avenue, la prima Little Italy della citt\u00e0; e Mott Haven, dove The Lit. Bar \u00e8 una tappa obbligata per gli amanti dei libri e Chocobar Cortes \u00e8 una tappa obbligata per gli amanti del cioccolato.   <\/p>\n<p>Il Bronx \u00e8 uno dei luoghi pi\u00f9 famosi per lo Yankee Stadium, il Bronx Zoo, il New York Botanical Garden e per essere il luogo di nascita dell&#8217;hip hop, ma vale anche la pena notare che offre molte esperienze locali autentiche e uniche da vivere. da esplorare. Dai luoghi sul lungomare come City Island e Orchard Beach, ad Arthur Avenue e Little Italy, i murales e i ristoranti su River Avenue e 161st Street, che costeggiano lo Yankee Stadium, i parchi e i giardini tentacolari e il divertimento Dalla straordinaria cucina etnica in tutto il quartiere, il Bronx si distingue come una destinazione straordinaria per vivere New York come un newyorkese.  <\/p>\n<p>Un&#8217;opzione unica e affascinante per l&#8217;alloggio nel Bronx \u00e8 il meraviglioso boutique Opera House Hotel, ospitato in un teatro storico ristrutturato che un tempo ospitava leggende dello spettacolo come Harry Houdini e i fratelli Marx. L&#8217;hotel ha 60 camere, una palestra, colazione inclusa, servizio concierge e si trova vicino a due stazioni della metropolitana: 149th Street-Grand Concourse e Third Avenue-149th Street. <\/p>\n<p>Il Bronx \u00e8 un luogo intriso di storia, dove George Washington soggiorn\u00f2 nel XVIII secolo, il poeta Edgar Allan Poe visse qui nel XIX secolo e la musica hip-hop nacque qui nel XX secolo. Il distretto vanta anche 7.000 acri di parco (circa il 25 percento della sua superficie totale), da giardini maestosi come Wave Hill e il New York Botanical Garden al Van Cortlandt Park, famoso per il suo background, un ottimo posto per suggerimenti per i visitatori. <\/p>\n<p>Un altro consiglio per i visitatori \u00e8 che il Bronx ha anche molti ristoranti, molti dei quali sono accoglienti locali a conduzione familiare che offrono cucina autentica da tutto il mondo, che si tratti di un men\u00f9 colombiano, a La Masa; cibo messicano, a Taqueria Tlaxcalli o cibo italiano su Arthur Avenue. Il logo Michelin rosso e bianco si trova sulla porta di SUYO Gastrofusion, uno spazio elegante e sofisticato dove il men\u00f9 latino-asiatico include Thai Chicken Empanadas e Panko Ripe. Il Bronx \u00e8 anche diventato una destinazione per il cibo dell&#8217;Africa occidentale, grazie a vivaci comunit\u00e0 di immigrati come Little Ghana. Inoltre, cogli l&#8217;occasione per provare la cucina ghanese a Papaye, le specialit\u00e0 togolesi a Bognan International e assicurati di visitare Grin per il cibo dalla Costa d&#8217;Avorio.   <\/p>\n<p>Childable the visitor tips of Broadway, dove puoi assistere allo spettacolo di The Lion King, un acclamato adattamento teatrale del classico film Disney del 1994 e del libro di Roger Allers e Irene Mecchi, che d\u00e0 vita alla storia di Simba, il principe dei leoni africani, che combatte contro il suo malvagio zio Scar per il trono, una volta ucciso suo padre. Ma prima che Simba possa prendere il suo legittimo posto nel Ciclo della Vita; cresce con i suoi due amici amanti del divertimento, Timon e Pumbaa. Insieme insegnano a Simba la loro filosofia di vita, Hakuna Matata. Un altro musical acclamato \u00e8 The Phantom of the Opera, uno dei musical di Broadway di grande successo che ha ricevuto 7 Tony Awards, grazie al meraviglioso adattamento del popolare romanzo di Gaston Leroux.   <\/p>\n<p>Inoltre, un altro suggerimento per i visitatori \u00e8 che The Mills at Jersey Gardens ha pi\u00f9 di 200 negozi sotto lo stesso tetto, a cui si prevede di aggiungerne altri 80, oltre a ristoranti e divertimenti, e si trova vicino all&#8217;aeroporto di Newark. &#8220;Stare al chiuso&#8221; non \u00e8 una cosa da poco in questa zona, dato che d&#8217;estate fa molto caldo e uscire a fare shopping con l&#8217;aria condizionata \u00e8 un sollievo. E per l&#8217;inverno, corridoi riscaldati, dato che il freddo \u00e8 molto forte.  <\/p>\n<\/div>\n<\/div>\n<\/div>\n<\/div>\n<\/div>\n<\/div>\n<\/div>\n<\/div>\n<\/div>\n<\/div>\n<\/div>\n<\/div>\n\t\t\t\t\t\t\t\t<\/div>\n\t\t\t\t<\/div>\n\t\t\t\t<div class=\"elementor-element elementor-element-3c0a951 elementor-widget-divider--view-line elementor-widget elementor-widget-divider\" data-id=\"3c0a951\" data-element_type=\"widget\" data-e-type=\"widget\" data-widget_type=\"divider.default\">\n\t\t\t\t<div class=\"elementor-widget-container\">\n\t\t\t\t\t\t\t<div class=\"elementor-divider\">\n\t\t\t<span class=\"elementor-divider-separator\">\n\t\t\t\t\t\t<\/span>\n\t\t<\/div>\n\t\t\t\t\t\t<\/div>\n\t\t\t\t<\/div>\n\t\t\t\t<div class=\"elementor-element elementor-element-732b94c elementor-widget elementor-widget-text-editor\" data-id=\"732b94c\" data-element_type=\"widget\" data-e-type=\"widget\" data-widget_type=\"text-editor.default\">\n\t\t\t\t<div class=\"elementor-widget-container\">\n\t\t\t\t\t\t\t\t\t<p><strong>Per apparire sul nostro cartellone a Times Square, vai alla sezione CONTATTI.<\/strong><\/p>\n<p>Ecco come funziona:<\/p>\n<p>Che si tratti di un compleanno, di una proposta di matrimonio, di un anniversario o di una semplice dichiarazione d&#8217;amore, abbiamo pensato a te. Non essere una faccia nella folla! <br \/>Metti la tua foto o il tuo video sul nostro cartellone a Times Square!<\/p>\n<p>Opzione 1: il tuo video\/foto di 60 secondi sar\u00e0 visualizzato 22 volte al giorno.<br \/>Opzione 2: il tuo video\/foto di 30 secondi sar\u00e0 visualizzato 44 volte al giorno<br \/>Opzione 3: il tuo video\/foto di 15 secondi sar\u00e0 visualizzato 88 volte al giorno.<\/p>\n<p>Il nostro cartellone pubblicitario ha una dimensione di 31 piedi x 55 piedi e si trova al 1560 di Broadway (Broadway e 46th Street, proprio sopra il negozio Pel\u00e9).<\/p>\n<p>Non essere una faccia nella folla!<\/p>\n\t\t\t\t\t\t\t\t<\/div>\n\t\t\t\t<\/div>\n\t\t\t\t<div class=\"elementor-element elementor-element-8fd3fb8 elementor-widget elementor-widget-image\" data-id=\"8fd3fb8\" data-element_type=\"widget\" data-e-type=\"widget\" data-widget_type=\"image.default\">\n\t\t\t\t<div class=\"elementor-widget-container\">\n\t\t\t\t\t\t\t\t\t\t\t\t\t\t\t<img fetchpriority=\"high\" decoding=\"async\" width=\"1024\" height=\"578\" src=\"https:\/\/welcome-to-times-square.com\/wp-content\/uploads\/2022\/04\/visitor-tips-1024x578.png\" class=\"attachment-large size-large wp-image-6189\" alt=\"\" srcset=\"https:\/\/welcome-to-times-square.com\/wp-content\/uploads\/2022\/04\/visitor-tips-1024x578.png 1024w, https:\/\/welcome-to-times-square.com\/wp-content\/uploads\/2022\/04\/visitor-tips-600x339.png 600w, https:\/\/welcome-to-times-square.com\/wp-content\/uploads\/2022\/04\/visitor-tips-300x169.png 300w, https:\/\/welcome-to-times-square.com\/wp-content\/uploads\/2022\/04\/visitor-tips-768x434.png 768w, https:\/\/welcome-to-times-square.com\/wp-content\/uploads\/2022\/04\/visitor-tips-1536x867.png 1536w, https:\/\/welcome-to-times-square.com\/wp-content\/uploads\/2022\/04\/visitor-tips-2048x1156.png 2048w\" sizes=\"(max-width: 1024px) 100vw, 1024px\" \/>\t\t\t\t\t\t\t\t\t\t\t\t\t\t\t<\/div>\n\t\t\t\t<\/div>\n\t\t\t\t\t<\/div>\n\t\t\t\t<\/div>\n\t\t\t\t<\/div>\n\t\t","protected":false},"excerpt":{"rendered":"Suggerimenti per i visitatori I migliori consigli per i visitatori di New York City consigliano di esplorare il Bronx come un newyorkese e la grande variet\u00e0 di attrazioni che questa destinazione offre. Nel nord di Manhattan, il Bronx ha tutto da offrire, dal Bronx Zoo al famoso Yankee Stadium. Prendetevi del tempo e fate una [...]<a href=\"https:\/\/welcome-to-times-square.com\/it\/visitortips\/\" class=\"read-more wyz-secondary-color-text\">read more<span class=\"screen-reader-text\">Suggerimenti per i visitatori<\/span><\/a>","protected":false},"author":53,"featured_media":0,"parent":0,"menu_order":0,"comment_status":"closed","ping_status":"closed","template":"elementor_header_footer","meta":{"footnotes":""},"class_list":["post-8956","page","type-page","status-publish","hentry"],"yoast_head":"<!-- This site is optimized with the Yoast SEO plugin v27.2 - https:\/\/yoast.com\/product\/yoast-seo-wordpress\/ -->\n<title>Suggerimenti per i visitatori - times-square<\/title>\n<meta name=\"robots\" content=\"index, follow, max-snippet:-1, max-image-preview:large, max-video-preview:-1\" \/>\n<link rel=\"canonical\" href=\"https:\/\/welcome-to-times-square.com\/it\/visitortips\/\" \/>\n<meta property=\"og:locale\" content=\"it_IT\" \/>\n<meta property=\"og:type\" content=\"article\" \/>\n<meta property=\"og:title\" content=\"Suggerimenti per i visitatori - times-square\" \/>\n<meta property=\"og:description\" content=\"Suggerimenti per i visitatori I migliori consigli per i visitatori di New York City consigliano di esplorare il Bronx come un newyorkese e la grande variet\u00e0 di attrazioni che questa destinazione offre. Nel nord di Manhattan, il Bronx ha tutto da offrire, dal Bronx Zoo al famoso Yankee Stadium. Prendetevi del tempo e fate una [...]read moreSuggerimenti per i visitatori\" \/>\n<meta property=\"og:url\" content=\"https:\/\/welcome-to-times-square.com\/it\/visitortips\/\" \/>\n<meta property=\"og:site_name\" content=\"times-square\" \/>\n<meta property=\"article:modified_time\" content=\"2025-01-17T10:23:43+00:00\" \/>\n<meta property=\"og:image\" content=\"https:\/\/welcome-to-times-square.com\/wp-content\/uploads\/2022\/04\/visitor-tips-1024x578.png\" \/>\n\t<meta property=\"og:image:width\" content=\"1024\" \/>\n\t<meta property=\"og:image:height\" content=\"578\" \/>\n\t<meta property=\"og:image:type\" content=\"image\/png\" \/>\n<meta name=\"twitter:card\" content=\"summary_large_image\" \/>\n<meta name=\"twitter:label1\" content=\"Tempo di lettura stimato\" \/>\n\t<meta name=\"twitter:data1\" content=\"4 minuti\" \/>\n<script type=\"application\/ld+json\" class=\"yoast-schema-graph\">{\"@context\":\"https:\/\/schema.org\",\"@graph\":[{\"@type\":\"WebPage\",\"@id\":\"https:\/\/welcome-to-times-square.com\/it\/visitortips\/\",\"url\":\"https:\/\/welcome-to-times-square.com\/it\/visitortips\/\",\"name\":\"Suggerimenti per i visitatori - times-square\",\"isPartOf\":{\"@id\":\"https:\/\/welcome-to-times-square.com\/it\/#website\"},\"primaryImageOfPage\":{\"@id\":\"https:\/\/welcome-to-times-square.com\/it\/visitortips\/#primaryimage\"},\"image\":{\"@id\":\"https:\/\/welcome-to-times-square.com\/it\/visitortips\/#primaryimage\"},\"thumbnailUrl\":\"https:\/\/welcome-to-times-square.com\/wp-content\/uploads\/2022\/04\/visitor-tips-1024x578.png\",\"datePublished\":\"2022-04-27T19:06:40+00:00\",\"dateModified\":\"2025-01-17T10:23:43+00:00\",\"breadcrumb\":{\"@id\":\"https:\/\/welcome-to-times-square.com\/it\/visitortips\/#breadcrumb\"},\"inLanguage\":\"it-IT\",\"potentialAction\":[{\"@type\":\"ReadAction\",\"target\":[\"https:\/\/welcome-to-times-square.com\/it\/visitortips\/\"]}]},{\"@type\":\"ImageObject\",\"inLanguage\":\"it-IT\",\"@id\":\"https:\/\/welcome-to-times-square.com\/it\/visitortips\/#primaryimage\",\"url\":\"https:\/\/welcome-to-times-square.com\/wp-content\/uploads\/2022\/04\/visitor-tips-1024x578.png\",\"contentUrl\":\"https:\/\/welcome-to-times-square.com\/wp-content\/uploads\/2022\/04\/visitor-tips-1024x578.png\"},{\"@type\":\"BreadcrumbList\",\"@id\":\"https:\/\/welcome-to-times-square.com\/it\/visitortips\/#breadcrumb\",\"itemListElement\":[{\"@type\":\"ListItem\",\"position\":1,\"name\":\"Home\",\"item\":\"https:\/\/welcome-to-times-square.com\/it\/\"},{\"@type\":\"ListItem\",\"position\":2,\"name\":\"Suggerimenti per i visitatori\"}]},{\"@type\":\"WebSite\",\"@id\":\"https:\/\/welcome-to-times-square.com\/it\/#website\",\"url\":\"https:\/\/welcome-to-times-square.com\/it\/\",\"name\":\"times-square\",\"description\":\"times-square\",\"publisher\":{\"@id\":\"https:\/\/welcome-to-times-square.com\/it\/#organization\"},\"potentialAction\":[{\"@type\":\"SearchAction\",\"target\":{\"@type\":\"EntryPoint\",\"urlTemplate\":\"https:\/\/welcome-to-times-square.com\/it\/?s={search_term_string}\"},\"query-input\":{\"@type\":\"PropertyValueSpecification\",\"valueRequired\":true,\"valueName\":\"search_term_string\"}}],\"inLanguage\":\"it-IT\"},{\"@type\":\"Organization\",\"@id\":\"https:\/\/welcome-to-times-square.com\/it\/#organization\",\"name\":\"times-square\",\"url\":\"https:\/\/welcome-to-times-square.com\/it\/\",\"logo\":{\"@type\":\"ImageObject\",\"inLanguage\":\"it-IT\",\"@id\":\"https:\/\/welcome-to-times-square.com\/it\/#\/schema\/logo\/image\/\",\"url\":\"https:\/\/welcome-to-times-square.com\/wp-content\/uploads\/2024\/03\/welcome-to-time-square-logo-with-r.png\",\"contentUrl\":\"https:\/\/welcome-to-times-square.com\/wp-content\/uploads\/2024\/03\/welcome-to-time-square-logo-with-r.png\",\"width\":500,\"height\":342,\"caption\":\"times-square\"},\"image\":{\"@id\":\"https:\/\/welcome-to-times-square.com\/it\/#\/schema\/logo\/image\/\"}}]}<\/script>\n<!-- \/ Yoast SEO plugin. -->","yoast_head_json":{"title":"Suggerimenti per i visitatori - times-square","robots":{"index":"index","follow":"follow","max-snippet":"max-snippet:-1","max-image-preview":"max-image-preview:large","max-video-preview":"max-video-preview:-1"},"canonical":"https:\/\/welcome-to-times-square.com\/it\/visitortips\/","og_locale":"it_IT","og_type":"article","og_title":"Suggerimenti per i visitatori - times-square","og_description":"Suggerimenti per i visitatori I migliori consigli per i visitatori di New York City consigliano di esplorare il Bronx come un newyorkese e la grande variet\u00e0 di attrazioni che questa destinazione offre. Nel nord di Manhattan, il Bronx ha tutto da offrire, dal Bronx Zoo al famoso Yankee Stadium. Prendetevi del tempo e fate una [...]read moreSuggerimenti per i visitatori","og_url":"https:\/\/welcome-to-times-square.com\/it\/visitortips\/","og_site_name":"times-square","article_modified_time":"2025-01-17T10:23:43+00:00","og_image":[{"width":1024,"height":578,"url":"https:\/\/welcome-to-times-square.com\/wp-content\/uploads\/2022\/04\/visitor-tips-1024x578.png","type":"image\/png"}],"twitter_card":"summary_large_image","twitter_misc":{"Tempo di lettura stimato":"4 minuti"},"schema":{"@context":"https:\/\/schema.org","@graph":[{"@type":"WebPage","@id":"https:\/\/welcome-to-times-square.com\/it\/visitortips\/","url":"https:\/\/welcome-to-times-square.com\/it\/visitortips\/","name":"Suggerimenti per i visitatori - times-square","isPartOf":{"@id":"https:\/\/welcome-to-times-square.com\/it\/#website"},"primaryImageOfPage":{"@id":"https:\/\/welcome-to-times-square.com\/it\/visitortips\/#primaryimage"},"image":{"@id":"https:\/\/welcome-to-times-square.com\/it\/visitortips\/#primaryimage"},"thumbnailUrl":"https:\/\/welcome-to-times-square.com\/wp-content\/uploads\/2022\/04\/visitor-tips-1024x578.png","datePublished":"2022-04-27T19:06:40+00:00","dateModified":"2025-01-17T10:23:43+00:00","breadcrumb":{"@id":"https:\/\/welcome-to-times-square.com\/it\/visitortips\/#breadcrumb"},"inLanguage":"it-IT","potentialAction":[{"@type":"ReadAction","target":["https:\/\/welcome-to-times-square.com\/it\/visitortips\/"]}]},{"@type":"ImageObject","inLanguage":"it-IT","@id":"https:\/\/welcome-to-times-square.com\/it\/visitortips\/#primaryimage","url":"https:\/\/welcome-to-times-square.com\/wp-content\/uploads\/2022\/04\/visitor-tips-1024x578.png","contentUrl":"https:\/\/welcome-to-times-square.com\/wp-content\/uploads\/2022\/04\/visitor-tips-1024x578.png"},{"@type":"BreadcrumbList","@id":"https:\/\/welcome-to-times-square.com\/it\/visitortips\/#breadcrumb","itemListElement":[{"@type":"ListItem","position":1,"name":"Home","item":"https:\/\/welcome-to-times-square.com\/it\/"},{"@type":"ListItem","position":2,"name":"Suggerimenti per i visitatori"}]},{"@type":"WebSite","@id":"https:\/\/welcome-to-times-square.com\/it\/#website","url":"https:\/\/welcome-to-times-square.com\/it\/","name":"times-square","description":"times-square","publisher":{"@id":"https:\/\/welcome-to-times-square.com\/it\/#organization"},"potentialAction":[{"@type":"SearchAction","target":{"@type":"EntryPoint","urlTemplate":"https:\/\/welcome-to-times-square.com\/it\/?s={search_term_string}"},"query-input":{"@type":"PropertyValueSpecification","valueRequired":true,"valueName":"search_term_string"}}],"inLanguage":"it-IT"},{"@type":"Organization","@id":"https:\/\/welcome-to-times-square.com\/it\/#organization","name":"times-square","url":"https:\/\/welcome-to-times-square.com\/it\/","logo":{"@type":"ImageObject","inLanguage":"it-IT","@id":"https:\/\/welcome-to-times-square.com\/it\/#\/schema\/logo\/image\/","url":"https:\/\/welcome-to-times-square.com\/wp-content\/uploads\/2024\/03\/welcome-to-time-square-logo-with-r.png","contentUrl":"https:\/\/welcome-to-times-square.com\/wp-content\/uploads\/2024\/03\/welcome-to-time-square-logo-with-r.png","width":500,"height":342,"caption":"times-square"},"image":{"@id":"https:\/\/welcome-to-times-square.com\/it\/#\/schema\/logo\/image\/"}}]}},"_hostinger_reach_plugin_has_subscription_block":false,"_hostinger_reach_plugin_is_elementor":false,"_links":{"self":[{"href":"https:\/\/welcome-to-times-square.com\/it\/wp-json\/wp\/v2\/pages\/8956","targetHints":{"allow":["GET"]}}],"collection":[{"href":"https:\/\/welcome-to-times-square.com\/it\/wp-json\/wp\/v2\/pages"}],"about":[{"href":"https:\/\/welcome-to-times-square.com\/it\/wp-json\/wp\/v2\/types\/page"}],"author":[{"embeddable":true,"href":"https:\/\/welcome-to-times-square.com\/it\/wp-json\/wp\/v2\/users\/53"}],"replies":[{"embeddable":true,"href":"https:\/\/welcome-to-times-square.com\/it\/wp-json\/wp\/v2\/comments?post=8956"}],"version-history":[{"count":2,"href":"https:\/\/welcome-to-times-square.com\/it\/wp-json\/wp\/v2\/pages\/8956\/revisions"}],"predecessor-version":[{"id":8966,"href":"https:\/\/welcome-to-times-square.com\/it\/wp-json\/wp\/v2\/pages\/8956\/revisions\/8966"}],"wp:attachment":[{"href":"https:\/\/welcome-to-times-square.com\/it\/wp-json\/wp\/v2\/media?parent=8956"}],"curies":[{"name":"wp","href":"https:\/\/api.w.org\/{rel}","templated":true}]}}