{"id":8975,"date":"2022-04-27T19:05:53","date_gmt":"2022-04-27T19:05:53","guid":{"rendered":"https:\/\/welcome-to-times-square.com\/visitorfaq\/"},"modified":"2025-01-17T10:49:02","modified_gmt":"2025-01-17T10:49:02","slug":"visitorfaq","status":"publish","type":"page","link":"https:\/\/welcome-to-times-square.com\/it\/visitorfaq\/","title":{"rendered":"FAQ per i visitatori"},"content":{"rendered":"\t\t<div data-elementor-type=\"wp-page\" data-elementor-id=\"8975\" class=\"elementor elementor-8975 elementor-2830\" data-elementor-post-type=\"page\">\n\t\t\t\t<div class=\"elementor-element elementor-element-9b40b4e e-flex e-con-boxed e-con e-parent\" data-id=\"9b40b4e\" data-element_type=\"container\" data-e-type=\"container\" data-settings=\"{&quot;background_background&quot;:&quot;classic&quot;}\">\n\t\t\t\t\t<div class=\"e-con-inner\">\n\t\t\t\t<div class=\"elementor-element elementor-element-a75fb83 elementor-widget elementor-widget-heading\" data-id=\"a75fb83\" data-element_type=\"widget\" data-e-type=\"widget\" data-widget_type=\"heading.default\">\n\t\t\t\t<div class=\"elementor-widget-container\">\n\t\t\t\t\t<h2 class=\"elementor-heading-title elementor-size-default\">FAQ per i visitatori<\/h2>\t\t\t\t<\/div>\n\t\t\t\t<\/div>\n\t\t\t\t<div class=\"elementor-element elementor-element-1e178c4 elementor-widget-divider--view-line elementor-widget elementor-widget-divider\" data-id=\"1e178c4\" data-element_type=\"widget\" data-e-type=\"widget\" data-widget_type=\"divider.default\">\n\t\t\t\t<div class=\"elementor-widget-container\">\n\t\t\t\t\t\t\t<div class=\"elementor-divider\">\n\t\t\t<span class=\"elementor-divider-separator\">\n\t\t\t\t\t\t<\/span>\n\t\t<\/div>\n\t\t\t\t\t\t<\/div>\n\t\t\t\t<\/div>\n\t\t\t\t<div class=\"elementor-element elementor-element-a0ad9c3 elementor-widget elementor-widget-text-editor\" data-id=\"a0ad9c3\" data-element_type=\"widget\" data-e-type=\"widget\" data-widget_type=\"text-editor.default\">\n\t\t\t\t<div class=\"elementor-widget-container\">\n\t\t\t\t\t\t\t\t\t<div class=\"vc_row wpb_row vc_row-fluid vc_custom_1651092795173 vc_row-has-fill\">\n<div class=\"wpb_column vc_column_container vc_col-sm-12\">\n<div class=\"vc_column-inner\">\n<div class=\"wpb_wrapper\">\n<div class=\"vc_tta-container\" data-vc-action=\"collapse\">\n<div class=\"vc_general vc_tta vc_tta-tabs vc_tta-color-grey vc_tta-style-classic vc_tta-shape-rounded vc_tta-spacing-1 vc_tta-tabs-position-top vc_tta-controls-align-left vc_custom_1651098037020\">\n<div class=\"vc_tta-panels-container\">\n<div class=\"vc_tta-panels\">\n<div id=\"1651092594463-356d3df9-d74a\" class=\"vc_tta-panel vc_active\" data-vc-content=\".vc_tta-panel-body\">\n<div class=\"vc_tta-panel-body\">\n<div class=\"wpb_text_column wpb_content_element \">\n<div class=\"wpb_wrapper\">\n<p>Per cittadini e turisti \u00e8 importante avere tutte le faq dei visitatori per ottimizzare i tempi di viaggio a New York. Non c&#8217;\u00e8 strumento migliore della conoscenza e qui vi proponiamo le diverse attivit\u00e0 per rendere New York un&#8217;esperienza indimenticabile, oltre a Times Square. <\/p>\n<p>Fifth Avenue: Chiamata anche Avenue of the Millionaires per i suoi valori esorbitanti, \u00e8 una delle vie commerciali pi\u00f9 importanti di New York e dove si trovano i negozi dei marchi pi\u00f9 famosi. La zona commerciale pi\u00f9 visitata \u00e8 quella pi\u00f9 vicina a Central Park. <\/p>\n<p>Il negozio pi\u00f9 frequentato \u00e8 solitamente l&#8217;Apple Store, noto per il suo design e per la possibilit\u00e0 di offrire computer con connessione internet gratuita, molto apprezzata dai turisti.<\/p>\n<p>Un&#8217;altra importante area commerciale \u00e8 quella che va da Washington Square al Flatiron Building, il primo grattacielo di New York.<\/p>\n<p>Il centro nevralgico della zona \u00e8 la piazza, che si trova all&#8217;incrocio tra Broadway e la 7th Avenue, a Midtown Manhattan. \u00c8 l\u00ec che si trovano le famose scale rosse, le insegne luminose, i megastore di molte catene, ecc. Nonostante quanto indica il nome, non \u00e8 una piazza tipica poich\u00e9 Broadway Avenue attraversa la zona in diagonale, quindi Times Square \u00e8 composta da due quadrati triangolari.  <\/p>\n<p>Un&#8217;altra delle pi\u00f9 note faq dei visitatori \u00e8 la famosa piazza di New York, che \u00e8 una delle attrazioni pi\u00f9 abbaglianti per i turisti e una delle pi\u00f9 visitate al mondo. Luci, suoni e cartelloni pubblicitari. Chiunque la visiti pu\u00f2 incontrare artisti famosi provenienti da diversi paesi del mondo. La cosa pi\u00f9 importante in questo centro turistico \u00e8 essere attenti a tutto ci\u00f2 che accade intorno a te e non perdere nessun dettaglio. Odiata e amata in egual misura, migliaia di persone -e personaggi- dei pi\u00f9 vari vi passano ogni giorno. Situata nel centro di Manhattan, non lascia nessuno indifferente.     <\/p>\n<p>Una grande faq per i visitatori \u00e8 la Statua della Libert\u00e0, l\u00ec si sale su una crociera e si naviga attraverso le acque del fiume Hudson fino ai piedi della Statua, questa \u00e8 un&#8217;esperienza senza pari. Con una guida turistica storica, arriverai a Liberty Island per vedere da vicino questo capolavoro di ingegneria, questo simbolo di ci\u00f2 che rappresentano gli Stati Uniti. <\/p>\n<p>Un&#8217;altra domanda frequente dei visitatori \u00e8 il giro in elicottero, vedere Manhattan dall&#8217;alto resiste a qualsiasi tipo di critica o descrizione. Le principali attrazioni di una citt\u00e0 possono essere viste da un punto di vista unico. <\/p>\n<p>Gospel Mass, una grande faq per i visitatori, l\u00ec vivrai una delle esperienze sensoriali di assistere a una messa ad Harlem, \u00e8 qualcosa di unico che non si vive in nessun&#8217;altra parte del mondo. Particolare di questa zona di New York, la cultura di un intero quartiere si svolge in queste piccole strutture religiose. <\/p>\n<p>Pochi anni dopo l&#8217;apertura del One World Observatory, nel 2020 lo skyline della citt\u00e0 ha accolto Edge at Hudson Yards, che di recente ha anche introdotto un nuovo, straordinario modo di ammirare lo skyline con City Climb, l&#8217;avventura sui grattacieli per chi desidera ammirare il panorama da 365 metri di altezza.<\/p>\n<p>Lo scorso autunno, Summit One Vanderbilt ha inaugurato il quinto osservatorio. Inoltre, ha debuttato una nuova attrazione virtuale che offre una vista unica: RiseNY, un&#8217;esperienza immersiva e interattiva che offre ai visitatori l&#8217;opportunit\u00e0 di vedere virtualmente la citt\u00e0 mentre sono sospesi a 9 metri di altezza. <\/p>\n<p>A partire dal 6 aprile, il Whitney Museum ha celebrato la sua 80a Whitney Biennale, Quiet as It\u2019s Kept, con una variet\u00e0 di artisti intergenerazionali che hanno esposto una costellazione di arte e idee presenti oggi.<\/p>\n<p>Una faq molto importante per i visitatori \u00e8 Makina Caf\u00e9, il primo ristorante etiope-eritreo mobile della citt\u00e0, un ristorante con servizio completo a Sunnyside, Queens. Eisenberg&#8217;s Sandwich Shop, un locale di panini di Manhattan di 91 anni, riaprir\u00e0 con un nuovo nome, S&amp;P. <\/p>\n<p>D&#8217;altro canto, l&#8217;acclamato Clinton Hall ha aperto il suo sesto birrificio nell&#8217;Empire Outlets. Offre una solida selezione di birra artigianale, vino, cocktail e cucina. <\/p>\n<p>Un&#8217;altra faq dei visitatori &#8220;Le Pavillon&#8221; \u00e8 uno spazio impressionante, creato dallo chef Daniel Boulud, con un servizio cordiale e impeccabile, frutti di mare di qualit\u00e0 e un&#8217;ampia variet\u00e0 di piatti a base di verdure. Durante la pandemia, Boulud ha anche ampiamente ristrutturato il suo amato ristorante &#8220;Daniel&#8221;. <\/p>\n<p>Domande frequenti dei visitatori: ci sono molti hotel a New York che vantano una storia particolare, in alcuni di questi luoghi hanno vissuto personaggi come Marilyn Monroe, JFK, Sid Vicious o Bob Dylan.<\/p>\n<p>L&#8217;hotel Plaza rientrerebbe forse nella categoria degli hotel pi\u00f9 emblematici di Midtown New York. Offre letti king size con vista su Central Park e sull&#8217;Apple store pi\u00f9 famoso del mondo. Ci sono innumerevoli leggende che circondano questo hotel da quando \u00e8 stato aperto nel 1907 seguendo il progetto di Henry Janeway Hardenbergh, un classico della citt\u00e0 che ha anche progettato il Waldorf Astoria o il Dakota. Ma dire che Con la morte alle calcagna di Hitchcock inizia nella hall dell&#8217;hotel ci sono gi\u00e0 abbastanza motivi per provare a sporgere la testa per scattare un paio di foto.   <\/p>\n<\/div>\n<\/div>\n<\/div>\n<\/div>\n<\/div>\n<\/div>\n<\/div>\n<\/div>\n<\/div>\n<\/div>\n<\/div>\n<\/div>\n\t\t\t\t\t\t\t\t<\/div>\n\t\t\t\t<\/div>\n\t\t\t\t<div class=\"elementor-element elementor-element-8c36d66 elementor-widget-divider--view-line elementor-widget elementor-widget-divider\" data-id=\"8c36d66\" data-element_type=\"widget\" data-e-type=\"widget\" data-widget_type=\"divider.default\">\n\t\t\t\t<div class=\"elementor-widget-container\">\n\t\t\t\t\t\t\t<div class=\"elementor-divider\">\n\t\t\t<span class=\"elementor-divider-separator\">\n\t\t\t\t\t\t<\/span>\n\t\t<\/div>\n\t\t\t\t\t\t<\/div>\n\t\t\t\t<\/div>\n\t\t\t\t<div class=\"elementor-element elementor-element-9884656 elementor-widget elementor-widget-text-editor\" data-id=\"9884656\" data-element_type=\"widget\" data-e-type=\"widget\" data-widget_type=\"text-editor.default\">\n\t\t\t\t<div class=\"elementor-widget-container\">\n\t\t\t\t\t\t\t\t\t<p><strong>Per apparire sul nostro cartellone a Times Square, vai alla sezione CONTATTI.<\/strong><\/p>\n<p>Ecco come funziona:<\/p>\n<p>Che si tratti di un compleanno, di una proposta di matrimonio, di un anniversario o di una semplice dichiarazione d&#8217;amore, abbiamo pensato a te. Non essere una faccia nella folla! <br \/>Metti la tua foto o il tuo video sul nostro cartellone a Times Square!<\/p>\n<p>Opzione 1: il tuo video\/foto di 60 secondi sar\u00e0 visualizzato 22 volte al giorno.<br \/>Opzione 2: il tuo video\/foto di 30 secondi sar\u00e0 visualizzato 44 volte al giorno<br \/>Opzione 3: il tuo video\/foto di 15 secondi sar\u00e0 visualizzato 88 volte al giorno.<\/p>\n<p>Il nostro cartellone pubblicitario ha una dimensione di 31 piedi x 55 piedi e si trova al 1560 di Broadway (Broadway e 46th Street, proprio sopra il negozio Pel\u00e9).<\/p>\n<p>Non essere una faccia nella folla!<\/p>\n\t\t\t\t\t\t\t\t<\/div>\n\t\t\t\t<\/div>\n\t\t\t\t<div class=\"elementor-element elementor-element-ab80097 elementor-widget elementor-widget-image\" data-id=\"ab80097\" data-element_type=\"widget\" data-e-type=\"widget\" data-widget_type=\"image.default\">\n\t\t\t\t<div class=\"elementor-widget-container\">\n\t\t\t\t\t\t\t\t\t\t\t\t\t\t\t<img fetchpriority=\"high\" decoding=\"async\" width=\"1024\" height=\"353\" src=\"https:\/\/welcome-to-times-square.com\/wp-content\/uploads\/2022\/04\/visitor-faq-1024x353.png\" class=\"attachment-large size-large wp-image-6194\" alt=\"\" srcset=\"https:\/\/welcome-to-times-square.com\/wp-content\/uploads\/2022\/04\/visitor-faq-1024x353.png 1024w, https:\/\/welcome-to-times-square.com\/wp-content\/uploads\/2022\/04\/visitor-faq-600x207.png 600w, https:\/\/welcome-to-times-square.com\/wp-content\/uploads\/2022\/04\/visitor-faq-300x104.png 300w, https:\/\/welcome-to-times-square.com\/wp-content\/uploads\/2022\/04\/visitor-faq-768x265.png 768w, https:\/\/welcome-to-times-square.com\/wp-content\/uploads\/2022\/04\/visitor-faq-1536x530.png 1536w, https:\/\/welcome-to-times-square.com\/wp-content\/uploads\/2022\/04\/visitor-faq-2048x707.png 2048w\" sizes=\"(max-width: 1024px) 100vw, 1024px\" \/>\t\t\t\t\t\t\t\t\t\t\t\t\t\t\t<\/div>\n\t\t\t\t<\/div>\n\t\t\t\t\t<\/div>\n\t\t\t\t<\/div>\n\t\t\t\t<\/div>\n\t\t","protected":false},"excerpt":{"rendered":"FAQ per i visitatori Per cittadini e turisti \u00e8 importante avere tutte le faq dei visitatori per ottimizzare i tempi di viaggio a New York. Non c'\u00e8 strumento migliore della conoscenza e qui vi proponiamo le diverse attivit\u00e0 per rendere New York un'esperienza indimenticabile, oltre a Times Square. Fifth Avenue: Chiamata anche Avenue of the [...]<a href=\"https:\/\/welcome-to-times-square.com\/it\/visitorfaq\/\" class=\"read-more wyz-secondary-color-text\">read more<span class=\"screen-reader-text\">FAQ per i visitatori<\/span><\/a>","protected":false},"author":53,"featured_media":0,"parent":0,"menu_order":0,"comment_status":"closed","ping_status":"closed","template":"elementor_header_footer","meta":{"footnotes":""},"class_list":["post-8975","page","type-page","status-publish","hentry"],"yoast_head":"<!-- This site is optimized with the Yoast SEO plugin v27.2 - https:\/\/yoast.com\/product\/yoast-seo-wordpress\/ -->\n<title>FAQ per i visitatori - times-square<\/title>\n<meta name=\"robots\" content=\"index, follow, max-snippet:-1, max-image-preview:large, max-video-preview:-1\" \/>\n<link rel=\"canonical\" href=\"https:\/\/welcome-to-times-square.com\/it\/visitorfaq\/\" \/>\n<meta property=\"og:locale\" content=\"it_IT\" \/>\n<meta property=\"og:type\" content=\"article\" \/>\n<meta property=\"og:title\" content=\"FAQ per i visitatori - times-square\" \/>\n<meta property=\"og:description\" content=\"FAQ per i visitatori Per cittadini e turisti \u00e8 importante avere tutte le faq dei visitatori per ottimizzare i tempi di viaggio a New York. Non c&#8217;\u00e8 strumento migliore della conoscenza e qui vi proponiamo le diverse attivit\u00e0 per rendere New York un&#8217;esperienza indimenticabile, oltre a Times Square. Fifth Avenue: Chiamata anche Avenue of the [...]read moreFAQ per i visitatori\" \/>\n<meta property=\"og:url\" content=\"https:\/\/welcome-to-times-square.com\/it\/visitorfaq\/\" \/>\n<meta property=\"og:site_name\" content=\"times-square\" \/>\n<meta property=\"article:modified_time\" content=\"2025-01-17T10:49:02+00:00\" \/>\n<meta property=\"og:image\" content=\"https:\/\/welcome-to-times-square.com\/wp-content\/uploads\/2022\/04\/visitor-faq-1024x353.png\" \/>\n\t<meta property=\"og:image:width\" content=\"1024\" \/>\n\t<meta property=\"og:image:height\" content=\"353\" \/>\n\t<meta property=\"og:image:type\" content=\"image\/png\" \/>\n<meta name=\"twitter:card\" content=\"summary_large_image\" \/>\n<meta name=\"twitter:label1\" content=\"Tempo di lettura stimato\" \/>\n\t<meta name=\"twitter:data1\" content=\"5 minuti\" \/>\n<script type=\"application\/ld+json\" class=\"yoast-schema-graph\">{\"@context\":\"https:\/\/schema.org\",\"@graph\":[{\"@type\":\"WebPage\",\"@id\":\"https:\/\/welcome-to-times-square.com\/it\/visitorfaq\/\",\"url\":\"https:\/\/welcome-to-times-square.com\/it\/visitorfaq\/\",\"name\":\"FAQ per i visitatori - times-square\",\"isPartOf\":{\"@id\":\"https:\/\/welcome-to-times-square.com\/it\/#website\"},\"primaryImageOfPage\":{\"@id\":\"https:\/\/welcome-to-times-square.com\/it\/visitorfaq\/#primaryimage\"},\"image\":{\"@id\":\"https:\/\/welcome-to-times-square.com\/it\/visitorfaq\/#primaryimage\"},\"thumbnailUrl\":\"https:\/\/welcome-to-times-square.com\/wp-content\/uploads\/2022\/04\/visitor-faq-1024x353.png\",\"datePublished\":\"2022-04-27T19:05:53+00:00\",\"dateModified\":\"2025-01-17T10:49:02+00:00\",\"breadcrumb\":{\"@id\":\"https:\/\/welcome-to-times-square.com\/it\/visitorfaq\/#breadcrumb\"},\"inLanguage\":\"it-IT\",\"potentialAction\":[{\"@type\":\"ReadAction\",\"target\":[\"https:\/\/welcome-to-times-square.com\/it\/visitorfaq\/\"]}]},{\"@type\":\"ImageObject\",\"inLanguage\":\"it-IT\",\"@id\":\"https:\/\/welcome-to-times-square.com\/it\/visitorfaq\/#primaryimage\",\"url\":\"https:\/\/welcome-to-times-square.com\/wp-content\/uploads\/2022\/04\/visitor-faq-1024x353.png\",\"contentUrl\":\"https:\/\/welcome-to-times-square.com\/wp-content\/uploads\/2022\/04\/visitor-faq-1024x353.png\"},{\"@type\":\"BreadcrumbList\",\"@id\":\"https:\/\/welcome-to-times-square.com\/it\/visitorfaq\/#breadcrumb\",\"itemListElement\":[{\"@type\":\"ListItem\",\"position\":1,\"name\":\"Home\",\"item\":\"https:\/\/welcome-to-times-square.com\/it\/\"},{\"@type\":\"ListItem\",\"position\":2,\"name\":\"FAQ per i visitatori\"}]},{\"@type\":\"WebSite\",\"@id\":\"https:\/\/welcome-to-times-square.com\/it\/#website\",\"url\":\"https:\/\/welcome-to-times-square.com\/it\/\",\"name\":\"times-square\",\"description\":\"times-square\",\"publisher\":{\"@id\":\"https:\/\/welcome-to-times-square.com\/it\/#organization\"},\"potentialAction\":[{\"@type\":\"SearchAction\",\"target\":{\"@type\":\"EntryPoint\",\"urlTemplate\":\"https:\/\/welcome-to-times-square.com\/it\/?s={search_term_string}\"},\"query-input\":{\"@type\":\"PropertyValueSpecification\",\"valueRequired\":true,\"valueName\":\"search_term_string\"}}],\"inLanguage\":\"it-IT\"},{\"@type\":\"Organization\",\"@id\":\"https:\/\/welcome-to-times-square.com\/it\/#organization\",\"name\":\"times-square\",\"url\":\"https:\/\/welcome-to-times-square.com\/it\/\",\"logo\":{\"@type\":\"ImageObject\",\"inLanguage\":\"it-IT\",\"@id\":\"https:\/\/welcome-to-times-square.com\/it\/#\/schema\/logo\/image\/\",\"url\":\"https:\/\/welcome-to-times-square.com\/wp-content\/uploads\/2024\/03\/welcome-to-time-square-logo-with-r.png\",\"contentUrl\":\"https:\/\/welcome-to-times-square.com\/wp-content\/uploads\/2024\/03\/welcome-to-time-square-logo-with-r.png\",\"width\":500,\"height\":342,\"caption\":\"times-square\"},\"image\":{\"@id\":\"https:\/\/welcome-to-times-square.com\/it\/#\/schema\/logo\/image\/\"}}]}<\/script>\n<!-- \/ Yoast SEO plugin. -->","yoast_head_json":{"title":"FAQ per i visitatori - times-square","robots":{"index":"index","follow":"follow","max-snippet":"max-snippet:-1","max-image-preview":"max-image-preview:large","max-video-preview":"max-video-preview:-1"},"canonical":"https:\/\/welcome-to-times-square.com\/it\/visitorfaq\/","og_locale":"it_IT","og_type":"article","og_title":"FAQ per i visitatori - times-square","og_description":"FAQ per i visitatori Per cittadini e turisti \u00e8 importante avere tutte le faq dei visitatori per ottimizzare i tempi di viaggio a New York. Non c&#8217;\u00e8 strumento migliore della conoscenza e qui vi proponiamo le diverse attivit\u00e0 per rendere New York un&#8217;esperienza indimenticabile, oltre a Times Square. Fifth Avenue: Chiamata anche Avenue of the [...]read moreFAQ per i visitatori","og_url":"https:\/\/welcome-to-times-square.com\/it\/visitorfaq\/","og_site_name":"times-square","article_modified_time":"2025-01-17T10:49:02+00:00","og_image":[{"width":1024,"height":353,"url":"https:\/\/welcome-to-times-square.com\/wp-content\/uploads\/2022\/04\/visitor-faq-1024x353.png","type":"image\/png"}],"twitter_card":"summary_large_image","twitter_misc":{"Tempo di lettura stimato":"5 minuti"},"schema":{"@context":"https:\/\/schema.org","@graph":[{"@type":"WebPage","@id":"https:\/\/welcome-to-times-square.com\/it\/visitorfaq\/","url":"https:\/\/welcome-to-times-square.com\/it\/visitorfaq\/","name":"FAQ per i visitatori - times-square","isPartOf":{"@id":"https:\/\/welcome-to-times-square.com\/it\/#website"},"primaryImageOfPage":{"@id":"https:\/\/welcome-to-times-square.com\/it\/visitorfaq\/#primaryimage"},"image":{"@id":"https:\/\/welcome-to-times-square.com\/it\/visitorfaq\/#primaryimage"},"thumbnailUrl":"https:\/\/welcome-to-times-square.com\/wp-content\/uploads\/2022\/04\/visitor-faq-1024x353.png","datePublished":"2022-04-27T19:05:53+00:00","dateModified":"2025-01-17T10:49:02+00:00","breadcrumb":{"@id":"https:\/\/welcome-to-times-square.com\/it\/visitorfaq\/#breadcrumb"},"inLanguage":"it-IT","potentialAction":[{"@type":"ReadAction","target":["https:\/\/welcome-to-times-square.com\/it\/visitorfaq\/"]}]},{"@type":"ImageObject","inLanguage":"it-IT","@id":"https:\/\/welcome-to-times-square.com\/it\/visitorfaq\/#primaryimage","url":"https:\/\/welcome-to-times-square.com\/wp-content\/uploads\/2022\/04\/visitor-faq-1024x353.png","contentUrl":"https:\/\/welcome-to-times-square.com\/wp-content\/uploads\/2022\/04\/visitor-faq-1024x353.png"},{"@type":"BreadcrumbList","@id":"https:\/\/welcome-to-times-square.com\/it\/visitorfaq\/#breadcrumb","itemListElement":[{"@type":"ListItem","position":1,"name":"Home","item":"https:\/\/welcome-to-times-square.com\/it\/"},{"@type":"ListItem","position":2,"name":"FAQ per i visitatori"}]},{"@type":"WebSite","@id":"https:\/\/welcome-to-times-square.com\/it\/#website","url":"https:\/\/welcome-to-times-square.com\/it\/","name":"times-square","description":"times-square","publisher":{"@id":"https:\/\/welcome-to-times-square.com\/it\/#organization"},"potentialAction":[{"@type":"SearchAction","target":{"@type":"EntryPoint","urlTemplate":"https:\/\/welcome-to-times-square.com\/it\/?s={search_term_string}"},"query-input":{"@type":"PropertyValueSpecification","valueRequired":true,"valueName":"search_term_string"}}],"inLanguage":"it-IT"},{"@type":"Organization","@id":"https:\/\/welcome-to-times-square.com\/it\/#organization","name":"times-square","url":"https:\/\/welcome-to-times-square.com\/it\/","logo":{"@type":"ImageObject","inLanguage":"it-IT","@id":"https:\/\/welcome-to-times-square.com\/it\/#\/schema\/logo\/image\/","url":"https:\/\/welcome-to-times-square.com\/wp-content\/uploads\/2024\/03\/welcome-to-time-square-logo-with-r.png","contentUrl":"https:\/\/welcome-to-times-square.com\/wp-content\/uploads\/2024\/03\/welcome-to-time-square-logo-with-r.png","width":500,"height":342,"caption":"times-square"},"image":{"@id":"https:\/\/welcome-to-times-square.com\/it\/#\/schema\/logo\/image\/"}}]}},"_hostinger_reach_plugin_has_subscription_block":false,"_hostinger_reach_plugin_is_elementor":false,"_links":{"self":[{"href":"https:\/\/welcome-to-times-square.com\/it\/wp-json\/wp\/v2\/pages\/8975","targetHints":{"allow":["GET"]}}],"collection":[{"href":"https:\/\/welcome-to-times-square.com\/it\/wp-json\/wp\/v2\/pages"}],"about":[{"href":"https:\/\/welcome-to-times-square.com\/it\/wp-json\/wp\/v2\/types\/page"}],"author":[{"embeddable":true,"href":"https:\/\/welcome-to-times-square.com\/it\/wp-json\/wp\/v2\/users\/53"}],"replies":[{"embeddable":true,"href":"https:\/\/welcome-to-times-square.com\/it\/wp-json\/wp\/v2\/comments?post=8975"}],"version-history":[{"count":2,"href":"https:\/\/welcome-to-times-square.com\/it\/wp-json\/wp\/v2\/pages\/8975\/revisions"}],"predecessor-version":[{"id":8987,"href":"https:\/\/welcome-to-times-square.com\/it\/wp-json\/wp\/v2\/pages\/8975\/revisions\/8987"}],"wp:attachment":[{"href":"https:\/\/welcome-to-times-square.com\/it\/wp-json\/wp\/v2\/media?parent=8975"}],"curies":[{"name":"wp","href":"https:\/\/api.w.org\/{rel}","templated":true}]}}