{"id":8996,"date":"2022-05-10T20:25:15","date_gmt":"2022-05-10T20:25:15","guid":{"rendered":"https:\/\/welcome-to-times-square.com\/seasonal-events\/"},"modified":"2025-01-17T11:25:59","modified_gmt":"2025-01-17T11:25:59","slug":"seasonal-events","status":"publish","type":"page","link":"https:\/\/welcome-to-times-square.com\/it\/seasonal-events\/","title":{"rendered":"Eventi stagionali"},"content":{"rendered":"\t\t<div data-elementor-type=\"wp-page\" data-elementor-id=\"8996\" class=\"elementor elementor-8996 elementor-2929\" data-elementor-post-type=\"page\">\n\t\t\t\t<div class=\"elementor-element elementor-element-c183f3e e-flex e-con-boxed e-con e-parent\" data-id=\"c183f3e\" data-element_type=\"container\" data-e-type=\"container\" data-settings=\"{&quot;background_background&quot;:&quot;classic&quot;}\">\n\t\t\t\t\t<div class=\"e-con-inner\">\n\t\t\t\t<div class=\"elementor-element elementor-element-aa575a2 elementor-widget elementor-widget-heading\" data-id=\"aa575a2\" data-element_type=\"widget\" data-e-type=\"widget\" data-widget_type=\"heading.default\">\n\t\t\t\t<div class=\"elementor-widget-container\">\n\t\t\t\t\t<h2 class=\"elementor-heading-title elementor-size-default\">Eventi stagionali<\/h2>\t\t\t\t<\/div>\n\t\t\t\t<\/div>\n\t\t\t\t<div class=\"elementor-element elementor-element-0d9214c elementor-widget-divider--view-line elementor-widget elementor-widget-divider\" data-id=\"0d9214c\" data-element_type=\"widget\" data-e-type=\"widget\" data-widget_type=\"divider.default\">\n\t\t\t\t<div class=\"elementor-widget-container\">\n\t\t\t\t\t\t\t<div class=\"elementor-divider\">\n\t\t\t<span class=\"elementor-divider-separator\">\n\t\t\t\t\t\t<\/span>\n\t\t<\/div>\n\t\t\t\t\t\t<\/div>\n\t\t\t\t<\/div>\n\t\t\t\t<div class=\"elementor-element elementor-element-aff9f01 elementor-widget elementor-widget-text-editor\" data-id=\"aff9f01\" data-element_type=\"widget\" data-e-type=\"widget\" data-widget_type=\"text-editor.default\">\n\t\t\t\t<div class=\"elementor-widget-container\">\n\t\t\t\t\t\t\t\t\t<div class=\"vc_row wpb_row vc_row-fluid vc_custom_1652220603510 vc_row-has-fill\">\n<div class=\"wpb_column vc_column_container vc_col-sm-12\">\n<div class=\"vc_column-inner\">\n<div class=\"wpb_wrapper\">\n<div class=\"vc_tta-container\" data-vc-action=\"collapse\">\n<div class=\"vc_general vc_tta vc_tta-tabs vc_tta-color-grey vc_tta-style-classic vc_tta-shape-rounded vc_tta-spacing-1 vc_tta-tabs-position-top vc_tta-controls-align-left\">\n<div class=\"vc_tta-panels-container\">\n<div class=\"vc_tta-panels\">\n<div id=\"1652214011896-ec5c9b43-8aad\" class=\"vc_tta-panel vc_active\" data-vc-content=\".vc_tta-panel-body\">\n<div class=\"vc_tta-panel-body\">\n<div class=\"wpb_text_column wpb_content_element \">\n<div class=\"wpb_wrapper\">\n<p>Uno degli eventi stagionali \u00e8 il conto alla rovescia della notte di Capodanno, un&#8217;enorme sfera di cristallo scende su milioni di persone da tutto il mondo che vengono a festeggiare. Questa tradizione ha avuto inizio nel 1907 sul quotidiano New York Times: la caduta della sfera. <\/p>\n<p>Da sotto non si vede molto, ma fino a un milione di persone si riuniscono per aspettare il nuovo anno. Come parte della celebrazione ci sono concerti di personaggi famosi come Lady Gaga e Justin Bieber. Se vuoi far parte di questa grande tradizione newyorkese, devi arrivare molto presto per poter essere posizionato tra la 42esima e la 47esima strada.  <\/p>\n<p>Alle 15:00 l&#8217;area principale inizia a riempirsi e alle 23:00 non entra neanche un ago. Si consiglia di portare cibo e bevande, perch\u00e9 \u00e8 possibile che se si allontanano dal loro posto per comprare qualcosa non possano tornare perch\u00e9 \u00e8 pieno di gente. <\/p>\n<p>L&#8217;Empire State \u00e8 il secondo posto pi\u00f9 popolare a New York per dire arrivederci all&#8217;anno, un grande evento stagionale. L&#8217;edificio \u00e8 pieno di luci ed \u00e8 il centro dello spettacolo di fuochi d&#8217;artificio pi\u00f9 attraente della citt\u00e0. <\/p>\n<p>L&#8217;osservatorio \u00e8 aperto tutti i giorni dell&#8217;anno, quindi un&#8217;ottima idea \u00e8 quella di ricevere l&#8217;anno l\u00ec. Per poterlo fare, bisogna acquistare i biglietti con largo anticipo. <\/p>\n<p>Un altro evento stagionale a New York \u00e8 il calendario delle settimane della moda di febbraio, con sfilate, misure di biosicurezza pi\u00f9 severe e la partecipazione di importanti marchi e stilisti del settore della moda.<\/p>\n<p>La programmazione autunno-inverno prevede un&#8217;iniziativa biennale di stilisti maschili ed emergenti ideata da Agentry PR, in cui circa 10 marchi presentano le loro nuove proposte per la stagione successiva.<\/p>\n<p>Un altro evento stagionale \u00e8 che Hudson Yards ha introdotto la sua programmazione Backyard at Hudson Yards con eventi all&#8217;aperto gratuiti. Per la prima volta, Backyard at Hudson Yards ospiter\u00e0 una serie di concerti di 10 settimane curata da The Bowery Presents con artisti emergenti di oggi. <\/p>\n<p>I concerti estivi sul Wells Fargo Stage saranno affiancati dalla programmazione pi\u00f9 popolare di Backyard da anni, tra cui: tornei sportivi dal vivo sul grande schermo da 30 piedi; programmi e lezioni per bambini pieni di divertimento di CAMP e Union Square Play; lezioni di fitness SoulCycle; una moltitudine di opzioni per mangiare all&#8217;aperto con una selezione a rotazione di food truck, cos\u00ec come JIBS, il bar della marina e lobster shack nel cuore di Manhattan che \u00e8 diventato uno dei tavoli pi\u00f9 popolari della citt\u00e0 La scorsa stagione; c&#8217;\u00e8 una serie di proiezioni di film all&#8217;aperto per chiudere la stagione; e molto altro ancora.<\/p>\n<p>Un altro evento stagionale \u00e8 il 4 luglio, una delle festivit\u00e0 pi\u00f9 importanti dell&#8217;anno negli Stati Uniti e a New York viene festeggiata con stile. Se vi trovate a New York all&#8217;inizio di luglio e volete sapere come trascorrere questa giornata come un vero newyorkese, non potete perdervi la festa di questo grande giorno. Il 4 luglio a New York si celebra una delle festivit\u00e0 pi\u00f9 importanti del Paese, l&#8217;Independence Day, anniversario della proclamazione degli Stati Uniti come Paese indipendente il 4 luglio 1776. Con la firma della Dichiarazione di Indipendenza, inizia la nuova storia degli Stati Uniti come Paese indipendente e i newyorkesi celebrano la festa nazionale con feste, fuochi d&#8217;artificio e, naturalmente, tante stelle e strisce. Il nostro ottimo consiglio \u00e8 di godervi questa giornata per scoprire la New York autentica, con meno visite ad attrazioni e monumenti e pi\u00f9 attivit\u00e0 tipiche di questa festa molto speciale, come fuochi d&#8217;artificio, picnic o ore di relax in spiaggia.    <\/p>\n<p>Sono altamente raccomandati tour speciali in barca che ti permettono di vedere i famosi e incredibili fuochi d&#8217;artificio di Macy&#8217;s su New York da un punto di osservazione imbattibile. In ogni caso, ci sono molti eventi e feste speciali che si svolgono in questo giorno a New York, quindi troverai molte grandi proposte. <\/p>\n<p>Puoi visitare lo skyline di Manhattan con una spettacolare crociera circolare Circle Line. Goditi il tramonto, le luci spettacolari dello skyline della citt\u00e0 e i fuochi d&#8217;artificio colorati sull&#8217;acqua durante questa notte memorabile. <\/p>\n<p>Un&#8217;altra delle attivit\u00e0 preferite dai newyorkesi per festeggiare il 4 luglio \u00e8 quella di approfittare del giorno libero e del caldo per fare un barbecue o un picnic in un parco. In questo giorno puoi andare a Sheep Meadow (la principale area verde di Central Park) dove troverai centinaia di persone che si godono un picnic all&#8217;aperto con la famiglia e gli amici. <\/p>\n<\/div>\n<\/div>\n<\/div>\n<\/div>\n<\/div>\n<\/div>\n<\/div>\n<\/div>\n<\/div>\n<\/div>\n<\/div>\n<\/div>\n\t\t\t\t\t\t\t\t<\/div>\n\t\t\t\t<\/div>\n\t\t\t\t<div class=\"elementor-element elementor-element-f4a5dea elementor-widget-divider--view-line elementor-widget elementor-widget-divider\" data-id=\"f4a5dea\" data-element_type=\"widget\" data-e-type=\"widget\" data-widget_type=\"divider.default\">\n\t\t\t\t<div class=\"elementor-widget-container\">\n\t\t\t\t\t\t\t<div class=\"elementor-divider\">\n\t\t\t<span class=\"elementor-divider-separator\">\n\t\t\t\t\t\t<\/span>\n\t\t<\/div>\n\t\t\t\t\t\t<\/div>\n\t\t\t\t<\/div>\n\t\t\t\t<div class=\"elementor-element elementor-element-c2f2353 elementor-widget elementor-widget-text-editor\" data-id=\"c2f2353\" data-element_type=\"widget\" data-e-type=\"widget\" data-widget_type=\"text-editor.default\">\n\t\t\t\t<div class=\"elementor-widget-container\">\n\t\t\t\t\t\t\t\t\t<p><strong>Per apparire sul nostro cartellone a Times Square, vai alla sezione CONTATTI.<\/strong><\/p>\n<p>Ecco come funziona:<\/p>\n<p>Che si tratti di un compleanno, di una proposta di matrimonio, di un anniversario o di una semplice dichiarazione d&#8217;amore, abbiamo pensato a te. Non essere una faccia nella folla! <br \/>Metti la tua foto o il tuo video sul nostro cartellone a Times Square!<\/p>\n<p>Opzione 1: il tuo video\/foto di 60 secondi sar\u00e0 visualizzato 22 volte al giorno.<br \/>Opzione 2: il tuo video\/foto di 30 secondi sar\u00e0 visualizzato 44 volte al giorno<br \/>Opzione 3: il tuo video\/foto di 15 secondi sar\u00e0 visualizzato 88 volte al giorno.<\/p>\n<p>Il nostro cartellone pubblicitario ha una dimensione di 31 piedi x 55 piedi e si trova al 1560 di Broadway (Broadway e 46th Street, proprio sopra il negozio Pel\u00e9).<\/p>\n<p>Non essere una faccia nella folla!<\/p>\n\t\t\t\t\t\t\t\t<\/div>\n\t\t\t\t<\/div>\n\t\t\t\t<div class=\"elementor-element elementor-element-2e400a3 elementor-widget elementor-widget-image\" data-id=\"2e400a3\" data-element_type=\"widget\" data-e-type=\"widget\" data-widget_type=\"image.default\">\n\t\t\t\t<div class=\"elementor-widget-container\">\n\t\t\t\t\t\t\t\t\t\t\t\t\t\t\t<img fetchpriority=\"high\" decoding=\"async\" width=\"740\" height=\"416\" src=\"https:\/\/welcome-to-times-square.com\/wp-content\/uploads\/2022\/05\/seasonal-events.png\" class=\"attachment-large size-large wp-image-6264\" alt=\"\" srcset=\"https:\/\/welcome-to-times-square.com\/wp-content\/uploads\/2022\/05\/seasonal-events.png 740w, https:\/\/welcome-to-times-square.com\/wp-content\/uploads\/2022\/05\/seasonal-events-600x337.png 600w, https:\/\/welcome-to-times-square.com\/wp-content\/uploads\/2022\/05\/seasonal-events-300x169.png 300w\" sizes=\"(max-width: 740px) 100vw, 740px\" \/>\t\t\t\t\t\t\t\t\t\t\t\t\t\t\t<\/div>\n\t\t\t\t<\/div>\n\t\t\t\t\t<\/div>\n\t\t\t\t<\/div>\n\t\t\t\t<\/div>\n\t\t","protected":false},"excerpt":{"rendered":"Eventi stagionali Uno degli eventi stagionali \u00e8 il conto alla rovescia della notte di Capodanno, un'enorme sfera di cristallo scende su milioni di persone da tutto il mondo che vengono a festeggiare. Questa tradizione ha avuto inizio nel 1907 sul quotidiano New York Times: la caduta della sfera. Da sotto non si vede molto, ma [...]<a href=\"https:\/\/welcome-to-times-square.com\/it\/seasonal-events\/\" class=\"read-more wyz-secondary-color-text\">read more<span class=\"screen-reader-text\">Eventi stagionali<\/span><\/a>","protected":false},"author":53,"featured_media":0,"parent":0,"menu_order":0,"comment_status":"closed","ping_status":"closed","template":"elementor_header_footer","meta":{"footnotes":""},"class_list":["post-8996","page","type-page","status-publish","hentry"],"yoast_head":"<!-- This site is optimized with the Yoast SEO plugin v27.2 - https:\/\/yoast.com\/product\/yoast-seo-wordpress\/ -->\n<title>Eventi stagionali - times-square<\/title>\n<meta name=\"robots\" content=\"index, follow, max-snippet:-1, max-image-preview:large, max-video-preview:-1\" \/>\n<link rel=\"canonical\" href=\"https:\/\/welcome-to-times-square.com\/it\/seasonal-events\/\" \/>\n<meta property=\"og:locale\" content=\"it_IT\" \/>\n<meta property=\"og:type\" content=\"article\" \/>\n<meta property=\"og:title\" content=\"Eventi stagionali - times-square\" \/>\n<meta property=\"og:description\" content=\"Eventi stagionali Uno degli eventi stagionali \u00e8 il conto alla rovescia della notte di Capodanno, un&#8217;enorme sfera di cristallo scende su milioni di persone da tutto il mondo che vengono a festeggiare. Questa tradizione ha avuto inizio nel 1907 sul quotidiano New York Times: la caduta della sfera. Da sotto non si vede molto, ma [...]read moreEventi stagionali\" \/>\n<meta property=\"og:url\" content=\"https:\/\/welcome-to-times-square.com\/it\/seasonal-events\/\" \/>\n<meta property=\"og:site_name\" content=\"times-square\" \/>\n<meta property=\"article:modified_time\" content=\"2025-01-17T11:25:59+00:00\" \/>\n<meta property=\"og:image\" content=\"https:\/\/welcome-to-times-square.com\/wp-content\/uploads\/2022\/05\/seasonal-events.png\" \/>\n\t<meta property=\"og:image:width\" content=\"740\" \/>\n\t<meta property=\"og:image:height\" content=\"416\" \/>\n\t<meta property=\"og:image:type\" content=\"image\/png\" \/>\n<meta name=\"twitter:card\" content=\"summary_large_image\" \/>\n<meta name=\"twitter:label1\" content=\"Tempo di lettura stimato\" \/>\n\t<meta name=\"twitter:data1\" content=\"5 minuti\" \/>\n<script type=\"application\/ld+json\" class=\"yoast-schema-graph\">{\"@context\":\"https:\/\/schema.org\",\"@graph\":[{\"@type\":\"WebPage\",\"@id\":\"https:\/\/welcome-to-times-square.com\/it\/seasonal-events\/\",\"url\":\"https:\/\/welcome-to-times-square.com\/it\/seasonal-events\/\",\"name\":\"Eventi stagionali - times-square\",\"isPartOf\":{\"@id\":\"https:\/\/welcome-to-times-square.com\/it\/#website\"},\"primaryImageOfPage\":{\"@id\":\"https:\/\/welcome-to-times-square.com\/it\/seasonal-events\/#primaryimage\"},\"image\":{\"@id\":\"https:\/\/welcome-to-times-square.com\/it\/seasonal-events\/#primaryimage\"},\"thumbnailUrl\":\"https:\/\/welcome-to-times-square.com\/wp-content\/uploads\/2022\/05\/seasonal-events.png\",\"datePublished\":\"2022-05-10T20:25:15+00:00\",\"dateModified\":\"2025-01-17T11:25:59+00:00\",\"breadcrumb\":{\"@id\":\"https:\/\/welcome-to-times-square.com\/it\/seasonal-events\/#breadcrumb\"},\"inLanguage\":\"it-IT\",\"potentialAction\":[{\"@type\":\"ReadAction\",\"target\":[\"https:\/\/welcome-to-times-square.com\/it\/seasonal-events\/\"]}]},{\"@type\":\"ImageObject\",\"inLanguage\":\"it-IT\",\"@id\":\"https:\/\/welcome-to-times-square.com\/it\/seasonal-events\/#primaryimage\",\"url\":\"https:\/\/welcome-to-times-square.com\/wp-content\/uploads\/2022\/05\/seasonal-events.png\",\"contentUrl\":\"https:\/\/welcome-to-times-square.com\/wp-content\/uploads\/2022\/05\/seasonal-events.png\"},{\"@type\":\"BreadcrumbList\",\"@id\":\"https:\/\/welcome-to-times-square.com\/it\/seasonal-events\/#breadcrumb\",\"itemListElement\":[{\"@type\":\"ListItem\",\"position\":1,\"name\":\"Home\",\"item\":\"https:\/\/welcome-to-times-square.com\/it\/\"},{\"@type\":\"ListItem\",\"position\":2,\"name\":\"Eventi stagionali\"}]},{\"@type\":\"WebSite\",\"@id\":\"https:\/\/welcome-to-times-square.com\/it\/#website\",\"url\":\"https:\/\/welcome-to-times-square.com\/it\/\",\"name\":\"times-square\",\"description\":\"times-square\",\"publisher\":{\"@id\":\"https:\/\/welcome-to-times-square.com\/it\/#organization\"},\"potentialAction\":[{\"@type\":\"SearchAction\",\"target\":{\"@type\":\"EntryPoint\",\"urlTemplate\":\"https:\/\/welcome-to-times-square.com\/it\/?s={search_term_string}\"},\"query-input\":{\"@type\":\"PropertyValueSpecification\",\"valueRequired\":true,\"valueName\":\"search_term_string\"}}],\"inLanguage\":\"it-IT\"},{\"@type\":\"Organization\",\"@id\":\"https:\/\/welcome-to-times-square.com\/it\/#organization\",\"name\":\"times-square\",\"url\":\"https:\/\/welcome-to-times-square.com\/it\/\",\"logo\":{\"@type\":\"ImageObject\",\"inLanguage\":\"it-IT\",\"@id\":\"https:\/\/welcome-to-times-square.com\/it\/#\/schema\/logo\/image\/\",\"url\":\"https:\/\/welcome-to-times-square.com\/wp-content\/uploads\/2024\/03\/welcome-to-time-square-logo-with-r.png\",\"contentUrl\":\"https:\/\/welcome-to-times-square.com\/wp-content\/uploads\/2024\/03\/welcome-to-time-square-logo-with-r.png\",\"width\":500,\"height\":342,\"caption\":\"times-square\"},\"image\":{\"@id\":\"https:\/\/welcome-to-times-square.com\/it\/#\/schema\/logo\/image\/\"}}]}<\/script>\n<!-- \/ Yoast SEO plugin. -->","yoast_head_json":{"title":"Eventi stagionali - times-square","robots":{"index":"index","follow":"follow","max-snippet":"max-snippet:-1","max-image-preview":"max-image-preview:large","max-video-preview":"max-video-preview:-1"},"canonical":"https:\/\/welcome-to-times-square.com\/it\/seasonal-events\/","og_locale":"it_IT","og_type":"article","og_title":"Eventi stagionali - times-square","og_description":"Eventi stagionali Uno degli eventi stagionali \u00e8 il conto alla rovescia della notte di Capodanno, un&#8217;enorme sfera di cristallo scende su milioni di persone da tutto il mondo che vengono a festeggiare. Questa tradizione ha avuto inizio nel 1907 sul quotidiano New York Times: la caduta della sfera. Da sotto non si vede molto, ma [...]read moreEventi stagionali","og_url":"https:\/\/welcome-to-times-square.com\/it\/seasonal-events\/","og_site_name":"times-square","article_modified_time":"2025-01-17T11:25:59+00:00","og_image":[{"width":740,"height":416,"url":"https:\/\/welcome-to-times-square.com\/wp-content\/uploads\/2022\/05\/seasonal-events.png","type":"image\/png"}],"twitter_card":"summary_large_image","twitter_misc":{"Tempo di lettura stimato":"5 minuti"},"schema":{"@context":"https:\/\/schema.org","@graph":[{"@type":"WebPage","@id":"https:\/\/welcome-to-times-square.com\/it\/seasonal-events\/","url":"https:\/\/welcome-to-times-square.com\/it\/seasonal-events\/","name":"Eventi stagionali - times-square","isPartOf":{"@id":"https:\/\/welcome-to-times-square.com\/it\/#website"},"primaryImageOfPage":{"@id":"https:\/\/welcome-to-times-square.com\/it\/seasonal-events\/#primaryimage"},"image":{"@id":"https:\/\/welcome-to-times-square.com\/it\/seasonal-events\/#primaryimage"},"thumbnailUrl":"https:\/\/welcome-to-times-square.com\/wp-content\/uploads\/2022\/05\/seasonal-events.png","datePublished":"2022-05-10T20:25:15+00:00","dateModified":"2025-01-17T11:25:59+00:00","breadcrumb":{"@id":"https:\/\/welcome-to-times-square.com\/it\/seasonal-events\/#breadcrumb"},"inLanguage":"it-IT","potentialAction":[{"@type":"ReadAction","target":["https:\/\/welcome-to-times-square.com\/it\/seasonal-events\/"]}]},{"@type":"ImageObject","inLanguage":"it-IT","@id":"https:\/\/welcome-to-times-square.com\/it\/seasonal-events\/#primaryimage","url":"https:\/\/welcome-to-times-square.com\/wp-content\/uploads\/2022\/05\/seasonal-events.png","contentUrl":"https:\/\/welcome-to-times-square.com\/wp-content\/uploads\/2022\/05\/seasonal-events.png"},{"@type":"BreadcrumbList","@id":"https:\/\/welcome-to-times-square.com\/it\/seasonal-events\/#breadcrumb","itemListElement":[{"@type":"ListItem","position":1,"name":"Home","item":"https:\/\/welcome-to-times-square.com\/it\/"},{"@type":"ListItem","position":2,"name":"Eventi stagionali"}]},{"@type":"WebSite","@id":"https:\/\/welcome-to-times-square.com\/it\/#website","url":"https:\/\/welcome-to-times-square.com\/it\/","name":"times-square","description":"times-square","publisher":{"@id":"https:\/\/welcome-to-times-square.com\/it\/#organization"},"potentialAction":[{"@type":"SearchAction","target":{"@type":"EntryPoint","urlTemplate":"https:\/\/welcome-to-times-square.com\/it\/?s={search_term_string}"},"query-input":{"@type":"PropertyValueSpecification","valueRequired":true,"valueName":"search_term_string"}}],"inLanguage":"it-IT"},{"@type":"Organization","@id":"https:\/\/welcome-to-times-square.com\/it\/#organization","name":"times-square","url":"https:\/\/welcome-to-times-square.com\/it\/","logo":{"@type":"ImageObject","inLanguage":"it-IT","@id":"https:\/\/welcome-to-times-square.com\/it\/#\/schema\/logo\/image\/","url":"https:\/\/welcome-to-times-square.com\/wp-content\/uploads\/2024\/03\/welcome-to-time-square-logo-with-r.png","contentUrl":"https:\/\/welcome-to-times-square.com\/wp-content\/uploads\/2024\/03\/welcome-to-time-square-logo-with-r.png","width":500,"height":342,"caption":"times-square"},"image":{"@id":"https:\/\/welcome-to-times-square.com\/it\/#\/schema\/logo\/image\/"}}]}},"_hostinger_reach_plugin_has_subscription_block":false,"_hostinger_reach_plugin_is_elementor":false,"_links":{"self":[{"href":"https:\/\/welcome-to-times-square.com\/it\/wp-json\/wp\/v2\/pages\/8996","targetHints":{"allow":["GET"]}}],"collection":[{"href":"https:\/\/welcome-to-times-square.com\/it\/wp-json\/wp\/v2\/pages"}],"about":[{"href":"https:\/\/welcome-to-times-square.com\/it\/wp-json\/wp\/v2\/types\/page"}],"author":[{"embeddable":true,"href":"https:\/\/welcome-to-times-square.com\/it\/wp-json\/wp\/v2\/users\/53"}],"replies":[{"embeddable":true,"href":"https:\/\/welcome-to-times-square.com\/it\/wp-json\/wp\/v2\/comments?post=8996"}],"version-history":[{"count":2,"href":"https:\/\/welcome-to-times-square.com\/it\/wp-json\/wp\/v2\/pages\/8996\/revisions"}],"predecessor-version":[{"id":9017,"href":"https:\/\/welcome-to-times-square.com\/it\/wp-json\/wp\/v2\/pages\/8996\/revisions\/9017"}],"wp:attachment":[{"href":"https:\/\/welcome-to-times-square.com\/it\/wp-json\/wp\/v2\/media?parent=8996"}],"curies":[{"name":"wp","href":"https:\/\/api.w.org\/{rel}","templated":true}]}}