{"id":9001,"date":"2022-05-10T20:25:12","date_gmt":"2022-05-10T20:25:12","guid":{"rendered":"https:\/\/welcome-to-times-square.com\/how-to-buy-broadway-tickets\/"},"modified":"2025-01-17T11:24:39","modified_gmt":"2025-01-17T11:24:39","slug":"how-to-buy-broadway-tickets","status":"publish","type":"page","link":"https:\/\/welcome-to-times-square.com\/it\/how-to-buy-broadway-tickets\/","title":{"rendered":"Come acquistare i biglietti per Broadway"},"content":{"rendered":"\t\t<div data-elementor-type=\"wp-page\" data-elementor-id=\"9001\" class=\"elementor elementor-9001 elementor-2931\" data-elementor-post-type=\"page\">\n\t\t\t\t<div class=\"elementor-element elementor-element-64b00cd e-flex e-con-boxed e-con e-parent\" data-id=\"64b00cd\" data-element_type=\"container\" data-e-type=\"container\" data-settings=\"{&quot;background_background&quot;:&quot;classic&quot;}\">\n\t\t\t\t\t<div class=\"e-con-inner\">\n\t\t\t\t<div class=\"elementor-element elementor-element-7f02e0b elementor-widget elementor-widget-heading\" data-id=\"7f02e0b\" data-element_type=\"widget\" data-e-type=\"widget\" data-widget_type=\"heading.default\">\n\t\t\t\t<div class=\"elementor-widget-container\">\n\t\t\t\t\t<h2 class=\"elementor-heading-title elementor-size-default\">Come acquistare i biglietti per Broadway <\/h2>\t\t\t\t<\/div>\n\t\t\t\t<\/div>\n\t\t\t\t<div class=\"elementor-element elementor-element-f100a9d elementor-widget-divider--view-line elementor-widget elementor-widget-divider\" data-id=\"f100a9d\" data-element_type=\"widget\" data-e-type=\"widget\" data-widget_type=\"divider.default\">\n\t\t\t\t<div class=\"elementor-widget-container\">\n\t\t\t\t\t\t\t<div class=\"elementor-divider\">\n\t\t\t<span class=\"elementor-divider-separator\">\n\t\t\t\t\t\t<\/span>\n\t\t<\/div>\n\t\t\t\t\t\t<\/div>\n\t\t\t\t<\/div>\n\t\t\t\t<div class=\"elementor-element elementor-element-d8fb8aa elementor-widget elementor-widget-text-editor\" data-id=\"d8fb8aa\" data-element_type=\"widget\" data-e-type=\"widget\" data-widget_type=\"text-editor.default\">\n\t\t\t\t<div class=\"elementor-widget-container\">\n\t\t\t\t\t\t\t\t\t<div class=\"vc_row wpb_row vc_row-fluid vc_custom_1652219967843 vc_row-has-fill\">\n<div class=\"wpb_column vc_column_container vc_col-sm-12\">\n<div class=\"vc_column-inner\">\n<div class=\"wpb_wrapper\">\n<div class=\"vc_tta-container\" data-vc-action=\"collapse\">\n<div class=\"vc_general vc_tta vc_tta-tabs vc_tta-color-grey vc_tta-style-classic vc_tta-shape-rounded vc_tta-spacing-1 vc_tta-tabs-position-top vc_tta-controls-align-left\">\n<div class=\"vc_tta-panels-container\">\n<div class=\"vc_tta-panels\">\n<div id=\"1652214022225-4f22a324-9861\" class=\"vc_tta-panel vc_active\" data-vc-content=\".vc_tta-panel-body\">\n<div class=\"vc_tta-panel-body\">\n<div class=\"wpb_text_column wpb_content_element \">\n<div class=\"wpb_wrapper\">\n<p>Uno dei programmi pi\u00f9 belli e importanti che puoi fare a New York \u00e8 vedere un musical a Broadway, il famoso viale pieno di teatri che attraversa il centro di Manhattan fino a Times Square.<\/p>\n<p>Ogni anno si tengono centinaia di spettacoli e molti attori di Hollywood salgono sul palco per stupirci con il loro talento. Ma anche i grandi attori (anche se non cos\u00ec noti) si impegnano molto in ogni spettacolo per guadagnarsi il loro onore.<\/p>\n<p>Il Re Leone \u00e8 uno dei classici musical di Broadway. Si tratta di un adattamento del celebre cartone animato Disney ed \u00e8 stato pi\u00f9 volte votato come il miglior musical di tutti i tempi. Grazie alla sua scenografia mozzafiato e alla musica di Elton John, il film vinse sei Tony Awards e un Evening Standard Award. Dal 1997 \u00e8 il musical pi\u00f9 venduto a New York. \u00c8 ideale per qualsiasi tipo di pubblico: piacer\u00e0 sia ai bambini che agli adulti.   <\/p>\n<p>Lo spettacolo si svolge al Minskoff Theater (200 W 45th St, New York, 10036) e dura 2 ore e 30 minuti, intervallo compreso.<\/p>\n<p>Aladdin a Broadway \u00e8 magico, \u00e8 un adattamento teatrale in musica del cartone animato Disney degli anni &#8217;90, tutto \u00e8 sorprendente e straordinario. Con una messa in scena eccezionale, una caratterizzazione impeccabile dei personaggi, nuove canzoni e un brillante senso dell&#8217;umorismo, questo \u00e8 uno dei musical di Broadway che pi\u00f9 entusiasma il pubblico. Lo potrete vedere al New Amsterdam Theater.  <\/p>\n<p>Il musical Aladdin \u00e8 uno dei musical pi\u00f9 spettacolari di New York che dovete assolutamente vedere. La durata \u00e8 di 2,5 ore.<\/p>\n<p>La grande scena del numero \u201cUn mondo ideale\u201d, in cui i protagonisti sorvolano la citt\u00e0 su un tappeto volante, \u00e8 semplicemente magnifica.<\/p>\n<p>Un altro dei grandi musical di Broadway per cui \u00e8 possibile acquistare i biglietti \u00e8 Chicago Broadway. Un classico che ci riporta ogni stagione ai ruggenti anni &#8217;20. Con la musica jazz come sottofondo e il proibizionismo che incoraggiava le attivit\u00e0 clandestine, la corruzione e gli omicidi nella grande citt\u00e0, questo spettacolo, a differenza di quelli sopra menzionati, \u00e8 rivolto a un pubblico pi\u00f9 adulto. Il suo successo \u00e8 tale che ha vinto 6 Tony Awards e la registrazione dei temi musicali ha vinto anche un Grammy Award. Questo meraviglioso musical viene rappresentato all&#8217;Ambassador Theater (219 West 49th Street, tra Broadway e 8th Avenue) e dura 2 ore e 30 minuti con un intervallo.    <\/p>\n<p>Il Fantasma dell&#8217;Opera debutt\u00f2 nel 1986 e fece esaurire i biglietti per diverse stagioni consecutive, essendo uno dei musical di Broadway di maggior successo, vincendo 7 Tony Awards (tra cui il premio come miglior musical dell&#8217;anno) grazie al suo meraviglioso adattamento del popolare romanzo di Gaston Leroux. divenne. Ambientato nell&#8217;Op\u00e9ra di Parigi del XIX secolo, racconta la storia di un uomo deforme che si nasconde nei sotterranei del teatro e terrorizza il personale del teatro con i suoi crimini. Il genio si innamora di una giovane ballerina di nome Christine, la adotta come sua musa ispiratrice e le insegna a cantare affinch\u00e9 possa diventare la prima donna dell&#8217;opera. Tuttavia, quando si rende conto che il suo amore \u00e8 impossibile, giura vendetta.   <\/p>\n<p>L&#8217;ambientazione enigmatica e inquietante, i costumi degli attori e l&#8217;eccellente colonna sonora rendono Il Fantasma dell&#8217;Opera un classico che non potete perdervi durante il vostro viaggio a New York. Il pubblico pu\u00f2 essere composto da adulti, ma sono ammessi anche bambini dai 4 anni in su, anche se sono presenti alcuni effetti speciali e scene che potrebbero spaventare i pi\u00f9 piccoli. Si tiene al Majestic Theatre (245 W 44th St, New York, 10036) e dura 2 ore e 30 minuti con intervallo.  <\/p>\n<p>Sie k\u00f6nnen Broadway-Tickets auf verschiedenen Online-Plattformen wie Ticketmaster, Hellotickets (auf Spanisch), TodayTix, das auch eine sehr empfehlenswerte App zur Teilnahme an Broadway-Lotterien hat, und auf der offiziellen Website jeder Show kaufen. Vergessen Sie nicht, auch die offizielle Website der Show zu besuchen, um die Preise zu vergleichen. Eine weitere M\u00f6glichkeit, Broadway-Tickets zu erm\u00e4\u00dfigten Preisen zu kaufen, sind Rush-Tickets, erm\u00e4\u00dfigte Tickets f\u00fcr denselben Tag der Show. Diese Tradition begann mit dem Musical Rent, das damals ein solches Ph\u00e4nomen war, dass es fast unm\u00f6glich war, Tickets zu bekommen. Um jungen Menschen ohne so gro\u00dfe Mittel die M\u00f6glichkeit zu geben, es zu sehen, beschlossen sie, den ersten Leuten, die morgens an der Abendkasse auftauchten, Tickets f\u00fcr die ersten Reihen zu einem sehr niedrigen Preis anzubieten. Seitdem haben andere Theater das Rush-Ticket \u00fcbernommen, mit dem Sie am selben Tag des St\u00fccks erm\u00e4\u00dfigte Tickets kaufen k\u00f6nnen, wenn Sie fr\u00fch aufstehen und pers\u00f6nlich zur Abendkasse gehen. Eine weitere Option, die den Rush-Tickets \u00e4hnelt, ist das TKTS-Ticketb\u00fcro. Theater verkaufen erm\u00e4\u00dfigte Broadway-Tickets (bis zu 50 %) f\u00fcr Morgenshows am selben oder am n\u00e4chsten Tag. Die bekannteste TKTS-Kasse finden Sie unter der roten Treppe am Times Square. Auf der TKTS-Website finden Sie Adressen und Zeitpl\u00e4ne.         <\/p>\n<\/div>\n<\/div>\n<\/div>\n<\/div>\n<\/div>\n<\/div>\n<\/div>\n<\/div>\n<\/div>\n<\/div>\n<\/div>\n<\/div>\n\t\t\t\t\t\t\t\t<\/div>\n\t\t\t\t<\/div>\n\t\t\t\t<div class=\"elementor-element elementor-element-7b8fe6a elementor-widget-divider--view-line elementor-widget elementor-widget-divider\" data-id=\"7b8fe6a\" data-element_type=\"widget\" data-e-type=\"widget\" data-widget_type=\"divider.default\">\n\t\t\t\t<div class=\"elementor-widget-container\">\n\t\t\t\t\t\t\t<div class=\"elementor-divider\">\n\t\t\t<span class=\"elementor-divider-separator\">\n\t\t\t\t\t\t<\/span>\n\t\t<\/div>\n\t\t\t\t\t\t<\/div>\n\t\t\t\t<\/div>\n\t\t\t\t<div class=\"elementor-element elementor-element-51b9ffe elementor-widget elementor-widget-text-editor\" data-id=\"51b9ffe\" data-element_type=\"widget\" data-e-type=\"widget\" data-widget_type=\"text-editor.default\">\n\t\t\t\t<div class=\"elementor-widget-container\">\n\t\t\t\t\t\t\t\t\t<p><strong>Per apparire sul nostro cartellone a Times Square, vai alla sezione CONTATTI.<\/strong><\/p>\n<p>Ecco come funziona:<\/p>\n<p>Che si tratti di un compleanno, di una proposta di matrimonio, di un anniversario o di una semplice dichiarazione d&#8217;amore, abbiamo pensato a te. Non essere una faccia nella folla! <br \/>Metti la tua foto o il tuo video sul nostro cartellone a Times Square!<\/p>\n<p>Opzione 1: il tuo video\/foto di 60 secondi sar\u00e0 visualizzato 22 volte al giorno.<br \/>Opzione 2: il tuo video\/foto di 30 secondi sar\u00e0 visualizzato 44 volte al giorno<br \/>Opzione 3: il tuo video\/foto di 15 secondi sar\u00e0 visualizzato 88 volte al giorno.<\/p>\n<p>Il nostro cartellone pubblicitario ha una dimensione di 31 piedi x 55 piedi e si trova al 1560 di Broadway (Broadway e 46th Street, proprio sopra il negozio Pel\u00e9).<\/p>\n<p>Non essere una faccia nella folla!<\/p>\n\t\t\t\t\t\t\t\t<\/div>\n\t\t\t\t<\/div>\n\t\t\t\t<div class=\"elementor-element elementor-element-9ffef36 elementor-widget elementor-widget-image\" data-id=\"9ffef36\" data-element_type=\"widget\" data-e-type=\"widget\" data-widget_type=\"image.default\">\n\t\t\t\t<div class=\"elementor-widget-container\">\n\t\t\t\t\t\t\t\t\t\t\t\t\t\t\t<img fetchpriority=\"high\" decoding=\"async\" width=\"1024\" height=\"683\" src=\"https:\/\/welcome-to-times-square.com\/wp-content\/uploads\/2022\/05\/how-to-buy-broadway-tickets-1024x683.jpg\" class=\"attachment-large size-large wp-image-6269\" alt=\"\" srcset=\"https:\/\/welcome-to-times-square.com\/wp-content\/uploads\/2022\/05\/how-to-buy-broadway-tickets-1024x683.jpg 1024w, https:\/\/welcome-to-times-square.com\/wp-content\/uploads\/2022\/05\/how-to-buy-broadway-tickets-600x400.jpg 600w, https:\/\/welcome-to-times-square.com\/wp-content\/uploads\/2022\/05\/how-to-buy-broadway-tickets-300x200.jpg 300w, https:\/\/welcome-to-times-square.com\/wp-content\/uploads\/2022\/05\/how-to-buy-broadway-tickets-768x512.jpg 768w, https:\/\/welcome-to-times-square.com\/wp-content\/uploads\/2022\/05\/how-to-buy-broadway-tickets-1536x1024.jpg 1536w, https:\/\/welcome-to-times-square.com\/wp-content\/uploads\/2022\/05\/how-to-buy-broadway-tickets.jpg 2048w\" sizes=\"(max-width: 1024px) 100vw, 1024px\" \/>\t\t\t\t\t\t\t\t\t\t\t\t\t\t\t<\/div>\n\t\t\t\t<\/div>\n\t\t\t\t\t<\/div>\n\t\t\t\t<\/div>\n\t\t\t\t<\/div>\n\t\t","protected":false},"excerpt":{"rendered":"Come acquistare i biglietti per Broadway Uno dei programmi pi\u00f9 belli e importanti che puoi fare a New York \u00e8 vedere un musical a Broadway, il famoso viale pieno di teatri che attraversa il centro di Manhattan fino a Times Square. Ogni anno si tengono centinaia di spettacoli e molti attori di Hollywood salgono sul [...]<a href=\"https:\/\/welcome-to-times-square.com\/it\/how-to-buy-broadway-tickets\/\" class=\"read-more wyz-secondary-color-text\">read more<span class=\"screen-reader-text\">Come acquistare i biglietti per Broadway<\/span><\/a>","protected":false},"author":53,"featured_media":0,"parent":0,"menu_order":0,"comment_status":"closed","ping_status":"closed","template":"elementor_header_footer","meta":{"footnotes":""},"class_list":["post-9001","page","type-page","status-publish","hentry"],"yoast_head":"<!-- This site is optimized with the Yoast SEO plugin v27.2 - https:\/\/yoast.com\/product\/yoast-seo-wordpress\/ -->\n<title>Come acquistare i biglietti per Broadway - times-square<\/title>\n<meta name=\"robots\" content=\"index, follow, max-snippet:-1, max-image-preview:large, max-video-preview:-1\" \/>\n<link rel=\"canonical\" href=\"https:\/\/welcome-to-times-square.com\/it\/how-to-buy-broadway-tickets\/\" \/>\n<meta property=\"og:locale\" content=\"it_IT\" \/>\n<meta property=\"og:type\" content=\"article\" \/>\n<meta property=\"og:title\" content=\"Come acquistare i biglietti per Broadway - times-square\" \/>\n<meta property=\"og:description\" content=\"Come acquistare i biglietti per Broadway Uno dei programmi pi\u00f9 belli e importanti che puoi fare a New York \u00e8 vedere un musical a Broadway, il famoso viale pieno di teatri che attraversa il centro di Manhattan fino a Times Square. Ogni anno si tengono centinaia di spettacoli e molti attori di Hollywood salgono sul [...]read moreCome acquistare i biglietti per Broadway\" \/>\n<meta property=\"og:url\" content=\"https:\/\/welcome-to-times-square.com\/it\/how-to-buy-broadway-tickets\/\" \/>\n<meta property=\"og:site_name\" content=\"times-square\" \/>\n<meta property=\"article:modified_time\" content=\"2025-01-17T11:24:39+00:00\" \/>\n<meta property=\"og:image\" content=\"https:\/\/welcome-to-times-square.com\/wp-content\/uploads\/2022\/05\/how-to-buy-broadway-tickets.jpg\" \/>\n\t<meta property=\"og:image:width\" content=\"2048\" \/>\n\t<meta property=\"og:image:height\" content=\"1365\" \/>\n\t<meta property=\"og:image:type\" content=\"image\/jpeg\" \/>\n<meta name=\"twitter:card\" content=\"summary_large_image\" \/>\n<meta name=\"twitter:label1\" content=\"Tempo di lettura stimato\" \/>\n\t<meta name=\"twitter:data1\" content=\"5 minuti\" \/>\n<script type=\"application\/ld+json\" class=\"yoast-schema-graph\">{\"@context\":\"https:\/\/schema.org\",\"@graph\":[{\"@type\":\"WebPage\",\"@id\":\"https:\/\/welcome-to-times-square.com\/it\/how-to-buy-broadway-tickets\/\",\"url\":\"https:\/\/welcome-to-times-square.com\/it\/how-to-buy-broadway-tickets\/\",\"name\":\"Come acquistare i biglietti per Broadway - times-square\",\"isPartOf\":{\"@id\":\"https:\/\/welcome-to-times-square.com\/it\/#website\"},\"primaryImageOfPage\":{\"@id\":\"https:\/\/welcome-to-times-square.com\/it\/how-to-buy-broadway-tickets\/#primaryimage\"},\"image\":{\"@id\":\"https:\/\/welcome-to-times-square.com\/it\/how-to-buy-broadway-tickets\/#primaryimage\"},\"thumbnailUrl\":\"https:\/\/welcome-to-times-square.com\/wp-content\/uploads\/2022\/05\/how-to-buy-broadway-tickets-1024x683.jpg\",\"datePublished\":\"2022-05-10T20:25:12+00:00\",\"dateModified\":\"2025-01-17T11:24:39+00:00\",\"breadcrumb\":{\"@id\":\"https:\/\/welcome-to-times-square.com\/it\/how-to-buy-broadway-tickets\/#breadcrumb\"},\"inLanguage\":\"it-IT\",\"potentialAction\":[{\"@type\":\"ReadAction\",\"target\":[\"https:\/\/welcome-to-times-square.com\/it\/how-to-buy-broadway-tickets\/\"]}]},{\"@type\":\"ImageObject\",\"inLanguage\":\"it-IT\",\"@id\":\"https:\/\/welcome-to-times-square.com\/it\/how-to-buy-broadway-tickets\/#primaryimage\",\"url\":\"https:\/\/welcome-to-times-square.com\/wp-content\/uploads\/2022\/05\/how-to-buy-broadway-tickets-1024x683.jpg\",\"contentUrl\":\"https:\/\/welcome-to-times-square.com\/wp-content\/uploads\/2022\/05\/how-to-buy-broadway-tickets-1024x683.jpg\"},{\"@type\":\"BreadcrumbList\",\"@id\":\"https:\/\/welcome-to-times-square.com\/it\/how-to-buy-broadway-tickets\/#breadcrumb\",\"itemListElement\":[{\"@type\":\"ListItem\",\"position\":1,\"name\":\"Home\",\"item\":\"https:\/\/welcome-to-times-square.com\/it\/\"},{\"@type\":\"ListItem\",\"position\":2,\"name\":\"Come acquistare i biglietti per Broadway\"}]},{\"@type\":\"WebSite\",\"@id\":\"https:\/\/welcome-to-times-square.com\/it\/#website\",\"url\":\"https:\/\/welcome-to-times-square.com\/it\/\",\"name\":\"times-square\",\"description\":\"times-square\",\"publisher\":{\"@id\":\"https:\/\/welcome-to-times-square.com\/it\/#organization\"},\"potentialAction\":[{\"@type\":\"SearchAction\",\"target\":{\"@type\":\"EntryPoint\",\"urlTemplate\":\"https:\/\/welcome-to-times-square.com\/it\/?s={search_term_string}\"},\"query-input\":{\"@type\":\"PropertyValueSpecification\",\"valueRequired\":true,\"valueName\":\"search_term_string\"}}],\"inLanguage\":\"it-IT\"},{\"@type\":\"Organization\",\"@id\":\"https:\/\/welcome-to-times-square.com\/it\/#organization\",\"name\":\"times-square\",\"url\":\"https:\/\/welcome-to-times-square.com\/it\/\",\"logo\":{\"@type\":\"ImageObject\",\"inLanguage\":\"it-IT\",\"@id\":\"https:\/\/welcome-to-times-square.com\/it\/#\/schema\/logo\/image\/\",\"url\":\"https:\/\/welcome-to-times-square.com\/wp-content\/uploads\/2024\/03\/welcome-to-time-square-logo-with-r.png\",\"contentUrl\":\"https:\/\/welcome-to-times-square.com\/wp-content\/uploads\/2024\/03\/welcome-to-time-square-logo-with-r.png\",\"width\":500,\"height\":342,\"caption\":\"times-square\"},\"image\":{\"@id\":\"https:\/\/welcome-to-times-square.com\/it\/#\/schema\/logo\/image\/\"}}]}<\/script>\n<!-- \/ Yoast SEO plugin. -->","yoast_head_json":{"title":"Come acquistare i biglietti per Broadway - times-square","robots":{"index":"index","follow":"follow","max-snippet":"max-snippet:-1","max-image-preview":"max-image-preview:large","max-video-preview":"max-video-preview:-1"},"canonical":"https:\/\/welcome-to-times-square.com\/it\/how-to-buy-broadway-tickets\/","og_locale":"it_IT","og_type":"article","og_title":"Come acquistare i biglietti per Broadway - times-square","og_description":"Come acquistare i biglietti per Broadway Uno dei programmi pi\u00f9 belli e importanti che puoi fare a New York \u00e8 vedere un musical a Broadway, il famoso viale pieno di teatri che attraversa il centro di Manhattan fino a Times Square. Ogni anno si tengono centinaia di spettacoli e molti attori di Hollywood salgono sul [...]read moreCome acquistare i biglietti per Broadway","og_url":"https:\/\/welcome-to-times-square.com\/it\/how-to-buy-broadway-tickets\/","og_site_name":"times-square","article_modified_time":"2025-01-17T11:24:39+00:00","og_image":[{"width":2048,"height":1365,"url":"https:\/\/welcome-to-times-square.com\/wp-content\/uploads\/2022\/05\/how-to-buy-broadway-tickets.jpg","type":"image\/jpeg"}],"twitter_card":"summary_large_image","twitter_misc":{"Tempo di lettura stimato":"5 minuti"},"schema":{"@context":"https:\/\/schema.org","@graph":[{"@type":"WebPage","@id":"https:\/\/welcome-to-times-square.com\/it\/how-to-buy-broadway-tickets\/","url":"https:\/\/welcome-to-times-square.com\/it\/how-to-buy-broadway-tickets\/","name":"Come acquistare i biglietti per Broadway - times-square","isPartOf":{"@id":"https:\/\/welcome-to-times-square.com\/it\/#website"},"primaryImageOfPage":{"@id":"https:\/\/welcome-to-times-square.com\/it\/how-to-buy-broadway-tickets\/#primaryimage"},"image":{"@id":"https:\/\/welcome-to-times-square.com\/it\/how-to-buy-broadway-tickets\/#primaryimage"},"thumbnailUrl":"https:\/\/welcome-to-times-square.com\/wp-content\/uploads\/2022\/05\/how-to-buy-broadway-tickets-1024x683.jpg","datePublished":"2022-05-10T20:25:12+00:00","dateModified":"2025-01-17T11:24:39+00:00","breadcrumb":{"@id":"https:\/\/welcome-to-times-square.com\/it\/how-to-buy-broadway-tickets\/#breadcrumb"},"inLanguage":"it-IT","potentialAction":[{"@type":"ReadAction","target":["https:\/\/welcome-to-times-square.com\/it\/how-to-buy-broadway-tickets\/"]}]},{"@type":"ImageObject","inLanguage":"it-IT","@id":"https:\/\/welcome-to-times-square.com\/it\/how-to-buy-broadway-tickets\/#primaryimage","url":"https:\/\/welcome-to-times-square.com\/wp-content\/uploads\/2022\/05\/how-to-buy-broadway-tickets-1024x683.jpg","contentUrl":"https:\/\/welcome-to-times-square.com\/wp-content\/uploads\/2022\/05\/how-to-buy-broadway-tickets-1024x683.jpg"},{"@type":"BreadcrumbList","@id":"https:\/\/welcome-to-times-square.com\/it\/how-to-buy-broadway-tickets\/#breadcrumb","itemListElement":[{"@type":"ListItem","position":1,"name":"Home","item":"https:\/\/welcome-to-times-square.com\/it\/"},{"@type":"ListItem","position":2,"name":"Come acquistare i biglietti per Broadway"}]},{"@type":"WebSite","@id":"https:\/\/welcome-to-times-square.com\/it\/#website","url":"https:\/\/welcome-to-times-square.com\/it\/","name":"times-square","description":"times-square","publisher":{"@id":"https:\/\/welcome-to-times-square.com\/it\/#organization"},"potentialAction":[{"@type":"SearchAction","target":{"@type":"EntryPoint","urlTemplate":"https:\/\/welcome-to-times-square.com\/it\/?s={search_term_string}"},"query-input":{"@type":"PropertyValueSpecification","valueRequired":true,"valueName":"search_term_string"}}],"inLanguage":"it-IT"},{"@type":"Organization","@id":"https:\/\/welcome-to-times-square.com\/it\/#organization","name":"times-square","url":"https:\/\/welcome-to-times-square.com\/it\/","logo":{"@type":"ImageObject","inLanguage":"it-IT","@id":"https:\/\/welcome-to-times-square.com\/it\/#\/schema\/logo\/image\/","url":"https:\/\/welcome-to-times-square.com\/wp-content\/uploads\/2024\/03\/welcome-to-time-square-logo-with-r.png","contentUrl":"https:\/\/welcome-to-times-square.com\/wp-content\/uploads\/2024\/03\/welcome-to-time-square-logo-with-r.png","width":500,"height":342,"caption":"times-square"},"image":{"@id":"https:\/\/welcome-to-times-square.com\/it\/#\/schema\/logo\/image\/"}}]}},"_hostinger_reach_plugin_has_subscription_block":false,"_hostinger_reach_plugin_is_elementor":false,"_links":{"self":[{"href":"https:\/\/welcome-to-times-square.com\/it\/wp-json\/wp\/v2\/pages\/9001","targetHints":{"allow":["GET"]}}],"collection":[{"href":"https:\/\/welcome-to-times-square.com\/it\/wp-json\/wp\/v2\/pages"}],"about":[{"href":"https:\/\/welcome-to-times-square.com\/it\/wp-json\/wp\/v2\/types\/page"}],"author":[{"embeddable":true,"href":"https:\/\/welcome-to-times-square.com\/it\/wp-json\/wp\/v2\/users\/53"}],"replies":[{"embeddable":true,"href":"https:\/\/welcome-to-times-square.com\/it\/wp-json\/wp\/v2\/comments?post=9001"}],"version-history":[{"count":4,"href":"https:\/\/welcome-to-times-square.com\/it\/wp-json\/wp\/v2\/pages\/9001\/revisions"}],"predecessor-version":[{"id":9015,"href":"https:\/\/welcome-to-times-square.com\/it\/wp-json\/wp\/v2\/pages\/9001\/revisions\/9015"}],"wp:attachment":[{"href":"https:\/\/welcome-to-times-square.com\/it\/wp-json\/wp\/v2\/media?parent=9001"}],"curies":[{"name":"wp","href":"https:\/\/api.w.org\/{rel}","templated":true}]}}