{"id":9024,"date":"2022-05-02T21:05:07","date_gmt":"2022-05-02T21:05:07","guid":{"rendered":"https:\/\/welcome-to-times-square.com\/resources-guidance-and-information-on-covid-19\/"},"modified":"2025-01-17T11:50:39","modified_gmt":"2025-01-17T11:50:39","slug":"resources-guidance-and-information-on-covid-19","status":"publish","type":"page","link":"https:\/\/welcome-to-times-square.com\/it\/resources-guidance-and-information-on-covid-19\/","title":{"rendered":"Risorse, indicazioni e informazioni su covid 19"},"content":{"rendered":"\t\t<div data-elementor-type=\"wp-page\" data-elementor-id=\"9024\" class=\"elementor elementor-9024 elementor-2881\" data-elementor-post-type=\"page\">\n\t\t\t\t<div class=\"elementor-element elementor-element-0d322f1 e-flex e-con-boxed e-con e-parent\" data-id=\"0d322f1\" data-element_type=\"container\" data-e-type=\"container\" data-settings=\"{&quot;background_background&quot;:&quot;classic&quot;}\">\n\t\t\t\t\t<div class=\"e-con-inner\">\n\t\t\t\t<div class=\"elementor-element elementor-element-07983dc elementor-widget elementor-widget-heading\" data-id=\"07983dc\" data-element_type=\"widget\" data-e-type=\"widget\" data-widget_type=\"heading.default\">\n\t\t\t\t<div class=\"elementor-widget-container\">\n\t\t\t\t\t<h2 class=\"elementor-heading-title elementor-size-default\">Risorse, indicazioni e informazioni su covid 19<\/h2>\t\t\t\t<\/div>\n\t\t\t\t<\/div>\n\t\t\t\t<div class=\"elementor-element elementor-element-2034ee5 elementor-widget-divider--view-line elementor-widget elementor-widget-divider\" data-id=\"2034ee5\" data-element_type=\"widget\" data-e-type=\"widget\" data-widget_type=\"divider.default\">\n\t\t\t\t<div class=\"elementor-widget-container\">\n\t\t\t\t\t\t\t<div class=\"elementor-divider\">\n\t\t\t<span class=\"elementor-divider-separator\">\n\t\t\t\t\t\t<\/span>\n\t\t<\/div>\n\t\t\t\t\t\t<\/div>\n\t\t\t\t<\/div>\n\t\t\t\t<div class=\"elementor-element elementor-element-16e6466 elementor-widget elementor-widget-text-editor\" data-id=\"16e6466\" data-element_type=\"widget\" data-e-type=\"widget\" data-widget_type=\"text-editor.default\">\n\t\t\t\t<div class=\"elementor-widget-container\">\n\t\t\t\t\t\t\t\t\t<div class=\"vc_row wpb_row vc_row-fluid vc_custom_1652220044133 vc_row-has-fill\">\n<div class=\"wpb_column vc_column_container vc_col-sm-12\">\n<div class=\"vc_column-inner\">\n<div class=\"wpb_wrapper\">\n<div class=\"vc_tta-container\" data-vc-action=\"collapse\">\n<div class=\"vc_general vc_tta vc_tta-tabs vc_tta-color-grey vc_tta-style-classic vc_tta-shape-rounded vc_tta-spacing-1 vc_tta-tabs-position-top vc_tta-controls-align-left\">\n<div class=\"vc_tta-panels-container\">\n<div class=\"vc_tta-panels\">\n<div id=\"1651526533003-d472749e-da22\" class=\"vc_tta-panel vc_active\" data-vc-content=\".vc_tta-panel-body\">\n<div class=\"vc_tta-panel-body\">\n<div class=\"wpb_text_column wpb_content_element \">\n<div class=\"wpb_wrapper\">\n<p>Risorse, guida e informazioni sul covid 19, i vaccini sono uno strumento fondamentale per garantire protezione a te e alla tua comunit\u00e0 da COVID-19 grave, ospedalizzazione e morte. Hanno dimostrato di essere sicuri e attualmente proteggono milioni di newyorkesi vaccinati contro il COVID-19. <\/p>\n<p>La vaccinazione \u00e8 pi\u00f9 sicura del rischio di ammalarsi e degli effetti collaterali a lungo termine del COVID-19. Anche le persone che hanno avuto il COVID-19 in passato dovrebbero vaccinarsi. <\/p>\n<p>Il vaccino Pfizer contro il COVID-19 \u00e8 disponibile per i bambini di et\u00e0 compresa tra 5 e 11 anni. La dose di vaccino per questa fascia di et\u00e0 \u00e8 inferiore alla dose somministrata alle persone di et\u00e0 pari o superiore a 12 anni. <\/p>\n<p>I bambini possono vaccinarsi presso gli ambulatori dei loro medici, nelle farmacie e nei centri vaccinali presenti in tutta la citt\u00e0.<\/p>\n<p>Attualmente, le dosi di richiamo del vaccino sono disponibili per i newyorkesi di et\u00e0 pari o superiore a 18 anni. Queste dosi rafforzano l&#8217;immunit\u00e0 della serie di vaccinazioni iniziali. <\/p>\n<p>A New York non verr\u00e0 negato l&#8217;accesso a una dose di richiamo a chiunque abbia almeno 18 anni e abbia ricevuto la seconda dose del vaccino Pfizer o Moderna almeno sei mesi fa, oppure una dose del vaccino Johnson &amp; Johnson almeno due mesi fa.<\/p>\n<p>La dose di richiamo pu\u00f2 essere uno qualsiasi dei tre vaccini autorizzati o approvati. Se non sei sicuro di ricevere una dose di richiamo o di quale tipo di vaccino dovresti ricevere, parlane con il tuo medico. <\/p>\n<p>\u00c8 possibile fissare un appuntamento per un test rapido gratuito per il virus COVID-19 presso i siti COVID-in-Express del Department of Health in tutta New York City. I risultati del test sono disponibili entro 24 ore o meno dalla visita. Ci\u00f2 significa che la maggior parte dei pazienti ricever\u00e0 i risultati lo stesso giorno della visita. Tutti i test eseguiti in queste sedi sono test di laboratorio diagnostici PCR, che sono il tipo di test pi\u00f9 accurato disponibile.   <\/p>\n<p>Il test COVID-19 presso i siti COVID Express \u00e8 gratuito per tutti i newyorkesi, indipendentemente dallo stato di immigrazione.<\/p>\n<p>Se il risultato del test \u00e8 positivo, riceverai una chiamata dalla clinica e ti verranno fornite alcune raccomandazioni, come aspettare 90 giorni prima di sottoporti a un altro test da quando hai avuto i primi sintomi (o da quando hai ricevuto il tuo primo risultato positivo, quindi non hai avuto sintomi). Le persone possono risultare positive per settimane o mesi dopo l&#8217;infezione, anche se non sono pi\u00f9 contagiose. Qualsiasi appuntamento fissato entro 90 giorni dalla ricezione di un test positivo verr\u00e0 annullato.  <\/p>\n<p>Se il paziente \u00e8 guarito dal COVID-19 e ora presenta nuovi sintomi del COVID-19, dovrebbe consultare un medico, soprattutto se ha avuto contatti stretti con qualcuno attualmente affetto da COVID-19.<\/p>\n<p>Il rischio di contrarre un&#8217;infezione trasmessa per via aerea, come COVID-19, morbillo, tubercolosi e probabilmente molte altre infezioni respiratorie, tra cui l&#8217;influenza, dipende in larga misura dal numero di virus infettivi (o batteri nel caso dell&#8217;influenza). tubercolosi) presenti nell&#8217;aria che respiriamo. Il numero di questi germi nell&#8217;aria interna \u00e8 determinato da due fattori: la velocit\u00e0 con cui le persone infette espirano i germi in una stanza e la velocit\u00e0 con cui i germi infettivi vengono rimossi dall&#8217;aria.  <\/p>\n<p>Un&#8217;altra guida e informazione sulle risorse sul covid 19 \u00e8 che la ventilazione e la filtrazione dell&#8217;aria possono rimuovere i microbi che fluttuano negli spazi interni, sia soffiandoli fuori dall&#8217;edificio e sostituendo l&#8217;aria con aria fresca esterna, sia intrappolandoli in un filtro che sposta l&#8217;aria all&#8217;interno. Con due cambi d&#8217;aria all&#8217;ora, che \u00e8 ci\u00f2 che viene generalmente fatto nei grandi edifici, poco pi\u00f9 della met\u00e0 dei microbi esistenti viene rimossa ogni 30 minuti. Con sei cambi d&#8217;aria all&#8217;ora, che \u00e8 tipico per le stanze di ospedale e le aule con pi\u00f9 filtri dell&#8217;aria HEPA portatili, poco pi\u00f9 della met\u00e0 dei germi viene rimossa ogni 10 minuti.  <\/p>\n<p>La FDA ha autorizzato iniezioni aggiuntive per gli americani anziani e per coloro che soffrono di determinate immunodeficienze. Ecco cosa sanno gli scienziati su chi ha bisogno di dosi e quando. <\/p>\n<p>L&#8217;autorizzazione della FDA consente a chiunque abbia pi\u00f9 di 50 anni di ricevere una seconda dose di richiamo. Ma gli esperti affermano che la poca ricerca condotta finora raccomanda una quarta iniezione solo per gli over 65 o per coloro che hanno condizioni di base che li espongono ad alto rischio. <\/p>\n<\/div>\n<\/div>\n<\/div>\n<\/div>\n<\/div>\n<\/div>\n<\/div>\n<\/div>\n<\/div>\n<\/div>\n<\/div>\n<\/div>\n\t\t\t\t\t\t\t\t<\/div>\n\t\t\t\t<\/div>\n\t\t\t\t<div class=\"elementor-element elementor-element-6a1892b elementor-widget-divider--view-line elementor-widget elementor-widget-divider\" data-id=\"6a1892b\" data-element_type=\"widget\" data-e-type=\"widget\" data-widget_type=\"divider.default\">\n\t\t\t\t<div class=\"elementor-widget-container\">\n\t\t\t\t\t\t\t<div class=\"elementor-divider\">\n\t\t\t<span class=\"elementor-divider-separator\">\n\t\t\t\t\t\t<\/span>\n\t\t<\/div>\n\t\t\t\t\t\t<\/div>\n\t\t\t\t<\/div>\n\t\t\t\t<div class=\"elementor-element elementor-element-32c9f09 elementor-widget elementor-widget-text-editor\" data-id=\"32c9f09\" data-element_type=\"widget\" data-e-type=\"widget\" data-widget_type=\"text-editor.default\">\n\t\t\t\t<div class=\"elementor-widget-container\">\n\t\t\t\t\t\t\t\t\t<p><strong>Per apparire sul nostro cartellone a Times Square, vai alla sezione CONTATTI.<\/strong><\/p>\n<p>Ecco come funziona:<\/p>\n<p>Che si tratti di un compleanno, di una proposta di matrimonio, di un anniversario o di una semplice dichiarazione d&#8217;amore, abbiamo pensato a te. Non essere una faccia nella folla! <br \/>Metti la tua foto o il tuo video sul nostro cartellone a Times Square!<\/p>\n<p>Opzione 1: il tuo video\/foto di 60 secondi sar\u00e0 visualizzato 22 volte al giorno.<br \/>Opzione 2: il tuo video\/foto di 30 secondi sar\u00e0 visualizzato 44 volte al giorno<br \/>Opzione 3: il tuo video\/foto di 15 secondi sar\u00e0 visualizzato 88 volte al giorno.<\/p>\n<p>Il nostro cartellone pubblicitario ha una dimensione di 31 piedi x 55 piedi e si trova al 1560 di Broadway (Broadway e 46th Street, proprio sopra il negozio Pel\u00e9).<\/p>\n<p>Non essere una faccia nella folla!<\/p>\n\t\t\t\t\t\t\t\t<\/div>\n\t\t\t\t<\/div>\n\t\t\t\t<div class=\"elementor-element elementor-element-ac251be elementor-widget elementor-widget-image\" data-id=\"ac251be\" data-element_type=\"widget\" data-e-type=\"widget\" data-widget_type=\"image.default\">\n\t\t\t\t<div class=\"elementor-widget-container\">\n\t\t\t\t\t\t\t\t\t\t\t\t\t\t\t<img fetchpriority=\"high\" decoding=\"async\" width=\"1024\" height=\"625\" src=\"https:\/\/welcome-to-times-square.com\/wp-content\/uploads\/2022\/05\/Resources-guidance-and-information-on-covid-19-1024x625.png\" class=\"attachment-large size-large wp-image-6234\" alt=\"\" srcset=\"https:\/\/welcome-to-times-square.com\/wp-content\/uploads\/2022\/05\/Resources-guidance-and-information-on-covid-19-1024x625.png 1024w, https:\/\/welcome-to-times-square.com\/wp-content\/uploads\/2022\/05\/Resources-guidance-and-information-on-covid-19-600x366.png 600w, https:\/\/welcome-to-times-square.com\/wp-content\/uploads\/2022\/05\/Resources-guidance-and-information-on-covid-19-300x183.png 300w, https:\/\/welcome-to-times-square.com\/wp-content\/uploads\/2022\/05\/Resources-guidance-and-information-on-covid-19-768x468.png 768w, https:\/\/welcome-to-times-square.com\/wp-content\/uploads\/2022\/05\/Resources-guidance-and-information-on-covid-19.png 1128w\" sizes=\"(max-width: 1024px) 100vw, 1024px\" \/>\t\t\t\t\t\t\t\t\t\t\t\t\t\t\t<\/div>\n\t\t\t\t<\/div>\n\t\t\t\t\t<\/div>\n\t\t\t\t<\/div>\n\t\t\t\t<\/div>\n\t\t","protected":false},"excerpt":{"rendered":"Risorse, indicazioni e informazioni su covid 19 Risorse, guida e informazioni sul covid 19, i vaccini sono uno strumento fondamentale per garantire protezione a te e alla tua comunit\u00e0 da COVID-19 grave, ospedalizzazione e morte. Hanno dimostrato di essere sicuri e attualmente proteggono milioni di newyorkesi vaccinati contro il COVID-19. La vaccinazione \u00e8 pi\u00f9 sicura [...]<a href=\"https:\/\/welcome-to-times-square.com\/it\/resources-guidance-and-information-on-covid-19\/\" class=\"read-more wyz-secondary-color-text\">read more<span class=\"screen-reader-text\">Risorse, indicazioni e informazioni su covid 19<\/span><\/a>","protected":false},"author":53,"featured_media":0,"parent":0,"menu_order":0,"comment_status":"closed","ping_status":"closed","template":"elementor_header_footer","meta":{"footnotes":""},"class_list":["post-9024","page","type-page","status-publish","hentry"],"yoast_head":"<!-- This site is optimized with the Yoast SEO plugin v27.2 - https:\/\/yoast.com\/product\/yoast-seo-wordpress\/ -->\n<title>Risorse, indicazioni e informazioni su covid 19 - times-square<\/title>\n<meta name=\"robots\" content=\"index, follow, max-snippet:-1, max-image-preview:large, max-video-preview:-1\" \/>\n<link rel=\"canonical\" href=\"https:\/\/welcome-to-times-square.com\/it\/resources-guidance-and-information-on-covid-19\/\" \/>\n<meta property=\"og:locale\" content=\"it_IT\" \/>\n<meta property=\"og:type\" content=\"article\" \/>\n<meta property=\"og:title\" content=\"Risorse, indicazioni e informazioni su covid 19 - times-square\" \/>\n<meta property=\"og:description\" content=\"Risorse, indicazioni e informazioni su covid 19 Risorse, guida e informazioni sul covid 19, i vaccini sono uno strumento fondamentale per garantire protezione a te e alla tua comunit\u00e0 da COVID-19 grave, ospedalizzazione e morte. Hanno dimostrato di essere sicuri e attualmente proteggono milioni di newyorkesi vaccinati contro il COVID-19. La vaccinazione \u00e8 pi\u00f9 sicura [...]read moreRisorse, indicazioni e informazioni su covid 19\" \/>\n<meta property=\"og:url\" content=\"https:\/\/welcome-to-times-square.com\/it\/resources-guidance-and-information-on-covid-19\/\" \/>\n<meta property=\"og:site_name\" content=\"times-square\" \/>\n<meta property=\"article:modified_time\" content=\"2025-01-17T11:50:39+00:00\" \/>\n<meta property=\"og:image\" content=\"https:\/\/welcome-to-times-square.com\/wp-content\/uploads\/2022\/05\/Resources-guidance-and-information-on-covid-19-1024x625.png\" \/>\n\t<meta property=\"og:image:width\" content=\"1024\" \/>\n\t<meta property=\"og:image:height\" content=\"625\" \/>\n\t<meta property=\"og:image:type\" content=\"image\/png\" \/>\n<meta name=\"twitter:card\" content=\"summary_large_image\" \/>\n<meta name=\"twitter:label1\" content=\"Tempo di lettura stimato\" \/>\n\t<meta name=\"twitter:data1\" content=\"4 minuti\" \/>\n<script type=\"application\/ld+json\" class=\"yoast-schema-graph\">{\"@context\":\"https:\/\/schema.org\",\"@graph\":[{\"@type\":\"WebPage\",\"@id\":\"https:\/\/welcome-to-times-square.com\/it\/resources-guidance-and-information-on-covid-19\/\",\"url\":\"https:\/\/welcome-to-times-square.com\/it\/resources-guidance-and-information-on-covid-19\/\",\"name\":\"Risorse, indicazioni e informazioni su covid 19 - times-square\",\"isPartOf\":{\"@id\":\"https:\/\/welcome-to-times-square.com\/it\/#website\"},\"primaryImageOfPage\":{\"@id\":\"https:\/\/welcome-to-times-square.com\/it\/resources-guidance-and-information-on-covid-19\/#primaryimage\"},\"image\":{\"@id\":\"https:\/\/welcome-to-times-square.com\/it\/resources-guidance-and-information-on-covid-19\/#primaryimage\"},\"thumbnailUrl\":\"https:\/\/welcome-to-times-square.com\/wp-content\/uploads\/2022\/05\/Resources-guidance-and-information-on-covid-19-1024x625.png\",\"datePublished\":\"2022-05-02T21:05:07+00:00\",\"dateModified\":\"2025-01-17T11:50:39+00:00\",\"breadcrumb\":{\"@id\":\"https:\/\/welcome-to-times-square.com\/it\/resources-guidance-and-information-on-covid-19\/#breadcrumb\"},\"inLanguage\":\"it-IT\",\"potentialAction\":[{\"@type\":\"ReadAction\",\"target\":[\"https:\/\/welcome-to-times-square.com\/it\/resources-guidance-and-information-on-covid-19\/\"]}]},{\"@type\":\"ImageObject\",\"inLanguage\":\"it-IT\",\"@id\":\"https:\/\/welcome-to-times-square.com\/it\/resources-guidance-and-information-on-covid-19\/#primaryimage\",\"url\":\"https:\/\/welcome-to-times-square.com\/wp-content\/uploads\/2022\/05\/Resources-guidance-and-information-on-covid-19-1024x625.png\",\"contentUrl\":\"https:\/\/welcome-to-times-square.com\/wp-content\/uploads\/2022\/05\/Resources-guidance-and-information-on-covid-19-1024x625.png\"},{\"@type\":\"BreadcrumbList\",\"@id\":\"https:\/\/welcome-to-times-square.com\/it\/resources-guidance-and-information-on-covid-19\/#breadcrumb\",\"itemListElement\":[{\"@type\":\"ListItem\",\"position\":1,\"name\":\"Home\",\"item\":\"https:\/\/welcome-to-times-square.com\/it\/\"},{\"@type\":\"ListItem\",\"position\":2,\"name\":\"Risorse, indicazioni e informazioni su covid 19\"}]},{\"@type\":\"WebSite\",\"@id\":\"https:\/\/welcome-to-times-square.com\/it\/#website\",\"url\":\"https:\/\/welcome-to-times-square.com\/it\/\",\"name\":\"times-square\",\"description\":\"times-square\",\"publisher\":{\"@id\":\"https:\/\/welcome-to-times-square.com\/it\/#organization\"},\"potentialAction\":[{\"@type\":\"SearchAction\",\"target\":{\"@type\":\"EntryPoint\",\"urlTemplate\":\"https:\/\/welcome-to-times-square.com\/it\/?s={search_term_string}\"},\"query-input\":{\"@type\":\"PropertyValueSpecification\",\"valueRequired\":true,\"valueName\":\"search_term_string\"}}],\"inLanguage\":\"it-IT\"},{\"@type\":\"Organization\",\"@id\":\"https:\/\/welcome-to-times-square.com\/it\/#organization\",\"name\":\"times-square\",\"url\":\"https:\/\/welcome-to-times-square.com\/it\/\",\"logo\":{\"@type\":\"ImageObject\",\"inLanguage\":\"it-IT\",\"@id\":\"https:\/\/welcome-to-times-square.com\/it\/#\/schema\/logo\/image\/\",\"url\":\"https:\/\/welcome-to-times-square.com\/wp-content\/uploads\/2024\/03\/welcome-to-time-square-logo-with-r.png\",\"contentUrl\":\"https:\/\/welcome-to-times-square.com\/wp-content\/uploads\/2024\/03\/welcome-to-time-square-logo-with-r.png\",\"width\":500,\"height\":342,\"caption\":\"times-square\"},\"image\":{\"@id\":\"https:\/\/welcome-to-times-square.com\/it\/#\/schema\/logo\/image\/\"}}]}<\/script>\n<!-- \/ Yoast SEO plugin. -->","yoast_head_json":{"title":"Risorse, indicazioni e informazioni su covid 19 - times-square","robots":{"index":"index","follow":"follow","max-snippet":"max-snippet:-1","max-image-preview":"max-image-preview:large","max-video-preview":"max-video-preview:-1"},"canonical":"https:\/\/welcome-to-times-square.com\/it\/resources-guidance-and-information-on-covid-19\/","og_locale":"it_IT","og_type":"article","og_title":"Risorse, indicazioni e informazioni su covid 19 - times-square","og_description":"Risorse, indicazioni e informazioni su covid 19 Risorse, guida e informazioni sul covid 19, i vaccini sono uno strumento fondamentale per garantire protezione a te e alla tua comunit\u00e0 da COVID-19 grave, ospedalizzazione e morte. Hanno dimostrato di essere sicuri e attualmente proteggono milioni di newyorkesi vaccinati contro il COVID-19. La vaccinazione \u00e8 pi\u00f9 sicura [...]read moreRisorse, indicazioni e informazioni su covid 19","og_url":"https:\/\/welcome-to-times-square.com\/it\/resources-guidance-and-information-on-covid-19\/","og_site_name":"times-square","article_modified_time":"2025-01-17T11:50:39+00:00","og_image":[{"width":1024,"height":625,"url":"https:\/\/welcome-to-times-square.com\/wp-content\/uploads\/2022\/05\/Resources-guidance-and-information-on-covid-19-1024x625.png","type":"image\/png"}],"twitter_card":"summary_large_image","twitter_misc":{"Tempo di lettura stimato":"4 minuti"},"schema":{"@context":"https:\/\/schema.org","@graph":[{"@type":"WebPage","@id":"https:\/\/welcome-to-times-square.com\/it\/resources-guidance-and-information-on-covid-19\/","url":"https:\/\/welcome-to-times-square.com\/it\/resources-guidance-and-information-on-covid-19\/","name":"Risorse, indicazioni e informazioni su covid 19 - times-square","isPartOf":{"@id":"https:\/\/welcome-to-times-square.com\/it\/#website"},"primaryImageOfPage":{"@id":"https:\/\/welcome-to-times-square.com\/it\/resources-guidance-and-information-on-covid-19\/#primaryimage"},"image":{"@id":"https:\/\/welcome-to-times-square.com\/it\/resources-guidance-and-information-on-covid-19\/#primaryimage"},"thumbnailUrl":"https:\/\/welcome-to-times-square.com\/wp-content\/uploads\/2022\/05\/Resources-guidance-and-information-on-covid-19-1024x625.png","datePublished":"2022-05-02T21:05:07+00:00","dateModified":"2025-01-17T11:50:39+00:00","breadcrumb":{"@id":"https:\/\/welcome-to-times-square.com\/it\/resources-guidance-and-information-on-covid-19\/#breadcrumb"},"inLanguage":"it-IT","potentialAction":[{"@type":"ReadAction","target":["https:\/\/welcome-to-times-square.com\/it\/resources-guidance-and-information-on-covid-19\/"]}]},{"@type":"ImageObject","inLanguage":"it-IT","@id":"https:\/\/welcome-to-times-square.com\/it\/resources-guidance-and-information-on-covid-19\/#primaryimage","url":"https:\/\/welcome-to-times-square.com\/wp-content\/uploads\/2022\/05\/Resources-guidance-and-information-on-covid-19-1024x625.png","contentUrl":"https:\/\/welcome-to-times-square.com\/wp-content\/uploads\/2022\/05\/Resources-guidance-and-information-on-covid-19-1024x625.png"},{"@type":"BreadcrumbList","@id":"https:\/\/welcome-to-times-square.com\/it\/resources-guidance-and-information-on-covid-19\/#breadcrumb","itemListElement":[{"@type":"ListItem","position":1,"name":"Home","item":"https:\/\/welcome-to-times-square.com\/it\/"},{"@type":"ListItem","position":2,"name":"Risorse, indicazioni e informazioni su covid 19"}]},{"@type":"WebSite","@id":"https:\/\/welcome-to-times-square.com\/it\/#website","url":"https:\/\/welcome-to-times-square.com\/it\/","name":"times-square","description":"times-square","publisher":{"@id":"https:\/\/welcome-to-times-square.com\/it\/#organization"},"potentialAction":[{"@type":"SearchAction","target":{"@type":"EntryPoint","urlTemplate":"https:\/\/welcome-to-times-square.com\/it\/?s={search_term_string}"},"query-input":{"@type":"PropertyValueSpecification","valueRequired":true,"valueName":"search_term_string"}}],"inLanguage":"it-IT"},{"@type":"Organization","@id":"https:\/\/welcome-to-times-square.com\/it\/#organization","name":"times-square","url":"https:\/\/welcome-to-times-square.com\/it\/","logo":{"@type":"ImageObject","inLanguage":"it-IT","@id":"https:\/\/welcome-to-times-square.com\/it\/#\/schema\/logo\/image\/","url":"https:\/\/welcome-to-times-square.com\/wp-content\/uploads\/2024\/03\/welcome-to-time-square-logo-with-r.png","contentUrl":"https:\/\/welcome-to-times-square.com\/wp-content\/uploads\/2024\/03\/welcome-to-time-square-logo-with-r.png","width":500,"height":342,"caption":"times-square"},"image":{"@id":"https:\/\/welcome-to-times-square.com\/it\/#\/schema\/logo\/image\/"}}]}},"_hostinger_reach_plugin_has_subscription_block":false,"_hostinger_reach_plugin_is_elementor":false,"_links":{"self":[{"href":"https:\/\/welcome-to-times-square.com\/it\/wp-json\/wp\/v2\/pages\/9024","targetHints":{"allow":["GET"]}}],"collection":[{"href":"https:\/\/welcome-to-times-square.com\/it\/wp-json\/wp\/v2\/pages"}],"about":[{"href":"https:\/\/welcome-to-times-square.com\/it\/wp-json\/wp\/v2\/types\/page"}],"author":[{"embeddable":true,"href":"https:\/\/welcome-to-times-square.com\/it\/wp-json\/wp\/v2\/users\/53"}],"replies":[{"embeddable":true,"href":"https:\/\/welcome-to-times-square.com\/it\/wp-json\/wp\/v2\/comments?post=9024"}],"version-history":[{"count":2,"href":"https:\/\/welcome-to-times-square.com\/it\/wp-json\/wp\/v2\/pages\/9024\/revisions"}],"predecessor-version":[{"id":9041,"href":"https:\/\/welcome-to-times-square.com\/it\/wp-json\/wp\/v2\/pages\/9024\/revisions\/9041"}],"wp:attachment":[{"href":"https:\/\/welcome-to-times-square.com\/it\/wp-json\/wp\/v2\/media?parent=9024"}],"curies":[{"name":"wp","href":"https:\/\/api.w.org\/{rel}","templated":true}]}}