{"id":9037,"date":"2022-05-10T20:25:13","date_gmt":"2022-05-10T20:25:13","guid":{"rendered":"https:\/\/welcome-to-times-square.com\/a-taste-of-times-square\/"},"modified":"2025-01-17T12:25:03","modified_gmt":"2025-01-17T12:25:03","slug":"a-taste-of-times-square","status":"publish","type":"page","link":"https:\/\/welcome-to-times-square.com\/it\/a-taste-of-times-square\/","title":{"rendered":"Un assaggio di Times Square"},"content":{"rendered":"\t\t<div data-elementor-type=\"wp-page\" data-elementor-id=\"9037\" class=\"elementor elementor-9037 elementor-2930\" data-elementor-post-type=\"page\">\n\t\t\t\t<div class=\"elementor-element elementor-element-42dac68 e-flex e-con-boxed e-con e-parent\" data-id=\"42dac68\" data-element_type=\"container\" data-e-type=\"container\" data-settings=\"{&quot;background_background&quot;:&quot;classic&quot;}\">\n\t\t\t\t\t<div class=\"e-con-inner\">\n\t\t\t\t<div class=\"elementor-element elementor-element-e940f2c elementor-widget elementor-widget-heading\" data-id=\"e940f2c\" data-element_type=\"widget\" data-e-type=\"widget\" data-widget_type=\"heading.default\">\n\t\t\t\t<div class=\"elementor-widget-container\">\n\t\t\t\t\t<h2 class=\"elementor-heading-title elementor-size-default\">Un assaggio di Times Square<\/h2>\t\t\t\t<\/div>\n\t\t\t\t<\/div>\n\t\t\t\t<div class=\"elementor-element elementor-element-ee2ef11 elementor-widget-divider--view-line elementor-widget elementor-widget-divider\" data-id=\"ee2ef11\" data-element_type=\"widget\" data-e-type=\"widget\" data-widget_type=\"divider.default\">\n\t\t\t\t<div class=\"elementor-widget-container\">\n\t\t\t\t\t\t\t<div class=\"elementor-divider\">\n\t\t\t<span class=\"elementor-divider-separator\">\n\t\t\t\t\t\t<\/span>\n\t\t<\/div>\n\t\t\t\t\t\t<\/div>\n\t\t\t\t<\/div>\n\t\t\t\t<div class=\"elementor-element elementor-element-ae3d1ba elementor-widget elementor-widget-text-editor\" data-id=\"ae3d1ba\" data-element_type=\"widget\" data-e-type=\"widget\" data-widget_type=\"text-editor.default\">\n\t\t\t\t<div class=\"elementor-widget-container\">\n\t\t\t\t\t\t\t\t\t<div class=\"vc_row wpb_row vc_row-fluid vc_custom_1652220524696 vc_row-has-fill\">\n<div class=\"wpb_column vc_column_container vc_col-sm-12\">\n<div class=\"vc_column-inner\">\n<div class=\"wpb_wrapper\">\n<div class=\"vc_tta-container\" data-vc-action=\"collapse\">\n<div class=\"vc_general vc_tta vc_tta-tabs vc_tta-color-grey vc_tta-style-classic vc_tta-shape-rounded vc_tta-spacing-1 vc_tta-tabs-position-top vc_tta-controls-align-left\">\n<div class=\"vc_tta-panels-container\">\n<div class=\"vc_tta-panels\">\n<div id=\"1652214017249-6e849582-de04\" class=\"vc_tta-panel vc_active\" data-vc-content=\".vc_tta-panel-body\">\n<div class=\"vc_tta-panel-body\">\n<div class=\"wpb_text_column wpb_content_element \">\n<div class=\"wpb_wrapper\">\n<p>Ci sono tanti ristoranti e bar attorno a Times Square quante sono le persone che camminano per le sue strade. Ci sono offerte gastronomiche per tutti i gusti e per tutte le et\u00e0. Dai piatti pi\u00f9 tradizionali e storici, alle nuove delizie gourmet degli chef pi\u00f9 innovativi. Times Square vi invita a godervi la vita a pancia piena.   <\/p>\n<p>Taste of Times Square \u00e8 una delle celebrazioni annuali di Times Square dedicate ai fantastici e meravigliosi ristoranti di New York City, con tutti i loro sapori e la variet\u00e0 di piatti. Il COVID-19 ha fermato l&#8217;annuale festival culinario e musicale all&#8217;aperto, che di solito dura diversi isolati, ma grazie ai progressi della scienza, quest&#8217;anno \u00e8 stato possibile celebrare e promuovere le attivit\u00e0 commerciali locali e a giugno i festival torneranno. speciali menu fissi da tre portate a $ 35 nei ristoranti partecipanti.  <\/p>\n<p>Taste of Times Square, i clienti abituali e i commensali potranno uscire e provare i migliori ristoranti di Times Square, potranno provare l&#8217;ottimo cibo e gustarlo con sicurezza sapendo che stanno prendendo tutte le misure appropriate per proteggere la salute e la sicurezza dei clienti e del personale. Puoi anche assistere ad alcune esibizioni a sorpresa tra le 17:30 e le 19:00 da Hell&#8217;s Kitchen Happiness Krewe.   <\/p>\n<p>Saranno offerti men\u00f9 a prezzo fisso Taste of Times Square per consumazioni al chiuso, all&#8217;aperto, da asporto e con consegna a domicilio presso alcuni ristoranti partecipanti.<\/p>\n<p>Taste of Times Square: \u00e8 ripresa la ristorazione al chiuso nei ristoranti della citt\u00e0 di Times Square; ora, senza pi\u00f9 bisogno di indossare mascherine o tessere vaccinali, le terrazze per mangiare all&#8217;aperto, ricavate nelle vecchie corsie di parcheggio, sono diventate i luoghi preferiti dai newyorkesi e dai turisti.<\/p>\n<p>Nel frattempo, la citt\u00e0 sta ampliando il suo programma Open Streets, che chiude le strade ai veicoli e le apre ai pedoni.<\/p>\n<p>Taste of Times Square, l&#8217;espansione di questo programma, doveva originariamente essere uno spazio in cui le persone potessero fare esercizio fisico, ma \u00e8 destinato in parte ad aumentare il traffico pedonale lungo i corridoi commerciali in difficolt\u00e0 e a dare ai quartieri a basso reddito opportunit\u00e0 simili a quelle delle enclave pi\u00f9 ricche e di alto profilo.<\/p>\n<p>I ristoranti messicani hanno molto da raccontare, Casa Carmen \u00e8 uno dei pi\u00f9 recenti della citt\u00e0 e l\u2019eredit\u00e0 culinaria di Carmen \u201cTitita\u201d Ram\u00edrez Degollado \u00e8 in prima linea per continuare a diffondere questa grande cultura gastronomica.<\/p>\n<p>Taste of Times Square, la pizza \u00e8 molto importante per i newyorkesi, alcune delle pizzerie pi\u00f9 eccezionali consigliate dai clienti sono: Capizzi, Uncle Paul&#8217;s Pizza NY, Lombardi&#8217;s Pizza, Juliana&#8217;s Pizza, Kest\u00e9 Pizza &amp; Vino, John&#8217;s of Bleecker Street, Grimaldi&#8217;s, tra le altre.<\/p>\n<p>Taste of Times Square, le pizzerie di New York sono note per la loro ampia variet\u00e0 di gusti di pizza. Puoi trovare dal pi\u00f9 semplice al pi\u00f9 esotico. Ci sono mozzarella, pepperoni, ricotta, pollo e cheddar, pollo con salsa di bufalo, cipolla, lasagna, barbecue, spinaci, ananas, bacon, melanzane, napoletana, tra le altre variet\u00e0. E ci sono anche opzioni vegane.   <\/p>\n<p>Taste of Times Square, Hard Rock Caf\u00e9, Situato nel centro di New York City e nel cuore di Times Square, l&#8217;Hard Rock Caf\u00e9 di New York delizier\u00e0 i vostri sensi con cibo e bevande invitanti e un&#8217;impressionante collezione di cimeli musicali. Times Square, chiamata anche &#8220;The Crossroads of the World&#8221;, ospita il New Year&#8217;s Eve Ball Drop, Broadway Theatre. <\/p>\n<p>Taste of Times Square, lo Skylark non pu\u00f2 mancare nella lista dei migliori rooftop-bar di Times Square. \u00c8 suddiviso come segue: il piano superiore \u00e8 la terrazza sul tetto e gli altri due piani formano il soggiorno. La sua decorazione \u00e8 incredibile e capirai perch\u00e9 vale la pena visitare ognuno dei tre livelli una volta all&#8217;anno. Su uno qualsiasi dei tre livelli godrai di magnifiche viste sulla citt\u00e0.   <\/p>\n<p>Taste of Times Square, il CATCH Roof \u00e8 diventato una meta fissa per molti newyorkesi in cerca di un posto carino e tranquillo dove gustare del buon cibo e un cocktail, rifuggendo dagli affollati rooftop bar del centro. Come puoi vedere, il sito ha l&#8217;equilibrio ideale tra eleganza e modernit\u00e0, con un tocco industriale attuale molto in linea con Meatpacking. Il posto include un rooftop bar con vista sullo skyline di Manhattan, una sala interna per i mesi pi\u00f9 freddi del rigido inverno e un bellissimo e ricco ristorante, perfetto per una serata romantica. Inoltre, di notte \u00e8 comune trovare DJ che suonano musica dal vivo. A nostro parere, senza dubbio una combinazione vincente.    <\/p>\n<\/div>\n<\/div>\n<\/div>\n<\/div>\n<\/div>\n<\/div>\n<\/div>\n<\/div>\n<\/div>\n<\/div>\n<\/div>\n<\/div>\n\t\t\t\t\t\t\t\t<\/div>\n\t\t\t\t<\/div>\n\t\t\t\t<div class=\"elementor-element elementor-element-7eff627 elementor-widget-divider--view-line elementor-widget elementor-widget-divider\" data-id=\"7eff627\" data-element_type=\"widget\" data-e-type=\"widget\" data-widget_type=\"divider.default\">\n\t\t\t\t<div class=\"elementor-widget-container\">\n\t\t\t\t\t\t\t<div class=\"elementor-divider\">\n\t\t\t<span class=\"elementor-divider-separator\">\n\t\t\t\t\t\t<\/span>\n\t\t<\/div>\n\t\t\t\t\t\t<\/div>\n\t\t\t\t<\/div>\n\t\t\t\t<div class=\"elementor-element elementor-element-7323ed4 elementor-widget elementor-widget-text-editor\" data-id=\"7323ed4\" data-element_type=\"widget\" data-e-type=\"widget\" data-widget_type=\"text-editor.default\">\n\t\t\t\t<div class=\"elementor-widget-container\">\n\t\t\t\t\t\t\t\t\t<p><strong>Per apparire sul nostro cartellone a Times Square, vai alla sezione CONTATTI.<\/strong><\/p>\n<p>Ecco come funziona:<\/p>\n<p>Che si tratti di un compleanno, di una proposta di matrimonio, di un anniversario o di una semplice dichiarazione d&#8217;amore, abbiamo pensato a te. Non essere una faccia nella folla! <br \/>Metti la tua foto o il tuo video sul nostro cartellone a Times Square!<\/p>\n<p>Opzione 1: il tuo video\/foto di 60 secondi sar\u00e0 visualizzato 22 volte al giorno.<br \/>Opzione 2: il tuo video\/foto di 30 secondi sar\u00e0 visualizzato 44 volte al giorno<br \/>Opzione 3: il tuo video\/foto di 15 secondi sar\u00e0 visualizzato 88 volte al giorno.<\/p>\n<p>Il nostro cartellone pubblicitario ha una dimensione di 31 piedi x 55 piedi e si trova al 1560 di Broadway (Broadway e 46th Street, proprio sopra il negozio Pel\u00e9).<\/p>\n<p>Non essere una faccia nella folla!<\/p>\n\t\t\t\t\t\t\t\t<\/div>\n\t\t\t\t<\/div>\n\t\t\t\t\t<\/div>\n\t\t\t\t<\/div>\n\t\t\t\t<\/div>\n\t\t","protected":false},"excerpt":{"rendered":"Un assaggio di Times Square Ci sono tanti ristoranti e bar attorno a Times Square quante sono le persone che camminano per le sue strade. Ci sono offerte gastronomiche per tutti i gusti e per tutte le et\u00e0. Dai piatti pi\u00f9 tradizionali e storici, alle nuove delizie gourmet degli chef pi\u00f9 innovativi. Times Square vi [...]<a href=\"https:\/\/welcome-to-times-square.com\/it\/a-taste-of-times-square\/\" class=\"read-more wyz-secondary-color-text\">read more<span class=\"screen-reader-text\">Un assaggio di Times Square<\/span><\/a>","protected":false},"author":53,"featured_media":0,"parent":0,"menu_order":0,"comment_status":"closed","ping_status":"closed","template":"elementor_header_footer","meta":{"footnotes":""},"class_list":["post-9037","page","type-page","status-publish","hentry"],"yoast_head":"<!-- This site is optimized with the Yoast SEO plugin v27.2 - https:\/\/yoast.com\/product\/yoast-seo-wordpress\/ -->\n<title>Un assaggio di Times Square - times-square<\/title>\n<meta name=\"robots\" content=\"index, follow, max-snippet:-1, max-image-preview:large, max-video-preview:-1\" \/>\n<link rel=\"canonical\" href=\"https:\/\/welcome-to-times-square.com\/it\/a-taste-of-times-square\/\" \/>\n<meta property=\"og:locale\" content=\"it_IT\" \/>\n<meta property=\"og:type\" content=\"article\" \/>\n<meta property=\"og:title\" content=\"Un assaggio di Times Square - times-square\" \/>\n<meta property=\"og:description\" content=\"Un assaggio di Times Square Ci sono tanti ristoranti e bar attorno a Times Square quante sono le persone che camminano per le sue strade. Ci sono offerte gastronomiche per tutti i gusti e per tutte le et\u00e0. Dai piatti pi\u00f9 tradizionali e storici, alle nuove delizie gourmet degli chef pi\u00f9 innovativi. Times Square vi [...]read moreUn assaggio di Times Square\" \/>\n<meta property=\"og:url\" content=\"https:\/\/welcome-to-times-square.com\/it\/a-taste-of-times-square\/\" \/>\n<meta property=\"og:site_name\" content=\"times-square\" \/>\n<meta property=\"article:modified_time\" content=\"2025-01-17T12:25:03+00:00\" \/>\n<meta name=\"twitter:card\" content=\"summary_large_image\" \/>\n<meta name=\"twitter:label1\" content=\"Tempo di lettura stimato\" \/>\n\t<meta name=\"twitter:data1\" content=\"4 minuti\" \/>\n<script type=\"application\/ld+json\" class=\"yoast-schema-graph\">{\"@context\":\"https:\/\/schema.org\",\"@graph\":[{\"@type\":\"WebPage\",\"@id\":\"https:\/\/welcome-to-times-square.com\/it\/a-taste-of-times-square\/\",\"url\":\"https:\/\/welcome-to-times-square.com\/it\/a-taste-of-times-square\/\",\"name\":\"Un assaggio di Times Square - times-square\",\"isPartOf\":{\"@id\":\"https:\/\/welcome-to-times-square.com\/it\/#website\"},\"datePublished\":\"2022-05-10T20:25:13+00:00\",\"dateModified\":\"2025-01-17T12:25:03+00:00\",\"breadcrumb\":{\"@id\":\"https:\/\/welcome-to-times-square.com\/it\/a-taste-of-times-square\/#breadcrumb\"},\"inLanguage\":\"it-IT\",\"potentialAction\":[{\"@type\":\"ReadAction\",\"target\":[\"https:\/\/welcome-to-times-square.com\/it\/a-taste-of-times-square\/\"]}]},{\"@type\":\"BreadcrumbList\",\"@id\":\"https:\/\/welcome-to-times-square.com\/it\/a-taste-of-times-square\/#breadcrumb\",\"itemListElement\":[{\"@type\":\"ListItem\",\"position\":1,\"name\":\"Home\",\"item\":\"https:\/\/welcome-to-times-square.com\/it\/\"},{\"@type\":\"ListItem\",\"position\":2,\"name\":\"Un assaggio di Times Square\"}]},{\"@type\":\"WebSite\",\"@id\":\"https:\/\/welcome-to-times-square.com\/it\/#website\",\"url\":\"https:\/\/welcome-to-times-square.com\/it\/\",\"name\":\"times-square\",\"description\":\"times-square\",\"publisher\":{\"@id\":\"https:\/\/welcome-to-times-square.com\/it\/#organization\"},\"potentialAction\":[{\"@type\":\"SearchAction\",\"target\":{\"@type\":\"EntryPoint\",\"urlTemplate\":\"https:\/\/welcome-to-times-square.com\/it\/?s={search_term_string}\"},\"query-input\":{\"@type\":\"PropertyValueSpecification\",\"valueRequired\":true,\"valueName\":\"search_term_string\"}}],\"inLanguage\":\"it-IT\"},{\"@type\":\"Organization\",\"@id\":\"https:\/\/welcome-to-times-square.com\/it\/#organization\",\"name\":\"times-square\",\"url\":\"https:\/\/welcome-to-times-square.com\/it\/\",\"logo\":{\"@type\":\"ImageObject\",\"inLanguage\":\"it-IT\",\"@id\":\"https:\/\/welcome-to-times-square.com\/it\/#\/schema\/logo\/image\/\",\"url\":\"https:\/\/welcome-to-times-square.com\/wp-content\/uploads\/2024\/03\/welcome-to-time-square-logo-with-r.png\",\"contentUrl\":\"https:\/\/welcome-to-times-square.com\/wp-content\/uploads\/2024\/03\/welcome-to-time-square-logo-with-r.png\",\"width\":500,\"height\":342,\"caption\":\"times-square\"},\"image\":{\"@id\":\"https:\/\/welcome-to-times-square.com\/it\/#\/schema\/logo\/image\/\"}}]}<\/script>\n<!-- \/ Yoast SEO plugin. -->","yoast_head_json":{"title":"Un assaggio di Times Square - times-square","robots":{"index":"index","follow":"follow","max-snippet":"max-snippet:-1","max-image-preview":"max-image-preview:large","max-video-preview":"max-video-preview:-1"},"canonical":"https:\/\/welcome-to-times-square.com\/it\/a-taste-of-times-square\/","og_locale":"it_IT","og_type":"article","og_title":"Un assaggio di Times Square - times-square","og_description":"Un assaggio di Times Square Ci sono tanti ristoranti e bar attorno a Times Square quante sono le persone che camminano per le sue strade. Ci sono offerte gastronomiche per tutti i gusti e per tutte le et\u00e0. Dai piatti pi\u00f9 tradizionali e storici, alle nuove delizie gourmet degli chef pi\u00f9 innovativi. Times Square vi [...]read moreUn assaggio di Times Square","og_url":"https:\/\/welcome-to-times-square.com\/it\/a-taste-of-times-square\/","og_site_name":"times-square","article_modified_time":"2025-01-17T12:25:03+00:00","twitter_card":"summary_large_image","twitter_misc":{"Tempo di lettura stimato":"4 minuti"},"schema":{"@context":"https:\/\/schema.org","@graph":[{"@type":"WebPage","@id":"https:\/\/welcome-to-times-square.com\/it\/a-taste-of-times-square\/","url":"https:\/\/welcome-to-times-square.com\/it\/a-taste-of-times-square\/","name":"Un assaggio di Times Square - times-square","isPartOf":{"@id":"https:\/\/welcome-to-times-square.com\/it\/#website"},"datePublished":"2022-05-10T20:25:13+00:00","dateModified":"2025-01-17T12:25:03+00:00","breadcrumb":{"@id":"https:\/\/welcome-to-times-square.com\/it\/a-taste-of-times-square\/#breadcrumb"},"inLanguage":"it-IT","potentialAction":[{"@type":"ReadAction","target":["https:\/\/welcome-to-times-square.com\/it\/a-taste-of-times-square\/"]}]},{"@type":"BreadcrumbList","@id":"https:\/\/welcome-to-times-square.com\/it\/a-taste-of-times-square\/#breadcrumb","itemListElement":[{"@type":"ListItem","position":1,"name":"Home","item":"https:\/\/welcome-to-times-square.com\/it\/"},{"@type":"ListItem","position":2,"name":"Un assaggio di Times Square"}]},{"@type":"WebSite","@id":"https:\/\/welcome-to-times-square.com\/it\/#website","url":"https:\/\/welcome-to-times-square.com\/it\/","name":"times-square","description":"times-square","publisher":{"@id":"https:\/\/welcome-to-times-square.com\/it\/#organization"},"potentialAction":[{"@type":"SearchAction","target":{"@type":"EntryPoint","urlTemplate":"https:\/\/welcome-to-times-square.com\/it\/?s={search_term_string}"},"query-input":{"@type":"PropertyValueSpecification","valueRequired":true,"valueName":"search_term_string"}}],"inLanguage":"it-IT"},{"@type":"Organization","@id":"https:\/\/welcome-to-times-square.com\/it\/#organization","name":"times-square","url":"https:\/\/welcome-to-times-square.com\/it\/","logo":{"@type":"ImageObject","inLanguage":"it-IT","@id":"https:\/\/welcome-to-times-square.com\/it\/#\/schema\/logo\/image\/","url":"https:\/\/welcome-to-times-square.com\/wp-content\/uploads\/2024\/03\/welcome-to-time-square-logo-with-r.png","contentUrl":"https:\/\/welcome-to-times-square.com\/wp-content\/uploads\/2024\/03\/welcome-to-time-square-logo-with-r.png","width":500,"height":342,"caption":"times-square"},"image":{"@id":"https:\/\/welcome-to-times-square.com\/it\/#\/schema\/logo\/image\/"}}]}},"_hostinger_reach_plugin_has_subscription_block":false,"_hostinger_reach_plugin_is_elementor":false,"_links":{"self":[{"href":"https:\/\/welcome-to-times-square.com\/it\/wp-json\/wp\/v2\/pages\/9037","targetHints":{"allow":["GET"]}}],"collection":[{"href":"https:\/\/welcome-to-times-square.com\/it\/wp-json\/wp\/v2\/pages"}],"about":[{"href":"https:\/\/welcome-to-times-square.com\/it\/wp-json\/wp\/v2\/types\/page"}],"author":[{"embeddable":true,"href":"https:\/\/welcome-to-times-square.com\/it\/wp-json\/wp\/v2\/users\/53"}],"replies":[{"embeddable":true,"href":"https:\/\/welcome-to-times-square.com\/it\/wp-json\/wp\/v2\/comments?post=9037"}],"version-history":[{"count":2,"href":"https:\/\/welcome-to-times-square.com\/it\/wp-json\/wp\/v2\/pages\/9037\/revisions"}],"predecessor-version":[{"id":9073,"href":"https:\/\/welcome-to-times-square.com\/it\/wp-json\/wp\/v2\/pages\/9037\/revisions\/9073"}],"wp:attachment":[{"href":"https:\/\/welcome-to-times-square.com\/it\/wp-json\/wp\/v2\/media?parent=9037"}],"curies":[{"name":"wp","href":"https:\/\/api.w.org\/{rel}","templated":true}]}}