{"id":9050,"date":"2022-05-02T21:18:28","date_gmt":"2022-05-02T21:18:28","guid":{"rendered":"https:\/\/welcome-to-times-square.com\/history-of-times-square\/"},"modified":"2025-09-12T14:06:02","modified_gmt":"2025-09-12T14:06:02","slug":"history-of-times-square","status":"publish","type":"page","link":"https:\/\/welcome-to-times-square.com\/it\/history-of-times-square\/","title":{"rendered":"Storia di Times Square"},"content":{"rendered":"\t\t<div data-elementor-type=\"wp-page\" data-elementor-id=\"9050\" class=\"elementor elementor-9050 elementor-2884\" data-elementor-post-type=\"page\">\n\t\t\t\t<div class=\"elementor-element elementor-element-67403a9 e-flex e-con-boxed e-con e-parent\" data-id=\"67403a9\" data-element_type=\"container\" data-e-type=\"container\" data-settings=\"{&quot;background_background&quot;:&quot;classic&quot;}\">\n\t\t\t\t\t<div class=\"e-con-inner\">\n\t\t\t\t<div class=\"elementor-element elementor-element-42c7c90 elementor-widget elementor-widget-heading\" data-id=\"42c7c90\" data-element_type=\"widget\" data-e-type=\"widget\" data-widget_type=\"heading.default\">\n\t\t\t\t<div class=\"elementor-widget-container\">\n\t\t\t\t\t<h2 class=\"elementor-heading-title elementor-size-default\">Storia di Times Square<\/h2>\t\t\t\t<\/div>\n\t\t\t\t<\/div>\n\t\t\t\t<div class=\"elementor-element elementor-element-3b04843 elementor-widget-divider--view-line elementor-widget elementor-widget-divider\" data-id=\"3b04843\" data-element_type=\"widget\" data-e-type=\"widget\" data-widget_type=\"divider.default\">\n\t\t\t\t<div class=\"elementor-widget-container\">\n\t\t\t\t\t\t\t<div class=\"elementor-divider\">\n\t\t\t<span class=\"elementor-divider-separator\">\n\t\t\t\t\t\t<\/span>\n\t\t<\/div>\n\t\t\t\t\t\t<\/div>\n\t\t\t\t<\/div>\n\t\t\t\t<div class=\"elementor-element elementor-element-2dc70aa elementor-widget elementor-widget-text-editor\" data-id=\"2dc70aa\" data-element_type=\"widget\" data-e-type=\"widget\" data-widget_type=\"text-editor.default\">\n\t\t\t\t<div class=\"elementor-widget-container\">\n\t\t\t\t\t\t\t\t\t<div class=\"vc_row wpb_row vc_row-fluid vc_custom_1652220116103 vc_row-has-fill\"><div class=\"wpb_column vc_column_container vc_col-sm-12\"><div class=\"vc_column-inner\"><div class=\"wpb_wrapper\"><div class=\"vc_tta-container\" data-vc-action=\"collapse\"><div class=\"vc_general vc_tta vc_tta-tabs vc_tta-color-grey vc_tta-style-classic vc_tta-shape-rounded vc_tta-spacing-1 vc_tta-tabs-position-top vc_tta-controls-align-left\"><div class=\"vc_tta-panels-container\"><div class=\"vc_tta-panels\"><div id=\"1651526556988-7f2d79f0-76fe\" class=\"vc_tta-panel vc_active\" data-vc-content=\".vc_tta-panel-body\"><div class=\"vc_tta-panel-body\"><div class=\"wpb_text_column wpb_content_element \"><div class=\"wpb_wrapper\"><p>L&#8217;origine di questo luogo era nota come Long Acre Square, ma fu rinominata Times Square dopo essere stata situata nel 1904, all&#8217;incrocio con la 42nd Street, la sede del New York Times. Nel 1913, gli uffici del giornale si trasferirono al 229 43rd Street e l&#8217;edificio fu rinominato 1 Times Square nel 1961. <\/p><p>Storia di Times Square, all&#8217;inizio del XX secolo, Times Square divenne uno dei luoghi pi\u00f9 importanti di New York City, con la costruzione di teatri, ristoranti e hotel di lusso e di prima classe. Il sito inizi\u00f2 a cambiare negli anni &#8217;30, quando divenne un luogo pericoloso con prostituzione, criminalit\u00e0 e droga, questo dur\u00f2 per pi\u00f9 di mezzo secolo. <\/p><p>Storia di Times Square Negli anni &#8217;80 i <a href=\"https:\/\/www.britannica.com\/biography\/Ed-Koch\">sindaci Ed Koch<\/a> e <a href=\"https:\/\/www.britannica.com\/biography\/David-Dinkins\">David Dinkins<\/a> avviarono un progetto di riqualificazione di Midtown Manhattan che comprendeva anche Times Square. Negli anni &#8217;90, il sindaco Rudolph Giuliani affront\u00f2 il progetto di ripulire l&#8217;area con la chiusura dei cinema pornografici e dei sexy shop e l&#8217;acquisto dei nove teatri storici sulla 42a strada da parte dello <a href=\"https:\/\/en.wikipedia.org\/wiki\/New_York_(state)\">Stato di New York<\/a>. Times Square si trova tra la 7a Avenue e Broadway, e tra la 42a e la 47a strada, ed \u00e8 attualmente il cuore della citt\u00e0 in generale e del distretto teatrale di New York in particolare.  <\/p><p>L&#8217;intera area \u00e8 illuminata giorno e notte da grandi insegne luminose e grandi schermi televisivi, il che l&#8217;ha resa famosa in tutto il mondo, cos\u00ec come la discesa della sfera di cristallo ogni 31 dicembre dalla cima di Times Square 1 per annunciare il nuovo anno. Fino a due milioni di persone si sono riversate a Times Square per festeggiare l&#8217;anno 2000 con l&#8217;abbassamento della Millennial Crystal Ball di Waterford, un&#8217;enorme sfera di cristallo Swarovski realizzata appositamente per questo evento. <\/p><p>L&#8217;estremit\u00e0 nord della piazza, tra la 46esima e la 47esima strada, \u00e8 conosciuta come Duffy Square in onore di Padre Francis P. Duffy, cappellano del <a href=\"https:\/\/en.wikipedia.org\/wiki\/69th_Infantry_Regiment_(New_York)\">Reggimento di Fanteria di New York<\/a> durante la Seconda Guerra Mondiale. I biglietti per gli spettacoli di Broadway a met\u00e0 prezzo in giornata sono disponibili presso il TKTS Box Office, situato al centro di Duffy Square. Le biglietterie, rinnovate nel 2008, sono coperte dal tetto con ampi gradini a forma di scala che permettono ai visitatori di sedersi o di godere di una vista panoramica.  <\/p><p>Il 25 maggio 2009, il <a href=\"https:\/\/council.nyc.gov\/\">consiglio comunale di New York<\/a> ha chiuso temporaneamente al traffico pedonale il tratto di Broadway che attraversa Times Square. L&#8217;esperimento \u00e8 stato un grande successo ed \u00e8 diventato una piazza pedonale permanente dove il luogo \u00e8 pi\u00f9 piacevole grazie a nuove panchine, sedie e tavoli in metallo. <\/p><p>Times Square ha la sua stazione di polizia, la sua azienda di pulizia delle strade e il suo ufficio turistico che fornisce tutte le informazioni sulla citt\u00e0, oltre a un piccolo museo dedicato a questa importante piazza.<\/p><p>Times Square non sarebbe riconoscibile senza le sue fantastiche insegne luminose. Un&#8217;immagine ammirata da due milioni di persone che attraversano questa piazza ogni giorno e da molti altri milioni nel mondo che la apprezzano attraverso fotografie, dipinti, cinema e televisione. Times Square inizi\u00f2 a riempirsi di grandi pubblicit\u00e0 nel 1916, quando il Consiglio comunale ne incoraggi\u00f2 l&#8217;installazione in questa parte della citt\u00e0. Da allora sono in molti ad averla percorsa, delle vere e proprie opere d&#8217;arte. Inoltre, hanno avuto un ruolo importante nella ristrutturazione della piazza durante il suo periodo pi\u00f9 decadente: come misura di pressione sui governanti della citt\u00e0, una notte i loro vicini spensero tutte le insegne per 15 minuti. La misura ebbe ottimi risultati e la trattativa fu portata a termine. Oggi, un&#8217;ordinanza comunale obbliga gli edifici di questa zona a rinunciare alla loro facciata per l&#8217;installazione di tali pubblicit\u00e0.      <\/p><p>Times Square \u00e8 l&#8217;area pi\u00f9 suggestiva della citt\u00e0 e il nostro luogo preferito per cercare un alloggio, oltre che per cenare e bere un drink. Se cerchi quello che stai cercando, a <a href=\"https:\/\/welcome-to-times-square.com\/it\/\">Times Square<\/a> lo troverai. <\/p><p>I tour di Times Square si esauriscono rapidamente, quindi \u00e8 meglio anticipare e acquistare i biglietti per godersi tutto ci\u00f2 che accade in questo posto meraviglioso.<\/p><p>Per la prima volta nella storia, per l&#8217;edizione del 2020 (durante la pandemia) \u00e8 stata creata un&#8217;applicazione dedicata al pallone con l&#8217;obiettivo di accompagnare le persone durante il 31 dicembre e i giorni precedenti attraverso un&#8217;esperienza virtuale immersiva che si svolge nell&#8217;epicentro di Times Square.<\/p><\/div><\/div><\/div><\/div><\/div><\/div><\/div><\/div><\/div><\/div><\/div><\/div>\t\t\t\t\t\t\t\t<\/div>\n\t\t\t\t<\/div>\n\t\t\t\t<div class=\"elementor-element elementor-element-b316454 elementor-widget-divider--view-line elementor-widget elementor-widget-divider\" data-id=\"b316454\" data-element_type=\"widget\" data-e-type=\"widget\" data-widget_type=\"divider.default\">\n\t\t\t\t<div class=\"elementor-widget-container\">\n\t\t\t\t\t\t\t<div class=\"elementor-divider\">\n\t\t\t<span class=\"elementor-divider-separator\">\n\t\t\t\t\t\t<\/span>\n\t\t<\/div>\n\t\t\t\t\t\t<\/div>\n\t\t\t\t<\/div>\n\t\t\t\t<div class=\"elementor-element elementor-element-82959a3 elementor-widget elementor-widget-text-editor\" data-id=\"82959a3\" data-element_type=\"widget\" data-e-type=\"widget\" data-widget_type=\"text-editor.default\">\n\t\t\t\t<div class=\"elementor-widget-container\">\n\t\t\t\t\t\t\t\t\t<p><strong>Per apparire sul nostro cartellone a Times Square, vai alla sezione CONTATTI.<\/strong><\/p><p>Ecco come funziona:<\/p><p>Che si tratti di un compleanno, di una proposta di matrimonio, di un anniversario o di una semplice dichiarazione d&#8217;amore, abbiamo pensato a te. Non essere un volto nella folla!<br>Fai apparire la tua foto o il tuo video sul nostro <a href=\"https:\/\/welcome-to-times-square.com\/it\/billboard\/\">cartellone a Times Square<\/a>! <\/p><p>Opzione 1: il tuo video\/foto di 60 secondi sar\u00e0 visualizzato 22 volte al giorno.<br>Opzione 2: il tuo video\/foto di 30 secondi sar\u00e0 visualizzato 44 volte al giorno<br>Opzione 3: il tuo video\/foto di 15 secondi sar\u00e0 visualizzato 88 volte al giorno.<\/p><p>Il nostro cartellone pubblicitario ha una dimensione di 31 piedi x 55 piedi e si trova al 1560 di Broadway (Broadway e 46th Street, proprio sopra il negozio Pel\u00e9).<\/p><p>Non essere una faccia nella folla!<\/p>\t\t\t\t\t\t\t\t<\/div>\n\t\t\t\t<\/div>\n\t\t\t\t<div class=\"elementor-element elementor-element-02068a6 elementor-widget elementor-widget-image\" data-id=\"02068a6\" data-element_type=\"widget\" data-e-type=\"widget\" data-widget_type=\"image.default\">\n\t\t\t\t<div class=\"elementor-widget-container\">\n\t\t\t\t\t\t\t\t\t\t\t\t\t\t\t<img fetchpriority=\"high\" decoding=\"async\" width=\"1024\" height=\"645\" src=\"https:\/\/welcome-to-times-square.com\/wp-content\/uploads\/2022\/04\/shopping-1024x645.png\" class=\"attachment-large size-large wp-image-6164\" alt=\"\" srcset=\"https:\/\/welcome-to-times-square.com\/wp-content\/uploads\/2022\/04\/shopping-1024x645.png 1024w, https:\/\/welcome-to-times-square.com\/wp-content\/uploads\/2022\/04\/shopping-600x378.png 600w, https:\/\/welcome-to-times-square.com\/wp-content\/uploads\/2022\/04\/shopping-300x189.png 300w, https:\/\/welcome-to-times-square.com\/wp-content\/uploads\/2022\/04\/shopping-768x484.png 768w, https:\/\/welcome-to-times-square.com\/wp-content\/uploads\/2022\/04\/shopping.png 1302w\" sizes=\"(max-width: 1024px) 100vw, 1024px\" \/>\t\t\t\t\t\t\t\t\t\t\t\t\t\t\t<\/div>\n\t\t\t\t<\/div>\n\t\t\t\t\t<\/div>\n\t\t\t\t<\/div>\n\t\t\t\t<\/div>\n\t\t","protected":false},"excerpt":{"rendered":"Storia di Times Square L'origine di questo luogo era nota come Long Acre Square, ma fu rinominata Times Square dopo essere stata situata nel 1904, all'incrocio con la 42nd Street, la sede del New York Times. Nel 1913, gli uffici del giornale si trasferirono al 229 43rd Street e l'edificio fu rinominato 1 Times Square [...]<a href=\"https:\/\/welcome-to-times-square.com\/it\/history-of-times-square\/\" class=\"read-more wyz-secondary-color-text\">read more<span class=\"screen-reader-text\">Storia di Times Square<\/span><\/a>","protected":false},"author":53,"featured_media":0,"parent":0,"menu_order":0,"comment_status":"closed","ping_status":"closed","template":"elementor_header_footer","meta":{"footnotes":""},"class_list":["post-9050","page","type-page","status-publish","hentry"],"yoast_head":"<!-- This site is optimized with the Yoast SEO plugin v27.2 - https:\/\/yoast.com\/product\/yoast-seo-wordpress\/ -->\n<title>Storia di Times Square - times-square<\/title>\n<meta name=\"robots\" content=\"index, follow, max-snippet:-1, max-image-preview:large, max-video-preview:-1\" \/>\n<link rel=\"canonical\" href=\"https:\/\/welcome-to-times-square.com\/it\/history-of-times-square\/\" \/>\n<meta property=\"og:locale\" content=\"it_IT\" \/>\n<meta property=\"og:type\" content=\"article\" \/>\n<meta property=\"og:title\" content=\"Storia di Times Square - times-square\" \/>\n<meta property=\"og:description\" content=\"Storia di Times Square L&#8217;origine di questo luogo era nota come Long Acre Square, ma fu rinominata Times Square dopo essere stata situata nel 1904, all&#8217;incrocio con la 42nd Street, la sede del New York Times. Nel 1913, gli uffici del giornale si trasferirono al 229 43rd Street e l&#8217;edificio fu rinominato 1 Times Square [...]read moreStoria di Times Square\" \/>\n<meta property=\"og:url\" content=\"https:\/\/welcome-to-times-square.com\/it\/history-of-times-square\/\" \/>\n<meta property=\"og:site_name\" content=\"times-square\" \/>\n<meta property=\"article:modified_time\" content=\"2025-09-12T14:06:02+00:00\" \/>\n<meta property=\"og:image\" content=\"https:\/\/welcome-to-times-square.com\/wp-content\/uploads\/2022\/04\/shopping-1024x645.png\" \/>\n\t<meta property=\"og:image:width\" content=\"1024\" \/>\n\t<meta property=\"og:image:height\" content=\"645\" \/>\n\t<meta property=\"og:image:type\" content=\"image\/png\" \/>\n<meta name=\"twitter:card\" content=\"summary_large_image\" \/>\n<meta name=\"twitter:label1\" content=\"Tempo di lettura stimato\" \/>\n\t<meta name=\"twitter:data1\" content=\"4 minuti\" \/>\n<script type=\"application\/ld+json\" class=\"yoast-schema-graph\">{\"@context\":\"https:\/\/schema.org\",\"@graph\":[{\"@type\":\"WebPage\",\"@id\":\"https:\/\/welcome-to-times-square.com\/it\/history-of-times-square\/\",\"url\":\"https:\/\/welcome-to-times-square.com\/it\/history-of-times-square\/\",\"name\":\"Storia di Times Square - times-square\",\"isPartOf\":{\"@id\":\"https:\/\/welcome-to-times-square.com\/it\/#website\"},\"primaryImageOfPage\":{\"@id\":\"https:\/\/welcome-to-times-square.com\/it\/history-of-times-square\/#primaryimage\"},\"image\":{\"@id\":\"https:\/\/welcome-to-times-square.com\/it\/history-of-times-square\/#primaryimage\"},\"thumbnailUrl\":\"https:\/\/welcome-to-times-square.com\/wp-content\/uploads\/2022\/04\/shopping-1024x645.png\",\"datePublished\":\"2022-05-02T21:18:28+00:00\",\"dateModified\":\"2025-09-12T14:06:02+00:00\",\"breadcrumb\":{\"@id\":\"https:\/\/welcome-to-times-square.com\/it\/history-of-times-square\/#breadcrumb\"},\"inLanguage\":\"it-IT\",\"potentialAction\":[{\"@type\":\"ReadAction\",\"target\":[\"https:\/\/welcome-to-times-square.com\/it\/history-of-times-square\/\"]}]},{\"@type\":\"ImageObject\",\"inLanguage\":\"it-IT\",\"@id\":\"https:\/\/welcome-to-times-square.com\/it\/history-of-times-square\/#primaryimage\",\"url\":\"https:\/\/welcome-to-times-square.com\/wp-content\/uploads\/2022\/04\/shopping-1024x645.png\",\"contentUrl\":\"https:\/\/welcome-to-times-square.com\/wp-content\/uploads\/2022\/04\/shopping-1024x645.png\"},{\"@type\":\"BreadcrumbList\",\"@id\":\"https:\/\/welcome-to-times-square.com\/it\/history-of-times-square\/#breadcrumb\",\"itemListElement\":[{\"@type\":\"ListItem\",\"position\":1,\"name\":\"Home\",\"item\":\"https:\/\/welcome-to-times-square.com\/it\/\"},{\"@type\":\"ListItem\",\"position\":2,\"name\":\"Storia di Times Square\"}]},{\"@type\":\"WebSite\",\"@id\":\"https:\/\/welcome-to-times-square.com\/it\/#website\",\"url\":\"https:\/\/welcome-to-times-square.com\/it\/\",\"name\":\"times-square\",\"description\":\"times-square\",\"publisher\":{\"@id\":\"https:\/\/welcome-to-times-square.com\/it\/#organization\"},\"potentialAction\":[{\"@type\":\"SearchAction\",\"target\":{\"@type\":\"EntryPoint\",\"urlTemplate\":\"https:\/\/welcome-to-times-square.com\/it\/?s={search_term_string}\"},\"query-input\":{\"@type\":\"PropertyValueSpecification\",\"valueRequired\":true,\"valueName\":\"search_term_string\"}}],\"inLanguage\":\"it-IT\"},{\"@type\":\"Organization\",\"@id\":\"https:\/\/welcome-to-times-square.com\/it\/#organization\",\"name\":\"times-square\",\"url\":\"https:\/\/welcome-to-times-square.com\/it\/\",\"logo\":{\"@type\":\"ImageObject\",\"inLanguage\":\"it-IT\",\"@id\":\"https:\/\/welcome-to-times-square.com\/it\/#\/schema\/logo\/image\/\",\"url\":\"https:\/\/welcome-to-times-square.com\/wp-content\/uploads\/2024\/03\/welcome-to-time-square-logo-with-r.png\",\"contentUrl\":\"https:\/\/welcome-to-times-square.com\/wp-content\/uploads\/2024\/03\/welcome-to-time-square-logo-with-r.png\",\"width\":500,\"height\":342,\"caption\":\"times-square\"},\"image\":{\"@id\":\"https:\/\/welcome-to-times-square.com\/it\/#\/schema\/logo\/image\/\"}}]}<\/script>\n<!-- \/ Yoast SEO plugin. -->","yoast_head_json":{"title":"Storia di Times Square - times-square","robots":{"index":"index","follow":"follow","max-snippet":"max-snippet:-1","max-image-preview":"max-image-preview:large","max-video-preview":"max-video-preview:-1"},"canonical":"https:\/\/welcome-to-times-square.com\/it\/history-of-times-square\/","og_locale":"it_IT","og_type":"article","og_title":"Storia di Times Square - times-square","og_description":"Storia di Times Square L&#8217;origine di questo luogo era nota come Long Acre Square, ma fu rinominata Times Square dopo essere stata situata nel 1904, all&#8217;incrocio con la 42nd Street, la sede del New York Times. Nel 1913, gli uffici del giornale si trasferirono al 229 43rd Street e l&#8217;edificio fu rinominato 1 Times Square [...]read moreStoria di Times Square","og_url":"https:\/\/welcome-to-times-square.com\/it\/history-of-times-square\/","og_site_name":"times-square","article_modified_time":"2025-09-12T14:06:02+00:00","og_image":[{"width":1024,"height":645,"url":"https:\/\/welcome-to-times-square.com\/wp-content\/uploads\/2022\/04\/shopping-1024x645.png","type":"image\/png"}],"twitter_card":"summary_large_image","twitter_misc":{"Tempo di lettura stimato":"4 minuti"},"schema":{"@context":"https:\/\/schema.org","@graph":[{"@type":"WebPage","@id":"https:\/\/welcome-to-times-square.com\/it\/history-of-times-square\/","url":"https:\/\/welcome-to-times-square.com\/it\/history-of-times-square\/","name":"Storia di Times Square - times-square","isPartOf":{"@id":"https:\/\/welcome-to-times-square.com\/it\/#website"},"primaryImageOfPage":{"@id":"https:\/\/welcome-to-times-square.com\/it\/history-of-times-square\/#primaryimage"},"image":{"@id":"https:\/\/welcome-to-times-square.com\/it\/history-of-times-square\/#primaryimage"},"thumbnailUrl":"https:\/\/welcome-to-times-square.com\/wp-content\/uploads\/2022\/04\/shopping-1024x645.png","datePublished":"2022-05-02T21:18:28+00:00","dateModified":"2025-09-12T14:06:02+00:00","breadcrumb":{"@id":"https:\/\/welcome-to-times-square.com\/it\/history-of-times-square\/#breadcrumb"},"inLanguage":"it-IT","potentialAction":[{"@type":"ReadAction","target":["https:\/\/welcome-to-times-square.com\/it\/history-of-times-square\/"]}]},{"@type":"ImageObject","inLanguage":"it-IT","@id":"https:\/\/welcome-to-times-square.com\/it\/history-of-times-square\/#primaryimage","url":"https:\/\/welcome-to-times-square.com\/wp-content\/uploads\/2022\/04\/shopping-1024x645.png","contentUrl":"https:\/\/welcome-to-times-square.com\/wp-content\/uploads\/2022\/04\/shopping-1024x645.png"},{"@type":"BreadcrumbList","@id":"https:\/\/welcome-to-times-square.com\/it\/history-of-times-square\/#breadcrumb","itemListElement":[{"@type":"ListItem","position":1,"name":"Home","item":"https:\/\/welcome-to-times-square.com\/it\/"},{"@type":"ListItem","position":2,"name":"Storia di Times Square"}]},{"@type":"WebSite","@id":"https:\/\/welcome-to-times-square.com\/it\/#website","url":"https:\/\/welcome-to-times-square.com\/it\/","name":"times-square","description":"times-square","publisher":{"@id":"https:\/\/welcome-to-times-square.com\/it\/#organization"},"potentialAction":[{"@type":"SearchAction","target":{"@type":"EntryPoint","urlTemplate":"https:\/\/welcome-to-times-square.com\/it\/?s={search_term_string}"},"query-input":{"@type":"PropertyValueSpecification","valueRequired":true,"valueName":"search_term_string"}}],"inLanguage":"it-IT"},{"@type":"Organization","@id":"https:\/\/welcome-to-times-square.com\/it\/#organization","name":"times-square","url":"https:\/\/welcome-to-times-square.com\/it\/","logo":{"@type":"ImageObject","inLanguage":"it-IT","@id":"https:\/\/welcome-to-times-square.com\/it\/#\/schema\/logo\/image\/","url":"https:\/\/welcome-to-times-square.com\/wp-content\/uploads\/2024\/03\/welcome-to-time-square-logo-with-r.png","contentUrl":"https:\/\/welcome-to-times-square.com\/wp-content\/uploads\/2024\/03\/welcome-to-time-square-logo-with-r.png","width":500,"height":342,"caption":"times-square"},"image":{"@id":"https:\/\/welcome-to-times-square.com\/it\/#\/schema\/logo\/image\/"}}]}},"_hostinger_reach_plugin_has_subscription_block":false,"_hostinger_reach_plugin_is_elementor":false,"_links":{"self":[{"href":"https:\/\/welcome-to-times-square.com\/it\/wp-json\/wp\/v2\/pages\/9050","targetHints":{"allow":["GET"]}}],"collection":[{"href":"https:\/\/welcome-to-times-square.com\/it\/wp-json\/wp\/v2\/pages"}],"about":[{"href":"https:\/\/welcome-to-times-square.com\/it\/wp-json\/wp\/v2\/types\/page"}],"author":[{"embeddable":true,"href":"https:\/\/welcome-to-times-square.com\/it\/wp-json\/wp\/v2\/users\/53"}],"replies":[{"embeddable":true,"href":"https:\/\/welcome-to-times-square.com\/it\/wp-json\/wp\/v2\/comments?post=9050"}],"version-history":[{"count":3,"href":"https:\/\/welcome-to-times-square.com\/it\/wp-json\/wp\/v2\/pages\/9050\/revisions"}],"predecessor-version":[{"id":14817,"href":"https:\/\/welcome-to-times-square.com\/it\/wp-json\/wp\/v2\/pages\/9050\/revisions\/14817"}],"wp:attachment":[{"href":"https:\/\/welcome-to-times-square.com\/it\/wp-json\/wp\/v2\/media?parent=9050"}],"curies":[{"name":"wp","href":"https:\/\/api.w.org\/{rel}","templated":true}]}}