{"id":9069,"date":"2022-05-02T21:12:23","date_gmt":"2022-05-02T21:12:23","guid":{"rendered":"https:\/\/welcome-to-times-square.com\/times-square-transformation\/"},"modified":"2025-01-17T12:33:36","modified_gmt":"2025-01-17T12:33:36","slug":"times-square-transformation","status":"publish","type":"page","link":"https:\/\/welcome-to-times-square.com\/it\/times-square-transformation\/","title":{"rendered":"Trasformazione di Times Square"},"content":{"rendered":"\t\t<div data-elementor-type=\"wp-page\" data-elementor-id=\"9069\" class=\"elementor elementor-9069 elementor-2883\" data-elementor-post-type=\"page\">\n\t\t\t\t<div class=\"elementor-element elementor-element-754e7cb e-flex e-con-boxed e-con e-parent\" data-id=\"754e7cb\" data-element_type=\"container\" data-e-type=\"container\" data-settings=\"{&quot;background_background&quot;:&quot;classic&quot;}\">\n\t\t\t\t\t<div class=\"e-con-inner\">\n\t\t\t\t<div class=\"elementor-element elementor-element-0a58eeb elementor-widget elementor-widget-heading\" data-id=\"0a58eeb\" data-element_type=\"widget\" data-e-type=\"widget\" data-widget_type=\"heading.default\">\n\t\t\t\t<div class=\"elementor-widget-container\">\n\t\t\t\t\t<h2 class=\"elementor-heading-title elementor-size-default\">Trasformazione di Times Square<\/h2>\t\t\t\t<\/div>\n\t\t\t\t<\/div>\n\t\t\t\t<div class=\"elementor-element elementor-element-24e136b elementor-widget-divider--view-line elementor-widget elementor-widget-divider\" data-id=\"24e136b\" data-element_type=\"widget\" data-e-type=\"widget\" data-widget_type=\"divider.default\">\n\t\t\t\t<div class=\"elementor-widget-container\">\n\t\t\t\t\t\t\t<div class=\"elementor-divider\">\n\t\t\t<span class=\"elementor-divider-separator\">\n\t\t\t\t\t\t<\/span>\n\t\t<\/div>\n\t\t\t\t\t\t<\/div>\n\t\t\t\t<\/div>\n\t\t\t\t<div class=\"elementor-element elementor-element-3d2bc82 elementor-widget elementor-widget-text-editor\" data-id=\"3d2bc82\" data-element_type=\"widget\" data-e-type=\"widget\" data-widget_type=\"text-editor.default\">\n\t\t\t\t<div class=\"elementor-widget-container\">\n\t\t\t\t\t\t\t\t\t<div class=\"vc_row wpb_row vc_row-fluid vc_custom_1652220209371 vc_row-has-fill\">\n<div class=\"wpb_column vc_column_container vc_col-sm-12\">\n<div class=\"vc_column-inner\">\n<div class=\"wpb_wrapper\">\n<div class=\"vc_tta-container\" data-vc-action=\"collapse\">\n<div class=\"vc_general vc_tta vc_tta-tabs vc_tta-color-grey vc_tta-style-classic vc_tta-shape-rounded vc_tta-spacing-1 vc_tta-tabs-position-top vc_tta-controls-align-left\">\n<div class=\"vc_tta-panels-container\">\n<div class=\"vc_tta-panels\">\n<div id=\"1651526543987-0c06fb34-52b8\" class=\"vc_tta-panel vc_active\" data-vc-content=\".vc_tta-panel-body\">\n<div class=\"vc_tta-panel-body\">\n<div class=\"wpb_text_column wpb_content_element \">\n<div class=\"wpb_wrapper\">\n<p>Times Square Transformation \u00e8 giunta al termine dopo 8 anni, guidata dallo studio di architettura Sn\u00f8hetta. Il processo \u00e8 stato molto lungo e complesso, ma lo spirito di uno dei luoghi pi\u00f9 emblematici di New York \u00e8 cambiato completamente, passando dall&#8217;essere uno dei luoghi pi\u00f9 congestionati e insopportabili della Grande Mela a uno spazio pubblico amichevole e di incontro. <\/p>\n<p>Times Square Transformation, aggiungendo oltre 10.000 piedi quadrati di spazio riservato ai pedoni, il design di Sn\u00f8hetta ha completamente reinventato il segmento di Broadway tra la 42a e la 47a Strada. Sono state aggiunte aree di seduta, tra cui panchine in granito, per consentire alle persone di sentirsi pi\u00f9 a loro agio. <\/p>\n<p>Times Square Transformation si trova nel cuore del quartiere dei teatri di New York, il sito ha gi\u00e0 avuto un impatto significativo sulla sicurezza pubblica, l&#8217;economia e l&#8217;esperienza degli utenti sin dalla prima parte dell&#8217;implementazione del grande piano di Sn\u00f8hetta durante l&#8217;anno 2014. Secondo gli architetti, da allora gli incidenti pedonali sono diminuiti del 40% e quelli veicolari del 20%. Gli edifici iconici di Times Square e i loro spettacolari cartelli creano una stanza esterna nel cuore di Manhattan.  <\/p>\n<p>Lo studio di architettura Sn\u00f8hetta ha completato la trasformazione di Times Square a New York, quasi raddoppiando le aree pedonali nel luogo pi\u00f9 trafficato degli Stati Uniti. Il progetto includeva la riconfigurazione urbana e il trattamento paesaggistico di 5,18 acri (2,1 ettari) all&#8217;incrocio &#8220;a farfalla&#8221; tra Broadway e la 7th Avenue nel centro di Manhattan. Con l&#8217;inaugurazione del 19, la trasformazione di Times Square, durata 8 anni, \u00e8 stata ufficialmente dichiarata completata.  <\/p>\n<p>Lo studio norvegese con una filiale negli Stati Uniti, Sn\u00f8hetta, ha ridisegnato un&#8217;ampia sezione di Broadway tra la 42a e la 47a strada, creando cinque piazze tra ciascuna delle strade.<\/p>\n<p>Times Square Transformation trasforma radicalmente 2.1 ha creato spazi per i pedoni nel centro di Manhattan, trasformando un incrocio notoriamente congestionato in uno spazio civico di livello mondiale. Con sottili gesti di design all&#8217;interno del regno pubblico, integrano miglioramenti cruciali di utilit\u00e0 e infrastruttura sopra e sotto il livello del suolo, raddoppiando al contempo la quantit\u00e0 di spazio pedonale nella Plaza. <\/p>\n<p>Il design delle nuove piazze di Times Square Transformation consente alle persone di muoversi in modo naturale e confortevole nel cuore di Manhattan. Con un impatto molto positivo sulla sicurezza pubblica, sulla qualit\u00e0 dell&#8217;aria e sulla produzione economica, il progetto \u00e8 un modello di come la progettazione attentamente ponderata dei nostri paesaggi urbani possa migliorare la salute e il benessere dei suoi utenti, fornendo uno spazio importante per l&#8217;attivazione democratica. Concepito come un progetto il cui successo di Times Square Transformation sarebbe stato misurato non solo dalla sua nuova estetica, ma anche dai suoi benefici fisici, psicologici ed economici a lungo termine per la sua comunit\u00e0 locale e globale, la nuova piazza di Broadway ha reinventato Times Square come un ambiente contemporaneo per lo spettacolo della vita pubblica, rilanciando il suo posto nel cuore di New York City.  <\/p>\n<p>Il Dipartimento dei trasporti di New York City, il Dipartimento di progettazione e costruzione, Sn\u00f8hetta e la Times Square Alliance celebrano il completamento della trasformazione di Times Square, mentre il rinnovato &#8220;Crossroads of the World&#8221; assume il suo ruolo di palcoscenico per la vita pubblica e la libert\u00e0 di espressione.<\/p>\n<p>Con una media di oltre 45 milioni di visitatori all&#8217;anno, Times Square \u00e8 la destinazione pi\u00f9 visitata di New York e degli Stati Uniti. Dopo la chiusura al traffico di Broadway nel 2009, il progetto di Sn\u00f8hetta ha liberato la piazza per renderla permanentemente pedonale, dopo diversi decenni di sovraffollamento delle vecchie infrastrutture. Inoltre, la proposta ha creato allo stesso tempo un piano di terra unificante da un edificio all&#8217;altro. Dieci panchine in granito lunghe 15 metri consentono ai pedoni di muoversi nell&#8217;area in modo pi\u00f9 confortevole, completando l&#8217;energia delle luci e l&#8217;eccitazione delle facciate.   <\/p>\n<p>Dal suo completamento nel 2016, la trasformazione di Times Square ha raddoppiato la quantit\u00e0 di spazio pedonale nel cuore di Manhattan. Il progetto ha trasformato Times Square, uno degli spazi pi\u00f9 notoriamente congestionati di New York, in una piazza civica radicalmente aperta, integrando al contempo miglioramenti cruciali alle infrastrutture per strutture ed eventi. &#8220;Concepita come la trasformazione di Times Square, il cui successo sarebbe stato misurato non solo dalla sua nuova estetica, ma anche dai suoi benefici fisici, psicologici ed economici a lungo termine, la reinvenzione di Times Square \u00e8 un modello di come il design dei nostri paesaggi urbani possa migliorare la salute e il benessere dei suoi utenti, fornendo al contempo un elemento importante per l&#8217;incontro pubblico&#8221;.  <\/p>\n<\/div>\n<\/div>\n<\/div>\n<\/div>\n<\/div>\n<\/div>\n<\/div>\n<\/div>\n<\/div>\n<\/div>\n<\/div>\n<\/div>\n\t\t\t\t\t\t\t\t<\/div>\n\t\t\t\t<\/div>\n\t\t\t\t<div class=\"elementor-element elementor-element-dd1ac98 elementor-widget-divider--view-line elementor-widget elementor-widget-divider\" data-id=\"dd1ac98\" data-element_type=\"widget\" data-e-type=\"widget\" data-widget_type=\"divider.default\">\n\t\t\t\t<div class=\"elementor-widget-container\">\n\t\t\t\t\t\t\t<div class=\"elementor-divider\">\n\t\t\t<span class=\"elementor-divider-separator\">\n\t\t\t\t\t\t<\/span>\n\t\t<\/div>\n\t\t\t\t\t\t<\/div>\n\t\t\t\t<\/div>\n\t\t\t\t<div class=\"elementor-element elementor-element-d344346 elementor-widget elementor-widget-text-editor\" data-id=\"d344346\" data-element_type=\"widget\" data-e-type=\"widget\" data-widget_type=\"text-editor.default\">\n\t\t\t\t<div class=\"elementor-widget-container\">\n\t\t\t\t\t\t\t\t\t<p><strong>Per apparire sul nostro cartellone a Times Square, vai alla sezione CONTATTI.<\/strong><\/p>\n<p>Ecco come funziona:<\/p>\n<p>Che si tratti di un compleanno, di una proposta di matrimonio, di un anniversario o di una semplice dichiarazione d&#8217;amore, abbiamo pensato a te. Non essere una faccia nella folla! <br \/>Metti la tua foto o il tuo video sul nostro cartellone a Times Square!<\/p>\n<p>Opzione 1: il tuo video\/foto di 60 secondi sar\u00e0 visualizzato 22 volte al giorno.<br \/>Opzione 2: il tuo video\/foto di 30 secondi sar\u00e0 visualizzato 44 volte al giorno<br \/>Opzione 3: il tuo video\/foto di 15 secondi sar\u00e0 visualizzato 88 volte al giorno.<\/p>\n<p>Il nostro cartellone pubblicitario ha una dimensione di 31 piedi x 55 piedi e si trova al 1560 di Broadway (Broadway e 46th Street, proprio sopra il negozio Pel\u00e9).<\/p>\n<p>Non essere una faccia nella folla!<\/p>\n\t\t\t\t\t\t\t\t<\/div>\n\t\t\t\t<\/div>\n\t\t\t\t\t<\/div>\n\t\t\t\t<\/div>\n\t\t\t\t<\/div>\n\t\t","protected":false},"excerpt":{"rendered":"Trasformazione di Times Square Times Square Transformation \u00e8 giunta al termine dopo 8 anni, guidata dallo studio di architettura Sn\u00f8hetta. Il processo \u00e8 stato molto lungo e complesso, ma lo spirito di uno dei luoghi pi\u00f9 emblematici di New York \u00e8 cambiato completamente, passando dall'essere uno dei luoghi pi\u00f9 congestionati e insopportabili della Grande Mela [...]<a href=\"https:\/\/welcome-to-times-square.com\/it\/times-square-transformation\/\" class=\"read-more wyz-secondary-color-text\">read more<span class=\"screen-reader-text\">Trasformazione di Times Square<\/span><\/a>","protected":false},"author":53,"featured_media":0,"parent":0,"menu_order":0,"comment_status":"closed","ping_status":"closed","template":"elementor_header_footer","meta":{"footnotes":""},"class_list":["post-9069","page","type-page","status-publish","hentry"],"yoast_head":"<!-- This site is optimized with the Yoast SEO plugin v27.2 - https:\/\/yoast.com\/product\/yoast-seo-wordpress\/ -->\n<title>Trasformazione di Times Square - times-square<\/title>\n<meta name=\"robots\" content=\"index, follow, max-snippet:-1, max-image-preview:large, max-video-preview:-1\" \/>\n<link rel=\"canonical\" href=\"https:\/\/welcome-to-times-square.com\/it\/times-square-transformation\/\" \/>\n<meta property=\"og:locale\" content=\"it_IT\" \/>\n<meta property=\"og:type\" content=\"article\" \/>\n<meta property=\"og:title\" content=\"Trasformazione di Times Square - times-square\" \/>\n<meta property=\"og:description\" content=\"Trasformazione di Times Square Times Square Transformation \u00e8 giunta al termine dopo 8 anni, guidata dallo studio di architettura Sn\u00f8hetta. Il processo \u00e8 stato molto lungo e complesso, ma lo spirito di uno dei luoghi pi\u00f9 emblematici di New York \u00e8 cambiato completamente, passando dall&#8217;essere uno dei luoghi pi\u00f9 congestionati e insopportabili della Grande Mela [...]read moreTrasformazione di Times Square\" \/>\n<meta property=\"og:url\" content=\"https:\/\/welcome-to-times-square.com\/it\/times-square-transformation\/\" \/>\n<meta property=\"og:site_name\" content=\"times-square\" \/>\n<meta property=\"article:modified_time\" content=\"2025-01-17T12:33:36+00:00\" \/>\n<meta name=\"twitter:card\" content=\"summary_large_image\" \/>\n<meta name=\"twitter:label1\" content=\"Tempo di lettura stimato\" \/>\n\t<meta name=\"twitter:data1\" content=\"4 minuti\" \/>\n<script type=\"application\/ld+json\" class=\"yoast-schema-graph\">{\"@context\":\"https:\/\/schema.org\",\"@graph\":[{\"@type\":\"WebPage\",\"@id\":\"https:\/\/welcome-to-times-square.com\/it\/times-square-transformation\/\",\"url\":\"https:\/\/welcome-to-times-square.com\/it\/times-square-transformation\/\",\"name\":\"Trasformazione di Times Square - times-square\",\"isPartOf\":{\"@id\":\"https:\/\/welcome-to-times-square.com\/it\/#website\"},\"datePublished\":\"2022-05-02T21:12:23+00:00\",\"dateModified\":\"2025-01-17T12:33:36+00:00\",\"breadcrumb\":{\"@id\":\"https:\/\/welcome-to-times-square.com\/it\/times-square-transformation\/#breadcrumb\"},\"inLanguage\":\"it-IT\",\"potentialAction\":[{\"@type\":\"ReadAction\",\"target\":[\"https:\/\/welcome-to-times-square.com\/it\/times-square-transformation\/\"]}]},{\"@type\":\"BreadcrumbList\",\"@id\":\"https:\/\/welcome-to-times-square.com\/it\/times-square-transformation\/#breadcrumb\",\"itemListElement\":[{\"@type\":\"ListItem\",\"position\":1,\"name\":\"Home\",\"item\":\"https:\/\/welcome-to-times-square.com\/it\/\"},{\"@type\":\"ListItem\",\"position\":2,\"name\":\"Trasformazione di Times Square\"}]},{\"@type\":\"WebSite\",\"@id\":\"https:\/\/welcome-to-times-square.com\/it\/#website\",\"url\":\"https:\/\/welcome-to-times-square.com\/it\/\",\"name\":\"times-square\",\"description\":\"times-square\",\"publisher\":{\"@id\":\"https:\/\/welcome-to-times-square.com\/it\/#organization\"},\"potentialAction\":[{\"@type\":\"SearchAction\",\"target\":{\"@type\":\"EntryPoint\",\"urlTemplate\":\"https:\/\/welcome-to-times-square.com\/it\/?s={search_term_string}\"},\"query-input\":{\"@type\":\"PropertyValueSpecification\",\"valueRequired\":true,\"valueName\":\"search_term_string\"}}],\"inLanguage\":\"it-IT\"},{\"@type\":\"Organization\",\"@id\":\"https:\/\/welcome-to-times-square.com\/it\/#organization\",\"name\":\"times-square\",\"url\":\"https:\/\/welcome-to-times-square.com\/it\/\",\"logo\":{\"@type\":\"ImageObject\",\"inLanguage\":\"it-IT\",\"@id\":\"https:\/\/welcome-to-times-square.com\/it\/#\/schema\/logo\/image\/\",\"url\":\"https:\/\/welcome-to-times-square.com\/wp-content\/uploads\/2024\/03\/welcome-to-time-square-logo-with-r.png\",\"contentUrl\":\"https:\/\/welcome-to-times-square.com\/wp-content\/uploads\/2024\/03\/welcome-to-time-square-logo-with-r.png\",\"width\":500,\"height\":342,\"caption\":\"times-square\"},\"image\":{\"@id\":\"https:\/\/welcome-to-times-square.com\/it\/#\/schema\/logo\/image\/\"}}]}<\/script>\n<!-- \/ Yoast SEO plugin. -->","yoast_head_json":{"title":"Trasformazione di Times Square - times-square","robots":{"index":"index","follow":"follow","max-snippet":"max-snippet:-1","max-image-preview":"max-image-preview:large","max-video-preview":"max-video-preview:-1"},"canonical":"https:\/\/welcome-to-times-square.com\/it\/times-square-transformation\/","og_locale":"it_IT","og_type":"article","og_title":"Trasformazione di Times Square - times-square","og_description":"Trasformazione di Times Square Times Square Transformation \u00e8 giunta al termine dopo 8 anni, guidata dallo studio di architettura Sn\u00f8hetta. Il processo \u00e8 stato molto lungo e complesso, ma lo spirito di uno dei luoghi pi\u00f9 emblematici di New York \u00e8 cambiato completamente, passando dall&#8217;essere uno dei luoghi pi\u00f9 congestionati e insopportabili della Grande Mela [...]read moreTrasformazione di Times Square","og_url":"https:\/\/welcome-to-times-square.com\/it\/times-square-transformation\/","og_site_name":"times-square","article_modified_time":"2025-01-17T12:33:36+00:00","twitter_card":"summary_large_image","twitter_misc":{"Tempo di lettura stimato":"4 minuti"},"schema":{"@context":"https:\/\/schema.org","@graph":[{"@type":"WebPage","@id":"https:\/\/welcome-to-times-square.com\/it\/times-square-transformation\/","url":"https:\/\/welcome-to-times-square.com\/it\/times-square-transformation\/","name":"Trasformazione di Times Square - times-square","isPartOf":{"@id":"https:\/\/welcome-to-times-square.com\/it\/#website"},"datePublished":"2022-05-02T21:12:23+00:00","dateModified":"2025-01-17T12:33:36+00:00","breadcrumb":{"@id":"https:\/\/welcome-to-times-square.com\/it\/times-square-transformation\/#breadcrumb"},"inLanguage":"it-IT","potentialAction":[{"@type":"ReadAction","target":["https:\/\/welcome-to-times-square.com\/it\/times-square-transformation\/"]}]},{"@type":"BreadcrumbList","@id":"https:\/\/welcome-to-times-square.com\/it\/times-square-transformation\/#breadcrumb","itemListElement":[{"@type":"ListItem","position":1,"name":"Home","item":"https:\/\/welcome-to-times-square.com\/it\/"},{"@type":"ListItem","position":2,"name":"Trasformazione di Times Square"}]},{"@type":"WebSite","@id":"https:\/\/welcome-to-times-square.com\/it\/#website","url":"https:\/\/welcome-to-times-square.com\/it\/","name":"times-square","description":"times-square","publisher":{"@id":"https:\/\/welcome-to-times-square.com\/it\/#organization"},"potentialAction":[{"@type":"SearchAction","target":{"@type":"EntryPoint","urlTemplate":"https:\/\/welcome-to-times-square.com\/it\/?s={search_term_string}"},"query-input":{"@type":"PropertyValueSpecification","valueRequired":true,"valueName":"search_term_string"}}],"inLanguage":"it-IT"},{"@type":"Organization","@id":"https:\/\/welcome-to-times-square.com\/it\/#organization","name":"times-square","url":"https:\/\/welcome-to-times-square.com\/it\/","logo":{"@type":"ImageObject","inLanguage":"it-IT","@id":"https:\/\/welcome-to-times-square.com\/it\/#\/schema\/logo\/image\/","url":"https:\/\/welcome-to-times-square.com\/wp-content\/uploads\/2024\/03\/welcome-to-time-square-logo-with-r.png","contentUrl":"https:\/\/welcome-to-times-square.com\/wp-content\/uploads\/2024\/03\/welcome-to-time-square-logo-with-r.png","width":500,"height":342,"caption":"times-square"},"image":{"@id":"https:\/\/welcome-to-times-square.com\/it\/#\/schema\/logo\/image\/"}}]}},"_hostinger_reach_plugin_has_subscription_block":false,"_hostinger_reach_plugin_is_elementor":false,"_links":{"self":[{"href":"https:\/\/welcome-to-times-square.com\/it\/wp-json\/wp\/v2\/pages\/9069","targetHints":{"allow":["GET"]}}],"collection":[{"href":"https:\/\/welcome-to-times-square.com\/it\/wp-json\/wp\/v2\/pages"}],"about":[{"href":"https:\/\/welcome-to-times-square.com\/it\/wp-json\/wp\/v2\/types\/page"}],"author":[{"embeddable":true,"href":"https:\/\/welcome-to-times-square.com\/it\/wp-json\/wp\/v2\/users\/53"}],"replies":[{"embeddable":true,"href":"https:\/\/welcome-to-times-square.com\/it\/wp-json\/wp\/v2\/comments?post=9069"}],"version-history":[{"count":2,"href":"https:\/\/welcome-to-times-square.com\/it\/wp-json\/wp\/v2\/pages\/9069\/revisions"}],"predecessor-version":[{"id":9079,"href":"https:\/\/welcome-to-times-square.com\/it\/wp-json\/wp\/v2\/pages\/9069\/revisions\/9079"}],"wp:attachment":[{"href":"https:\/\/welcome-to-times-square.com\/it\/wp-json\/wp\/v2\/media?parent=9069"}],"curies":[{"name":"wp","href":"https:\/\/api.w.org\/{rel}","templated":true}]}}