{"id":9164,"date":"2022-05-02T21:10:06","date_gmt":"2022-05-02T21:10:06","guid":{"rendered":"https:\/\/welcome-to-times-square.com\/live-work\/"},"modified":"2025-01-17T13:12:43","modified_gmt":"2025-01-17T13:12:43","slug":"live-work","status":"publish","type":"page","link":"https:\/\/welcome-to-times-square.com\/it\/live-work\/","title":{"rendered":"Vivere e lavorare a New York"},"content":{"rendered":"\t\t<div data-elementor-type=\"wp-page\" data-elementor-id=\"9164\" class=\"elementor elementor-9164 elementor-2882\" data-elementor-post-type=\"page\">\n\t\t\t\t<div class=\"elementor-element elementor-element-e4fa080 e-flex e-con-boxed e-con e-parent\" data-id=\"e4fa080\" data-element_type=\"container\" data-e-type=\"container\" data-settings=\"{&quot;background_background&quot;:&quot;classic&quot;}\">\n\t\t\t\t\t<div class=\"e-con-inner\">\n\t\t\t\t<div class=\"elementor-element elementor-element-6544198 elementor-widget elementor-widget-heading\" data-id=\"6544198\" data-element_type=\"widget\" data-e-type=\"widget\" data-widget_type=\"heading.default\">\n\t\t\t\t<div class=\"elementor-widget-container\">\n\t\t\t\t\t<h2 class=\"elementor-heading-title elementor-size-default\">Vivere e lavorare a New York<\/h2>\t\t\t\t<\/div>\n\t\t\t\t<\/div>\n\t\t\t\t<div class=\"elementor-element elementor-element-d8f4a4b elementor-widget-divider--view-line elementor-widget elementor-widget-divider\" data-id=\"d8f4a4b\" data-element_type=\"widget\" data-e-type=\"widget\" data-widget_type=\"divider.default\">\n\t\t\t\t<div class=\"elementor-widget-container\">\n\t\t\t\t\t\t\t<div class=\"elementor-divider\">\n\t\t\t<span class=\"elementor-divider-separator\">\n\t\t\t\t\t\t<\/span>\n\t\t<\/div>\n\t\t\t\t\t\t<\/div>\n\t\t\t\t<\/div>\n\t\t\t\t<div class=\"elementor-element elementor-element-48af05e elementor-widget elementor-widget-text-editor\" data-id=\"48af05e\" data-element_type=\"widget\" data-e-type=\"widget\" data-widget_type=\"text-editor.default\">\n\t\t\t\t<div class=\"elementor-widget-container\">\n\t\t\t\t\t\t\t\t\t<div class=\"vc_row wpb_row vc_row-fluid vc_custom_1652220423392 vc_row-has-fill\">\n<div class=\"wpb_column vc_column_container vc_col-sm-12\">\n<div class=\"vc_column-inner\">\n<div class=\"wpb_wrapper\">\n<div class=\"vc_tta-container\" data-vc-action=\"collapse\">\n<div class=\"vc_general vc_tta vc_tta-tabs vc_tta-color-grey vc_tta-style-classic vc_tta-shape-rounded vc_tta-spacing-1 vc_tta-tabs-position-top vc_tta-controls-align-left\">\n<div class=\"vc_tta-panels-container\">\n<div class=\"vc_tta-panels\">\n<div id=\"1651526539539-451fae82-432e\" class=\"vc_tta-panel vc_active\" data-vc-content=\".vc_tta-panel-body\">\n<div class=\"vc_tta-panel-body\">\n<div class=\"wpb_text_column wpb_content_element \">\n<div class=\"wpb_wrapper\">\n<p>Times Square \u00e8 il centro della citt\u00e0 di New York, che cattura e celebra le culture artistiche, creative, popolari e diverse della citt\u00e0, in cui milioni di turisti passano in soggezione per le straordinarie luci a LED e ospita oltre 5.800 residenti, con altri 172.000 impiegati che si spostano. Con un&#8217;ampia variet\u00e0 di opzioni per la ristorazione e lo shopping, c&#8217;\u00e8 qualcosa per tutti, offrendo un set unico di servizi. Il programma Crossroads, il programma di benefit gratuiti di Alliance, ti d\u00e0 accesso esclusivo a offerte, eventi e informazioni riservate del quartiere per Live &amp; Work. E Neighborhood Resources fornisce informazioni su come accedere a una variet\u00e0 di risorse della citt\u00e0 e altro ancora, tra cui effettuare richieste al 311 o reclami sulla qualit\u00e0 della vita.   <\/p>\n<p>Live &amp; Work per affittare appartamenti a New York devi dimostrare che lo stipendio annuale \u00e8 40 o 45 volte il prezzo di affitto della propriet\u00e0. Si assicureranno che tu possa soddisfare il pagamento esaminando il tuo contratto e la tua busta paga. Di solito eseguono controlli aggiuntivi o contattano persone che possono garantire per te. In totale dovrai pagare tre mesi in anticipo: un mese per il deposito cauzionale, il primo mese di affitto e l&#8217;ultimo.   <\/p>\n<p>Per iniziare a cercare un appartamento in affitto, il momento migliore \u00e8 tra le 4 e le 8 settimane prima del trasloco. Di solito vengono offerti contratti di un anno, ma mai pi\u00f9 di due. <\/p>\n<p>Ci sono diversi modi per trovare un appartamento in citt\u00e0, puoi andare in un&#8217;agenzia, usare Google, dare un&#8217;occhiata agli annunci su Craigslist o rispondere a uno di quei cartelli &#8220;affittasi&#8221; che si trovano sulle facciate degli edifici. Le ultime due opzioni sono meno restrittive e possono essere alternative pi\u00f9 facili, ma fai attenzione alle truffe. Per soggiorni pi\u00f9 brevi (un paio di mesi) puoi dare un&#8217;occhiata ad Airbnb. Non dimenticare che se cerchi un appartamento tramite un agente immobiliare, devi pagare un mese di affitto come commissione per i suoi servizi.   <\/p>\n<p>Per vivere e lavorare a New York, hai bisogno di un visto di lavoro o di una Green Card, che pu\u00f2 essere rilasciata solo dalle autorit\u00e0 competenti (in questo caso, l&#8217;ambasciata o il consolato degli Stati Uniti nel paese in cui risiedi) prima di recarti negli Stati Uniti. .USA Hai bisogno di un&#8217;azienda con sede negli Stati Uniti che ti sponsorizzi. Ci\u00f2 significa che quando fai domanda di lavoro presso un&#8217;azienda statunitense, questa deve sponsorizzare la tua domanda di visto a New York. Senza uno sponsor \u00e8 difficile trovare lavoro negli Stati Uniti.   <\/p>\n<p>Un altro modo per ottenere un visto che ti consente di vivere e lavorare negli Stati Uniti \u00e8 tramite la lotteria della Green Card. Il governo degli Stati Uniti concede 50.000 visti per immigrati all&#8217;anno. In alternativa, puoi avviare un&#8217;attivit\u00e0 in proprio negli Stati Uniti, ma tieni presente che hai bisogno di molto capitale per farlo.  <\/p>\n<p>Il costo della vita e del lavoro a New York \u00e8 alto. \u00c8 caratterizzata dall&#8217;essere una citt\u00e0 costosa, quindi pu\u00f2 essere utile sapere approssimativamente quanto spenderai al mese. <\/p>\n<p>Un monolocale a un prezzo ragionevole ti coster\u00e0 circa $ 2.100 al mese a Manhattan, e un appartamento con una camera da letto tra $ 2.700 e $ 3.000. A Brooklyn, \u00e8 difficile trovare un monolocale per meno di $ 1.500. A New York molte persone condividono una casa per vivere e lavorare, quindi se usi questa opzione pagherai tra 800 e 1.000 dollari per una stanza in un appartamento condiviso nel Queens o a Brooklyn.  <\/p>\n<p>All&#8217;affitto bisogna aggiungere le spese di gas ed elettricit\u00e0, che normalmente aggiungono altri 100-200 dollari al mese. Per trasferirsi in citt\u00e0 serve anche un telefono cellulare, e i contratti pi\u00f9 economici costano tra i 40 e gli 80 dollari. Se si desidera anche avere accesso a Internet, \u00e8 molto probabile che si finisca per pagare circa 120 dollari al mese.  <\/p>\n<p>Un&#8217;altra cosa di cui avrai sicuramente bisogno per spostarti \u00e8 una MetroCard. Una tessera da 30 giorni ti coster\u00e0 $ 127 e potrai viaggiare senza limiti sulla metropolitana e sugli autobus metropolitani. <\/p>\n<p>Anche il carrello della spesa pu\u00f2 essere costoso, ma dipende molto da ogni persona e dalla zona in cui \u00e8 installato. A Manhattan, i supermercati tendono a essere costosi. A volte un take away pu\u00f2 essere pi\u00f9 economico che comprare cibo in un negozio. Un take away di cibo asiatico pu\u00f2 costare 6 $ e spesso avrai abbastanza da mangiare il giorno dopo. Calcola che spenderai circa 50-100 dollari a settimana a testa per gli acquisti di cibo. Ci\u00f2 che non \u00e8 incluso \u00e8 l&#8217;assicurazione sanitaria per un motivo: \u00e8 molto personale. Se la persona ha intenzione di rimanere a New York solo per pochi mesi, l&#8217;assicuratore nazionale potrebbe coprirla. Se la persona lavora a New York, l&#8217;azienda che la impiega potrebbe contribuire al pagamento dell&#8217;assicurazione sanitaria, ma non tutti lo fanno. I costi per i servizi medici negli Stati Uniti sono molto elevati, quindi devi assicurarti che siano coperti durante il tuo soggiorno per goderne senza preoccupazioni.        <\/p>\n<\/div>\n<\/div>\n<\/div>\n<\/div>\n<\/div>\n<\/div>\n<\/div>\n<\/div>\n<\/div>\n<\/div>\n<\/div>\n<\/div>\n\t\t\t\t\t\t\t\t<\/div>\n\t\t\t\t<\/div>\n\t\t\t\t<div class=\"elementor-element elementor-element-73ce83c elementor-widget-divider--view-line elementor-widget elementor-widget-divider\" data-id=\"73ce83c\" data-element_type=\"widget\" data-e-type=\"widget\" data-widget_type=\"divider.default\">\n\t\t\t\t<div class=\"elementor-widget-container\">\n\t\t\t\t\t\t\t<div class=\"elementor-divider\">\n\t\t\t<span class=\"elementor-divider-separator\">\n\t\t\t\t\t\t<\/span>\n\t\t<\/div>\n\t\t\t\t\t\t<\/div>\n\t\t\t\t<\/div>\n\t\t\t\t<div class=\"elementor-element elementor-element-adc2672 elementor-widget elementor-widget-text-editor\" data-id=\"adc2672\" data-element_type=\"widget\" data-e-type=\"widget\" data-widget_type=\"text-editor.default\">\n\t\t\t\t<div class=\"elementor-widget-container\">\n\t\t\t\t\t\t\t\t\t<p><strong>Per apparire sul nostro cartellone a Times Square, vai alla sezione CONTATTI.<\/strong><\/p>\n<p>Ecco come funziona:<\/p>\n<p>Che si tratti di un compleanno, di una proposta di matrimonio, di un anniversario o di una semplice dichiarazione d&#8217;amore, abbiamo pensato a te. Non essere una faccia nella folla! <br \/>Metti la tua foto o il tuo video sul nostro cartellone a Times Square!<\/p>\n<p>Opzione 1: il tuo video\/foto di 60 secondi sar\u00e0 visualizzato 22 volte al giorno.<br \/>Opzione 2: il tuo video\/foto di 30 secondi sar\u00e0 visualizzato 44 volte al giorno<br \/>Opzione 3: il tuo video\/foto di 15 secondi sar\u00e0 visualizzato 88 volte al giorno.<\/p>\n<p>Il nostro cartellone pubblicitario ha una dimensione di 31 piedi x 55 piedi e si trova al 1560 di Broadway (Broadway e 46th Street, proprio sopra il negozio Pel\u00e9).<\/p>\n<p>Non essere una faccia nella folla!<\/p>\n\t\t\t\t\t\t\t\t<\/div>\n\t\t\t\t<\/div>\n\t\t\t\t<div class=\"elementor-element elementor-element-a267a0f elementor-widget elementor-widget-image\" data-id=\"a267a0f\" data-element_type=\"widget\" data-e-type=\"widget\" data-widget_type=\"image.default\">\n\t\t\t\t<div class=\"elementor-widget-container\">\n\t\t\t\t\t\t\t\t\t\t\t\t\t\t\t<img fetchpriority=\"high\" decoding=\"async\" width=\"1024\" height=\"613\" src=\"https:\/\/welcome-to-times-square.com\/wp-content\/uploads\/2022\/05\/Live-and-Work-in-NYC-1024x613.png\" class=\"attachment-large size-large wp-image-6239\" alt=\"\" srcset=\"https:\/\/welcome-to-times-square.com\/wp-content\/uploads\/2022\/05\/Live-and-Work-in-NYC-1024x613.png 1024w, https:\/\/welcome-to-times-square.com\/wp-content\/uploads\/2022\/05\/Live-and-Work-in-NYC-600x359.png 600w, https:\/\/welcome-to-times-square.com\/wp-content\/uploads\/2022\/05\/Live-and-Work-in-NYC-300x179.png 300w, https:\/\/welcome-to-times-square.com\/wp-content\/uploads\/2022\/05\/Live-and-Work-in-NYC-768x459.png 768w, https:\/\/welcome-to-times-square.com\/wp-content\/uploads\/2022\/05\/Live-and-Work-in-NYC-1536x919.png 1536w, https:\/\/welcome-to-times-square.com\/wp-content\/uploads\/2022\/05\/Live-and-Work-in-NYC.png 1648w\" sizes=\"(max-width: 1024px) 100vw, 1024px\" \/>\t\t\t\t\t\t\t\t\t\t\t\t\t\t\t<\/div>\n\t\t\t\t<\/div>\n\t\t\t\t\t<\/div>\n\t\t\t\t<\/div>\n\t\t\t\t<\/div>\n\t\t","protected":false},"excerpt":{"rendered":"Vivere e lavorare a New York Times Square \u00e8 il centro della citt\u00e0 di New York, che cattura e celebra le culture artistiche, creative, popolari e diverse della citt\u00e0, in cui milioni di turisti passano in soggezione per le straordinarie luci a LED e ospita oltre 5.800 residenti, con altri 172.000 impiegati che si spostano. [...]<a href=\"https:\/\/welcome-to-times-square.com\/it\/live-work\/\" class=\"read-more wyz-secondary-color-text\">read more<span class=\"screen-reader-text\">Vivere e lavorare a New York<\/span><\/a>","protected":false},"author":53,"featured_media":0,"parent":0,"menu_order":0,"comment_status":"closed","ping_status":"closed","template":"elementor_header_footer","meta":{"footnotes":""},"class_list":["post-9164","page","type-page","status-publish","hentry"],"yoast_head":"<!-- This site is optimized with the Yoast SEO plugin v27.2 - https:\/\/yoast.com\/product\/yoast-seo-wordpress\/ -->\n<title>Vivere e lavorare a New York - times-square<\/title>\n<meta name=\"robots\" content=\"index, follow, max-snippet:-1, max-image-preview:large, max-video-preview:-1\" \/>\n<link rel=\"canonical\" href=\"https:\/\/welcome-to-times-square.com\/it\/live-work\/\" \/>\n<meta property=\"og:locale\" content=\"it_IT\" \/>\n<meta property=\"og:type\" content=\"article\" \/>\n<meta property=\"og:title\" content=\"Vivere e lavorare a New York - times-square\" \/>\n<meta property=\"og:description\" content=\"Vivere e lavorare a New York Times Square \u00e8 il centro della citt\u00e0 di New York, che cattura e celebra le culture artistiche, creative, popolari e diverse della citt\u00e0, in cui milioni di turisti passano in soggezione per le straordinarie luci a LED e ospita oltre 5.800 residenti, con altri 172.000 impiegati che si spostano. [...]read moreVivere e lavorare a New York\" \/>\n<meta property=\"og:url\" content=\"https:\/\/welcome-to-times-square.com\/it\/live-work\/\" \/>\n<meta property=\"og:site_name\" content=\"times-square\" \/>\n<meta property=\"article:modified_time\" content=\"2025-01-17T13:12:43+00:00\" \/>\n<meta property=\"og:image\" content=\"https:\/\/welcome-to-times-square.com\/wp-content\/uploads\/2022\/05\/Live-and-Work-in-NYC-1024x613.png\" \/>\n\t<meta property=\"og:image:width\" content=\"1024\" \/>\n\t<meta property=\"og:image:height\" content=\"613\" \/>\n\t<meta property=\"og:image:type\" content=\"image\/png\" \/>\n<meta name=\"twitter:card\" content=\"summary_large_image\" \/>\n<meta name=\"twitter:label1\" content=\"Tempo di lettura stimato\" \/>\n\t<meta name=\"twitter:data1\" content=\"5 minuti\" \/>\n<script type=\"application\/ld+json\" class=\"yoast-schema-graph\">{\"@context\":\"https:\/\/schema.org\",\"@graph\":[{\"@type\":\"WebPage\",\"@id\":\"https:\/\/welcome-to-times-square.com\/it\/live-work\/\",\"url\":\"https:\/\/welcome-to-times-square.com\/it\/live-work\/\",\"name\":\"Vivere e lavorare a New York - times-square\",\"isPartOf\":{\"@id\":\"https:\/\/welcome-to-times-square.com\/it\/#website\"},\"primaryImageOfPage\":{\"@id\":\"https:\/\/welcome-to-times-square.com\/it\/live-work\/#primaryimage\"},\"image\":{\"@id\":\"https:\/\/welcome-to-times-square.com\/it\/live-work\/#primaryimage\"},\"thumbnailUrl\":\"https:\/\/welcome-to-times-square.com\/wp-content\/uploads\/2022\/05\/Live-and-Work-in-NYC-1024x613.png\",\"datePublished\":\"2022-05-02T21:10:06+00:00\",\"dateModified\":\"2025-01-17T13:12:43+00:00\",\"breadcrumb\":{\"@id\":\"https:\/\/welcome-to-times-square.com\/it\/live-work\/#breadcrumb\"},\"inLanguage\":\"it-IT\",\"potentialAction\":[{\"@type\":\"ReadAction\",\"target\":[\"https:\/\/welcome-to-times-square.com\/it\/live-work\/\"]}]},{\"@type\":\"ImageObject\",\"inLanguage\":\"it-IT\",\"@id\":\"https:\/\/welcome-to-times-square.com\/it\/live-work\/#primaryimage\",\"url\":\"https:\/\/welcome-to-times-square.com\/wp-content\/uploads\/2022\/05\/Live-and-Work-in-NYC-1024x613.png\",\"contentUrl\":\"https:\/\/welcome-to-times-square.com\/wp-content\/uploads\/2022\/05\/Live-and-Work-in-NYC-1024x613.png\"},{\"@type\":\"BreadcrumbList\",\"@id\":\"https:\/\/welcome-to-times-square.com\/it\/live-work\/#breadcrumb\",\"itemListElement\":[{\"@type\":\"ListItem\",\"position\":1,\"name\":\"Home\",\"item\":\"https:\/\/welcome-to-times-square.com\/it\/\"},{\"@type\":\"ListItem\",\"position\":2,\"name\":\"Vivere e lavorare a New York\"}]},{\"@type\":\"WebSite\",\"@id\":\"https:\/\/welcome-to-times-square.com\/it\/#website\",\"url\":\"https:\/\/welcome-to-times-square.com\/it\/\",\"name\":\"times-square\",\"description\":\"times-square\",\"publisher\":{\"@id\":\"https:\/\/welcome-to-times-square.com\/it\/#organization\"},\"potentialAction\":[{\"@type\":\"SearchAction\",\"target\":{\"@type\":\"EntryPoint\",\"urlTemplate\":\"https:\/\/welcome-to-times-square.com\/it\/?s={search_term_string}\"},\"query-input\":{\"@type\":\"PropertyValueSpecification\",\"valueRequired\":true,\"valueName\":\"search_term_string\"}}],\"inLanguage\":\"it-IT\"},{\"@type\":\"Organization\",\"@id\":\"https:\/\/welcome-to-times-square.com\/it\/#organization\",\"name\":\"times-square\",\"url\":\"https:\/\/welcome-to-times-square.com\/it\/\",\"logo\":{\"@type\":\"ImageObject\",\"inLanguage\":\"it-IT\",\"@id\":\"https:\/\/welcome-to-times-square.com\/it\/#\/schema\/logo\/image\/\",\"url\":\"https:\/\/welcome-to-times-square.com\/wp-content\/uploads\/2024\/03\/welcome-to-time-square-logo-with-r.png\",\"contentUrl\":\"https:\/\/welcome-to-times-square.com\/wp-content\/uploads\/2024\/03\/welcome-to-time-square-logo-with-r.png\",\"width\":500,\"height\":342,\"caption\":\"times-square\"},\"image\":{\"@id\":\"https:\/\/welcome-to-times-square.com\/it\/#\/schema\/logo\/image\/\"}}]}<\/script>\n<!-- \/ Yoast SEO plugin. -->","yoast_head_json":{"title":"Vivere e lavorare a New York - times-square","robots":{"index":"index","follow":"follow","max-snippet":"max-snippet:-1","max-image-preview":"max-image-preview:large","max-video-preview":"max-video-preview:-1"},"canonical":"https:\/\/welcome-to-times-square.com\/it\/live-work\/","og_locale":"it_IT","og_type":"article","og_title":"Vivere e lavorare a New York - times-square","og_description":"Vivere e lavorare a New York Times Square \u00e8 il centro della citt\u00e0 di New York, che cattura e celebra le culture artistiche, creative, popolari e diverse della citt\u00e0, in cui milioni di turisti passano in soggezione per le straordinarie luci a LED e ospita oltre 5.800 residenti, con altri 172.000 impiegati che si spostano. [...]read moreVivere e lavorare a New York","og_url":"https:\/\/welcome-to-times-square.com\/it\/live-work\/","og_site_name":"times-square","article_modified_time":"2025-01-17T13:12:43+00:00","og_image":[{"width":1024,"height":613,"url":"https:\/\/welcome-to-times-square.com\/wp-content\/uploads\/2022\/05\/Live-and-Work-in-NYC-1024x613.png","type":"image\/png"}],"twitter_card":"summary_large_image","twitter_misc":{"Tempo di lettura stimato":"5 minuti"},"schema":{"@context":"https:\/\/schema.org","@graph":[{"@type":"WebPage","@id":"https:\/\/welcome-to-times-square.com\/it\/live-work\/","url":"https:\/\/welcome-to-times-square.com\/it\/live-work\/","name":"Vivere e lavorare a New York - times-square","isPartOf":{"@id":"https:\/\/welcome-to-times-square.com\/it\/#website"},"primaryImageOfPage":{"@id":"https:\/\/welcome-to-times-square.com\/it\/live-work\/#primaryimage"},"image":{"@id":"https:\/\/welcome-to-times-square.com\/it\/live-work\/#primaryimage"},"thumbnailUrl":"https:\/\/welcome-to-times-square.com\/wp-content\/uploads\/2022\/05\/Live-and-Work-in-NYC-1024x613.png","datePublished":"2022-05-02T21:10:06+00:00","dateModified":"2025-01-17T13:12:43+00:00","breadcrumb":{"@id":"https:\/\/welcome-to-times-square.com\/it\/live-work\/#breadcrumb"},"inLanguage":"it-IT","potentialAction":[{"@type":"ReadAction","target":["https:\/\/welcome-to-times-square.com\/it\/live-work\/"]}]},{"@type":"ImageObject","inLanguage":"it-IT","@id":"https:\/\/welcome-to-times-square.com\/it\/live-work\/#primaryimage","url":"https:\/\/welcome-to-times-square.com\/wp-content\/uploads\/2022\/05\/Live-and-Work-in-NYC-1024x613.png","contentUrl":"https:\/\/welcome-to-times-square.com\/wp-content\/uploads\/2022\/05\/Live-and-Work-in-NYC-1024x613.png"},{"@type":"BreadcrumbList","@id":"https:\/\/welcome-to-times-square.com\/it\/live-work\/#breadcrumb","itemListElement":[{"@type":"ListItem","position":1,"name":"Home","item":"https:\/\/welcome-to-times-square.com\/it\/"},{"@type":"ListItem","position":2,"name":"Vivere e lavorare a New York"}]},{"@type":"WebSite","@id":"https:\/\/welcome-to-times-square.com\/it\/#website","url":"https:\/\/welcome-to-times-square.com\/it\/","name":"times-square","description":"times-square","publisher":{"@id":"https:\/\/welcome-to-times-square.com\/it\/#organization"},"potentialAction":[{"@type":"SearchAction","target":{"@type":"EntryPoint","urlTemplate":"https:\/\/welcome-to-times-square.com\/it\/?s={search_term_string}"},"query-input":{"@type":"PropertyValueSpecification","valueRequired":true,"valueName":"search_term_string"}}],"inLanguage":"it-IT"},{"@type":"Organization","@id":"https:\/\/welcome-to-times-square.com\/it\/#organization","name":"times-square","url":"https:\/\/welcome-to-times-square.com\/it\/","logo":{"@type":"ImageObject","inLanguage":"it-IT","@id":"https:\/\/welcome-to-times-square.com\/it\/#\/schema\/logo\/image\/","url":"https:\/\/welcome-to-times-square.com\/wp-content\/uploads\/2024\/03\/welcome-to-time-square-logo-with-r.png","contentUrl":"https:\/\/welcome-to-times-square.com\/wp-content\/uploads\/2024\/03\/welcome-to-time-square-logo-with-r.png","width":500,"height":342,"caption":"times-square"},"image":{"@id":"https:\/\/welcome-to-times-square.com\/it\/#\/schema\/logo\/image\/"}}]}},"_hostinger_reach_plugin_has_subscription_block":false,"_hostinger_reach_plugin_is_elementor":false,"_links":{"self":[{"href":"https:\/\/welcome-to-times-square.com\/it\/wp-json\/wp\/v2\/pages\/9164","targetHints":{"allow":["GET"]}}],"collection":[{"href":"https:\/\/welcome-to-times-square.com\/it\/wp-json\/wp\/v2\/pages"}],"about":[{"href":"https:\/\/welcome-to-times-square.com\/it\/wp-json\/wp\/v2\/types\/page"}],"author":[{"embeddable":true,"href":"https:\/\/welcome-to-times-square.com\/it\/wp-json\/wp\/v2\/users\/53"}],"replies":[{"embeddable":true,"href":"https:\/\/welcome-to-times-square.com\/it\/wp-json\/wp\/v2\/comments?post=9164"}],"version-history":[{"count":0,"href":"https:\/\/welcome-to-times-square.com\/it\/wp-json\/wp\/v2\/pages\/9164\/revisions"}],"wp:attachment":[{"href":"https:\/\/welcome-to-times-square.com\/it\/wp-json\/wp\/v2\/media?parent=9164"}],"curies":[{"name":"wp","href":"https:\/\/api.w.org\/{rel}","templated":true}]}}