{"id":9184,"date":"2021-09-05T09:09:40","date_gmt":"2021-09-05T09:09:40","guid":{"rendered":"https:\/\/welcome-to-times-square.com\/visitor-tips\/"},"modified":"2025-01-17T13:46:51","modified_gmt":"2025-01-17T13:46:51","slug":"visitor-tips","status":"publish","type":"page","link":"https:\/\/welcome-to-times-square.com\/it\/visitor-tips\/","title":{"rendered":"Visitor Tips"},"content":{"rendered":"<p>[vc_row full_width=&#8221;stretch_row&#8221; css=&#8221;.vc_custom_1627402630091{margin-top: 28px !important;margin-right: 0px !important;margin-bottom: 0px !important;margin-left: 0px !important;padding-top: 0px !important;padding-right: 0px !important;padding-bottom: 0px !important;padding-left: 0px !important;}&#8221; el_class=&#8221;main-97676&#8243;][vc_column css=&#8221;.vc_custom_1626939874126{margin: 0px !important;padding: 0px !important;border: 0px initial !important;}&#8221;][vc_row_inner equal_height=&#8221;yes&#8221; el_class=&#8221;text-banner11&#8243;][vc_column_inner width=&#8221;1\/2&#8243; css=&#8221;.vc_custom_1626940693197{margin-top: 0px !important;margin-right: 0px !important;margin-bottom: 0px !important;margin-left: 0px !important;padding-top: 20px !important;padding-right: 20px !important;padding-bottom: 20px !important;padding-left: 20px !important;background-image: url(https:\/\/welcome-to-times-square.com\/wp-content\/uploads\/2021\/07\/dd1.jpg?id=1431) !important;background-position: center !important;background-repeat: no-repeat !important;background-size: cover !important;}&#8221;][vc_column_text]<\/p>\n<h2>Suggerimenti per i visitatori<\/h2>\n<p>[\/vc_column_text][vc_column_text]Broadway, vibrante e culturalmente ricca, rappresenta uno dei pi\u00f9 alti livelli di teatri commerciali dal vivo al mondo. Il Theater District, con teatri maestosi, cartelloni pubblicitari luminosi e luci abbaglianti, \u00e8 una tappa obbligata quando si \u00e8 in citt\u00e0. Lascia un&#8217;esperienza indimenticabile. Il viaggio nella Grande Mela non \u00e8 completo senza aver assistito ad almeno uno spettacolo di Broadway. L&#8217;esperienza di assistere a spettacoli dal vivo in un teatro di Broadway non pu\u00f2 essere replicata altrove.[\/vc_column_text][\/vc_column_inner][vc_column_inner width=&#8221;1\/2&#8243; css=&#8221;.vc_custom_1626939926058{margin: 0px !important;padding: 0px !important;}&#8221;][vc_images_carousel images=&#8221;1421,1423&#8243; img_size=&#8221;full&#8221; onclick=&#8221;link_no&#8221; speed=&#8221;2000&#8243; autoplay=&#8221;yes&#8221; hide_prev_next_buttons=&#8221;yes&#8221; wrap=&#8221;yes&#8221; css=&#8221;.vc_custom_1626942472084{margin-top: 0px !important;margin-right: 0px !important;margin-bottom: 0px !important;margin-left: 0px !important;padding-top: 0px !important;padding-right: 0px !important;padding-bottom: 0px !important;padding-left: 0px !important;}&#8221;][\/vc_column_inner][\/vc_row_inner][\/vc_column][\/vc_row][vc_row full_width=&#8221;stretch_row&#8221; css=&#8221;.vc_custom_1627402678677{margin-top: 0px !important;padding-top: 0px !important;padding-bottom: 20px !important;background-image: url(https:\/\/welcome-to-times-square.com\/wp-content\/uploads\/2021\/07\/bg676.jpg?id=417) !important;background-position: center !important;background-repeat: no-repeat !important;background-size: cover !important;}&#8221; el_class=&#8221;main-title312&#8243;][vc_column width=&#8221;1\/2&#8243;][vc_column_text]<\/p>\n<h2 style=\"text-align: left;\">VISITOR TIPS<\/h2>\n<p>[\/vc_column_text][\/vc_column][vc_column width=&#8221;1\/2&#8243;][vc_column_text]<\/p>\n<h2 style=\"text-align: right; font-size: 16px !important;\"><a style=\"color: #c00;\" href=\"https:\/\/welcome-to-times-square.com\/it\/\"> HOME <\/a> \/ VISITOR TIPS<\/h2>\n<p>[\/vc_column_text][\/vc_column][\/vc_row][vc_row full_width=&#8221;stretch_row&#8221; css=&#8221;.vc_custom_1630833483185{padding-top: 20px !important;padding-bottom: 20px !important;background-color: #f2f2f2 !important;}&#8221; el_class=&#8221;text3232&#8243;][vc_column][vc_column_text]<\/p>\n<h3>Preparati per l&#8217;esperienza di Broadway<\/h3>\n<p>[\/vc_column_text][vc_column_text]I termini che devi conoscere per migliorare la tua esperienza a Broadway[\/vc_column_text][vc_column_text]<\/p>\n<ul>\n<li><strong>Serata di apertura<\/strong>: \u00e8 la prima rappresentazione di un&#8217;opera teatrale o di un musical dopo la fine delle anteprime.<\/li>\n<li><strong>Orchestra<\/strong>: il piano terra dei posti a sedere pi\u00f9 vicino al palco e tra i pi\u00f9 costosi del teatro.<\/li>\n<li><strong>Mezzanino<\/strong>: la prima sezione di posti a sedere elevata in un teatro, sospesa sopra l&#8217;orchestra per una vista magnifica.<\/li>\n<li><strong>Balconata<\/strong>: \u00e8 l&#8217;ultima sezione di posti a sedere in qualsiasi teatro e la pi\u00f9 lontana dal palco.<\/li>\n<li><strong>Sala<\/strong>: pu\u00f2 riferirsi all&#8217;intero auditorium o solo alla parte anteriore della sala, inclusa la hall e la biglietteria.<\/li>\n<li><strong>Will Call<\/strong>: posto alla biglietteria di un teatro dove puoi ritirare i biglietti acquistati in anticipo.<\/li>\n<li><strong>SRO<\/strong>: SRO o Standing Room only. Significa che non hai un posto assegnato e potresti dover stare in piedi durante lo spettacolo.<\/li>\n<\/ul>\n<p>In bocca al lupo! Invece di buona fortuna, quando auguri a qualcuno &#8220;in bocca al lupo&#8221; gli stai augurando un fragoroso applauso.[\/vc_column_text][vc_column_text]<\/p>\n<h3 style=\"font-size: 24px; color: #000;\">Teatri in visita<\/h3>\n<p>[\/vc_column_text][vc_row_inner equal_height=&#8221;yes&#8221; el_class=&#8221;text-l13&#8243;][vc_column_inner el_class=&#8221;bb12&#8243; width=&#8221;1\/3&#8243; css=&#8221;.vc_custom_1630834429154{background-color: #cc0000 !important;border-radius: 5px !important;}&#8221;][vc_column_text]Come scegliere lo spettacolo giusto a Broadway<\/p>\n<p>Scegliere uno spettacolo da guardare segna l&#8217;inizio della tua esperienza a Broadway. Broadway ha una vasta gamma di generi, sia tra opere teatrali che musical. Offre fantasy, romanticismo, dramma e commedia. Soddisfa tutti i gusti, quindi per rendere speciale l&#8217;esperienza a Broadway, scegliere lo spettacolo giusto \u00e8 molto importante. Fai una piccola ricerca online e fai la tua scelta.[\/vc_column_text][\/vc_column_inner][vc_column_inner el_class=&#8221;bb12&#8243; width=&#8221;1\/3&#8243; css=&#8221;.vc_custom_1630834441317{background-color: #cc0000 !important;border-radius: 5px !important;}&#8221;][vc_column_text]Conoscere il teatro<\/p>\n<p>Alcune considerazioni sono necessarie prima di prenotare i posti, soprattutto se si \u00e8 accompagnati da persone anziane. \u00c8 necessario verificare se il teatro ha una scala mobile o un ascensore o una sedia a rotelle, ecc. Conoscere la mappa dei posti del teatro \u00e8 importante per scegliere il posto migliore in base alle proprie esigenze. Pertanto, controllare la guida dei posti del teatro e scegliere i posti giusti.[\/vc_column_text][\/vc_column_inner][vc_column_inner el_class=&#8221;bb12&#8243; width=&#8221;1\/3&#8243; css=&#8221;.vc_custom_1630834453445{background-color: #cc0000 !important;border-radius: 5px !important;}&#8221;][vc_column_text]Acquisto biglietti<\/p>\n<p>Acquistare i biglietti online \u00e8 il modo pi\u00f9 semplice. Per acquistare online \u00e8 necessario il sito Web ufficiale di uno spettacolo o di un teatro. Se sei in giro o non sei a tuo agio con le transazioni online, puoi prenotare i biglietti dalla biglietteria del teatro. App di terze parti come Headout possono anche essere utilizzate per prenotare biglietti per Broadway online, che offrono anche grandi sconti e cashback tra gli altri vantaggi per i clienti.[\/vc_column_text][\/vc_column_inner][\/vc_row_inner][vc_row_inner equal_height=&#8221;yes&#8221; el_class=&#8221;text-l13&#8243;][vc_column_inner width=&#8221;1\/3&#8243;][vc_single_image image=&#8221;1483&#8243; img_size=&#8221;full&#8221;][\/vc_column_inner][vc_column_inner el_class=&#8221;bb12&#8243; width=&#8221;1\/3&#8243; css=&#8221;.vc_custom_1630834441317{background-color: #cc0000 !important;border-radius: 5px !important;}&#8221;][vc_column_text]Vestirsi per Broadway<\/p>\n<p>Non esiste un dress code prestabilito, tuttavia, se ti vesti per il tuo primo spettacolo a Broadway, l&#8217;esperienza sar\u00e0 pi\u00f9 bella. Muoversi tra le sale secolari e godersi musical scritti anni fa aggiunge fascino e un&#8217;esperienza unica.[\/vc_column_text][\/vc_column_inner][vc_column_inner el_class=&#8221;bb12&#8243; width=&#8221;1\/3&#8243; css=&#8221;.vc_custom_1630834453445{background-color: #cc0000 !important;border-radius: 5px !important;}&#8221;][vc_column_text]Goditi uno spuntino veloce<\/p>\n<p>I cibi disponibili nei teatri di Broadway hanno prezzi esorbitanti, quindi prima che inizi lo spettacolo, puoi fare uno spuntino veloce in uno dei favolosi ristoranti disponibili nel Theatre District e a Times Square[\/vc_column_text][\/vc_column_inner][\/vc_row_inner][\/vc_column][\/vc_row][vc_row el_class=&#8221;text676511&#8243;][vc_column][vc_column_text]Galateo teatrale di Broadway che devi conoscere[\/vc_column_text][vc_column_text]Ecco alcune comuni regole di comportamento nei teatri che un visitatore \u00e8 tenuto a seguire quando assiste a uno spettacolo di Broadway:[\/vc_column_text][vc_column_text]<\/p>\n<ul>\n<li>Applaudire dopo l&#8217;esibizione o alla fine di un atto.<\/li>\n<li>Evitare di parlare durante l&#8217;esibizione, distrae gli artisti.<\/li>\n<li>Non cantare durante i numeri musicali, a meno che l&#8217;artista non ti incoraggi a farlo<\/li>\n<li>Anche se non ti \u00e8 piaciuto lo spettacolo, mantieni la tua opinione sullo spettacolo neutrale o positiva. Mettere insieme uno spettacolo di Broadway non \u00e8 facile e non vuoi essere maleducato criticando apertamente lo spettacolo.<\/li>\n<\/ul>\n<p>[\/vc_column_text][\/vc_column][\/vc_row][vc_row][vc_column][vc_raw_html]JTNDJTIxLS0lMjBNZXRhJTIwUGl4ZWwlMjBDb2RlJTIwLS0lM0UlMEElM0NzY3JpcHQlM0UlMEElMjFmdW5jdGlvbiUyOGYlMkNiJTJDZSUyQ3YlMkNuJTJDdCUyQ3MlMjklMEElN0JpZiUyOGYuZmJxJTI5cmV0dXJuJTNCbiUzRGYuZmJxJTNEZnVuY3Rpb24lMjglMjklN0JuLmNhbGxNZXRob2QlM0YlMEFuLmNhbGxNZXRob2QuYXBwbHklMjhuJTJDYXJndW1lbnRzJTI5JTNBbi5xdWV1ZS5wdXNoJTI4YXJndW1lbnRzJTI5JTdEJTNCJTBBaWYlMjglMjFmLl9mYnElMjlmLl9mYnElM0RuJTNCbi5wdXNoJTNEbiUzQm4ubG9hZGVkJTNEJTIxMCUzQm4udmVyc2lvbiUzRCUyNzIuMCUyNyUzQiUwQW4ucXVldWUlM0QlNUIlNUQlM0J0JTNEYi5jcmVhdGVFbGVtZW50JTI4ZSUyOSUzQnQuYXN5bmMlM0QlMjEwJTNCJTBBdC5zcmMlM0R2JTNCcyUzRGIuZ2V0RWxlbWVudHNCeVRhZ05hbWUlMjhlJTI5JTVCMCU1RCUzQiUwQXMucGFyZW50Tm9kZS5pbnNlcnRCZWZvcmUlMjh0JTJDcyUyOSU3RCUyOHdpbmRvdyUyQyUyMGRvY3VtZW50JTJDJTI3c2NyaXB0JTI3JTJDJTBBJTI3aHR0cHMlM0ElMkYlMkZjb25uZWN0LmZhY2Vib29rLm5ldCUyRmVuX1VTJTJGZmJldmVudHMuanMlMjclMjklM0IlMEFmYnElMjglMjdpbml0JTI3JTJDJTIwJTI3MTc1MTgxMTAwODYyNDAzOSUyNyUyOSUzQiUwQWZicSUyOCUyN3RyYWNrJTI3JTJDJTIwJTI3UGFnZVZpZXclMjclMjklM0IlMEElM0MlMkZzY3JpcHQlM0UlMEElM0Nub3NjcmlwdCUzRSUzQ2ltZyUyMGhlaWdodCUzRCUyMjElMjIlMjB3aWR0aCUzRCUyMjElMjIlMjBzdHlsZSUzRCUyMmRpc3BsYXklM0Fub25lJTIyJTBBc3JjJTNEJTIyaHR0cHMlM0ElMkYlMkZ3d3cuZmFjZWJvb2suY29tJTJGdHIlM0ZpZCUzRDE3NTE4MTEwMDg2MjQwMzklMjZldiUzRFBhZ2VWaWV3JTI2bm9zY3JpcHQlM0QxJTIyJTBBJTJGJTNFJTNDJTJGbm9zY3JpcHQlM0UlMEElM0MlMjEtLSUyMEVuZCUyME1ldGElMjBQaXhlbCUyMENvZGUlMjAtLSUzRQ==[\/vc_raw_html][\/vc_column][\/vc_row]<\/p>\n","protected":false},"excerpt":{"rendered":"[vc_row full_width=\"stretch_row\" css=\".vc_custom_1627402630091{margin-top: 28px !important;margin-right: 0px !important;margin-bottom: 0px !important;margin-left: 0px !important;padding-top: 0px !important;padding-right: 0px !important;padding-bottom: 0px !important;padding-left: 0px !important;}\" el_class=\"main-97676\"][vc_column css=\".vc_custom_1626939874126{margin: 0px !important;padding: 0px !important;border: 0px initial !important;}\"][vc_row_inner equal_height=\"yes\" el_class=\"text-banner11\"][vc_column_inner width=\"1\/2\" css=\".vc_custom_1626940693197{margin-top: 0px !important;margin-right: 0px !important;margin-bottom: 0px !important;margin-left: 0px !important;padding-top: 20px !important;padding-right: 20px !important;padding-bottom: 20px !important;padding-left: 20px !important;background-image: url(https:\/\/welcome-to-times-square.com\/wp-content\/uploads\/2021\/07\/dd1.jpg?id=1431) !important;background-position: center !important;background-repeat: no-repeat !important;background-size: cover [...]<a href=\"https:\/\/welcome-to-times-square.com\/it\/visitor-tips\/\" class=\"read-more wyz-secondary-color-text\">read more<span class=\"screen-reader-text\">Visitor Tips<\/span><\/a>","protected":false},"author":53,"featured_media":0,"parent":0,"menu_order":0,"comment_status":"closed","ping_status":"closed","template":"","meta":{"footnotes":""},"class_list":["post-9184","page","type-page","status-publish","hentry"],"yoast_head":"<!-- This site is optimized with the Yoast SEO plugin v27.2 - https:\/\/yoast.com\/product\/yoast-seo-wordpress\/ -->\n<title>Visitor Tips - times-square<\/title>\n<meta name=\"robots\" content=\"index, follow, max-snippet:-1, max-image-preview:large, max-video-preview:-1\" \/>\n<link rel=\"canonical\" href=\"https:\/\/welcome-to-times-square.com\/it\/visitor-tips\/\" \/>\n<meta property=\"og:locale\" content=\"it_IT\" \/>\n<meta property=\"og:type\" content=\"article\" \/>\n<meta property=\"og:title\" content=\"Visitor Tips - times-square\" \/>\n<meta property=\"og:description\" content=\"[vc_row full_width=&#8221;stretch_row&#8221; css=&#8221;.vc_custom_1627402630091{margin-top: 28px !important;margin-right: 0px !important;margin-bottom: 0px !important;margin-left: 0px !important;padding-top: 0px !important;padding-right: 0px !important;padding-bottom: 0px !important;padding-left: 0px !important;}&#8221; el_class=&#8221;main-97676&#8243;][vc_column css=&#8221;.vc_custom_1626939874126{margin: 0px !important;padding: 0px !important;border: 0px initial !important;}&#8221;][vc_row_inner equal_height=&#8221;yes&#8221; el_class=&#8221;text-banner11&#8243;][vc_column_inner width=&#8221;1\/2&#8243; css=&#8221;.vc_custom_1626940693197{margin-top: 0px !important;margin-right: 0px !important;margin-bottom: 0px !important;margin-left: 0px !important;padding-top: 20px !important;padding-right: 20px !important;padding-bottom: 20px !important;padding-left: 20px !important;background-image: url(https:\/\/welcome-to-times-square.com\/wp-content\/uploads\/2021\/07\/dd1.jpg?id=1431) !important;background-position: center !important;background-repeat: no-repeat !important;background-size: cover [...]read moreVisitor Tips\" \/>\n<meta property=\"og:url\" content=\"https:\/\/welcome-to-times-square.com\/it\/visitor-tips\/\" \/>\n<meta property=\"og:site_name\" content=\"times-square\" \/>\n<meta property=\"article:modified_time\" content=\"2025-01-17T13:46:51+00:00\" \/>\n<meta name=\"twitter:card\" content=\"summary_large_image\" \/>\n<meta name=\"twitter:label1\" content=\"Tempo di lettura stimato\" \/>\n\t<meta name=\"twitter:data1\" content=\"6 minuti\" \/>\n<script type=\"application\/ld+json\" class=\"yoast-schema-graph\">{\"@context\":\"https:\/\/schema.org\",\"@graph\":[{\"@type\":\"WebPage\",\"@id\":\"https:\/\/welcome-to-times-square.com\/it\/visitor-tips\/\",\"url\":\"https:\/\/welcome-to-times-square.com\/it\/visitor-tips\/\",\"name\":\"Visitor Tips - times-square\",\"isPartOf\":{\"@id\":\"https:\/\/welcome-to-times-square.com\/it\/#website\"},\"datePublished\":\"2021-09-05T09:09:40+00:00\",\"dateModified\":\"2025-01-17T13:46:51+00:00\",\"breadcrumb\":{\"@id\":\"https:\/\/welcome-to-times-square.com\/it\/visitor-tips\/#breadcrumb\"},\"inLanguage\":\"it-IT\",\"potentialAction\":[{\"@type\":\"ReadAction\",\"target\":[\"https:\/\/welcome-to-times-square.com\/it\/visitor-tips\/\"]}]},{\"@type\":\"BreadcrumbList\",\"@id\":\"https:\/\/welcome-to-times-square.com\/it\/visitor-tips\/#breadcrumb\",\"itemListElement\":[{\"@type\":\"ListItem\",\"position\":1,\"name\":\"Home\",\"item\":\"https:\/\/welcome-to-times-square.com\/it\/\"},{\"@type\":\"ListItem\",\"position\":2,\"name\":\"Visitor Tips\"}]},{\"@type\":\"WebSite\",\"@id\":\"https:\/\/welcome-to-times-square.com\/it\/#website\",\"url\":\"https:\/\/welcome-to-times-square.com\/it\/\",\"name\":\"times-square\",\"description\":\"times-square\",\"publisher\":{\"@id\":\"https:\/\/welcome-to-times-square.com\/it\/#organization\"},\"potentialAction\":[{\"@type\":\"SearchAction\",\"target\":{\"@type\":\"EntryPoint\",\"urlTemplate\":\"https:\/\/welcome-to-times-square.com\/it\/?s={search_term_string}\"},\"query-input\":{\"@type\":\"PropertyValueSpecification\",\"valueRequired\":true,\"valueName\":\"search_term_string\"}}],\"inLanguage\":\"it-IT\"},{\"@type\":\"Organization\",\"@id\":\"https:\/\/welcome-to-times-square.com\/it\/#organization\",\"name\":\"times-square\",\"url\":\"https:\/\/welcome-to-times-square.com\/it\/\",\"logo\":{\"@type\":\"ImageObject\",\"inLanguage\":\"it-IT\",\"@id\":\"https:\/\/welcome-to-times-square.com\/it\/#\/schema\/logo\/image\/\",\"url\":\"https:\/\/welcome-to-times-square.com\/wp-content\/uploads\/2024\/03\/welcome-to-time-square-logo-with-r.png\",\"contentUrl\":\"https:\/\/welcome-to-times-square.com\/wp-content\/uploads\/2024\/03\/welcome-to-time-square-logo-with-r.png\",\"width\":500,\"height\":342,\"caption\":\"times-square\"},\"image\":{\"@id\":\"https:\/\/welcome-to-times-square.com\/it\/#\/schema\/logo\/image\/\"}}]}<\/script>\n<!-- \/ Yoast SEO plugin. -->","yoast_head_json":{"title":"Visitor Tips - times-square","robots":{"index":"index","follow":"follow","max-snippet":"max-snippet:-1","max-image-preview":"max-image-preview:large","max-video-preview":"max-video-preview:-1"},"canonical":"https:\/\/welcome-to-times-square.com\/it\/visitor-tips\/","og_locale":"it_IT","og_type":"article","og_title":"Visitor Tips - times-square","og_description":"[vc_row full_width=&#8221;stretch_row&#8221; css=&#8221;.vc_custom_1627402630091{margin-top: 28px !important;margin-right: 0px !important;margin-bottom: 0px !important;margin-left: 0px !important;padding-top: 0px !important;padding-right: 0px !important;padding-bottom: 0px !important;padding-left: 0px !important;}&#8221; el_class=&#8221;main-97676&#8243;][vc_column css=&#8221;.vc_custom_1626939874126{margin: 0px !important;padding: 0px !important;border: 0px initial !important;}&#8221;][vc_row_inner equal_height=&#8221;yes&#8221; el_class=&#8221;text-banner11&#8243;][vc_column_inner width=&#8221;1\/2&#8243; css=&#8221;.vc_custom_1626940693197{margin-top: 0px !important;margin-right: 0px !important;margin-bottom: 0px !important;margin-left: 0px !important;padding-top: 20px !important;padding-right: 20px !important;padding-bottom: 20px !important;padding-left: 20px !important;background-image: url(https:\/\/welcome-to-times-square.com\/wp-content\/uploads\/2021\/07\/dd1.jpg?id=1431) !important;background-position: center !important;background-repeat: no-repeat !important;background-size: cover [...]read moreVisitor Tips","og_url":"https:\/\/welcome-to-times-square.com\/it\/visitor-tips\/","og_site_name":"times-square","article_modified_time":"2025-01-17T13:46:51+00:00","twitter_card":"summary_large_image","twitter_misc":{"Tempo di lettura stimato":"6 minuti"},"schema":{"@context":"https:\/\/schema.org","@graph":[{"@type":"WebPage","@id":"https:\/\/welcome-to-times-square.com\/it\/visitor-tips\/","url":"https:\/\/welcome-to-times-square.com\/it\/visitor-tips\/","name":"Visitor Tips - times-square","isPartOf":{"@id":"https:\/\/welcome-to-times-square.com\/it\/#website"},"datePublished":"2021-09-05T09:09:40+00:00","dateModified":"2025-01-17T13:46:51+00:00","breadcrumb":{"@id":"https:\/\/welcome-to-times-square.com\/it\/visitor-tips\/#breadcrumb"},"inLanguage":"it-IT","potentialAction":[{"@type":"ReadAction","target":["https:\/\/welcome-to-times-square.com\/it\/visitor-tips\/"]}]},{"@type":"BreadcrumbList","@id":"https:\/\/welcome-to-times-square.com\/it\/visitor-tips\/#breadcrumb","itemListElement":[{"@type":"ListItem","position":1,"name":"Home","item":"https:\/\/welcome-to-times-square.com\/it\/"},{"@type":"ListItem","position":2,"name":"Visitor Tips"}]},{"@type":"WebSite","@id":"https:\/\/welcome-to-times-square.com\/it\/#website","url":"https:\/\/welcome-to-times-square.com\/it\/","name":"times-square","description":"times-square","publisher":{"@id":"https:\/\/welcome-to-times-square.com\/it\/#organization"},"potentialAction":[{"@type":"SearchAction","target":{"@type":"EntryPoint","urlTemplate":"https:\/\/welcome-to-times-square.com\/it\/?s={search_term_string}"},"query-input":{"@type":"PropertyValueSpecification","valueRequired":true,"valueName":"search_term_string"}}],"inLanguage":"it-IT"},{"@type":"Organization","@id":"https:\/\/welcome-to-times-square.com\/it\/#organization","name":"times-square","url":"https:\/\/welcome-to-times-square.com\/it\/","logo":{"@type":"ImageObject","inLanguage":"it-IT","@id":"https:\/\/welcome-to-times-square.com\/it\/#\/schema\/logo\/image\/","url":"https:\/\/welcome-to-times-square.com\/wp-content\/uploads\/2024\/03\/welcome-to-time-square-logo-with-r.png","contentUrl":"https:\/\/welcome-to-times-square.com\/wp-content\/uploads\/2024\/03\/welcome-to-time-square-logo-with-r.png","width":500,"height":342,"caption":"times-square"},"image":{"@id":"https:\/\/welcome-to-times-square.com\/it\/#\/schema\/logo\/image\/"}}]}},"_hostinger_reach_plugin_has_subscription_block":false,"_hostinger_reach_plugin_is_elementor":false,"_links":{"self":[{"href":"https:\/\/welcome-to-times-square.com\/it\/wp-json\/wp\/v2\/pages\/9184","targetHints":{"allow":["GET"]}}],"collection":[{"href":"https:\/\/welcome-to-times-square.com\/it\/wp-json\/wp\/v2\/pages"}],"about":[{"href":"https:\/\/welcome-to-times-square.com\/it\/wp-json\/wp\/v2\/types\/page"}],"author":[{"embeddable":true,"href":"https:\/\/welcome-to-times-square.com\/it\/wp-json\/wp\/v2\/users\/53"}],"replies":[{"embeddable":true,"href":"https:\/\/welcome-to-times-square.com\/it\/wp-json\/wp\/v2\/comments?post=9184"}],"version-history":[{"count":1,"href":"https:\/\/welcome-to-times-square.com\/it\/wp-json\/wp\/v2\/pages\/9184\/revisions"}],"predecessor-version":[{"id":9199,"href":"https:\/\/welcome-to-times-square.com\/it\/wp-json\/wp\/v2\/pages\/9184\/revisions\/9199"}],"wp:attachment":[{"href":"https:\/\/welcome-to-times-square.com\/it\/wp-json\/wp\/v2\/media?parent=9184"}],"curies":[{"name":"wp","href":"https:\/\/api.w.org\/{rel}","templated":true}]}}