{"id":9266,"date":"2021-09-02T12:50:38","date_gmt":"2021-09-02T12:50:38","guid":{"rendered":"https:\/\/welcome-to-times-square.com\/broadway-tickets\/"},"modified":"2025-01-20T08:01:39","modified_gmt":"2025-01-20T08:01:39","slug":"broadway-tickets","status":"publish","type":"page","link":"https:\/\/welcome-to-times-square.com\/it\/broadway-tickets\/","title":{"rendered":"Biglietti per Broadway"},"content":{"rendered":"\t\t<div data-elementor-type=\"wp-page\" data-elementor-id=\"9266\" class=\"elementor elementor-9266 elementor-1692\" data-elementor-post-type=\"page\">\n\t\t\t\t<div class=\"elementor-element elementor-element-f3ddbde e-flex e-con-boxed e-con e-parent\" data-id=\"f3ddbde\" data-element_type=\"container\" data-e-type=\"container\" data-settings=\"{&quot;background_background&quot;:&quot;classic&quot;}\">\n\t\t\t\t\t<div class=\"e-con-inner\">\n\t\t\t\t<div class=\"elementor-element elementor-element-2af2c2f elementor-widget elementor-widget-heading\" data-id=\"2af2c2f\" data-element_type=\"widget\" data-e-type=\"widget\" data-widget_type=\"heading.default\">\n\t\t\t\t<div class=\"elementor-widget-container\">\n\t\t\t\t\t<h2 class=\"elementor-heading-title elementor-size-default\">Come acquistare i biglietti per Broadway<\/h2>\t\t\t\t<\/div>\n\t\t\t\t<\/div>\n\t\t\t\t<div class=\"elementor-element elementor-element-a09f7cf elementor-widget-divider--view-line elementor-widget elementor-widget-divider\" data-id=\"a09f7cf\" data-element_type=\"widget\" data-e-type=\"widget\" data-widget_type=\"divider.default\">\n\t\t\t\t<div class=\"elementor-widget-container\">\n\t\t\t\t\t\t\t<div class=\"elementor-divider\">\n\t\t\t<span class=\"elementor-divider-separator\">\n\t\t\t\t\t\t<\/span>\n\t\t<\/div>\n\t\t\t\t\t\t<\/div>\n\t\t\t\t<\/div>\n\t\t\t\t<div class=\"elementor-element elementor-element-88beda0 elementor-widget elementor-widget-text-editor\" data-id=\"88beda0\" data-element_type=\"widget\" data-e-type=\"widget\" data-widget_type=\"text-editor.default\">\n\t\t\t\t<div class=\"elementor-widget-container\">\n\t\t\t\t\t\t\t\t\t<p>Ora \u00e8 ufficiale che i musical, le opere teatrali e gli altri spettacoli dal vivo di successo sono tornati e la Great White Way \u00e8 tornata in attivit\u00e0. Il governatore di New York Andrew Cuomo sta consentendo ai teatri di riaprire per spettacoli dal vivo a partire dal 14 settembre. <\/p>\n<p>A causa delle molteplici opzioni, acquistare i biglietti per gli spettacoli di Broadway pu\u00f2 essere scoraggiante. Tuttavia, un po&#8217; di pianificazione in anticipo rende pi\u00f9 facile acquistare i biglietti per Broadway e assicurarsi i posti ambiti per alcuni degli spettacoli di maggior successo <\/p>\n<p><strong>BIGLIETTI PER BROADWAY<\/strong><\/p>\n<h3>Ecco alcuni dei modi pi\u00f9 comuni per acquistare i biglietti per assistere agli spettacoli dal vivo a Broadway:<\/h3>\n<ul>\n<li><strong>Biglietti tramite Web<\/strong><br \/>www.Broadway.org, la fonte ufficiale di informazioni online sui posti a sedere per Broadway \u00e8 il posto migliore per acquistare biglietti per Broadway. Qui troverete un elenco completo degli spettacoli di Broadway attuali e futuri. Fornir\u00e0 anche link diretti alle biglietterie ufficiali di ogni spettacolo e teatro che offrono biglietti a tutti i prezzi.  <\/li>\n<li>\n<p><strong>Vai agli stand scontati TKTS<\/strong><br \/>Aspettare in coda il giorno dello spettacolo \u00e8 il modo tradizionale e classico per acquistare biglietti fortemente scontati da TKTS a Duffy Square. I pi\u00f9 grandi successi di Broadway sono in vendita agli stand, per lo pi\u00f9 con uno sconto del 50%. Lo stand di Time Square ha anche una finestra &#8220;Play Express&#8221; che riduce i tempi di attesa, a patto che non si voglia vedere un musical.  <\/p>\n<\/li>\n<\/ul>\n<p>TDF gestisce anche altri due stand in citt\u00e0. Il primo si trova al David Rubenstein Atrium del Lincoln Center e l&#8217;altro al South Street Seaport. Prima si acquistano i biglietti al TKTS, meglio \u00e8, ma a volte i blocchi di posti buoni vengono rilasciati pi\u00f9 vicino all&#8217;orario di apertura. Per informazioni aggiornate, \u00e8 possibile utilizzare l&#8217;app TKTS o visitare il sito Web. Il costo dei biglietti al TKTS \u00e8 notevolmente inferiore rispetto a quello di altri siti Web.    <\/p>\n<ul>\n<li>\n<p><strong>Acquista i biglietti online o sul tuo telefono<\/strong><br \/>Acquistare al TKTS richiede di aspettare di persona e spesso l&#8217;attesa \u00e8 lunga. Internet \u00e8 la migliore alternativa che ti aiuter\u00e0 ad acquistare i biglietti con settimane di anticipo. L&#8217;app TodayTix ti aiuter\u00e0 a trovare biglietti scontati sul tuo cellulare con largo anticipo.  <\/p>\n<\/li>\n<\/ul>\n<p>Inoltre, ci sono anche due venditori di biglietti che sono utilizzati da quasi tutti i teatri di Broadway per vendere biglietti online o via telefono. Uno \u00e8 Telecharge al numero (800) 432-7250 e l&#8217;altro \u00e8 Ticketmaster al numero (866) 870-2717. <\/p>\n<p>Controlla la pagina dello spettacolo sul sito web Broadway.org per verificare l&#8217;ufficio biglietteria ufficiale per lo spettacolo o gli spettacoli che sei interessato ad acquistare<\/p>\n<p>TDF gestisce anche altri due stand in citt\u00e0. Il primo si trova al David Rubenstein Atrium del Lincoln Center e l&#8217;altro al South Street Seaport. Prima si acquistano i biglietti al TKTS, meglio \u00e8, ma a volte i blocchi di posti buoni rilasciati pi\u00f9 vicino all&#8217;orario vengono di apertura. Per informazioni aggiornate, \u00e8 possibile utilizzare l&#8217;app TKTS o visitare il sito Web. Il costo dei biglietti al TKTS \u00e8 notevolmente inferiore rispetto a quello di altri siti Web.    <\/p>\n<p><strong>Biglietti &#8220;Rush&#8221; o &#8220;lotteria&#8221;<\/strong><br \/>Molti teatri offrono biglietti speciali per lo stesso giorno a un prezzo molto ragionevole per spettacoli esauriti. I biglietti Rush per gli spettacoli di Broadway possono essere acquistati a partire da soli $ 20 a biglietto. Possono essere acquistati presso la biglietteria del teatro il giorno dello spettacolo. Alcuni teatri offrono anche biglietti Rush mobili tramite TodayTix.   <\/p>\n<p>Alcune produzioni offrono biglietti economici per il giorno stesso tramite il metodo della lotteria in presenza. I nomi vengono estratti al botteghino poche ore prima dell&#8217;inizio dello spettacolo. Tuttavia, ora la maggior parte degli spettacoli di Broadway organizza lotterie in digitale tramite TodayTix o autonomamente. Puoi consultare gli utili elenchi su Broadway for Broke People per scoprire quali teatri offrono biglietti rush e lotterie.   <\/p>\n<ul>\n<li><strong>Diventa un membro<\/strong><br \/>La maggior parte delle compagnie teatrali offre pacchetti di abbonamento. Puoi pagare una quota in anticipo e in cambio otterrai biglietti scontati per tutto l&#8217;anno. Questo ti consente anche di acquistare i biglietti prima che vengano messi in vendita. \u00c8 molto utile quando i teatri hanno spettacoli con molto fermento in anticipo. Puoi anche ottenere un abbonamento annuale con TDF. Ti consentir\u00e0 di utilizzare le offerte sui biglietti con largo anticipo.     <\/li>\n<li><strong>Bonus: per i giovani<\/strong><br \/>I teatri non-profit hanno programmi che incoraggiano il pubblico pi\u00f9 giovane. Aderendo al programma Hiptix, le persone di et\u00e0 compresa tra 18 e 40 anni possono acquistare biglietti alla Roundabout Theater Company per soli $ 30. Il programma LincTix del Lincoln Center Theater per i giovani di et\u00e0 compresa tra 21 e 35 anni offre biglietti a $ 32 per tutti gli spettacoli. Allo stesso modo, il Manhattan Theatre Club offre biglietti a $ 30 per i frequentatori di 35 anni o meno.   <\/li>\n<\/ul>\n\t\t\t\t\t\t\t\t<\/div>\n\t\t\t\t<\/div>\n\t\t\t\t<div class=\"elementor-element elementor-element-5b7d56e elementor-widget-divider--view-line elementor-widget elementor-widget-divider\" data-id=\"5b7d56e\" data-element_type=\"widget\" data-e-type=\"widget\" data-widget_type=\"divider.default\">\n\t\t\t\t<div class=\"elementor-widget-container\">\n\t\t\t\t\t\t\t<div class=\"elementor-divider\">\n\t\t\t<span class=\"elementor-divider-separator\">\n\t\t\t\t\t\t<\/span>\n\t\t<\/div>\n\t\t\t\t\t\t<\/div>\n\t\t\t\t<\/div>\n\t\t\t\t<div class=\"elementor-element elementor-element-2a620ff elementor-widget elementor-widget-text-editor\" data-id=\"2a620ff\" data-element_type=\"widget\" data-e-type=\"widget\" data-widget_type=\"text-editor.default\">\n\t\t\t\t<div class=\"elementor-widget-container\">\n\t\t\t\t\t\t\t\t\t<p><strong>Per apparire sul nostro cartellone a Times Square, vai alla sezione CONTATTI.<\/strong><\/p>\n<p>Ecco come funziona:<\/p>\n<p>Che si tratti di un compleanno, di una proposta di matrimonio, di un anniversario o di una semplice dichiarazione d&#8217;amore, abbiamo pensato a te. Non essere una faccia nella folla! <br \/>Metti la tua foto o il tuo video sul nostro cartellone a Times Square!<\/p>\n<p>Opzione 1: il tuo video\/foto di 60 secondi sar\u00e0 visualizzato 22 volte al giorno.<br \/>Opzione 2: il tuo video\/foto di 30 secondi sar\u00e0 visualizzato 44 volte al giorno<br \/>Opzione 3: il tuo video\/foto di 15 secondi sar\u00e0 visualizzato 88 volte al giorno.<\/p>\n<p>Il nostro cartellone pubblicitario ha una dimensione di 31 piedi x 55 piedi e si trova al 1560 di Broadway (Broadway e 46th Street, proprio sopra il negozio Pel\u00e9).<\/p>\n<p>Non essere una faccia nella folla!<\/p>\n\t\t\t\t\t\t\t\t<\/div>\n\t\t\t\t<\/div>\n\t\t\t\t\t<\/div>\n\t\t\t\t<\/div>\n\t\t\t\t<\/div>\n\t\t","protected":false},"excerpt":{"rendered":"Come acquistare i biglietti per Broadway Ora \u00e8 ufficiale che i musical, le opere teatrali e gli altri spettacoli dal vivo di successo sono tornati e la Great White Way \u00e8 tornata in attivit\u00e0. Il governatore di New York Andrew Cuomo sta consentendo ai teatri di riaprire per spettacoli dal vivo a partire dal 14 [...]<a href=\"https:\/\/welcome-to-times-square.com\/it\/broadway-tickets\/\" class=\"read-more wyz-secondary-color-text\">read more<span class=\"screen-reader-text\">Biglietti per Broadway<\/span><\/a>","protected":false},"author":53,"featured_media":0,"parent":0,"menu_order":0,"comment_status":"closed","ping_status":"closed","template":"elementor_header_footer","meta":{"footnotes":""},"class_list":["post-9266","page","type-page","status-publish","hentry"],"yoast_head":"<!-- This site is optimized with the Yoast SEO plugin v27.2 - https:\/\/yoast.com\/product\/yoast-seo-wordpress\/ -->\n<title>Biglietti per Broadway - times-square<\/title>\n<meta name=\"robots\" content=\"index, follow, max-snippet:-1, max-image-preview:large, max-video-preview:-1\" \/>\n<link rel=\"canonical\" href=\"https:\/\/welcome-to-times-square.com\/it\/broadway-tickets\/\" \/>\n<meta property=\"og:locale\" content=\"it_IT\" \/>\n<meta property=\"og:type\" content=\"article\" \/>\n<meta property=\"og:title\" content=\"Biglietti per Broadway - times-square\" \/>\n<meta property=\"og:description\" content=\"Come acquistare i biglietti per Broadway Ora \u00e8 ufficiale che i musical, le opere teatrali e gli altri spettacoli dal vivo di successo sono tornati e la Great White Way \u00e8 tornata in attivit\u00e0. Il governatore di New York Andrew Cuomo sta consentendo ai teatri di riaprire per spettacoli dal vivo a partire dal 14 [...]read moreBiglietti per Broadway\" \/>\n<meta property=\"og:url\" content=\"https:\/\/welcome-to-times-square.com\/it\/broadway-tickets\/\" \/>\n<meta property=\"og:site_name\" content=\"times-square\" \/>\n<meta property=\"article:modified_time\" content=\"2025-01-20T08:01:39+00:00\" \/>\n<meta name=\"twitter:card\" content=\"summary_large_image\" \/>\n<meta name=\"twitter:label1\" content=\"Tempo di lettura stimato\" \/>\n\t<meta name=\"twitter:data1\" content=\"4 minuti\" \/>\n<script type=\"application\/ld+json\" class=\"yoast-schema-graph\">{\"@context\":\"https:\/\/schema.org\",\"@graph\":[{\"@type\":\"WebPage\",\"@id\":\"https:\/\/welcome-to-times-square.com\/it\/broadway-tickets\/\",\"url\":\"https:\/\/welcome-to-times-square.com\/it\/broadway-tickets\/\",\"name\":\"Biglietti per Broadway - times-square\",\"isPartOf\":{\"@id\":\"https:\/\/welcome-to-times-square.com\/it\/#website\"},\"datePublished\":\"2021-09-02T12:50:38+00:00\",\"dateModified\":\"2025-01-20T08:01:39+00:00\",\"breadcrumb\":{\"@id\":\"https:\/\/welcome-to-times-square.com\/it\/broadway-tickets\/#breadcrumb\"},\"inLanguage\":\"it-IT\",\"potentialAction\":[{\"@type\":\"ReadAction\",\"target\":[\"https:\/\/welcome-to-times-square.com\/it\/broadway-tickets\/\"]}]},{\"@type\":\"BreadcrumbList\",\"@id\":\"https:\/\/welcome-to-times-square.com\/it\/broadway-tickets\/#breadcrumb\",\"itemListElement\":[{\"@type\":\"ListItem\",\"position\":1,\"name\":\"Home\",\"item\":\"https:\/\/welcome-to-times-square.com\/it\/\"},{\"@type\":\"ListItem\",\"position\":2,\"name\":\"Biglietti per Broadway\"}]},{\"@type\":\"WebSite\",\"@id\":\"https:\/\/welcome-to-times-square.com\/it\/#website\",\"url\":\"https:\/\/welcome-to-times-square.com\/it\/\",\"name\":\"times-square\",\"description\":\"times-square\",\"publisher\":{\"@id\":\"https:\/\/welcome-to-times-square.com\/it\/#organization\"},\"potentialAction\":[{\"@type\":\"SearchAction\",\"target\":{\"@type\":\"EntryPoint\",\"urlTemplate\":\"https:\/\/welcome-to-times-square.com\/it\/?s={search_term_string}\"},\"query-input\":{\"@type\":\"PropertyValueSpecification\",\"valueRequired\":true,\"valueName\":\"search_term_string\"}}],\"inLanguage\":\"it-IT\"},{\"@type\":\"Organization\",\"@id\":\"https:\/\/welcome-to-times-square.com\/it\/#organization\",\"name\":\"times-square\",\"url\":\"https:\/\/welcome-to-times-square.com\/it\/\",\"logo\":{\"@type\":\"ImageObject\",\"inLanguage\":\"it-IT\",\"@id\":\"https:\/\/welcome-to-times-square.com\/it\/#\/schema\/logo\/image\/\",\"url\":\"https:\/\/welcome-to-times-square.com\/wp-content\/uploads\/2024\/03\/welcome-to-time-square-logo-with-r.png\",\"contentUrl\":\"https:\/\/welcome-to-times-square.com\/wp-content\/uploads\/2024\/03\/welcome-to-time-square-logo-with-r.png\",\"width\":500,\"height\":342,\"caption\":\"times-square\"},\"image\":{\"@id\":\"https:\/\/welcome-to-times-square.com\/it\/#\/schema\/logo\/image\/\"}}]}<\/script>\n<!-- \/ Yoast SEO plugin. -->","yoast_head_json":{"title":"Biglietti per Broadway - times-square","robots":{"index":"index","follow":"follow","max-snippet":"max-snippet:-1","max-image-preview":"max-image-preview:large","max-video-preview":"max-video-preview:-1"},"canonical":"https:\/\/welcome-to-times-square.com\/it\/broadway-tickets\/","og_locale":"it_IT","og_type":"article","og_title":"Biglietti per Broadway - times-square","og_description":"Come acquistare i biglietti per Broadway Ora \u00e8 ufficiale che i musical, le opere teatrali e gli altri spettacoli dal vivo di successo sono tornati e la Great White Way \u00e8 tornata in attivit\u00e0. Il governatore di New York Andrew Cuomo sta consentendo ai teatri di riaprire per spettacoli dal vivo a partire dal 14 [...]read moreBiglietti per Broadway","og_url":"https:\/\/welcome-to-times-square.com\/it\/broadway-tickets\/","og_site_name":"times-square","article_modified_time":"2025-01-20T08:01:39+00:00","twitter_card":"summary_large_image","twitter_misc":{"Tempo di lettura stimato":"4 minuti"},"schema":{"@context":"https:\/\/schema.org","@graph":[{"@type":"WebPage","@id":"https:\/\/welcome-to-times-square.com\/it\/broadway-tickets\/","url":"https:\/\/welcome-to-times-square.com\/it\/broadway-tickets\/","name":"Biglietti per Broadway - times-square","isPartOf":{"@id":"https:\/\/welcome-to-times-square.com\/it\/#website"},"datePublished":"2021-09-02T12:50:38+00:00","dateModified":"2025-01-20T08:01:39+00:00","breadcrumb":{"@id":"https:\/\/welcome-to-times-square.com\/it\/broadway-tickets\/#breadcrumb"},"inLanguage":"it-IT","potentialAction":[{"@type":"ReadAction","target":["https:\/\/welcome-to-times-square.com\/it\/broadway-tickets\/"]}]},{"@type":"BreadcrumbList","@id":"https:\/\/welcome-to-times-square.com\/it\/broadway-tickets\/#breadcrumb","itemListElement":[{"@type":"ListItem","position":1,"name":"Home","item":"https:\/\/welcome-to-times-square.com\/it\/"},{"@type":"ListItem","position":2,"name":"Biglietti per Broadway"}]},{"@type":"WebSite","@id":"https:\/\/welcome-to-times-square.com\/it\/#website","url":"https:\/\/welcome-to-times-square.com\/it\/","name":"times-square","description":"times-square","publisher":{"@id":"https:\/\/welcome-to-times-square.com\/it\/#organization"},"potentialAction":[{"@type":"SearchAction","target":{"@type":"EntryPoint","urlTemplate":"https:\/\/welcome-to-times-square.com\/it\/?s={search_term_string}"},"query-input":{"@type":"PropertyValueSpecification","valueRequired":true,"valueName":"search_term_string"}}],"inLanguage":"it-IT"},{"@type":"Organization","@id":"https:\/\/welcome-to-times-square.com\/it\/#organization","name":"times-square","url":"https:\/\/welcome-to-times-square.com\/it\/","logo":{"@type":"ImageObject","inLanguage":"it-IT","@id":"https:\/\/welcome-to-times-square.com\/it\/#\/schema\/logo\/image\/","url":"https:\/\/welcome-to-times-square.com\/wp-content\/uploads\/2024\/03\/welcome-to-time-square-logo-with-r.png","contentUrl":"https:\/\/welcome-to-times-square.com\/wp-content\/uploads\/2024\/03\/welcome-to-time-square-logo-with-r.png","width":500,"height":342,"caption":"times-square"},"image":{"@id":"https:\/\/welcome-to-times-square.com\/it\/#\/schema\/logo\/image\/"}}]}},"_hostinger_reach_plugin_has_subscription_block":false,"_hostinger_reach_plugin_is_elementor":false,"_links":{"self":[{"href":"https:\/\/welcome-to-times-square.com\/it\/wp-json\/wp\/v2\/pages\/9266","targetHints":{"allow":["GET"]}}],"collection":[{"href":"https:\/\/welcome-to-times-square.com\/it\/wp-json\/wp\/v2\/pages"}],"about":[{"href":"https:\/\/welcome-to-times-square.com\/it\/wp-json\/wp\/v2\/types\/page"}],"author":[{"embeddable":true,"href":"https:\/\/welcome-to-times-square.com\/it\/wp-json\/wp\/v2\/users\/53"}],"replies":[{"embeddable":true,"href":"https:\/\/welcome-to-times-square.com\/it\/wp-json\/wp\/v2\/comments?post=9266"}],"version-history":[{"count":2,"href":"https:\/\/welcome-to-times-square.com\/it\/wp-json\/wp\/v2\/pages\/9266\/revisions"}],"predecessor-version":[{"id":9274,"href":"https:\/\/welcome-to-times-square.com\/it\/wp-json\/wp\/v2\/pages\/9266\/revisions\/9274"}],"wp:attachment":[{"href":"https:\/\/welcome-to-times-square.com\/it\/wp-json\/wp\/v2\/media?parent=9266"}],"curies":[{"name":"wp","href":"https:\/\/api.w.org\/{rel}","templated":true}]}}