{"id":9296,"date":"2021-07-21T14:55:20","date_gmt":"2021-07-21T14:55:20","guid":{"rendered":"https:\/\/welcome-to-times-square.com\/20-principles-for-creating-change\/"},"modified":"2025-06-09T11:36:20","modified_gmt":"2025-06-09T11:36:20","slug":"20-principles-for-creating-change","status":"publish","type":"page","link":"https:\/\/welcome-to-times-square.com\/it\/20-principles-for-creating-change\/","title":{"rendered":"Public Spaces and Urban Life"},"content":{"rendered":"<p>[vc_row full_width=&#8221;stretch_row&#8221; css=&#8221;.vc_custom_1627402630091{margin-top: 28px !important;margin-right: 0px !important;margin-bottom: 0px !important;margin-left: 0px !important;padding-top: 0px !important;padding-right: 0px !important;padding-bottom: 0px !important;padding-left: 0px !important;}&#8221; el_class=&#8221;main-97676&#8243;][vc_column css=&#8221;.vc_custom_1626939874126{margin: 0px !important;padding: 0px !important;border: 0px initial !important;}&#8221;][vc_row_inner equal_height=&#8221;yes&#8221; el_class=&#8221;text-banner11&#8243;][vc_column_inner width=&#8221;1\/2&#8243; css=&#8221;.vc_custom_1626940693197{margin-top: 0px !important;margin-right: 0px !important;margin-bottom: 0px !important;margin-left: 0px !important;padding-top: 20px !important;padding-right: 20px !important;padding-bottom: 20px !important;padding-left: 20px !important;background-image: url(https:\/\/welcome-to-times-square.com\/wp-content\/uploads\/2021\/07\/dd1.jpg?id=1431) !important;background-position: center !important;background-repeat: no-repeat !important;background-size: cover !important;}&#8221;][vc_column_text]<\/p>\n<h2>Public Spaces and Urban Life<\/h2>\n<div id=\"gtx-trans\" style=\"position: absolute; left: 281px; top: 38px;\">\n<div class=\"gtx-trans-icon\"><\/div>\n<\/div>\n<p>[\/vc_column_text][vc_column_text]Secondo UN-Habitat, le caratteristiche chiave che promuovono uno sviluppo urbano sostenibile sono una vivace vita di strada, la vivibilit\u00e0 e l&#8217;accessibilit\u00e0 economica.<\/p>\n<p>Una vivace vita di strada:<br \/>\nUna vivace vita di strada pu\u00f2 essere promossa e sostenuta riducendo la presenza e il ruolo del trasporto privato, aumentando la larghezza delle strade e consentendo una variet\u00e0 di attivit\u00e0. Incoraggia le persone a spostarsi a piedi o in bicicletta.<\/p>\n<p>Pedonabilit\u00e0: Promuovere la pedonabilit\u00e0 \u00e8 fondamentale per avvicinare le persone allo spazio pubblico. Contribuisce inoltre a ridurre la congestione e a stimolare l&#8217;economia e le interazioni locali. Allevia inoltre i problemi di inquinamento atmosferico e di esaurimento delle risorse. La vita pedonale apporta vivacit\u00e0 alla vita cittadina.<\/p>\n<p>Accessibilit\u00e0 economica: Sostenere l&#8217;accessibilit\u00e0 economica di attivit\u00e0 e servizi economici promuovendo la prossimit\u00e0 e riducendo i costi per un gruppo eterogeneo di utenti. Una citt\u00e0 accessibile \u00e8 la caratteristica principale di una citt\u00e0 sostenibile. Gli spazi pubblici determinano le funzioni culturali, sociali ed economiche delle citt\u00e0. Sono i primi indicatori dello stato di un luogo. La mancanza di risorse e di comprensione per utilizzare lo spazio pubblico come un sistema urbano completo e multifunzionale spesso porta a sottovalutarne il valore.[\/vc_column_text][\/vc_column_inner][vc_column_inner width=&#8221;1\/2&#8243; css=&#8221;.vc_custom_1626939926058{margin: 0px !important;padding: 0px !important;}&#8221;][vc_images_carousel images=&#8221;1421,1423&#8243; img_size=&#8221;full&#8221; onclick=&#8221;link_no&#8221; speed=&#8221;2000&#8243; autoplay=&#8221;yes&#8221; hide_prev_next_buttons=&#8221;yes&#8221; wrap=&#8221;yes&#8221; css=&#8221;.vc_custom_1626942472084{margin-top: 0px !important;margin-right: 0px !important;margin-bottom: 0px !important;margin-left: 0px !important;padding-top: 0px !important;padding-right: 0px !important;padding-bottom: 0px !important;padding-left: 0px !important;}&#8221;][\/vc_column_inner][\/vc_row_inner][\/vc_column][\/vc_row][vc_row full_width=&#8221;stretch_row&#8221; css=&#8221;.vc_custom_1627402678677{margin-top: 0px !important;padding-top: 0px !important;padding-bottom: 20px !important;background-image: url(https:\/\/welcome-to-times-square.com\/wp-content\/uploads\/2021\/07\/bg676.jpg?id=417) !important;background-position: center !important;background-repeat: no-repeat !important;background-size: cover !important;}&#8221; el_class=&#8221;main-title312&#8243;][vc_column width=&#8221;1\/2&#8243;][vc_column_text]<\/p>\n<h2 style=\"text-align: left;\">Role and importance of Public Spaces<\/h2>\n<div id=\"gtx-trans\" style=\"position: absolute; left: 315px; top: -5.09375px;\">\n<div class=\"gtx-trans-icon\"><\/div>\n<\/div>\n<p>[\/vc_column_text][\/vc_column][vc_column width=&#8221;1\/2&#8243;][vc_column_text]<\/p>\n<h2 style=\"text-align: right; font-size: 16px !important;\"><a style=\"color: #c00;\" href=\"https:\/\/welcome-to-times-square.com\/it\/\"> HOME <\/a> \/ 20 PRINCIPLES FOR CREATING CHANGE<\/h2>\n<p>[\/vc_column_text][\/vc_column][\/vc_row][vc_row full_width=&#8221;stretch_row&#8221; css=&#8221;.vc_custom_1627404173873{margin-top: 0px !important;margin-right: 0px !important;margin-bottom: 0px !important;margin-left: 0px !important;padding-top: 80px !important;padding-right: 40px !important;padding-bottom: 40px !important;padding-left: 40px !important;background-color: #f3f3f3 !important;}&#8221; el_class=&#8221;main-97676&#8243;][vc_column width=&#8221;1\/2&#8243; css=&#8221;.vc_custom_1626939874126{margin: 0px !important;padding: 0px !important;border: 0px initial !important;}&#8221;][vc_single_image image=&#8221;1544&#8243; img_size=&#8221;full&#8221;][\/vc_column][vc_column width=&#8221;1\/2&#8243; el_class=&#8221;text31&#8243;][vc_column_text]\u2022 Spazio pubblico: il vessillo della civilt\u00e0 urbana<\/p>\n<p>In uno spazio pubblico, le persone svolgono diverse attivit\u00e0 condivise. \u00c8 lo spazio in cui si svolgono attivit\u00e0 ricreative e culturali pubbliche, si incontrano altre persone o semplicemente si passeggia. Spazi pubblici di qualit\u00e0 contribuiscono a un comportamento civile che a sua volta pu\u00f2 portare a spazi pubblici di qualit\u00e0. Lo spazio pubblico \u00e8 il luogo in cui si manifesta la civilt\u00e0 della citt\u00e0, diventando cos\u00ec il vessillo della civilt\u00e0 urbana.<\/p>\n<p>\u2022 Gli spazi pubblici sono i nostri beni comuni urbani<br \/>\nLa qualit\u00e0 dello spazio pubblico di una citt\u00e0 \u00e8 l&#8217;indicatore di una prosperit\u00e0 condivisa. Pertanto, gli spazi pubblici meritano un&#8217;attenzione prioritaria. Gli spazi pubblici sono al servizio di tutti i residenti, in particolare dei gruppi svantaggiati, e richiedono quindi attenzione e cura. Gli spazi pubblici appartengono a tutti i residenti, pertanto gli investimenti in spazi pubblici aumentano il capitale urbano condiviso delle persone.<\/p>\n<p>\u2022 Spazi pubblici per la creazione di ricchezza.<br \/>\nLo spazio pubblico offre importanti vantaggi a tutte le forme di attivit\u00e0 imprenditoriale. Gli spazi pubblici sono il luogo in cui le attivit\u00e0 informali possono essere svolte legittimamente. Offrono agli abitanti delle citt\u00e0 pi\u00f9 poveri preziose opportunit\u00e0 di sostentamento e il commercio informale pu\u00f2 svolgersi negli spazi pubblici.<\/p>\n<p>\u2022 Gli spazi pubblici promuovono la sostenibilit\u00e0 ambientale<br \/>\n\u00c8 possibile creare reti verdi nelle aree urbane con spazi pubblici ben pianificati per supportare la connettivit\u00e0 ambientale attraverso zoo, parchi e biodiversit\u00e0. Ci\u00f2 creer\u00e0 numerosi vantaggi per i cittadini e attirer\u00e0 visitatori. Gli spazi pubblici possono svolgere un ruolo estremamente importante nelle strategie di adattamento ai cambiamenti climatici.<\/p>\n<p>\u2022 Gli spazi pubblici migliorano l&#8217;efficienza dei trasporti<br \/>\nProgettando e gestendo le modalit\u00e0 di trasporto e dando priorit\u00e0 ai percorsi ciclabili e pedonali, gli spazi pubblici contribuiscono a ridurre la congestione, gli incidenti stradali e i tempi di percorrenza. Permettere alle persone di muoversi liberamente a piedi, in bicicletta, in auto o con i mezzi pubblici \u00e8 una delle funzioni principali degli spazi pubblici. Spazi pubblici ben progettati incoraggiano le passeggiate a piedi e in bicicletta e creano un ambiente sicuro riducendo la velocit\u00e0 e l&#8217;uso dei veicoli.<\/p>\n<p>\u2022 Gli spazi pubblici contribuiscono a migliorare la salute pubblica<br \/>\nOffrendo opportunit\u00e0 di attivit\u00e0 fisica e di svago, gli spazi pubblici rendono le passeggiate pi\u00f9 attraenti, contribuiscono a ridurre lo stress e offrono un ambiente rilassante. L&#8217;accesso a uno spazio pubblico ben curato pu\u00f2 contribuire a migliorare la salute fisica e mentale consentendo alle persone di camminare di pi\u00f9, giocare e godersi l&#8217;ambiente. Sono armi potenti per combattere molte forme di malattia.<\/p>\n<p>\u2022 Gli spazi pubblici migliorano la sicurezza urbana<br \/>\nUno spazio pubblico diversificato offre un luogo vivace e frequentato che riduce l&#8217;insicurezza. La paura della criminalit\u00e0 scoraggia le persone dall&#8217;utilizzare gli spazi pubblici. Bambini, donne e anziani sono spesso impediti di utilizzare parchi e piazze a causa della paura della criminalit\u00e0 e della violenza. La trasformazione e una migliore gestione degli spazi pubblici possono contribuire ad alleviare queste paure, attraendo un&#8217;ampia fascia di popolazione.<\/p>\n<p>\u2022 Gli spazi pubblici promuovono l&#8217;equit\u00e0 e l&#8217;inclusione sociale<br \/>\nGli spazi pubblici aiutano le persone a impegnarsi e a rivendicare un ruolo nella citt\u00e0. Pertanto, una citt\u00e0 \u00e8 plasmata dalla sua popolazione, che dipender\u00e0 in larga misura dalla capacit\u00e0 dei sistemi urbani di offrire ai residenti pari opportunit\u00e0 di sviluppo.<\/p>\n<p>\u2022 Spazi pubblici: strumenti per citt\u00e0 a misura di anziano e di genere<br \/>\nGli spazi pubblici e le strade sono strumenti eccellenti per realizzare citt\u00e0 a misura di donna. Le strade e gli spazi pubblici sono utilizzati pi\u00f9 frequentemente dalle donne per una variet\u00e0 di scopi rispetto agli uomini. Pertanto, \u00e8 importante fornire loro strade e spazi pubblici sicuri e protetti. Pertanto, una citt\u00e0 a misura di donna \u00e8 una citt\u00e0 che offre servizi migliori e spazi pubblici pi\u00f9 sicuri.<\/p>\n<p>\u2022Gli spazi pubblici offrono opportunit\u00e0 ideali per generare il coinvolgimento dei cittadini<br \/>\nSpesso, i cittadini si mobilitano per uno spazio pubblico che desiderano creare o mantenere. Pertanto, lo spazio pubblico ha il potere di costruire capitale sociale.<\/p>\n<p>\u2022Gli spazi pubblici creano grandi citt\u00e0<br \/>\nLe citt\u00e0 possono diventare grandi solo quando si mobilitano per sviluppare un sistema di spazi pubblici di qualit\u00e0. Le grandi citt\u00e0 non sono determinate solo dai loro edifici, ma anche da quanto sono stati progettati e mantenuti in modo impeccabile.[\/vc_column_text][\/vc_column][\/vc_row][vc_row][vc_column][vc_raw_html]JTNDJTIxLS0lMjBNZXRhJTIwUGl4ZWwlMjBDb2RlJTIwLS0lM0UlMEElM0NzY3JpcHQlM0UlMEElMjFmdW5jdGlvbiUyOGYlMkNiJTJDZSUyQ3YlMkNuJTJDdCUyQ3MlMjklMEElN0JpZiUyOGYuZmJxJTI5cmV0dXJuJTNCbiUzRGYuZmJxJTNEZnVuY3Rpb24lMjglMjklN0JuLmNhbGxNZXRob2QlM0YlMEFuLmNhbGxNZXRob2QuYXBwbHklMjhuJTJDYXJndW1lbnRzJTI5JTNBbi5xdWV1ZS5wdXNoJTI4YXJndW1lbnRzJTI5JTdEJTNCJTBBaWYlMjglMjFmLl9mYnElMjlmLl9mYnElM0RuJTNCbi5wdXNoJTNEbiUzQm4ubG9hZGVkJTNEJTIxMCUzQm4udmVyc2lvbiUzRCUyNzIuMCUyNyUzQiUwQW4ucXVldWUlM0QlNUIlNUQlM0J0JTNEYi5jcmVhdGVFbGVtZW50JTI4ZSUyOSUzQnQuYXN5bmMlM0QlMjEwJTNCJTBBdC5zcmMlM0R2JTNCcyUzRGIuZ2V0RWxlbWVudHNCeVRhZ05hbWUlMjhlJTI5JTVCMCU1RCUzQiUwQXMucGFyZW50Tm9kZS5pbnNlcnRCZWZvcmUlMjh0JTJDcyUyOSU3RCUyOHdpbmRvdyUyQyUyMGRvY3VtZW50JTJDJTI3c2NyaXB0JTI3JTJDJTBBJTI3aHR0cHMlM0ElMkYlMkZjb25uZWN0LmZhY2Vib29rLm5ldCUyRmVuX1VTJTJGZmJldmVudHMuanMlMjclMjklM0IlMEFmYnElMjglMjdpbml0JTI3JTJDJTIwJTI3MTc1MTgxMTAwODYyNDAzOSUyNyUyOSUzQiUwQWZicSUyOCUyN3RyYWNrJTI3JTJDJTIwJTI3UGFnZVZpZXclMjclMjklM0IlMEElM0MlMkZzY3JpcHQlM0UlMEElM0Nub3NjcmlwdCUzRSUzQ2ltZyUyMGhlaWdodCUzRCUyMjElMjIlMjB3aWR0aCUzRCUyMjElMjIlMjBzdHlsZSUzRCUyMmRpc3BsYXklM0Fub25lJTIyJTBBc3JjJTNEJTIyaHR0cHMlM0ElMkYlMkZ3d3cuZmFjZWJvb2suY29tJTJGdHIlM0ZpZCUzRDE3NTE4MTEwMDg2MjQwMzklMjZldiUzRFBhZ2VWaWV3JTI2bm9zY3JpcHQlM0QxJTIyJTBBJTJGJTNFJTNDJTJGbm9zY3JpcHQlM0UlMEElM0MlMjEtLSUyMEVuZCUyME1ldGElMjBQaXhlbCUyMENvZGUlMjAtLSUzRQ==[\/vc_raw_html][\/vc_column][\/vc_row]<\/p>\n","protected":false},"excerpt":{"rendered":"[vc_row full_width=\"stretch_row\" css=\".vc_custom_1627402630091{margin-top: 28px !important;margin-right: 0px !important;margin-bottom: 0px !important;margin-left: 0px !important;padding-top: 0px !important;padding-right: 0px !important;padding-bottom: 0px !important;padding-left: 0px !important;}\" el_class=\"main-97676\"][vc_column css=\".vc_custom_1626939874126{margin: 0px !important;padding: 0px !important;border: 0px initial !important;}\"][vc_row_inner equal_height=\"yes\" el_class=\"text-banner11\"][vc_column_inner width=\"1\/2\" css=\".vc_custom_1626940693197{margin-top: 0px !important;margin-right: 0px !important;margin-bottom: 0px !important;margin-left: 0px !important;padding-top: 20px !important;padding-right: 20px !important;padding-bottom: 20px !important;padding-left: 20px !important;background-image: url(https:\/\/welcome-to-times-square.com\/wp-content\/uploads\/2021\/07\/dd1.jpg?id=1431) !important;background-position: center !important;background-repeat: no-repeat !important;background-size: cover [...]<a href=\"https:\/\/welcome-to-times-square.com\/it\/20-principles-for-creating-change\/\" class=\"read-more wyz-secondary-color-text\">read more<span class=\"screen-reader-text\">Public Spaces and Urban Life<\/span><\/a>","protected":false},"author":53,"featured_media":0,"parent":0,"menu_order":0,"comment_status":"closed","ping_status":"closed","template":"","meta":{"footnotes":""},"class_list":["post-9296","page","type-page","status-publish","hentry"],"yoast_head":"<!-- This site is optimized with the Yoast SEO plugin v27.2 - https:\/\/yoast.com\/product\/yoast-seo-wordpress\/ -->\n<title>Public Spaces and Urban Life - times-square<\/title>\n<meta name=\"robots\" content=\"index, follow, max-snippet:-1, max-image-preview:large, max-video-preview:-1\" \/>\n<link rel=\"canonical\" href=\"https:\/\/welcome-to-times-square.com\/it\/20-principles-for-creating-change\/\" \/>\n<meta property=\"og:locale\" content=\"it_IT\" \/>\n<meta property=\"og:type\" content=\"article\" \/>\n<meta property=\"og:title\" content=\"Public Spaces and Urban Life - times-square\" \/>\n<meta property=\"og:description\" content=\"[vc_row full_width=&#8221;stretch_row&#8221; css=&#8221;.vc_custom_1627402630091{margin-top: 28px !important;margin-right: 0px !important;margin-bottom: 0px !important;margin-left: 0px !important;padding-top: 0px !important;padding-right: 0px !important;padding-bottom: 0px !important;padding-left: 0px !important;}&#8221; el_class=&#8221;main-97676&#8243;][vc_column css=&#8221;.vc_custom_1626939874126{margin: 0px !important;padding: 0px !important;border: 0px initial !important;}&#8221;][vc_row_inner equal_height=&#8221;yes&#8221; el_class=&#8221;text-banner11&#8243;][vc_column_inner width=&#8221;1\/2&#8243; css=&#8221;.vc_custom_1626940693197{margin-top: 0px !important;margin-right: 0px !important;margin-bottom: 0px !important;margin-left: 0px !important;padding-top: 20px !important;padding-right: 20px !important;padding-bottom: 20px !important;padding-left: 20px !important;background-image: url(https:\/\/welcome-to-times-square.com\/wp-content\/uploads\/2021\/07\/dd1.jpg?id=1431) !important;background-position: center !important;background-repeat: no-repeat !important;background-size: cover [...]read morePublic Spaces and Urban Life\" \/>\n<meta property=\"og:url\" content=\"https:\/\/welcome-to-times-square.com\/it\/20-principles-for-creating-change\/\" \/>\n<meta property=\"og:site_name\" content=\"times-square\" \/>\n<meta property=\"article:modified_time\" content=\"2025-06-09T11:36:20+00:00\" \/>\n<meta name=\"twitter:card\" content=\"summary_large_image\" \/>\n<meta name=\"twitter:label1\" content=\"Tempo di lettura stimato\" \/>\n\t<meta name=\"twitter:data1\" content=\"6 minuti\" \/>\n<script type=\"application\/ld+json\" class=\"yoast-schema-graph\">{\"@context\":\"https:\/\/schema.org\",\"@graph\":[{\"@type\":\"WebPage\",\"@id\":\"https:\/\/welcome-to-times-square.com\/it\/20-principles-for-creating-change\/\",\"url\":\"https:\/\/welcome-to-times-square.com\/it\/20-principles-for-creating-change\/\",\"name\":\"Public Spaces and Urban Life - times-square\",\"isPartOf\":{\"@id\":\"https:\/\/welcome-to-times-square.com\/it\/#website\"},\"datePublished\":\"2021-07-21T14:55:20+00:00\",\"dateModified\":\"2025-06-09T11:36:20+00:00\",\"breadcrumb\":{\"@id\":\"https:\/\/welcome-to-times-square.com\/it\/20-principles-for-creating-change\/#breadcrumb\"},\"inLanguage\":\"it-IT\",\"potentialAction\":[{\"@type\":\"ReadAction\",\"target\":[\"https:\/\/welcome-to-times-square.com\/it\/20-principles-for-creating-change\/\"]}]},{\"@type\":\"BreadcrumbList\",\"@id\":\"https:\/\/welcome-to-times-square.com\/it\/20-principles-for-creating-change\/#breadcrumb\",\"itemListElement\":[{\"@type\":\"ListItem\",\"position\":1,\"name\":\"Home\",\"item\":\"https:\/\/welcome-to-times-square.com\/it\/\"},{\"@type\":\"ListItem\",\"position\":2,\"name\":\"Public Spaces and Urban Life\"}]},{\"@type\":\"WebSite\",\"@id\":\"https:\/\/welcome-to-times-square.com\/it\/#website\",\"url\":\"https:\/\/welcome-to-times-square.com\/it\/\",\"name\":\"times-square\",\"description\":\"times-square\",\"publisher\":{\"@id\":\"https:\/\/welcome-to-times-square.com\/it\/#organization\"},\"potentialAction\":[{\"@type\":\"SearchAction\",\"target\":{\"@type\":\"EntryPoint\",\"urlTemplate\":\"https:\/\/welcome-to-times-square.com\/it\/?s={search_term_string}\"},\"query-input\":{\"@type\":\"PropertyValueSpecification\",\"valueRequired\":true,\"valueName\":\"search_term_string\"}}],\"inLanguage\":\"it-IT\"},{\"@type\":\"Organization\",\"@id\":\"https:\/\/welcome-to-times-square.com\/it\/#organization\",\"name\":\"times-square\",\"url\":\"https:\/\/welcome-to-times-square.com\/it\/\",\"logo\":{\"@type\":\"ImageObject\",\"inLanguage\":\"it-IT\",\"@id\":\"https:\/\/welcome-to-times-square.com\/it\/#\/schema\/logo\/image\/\",\"url\":\"https:\/\/welcome-to-times-square.com\/wp-content\/uploads\/2024\/03\/welcome-to-time-square-logo-with-r.png\",\"contentUrl\":\"https:\/\/welcome-to-times-square.com\/wp-content\/uploads\/2024\/03\/welcome-to-time-square-logo-with-r.png\",\"width\":500,\"height\":342,\"caption\":\"times-square\"},\"image\":{\"@id\":\"https:\/\/welcome-to-times-square.com\/it\/#\/schema\/logo\/image\/\"}}]}<\/script>\n<!-- \/ Yoast SEO plugin. -->","yoast_head_json":{"title":"Public Spaces and Urban Life - times-square","robots":{"index":"index","follow":"follow","max-snippet":"max-snippet:-1","max-image-preview":"max-image-preview:large","max-video-preview":"max-video-preview:-1"},"canonical":"https:\/\/welcome-to-times-square.com\/it\/20-principles-for-creating-change\/","og_locale":"it_IT","og_type":"article","og_title":"Public Spaces and Urban Life - times-square","og_description":"[vc_row full_width=&#8221;stretch_row&#8221; css=&#8221;.vc_custom_1627402630091{margin-top: 28px !important;margin-right: 0px !important;margin-bottom: 0px !important;margin-left: 0px !important;padding-top: 0px !important;padding-right: 0px !important;padding-bottom: 0px !important;padding-left: 0px !important;}&#8221; el_class=&#8221;main-97676&#8243;][vc_column css=&#8221;.vc_custom_1626939874126{margin: 0px !important;padding: 0px !important;border: 0px initial !important;}&#8221;][vc_row_inner equal_height=&#8221;yes&#8221; el_class=&#8221;text-banner11&#8243;][vc_column_inner width=&#8221;1\/2&#8243; css=&#8221;.vc_custom_1626940693197{margin-top: 0px !important;margin-right: 0px !important;margin-bottom: 0px !important;margin-left: 0px !important;padding-top: 20px !important;padding-right: 20px !important;padding-bottom: 20px !important;padding-left: 20px !important;background-image: url(https:\/\/welcome-to-times-square.com\/wp-content\/uploads\/2021\/07\/dd1.jpg?id=1431) !important;background-position: center !important;background-repeat: no-repeat !important;background-size: cover [...]read morePublic Spaces and Urban Life","og_url":"https:\/\/welcome-to-times-square.com\/it\/20-principles-for-creating-change\/","og_site_name":"times-square","article_modified_time":"2025-06-09T11:36:20+00:00","twitter_card":"summary_large_image","twitter_misc":{"Tempo di lettura stimato":"6 minuti"},"schema":{"@context":"https:\/\/schema.org","@graph":[{"@type":"WebPage","@id":"https:\/\/welcome-to-times-square.com\/it\/20-principles-for-creating-change\/","url":"https:\/\/welcome-to-times-square.com\/it\/20-principles-for-creating-change\/","name":"Public Spaces and Urban Life - times-square","isPartOf":{"@id":"https:\/\/welcome-to-times-square.com\/it\/#website"},"datePublished":"2021-07-21T14:55:20+00:00","dateModified":"2025-06-09T11:36:20+00:00","breadcrumb":{"@id":"https:\/\/welcome-to-times-square.com\/it\/20-principles-for-creating-change\/#breadcrumb"},"inLanguage":"it-IT","potentialAction":[{"@type":"ReadAction","target":["https:\/\/welcome-to-times-square.com\/it\/20-principles-for-creating-change\/"]}]},{"@type":"BreadcrumbList","@id":"https:\/\/welcome-to-times-square.com\/it\/20-principles-for-creating-change\/#breadcrumb","itemListElement":[{"@type":"ListItem","position":1,"name":"Home","item":"https:\/\/welcome-to-times-square.com\/it\/"},{"@type":"ListItem","position":2,"name":"Public Spaces and Urban Life"}]},{"@type":"WebSite","@id":"https:\/\/welcome-to-times-square.com\/it\/#website","url":"https:\/\/welcome-to-times-square.com\/it\/","name":"times-square","description":"times-square","publisher":{"@id":"https:\/\/welcome-to-times-square.com\/it\/#organization"},"potentialAction":[{"@type":"SearchAction","target":{"@type":"EntryPoint","urlTemplate":"https:\/\/welcome-to-times-square.com\/it\/?s={search_term_string}"},"query-input":{"@type":"PropertyValueSpecification","valueRequired":true,"valueName":"search_term_string"}}],"inLanguage":"it-IT"},{"@type":"Organization","@id":"https:\/\/welcome-to-times-square.com\/it\/#organization","name":"times-square","url":"https:\/\/welcome-to-times-square.com\/it\/","logo":{"@type":"ImageObject","inLanguage":"it-IT","@id":"https:\/\/welcome-to-times-square.com\/it\/#\/schema\/logo\/image\/","url":"https:\/\/welcome-to-times-square.com\/wp-content\/uploads\/2024\/03\/welcome-to-time-square-logo-with-r.png","contentUrl":"https:\/\/welcome-to-times-square.com\/wp-content\/uploads\/2024\/03\/welcome-to-time-square-logo-with-r.png","width":500,"height":342,"caption":"times-square"},"image":{"@id":"https:\/\/welcome-to-times-square.com\/it\/#\/schema\/logo\/image\/"}}]}},"_hostinger_reach_plugin_has_subscription_block":false,"_hostinger_reach_plugin_is_elementor":false,"_links":{"self":[{"href":"https:\/\/welcome-to-times-square.com\/it\/wp-json\/wp\/v2\/pages\/9296","targetHints":{"allow":["GET"]}}],"collection":[{"href":"https:\/\/welcome-to-times-square.com\/it\/wp-json\/wp\/v2\/pages"}],"about":[{"href":"https:\/\/welcome-to-times-square.com\/it\/wp-json\/wp\/v2\/types\/page"}],"author":[{"embeddable":true,"href":"https:\/\/welcome-to-times-square.com\/it\/wp-json\/wp\/v2\/users\/53"}],"replies":[{"embeddable":true,"href":"https:\/\/welcome-to-times-square.com\/it\/wp-json\/wp\/v2\/comments?post=9296"}],"version-history":[{"count":1,"href":"https:\/\/welcome-to-times-square.com\/it\/wp-json\/wp\/v2\/pages\/9296\/revisions"}],"predecessor-version":[{"id":13818,"href":"https:\/\/welcome-to-times-square.com\/it\/wp-json\/wp\/v2\/pages\/9296\/revisions\/13818"}],"wp:attachment":[{"href":"https:\/\/welcome-to-times-square.com\/it\/wp-json\/wp\/v2\/media?parent=9296"}],"curies":[{"name":"wp","href":"https:\/\/api.w.org\/{rel}","templated":true}]}}