{"id":9301,"date":"2021-09-04T15:04:00","date_gmt":"2021-09-04T15:04:00","guid":{"rendered":"https:\/\/welcome-to-times-square.com\/sponsor-seasonal-events\/"},"modified":"2025-01-20T11:25:37","modified_gmt":"2025-01-20T11:25:37","slug":"sponsor-seasonal-events","status":"publish","type":"page","link":"https:\/\/welcome-to-times-square.com\/it\/sponsor-seasonal-events\/","title":{"rendered":"Sponsorizzare eventi stagionali"},"content":{"rendered":"<p>[vc_row full_width=&#8221;stretch_row&#8221; css=&#8221;.vc_custom_1627402630091{margin-top: 28px !important;margin-right: 0px !important;margin-bottom: 0px !important;margin-left: 0px !important;padding-top: 0px !important;padding-right: 0px !important;padding-bottom: 0px !important;padding-left: 0px !important;}&#8221; el_class=&#8221;main-97676&#8243;][vc_column css=&#8221;.vc_custom_1626939874126{margin: 0px !important;padding: 0px !important;border: 0px initial !important;}&#8221;][vc_row_inner equal_height=&#8221;yes&#8221; el_class=&#8221;text-banner11&#8243;][vc_column_inner width=&#8221;1\/2&#8243; css=&#8221;.vc_custom_1626940693197{margin-top: 0px !important;margin-right: 0px !important;margin-bottom: 0px !important;margin-left: 0px !important;padding-top: 20px !important;padding-right: 20px !important;padding-bottom: 20px !important;padding-left: 20px !important;background-image: url(https:\/\/welcome-to-times-square.com\/wp-content\/uploads\/2021\/07\/dd1.jpg?id=1431) !important;background-position: center !important;background-repeat: no-repeat !important;background-size: cover !important;}&#8221;][vc_column_text css=&#8221;.vc_custom_1630769236051{margin-top: -50px !important;}&#8221;]<\/p>\n<h2>Sponsorizzare eventi stagionali<\/h2>\n<p>[\/vc_column_text][vc_column_text]Times Square \u00e8 il luogo pi\u00f9 iconico al mondo per la pubblicit\u00e0 esterna, dove tutti i grandi marchi competono per lo spazio. Le aziende tirano fuori la loro creativit\u00e0 e i loro messaggi migliori per coinvolgere i visitatori. Gli enormi cartelloni pubblicitari e le luci lampeggianti sono la piattaforma migliore per la pubblicit\u00e0. \u00c8 la Mecca della pubblicit\u00e0. Ogni volta che si pensa a Times Square, vengono subito in mente le luci enormi, le pubblicit\u00e0 giganti e i cartelli. Times Square \u00e8 diventata l&#8217;epicentro delle grandi aziende che ostentano i loro marchi ai milioni di turisti della Grande Mela. Con oltre 100 milioni di persone che passano ogni anno, nessun altro posto pu\u00f2 essere migliore per fare pubblicit\u00e0 che a Times Square. A causa dell&#8217;enorme quantit\u00e0 di turisti che attraversano il posto, un singolo cartellone pubblicitario pu\u00f2 ottenere milioni di impressioni ogni giorno.<br \/>\n[\/vc_column_text][\/vc_column_inner][vc_column_inner width=&#8221;1\/2&#8243; css=&#8221;.vc_custom_1626939926058{margin: 0px !important;padding: 0px !important;}&#8221;][vc_images_carousel images=&#8221;1421,1423&#8243; img_size=&#8221;full&#8221; onclick=&#8221;link_no&#8221; speed=&#8221;2000&#8243; autoplay=&#8221;yes&#8221; hide_prev_next_buttons=&#8221;yes&#8221; wrap=&#8221;yes&#8221; css=&#8221;.vc_custom_1626942472084{margin-top: 0px !important;margin-right: 0px !important;margin-bottom: 0px !important;margin-left: 0px !important;padding-top: 0px !important;padding-right: 0px !important;padding-bottom: 0px !important;padding-left: 0px !important;}&#8221;][\/vc_column_inner][\/vc_row_inner][\/vc_column][\/vc_row][vc_row full_width=&#8221;stretch_row&#8221; css=&#8221;.vc_custom_1627402678677{margin-top: 0px !important;padding-top: 0px !important;padding-bottom: 20px !important;background-image: url(https:\/\/welcome-to-times-square.com\/wp-content\/uploads\/2021\/07\/bg676.jpg?id=417) !important;background-position: center !important;background-repeat: no-repeat !important;background-size: cover !important;}&#8221; el_class=&#8221;main-title312&#8243;][vc_column width=&#8221;1\/2&#8243;][vc_column_text]<\/p>\n<h2 style=\"text-align: left;\">SPONSORIZZA EVENTI STAGIONALI<\/h2>\n<p>[\/vc_column_text][\/vc_column][vc_column width=&#8221;1\/2&#8243;][vc_column_text]<\/p>\n<h2 style=\"text-align: right; font-size: 16px !important;\"> <a style=\"color: #c00;\" href=\"https:\/\/welcome-to-times-square.com\/it\/\">HOME <\/a>\/ SPONSORIZZA EVENTI STAGIONALI<\/h2>\n<p>[\/vc_column_text][\/vc_column][\/vc_row][vc_row full_width=&#8221;stretch_row&#8221; css=&#8221;.vc_custom_1630687359548{padding-top: 20px !important;padding-bottom: 20px !important;background-color: #f3f3f3 !important;}&#8221; el_class=&#8221;text-b131&#8243;][vc_column][vc_column_text el_class=&#8221;mm54&#8243; css=&#8221;.vc_custom_1630768939014{border-bottom-width: 1px !important;border-bottom-color: #ffffff !important;border-bottom-style: solid !important;}&#8221;]<\/p>\n<h4>Costi pubblicitari a Times Square<\/h4>\n<p>La pubblicit\u00e0 a Times Square \u00e8 accessibile alle aziende indipendentemente dalle loro dimensioni. Le aziende possono fare pubblicit\u00e0 tramite cartelloni digitali, chioschi solari, tramite cartelloni statici a seconda delle loro esigenze. Sebbene Times Square occupi solo lo 0,1% della superficie totale di New York, genera il 10% della produzione economica della citt\u00e0. Il costo della pubblicit\u00e0 a Times Square dipende da fattori come il formato dei media scelto, la durata del programma e la quota di voce. Una pubblicit\u00e0 su cartellone pu\u00f2 variare da $ 5.000 a oltre $ 50.000 per un programma di un solo giorno.[\/vc_column_text][vc_column_text el_class=&#8221;mm54&#8243; css=&#8221;.vc_custom_1630769137170{border-bottom-width: 1px !important;border-bottom-color: #ffffff !important;border-bottom-style: solid !important;}&#8221;]<\/p>\n<h4>Pubblicit\u00e0 stagionale a Times Square<\/h4>\n<p>Ci sono molti eventi stagionali ma famosi in tutto il mondo a Times Square che attraggono milioni di turisti da tutto il mondo. Ci\u00f2 offre un&#8217;eccellente opportunit\u00e0 alle aziende di pubblicizzare i propri marchi. Questi eventi possono attrarre enormi entrate per le aziende. Alcuni dei principali eventi stagionali a Times Square sono:[\/vc_column_text][vc_column_text el_class=&#8221;mm54&#8243;]<\/p>\n<ol>\n<li><strong>San Valentino:<\/strong> Times Square \u00e8 il luogo preferito dalle coppie per celebrare il loro amore e rendere la giornata speciale e unica. Migliaia di persone accorrono nella destinazione da sogno per onorare il loro amore e celebrare la loro storia d&#8217;amore con proposte di matrimonio e promesse di rinnovo di fronte all&#8217;attraente Valentine Heart. <\/li>\n<li>Questa occasione offre una grande opportunit\u00e0 per sponsorizzare proposte, cerimonie di rinnovo dei voti nuziali e matrimoni.<\/li>\n<li><strong>Taste of Times Square:<\/strong> a giugno la gente aspetta l&#8217;annuale festival gastronomico e musicale all&#8217;aperto &#8220;Taste of Times Square&#8221;. \u00c8 organizzato dalla Time Square Alliance con i migliori ristoranti del quartiere. Migliaia di residenti e turisti si accalcano per gustare i piatti tipici preparati dai migliori chef. Il mega festival offre opportunit\u00e0 di sponsorizzare programmi e gruppi musicali e di intrattenimento insieme a una variet\u00e0 di attivazioni di branding durante una settimana di festeggiamenti.   <\/li>\n<li><strong>Solstice a Times Square:<\/strong> porta migliaia di amanti della salute e yogi a lezioni di yoga gratuite. I visitatori orientati al fitness, alla salute e al benessere consentono l&#8217;attivazione personalizzata del marchio per attirarli. \u00c8 una grande piattaforma e un&#8217;enorme opportunit\u00e0 per i marchi di ottenere visibilit\u00e0 poich\u00e9 l&#8217;evento ha pi\u00f9 di un miliardo di impressioni sui media in tutto il mondo.  <\/li>\n<\/ol>\n<p>[\/vc_column_text][\/vc_column][\/vc_row][vc_row][vc_column][\/vc_column][\/vc_row]<\/p>\n","protected":false},"excerpt":{"rendered":"[vc_row full_width=\"stretch_row\" css=\".vc_custom_1627402630091{margin-top: 28px !important;margin-right: 0px !important;margin-bottom: 0px !important;margin-left: 0px !important;padding-top: 0px !important;padding-right: 0px !important;padding-bottom: 0px !important;padding-left: 0px !important;}\" el_class=\"main-97676\"][vc_column css=\".vc_custom_1626939874126{margin: 0px !important;padding: 0px !important;border: 0px initial !important;}\"][vc_row_inner equal_height=\"yes\" el_class=\"text-banner11\"][vc_column_inner width=\"1\/2\" css=\".vc_custom_1626940693197{margin-top: 0px !important;margin-right: 0px !important;margin-bottom: 0px !important;margin-left: 0px !important;padding-top: 20px !important;padding-right: 20px !important;padding-bottom: 20px !important;padding-left: 20px !important;background-image: url(https:\/\/welcome-to-times-square.com\/wp-content\/uploads\/2021\/07\/dd1.jpg?id=1431) !important;background-position: center !important;background-repeat: no-repeat !important;background-size: cover [...]<a href=\"https:\/\/welcome-to-times-square.com\/it\/sponsor-seasonal-events\/\" class=\"read-more wyz-secondary-color-text\">read more<span class=\"screen-reader-text\">Sponsorizzare eventi stagionali<\/span><\/a>","protected":false},"author":53,"featured_media":0,"parent":0,"menu_order":0,"comment_status":"closed","ping_status":"closed","template":"","meta":{"footnotes":""},"class_list":["post-9301","page","type-page","status-publish","hentry"],"yoast_head":"<!-- This site is optimized with the Yoast SEO plugin v27.2 - https:\/\/yoast.com\/product\/yoast-seo-wordpress\/ -->\n<title>Sponsorizzare eventi stagionali - times-square<\/title>\n<meta name=\"robots\" content=\"index, follow, max-snippet:-1, max-image-preview:large, max-video-preview:-1\" \/>\n<link rel=\"canonical\" href=\"https:\/\/welcome-to-times-square.com\/it\/sponsor-seasonal-events\/\" \/>\n<meta property=\"og:locale\" content=\"it_IT\" \/>\n<meta property=\"og:type\" content=\"article\" \/>\n<meta property=\"og:title\" content=\"Sponsorizzare eventi stagionali - times-square\" \/>\n<meta property=\"og:description\" content=\"[vc_row full_width=&#8221;stretch_row&#8221; css=&#8221;.vc_custom_1627402630091{margin-top: 28px !important;margin-right: 0px !important;margin-bottom: 0px !important;margin-left: 0px !important;padding-top: 0px !important;padding-right: 0px !important;padding-bottom: 0px !important;padding-left: 0px !important;}&#8221; el_class=&#8221;main-97676&#8243;][vc_column css=&#8221;.vc_custom_1626939874126{margin: 0px !important;padding: 0px !important;border: 0px initial !important;}&#8221;][vc_row_inner equal_height=&#8221;yes&#8221; el_class=&#8221;text-banner11&#8243;][vc_column_inner width=&#8221;1\/2&#8243; css=&#8221;.vc_custom_1626940693197{margin-top: 0px !important;margin-right: 0px !important;margin-bottom: 0px !important;margin-left: 0px !important;padding-top: 20px !important;padding-right: 20px !important;padding-bottom: 20px !important;padding-left: 20px !important;background-image: url(https:\/\/welcome-to-times-square.com\/wp-content\/uploads\/2021\/07\/dd1.jpg?id=1431) !important;background-position: center !important;background-repeat: no-repeat !important;background-size: cover [...]read moreSponsorizzare eventi stagionali\" \/>\n<meta property=\"og:url\" content=\"https:\/\/welcome-to-times-square.com\/it\/sponsor-seasonal-events\/\" \/>\n<meta property=\"og:site_name\" content=\"times-square\" \/>\n<meta property=\"article:modified_time\" content=\"2025-01-20T11:25:37+00:00\" \/>\n<meta name=\"twitter:card\" content=\"summary_large_image\" \/>\n<meta name=\"twitter:label1\" content=\"Tempo di lettura stimato\" \/>\n\t<meta name=\"twitter:data1\" content=\"3 minuti\" \/>\n<script type=\"application\/ld+json\" class=\"yoast-schema-graph\">{\"@context\":\"https:\/\/schema.org\",\"@graph\":[{\"@type\":\"WebPage\",\"@id\":\"https:\/\/welcome-to-times-square.com\/it\/sponsor-seasonal-events\/\",\"url\":\"https:\/\/welcome-to-times-square.com\/it\/sponsor-seasonal-events\/\",\"name\":\"Sponsorizzare eventi stagionali - times-square\",\"isPartOf\":{\"@id\":\"https:\/\/welcome-to-times-square.com\/it\/#website\"},\"datePublished\":\"2021-09-04T15:04:00+00:00\",\"dateModified\":\"2025-01-20T11:25:37+00:00\",\"breadcrumb\":{\"@id\":\"https:\/\/welcome-to-times-square.com\/it\/sponsor-seasonal-events\/#breadcrumb\"},\"inLanguage\":\"it-IT\",\"potentialAction\":[{\"@type\":\"ReadAction\",\"target\":[\"https:\/\/welcome-to-times-square.com\/it\/sponsor-seasonal-events\/\"]}]},{\"@type\":\"BreadcrumbList\",\"@id\":\"https:\/\/welcome-to-times-square.com\/it\/sponsor-seasonal-events\/#breadcrumb\",\"itemListElement\":[{\"@type\":\"ListItem\",\"position\":1,\"name\":\"Home\",\"item\":\"https:\/\/welcome-to-times-square.com\/it\/\"},{\"@type\":\"ListItem\",\"position\":2,\"name\":\"Sponsorizzare eventi stagionali\"}]},{\"@type\":\"WebSite\",\"@id\":\"https:\/\/welcome-to-times-square.com\/it\/#website\",\"url\":\"https:\/\/welcome-to-times-square.com\/it\/\",\"name\":\"times-square\",\"description\":\"times-square\",\"publisher\":{\"@id\":\"https:\/\/welcome-to-times-square.com\/it\/#organization\"},\"potentialAction\":[{\"@type\":\"SearchAction\",\"target\":{\"@type\":\"EntryPoint\",\"urlTemplate\":\"https:\/\/welcome-to-times-square.com\/it\/?s={search_term_string}\"},\"query-input\":{\"@type\":\"PropertyValueSpecification\",\"valueRequired\":true,\"valueName\":\"search_term_string\"}}],\"inLanguage\":\"it-IT\"},{\"@type\":\"Organization\",\"@id\":\"https:\/\/welcome-to-times-square.com\/it\/#organization\",\"name\":\"times-square\",\"url\":\"https:\/\/welcome-to-times-square.com\/it\/\",\"logo\":{\"@type\":\"ImageObject\",\"inLanguage\":\"it-IT\",\"@id\":\"https:\/\/welcome-to-times-square.com\/it\/#\/schema\/logo\/image\/\",\"url\":\"https:\/\/welcome-to-times-square.com\/wp-content\/uploads\/2024\/03\/welcome-to-time-square-logo-with-r.png\",\"contentUrl\":\"https:\/\/welcome-to-times-square.com\/wp-content\/uploads\/2024\/03\/welcome-to-time-square-logo-with-r.png\",\"width\":500,\"height\":342,\"caption\":\"times-square\"},\"image\":{\"@id\":\"https:\/\/welcome-to-times-square.com\/it\/#\/schema\/logo\/image\/\"}}]}<\/script>\n<!-- \/ Yoast SEO plugin. -->","yoast_head_json":{"title":"Sponsorizzare eventi stagionali - times-square","robots":{"index":"index","follow":"follow","max-snippet":"max-snippet:-1","max-image-preview":"max-image-preview:large","max-video-preview":"max-video-preview:-1"},"canonical":"https:\/\/welcome-to-times-square.com\/it\/sponsor-seasonal-events\/","og_locale":"it_IT","og_type":"article","og_title":"Sponsorizzare eventi stagionali - times-square","og_description":"[vc_row full_width=&#8221;stretch_row&#8221; css=&#8221;.vc_custom_1627402630091{margin-top: 28px !important;margin-right: 0px !important;margin-bottom: 0px !important;margin-left: 0px !important;padding-top: 0px !important;padding-right: 0px !important;padding-bottom: 0px !important;padding-left: 0px !important;}&#8221; el_class=&#8221;main-97676&#8243;][vc_column css=&#8221;.vc_custom_1626939874126{margin: 0px !important;padding: 0px !important;border: 0px initial !important;}&#8221;][vc_row_inner equal_height=&#8221;yes&#8221; el_class=&#8221;text-banner11&#8243;][vc_column_inner width=&#8221;1\/2&#8243; css=&#8221;.vc_custom_1626940693197{margin-top: 0px !important;margin-right: 0px !important;margin-bottom: 0px !important;margin-left: 0px !important;padding-top: 20px !important;padding-right: 20px !important;padding-bottom: 20px !important;padding-left: 20px !important;background-image: url(https:\/\/welcome-to-times-square.com\/wp-content\/uploads\/2021\/07\/dd1.jpg?id=1431) !important;background-position: center !important;background-repeat: no-repeat !important;background-size: cover [...]read moreSponsorizzare eventi stagionali","og_url":"https:\/\/welcome-to-times-square.com\/it\/sponsor-seasonal-events\/","og_site_name":"times-square","article_modified_time":"2025-01-20T11:25:37+00:00","twitter_card":"summary_large_image","twitter_misc":{"Tempo di lettura stimato":"3 minuti"},"schema":{"@context":"https:\/\/schema.org","@graph":[{"@type":"WebPage","@id":"https:\/\/welcome-to-times-square.com\/it\/sponsor-seasonal-events\/","url":"https:\/\/welcome-to-times-square.com\/it\/sponsor-seasonal-events\/","name":"Sponsorizzare eventi stagionali - times-square","isPartOf":{"@id":"https:\/\/welcome-to-times-square.com\/it\/#website"},"datePublished":"2021-09-04T15:04:00+00:00","dateModified":"2025-01-20T11:25:37+00:00","breadcrumb":{"@id":"https:\/\/welcome-to-times-square.com\/it\/sponsor-seasonal-events\/#breadcrumb"},"inLanguage":"it-IT","potentialAction":[{"@type":"ReadAction","target":["https:\/\/welcome-to-times-square.com\/it\/sponsor-seasonal-events\/"]}]},{"@type":"BreadcrumbList","@id":"https:\/\/welcome-to-times-square.com\/it\/sponsor-seasonal-events\/#breadcrumb","itemListElement":[{"@type":"ListItem","position":1,"name":"Home","item":"https:\/\/welcome-to-times-square.com\/it\/"},{"@type":"ListItem","position":2,"name":"Sponsorizzare eventi stagionali"}]},{"@type":"WebSite","@id":"https:\/\/welcome-to-times-square.com\/it\/#website","url":"https:\/\/welcome-to-times-square.com\/it\/","name":"times-square","description":"times-square","publisher":{"@id":"https:\/\/welcome-to-times-square.com\/it\/#organization"},"potentialAction":[{"@type":"SearchAction","target":{"@type":"EntryPoint","urlTemplate":"https:\/\/welcome-to-times-square.com\/it\/?s={search_term_string}"},"query-input":{"@type":"PropertyValueSpecification","valueRequired":true,"valueName":"search_term_string"}}],"inLanguage":"it-IT"},{"@type":"Organization","@id":"https:\/\/welcome-to-times-square.com\/it\/#organization","name":"times-square","url":"https:\/\/welcome-to-times-square.com\/it\/","logo":{"@type":"ImageObject","inLanguage":"it-IT","@id":"https:\/\/welcome-to-times-square.com\/it\/#\/schema\/logo\/image\/","url":"https:\/\/welcome-to-times-square.com\/wp-content\/uploads\/2024\/03\/welcome-to-time-square-logo-with-r.png","contentUrl":"https:\/\/welcome-to-times-square.com\/wp-content\/uploads\/2024\/03\/welcome-to-time-square-logo-with-r.png","width":500,"height":342,"caption":"times-square"},"image":{"@id":"https:\/\/welcome-to-times-square.com\/it\/#\/schema\/logo\/image\/"}}]}},"_hostinger_reach_plugin_has_subscription_block":false,"_hostinger_reach_plugin_is_elementor":false,"_links":{"self":[{"href":"https:\/\/welcome-to-times-square.com\/it\/wp-json\/wp\/v2\/pages\/9301","targetHints":{"allow":["GET"]}}],"collection":[{"href":"https:\/\/welcome-to-times-square.com\/it\/wp-json\/wp\/v2\/pages"}],"about":[{"href":"https:\/\/welcome-to-times-square.com\/it\/wp-json\/wp\/v2\/types\/page"}],"author":[{"embeddable":true,"href":"https:\/\/welcome-to-times-square.com\/it\/wp-json\/wp\/v2\/users\/53"}],"replies":[{"embeddable":true,"href":"https:\/\/welcome-to-times-square.com\/it\/wp-json\/wp\/v2\/comments?post=9301"}],"version-history":[{"count":3,"href":"https:\/\/welcome-to-times-square.com\/it\/wp-json\/wp\/v2\/pages\/9301\/revisions"}],"predecessor-version":[{"id":9315,"href":"https:\/\/welcome-to-times-square.com\/it\/wp-json\/wp\/v2\/pages\/9301\/revisions\/9315"}],"wp:attachment":[{"href":"https:\/\/welcome-to-times-square.com\/it\/wp-json\/wp\/v2\/media?parent=9301"}],"curies":[{"name":"wp","href":"https:\/\/api.w.org\/{rel}","templated":true}]}}