{"id":8817,"date":"2022-04-21T22:53:05","date_gmt":"2022-04-21T22:53:05","guid":{"rendered":"https:\/\/welcome-to-times-square.com\/dining\/"},"modified":"2025-01-16T10:22:52","modified_gmt":"2025-01-16T10:22:52","slug":"dining","status":"publish","type":"page","link":"https:\/\/welcome-to-times-square.com\/pt-br\/dining\/","title":{"rendered":"Jantar"},"content":{"rendered":"\t\t<div data-elementor-type=\"wp-page\" data-elementor-id=\"8817\" class=\"elementor elementor-8817 elementor-2737\" data-elementor-post-type=\"page\">\n\t\t\t\t<div class=\"elementor-element elementor-element-d3dee06 e-flex e-con-boxed e-con e-parent\" data-id=\"d3dee06\" data-element_type=\"container\" data-e-type=\"container\" data-settings=\"{&quot;background_background&quot;:&quot;classic&quot;}\">\n\t\t\t\t\t<div class=\"e-con-inner\">\n\t\t\t\t<div class=\"elementor-element elementor-element-71ffd47 elementor-widget elementor-widget-heading\" data-id=\"71ffd47\" data-element_type=\"widget\" data-e-type=\"widget\" data-widget_type=\"heading.default\">\n\t\t\t\t<div class=\"elementor-widget-container\">\n\t\t\t\t\t<h2 class=\"elementor-heading-title elementor-size-default\">Jantar<\/h2>\t\t\t\t<\/div>\n\t\t\t\t<\/div>\n\t\t\t\t<div class=\"elementor-element elementor-element-cd1cce5 elementor-widget-divider--view-line elementor-widget elementor-widget-divider\" data-id=\"cd1cce5\" data-element_type=\"widget\" data-e-type=\"widget\" data-widget_type=\"divider.default\">\n\t\t\t\t<div class=\"elementor-widget-container\">\n\t\t\t\t\t\t\t<div class=\"elementor-divider\">\n\t\t\t<span class=\"elementor-divider-separator\">\n\t\t\t\t\t\t<\/span>\n\t\t<\/div>\n\t\t\t\t\t\t<\/div>\n\t\t\t\t<\/div>\n\t\t\t\t<div class=\"elementor-element elementor-element-bc9c556 elementor-widget elementor-widget-text-editor\" data-id=\"bc9c556\" data-element_type=\"widget\" data-e-type=\"widget\" data-widget_type=\"text-editor.default\">\n\t\t\t\t<div class=\"elementor-widget-container\">\n\t\t\t\t\t\t\t\t\t<div class=\"vc_row wpb_row vc_row-fluid vc_custom_1650656343119 vc_row-has-fill\">\n<div class=\"wpb_column vc_column_container vc_col-sm-12\">\n<div class=\"vc_column-inner\">\n<div class=\"wpb_wrapper\">\n<div class=\"wpb_text_column wpb_content_element \">\n<div class=\"wpb_wrapper\">\n<p>H\u00e1 tantos restaurantes e bares ao redor da Times Square quanto o n\u00famero de pessoas que passam por suas ruas.<\/p>\n<p>H\u00e1 ofertas gastron\u00f4micas para todos os gostos e para todas as idades. Desde os pratos mais tradicionais e hist\u00f3ricos at\u00e9 as novas del\u00edcias gourmet dos chefs mais inovadores. A Times Square convida voc\u00ea a desfrutar com a barriga cheia, mesmo que tenha pouco dinheiro e pouco tempo para saborear um prato elaborado.<\/p>\n<p>Nova York \u00e9 uma cidade que nunca descansa e tem uma excelente variedade de ofertas culturais e atra\u00e7\u00f5es tur\u00edsticas que voc\u00ea n\u00e3o pode deixar de conhecer. Em geral, os turistas devem escolher o que fazer e o que n\u00e3o fazer, de acordo com o tempo que t\u00eam. Em muitas ocasi\u00f5es, comer algo r\u00e1pido na rua \u00e9 uma boa op\u00e7\u00e3o para voc\u00ea aproveitar ao m\u00e1ximo o dia.<\/p>\n<p>As comidas mais baratas e t\u00edpicas que podem ser encontradas em cada esquina de Nova York s\u00e3o cachorros-quentes, bagels, pizzas e at\u00e9 mesmo alguns hamb\u00fargueres deliciosos, que fazem parte da tradi\u00e7\u00e3o da cidade.<\/p>\n<p>Em quase todas as esquinas de Manhattan voc\u00ea pode comer esses fast foods com o melhor sabor e os valores mais acess\u00edveis.<\/p>\n<p>O pre\u00e7o de um cachorro-quente \u00e9 de cerca de US$ 2, embora seja sempre aconselh\u00e1vel perguntar antes de fazer o pedido, pois n\u00e3o \u00e9 comum que o valor apare\u00e7a e isso pode causar algum desconforto.<\/p>\n<p>A pizza \u00e9 outra op\u00e7\u00e3o que geralmente \u00e9 encontrada em qualquer lanchonete, loja ou at\u00e9 mesmo em supermercados. A qualidade em todos os locais \u00e9 bastante semelhante, pois as por\u00e7\u00f5es s\u00e3o grandes e a prepara\u00e7\u00e3o \u00e9 aceit\u00e1vel, embora n\u00e3o haja uma grande variedade de sabores para voc\u00ea escolher. O pre\u00e7o por por\u00e7\u00e3o \u00e9 de cerca de US$ 3.<\/p>\n<p>Para os amantes do caf\u00e9, Nova York \u00e9 o cen\u00e1rio perfeito, pois \u00e9 muito comum ver pessoas de todas as idades andando pela rua com um copo grande para levar. Mesmo para aqueles que preferem algo gelado, os smoothies de frutas grandes com muito gelo s\u00e3o uma op\u00e7\u00e3o f\u00e1cil de encontrar em lojas para viagem que ajudam a combater os dias muito quentes.<\/p>\n<p>\u00c9 verdade que, embora esse tipo de comida possa ser encontrado em qualquer lugar, h\u00e1 certos setores da cidade onde voc\u00ea encontrar\u00e1 um card\u00e1pio mais espec\u00edfico e as especialidades t\u00edpicas de alguma regi\u00e3o do mundo. Entre elas est\u00e3o Chinatown e Little Italy.<\/p>\n<p>Chinatown \u00e9 um bairro da cidade de Nova York, famoso por ser um enclave com uma grande popula\u00e7\u00e3o de imigrantes chineses. Manhattan \u00e9 um dos nove bairros conhecidos com essa denomina\u00e7\u00e3o que existem nos Estados Unidos, com uma densidade populacional de quase um milh\u00e3o de habitantes. L\u00e1 voc\u00ea pode saborear a mais ampla variedade de comida asi\u00e1tica, principalmente da antiga cultura chinesa e do sudeste asi\u00e1tico. Os pratos mais comuns s\u00e3o bolinhos asi\u00e1ticos, p\u00e3ezinhos de porco e macarr\u00e3o cortado \u00e0 m\u00e3o.<\/p>\n<p>Al\u00e9m disso, as cal\u00e7adas movimentadas est\u00e3o repletas de lojas de souvenirs, lojas de bubble tea e mercados que vendem de tudo, desde peixes frescos e secos at\u00e9 ervas e temperos.<\/p>\n<p>Essa \u00e1rea tem uma extens\u00e3o aproximada de 1,5 quil\u00f4metro de norte a sul e 3 quil\u00f4metros de leste a oeste dentro da ilha de Manhattan, embora os turistas s\u00f3 visitem o centro antigo de Chinatown, os cruzamentos das ruas Canal com Mott e Mulberry, bem como o cruzamento das ruas Pell e Doyers.<\/p>\n<p>Por sua vez, Little Italy \u00e9 um bairro chamado assim porque foi originalmente povoado por um grande n\u00famero de imigrantes italianos. Embora nos tempos antigos ela tivesse uma \u00e1rea maior, atualmente est\u00e1 limitada \u00e0 se\u00e7\u00e3o da Mulberry Street entre Broome e Canal. Essa \u00e1rea est\u00e1 repleta de restaurantes cujos clientes s\u00e3o, em sua maioria, turistas que querem apreciar o sabor de boas pizzas e massas t\u00edpicas.<\/p>\n<p>A &#8220;Festa de San Gennaro&#8221; \u00e9 muito t\u00edpica da Pequena It\u00e1lia e ocorre durante onze dias em setembro.<\/p>\n<p>Para voc\u00ea que deseja saborear as novas del\u00edcias gourmet e os chefs mais inovadores, a Times Square est\u00e1 repleta de restaurantes tur\u00edsticos, famosos e bem avaliados pelos cr\u00edticos gastron\u00f4micos, como o Planet Hollywood e o Hard Rock Caf\u00e9. Nesses casos, os pre\u00e7os costumam ser bastante altos e muitos oferecem uma grande variedade de comidas t\u00edpicas americanas, com uma decora\u00e7\u00e3o maravilhosa e ambientes impressionantemente cuidados.<\/p>\n<\/div>\n<\/div>\n<\/div>\n<\/div>\n<\/div>\n<\/div>\n\t\t\t\t\t\t\t\t<\/div>\n\t\t\t\t<\/div>\n\t\t\t\t<div class=\"elementor-element elementor-element-947fa8b elementor-widget-divider--view-line elementor-widget elementor-widget-divider\" data-id=\"947fa8b\" data-element_type=\"widget\" data-e-type=\"widget\" data-widget_type=\"divider.default\">\n\t\t\t\t<div class=\"elementor-widget-container\">\n\t\t\t\t\t\t\t<div class=\"elementor-divider\">\n\t\t\t<span class=\"elementor-divider-separator\">\n\t\t\t\t\t\t<\/span>\n\t\t<\/div>\n\t\t\t\t\t\t<\/div>\n\t\t\t\t<\/div>\n\t\t\t\t<div class=\"elementor-element elementor-element-d9c1978 elementor-widget elementor-widget-text-editor\" data-id=\"d9c1978\" data-element_type=\"widget\" data-e-type=\"widget\" data-widget_type=\"text-editor.default\">\n\t\t\t\t<div class=\"elementor-widget-container\">\n\t\t\t\t\t\t\t\t\t<p><strong>Para aparecer em nosso outdoor na Times Square, acesse a se\u00e7\u00e3o CONTATO.<\/strong><\/p>\n<p>Veja como isso funciona:<\/p>\n<p>Seja um anivers\u00e1rio, um pedido de casamento, um anivers\u00e1rio ou uma simples declara\u00e7\u00e3o de amor, n\u00f3s temos tudo o que voc\u00ea precisa. N\u00e3o seja um rosto na multid\u00e3o!<br \/>Coloque sua foto ou v\u00eddeo em nosso outdoor na Times Square!<\/p>\n<p>Op\u00e7\u00e3o 1: Seu v\u00eddeo\/foto de 60 segundos ser\u00e1 exibido 22 vezes por dia.<br \/>Op\u00e7\u00e3o 2: Seu v\u00eddeo\/foto de 30 segundos ser\u00e1 exibido 44 vezes por dia<br \/>Op\u00e7\u00e3o 3: Seu v\u00eddeo\/foto de 15 segundos ser\u00e1 exibido 88 vezes por dia.<\/p>\n<p>Nosso outdoor tem 31 p\u00e9s x 55 p\u00e9s e est\u00e1 localizado na 1560 Broadway (Broadway e 46th Street, logo acima da loja Pel\u00e9).<\/p>\n<p>N\u00e3o seja um rosto na multid\u00e3o!<\/p>\n\t\t\t\t\t\t\t\t<\/div>\n\t\t\t\t<\/div>\n\t\t\t\t<div class=\"elementor-element elementor-element-e6adae7 elementor-widget elementor-widget-image\" data-id=\"e6adae7\" data-element_type=\"widget\" data-e-type=\"widget\" data-widget_type=\"image.default\">\n\t\t\t\t<div class=\"elementor-widget-container\">\n\t\t\t\t\t\t\t\t\t\t\t\t\t\t\t<img fetchpriority=\"high\" decoding=\"async\" width=\"1024\" height=\"500\" src=\"https:\/\/welcome-to-times-square.com\/wp-content\/uploads\/2022\/04\/dining-1024x500.jpg\" class=\"attachment-large size-large wp-image-6145\" alt=\"\" srcset=\"https:\/\/welcome-to-times-square.com\/wp-content\/uploads\/2022\/04\/dining-1024x500.jpg 1024w, https:\/\/welcome-to-times-square.com\/wp-content\/uploads\/2022\/04\/dining-600x293.jpg 600w, https:\/\/welcome-to-times-square.com\/wp-content\/uploads\/2022\/04\/dining-300x147.jpg 300w, https:\/\/welcome-to-times-square.com\/wp-content\/uploads\/2022\/04\/dining-768x375.jpg 768w, https:\/\/welcome-to-times-square.com\/wp-content\/uploads\/2022\/04\/dining-1536x750.jpg 1536w, https:\/\/welcome-to-times-square.com\/wp-content\/uploads\/2022\/04\/dining.jpg 1918w\" sizes=\"(max-width: 1024px) 100vw, 1024px\" \/>\t\t\t\t\t\t\t\t\t\t\t\t\t\t\t<\/div>\n\t\t\t\t<\/div>\n\t\t\t\t\t<\/div>\n\t\t\t\t<\/div>\n\t\t\t\t<\/div>\n\t\t","protected":false},"excerpt":{"rendered":"Jantar H\u00e1 tantos restaurantes e bares ao redor da Times Square quanto o n\u00famero de pessoas que passam por suas ruas. H\u00e1 ofertas gastron\u00f4micas para todos os gostos e para todas as idades. Desde os pratos mais tradicionais e hist\u00f3ricos at\u00e9 as novas del\u00edcias gourmet dos chefs mais inovadores. A Times Square convida voc\u00ea a [...]<a href=\"https:\/\/welcome-to-times-square.com\/pt-br\/dining\/\" class=\"read-more wyz-secondary-color-text\">read more<span class=\"screen-reader-text\">Jantar<\/span><\/a>","protected":false},"author":53,"featured_media":0,"parent":0,"menu_order":0,"comment_status":"closed","ping_status":"closed","template":"elementor_header_footer","meta":{"footnotes":""},"class_list":["post-8817","page","type-page","status-publish","hentry"],"yoast_head":"<!-- This site is optimized with the Yoast SEO plugin v27.2 - https:\/\/yoast.com\/product\/yoast-seo-wordpress\/ -->\n<title>Jantar - times-square<\/title>\n<meta name=\"description\" content=\"H\u00e1 ofertas gastron\u00f4micas para todos os gostos e para todas as idades. Desde os pratos mais tradicionais e hist\u00f3ricos at\u00e9 as novas del\u00edcias gourmet dos chefs mais inovadores. A Times Square convida voc\u00ea a desfrutar com a barriga cheia, mesmo que tenha pouco dinheiro e pouco tempo para saborear um prato elaborado.\" \/>\n<meta name=\"robots\" content=\"index, follow, max-snippet:-1, max-image-preview:large, max-video-preview:-1\" \/>\n<link rel=\"canonical\" href=\"https:\/\/welcome-to-times-square.com\/pt-br\/dining\/\" \/>\n<meta property=\"og:locale\" content=\"pt_BR\" \/>\n<meta property=\"og:type\" content=\"article\" \/>\n<meta property=\"og:title\" content=\"Jantar - times-square\" \/>\n<meta property=\"og:description\" content=\"H\u00e1 ofertas gastron\u00f4micas para todos os gostos e para todas as idades. Desde os pratos mais tradicionais e hist\u00f3ricos at\u00e9 as novas del\u00edcias gourmet dos chefs mais inovadores. A Times Square convida voc\u00ea a desfrutar com a barriga cheia, mesmo que tenha pouco dinheiro e pouco tempo para saborear um prato elaborado.\" \/>\n<meta property=\"og:url\" content=\"https:\/\/welcome-to-times-square.com\/pt-br\/dining\/\" \/>\n<meta property=\"og:site_name\" content=\"times-square\" \/>\n<meta property=\"article:modified_time\" content=\"2025-01-16T10:22:52+00:00\" \/>\n<meta property=\"og:image\" content=\"https:\/\/welcome-to-times-square.com\/wp-content\/uploads\/2022\/04\/dining.jpg\" \/>\n\t<meta property=\"og:image:width\" content=\"1918\" \/>\n\t<meta property=\"og:image:height\" content=\"937\" \/>\n\t<meta property=\"og:image:type\" content=\"image\/jpeg\" \/>\n<meta name=\"twitter:card\" content=\"summary_large_image\" \/>\n<meta name=\"twitter:label1\" content=\"Est. tempo de leitura\" \/>\n\t<meta name=\"twitter:data1\" content=\"4 minutos\" \/>\n<script type=\"application\/ld+json\" class=\"yoast-schema-graph\">{\"@context\":\"https:\/\/schema.org\",\"@graph\":[{\"@type\":\"WebPage\",\"@id\":\"https:\/\/welcome-to-times-square.com\/pt-br\/dining\/\",\"url\":\"https:\/\/welcome-to-times-square.com\/pt-br\/dining\/\",\"name\":\"Jantar - times-square\",\"isPartOf\":{\"@id\":\"https:\/\/welcome-to-times-square.com\/pt-br\/#website\"},\"primaryImageOfPage\":{\"@id\":\"https:\/\/welcome-to-times-square.com\/pt-br\/dining\/#primaryimage\"},\"image\":{\"@id\":\"https:\/\/welcome-to-times-square.com\/pt-br\/dining\/#primaryimage\"},\"thumbnailUrl\":\"https:\/\/welcome-to-times-square.com\/wp-content\/uploads\/2022\/04\/dining-1024x500.jpg\",\"datePublished\":\"2022-04-21T22:53:05+00:00\",\"dateModified\":\"2025-01-16T10:22:52+00:00\",\"description\":\"H\u00e1 ofertas gastron\u00f4micas para todos os gostos e para todas as idades. Desde os pratos mais tradicionais e hist\u00f3ricos at\u00e9 as novas del\u00edcias gourmet dos chefs mais inovadores. A Times Square convida voc\u00ea a desfrutar com a barriga cheia, mesmo que tenha pouco dinheiro e pouco tempo para saborear um prato elaborado.\",\"breadcrumb\":{\"@id\":\"https:\/\/welcome-to-times-square.com\/pt-br\/dining\/#breadcrumb\"},\"inLanguage\":\"pt-BR\",\"potentialAction\":[{\"@type\":\"ReadAction\",\"target\":[\"https:\/\/welcome-to-times-square.com\/pt-br\/dining\/\"]}]},{\"@type\":\"ImageObject\",\"inLanguage\":\"pt-BR\",\"@id\":\"https:\/\/welcome-to-times-square.com\/pt-br\/dining\/#primaryimage\",\"url\":\"https:\/\/welcome-to-times-square.com\/wp-content\/uploads\/2022\/04\/dining-1024x500.jpg\",\"contentUrl\":\"https:\/\/welcome-to-times-square.com\/wp-content\/uploads\/2022\/04\/dining-1024x500.jpg\"},{\"@type\":\"BreadcrumbList\",\"@id\":\"https:\/\/welcome-to-times-square.com\/pt-br\/dining\/#breadcrumb\",\"itemListElement\":[{\"@type\":\"ListItem\",\"position\":1,\"name\":\"Home\",\"item\":\"https:\/\/welcome-to-times-square.com\/pt-br\/\"},{\"@type\":\"ListItem\",\"position\":2,\"name\":\"Jantar\"}]},{\"@type\":\"WebSite\",\"@id\":\"https:\/\/welcome-to-times-square.com\/pt-br\/#website\",\"url\":\"https:\/\/welcome-to-times-square.com\/pt-br\/\",\"name\":\"times-square\",\"description\":\"times-square\",\"publisher\":{\"@id\":\"https:\/\/welcome-to-times-square.com\/pt-br\/#organization\"},\"potentialAction\":[{\"@type\":\"SearchAction\",\"target\":{\"@type\":\"EntryPoint\",\"urlTemplate\":\"https:\/\/welcome-to-times-square.com\/pt-br\/?s={search_term_string}\"},\"query-input\":{\"@type\":\"PropertyValueSpecification\",\"valueRequired\":true,\"valueName\":\"search_term_string\"}}],\"inLanguage\":\"pt-BR\"},{\"@type\":\"Organization\",\"@id\":\"https:\/\/welcome-to-times-square.com\/pt-br\/#organization\",\"name\":\"times-square\",\"url\":\"https:\/\/welcome-to-times-square.com\/pt-br\/\",\"logo\":{\"@type\":\"ImageObject\",\"inLanguage\":\"pt-BR\",\"@id\":\"https:\/\/welcome-to-times-square.com\/pt-br\/#\/schema\/logo\/image\/\",\"url\":\"https:\/\/welcome-to-times-square.com\/wp-content\/uploads\/2024\/03\/welcome-to-time-square-logo-with-r.png\",\"contentUrl\":\"https:\/\/welcome-to-times-square.com\/wp-content\/uploads\/2024\/03\/welcome-to-time-square-logo-with-r.png\",\"width\":500,\"height\":342,\"caption\":\"times-square\"},\"image\":{\"@id\":\"https:\/\/welcome-to-times-square.com\/pt-br\/#\/schema\/logo\/image\/\"}}]}<\/script>\n<!-- \/ Yoast SEO plugin. -->","yoast_head_json":{"title":"Jantar - times-square","description":"H\u00e1 ofertas gastron\u00f4micas para todos os gostos e para todas as idades. Desde os pratos mais tradicionais e hist\u00f3ricos at\u00e9 as novas del\u00edcias gourmet dos chefs mais inovadores. A Times Square convida voc\u00ea a desfrutar com a barriga cheia, mesmo que tenha pouco dinheiro e pouco tempo para saborear um prato elaborado.","robots":{"index":"index","follow":"follow","max-snippet":"max-snippet:-1","max-image-preview":"max-image-preview:large","max-video-preview":"max-video-preview:-1"},"canonical":"https:\/\/welcome-to-times-square.com\/pt-br\/dining\/","og_locale":"pt_BR","og_type":"article","og_title":"Jantar - times-square","og_description":"H\u00e1 ofertas gastron\u00f4micas para todos os gostos e para todas as idades. Desde os pratos mais tradicionais e hist\u00f3ricos at\u00e9 as novas del\u00edcias gourmet dos chefs mais inovadores. A Times Square convida voc\u00ea a desfrutar com a barriga cheia, mesmo que tenha pouco dinheiro e pouco tempo para saborear um prato elaborado.","og_url":"https:\/\/welcome-to-times-square.com\/pt-br\/dining\/","og_site_name":"times-square","article_modified_time":"2025-01-16T10:22:52+00:00","og_image":[{"width":1918,"height":937,"url":"https:\/\/welcome-to-times-square.com\/wp-content\/uploads\/2022\/04\/dining.jpg","type":"image\/jpeg"}],"twitter_card":"summary_large_image","twitter_misc":{"Est. tempo de leitura":"4 minutos"},"schema":{"@context":"https:\/\/schema.org","@graph":[{"@type":"WebPage","@id":"https:\/\/welcome-to-times-square.com\/pt-br\/dining\/","url":"https:\/\/welcome-to-times-square.com\/pt-br\/dining\/","name":"Jantar - times-square","isPartOf":{"@id":"https:\/\/welcome-to-times-square.com\/pt-br\/#website"},"primaryImageOfPage":{"@id":"https:\/\/welcome-to-times-square.com\/pt-br\/dining\/#primaryimage"},"image":{"@id":"https:\/\/welcome-to-times-square.com\/pt-br\/dining\/#primaryimage"},"thumbnailUrl":"https:\/\/welcome-to-times-square.com\/wp-content\/uploads\/2022\/04\/dining-1024x500.jpg","datePublished":"2022-04-21T22:53:05+00:00","dateModified":"2025-01-16T10:22:52+00:00","description":"H\u00e1 ofertas gastron\u00f4micas para todos os gostos e para todas as idades. Desde os pratos mais tradicionais e hist\u00f3ricos at\u00e9 as novas del\u00edcias gourmet dos chefs mais inovadores. A Times Square convida voc\u00ea a desfrutar com a barriga cheia, mesmo que tenha pouco dinheiro e pouco tempo para saborear um prato elaborado.","breadcrumb":{"@id":"https:\/\/welcome-to-times-square.com\/pt-br\/dining\/#breadcrumb"},"inLanguage":"pt-BR","potentialAction":[{"@type":"ReadAction","target":["https:\/\/welcome-to-times-square.com\/pt-br\/dining\/"]}]},{"@type":"ImageObject","inLanguage":"pt-BR","@id":"https:\/\/welcome-to-times-square.com\/pt-br\/dining\/#primaryimage","url":"https:\/\/welcome-to-times-square.com\/wp-content\/uploads\/2022\/04\/dining-1024x500.jpg","contentUrl":"https:\/\/welcome-to-times-square.com\/wp-content\/uploads\/2022\/04\/dining-1024x500.jpg"},{"@type":"BreadcrumbList","@id":"https:\/\/welcome-to-times-square.com\/pt-br\/dining\/#breadcrumb","itemListElement":[{"@type":"ListItem","position":1,"name":"Home","item":"https:\/\/welcome-to-times-square.com\/pt-br\/"},{"@type":"ListItem","position":2,"name":"Jantar"}]},{"@type":"WebSite","@id":"https:\/\/welcome-to-times-square.com\/pt-br\/#website","url":"https:\/\/welcome-to-times-square.com\/pt-br\/","name":"times-square","description":"times-square","publisher":{"@id":"https:\/\/welcome-to-times-square.com\/pt-br\/#organization"},"potentialAction":[{"@type":"SearchAction","target":{"@type":"EntryPoint","urlTemplate":"https:\/\/welcome-to-times-square.com\/pt-br\/?s={search_term_string}"},"query-input":{"@type":"PropertyValueSpecification","valueRequired":true,"valueName":"search_term_string"}}],"inLanguage":"pt-BR"},{"@type":"Organization","@id":"https:\/\/welcome-to-times-square.com\/pt-br\/#organization","name":"times-square","url":"https:\/\/welcome-to-times-square.com\/pt-br\/","logo":{"@type":"ImageObject","inLanguage":"pt-BR","@id":"https:\/\/welcome-to-times-square.com\/pt-br\/#\/schema\/logo\/image\/","url":"https:\/\/welcome-to-times-square.com\/wp-content\/uploads\/2024\/03\/welcome-to-time-square-logo-with-r.png","contentUrl":"https:\/\/welcome-to-times-square.com\/wp-content\/uploads\/2024\/03\/welcome-to-time-square-logo-with-r.png","width":500,"height":342,"caption":"times-square"},"image":{"@id":"https:\/\/welcome-to-times-square.com\/pt-br\/#\/schema\/logo\/image\/"}}]}},"_hostinger_reach_plugin_has_subscription_block":false,"_hostinger_reach_plugin_is_elementor":false,"_links":{"self":[{"href":"https:\/\/welcome-to-times-square.com\/pt-br\/wp-json\/wp\/v2\/pages\/8817","targetHints":{"allow":["GET"]}}],"collection":[{"href":"https:\/\/welcome-to-times-square.com\/pt-br\/wp-json\/wp\/v2\/pages"}],"about":[{"href":"https:\/\/welcome-to-times-square.com\/pt-br\/wp-json\/wp\/v2\/types\/page"}],"author":[{"embeddable":true,"href":"https:\/\/welcome-to-times-square.com\/pt-br\/wp-json\/wp\/v2\/users\/53"}],"replies":[{"embeddable":true,"href":"https:\/\/welcome-to-times-square.com\/pt-br\/wp-json\/wp\/v2\/comments?post=8817"}],"version-history":[{"count":2,"href":"https:\/\/welcome-to-times-square.com\/pt-br\/wp-json\/wp\/v2\/pages\/8817\/revisions"}],"predecessor-version":[{"id":8826,"href":"https:\/\/welcome-to-times-square.com\/pt-br\/wp-json\/wp\/v2\/pages\/8817\/revisions\/8826"}],"wp:attachment":[{"href":"https:\/\/welcome-to-times-square.com\/pt-br\/wp-json\/wp\/v2\/media?parent=8817"}],"curies":[{"name":"wp","href":"https:\/\/api.w.org\/{rel}","templated":true}]}}