{"id":8830,"date":"2022-04-21T20:42:43","date_gmt":"2022-04-21T20:42:43","guid":{"rendered":"https:\/\/welcome-to-times-square.com\/broadway\/"},"modified":"2025-01-16T10:57:01","modified_gmt":"2025-01-16T10:57:01","slug":"broadway","status":"publish","type":"page","link":"https:\/\/welcome-to-times-square.com\/pt-br\/broadway\/","title":{"rendered":"Broadway"},"content":{"rendered":"\t\t<div data-elementor-type=\"wp-page\" data-elementor-id=\"8830\" class=\"elementor elementor-8830 elementor-2723\" data-elementor-post-type=\"page\">\n\t\t\t\t<div class=\"elementor-element elementor-element-579ae8b e-flex e-con-boxed e-con e-parent\" data-id=\"579ae8b\" data-element_type=\"container\" data-e-type=\"container\" data-settings=\"{&quot;background_background&quot;:&quot;classic&quot;}\">\n\t\t\t\t\t<div class=\"e-con-inner\">\n\t\t\t\t<div class=\"elementor-element elementor-element-58f64c5 elementor-widget elementor-widget-heading\" data-id=\"58f64c5\" data-element_type=\"widget\" data-e-type=\"widget\" data-widget_type=\"heading.default\">\n\t\t\t\t<div class=\"elementor-widget-container\">\n\t\t\t\t\t<h2 class=\"elementor-heading-title elementor-size-default\">Broadway<\/h2>\t\t\t\t<\/div>\n\t\t\t\t<\/div>\n\t\t\t\t<div class=\"elementor-element elementor-element-504852b elementor-widget-divider--view-line elementor-widget elementor-widget-divider\" data-id=\"504852b\" data-element_type=\"widget\" data-e-type=\"widget\" data-widget_type=\"divider.default\">\n\t\t\t\t<div class=\"elementor-widget-container\">\n\t\t\t\t\t\t\t<div class=\"elementor-divider\">\n\t\t\t<span class=\"elementor-divider-separator\">\n\t\t\t\t\t\t<\/span>\n\t\t<\/div>\n\t\t\t\t\t\t<\/div>\n\t\t\t\t<\/div>\n\t\t\t\t<div class=\"elementor-element elementor-element-9a3acf2 elementor-widget elementor-widget-text-editor\" data-id=\"9a3acf2\" data-element_type=\"widget\" data-e-type=\"widget\" data-widget_type=\"text-editor.default\">\n\t\t\t\t<div class=\"elementor-widget-container\">\n\t\t\t\t\t\t\t\t\t<div class=\"vc_row wpb_row vc_row-fluid vc_custom_1650656373458 vc_row-has-fill\">\n<div class=\"wpb_column vc_column_container vc_col-sm-12\">\n<div class=\"vc_column-inner\">\n<div class=\"wpb_wrapper\">\n<div class=\"wpb_text_column wpb_content_element \">\n<div class=\"wpb_wrapper\">\n<p>Uma das maiores atra\u00e7\u00f5es da cidade de Nova York \u00e9 a Broadway, onde voc\u00ea encontrar\u00e1 as melhores e mais deslumbrantes ofertas teatrais do mundo. Aqui voc\u00ea encontrar\u00e1 todas as informa\u00e7\u00f5es necess\u00e1rias para conhecer, visitar este circuito teatral e aproveitar os shows que mais gosta. <\/p>\n<p>Nova York \u00e9 o s\u00edmbolo do espet\u00e1culo. Voc\u00ea tem que aproveitar sua visita \u00e0 cidade para presenciar os espet\u00e1culos incr\u00edveis. Voc\u00ea pode ver algumas das muitas listas dos melhores musicais, para saber qual escolher, embora os mais destacados sejam: \u2018O Rei Le\u00e3o\u2019, que est\u00e1 em cartaz desde 1997, \u00e9 o melhor de todos. E \u00e9 por isso que geralmente n\u00e3o h\u00e1 ingressos para este no TKTS, que voc\u00ea encontra nas escadas vermelhas da Times Square: atr\u00e1s deles h\u00e1 alguns pequenos arm\u00e1rios ao lado de um painel onde voc\u00ea pode ver os espet\u00e1culos dispon\u00edveis naquele dia e os pre\u00e7os, reduzidos, dos ingressos que podem ser adquiridos para o mesmo dia. Voc\u00ea tamb\u00e9m pode aproveitar \u2018Aladdin\u2019, baseado no filme da Disney, tem efeitos especiais incr\u00edveis como o g\u00eanio saindo de uma l\u00e2mpada, um aut\u00eantico tapete voador e uma encena\u00e7\u00e3o de choro de emo\u00e7\u00e3o; mas tamb\u00e9m h\u00e1 os cl\u00e1ssicos \u2018Chicago\u2019 ou \u2018O Fantasma da \u00d3pera\u2019, al\u00e9m de outros mais modernos, como \u2018Harry Potter e a Crian\u00e7a Amaldi\u00e7oada\u2019, que estreou na Broadway em 2021.    <\/p>\n<p>J\u00e1 se passaram 50 anos desde a estreia de GREASE no Majestic Theater, em Nova York. Foi em 14 de fevereiro de 1972 a primeira vez que o mundo p\u00f4de ver esta produ\u00e7\u00e3o que, seis anos depois, em 1978, foi levada \u00e0s telonas. Foi justamente a vers\u00e3o cinematogr\u00e1fica do musical que tornou GREASE conhecido internacionalmente, gerando um grande impacto cultural e social em todo o mundo.  <\/p>\n<p>O musical \u201cO Fantasma da \u00d3pera\u201d comemora 34 anos de cartaz na meca do teatro, a Broadway.<\/p>\n<p>Foi em 26 de janeiro de 1988 que esta encena\u00e7\u00e3o levantou as cortinas no Majestic Theater, na cidade de Nova York, no cora\u00e7\u00e3o do distrito dos teatros.<\/p>\n<p>Desde ent\u00e3o, v\u00e1rios atores deram vida ao Fantasma, personagem principal da hist\u00f3ria e que \u00e9 apaixonado pela jovem dan\u00e7arina e cantora de \u00f3pera Christine Daa\u00e9.<\/p>\n<p>Baseado no livro de Gast\u00f3n Leroux \u201cLe fant\u00f3me de L\u2019\u00d3pera\u201d, no qual uma jovem dan\u00e7arina e aspirante a cantora de \u00f3pera, Christine Daa\u00e9, se torna a musa e estranha obsess\u00e3o de um fantasma na \u00d3pera de Paris. \u00c9 uma hist\u00f3ria de amor atemporal, e acho que tem um pouco de tudo. Voc\u00ea tem esse homem que se apaixonou por algu\u00e9m. Ele n\u00e3o \u00e9 daquele mundo e a mulher \u00e9 atra\u00edda por algu\u00e9m com quem ela est\u00e1 mais conectada\u201d, diz Crawford.   <\/p>\n<p>\u201cH\u00e1 a luta pelo amor. H\u00e1 intriga. H\u00e1 reviravoltas. Tem um pouco de tudo. E acho que \u00e9 por isso que O Fantasma da \u00d3pera conseguiu resistir ao teste do tempo&#8221;, acrescentou o ator.<\/p>\n<p>Miranda, que foi respons\u00e1vel pela trilha sonora de \u201cEncanto\u201d, entrou no mundo do entretenimento pisando na Broadway com dois musicais, \u201cIn the Heights\u201d e \u201cHamilton\u201d, que acumularam 16 indica\u00e7\u00f5es ao Tony Awards, a maior distin\u00e7\u00e3o da hist\u00f3ria. o circuito teatral.<\/p>\n<p>A m\u00fasica \u201cWe Don\u2019t Talk About Bruno\u201d, da trilha sonora do filme \u201cEncanto\u201d, se mant\u00e9m forte pela terceira semana consecutiva no topo da Billboard Hot 100, principal lista de popularidade musical dos Estados Unidos. A m\u00fasica interpretada por Carolina Gait\u00e1n, Mauro Castillo, Adassa, Rhenzy Feliz, Diane Guerrero, Stephanie Beatriz e o elenco do filme inspirado no folclore colombiano continua igualando recordes hist\u00f3ricos para filmes da Disney. <\/p>\n<\/div>\n<\/div>\n<\/div>\n<\/div>\n<\/div>\n<\/div>\n\t\t\t\t\t\t\t\t<\/div>\n\t\t\t\t<\/div>\n\t\t\t\t<div class=\"elementor-element elementor-element-d0af643 elementor-widget-divider--view-line elementor-widget elementor-widget-divider\" data-id=\"d0af643\" data-element_type=\"widget\" data-e-type=\"widget\" data-widget_type=\"divider.default\">\n\t\t\t\t<div class=\"elementor-widget-container\">\n\t\t\t\t\t\t\t<div class=\"elementor-divider\">\n\t\t\t<span class=\"elementor-divider-separator\">\n\t\t\t\t\t\t<\/span>\n\t\t<\/div>\n\t\t\t\t\t\t<\/div>\n\t\t\t\t<\/div>\n\t\t\t\t<div class=\"elementor-element elementor-element-6d56304 elementor-widget elementor-widget-text-editor\" data-id=\"6d56304\" data-element_type=\"widget\" data-e-type=\"widget\" data-widget_type=\"text-editor.default\">\n\t\t\t\t<div class=\"elementor-widget-container\">\n\t\t\t\t\t\t\t\t\t<p><strong>Para aparecer em nosso outdoor na Times Square, acesse a se\u00e7\u00e3o CONTATO.<\/strong><\/p>\n<p>Veja como isso funciona:<\/p>\n<p>Seja um anivers\u00e1rio, um pedido de casamento, um anivers\u00e1rio ou uma simples declara\u00e7\u00e3o de amor, n\u00f3s temos tudo o que voc\u00ea precisa. N\u00e3o seja um rosto na multid\u00e3o! <br \/>Coloque sua foto ou v\u00eddeo em nosso outdoor na Times Square!<\/p>\n<p>Op\u00e7\u00e3o 1: Seu v\u00eddeo\/foto de 60 segundos ser\u00e1 exibido 22 vezes por dia.<br \/>Op\u00e7\u00e3o 2: Seu v\u00eddeo\/foto de 30 segundos ser\u00e1 exibido 44 vezes por dia<br \/>Op\u00e7\u00e3o 3: Seu v\u00eddeo\/foto de 15 segundos ser\u00e1 exibido 88 vezes por dia.<\/p>\n<p>Nosso outdoor tem 31 p\u00e9s x 55 p\u00e9s e est\u00e1 localizado na 1560 Broadway (Broadway e 46th Street, logo acima da loja Pel\u00e9).<\/p>\n<p>N\u00e3o seja um rosto na multid\u00e3o!<\/p>\n\t\t\t\t\t\t\t\t<\/div>\n\t\t\t\t<\/div>\n\t\t\t\t<div class=\"elementor-element elementor-element-020f897 elementor-widget elementor-widget-image\" data-id=\"020f897\" data-element_type=\"widget\" data-e-type=\"widget\" data-widget_type=\"image.default\">\n\t\t\t\t<div class=\"elementor-widget-container\">\n\t\t\t\t\t\t\t\t\t\t\t\t\t\t\t<img fetchpriority=\"high\" decoding=\"async\" width=\"1024\" height=\"685\" src=\"https:\/\/welcome-to-times-square.com\/wp-content\/uploads\/2022\/04\/broadway-1024x685.jpg\" class=\"attachment-large size-large wp-image-6150\" alt=\"\" srcset=\"https:\/\/welcome-to-times-square.com\/wp-content\/uploads\/2022\/04\/broadway-1024x685.jpg 1024w, https:\/\/welcome-to-times-square.com\/wp-content\/uploads\/2022\/04\/broadway-600x402.jpg 600w, https:\/\/welcome-to-times-square.com\/wp-content\/uploads\/2022\/04\/broadway-300x201.jpg 300w, https:\/\/welcome-to-times-square.com\/wp-content\/uploads\/2022\/04\/broadway-768x514.jpg 768w, https:\/\/welcome-to-times-square.com\/wp-content\/uploads\/2022\/04\/broadway-1536x1028.jpg 1536w, https:\/\/welcome-to-times-square.com\/wp-content\/uploads\/2022\/04\/broadway.jpg 1600w\" sizes=\"(max-width: 1024px) 100vw, 1024px\" \/>\t\t\t\t\t\t\t\t\t\t\t\t\t\t\t<\/div>\n\t\t\t\t<\/div>\n\t\t\t\t\t<\/div>\n\t\t\t\t<\/div>\n\t\t\t\t<\/div>\n\t\t","protected":false},"excerpt":{"rendered":"Broadway Uma das maiores atra\u00e7\u00f5es da cidade de Nova York \u00e9 a Broadway, onde voc\u00ea encontrar\u00e1 as melhores e mais deslumbrantes ofertas teatrais do mundo. Aqui voc\u00ea encontrar\u00e1 todas as informa\u00e7\u00f5es necess\u00e1rias para conhecer, visitar este circuito teatral e aproveitar os shows que mais gosta. Nova York \u00e9 o s\u00edmbolo do espet\u00e1culo. Voc\u00ea tem que [...]<a href=\"https:\/\/welcome-to-times-square.com\/pt-br\/broadway\/\" class=\"read-more wyz-secondary-color-text\">read more<span class=\"screen-reader-text\">Broadway<\/span><\/a>","protected":false},"author":53,"featured_media":0,"parent":0,"menu_order":0,"comment_status":"closed","ping_status":"closed","template":"elementor_header_footer","meta":{"footnotes":""},"class_list":["post-8830","page","type-page","status-publish","hentry"],"yoast_head":"<!-- This site is optimized with the Yoast SEO plugin v27.2 - https:\/\/yoast.com\/product\/yoast-seo-wordpress\/ -->\n<title>Broadway - times-square<\/title>\n<meta name=\"robots\" content=\"index, follow, max-snippet:-1, max-image-preview:large, max-video-preview:-1\" \/>\n<link rel=\"canonical\" href=\"https:\/\/welcome-to-times-square.com\/pt-br\/broadway\/\" \/>\n<meta property=\"og:locale\" content=\"pt_BR\" \/>\n<meta property=\"og:type\" content=\"article\" \/>\n<meta property=\"og:title\" content=\"Broadway - times-square\" \/>\n<meta property=\"og:description\" content=\"Broadway Uma das maiores atra\u00e7\u00f5es da cidade de Nova York \u00e9 a Broadway, onde voc\u00ea encontrar\u00e1 as melhores e mais deslumbrantes ofertas teatrais do mundo. Aqui voc\u00ea encontrar\u00e1 todas as informa\u00e7\u00f5es necess\u00e1rias para conhecer, visitar este circuito teatral e aproveitar os shows que mais gosta. Nova York \u00e9 o s\u00edmbolo do espet\u00e1culo. Voc\u00ea tem que [...]read moreBroadway\" \/>\n<meta property=\"og:url\" content=\"https:\/\/welcome-to-times-square.com\/pt-br\/broadway\/\" \/>\n<meta property=\"og:site_name\" content=\"times-square\" \/>\n<meta property=\"article:modified_time\" content=\"2025-01-16T10:57:01+00:00\" \/>\n<meta property=\"og:image\" content=\"https:\/\/welcome-to-times-square.com\/wp-content\/uploads\/2022\/04\/broadway.jpg\" \/>\n\t<meta property=\"og:image:width\" content=\"1600\" \/>\n\t<meta property=\"og:image:height\" content=\"1071\" \/>\n\t<meta property=\"og:image:type\" content=\"image\/jpeg\" \/>\n<meta name=\"twitter:card\" content=\"summary_large_image\" \/>\n<meta name=\"twitter:label1\" content=\"Est. tempo de leitura\" \/>\n\t<meta name=\"twitter:data1\" content=\"4 minutos\" \/>\n<script type=\"application\/ld+json\" class=\"yoast-schema-graph\">{\"@context\":\"https:\/\/schema.org\",\"@graph\":[{\"@type\":\"WebPage\",\"@id\":\"https:\/\/welcome-to-times-square.com\/pt-br\/broadway\/\",\"url\":\"https:\/\/welcome-to-times-square.com\/pt-br\/broadway\/\",\"name\":\"Broadway - times-square\",\"isPartOf\":{\"@id\":\"https:\/\/welcome-to-times-square.com\/pt-br\/#website\"},\"primaryImageOfPage\":{\"@id\":\"https:\/\/welcome-to-times-square.com\/pt-br\/broadway\/#primaryimage\"},\"image\":{\"@id\":\"https:\/\/welcome-to-times-square.com\/pt-br\/broadway\/#primaryimage\"},\"thumbnailUrl\":\"https:\/\/welcome-to-times-square.com\/wp-content\/uploads\/2022\/04\/broadway-1024x685.jpg\",\"datePublished\":\"2022-04-21T20:42:43+00:00\",\"dateModified\":\"2025-01-16T10:57:01+00:00\",\"breadcrumb\":{\"@id\":\"https:\/\/welcome-to-times-square.com\/pt-br\/broadway\/#breadcrumb\"},\"inLanguage\":\"pt-BR\",\"potentialAction\":[{\"@type\":\"ReadAction\",\"target\":[\"https:\/\/welcome-to-times-square.com\/pt-br\/broadway\/\"]}]},{\"@type\":\"ImageObject\",\"inLanguage\":\"pt-BR\",\"@id\":\"https:\/\/welcome-to-times-square.com\/pt-br\/broadway\/#primaryimage\",\"url\":\"https:\/\/welcome-to-times-square.com\/wp-content\/uploads\/2022\/04\/broadway-1024x685.jpg\",\"contentUrl\":\"https:\/\/welcome-to-times-square.com\/wp-content\/uploads\/2022\/04\/broadway-1024x685.jpg\"},{\"@type\":\"BreadcrumbList\",\"@id\":\"https:\/\/welcome-to-times-square.com\/pt-br\/broadway\/#breadcrumb\",\"itemListElement\":[{\"@type\":\"ListItem\",\"position\":1,\"name\":\"Home\",\"item\":\"https:\/\/welcome-to-times-square.com\/pt-br\/\"},{\"@type\":\"ListItem\",\"position\":2,\"name\":\"Broadway\"}]},{\"@type\":\"WebSite\",\"@id\":\"https:\/\/welcome-to-times-square.com\/pt-br\/#website\",\"url\":\"https:\/\/welcome-to-times-square.com\/pt-br\/\",\"name\":\"times-square\",\"description\":\"times-square\",\"publisher\":{\"@id\":\"https:\/\/welcome-to-times-square.com\/pt-br\/#organization\"},\"potentialAction\":[{\"@type\":\"SearchAction\",\"target\":{\"@type\":\"EntryPoint\",\"urlTemplate\":\"https:\/\/welcome-to-times-square.com\/pt-br\/?s={search_term_string}\"},\"query-input\":{\"@type\":\"PropertyValueSpecification\",\"valueRequired\":true,\"valueName\":\"search_term_string\"}}],\"inLanguage\":\"pt-BR\"},{\"@type\":\"Organization\",\"@id\":\"https:\/\/welcome-to-times-square.com\/pt-br\/#organization\",\"name\":\"times-square\",\"url\":\"https:\/\/welcome-to-times-square.com\/pt-br\/\",\"logo\":{\"@type\":\"ImageObject\",\"inLanguage\":\"pt-BR\",\"@id\":\"https:\/\/welcome-to-times-square.com\/pt-br\/#\/schema\/logo\/image\/\",\"url\":\"https:\/\/welcome-to-times-square.com\/wp-content\/uploads\/2024\/03\/welcome-to-time-square-logo-with-r.png\",\"contentUrl\":\"https:\/\/welcome-to-times-square.com\/wp-content\/uploads\/2024\/03\/welcome-to-time-square-logo-with-r.png\",\"width\":500,\"height\":342,\"caption\":\"times-square\"},\"image\":{\"@id\":\"https:\/\/welcome-to-times-square.com\/pt-br\/#\/schema\/logo\/image\/\"}}]}<\/script>\n<!-- \/ Yoast SEO plugin. -->","yoast_head_json":{"title":"Broadway - times-square","robots":{"index":"index","follow":"follow","max-snippet":"max-snippet:-1","max-image-preview":"max-image-preview:large","max-video-preview":"max-video-preview:-1"},"canonical":"https:\/\/welcome-to-times-square.com\/pt-br\/broadway\/","og_locale":"pt_BR","og_type":"article","og_title":"Broadway - times-square","og_description":"Broadway Uma das maiores atra\u00e7\u00f5es da cidade de Nova York \u00e9 a Broadway, onde voc\u00ea encontrar\u00e1 as melhores e mais deslumbrantes ofertas teatrais do mundo. Aqui voc\u00ea encontrar\u00e1 todas as informa\u00e7\u00f5es necess\u00e1rias para conhecer, visitar este circuito teatral e aproveitar os shows que mais gosta. Nova York \u00e9 o s\u00edmbolo do espet\u00e1culo. Voc\u00ea tem que [...]read moreBroadway","og_url":"https:\/\/welcome-to-times-square.com\/pt-br\/broadway\/","og_site_name":"times-square","article_modified_time":"2025-01-16T10:57:01+00:00","og_image":[{"width":1600,"height":1071,"url":"https:\/\/welcome-to-times-square.com\/wp-content\/uploads\/2022\/04\/broadway.jpg","type":"image\/jpeg"}],"twitter_card":"summary_large_image","twitter_misc":{"Est. tempo de leitura":"4 minutos"},"schema":{"@context":"https:\/\/schema.org","@graph":[{"@type":"WebPage","@id":"https:\/\/welcome-to-times-square.com\/pt-br\/broadway\/","url":"https:\/\/welcome-to-times-square.com\/pt-br\/broadway\/","name":"Broadway - times-square","isPartOf":{"@id":"https:\/\/welcome-to-times-square.com\/pt-br\/#website"},"primaryImageOfPage":{"@id":"https:\/\/welcome-to-times-square.com\/pt-br\/broadway\/#primaryimage"},"image":{"@id":"https:\/\/welcome-to-times-square.com\/pt-br\/broadway\/#primaryimage"},"thumbnailUrl":"https:\/\/welcome-to-times-square.com\/wp-content\/uploads\/2022\/04\/broadway-1024x685.jpg","datePublished":"2022-04-21T20:42:43+00:00","dateModified":"2025-01-16T10:57:01+00:00","breadcrumb":{"@id":"https:\/\/welcome-to-times-square.com\/pt-br\/broadway\/#breadcrumb"},"inLanguage":"pt-BR","potentialAction":[{"@type":"ReadAction","target":["https:\/\/welcome-to-times-square.com\/pt-br\/broadway\/"]}]},{"@type":"ImageObject","inLanguage":"pt-BR","@id":"https:\/\/welcome-to-times-square.com\/pt-br\/broadway\/#primaryimage","url":"https:\/\/welcome-to-times-square.com\/wp-content\/uploads\/2022\/04\/broadway-1024x685.jpg","contentUrl":"https:\/\/welcome-to-times-square.com\/wp-content\/uploads\/2022\/04\/broadway-1024x685.jpg"},{"@type":"BreadcrumbList","@id":"https:\/\/welcome-to-times-square.com\/pt-br\/broadway\/#breadcrumb","itemListElement":[{"@type":"ListItem","position":1,"name":"Home","item":"https:\/\/welcome-to-times-square.com\/pt-br\/"},{"@type":"ListItem","position":2,"name":"Broadway"}]},{"@type":"WebSite","@id":"https:\/\/welcome-to-times-square.com\/pt-br\/#website","url":"https:\/\/welcome-to-times-square.com\/pt-br\/","name":"times-square","description":"times-square","publisher":{"@id":"https:\/\/welcome-to-times-square.com\/pt-br\/#organization"},"potentialAction":[{"@type":"SearchAction","target":{"@type":"EntryPoint","urlTemplate":"https:\/\/welcome-to-times-square.com\/pt-br\/?s={search_term_string}"},"query-input":{"@type":"PropertyValueSpecification","valueRequired":true,"valueName":"search_term_string"}}],"inLanguage":"pt-BR"},{"@type":"Organization","@id":"https:\/\/welcome-to-times-square.com\/pt-br\/#organization","name":"times-square","url":"https:\/\/welcome-to-times-square.com\/pt-br\/","logo":{"@type":"ImageObject","inLanguage":"pt-BR","@id":"https:\/\/welcome-to-times-square.com\/pt-br\/#\/schema\/logo\/image\/","url":"https:\/\/welcome-to-times-square.com\/wp-content\/uploads\/2024\/03\/welcome-to-time-square-logo-with-r.png","contentUrl":"https:\/\/welcome-to-times-square.com\/wp-content\/uploads\/2024\/03\/welcome-to-time-square-logo-with-r.png","width":500,"height":342,"caption":"times-square"},"image":{"@id":"https:\/\/welcome-to-times-square.com\/pt-br\/#\/schema\/logo\/image\/"}}]}},"_hostinger_reach_plugin_has_subscription_block":false,"_hostinger_reach_plugin_is_elementor":false,"_links":{"self":[{"href":"https:\/\/welcome-to-times-square.com\/pt-br\/wp-json\/wp\/v2\/pages\/8830","targetHints":{"allow":["GET"]}}],"collection":[{"href":"https:\/\/welcome-to-times-square.com\/pt-br\/wp-json\/wp\/v2\/pages"}],"about":[{"href":"https:\/\/welcome-to-times-square.com\/pt-br\/wp-json\/wp\/v2\/types\/page"}],"author":[{"embeddable":true,"href":"https:\/\/welcome-to-times-square.com\/pt-br\/wp-json\/wp\/v2\/users\/53"}],"replies":[{"embeddable":true,"href":"https:\/\/welcome-to-times-square.com\/pt-br\/wp-json\/wp\/v2\/comments?post=8830"}],"version-history":[{"count":2,"href":"https:\/\/welcome-to-times-square.com\/pt-br\/wp-json\/wp\/v2\/pages\/8830\/revisions"}],"predecessor-version":[{"id":8841,"href":"https:\/\/welcome-to-times-square.com\/pt-br\/wp-json\/wp\/v2\/pages\/8830\/revisions\/8841"}],"wp:attachment":[{"href":"https:\/\/welcome-to-times-square.com\/pt-br\/wp-json\/wp\/v2\/media?parent=8830"}],"curies":[{"name":"wp","href":"https:\/\/api.w.org\/{rel}","templated":true}]}}