{"id":8872,"date":"2022-04-21T20:50:20","date_gmt":"2022-04-21T20:50:20","guid":{"rendered":"https:\/\/welcome-to-times-square.com\/entertaiment\/"},"modified":"2025-01-16T11:23:08","modified_gmt":"2025-01-16T11:23:08","slug":"entertaiment","status":"publish","type":"page","link":"https:\/\/welcome-to-times-square.com\/pt-br\/entertaiment\/","title":{"rendered":"Entertainment"},"content":{"rendered":"\t\t<div data-elementor-type=\"wp-page\" data-elementor-id=\"8872\" class=\"elementor elementor-8872 elementor-2724\" data-elementor-post-type=\"page\">\n\t\t\t\t<div class=\"elementor-element elementor-element-dea4015 e-flex e-con-boxed e-con e-parent\" data-id=\"dea4015\" data-element_type=\"container\" data-e-type=\"container\" data-settings=\"{&quot;background_background&quot;:&quot;classic&quot;}\">\n\t\t\t\t\t<div class=\"e-con-inner\">\n\t\t\t\t<div class=\"elementor-element elementor-element-2ba7a58 elementor-widget elementor-widget-heading\" data-id=\"2ba7a58\" data-element_type=\"widget\" data-e-type=\"widget\" data-widget_type=\"heading.default\">\n\t\t\t\t<div class=\"elementor-widget-container\">\n\t\t\t\t\t<h2 class=\"elementor-heading-title elementor-size-default\">Entertaiment<\/h2>\t\t\t\t<\/div>\n\t\t\t\t<\/div>\n\t\t\t\t<div class=\"elementor-element elementor-element-476d8d6 elementor-widget-divider--view-line elementor-widget elementor-widget-divider\" data-id=\"476d8d6\" data-element_type=\"widget\" data-e-type=\"widget\" data-widget_type=\"divider.default\">\n\t\t\t\t<div class=\"elementor-widget-container\">\n\t\t\t\t\t\t\t<div class=\"elementor-divider\">\n\t\t\t<span class=\"elementor-divider-separator\">\n\t\t\t\t\t\t<\/span>\n\t\t<\/div>\n\t\t\t\t\t\t<\/div>\n\t\t\t\t<\/div>\n\t\t\t\t<div class=\"elementor-element elementor-element-47af605 elementor-widget elementor-widget-text-editor\" data-id=\"47af605\" data-element_type=\"widget\" data-e-type=\"widget\" data-widget_type=\"text-editor.default\">\n\t\t\t\t<div class=\"elementor-widget-container\">\n\t\t\t\t\t\t\t\t\t<div class=\"vc_row wpb_row vc_row-fluid vc_custom_1650656361411 vc_row-has-fill\">\n<div class=\"wpb_column vc_column_container vc_col-sm-12\">\n<div class=\"vc_column-inner\">\n<div class=\"wpb_wrapper\">\n<div class=\"wpb_text_column wpb_content_element \">\n<div class=\"wpb_wrapper\">\n<p>Pamela Anderson, 54, come\u00e7ou sua carreira de oito semanas na Broadway interpretando a astuta Roxie Hart no ic\u00f4nico musical de Bob Fosse e Fred Ebb, onde foi recebida com elogios eternos. O p\u00fablico recebeu Anderson com o tipo de euforia que poucos shows receberam durante esta temporada dif\u00edcil, muito menos uma produ\u00e7\u00e3o de 25 anos como Chicago. <\/p>\n<p>Chicago conta a hist\u00f3ria de Roxie, uma ad\u00faltera dos anos 1920 que assassina seu amante e se torna uma das favoritas dos tabloides enquanto argumenta em sua pr\u00f3pria defesa, um papel perfeito para o \u00edcone do entretenimento.<\/p>\n<p>O sucesso de Chicago \u00e9 tanto que ganhou 6 pr\u00eamios Tony e a grava\u00e7\u00e3o dos temas do musical tamb\u00e9m ganhou um Grammy.<\/p>\n<p>O Rei Le\u00e3o \u00e9 uma aclamada adapta\u00e7\u00e3o para o palco do cl\u00e1ssico filme e livro da Disney de 1994, de Roger Allers e Irene Mecchi, dando vida \u00e0 hist\u00f3ria de Simba, o pr\u00edncipe dos le\u00f5es africanos, que luta contra seu tio maligno Scar. pelo trono, depois que ele mata seu pai. Mas antes que Simba possa tomar seu lugar de direito no &#8220;Ciclo da Vida&#8221;, ele cresce com seus dois amigos divertidos, Tim\u00e3o e Pumba. Juntos, eles ensinam a Simba sua filosofia de vida, &#8220;Hakuna Matata&#8221; (Sem Preocupa\u00e7\u00f5es). O musical apresenta m\u00fasica de Elton John e Tim Rice e a can\u00e7\u00e3o vencedora do Oscar &#8220;Can You Feel the Love Tonight&#8221;.    <\/p>\n<p>M\u00fasicas adicionais s\u00e3o de Hans Zimmer, Lebo M, Mark Mancina e Jay Rifkin. Este banquete visual \u00e9 famoso pela complexa fus\u00e3o animal-boneco-humano da diretora Julie Taymor, e \u00e9 amado por p\u00fablicos de todas as idades. <\/p>\n<p>Harry Potter e a Crian\u00e7a Amaldi\u00e7oada, seu enredo n\u00e3o replica nenhum dos filmes, mas \u00e9 um enredo que s\u00f3 pode ser visto no musical. O roteiro foi escrito pela pr\u00f3pria J. K. Rowling e se passa 17 anos ap\u00f3s Harry derrotar Voldemort. Agora Potter \u00e9 um funcion\u00e1rio do Minist\u00e9rio da Magia, casado e pai de tr\u00eas filhos. Este ponto de partida \u00e9 o in\u00edcio de uma pe\u00e7a que j\u00e1 ganhou v\u00e1rios pr\u00eamios Tony, incluindo melhor musical, e tem o recorde de vendas de ingressos em uma semana em toda a hist\u00f3ria da Broadway. O cen\u00e1rio do musical, os efeitos especiais e sua trilha sonora s\u00e3o magn\u00edficos e um grande entretenimento. Mas, acima de tudo, porque completa a hist\u00f3ria de Harry Potter de uma forma que nenhum outro filme, spin-off ou romance fez.     <\/p>\n<p>Moulin Rouge \u00e9 uma experi\u00eancia sensacional cheia de cores, luzes e emo\u00e7\u00f5es que vai te mergulhar na Paris bo\u00eamia de 1900. Conta a rom\u00e2ntica hist\u00f3ria de amor entre o jovem escritor Christian e Satine, a estrela do cabar\u00e9. O musical preserva toda a ess\u00eancia do filme porque a cenografia do musical tem at\u00e9 o simb\u00f3lico moinho vermelho, o elefante gigante e todo o sabor do cabar\u00e9, mas tamb\u00e9m se moderniza ao adicionar m\u00fasicas recentes ao seu repert\u00f3rio, o que faz voc\u00ea se identificar mais com a hist\u00f3ria. e \u00e9 puro entretenimento.   <\/p>\n<p>Hamilton conta a hist\u00f3ria de Alexander Hamilton, um \u00f3rf\u00e3o caribenho que, ap\u00f3s uma s\u00e9rie de acontecimentos, acaba chegando aos Estados Unidos e se torna uma figura importante tanto na Guerra da Independ\u00eancia Americana quanto no primeiro governo do pa\u00eds. A hist\u00f3ria \u00e9 contada de forma pouco convencional por meio de uma encena\u00e7\u00e3o interativa onde abundam efeitos sonoros e de luz espetaculares, proporcionando um \u00f3timo entretenimento. Al\u00e9m disso, \u00e9 uma obra em que h\u00e1 pouco di\u00e1logo e tudo \u00e9 por meio de m\u00fasicas. Cada uma delas \u00e9 \u00fanica neste musical.   <\/p>\n<p>Aladdin \u00e9 a adapta\u00e7\u00e3o para o palco do popular e cl\u00e1ssico filme de anima\u00e7\u00e3o da Disney dos anos 90.<\/p>\n<p>A hist\u00f3ria come\u00e7a quando Aladdin, um jovem ladr\u00e3o de Agrabah, encontra uma l\u00e2mpada m\u00e1gica com a qual ele pode fazer apenas tr\u00eas desejos para consertar sua vida e assim escapar da pobreza. Com um deles ele quer se tornar um pr\u00edncipe para conquistar Jazmin, a bela filha do sult\u00e3o por quem ele se apaixonou, mas o malvado vizir real tem outros planos para o G\u00eanio da l\u00e2mpada que colocar\u00e3o em perigo todos os habitantes da cidade. A cena do n\u00famero \u201cUm Mundo Ideal\u201d, onde os protagonistas voam sobre a cidade a bordo de um tapete m\u00e1gico, \u00e9 simplesmente magn\u00edfica, um \u00f3timo entretenimento para toda a fam\u00edlia.   <\/p>\n<p>O Fantasma da \u00d3pera \u00e9 um dos musicais de maior sucesso da Broadway que recebeu 7 pr\u00eamios Tony (incluindo Melhor Musical do Ano) gra\u00e7as \u00e0 maravilhosa adapta\u00e7\u00e3o do popular romance de Gaston Leroux.<\/p>\n<p>Ela se passa no s\u00e9culo XIX na \u00d3pera de Paris, e conta a hist\u00f3ria de um homem deformado que se esconde no por\u00e3o da casa de \u00f3pera e que deixa os trabalhadores do teatro assustados com seus crimes. Mas o fantasma se apaixona por uma jovem bailarina chamada Christine, a adota como sua musa e a ensina a cantar para se tornar a protagonista da \u00f3pera. No entanto, quando ele descobre que seu amor \u00e9 imposs\u00edvel, ele jura vingan\u00e7a.  <\/p>\n<p>N\u00e3o \u00e9 de se admirar que seja o espet\u00e1culo mais antigo da Broadway e que 80 milh\u00f5es de pessoas ao redor do mundo j\u00e1 o tenham visto.<\/p>\n<\/div>\n<\/div>\n<\/div>\n<\/div>\n<\/div>\n<\/div>\n\t\t\t\t\t\t\t\t<\/div>\n\t\t\t\t<\/div>\n\t\t\t\t<div class=\"elementor-element elementor-element-09147c1 elementor-widget-divider--view-line elementor-widget elementor-widget-divider\" data-id=\"09147c1\" data-element_type=\"widget\" data-e-type=\"widget\" data-widget_type=\"divider.default\">\n\t\t\t\t<div class=\"elementor-widget-container\">\n\t\t\t\t\t\t\t<div class=\"elementor-divider\">\n\t\t\t<span class=\"elementor-divider-separator\">\n\t\t\t\t\t\t<\/span>\n\t\t<\/div>\n\t\t\t\t\t\t<\/div>\n\t\t\t\t<\/div>\n\t\t\t\t<div class=\"elementor-element elementor-element-9eff9da elementor-widget elementor-widget-text-editor\" data-id=\"9eff9da\" data-element_type=\"widget\" data-e-type=\"widget\" data-widget_type=\"text-editor.default\">\n\t\t\t\t<div class=\"elementor-widget-container\">\n\t\t\t\t\t\t\t\t\t<p><strong>Para aparecer em nosso outdoor na Times Square, acesse a se\u00e7\u00e3o CONTATO.<\/strong><\/p>\n<p>Veja como isso funciona:<\/p>\n<p>Seja um anivers\u00e1rio, um pedido de casamento, um anivers\u00e1rio ou uma simples declara\u00e7\u00e3o de amor, n\u00f3s temos tudo o que voc\u00ea precisa. N\u00e3o seja um rosto na multid\u00e3o! <br \/>Coloque sua foto ou v\u00eddeo em nosso outdoor na Times Square!<\/p>\n<p>Op\u00e7\u00e3o 1: Seu v\u00eddeo\/foto de 60 segundos ser\u00e1 exibido 22 vezes por dia.<br \/>Op\u00e7\u00e3o 2: Seu v\u00eddeo\/foto de 30 segundos ser\u00e1 exibido 44 vezes por dia<br \/>Op\u00e7\u00e3o 3: Seu v\u00eddeo\/foto de 15 segundos ser\u00e1 exibido 88 vezes por dia.<\/p>\n<p>Nosso outdoor tem 31 p\u00e9s x 55 p\u00e9s e est\u00e1 localizado na 1560 Broadway (Broadway e 46th Street, logo acima da loja Pel\u00e9).<\/p>\n<p>N\u00e3o seja um rosto na multid\u00e3o!<\/p>\n\t\t\t\t\t\t\t\t<\/div>\n\t\t\t\t<\/div>\n\t\t\t\t<div class=\"elementor-element elementor-element-a11b766 elementor-widget elementor-widget-image\" data-id=\"a11b766\" data-element_type=\"widget\" data-e-type=\"widget\" data-widget_type=\"image.default\">\n\t\t\t\t<div class=\"elementor-widget-container\">\n\t\t\t\t\t\t\t\t\t\t\t\t\t\t\t<img fetchpriority=\"high\" decoding=\"async\" width=\"1024\" height=\"768\" src=\"https:\/\/welcome-to-times-square.com\/wp-content\/uploads\/2022\/04\/entertaiment-1024x768.jpg\" class=\"attachment-large size-large wp-image-6155\" alt=\"\" srcset=\"https:\/\/welcome-to-times-square.com\/wp-content\/uploads\/2022\/04\/entertaiment-1024x768.jpg 1024w, https:\/\/welcome-to-times-square.com\/wp-content\/uploads\/2022\/04\/entertaiment-600x450.jpg 600w, https:\/\/welcome-to-times-square.com\/wp-content\/uploads\/2022\/04\/entertaiment-300x225.jpg 300w, https:\/\/welcome-to-times-square.com\/wp-content\/uploads\/2022\/04\/entertaiment-768x576.jpg 768w, https:\/\/welcome-to-times-square.com\/wp-content\/uploads\/2022\/04\/entertaiment.jpg 1500w\" sizes=\"(max-width: 1024px) 100vw, 1024px\" \/>\t\t\t\t\t\t\t\t\t\t\t\t\t\t\t<\/div>\n\t\t\t\t<\/div>\n\t\t\t\t\t<\/div>\n\t\t\t\t<\/div>\n\t\t\t\t<\/div>\n\t\t","protected":false},"excerpt":{"rendered":"Entertaiment Pamela Anderson, 54, come\u00e7ou sua carreira de oito semanas na Broadway interpretando a astuta Roxie Hart no ic\u00f4nico musical de Bob Fosse e Fred Ebb, onde foi recebida com elogios eternos. O p\u00fablico recebeu Anderson com o tipo de euforia que poucos shows receberam durante esta temporada dif\u00edcil, muito menos uma produ\u00e7\u00e3o de 25 [...]<a href=\"https:\/\/welcome-to-times-square.com\/pt-br\/entertaiment\/\" class=\"read-more wyz-secondary-color-text\">read more<span class=\"screen-reader-text\">Entertainment<\/span><\/a>","protected":false},"author":53,"featured_media":0,"parent":0,"menu_order":0,"comment_status":"closed","ping_status":"closed","template":"elementor_header_footer","meta":{"footnotes":""},"class_list":["post-8872","page","type-page","status-publish","hentry"],"yoast_head":"<!-- This site is optimized with the Yoast SEO plugin v27.2 - https:\/\/yoast.com\/product\/yoast-seo-wordpress\/ -->\n<title>Entertainment - times-square<\/title>\n<meta name=\"robots\" content=\"index, follow, max-snippet:-1, max-image-preview:large, max-video-preview:-1\" \/>\n<link rel=\"canonical\" href=\"https:\/\/welcome-to-times-square.com\/pt-br\/entertaiment\/\" \/>\n<meta property=\"og:locale\" content=\"pt_BR\" \/>\n<meta property=\"og:type\" content=\"article\" \/>\n<meta property=\"og:title\" content=\"Entertainment - times-square\" \/>\n<meta property=\"og:description\" content=\"Entertaiment Pamela Anderson, 54, come\u00e7ou sua carreira de oito semanas na Broadway interpretando a astuta Roxie Hart no ic\u00f4nico musical de Bob Fosse e Fred Ebb, onde foi recebida com elogios eternos. O p\u00fablico recebeu Anderson com o tipo de euforia que poucos shows receberam durante esta temporada dif\u00edcil, muito menos uma produ\u00e7\u00e3o de 25 [...]read moreEntertainment\" \/>\n<meta property=\"og:url\" content=\"https:\/\/welcome-to-times-square.com\/pt-br\/entertaiment\/\" \/>\n<meta property=\"og:site_name\" content=\"times-square\" \/>\n<meta property=\"article:modified_time\" content=\"2025-01-16T11:23:08+00:00\" \/>\n<meta property=\"og:image\" content=\"https:\/\/welcome-to-times-square.com\/wp-content\/uploads\/2022\/04\/entertaiment.jpg\" \/>\n\t<meta property=\"og:image:width\" content=\"1500\" \/>\n\t<meta property=\"og:image:height\" content=\"1125\" \/>\n\t<meta property=\"og:image:type\" content=\"image\/jpeg\" \/>\n<meta name=\"twitter:card\" content=\"summary_large_image\" \/>\n<meta name=\"twitter:label1\" content=\"Est. tempo de leitura\" \/>\n\t<meta name=\"twitter:data1\" content=\"5 minutos\" \/>\n<script type=\"application\/ld+json\" class=\"yoast-schema-graph\">{\"@context\":\"https:\/\/schema.org\",\"@graph\":[{\"@type\":\"WebPage\",\"@id\":\"https:\/\/welcome-to-times-square.com\/pt-br\/entertaiment\/\",\"url\":\"https:\/\/welcome-to-times-square.com\/pt-br\/entertaiment\/\",\"name\":\"Entertainment - times-square\",\"isPartOf\":{\"@id\":\"https:\/\/welcome-to-times-square.com\/pt-br\/#website\"},\"primaryImageOfPage\":{\"@id\":\"https:\/\/welcome-to-times-square.com\/pt-br\/entertaiment\/#primaryimage\"},\"image\":{\"@id\":\"https:\/\/welcome-to-times-square.com\/pt-br\/entertaiment\/#primaryimage\"},\"thumbnailUrl\":\"https:\/\/welcome-to-times-square.com\/wp-content\/uploads\/2022\/04\/entertaiment-1024x768.jpg\",\"datePublished\":\"2022-04-21T20:50:20+00:00\",\"dateModified\":\"2025-01-16T11:23:08+00:00\",\"breadcrumb\":{\"@id\":\"https:\/\/welcome-to-times-square.com\/pt-br\/entertaiment\/#breadcrumb\"},\"inLanguage\":\"pt-BR\",\"potentialAction\":[{\"@type\":\"ReadAction\",\"target\":[\"https:\/\/welcome-to-times-square.com\/pt-br\/entertaiment\/\"]}]},{\"@type\":\"ImageObject\",\"inLanguage\":\"pt-BR\",\"@id\":\"https:\/\/welcome-to-times-square.com\/pt-br\/entertaiment\/#primaryimage\",\"url\":\"https:\/\/welcome-to-times-square.com\/wp-content\/uploads\/2022\/04\/entertaiment-1024x768.jpg\",\"contentUrl\":\"https:\/\/welcome-to-times-square.com\/wp-content\/uploads\/2022\/04\/entertaiment-1024x768.jpg\"},{\"@type\":\"BreadcrumbList\",\"@id\":\"https:\/\/welcome-to-times-square.com\/pt-br\/entertaiment\/#breadcrumb\",\"itemListElement\":[{\"@type\":\"ListItem\",\"position\":1,\"name\":\"Home\",\"item\":\"https:\/\/welcome-to-times-square.com\/pt-br\/\"},{\"@type\":\"ListItem\",\"position\":2,\"name\":\"Entertainment\"}]},{\"@type\":\"WebSite\",\"@id\":\"https:\/\/welcome-to-times-square.com\/pt-br\/#website\",\"url\":\"https:\/\/welcome-to-times-square.com\/pt-br\/\",\"name\":\"times-square\",\"description\":\"times-square\",\"publisher\":{\"@id\":\"https:\/\/welcome-to-times-square.com\/pt-br\/#organization\"},\"potentialAction\":[{\"@type\":\"SearchAction\",\"target\":{\"@type\":\"EntryPoint\",\"urlTemplate\":\"https:\/\/welcome-to-times-square.com\/pt-br\/?s={search_term_string}\"},\"query-input\":{\"@type\":\"PropertyValueSpecification\",\"valueRequired\":true,\"valueName\":\"search_term_string\"}}],\"inLanguage\":\"pt-BR\"},{\"@type\":\"Organization\",\"@id\":\"https:\/\/welcome-to-times-square.com\/pt-br\/#organization\",\"name\":\"times-square\",\"url\":\"https:\/\/welcome-to-times-square.com\/pt-br\/\",\"logo\":{\"@type\":\"ImageObject\",\"inLanguage\":\"pt-BR\",\"@id\":\"https:\/\/welcome-to-times-square.com\/pt-br\/#\/schema\/logo\/image\/\",\"url\":\"https:\/\/welcome-to-times-square.com\/wp-content\/uploads\/2024\/03\/welcome-to-time-square-logo-with-r.png\",\"contentUrl\":\"https:\/\/welcome-to-times-square.com\/wp-content\/uploads\/2024\/03\/welcome-to-time-square-logo-with-r.png\",\"width\":500,\"height\":342,\"caption\":\"times-square\"},\"image\":{\"@id\":\"https:\/\/welcome-to-times-square.com\/pt-br\/#\/schema\/logo\/image\/\"}}]}<\/script>\n<!-- \/ Yoast SEO plugin. -->","yoast_head_json":{"title":"Entertainment - times-square","robots":{"index":"index","follow":"follow","max-snippet":"max-snippet:-1","max-image-preview":"max-image-preview:large","max-video-preview":"max-video-preview:-1"},"canonical":"https:\/\/welcome-to-times-square.com\/pt-br\/entertaiment\/","og_locale":"pt_BR","og_type":"article","og_title":"Entertainment - times-square","og_description":"Entertaiment Pamela Anderson, 54, come\u00e7ou sua carreira de oito semanas na Broadway interpretando a astuta Roxie Hart no ic\u00f4nico musical de Bob Fosse e Fred Ebb, onde foi recebida com elogios eternos. O p\u00fablico recebeu Anderson com o tipo de euforia que poucos shows receberam durante esta temporada dif\u00edcil, muito menos uma produ\u00e7\u00e3o de 25 [...]read moreEntertainment","og_url":"https:\/\/welcome-to-times-square.com\/pt-br\/entertaiment\/","og_site_name":"times-square","article_modified_time":"2025-01-16T11:23:08+00:00","og_image":[{"width":1500,"height":1125,"url":"https:\/\/welcome-to-times-square.com\/wp-content\/uploads\/2022\/04\/entertaiment.jpg","type":"image\/jpeg"}],"twitter_card":"summary_large_image","twitter_misc":{"Est. tempo de leitura":"5 minutos"},"schema":{"@context":"https:\/\/schema.org","@graph":[{"@type":"WebPage","@id":"https:\/\/welcome-to-times-square.com\/pt-br\/entertaiment\/","url":"https:\/\/welcome-to-times-square.com\/pt-br\/entertaiment\/","name":"Entertainment - times-square","isPartOf":{"@id":"https:\/\/welcome-to-times-square.com\/pt-br\/#website"},"primaryImageOfPage":{"@id":"https:\/\/welcome-to-times-square.com\/pt-br\/entertaiment\/#primaryimage"},"image":{"@id":"https:\/\/welcome-to-times-square.com\/pt-br\/entertaiment\/#primaryimage"},"thumbnailUrl":"https:\/\/welcome-to-times-square.com\/wp-content\/uploads\/2022\/04\/entertaiment-1024x768.jpg","datePublished":"2022-04-21T20:50:20+00:00","dateModified":"2025-01-16T11:23:08+00:00","breadcrumb":{"@id":"https:\/\/welcome-to-times-square.com\/pt-br\/entertaiment\/#breadcrumb"},"inLanguage":"pt-BR","potentialAction":[{"@type":"ReadAction","target":["https:\/\/welcome-to-times-square.com\/pt-br\/entertaiment\/"]}]},{"@type":"ImageObject","inLanguage":"pt-BR","@id":"https:\/\/welcome-to-times-square.com\/pt-br\/entertaiment\/#primaryimage","url":"https:\/\/welcome-to-times-square.com\/wp-content\/uploads\/2022\/04\/entertaiment-1024x768.jpg","contentUrl":"https:\/\/welcome-to-times-square.com\/wp-content\/uploads\/2022\/04\/entertaiment-1024x768.jpg"},{"@type":"BreadcrumbList","@id":"https:\/\/welcome-to-times-square.com\/pt-br\/entertaiment\/#breadcrumb","itemListElement":[{"@type":"ListItem","position":1,"name":"Home","item":"https:\/\/welcome-to-times-square.com\/pt-br\/"},{"@type":"ListItem","position":2,"name":"Entertainment"}]},{"@type":"WebSite","@id":"https:\/\/welcome-to-times-square.com\/pt-br\/#website","url":"https:\/\/welcome-to-times-square.com\/pt-br\/","name":"times-square","description":"times-square","publisher":{"@id":"https:\/\/welcome-to-times-square.com\/pt-br\/#organization"},"potentialAction":[{"@type":"SearchAction","target":{"@type":"EntryPoint","urlTemplate":"https:\/\/welcome-to-times-square.com\/pt-br\/?s={search_term_string}"},"query-input":{"@type":"PropertyValueSpecification","valueRequired":true,"valueName":"search_term_string"}}],"inLanguage":"pt-BR"},{"@type":"Organization","@id":"https:\/\/welcome-to-times-square.com\/pt-br\/#organization","name":"times-square","url":"https:\/\/welcome-to-times-square.com\/pt-br\/","logo":{"@type":"ImageObject","inLanguage":"pt-BR","@id":"https:\/\/welcome-to-times-square.com\/pt-br\/#\/schema\/logo\/image\/","url":"https:\/\/welcome-to-times-square.com\/wp-content\/uploads\/2024\/03\/welcome-to-time-square-logo-with-r.png","contentUrl":"https:\/\/welcome-to-times-square.com\/wp-content\/uploads\/2024\/03\/welcome-to-time-square-logo-with-r.png","width":500,"height":342,"caption":"times-square"},"image":{"@id":"https:\/\/welcome-to-times-square.com\/pt-br\/#\/schema\/logo\/image\/"}}]}},"_hostinger_reach_plugin_has_subscription_block":false,"_hostinger_reach_plugin_is_elementor":false,"_links":{"self":[{"href":"https:\/\/welcome-to-times-square.com\/pt-br\/wp-json\/wp\/v2\/pages\/8872","targetHints":{"allow":["GET"]}}],"collection":[{"href":"https:\/\/welcome-to-times-square.com\/pt-br\/wp-json\/wp\/v2\/pages"}],"about":[{"href":"https:\/\/welcome-to-times-square.com\/pt-br\/wp-json\/wp\/v2\/types\/page"}],"author":[{"embeddable":true,"href":"https:\/\/welcome-to-times-square.com\/pt-br\/wp-json\/wp\/v2\/users\/53"}],"replies":[{"embeddable":true,"href":"https:\/\/welcome-to-times-square.com\/pt-br\/wp-json\/wp\/v2\/comments?post=8872"}],"version-history":[{"count":2,"href":"https:\/\/welcome-to-times-square.com\/pt-br\/wp-json\/wp\/v2\/pages\/8872\/revisions"}],"predecessor-version":[{"id":8881,"href":"https:\/\/welcome-to-times-square.com\/pt-br\/wp-json\/wp\/v2\/pages\/8872\/revisions\/8881"}],"wp:attachment":[{"href":"https:\/\/welcome-to-times-square.com\/pt-br\/wp-json\/wp\/v2\/media?parent=8872"}],"curies":[{"name":"wp","href":"https:\/\/api.w.org\/{rel}","templated":true}]}}