{"id":8887,"date":"2022-04-21T23:31:07","date_gmt":"2022-04-21T23:31:07","guid":{"rendered":"https:\/\/welcome-to-times-square.com\/shopping\/"},"modified":"2025-01-16T12:04:54","modified_gmt":"2025-01-16T12:04:54","slug":"shopping","status":"publish","type":"page","link":"https:\/\/welcome-to-times-square.com\/pt-br\/shopping\/","title":{"rendered":"Shopping"},"content":{"rendered":"\t\t<div data-elementor-type=\"wp-page\" data-elementor-id=\"8887\" class=\"elementor elementor-8887 elementor-2758\" data-elementor-post-type=\"page\">\n\t\t\t\t<div class=\"elementor-element elementor-element-b86bd75 e-flex e-con-boxed e-con e-parent\" data-id=\"b86bd75\" data-element_type=\"container\" data-e-type=\"container\" data-settings=\"{&quot;background_background&quot;:&quot;classic&quot;}\">\n\t\t\t\t\t<div class=\"e-con-inner\">\n\t\t\t\t<div class=\"elementor-element elementor-element-c71d7ee elementor-widget elementor-widget-heading\" data-id=\"c71d7ee\" data-element_type=\"widget\" data-e-type=\"widget\" data-widget_type=\"heading.default\">\n\t\t\t\t<div class=\"elementor-widget-container\">\n\t\t\t\t\t<h2 class=\"elementor-heading-title elementor-size-default\">Shopping<\/h2>\t\t\t\t<\/div>\n\t\t\t\t<\/div>\n\t\t\t\t<div class=\"elementor-element elementor-element-67a6023 elementor-widget-divider--view-line elementor-widget elementor-widget-divider\" data-id=\"67a6023\" data-element_type=\"widget\" data-e-type=\"widget\" data-widget_type=\"divider.default\">\n\t\t\t\t<div class=\"elementor-widget-container\">\n\t\t\t\t\t\t\t<div class=\"elementor-divider\">\n\t\t\t<span class=\"elementor-divider-separator\">\n\t\t\t\t\t\t<\/span>\n\t\t<\/div>\n\t\t\t\t\t\t<\/div>\n\t\t\t\t<\/div>\n\t\t\t\t<div class=\"elementor-element elementor-element-c87480d elementor-widget elementor-widget-text-editor\" data-id=\"c87480d\" data-element_type=\"widget\" data-e-type=\"widget\" data-widget_type=\"text-editor.default\">\n\t\t\t\t<div class=\"elementor-widget-container\">\n\t\t\t\t\t\t\t\t\t<div class=\"vc_row wpb_row vc_row-fluid vc_custom_1650656313890 vc_row-has-fill\">\n<div class=\"wpb_column vc_column_container vc_col-sm-12\">\n<div class=\"vc_column-inner\">\n<div class=\"wpb_wrapper\">\n<div class=\"wpb_text_column wpb_content_element \">\n<div class=\"wpb_wrapper\">\n<p>Em Nova York, voc\u00ea pode fazer compras em quase todos os quarteir\u00f5es, a qualquer hora, ilimitadamente e terminar o dia exausto, feliz e carregado de sacolas. As grandes e reconhecidas marcas t\u00eam seu lugar aqui e voc\u00ea pode encontrar desde uma Best Buy de eletr\u00f4nicos na Quinta Avenida, em frente \u00e0 Biblioteca P\u00fablica (a Biblioteca), at\u00e9 as lojas gigantes da H&amp;M, Century 21 e Forever 21, para quem quer renovar o guarda-roupa. Lojas de brinquedos ic\u00f4nicas como a FAO Schwartz e a filial da Times Square n\u00e3o existem mais, mas ainda \u00e9 poss\u00edvel encontrar brinquedos infantis na Disney Store.  <\/p>\n<p>No entanto, quem pensa em compras maiores, sem sair de um lugar para outro, pode sair da cidade por algumas horas e escolher um dos shoppings da periferia, como o The Mills at Jersey Gardens, em Nova Jersey, ou o Woodbury Common Premium Outlets, no Central Valley, no estado de Nova York. \u00c9 a melhor op\u00e7\u00e3o para concentrar tudo em um s\u00f3 hor\u00e1rio e lugar. <\/p>\n<p>Os complexos pertencem ao grupo Simon \u2013 que administra os shoppings regionais Simon Malls, The Mills e Premium Outlets \u2013, dono de 5 dos 10 maiores shoppings do mundo.<\/p>\n<p>O Mills at Jersey Gardens tem mais de 200 lojas sob o mesmo teto, \u00e0s quais planeja adicionar mais 80, al\u00e9m de restaurantes e entretenimento, est\u00e1 localizado perto do aeroporto de Newark. \u201cEstar dentro de casa\u201d n\u00e3o \u00e9 algo menor nesta \u00e1rea, pois no ver\u00e3o \u00e9 muito quente e estar fora fazendo compras com ar condicionado \u00e9 um al\u00edvio. E para o inverno, corredores aquecidos, pois o frio \u00e9 muito forte.  <\/p>\n<p>Este shopping tem uma combina\u00e7\u00e3o muito atraente de lojas: outlets de marcas (como Hugo Boss); lojas acess\u00edveis (como Charlotte Ruse); e lojas de marcas populares (fast fashion, tipo H&amp;M). Uma das coisas mais atraentes em Nova Jersey \u00e9 que \u00e9 um estado em que roupas e cal\u00e7ados s\u00e3o isentos de impostos. <\/p>\n<p>Ellie Perla, especialista na \u00e1rea de shoppings e guia por algumas horas na aventura consumista, explica:<\/p>\n<p>\u201cA viagem de compras ao Woodbury Common Premium Outlets \u00e9 um dos passeios mais requisitados e populares de Manhattan. A competi\u00e7\u00e3o para ir ao Woodbury ou ao The Mills por um dia est\u00e1 nas grandes e maiores atra\u00e7\u00f5es tur\u00edsticas de Nova York. Elas n\u00e3o costumam competir com as lojas nas ruas de Nova York.\u201d Nem t\u00eam concorr\u00eancia com as compras online: se algu\u00e9m recorre \u00e0s compras, pode experimentar as roupas e encontrar ofertas que n\u00e3o aparecem em outros sites ou plataformas virtuais. <\/p>\n<p>Para que ir \u00e0s compras seja algo prazeroso e o investimento de tempo tenha um resultado positivo, \u00e9 importante seguir algumas dicas.<\/p>\n<p>Os erros mais comuns que todos cometem s\u00e3o n\u00e3o planejar com anteced\u00eancia, n\u00e3o experimentar as roupas antes, perdendo tempo com devolu\u00e7\u00f5es ou n\u00e3o conseguindo faz\u00ea-las, e aceitar pedidos dif\u00edceis de resolver. Ellie Perla \u00e9 muito direta nesse sentido. O \u201cvou ver o que encontro\u201d n\u00e3o funciona. \u00c9 essencial preparar e levar uma lista com o que voc\u00ea quer comprar, parar para estudar o mapa do shopping para organizar o percurso e n\u00e3o esquecer os cupons de desconto: eles podem ser impressos no site ou, dependendo do caso, na Central de Atendimento ao Cliente. O Cliente pode obter um livreto de desconto.   <\/p>\n<p>\u201cOs latinos passam um dia inteiro fazendo compras e precisam de mais um dia\u201d, diz Ellie, acrescentando: \u201cCalcula-se que voc\u00ea precisa de uma m\u00e9dia de 45 minutos em cada loja\u201d.<\/p>\n<p>-E sem pensar muito, ele d\u00e1 seu conselho para ir \u00e0s compras:<\/p>\n<p>-N\u00e3o compre para os outros porque voc\u00ea fica frustrado e perde mais tempo.<\/p>\n<p>&#8211; N\u00e3o compre o que \u00e9 mais barato, mas o que voc\u00ea realmente gosta.<\/p>\n<p>-Se voc\u00ea compra por necessidade, que seja porque onde voc\u00ea mora \u00e9 muito mais caro.<\/p>\n<p>-Estabele\u00e7a a quantia de dinheiro que voc\u00ea est\u00e1 disposto a gastar\u2026 e tente se ajustar a ela.<\/p>\n<p>&#8211; Vista-se de acordo com o clima local e em duas pe\u00e7as: isso facilitar\u00e1 a prova de roupas. Use tamb\u00e9m sapatos confort\u00e1veis e uma bolsa tiracolo que deixe suas m\u00e3os livres para verificar cabideiros. <\/p>\n<p>&#8211; Comece o tour pela loja de tr\u00e1s para frente, pois os itens com maiores descontos geralmente ficam na parte de baixo.<\/p>\n<p>-Se tiver tempo, escolha \u2013e entre\u2013 em duas ou tr\u00eas lojas de marcas que voc\u00ea n\u00e3o conhece: algumas voc\u00ea pode n\u00e3o gostar, mas outras podem te surpreender.<\/p>\n<p>Basta ir ao diret\u00f3rio de compras para ter uma ideia das lojas: Saks Fifth Avenue Off 5th, Neiman Marcus Last Call, Century 21, Marshalls, Michael Kors, True Religion, Nautica, Kenneth Cole, Guess, Tommy Hilfiger. Os turistas devem sempre levar um passaporte para obter o voucher com os descontos no centro de atendimento ao cliente. Armani anunciando um desconto de 70 por cento em algumas roupas de marca. Ao contr\u00e1rio do The Mills, Woodbury \u00e9 um shopping a c\u00e9u aberto, algo a se considerar no auge do ver\u00e3o e no meio do inverno.   <\/p>\n<\/div>\n<\/div>\n<\/div>\n<\/div>\n<\/div>\n<\/div>\n\t\t\t\t\t\t\t\t<\/div>\n\t\t\t\t<\/div>\n\t\t\t\t<div class=\"elementor-element elementor-element-75f473b elementor-widget-divider--view-line elementor-widget elementor-widget-divider\" data-id=\"75f473b\" data-element_type=\"widget\" data-e-type=\"widget\" data-widget_type=\"divider.default\">\n\t\t\t\t<div class=\"elementor-widget-container\">\n\t\t\t\t\t\t\t<div class=\"elementor-divider\">\n\t\t\t<span class=\"elementor-divider-separator\">\n\t\t\t\t\t\t<\/span>\n\t\t<\/div>\n\t\t\t\t\t\t<\/div>\n\t\t\t\t<\/div>\n\t\t\t\t<div class=\"elementor-element elementor-element-2082073 elementor-widget elementor-widget-text-editor\" data-id=\"2082073\" data-element_type=\"widget\" data-e-type=\"widget\" data-widget_type=\"text-editor.default\">\n\t\t\t\t<div class=\"elementor-widget-container\">\n\t\t\t\t\t\t\t\t\t<p><strong>Para aparecer em nosso outdoor na Times Square, acesse a se\u00e7\u00e3o CONTATO.<\/strong><\/p>\n<p>Veja como isso funciona:<\/p>\n<p>Seja um anivers\u00e1rio, um pedido de casamento, um anivers\u00e1rio ou uma simples declara\u00e7\u00e3o de amor, n\u00f3s temos tudo o que voc\u00ea precisa. N\u00e3o seja um rosto na multid\u00e3o! <br \/>Coloque sua foto ou v\u00eddeo em nosso outdoor na Times Square!<\/p>\n<p>Op\u00e7\u00e3o 1: Seu v\u00eddeo\/foto de 60 segundos ser\u00e1 exibido 22 vezes por dia.<br \/>Op\u00e7\u00e3o 2: Seu v\u00eddeo\/foto de 30 segundos ser\u00e1 exibido 44 vezes por dia<br \/>Op\u00e7\u00e3o 3: Seu v\u00eddeo\/foto de 15 segundos ser\u00e1 exibido 88 vezes por dia.<\/p>\n<p>Nosso outdoor tem 31 p\u00e9s x 55 p\u00e9s e est\u00e1 localizado na 1560 Broadway (Broadway e 46th Street, logo acima da loja Pel\u00e9).<\/p>\n<p>N\u00e3o seja um rosto na multid\u00e3o!<\/p>\n\t\t\t\t\t\t\t\t<\/div>\n\t\t\t\t<\/div>\n\t\t\t\t<div class=\"elementor-element elementor-element-96791d8 elementor-widget elementor-widget-image\" data-id=\"96791d8\" data-element_type=\"widget\" data-e-type=\"widget\" data-widget_type=\"image.default\">\n\t\t\t\t<div class=\"elementor-widget-container\">\n\t\t\t\t\t\t\t\t\t\t\t\t\t\t\t<img fetchpriority=\"high\" decoding=\"async\" width=\"1024\" height=\"645\" src=\"https:\/\/welcome-to-times-square.com\/wp-content\/uploads\/2022\/04\/shopping-1024x645.png\" class=\"attachment-large size-large wp-image-6165\" alt=\"\" srcset=\"https:\/\/welcome-to-times-square.com\/wp-content\/uploads\/2022\/04\/shopping-1024x645.png 1024w, https:\/\/welcome-to-times-square.com\/wp-content\/uploads\/2022\/04\/shopping-600x378.png 600w, https:\/\/welcome-to-times-square.com\/wp-content\/uploads\/2022\/04\/shopping-300x189.png 300w, https:\/\/welcome-to-times-square.com\/wp-content\/uploads\/2022\/04\/shopping-768x484.png 768w, https:\/\/welcome-to-times-square.com\/wp-content\/uploads\/2022\/04\/shopping.png 1302w\" sizes=\"(max-width: 1024px) 100vw, 1024px\" \/>\t\t\t\t\t\t\t\t\t\t\t\t\t\t\t<\/div>\n\t\t\t\t<\/div>\n\t\t\t\t\t<\/div>\n\t\t\t\t<\/div>\n\t\t\t\t<\/div>\n\t\t","protected":false},"excerpt":{"rendered":"Shopping Em Nova York, voc\u00ea pode fazer compras em quase todos os quarteir\u00f5es, a qualquer hora, ilimitadamente e terminar o dia exausto, feliz e carregado de sacolas. As grandes e reconhecidas marcas t\u00eam seu lugar aqui e voc\u00ea pode encontrar desde uma Best Buy de eletr\u00f4nicos na Quinta Avenida, em frente \u00e0 Biblioteca P\u00fablica (a [...]<a href=\"https:\/\/welcome-to-times-square.com\/pt-br\/shopping\/\" class=\"read-more wyz-secondary-color-text\">read more<span class=\"screen-reader-text\">Shopping<\/span><\/a>","protected":false},"author":53,"featured_media":0,"parent":0,"menu_order":0,"comment_status":"closed","ping_status":"closed","template":"elementor_header_footer","meta":{"footnotes":""},"class_list":["post-8887","page","type-page","status-publish","hentry"],"yoast_head":"<!-- This site is optimized with the Yoast SEO plugin v27.2 - https:\/\/yoast.com\/product\/yoast-seo-wordpress\/ -->\n<title>Shopping - times-square<\/title>\n<meta name=\"robots\" content=\"index, follow, max-snippet:-1, max-image-preview:large, max-video-preview:-1\" \/>\n<link rel=\"canonical\" href=\"https:\/\/welcome-to-times-square.com\/pt-br\/shopping\/\" \/>\n<meta property=\"og:locale\" content=\"pt_BR\" \/>\n<meta property=\"og:type\" content=\"article\" \/>\n<meta property=\"og:title\" content=\"Shopping - times-square\" \/>\n<meta property=\"og:description\" content=\"Shopping Em Nova York, voc\u00ea pode fazer compras em quase todos os quarteir\u00f5es, a qualquer hora, ilimitadamente e terminar o dia exausto, feliz e carregado de sacolas. As grandes e reconhecidas marcas t\u00eam seu lugar aqui e voc\u00ea pode encontrar desde uma Best Buy de eletr\u00f4nicos na Quinta Avenida, em frente \u00e0 Biblioteca P\u00fablica (a [...]read moreShopping\" \/>\n<meta property=\"og:url\" content=\"https:\/\/welcome-to-times-square.com\/pt-br\/shopping\/\" \/>\n<meta property=\"og:site_name\" content=\"times-square\" \/>\n<meta property=\"article:modified_time\" content=\"2025-01-16T12:04:54+00:00\" \/>\n<meta property=\"og:image\" content=\"https:\/\/welcome-to-times-square.com\/wp-content\/uploads\/2022\/04\/shopping-1024x645.png\" \/>\n\t<meta property=\"og:image:width\" content=\"1024\" \/>\n\t<meta property=\"og:image:height\" content=\"645\" \/>\n\t<meta property=\"og:image:type\" content=\"image\/png\" \/>\n<meta name=\"twitter:card\" content=\"summary_large_image\" \/>\n<meta name=\"twitter:label1\" content=\"Est. tempo de leitura\" \/>\n\t<meta name=\"twitter:data1\" content=\"5 minutos\" \/>\n<script type=\"application\/ld+json\" class=\"yoast-schema-graph\">{\"@context\":\"https:\/\/schema.org\",\"@graph\":[{\"@type\":\"WebPage\",\"@id\":\"https:\/\/welcome-to-times-square.com\/pt-br\/shopping\/\",\"url\":\"https:\/\/welcome-to-times-square.com\/pt-br\/shopping\/\",\"name\":\"Shopping - times-square\",\"isPartOf\":{\"@id\":\"https:\/\/welcome-to-times-square.com\/pt-br\/#website\"},\"primaryImageOfPage\":{\"@id\":\"https:\/\/welcome-to-times-square.com\/pt-br\/shopping\/#primaryimage\"},\"image\":{\"@id\":\"https:\/\/welcome-to-times-square.com\/pt-br\/shopping\/#primaryimage\"},\"thumbnailUrl\":\"https:\/\/welcome-to-times-square.com\/wp-content\/uploads\/2022\/04\/shopping-1024x645.png\",\"datePublished\":\"2022-04-21T23:31:07+00:00\",\"dateModified\":\"2025-01-16T12:04:54+00:00\",\"breadcrumb\":{\"@id\":\"https:\/\/welcome-to-times-square.com\/pt-br\/shopping\/#breadcrumb\"},\"inLanguage\":\"pt-BR\",\"potentialAction\":[{\"@type\":\"ReadAction\",\"target\":[\"https:\/\/welcome-to-times-square.com\/pt-br\/shopping\/\"]}]},{\"@type\":\"ImageObject\",\"inLanguage\":\"pt-BR\",\"@id\":\"https:\/\/welcome-to-times-square.com\/pt-br\/shopping\/#primaryimage\",\"url\":\"https:\/\/welcome-to-times-square.com\/wp-content\/uploads\/2022\/04\/shopping-1024x645.png\",\"contentUrl\":\"https:\/\/welcome-to-times-square.com\/wp-content\/uploads\/2022\/04\/shopping-1024x645.png\"},{\"@type\":\"BreadcrumbList\",\"@id\":\"https:\/\/welcome-to-times-square.com\/pt-br\/shopping\/#breadcrumb\",\"itemListElement\":[{\"@type\":\"ListItem\",\"position\":1,\"name\":\"Home\",\"item\":\"https:\/\/welcome-to-times-square.com\/pt-br\/\"},{\"@type\":\"ListItem\",\"position\":2,\"name\":\"Shopping\"}]},{\"@type\":\"WebSite\",\"@id\":\"https:\/\/welcome-to-times-square.com\/pt-br\/#website\",\"url\":\"https:\/\/welcome-to-times-square.com\/pt-br\/\",\"name\":\"times-square\",\"description\":\"times-square\",\"publisher\":{\"@id\":\"https:\/\/welcome-to-times-square.com\/pt-br\/#organization\"},\"potentialAction\":[{\"@type\":\"SearchAction\",\"target\":{\"@type\":\"EntryPoint\",\"urlTemplate\":\"https:\/\/welcome-to-times-square.com\/pt-br\/?s={search_term_string}\"},\"query-input\":{\"@type\":\"PropertyValueSpecification\",\"valueRequired\":true,\"valueName\":\"search_term_string\"}}],\"inLanguage\":\"pt-BR\"},{\"@type\":\"Organization\",\"@id\":\"https:\/\/welcome-to-times-square.com\/pt-br\/#organization\",\"name\":\"times-square\",\"url\":\"https:\/\/welcome-to-times-square.com\/pt-br\/\",\"logo\":{\"@type\":\"ImageObject\",\"inLanguage\":\"pt-BR\",\"@id\":\"https:\/\/welcome-to-times-square.com\/pt-br\/#\/schema\/logo\/image\/\",\"url\":\"https:\/\/welcome-to-times-square.com\/wp-content\/uploads\/2024\/03\/welcome-to-time-square-logo-with-r.png\",\"contentUrl\":\"https:\/\/welcome-to-times-square.com\/wp-content\/uploads\/2024\/03\/welcome-to-time-square-logo-with-r.png\",\"width\":500,\"height\":342,\"caption\":\"times-square\"},\"image\":{\"@id\":\"https:\/\/welcome-to-times-square.com\/pt-br\/#\/schema\/logo\/image\/\"}}]}<\/script>\n<!-- \/ Yoast SEO plugin. -->","yoast_head_json":{"title":"Shopping - times-square","robots":{"index":"index","follow":"follow","max-snippet":"max-snippet:-1","max-image-preview":"max-image-preview:large","max-video-preview":"max-video-preview:-1"},"canonical":"https:\/\/welcome-to-times-square.com\/pt-br\/shopping\/","og_locale":"pt_BR","og_type":"article","og_title":"Shopping - times-square","og_description":"Shopping Em Nova York, voc\u00ea pode fazer compras em quase todos os quarteir\u00f5es, a qualquer hora, ilimitadamente e terminar o dia exausto, feliz e carregado de sacolas. As grandes e reconhecidas marcas t\u00eam seu lugar aqui e voc\u00ea pode encontrar desde uma Best Buy de eletr\u00f4nicos na Quinta Avenida, em frente \u00e0 Biblioteca P\u00fablica (a [...]read moreShopping","og_url":"https:\/\/welcome-to-times-square.com\/pt-br\/shopping\/","og_site_name":"times-square","article_modified_time":"2025-01-16T12:04:54+00:00","og_image":[{"width":1024,"height":645,"url":"https:\/\/welcome-to-times-square.com\/wp-content\/uploads\/2022\/04\/shopping-1024x645.png","type":"image\/png"}],"twitter_card":"summary_large_image","twitter_misc":{"Est. tempo de leitura":"5 minutos"},"schema":{"@context":"https:\/\/schema.org","@graph":[{"@type":"WebPage","@id":"https:\/\/welcome-to-times-square.com\/pt-br\/shopping\/","url":"https:\/\/welcome-to-times-square.com\/pt-br\/shopping\/","name":"Shopping - times-square","isPartOf":{"@id":"https:\/\/welcome-to-times-square.com\/pt-br\/#website"},"primaryImageOfPage":{"@id":"https:\/\/welcome-to-times-square.com\/pt-br\/shopping\/#primaryimage"},"image":{"@id":"https:\/\/welcome-to-times-square.com\/pt-br\/shopping\/#primaryimage"},"thumbnailUrl":"https:\/\/welcome-to-times-square.com\/wp-content\/uploads\/2022\/04\/shopping-1024x645.png","datePublished":"2022-04-21T23:31:07+00:00","dateModified":"2025-01-16T12:04:54+00:00","breadcrumb":{"@id":"https:\/\/welcome-to-times-square.com\/pt-br\/shopping\/#breadcrumb"},"inLanguage":"pt-BR","potentialAction":[{"@type":"ReadAction","target":["https:\/\/welcome-to-times-square.com\/pt-br\/shopping\/"]}]},{"@type":"ImageObject","inLanguage":"pt-BR","@id":"https:\/\/welcome-to-times-square.com\/pt-br\/shopping\/#primaryimage","url":"https:\/\/welcome-to-times-square.com\/wp-content\/uploads\/2022\/04\/shopping-1024x645.png","contentUrl":"https:\/\/welcome-to-times-square.com\/wp-content\/uploads\/2022\/04\/shopping-1024x645.png"},{"@type":"BreadcrumbList","@id":"https:\/\/welcome-to-times-square.com\/pt-br\/shopping\/#breadcrumb","itemListElement":[{"@type":"ListItem","position":1,"name":"Home","item":"https:\/\/welcome-to-times-square.com\/pt-br\/"},{"@type":"ListItem","position":2,"name":"Shopping"}]},{"@type":"WebSite","@id":"https:\/\/welcome-to-times-square.com\/pt-br\/#website","url":"https:\/\/welcome-to-times-square.com\/pt-br\/","name":"times-square","description":"times-square","publisher":{"@id":"https:\/\/welcome-to-times-square.com\/pt-br\/#organization"},"potentialAction":[{"@type":"SearchAction","target":{"@type":"EntryPoint","urlTemplate":"https:\/\/welcome-to-times-square.com\/pt-br\/?s={search_term_string}"},"query-input":{"@type":"PropertyValueSpecification","valueRequired":true,"valueName":"search_term_string"}}],"inLanguage":"pt-BR"},{"@type":"Organization","@id":"https:\/\/welcome-to-times-square.com\/pt-br\/#organization","name":"times-square","url":"https:\/\/welcome-to-times-square.com\/pt-br\/","logo":{"@type":"ImageObject","inLanguage":"pt-BR","@id":"https:\/\/welcome-to-times-square.com\/pt-br\/#\/schema\/logo\/image\/","url":"https:\/\/welcome-to-times-square.com\/wp-content\/uploads\/2024\/03\/welcome-to-time-square-logo-with-r.png","contentUrl":"https:\/\/welcome-to-times-square.com\/wp-content\/uploads\/2024\/03\/welcome-to-time-square-logo-with-r.png","width":500,"height":342,"caption":"times-square"},"image":{"@id":"https:\/\/welcome-to-times-square.com\/pt-br\/#\/schema\/logo\/image\/"}}]}},"_hostinger_reach_plugin_has_subscription_block":false,"_hostinger_reach_plugin_is_elementor":false,"_links":{"self":[{"href":"https:\/\/welcome-to-times-square.com\/pt-br\/wp-json\/wp\/v2\/pages\/8887","targetHints":{"allow":["GET"]}}],"collection":[{"href":"https:\/\/welcome-to-times-square.com\/pt-br\/wp-json\/wp\/v2\/pages"}],"about":[{"href":"https:\/\/welcome-to-times-square.com\/pt-br\/wp-json\/wp\/v2\/types\/page"}],"author":[{"embeddable":true,"href":"https:\/\/welcome-to-times-square.com\/pt-br\/wp-json\/wp\/v2\/users\/53"}],"replies":[{"embeddable":true,"href":"https:\/\/welcome-to-times-square.com\/pt-br\/wp-json\/wp\/v2\/comments?post=8887"}],"version-history":[{"count":2,"href":"https:\/\/welcome-to-times-square.com\/pt-br\/wp-json\/wp\/v2\/pages\/8887\/revisions"}],"predecessor-version":[{"id":8898,"href":"https:\/\/welcome-to-times-square.com\/pt-br\/wp-json\/wp\/v2\/pages\/8887\/revisions\/8898"}],"wp:attachment":[{"href":"https:\/\/welcome-to-times-square.com\/pt-br\/wp-json\/wp\/v2\/media?parent=8887"}],"curies":[{"name":"wp","href":"https:\/\/api.w.org\/{rel}","templated":true}]}}