{"id":8904,"date":"2022-04-21T23:21:16","date_gmt":"2022-04-21T23:21:16","guid":{"rendered":"https:\/\/welcome-to-times-square.com\/hotels\/"},"modified":"2025-01-16T12:32:19","modified_gmt":"2025-01-16T12:32:19","slug":"hotels","status":"publish","type":"page","link":"https:\/\/welcome-to-times-square.com\/pt-br\/hotels\/","title":{"rendered":"Hot\u00e9is"},"content":{"rendered":"\t\t<div data-elementor-type=\"wp-page\" data-elementor-id=\"8904\" class=\"elementor elementor-8904 elementor-2753\" data-elementor-post-type=\"page\">\n\t\t\t\t<div class=\"elementor-element elementor-element-530437b e-flex e-con-boxed e-con e-parent\" data-id=\"530437b\" data-element_type=\"container\" data-e-type=\"container\" data-settings=\"{&quot;background_background&quot;:&quot;classic&quot;}\">\n\t\t\t\t\t<div class=\"e-con-inner\">\n\t\t\t\t<div class=\"elementor-element elementor-element-2e7d966 elementor-widget elementor-widget-heading\" data-id=\"2e7d966\" data-element_type=\"widget\" data-e-type=\"widget\" data-widget_type=\"heading.default\">\n\t\t\t\t<div class=\"elementor-widget-container\">\n\t\t\t\t\t<h2 class=\"elementor-heading-title elementor-size-default\">Hot\u00e9is<\/h2>\t\t\t\t<\/div>\n\t\t\t\t<\/div>\n\t\t\t\t<div class=\"elementor-element elementor-element-4f1f246 elementor-widget-divider--view-line elementor-widget elementor-widget-divider\" data-id=\"4f1f246\" data-element_type=\"widget\" data-e-type=\"widget\" data-widget_type=\"divider.default\">\n\t\t\t\t<div class=\"elementor-widget-container\">\n\t\t\t\t\t\t\t<div class=\"elementor-divider\">\n\t\t\t<span class=\"elementor-divider-separator\">\n\t\t\t\t\t\t<\/span>\n\t\t<\/div>\n\t\t\t\t\t\t<\/div>\n\t\t\t\t<\/div>\n\t\t\t\t<div class=\"elementor-element elementor-element-78e1063 elementor-widget elementor-widget-text-editor\" data-id=\"78e1063\" data-element_type=\"widget\" data-e-type=\"widget\" data-widget_type=\"text-editor.default\">\n\t\t\t\t<div class=\"elementor-widget-container\">\n\t\t\t\t\t\t\t\t\t<div class=\"vc_row wpb_row vc_row-fluid vc_custom_1650656326647 vc_row-has-fill\">\n<div class=\"wpb_column vc_column_container vc_col-sm-12\">\n<div class=\"vc_column-inner\">\n<div class=\"wpb_wrapper\">\n<div class=\"wpb_text_column wpb_content_element \">\n<div class=\"wpb_wrapper\">\n<p>Milhares de turistas visitam Nova York todos os dias e a Times Square oferece o hotel ideal para cada um deles. Quartos que se adaptam \u00e0 disponibilidade econ\u00f4mica de cada pessoa, mas sempre oferecendo o melhor servi\u00e7o e aten\u00e7\u00e3o. Para aqueles que querem uma experi\u00eancia superior, a Times Square tamb\u00e9m oferece hot\u00e9is das redes mais luxuosas do mundo.  <\/p>\n<p>Para tornar sua viagem inesquec\u00edvel, a Times Square tem uma grande variedade de hot\u00e9is, dando aos turistas o que eles procuram. Venha para Nova York para aproveitar uma viagem em fam\u00edlia e se hospedar na melhor estadia. <\/p>\n<p>O Hotel Riu Plaza New York Times Square tem 29 andares e mais de 600 quartos, tem um design vanguardista e elegante, \u00e9 ideal para ser o lugar de descanso dos turistas da Big Apple porque est\u00e1 localizado no centro de Nova York e est\u00e1 rodeado pelos lugares mais emblem\u00e1ticos como o Empire State Building, o Central Park, o Rockefeller Center, o Carnegie Hall e as luxuosas lojas da Quinta Avenida. \u00c9 uma boa localiza\u00e7\u00e3o se voc\u00ea est\u00e1 procurando conhecer o ritmo de vida de Nova York. Gra\u00e7as a isso, voc\u00ea tem acesso \u00e0s principais linhas de metr\u00f4 que chegam a todos os distritos da cidade. Algumas das atra\u00e7\u00f5es pr\u00f3ximas ao hotel s\u00e3o a Broadway a 0,3 km, a Times Square a 0,3 km e o Come From Away a 0,2 km. Os quartos deste hotel oferecem tudo o que voc\u00ea precisa para descansar ap\u00f3s um dia agitado explorando a cidade. Eles t\u00eam ar condicionado, servi\u00e7o de quarto, telefone, servi\u00e7o de limpeza, TV de tela plana, geladeira e cofre.     <\/p>\n<p>Voc\u00ea tem as melhores manh\u00e3s no Hotel Riu Plaza Manhattan Times Square, pois ele tem um restaurante que prepara excelentes caf\u00e9s da manh\u00e3 buffet americanos para come\u00e7ar o dia em pleno, e \u00e0 noite os melhores jantares. Ele tamb\u00e9m tem um bar e uma academia 24 horas. <\/p>\n<p>Este hotel \u00e9 ideal para fam\u00edlias e crian\u00e7as, mas animais de estima\u00e7\u00e3o n\u00e3o s\u00e3o permitidos.<\/p>\n<p>Se voc\u00ea quer viajar para Nova York com amigos, o hotel Conrad New York Midtown \u00e9 recomendado, pois tem um bar\/lounge onde voc\u00ea pode encontrar os melhores coquet\u00e9is e tem f\u00e1cil acesso a uma grande variedade de restaurantes, vida noturna e op\u00e7\u00f5es de transporte. A localiza\u00e7\u00e3o tamb\u00e9m \u00e9 excelente porque est\u00e1 localizado no centro de Manhattan, a uma curta dist\u00e2ncia do Carnegie Hall e da Times Square, tem Wi-Fi gratuito, academia 24 horas, business center 24 horas, servi\u00e7o de quarto, entre outros. servi\u00e7os.  <\/p>\n<p>Se voc\u00ea est\u00e1 procurando hot\u00e9is com desconto, o Holiday Inn Express New York City Times Square \u00e9 uma boa op\u00e7\u00e3o e tem 22% de desconto. Este hotel oferece servi\u00e7os muito bons e \u00e9 realmente barato. Tem um caf\u00e9 da manh\u00e3 buffet de muito boa qualidade, Wi-Fi gratuito, ar condicionado, academia, entre outros. O servi\u00e7o \u00e9 excelente, adaptado para o momento da pandemia. H\u00e1 limpeza aprimorada dos quartos, desinfetante comercial \u00e9 usado para limpar a propriedade, os funcion\u00e1rios usam m\u00e1scaras, protetores faciais ou luvas, limpeza aprimorada das \u00e1reas comuns e funcion\u00e1rios treinados em lavagem completa das m\u00e3os. Em rela\u00e7\u00e3o \u00e0 prote\u00e7\u00e3o pessoal, \u00e9 obrigat\u00f3rio o uso de m\u00e1scaras na propriedade, h\u00e1 \u00e1lcool em gel ou len\u00e7os desinfetantes nas \u00e1reas comuns, kits de higiene nos quartos: m\u00e1scaras, \u00e1lcool em gel ou len\u00e7os antibacterianos e m\u00e1scaras ou luvas dispon\u00edveis para os h\u00f3spedes. O n\u00famero de h\u00f3spedes nas instala\u00e7\u00f5es compartilhadas \u00e9 limitado e o distanciamento f\u00edsico \u00e9 obrigat\u00f3rio.      <\/p>\n<p>A maioria dos hot\u00e9is cumpre essas regras de cuidado, o que torna a cidade um lugar seguro e respons\u00e1vel.<\/p>\n<p>No entanto, existem centenas de hot\u00e9is excelentes e recomendados para se hospedar na cidade de Nova York, com excelentes localiza\u00e7\u00f5es para visitar as melhores atra\u00e7\u00f5es e aproveitar para descobrir a cidade maravilhosa com amigos, familiares ou seu parceiro e fazer desta uma viagem muito especial, com os melhores servi\u00e7os.<\/p>\n<\/div>\n<\/div>\n<\/div>\n<\/div>\n<\/div>\n<\/div>\n\t\t\t\t\t\t\t\t<\/div>\n\t\t\t\t<\/div>\n\t\t\t\t<div class=\"elementor-element elementor-element-9a018b5 elementor-widget-divider--view-line elementor-widget elementor-widget-divider\" data-id=\"9a018b5\" data-element_type=\"widget\" data-e-type=\"widget\" data-widget_type=\"divider.default\">\n\t\t\t\t<div class=\"elementor-widget-container\">\n\t\t\t\t\t\t\t<div class=\"elementor-divider\">\n\t\t\t<span class=\"elementor-divider-separator\">\n\t\t\t\t\t\t<\/span>\n\t\t<\/div>\n\t\t\t\t\t\t<\/div>\n\t\t\t\t<\/div>\n\t\t\t\t<div class=\"elementor-element elementor-element-b520f4a elementor-widget elementor-widget-text-editor\" data-id=\"b520f4a\" data-element_type=\"widget\" data-e-type=\"widget\" data-widget_type=\"text-editor.default\">\n\t\t\t\t<div class=\"elementor-widget-container\">\n\t\t\t\t\t\t\t\t\t<p><strong>Para aparecer em nosso outdoor na Times Square, acesse a se\u00e7\u00e3o CONTATO.<\/strong><\/p>\n<p>Veja como isso funciona:<\/p>\n<p>Seja um anivers\u00e1rio, um pedido de casamento, um anivers\u00e1rio ou uma simples declara\u00e7\u00e3o de amor, n\u00f3s temos tudo o que voc\u00ea precisa. N\u00e3o seja um rosto na multid\u00e3o! <br \/>Coloque sua foto ou v\u00eddeo em nosso outdoor na Times Square!<\/p>\n<p>Op\u00e7\u00e3o 1: Seu v\u00eddeo\/foto de 60 segundos ser\u00e1 exibido 22 vezes por dia.<br \/>Op\u00e7\u00e3o 2: Seu v\u00eddeo\/foto de 30 segundos ser\u00e1 exibido 44 vezes por dia<br \/>Op\u00e7\u00e3o 3: Seu v\u00eddeo\/foto de 15 segundos ser\u00e1 exibido 88 vezes por dia.<\/p>\n<p>Nosso outdoor tem 31 p\u00e9s x 55 p\u00e9s e est\u00e1 localizado na 1560 Broadway (Broadway e 46th Street, logo acima da loja Pel\u00e9).<\/p>\n<p>N\u00e3o seja um rosto na multid\u00e3o!<\/p>\n\t\t\t\t\t\t\t\t<\/div>\n\t\t\t\t<\/div>\n\t\t\t\t<div class=\"elementor-element elementor-element-4f3e9ec elementor-widget elementor-widget-image\" data-id=\"4f3e9ec\" data-element_type=\"widget\" data-e-type=\"widget\" data-widget_type=\"image.default\">\n\t\t\t\t<div class=\"elementor-widget-container\">\n\t\t\t\t\t\t\t\t\t\t\t\t\t\t\t<img fetchpriority=\"high\" decoding=\"async\" width=\"1024\" height=\"775\" src=\"https:\/\/welcome-to-times-square.com\/wp-content\/uploads\/2022\/04\/hotels-1024x775.png\" class=\"attachment-large size-large wp-image-6160\" alt=\"\" srcset=\"https:\/\/welcome-to-times-square.com\/wp-content\/uploads\/2022\/04\/hotels-1024x775.png 1024w, https:\/\/welcome-to-times-square.com\/wp-content\/uploads\/2022\/04\/hotels-600x454.png 600w, https:\/\/welcome-to-times-square.com\/wp-content\/uploads\/2022\/04\/hotels-300x227.png 300w, https:\/\/welcome-to-times-square.com\/wp-content\/uploads\/2022\/04\/hotels-768x581.png 768w, https:\/\/welcome-to-times-square.com\/wp-content\/uploads\/2022\/04\/hotels-1536x1163.png 1536w, https:\/\/welcome-to-times-square.com\/wp-content\/uploads\/2022\/04\/hotels.png 1580w\" sizes=\"(max-width: 1024px) 100vw, 1024px\" \/>\t\t\t\t\t\t\t\t\t\t\t\t\t\t\t<\/div>\n\t\t\t\t<\/div>\n\t\t\t\t\t<\/div>\n\t\t\t\t<\/div>\n\t\t\t\t<\/div>\n\t\t","protected":false},"excerpt":{"rendered":"Hot\u00e9is Milhares de turistas visitam Nova York todos os dias e a Times Square oferece o hotel ideal para cada um deles. Quartos que se adaptam \u00e0 disponibilidade econ\u00f4mica de cada pessoa, mas sempre oferecendo o melhor servi\u00e7o e aten\u00e7\u00e3o. Para aqueles que querem uma experi\u00eancia superior, a Times Square tamb\u00e9m oferece hot\u00e9is das redes [...]<a href=\"https:\/\/welcome-to-times-square.com\/pt-br\/hotels\/\" class=\"read-more wyz-secondary-color-text\">read more<span class=\"screen-reader-text\">Hot\u00e9is<\/span><\/a>","protected":false},"author":53,"featured_media":0,"parent":0,"menu_order":0,"comment_status":"closed","ping_status":"closed","template":"elementor_header_footer","meta":{"footnotes":""},"class_list":["post-8904","page","type-page","status-publish","hentry"],"yoast_head":"<!-- This site is optimized with the Yoast SEO plugin v27.2 - https:\/\/yoast.com\/product\/yoast-seo-wordpress\/ -->\n<title>Hot\u00e9is - times-square<\/title>\n<meta name=\"robots\" content=\"index, follow, max-snippet:-1, max-image-preview:large, max-video-preview:-1\" \/>\n<link rel=\"canonical\" href=\"https:\/\/welcome-to-times-square.com\/pt-br\/hotels\/\" \/>\n<meta property=\"og:locale\" content=\"pt_BR\" \/>\n<meta property=\"og:type\" content=\"article\" \/>\n<meta property=\"og:title\" content=\"Hot\u00e9is - times-square\" \/>\n<meta property=\"og:description\" content=\"Hot\u00e9is Milhares de turistas visitam Nova York todos os dias e a Times Square oferece o hotel ideal para cada um deles. Quartos que se adaptam \u00e0 disponibilidade econ\u00f4mica de cada pessoa, mas sempre oferecendo o melhor servi\u00e7o e aten\u00e7\u00e3o. Para aqueles que querem uma experi\u00eancia superior, a Times Square tamb\u00e9m oferece hot\u00e9is das redes [...]read moreHot\u00e9is\" \/>\n<meta property=\"og:url\" content=\"https:\/\/welcome-to-times-square.com\/pt-br\/hotels\/\" \/>\n<meta property=\"og:site_name\" content=\"times-square\" \/>\n<meta property=\"article:modified_time\" content=\"2025-01-16T12:32:19+00:00\" \/>\n<meta property=\"og:image\" content=\"https:\/\/welcome-to-times-square.com\/wp-content\/uploads\/2022\/04\/hotels-1024x775.png\" \/>\n\t<meta property=\"og:image:width\" content=\"1024\" \/>\n\t<meta property=\"og:image:height\" content=\"775\" \/>\n\t<meta property=\"og:image:type\" content=\"image\/png\" \/>\n<meta name=\"twitter:card\" content=\"summary_large_image\" \/>\n<meta name=\"twitter:label1\" content=\"Est. tempo de leitura\" \/>\n\t<meta name=\"twitter:data1\" content=\"4 minutos\" \/>\n<script type=\"application\/ld+json\" class=\"yoast-schema-graph\">{\"@context\":\"https:\/\/schema.org\",\"@graph\":[{\"@type\":\"WebPage\",\"@id\":\"https:\/\/welcome-to-times-square.com\/pt-br\/hotels\/\",\"url\":\"https:\/\/welcome-to-times-square.com\/pt-br\/hotels\/\",\"name\":\"Hot\u00e9is - times-square\",\"isPartOf\":{\"@id\":\"https:\/\/welcome-to-times-square.com\/pt-br\/#website\"},\"primaryImageOfPage\":{\"@id\":\"https:\/\/welcome-to-times-square.com\/pt-br\/hotels\/#primaryimage\"},\"image\":{\"@id\":\"https:\/\/welcome-to-times-square.com\/pt-br\/hotels\/#primaryimage\"},\"thumbnailUrl\":\"https:\/\/welcome-to-times-square.com\/wp-content\/uploads\/2022\/04\/hotels-1024x775.png\",\"datePublished\":\"2022-04-21T23:21:16+00:00\",\"dateModified\":\"2025-01-16T12:32:19+00:00\",\"breadcrumb\":{\"@id\":\"https:\/\/welcome-to-times-square.com\/pt-br\/hotels\/#breadcrumb\"},\"inLanguage\":\"pt-BR\",\"potentialAction\":[{\"@type\":\"ReadAction\",\"target\":[\"https:\/\/welcome-to-times-square.com\/pt-br\/hotels\/\"]}]},{\"@type\":\"ImageObject\",\"inLanguage\":\"pt-BR\",\"@id\":\"https:\/\/welcome-to-times-square.com\/pt-br\/hotels\/#primaryimage\",\"url\":\"https:\/\/welcome-to-times-square.com\/wp-content\/uploads\/2022\/04\/hotels-1024x775.png\",\"contentUrl\":\"https:\/\/welcome-to-times-square.com\/wp-content\/uploads\/2022\/04\/hotels-1024x775.png\"},{\"@type\":\"BreadcrumbList\",\"@id\":\"https:\/\/welcome-to-times-square.com\/pt-br\/hotels\/#breadcrumb\",\"itemListElement\":[{\"@type\":\"ListItem\",\"position\":1,\"name\":\"Home\",\"item\":\"https:\/\/welcome-to-times-square.com\/pt-br\/\"},{\"@type\":\"ListItem\",\"position\":2,\"name\":\"Hot\u00e9is\"}]},{\"@type\":\"WebSite\",\"@id\":\"https:\/\/welcome-to-times-square.com\/pt-br\/#website\",\"url\":\"https:\/\/welcome-to-times-square.com\/pt-br\/\",\"name\":\"times-square\",\"description\":\"times-square\",\"publisher\":{\"@id\":\"https:\/\/welcome-to-times-square.com\/pt-br\/#organization\"},\"potentialAction\":[{\"@type\":\"SearchAction\",\"target\":{\"@type\":\"EntryPoint\",\"urlTemplate\":\"https:\/\/welcome-to-times-square.com\/pt-br\/?s={search_term_string}\"},\"query-input\":{\"@type\":\"PropertyValueSpecification\",\"valueRequired\":true,\"valueName\":\"search_term_string\"}}],\"inLanguage\":\"pt-BR\"},{\"@type\":\"Organization\",\"@id\":\"https:\/\/welcome-to-times-square.com\/pt-br\/#organization\",\"name\":\"times-square\",\"url\":\"https:\/\/welcome-to-times-square.com\/pt-br\/\",\"logo\":{\"@type\":\"ImageObject\",\"inLanguage\":\"pt-BR\",\"@id\":\"https:\/\/welcome-to-times-square.com\/pt-br\/#\/schema\/logo\/image\/\",\"url\":\"https:\/\/welcome-to-times-square.com\/wp-content\/uploads\/2024\/03\/welcome-to-time-square-logo-with-r.png\",\"contentUrl\":\"https:\/\/welcome-to-times-square.com\/wp-content\/uploads\/2024\/03\/welcome-to-time-square-logo-with-r.png\",\"width\":500,\"height\":342,\"caption\":\"times-square\"},\"image\":{\"@id\":\"https:\/\/welcome-to-times-square.com\/pt-br\/#\/schema\/logo\/image\/\"}}]}<\/script>\n<!-- \/ Yoast SEO plugin. -->","yoast_head_json":{"title":"Hot\u00e9is - times-square","robots":{"index":"index","follow":"follow","max-snippet":"max-snippet:-1","max-image-preview":"max-image-preview:large","max-video-preview":"max-video-preview:-1"},"canonical":"https:\/\/welcome-to-times-square.com\/pt-br\/hotels\/","og_locale":"pt_BR","og_type":"article","og_title":"Hot\u00e9is - times-square","og_description":"Hot\u00e9is Milhares de turistas visitam Nova York todos os dias e a Times Square oferece o hotel ideal para cada um deles. Quartos que se adaptam \u00e0 disponibilidade econ\u00f4mica de cada pessoa, mas sempre oferecendo o melhor servi\u00e7o e aten\u00e7\u00e3o. Para aqueles que querem uma experi\u00eancia superior, a Times Square tamb\u00e9m oferece hot\u00e9is das redes [...]read moreHot\u00e9is","og_url":"https:\/\/welcome-to-times-square.com\/pt-br\/hotels\/","og_site_name":"times-square","article_modified_time":"2025-01-16T12:32:19+00:00","og_image":[{"width":1024,"height":775,"url":"https:\/\/welcome-to-times-square.com\/wp-content\/uploads\/2022\/04\/hotels-1024x775.png","type":"image\/png"}],"twitter_card":"summary_large_image","twitter_misc":{"Est. tempo de leitura":"4 minutos"},"schema":{"@context":"https:\/\/schema.org","@graph":[{"@type":"WebPage","@id":"https:\/\/welcome-to-times-square.com\/pt-br\/hotels\/","url":"https:\/\/welcome-to-times-square.com\/pt-br\/hotels\/","name":"Hot\u00e9is - times-square","isPartOf":{"@id":"https:\/\/welcome-to-times-square.com\/pt-br\/#website"},"primaryImageOfPage":{"@id":"https:\/\/welcome-to-times-square.com\/pt-br\/hotels\/#primaryimage"},"image":{"@id":"https:\/\/welcome-to-times-square.com\/pt-br\/hotels\/#primaryimage"},"thumbnailUrl":"https:\/\/welcome-to-times-square.com\/wp-content\/uploads\/2022\/04\/hotels-1024x775.png","datePublished":"2022-04-21T23:21:16+00:00","dateModified":"2025-01-16T12:32:19+00:00","breadcrumb":{"@id":"https:\/\/welcome-to-times-square.com\/pt-br\/hotels\/#breadcrumb"},"inLanguage":"pt-BR","potentialAction":[{"@type":"ReadAction","target":["https:\/\/welcome-to-times-square.com\/pt-br\/hotels\/"]}]},{"@type":"ImageObject","inLanguage":"pt-BR","@id":"https:\/\/welcome-to-times-square.com\/pt-br\/hotels\/#primaryimage","url":"https:\/\/welcome-to-times-square.com\/wp-content\/uploads\/2022\/04\/hotels-1024x775.png","contentUrl":"https:\/\/welcome-to-times-square.com\/wp-content\/uploads\/2022\/04\/hotels-1024x775.png"},{"@type":"BreadcrumbList","@id":"https:\/\/welcome-to-times-square.com\/pt-br\/hotels\/#breadcrumb","itemListElement":[{"@type":"ListItem","position":1,"name":"Home","item":"https:\/\/welcome-to-times-square.com\/pt-br\/"},{"@type":"ListItem","position":2,"name":"Hot\u00e9is"}]},{"@type":"WebSite","@id":"https:\/\/welcome-to-times-square.com\/pt-br\/#website","url":"https:\/\/welcome-to-times-square.com\/pt-br\/","name":"times-square","description":"times-square","publisher":{"@id":"https:\/\/welcome-to-times-square.com\/pt-br\/#organization"},"potentialAction":[{"@type":"SearchAction","target":{"@type":"EntryPoint","urlTemplate":"https:\/\/welcome-to-times-square.com\/pt-br\/?s={search_term_string}"},"query-input":{"@type":"PropertyValueSpecification","valueRequired":true,"valueName":"search_term_string"}}],"inLanguage":"pt-BR"},{"@type":"Organization","@id":"https:\/\/welcome-to-times-square.com\/pt-br\/#organization","name":"times-square","url":"https:\/\/welcome-to-times-square.com\/pt-br\/","logo":{"@type":"ImageObject","inLanguage":"pt-BR","@id":"https:\/\/welcome-to-times-square.com\/pt-br\/#\/schema\/logo\/image\/","url":"https:\/\/welcome-to-times-square.com\/wp-content\/uploads\/2024\/03\/welcome-to-time-square-logo-with-r.png","contentUrl":"https:\/\/welcome-to-times-square.com\/wp-content\/uploads\/2024\/03\/welcome-to-time-square-logo-with-r.png","width":500,"height":342,"caption":"times-square"},"image":{"@id":"https:\/\/welcome-to-times-square.com\/pt-br\/#\/schema\/logo\/image\/"}}]}},"_hostinger_reach_plugin_has_subscription_block":false,"_hostinger_reach_plugin_is_elementor":false,"_links":{"self":[{"href":"https:\/\/welcome-to-times-square.com\/pt-br\/wp-json\/wp\/v2\/pages\/8904","targetHints":{"allow":["GET"]}}],"collection":[{"href":"https:\/\/welcome-to-times-square.com\/pt-br\/wp-json\/wp\/v2\/pages"}],"about":[{"href":"https:\/\/welcome-to-times-square.com\/pt-br\/wp-json\/wp\/v2\/types\/page"}],"author":[{"embeddable":true,"href":"https:\/\/welcome-to-times-square.com\/pt-br\/wp-json\/wp\/v2\/users\/53"}],"replies":[{"embeddable":true,"href":"https:\/\/welcome-to-times-square.com\/pt-br\/wp-json\/wp\/v2\/comments?post=8904"}],"version-history":[{"count":2,"href":"https:\/\/welcome-to-times-square.com\/pt-br\/wp-json\/wp\/v2\/pages\/8904\/revisions"}],"predecessor-version":[{"id":8913,"href":"https:\/\/welcome-to-times-square.com\/pt-br\/wp-json\/wp\/v2\/pages\/8904\/revisions\/8913"}],"wp:attachment":[{"href":"https:\/\/welcome-to-times-square.com\/pt-br\/wp-json\/wp\/v2\/media?parent=8904"}],"curies":[{"name":"wp","href":"https:\/\/api.w.org\/{rel}","templated":true}]}}