{"id":8936,"date":"2022-04-25T15:17:22","date_gmt":"2022-04-25T15:17:22","guid":{"rendered":"https:\/\/welcome-to-times-square.com\/deals\/"},"modified":"2025-01-17T09:53:59","modified_gmt":"2025-01-17T09:53:59","slug":"deals","status":"publish","type":"page","link":"https:\/\/welcome-to-times-square.com\/pt-br\/deals\/","title":{"rendered":"Ofertas"},"content":{"rendered":"\t\t<div data-elementor-type=\"wp-page\" data-elementor-id=\"8936\" class=\"elementor elementor-8936 elementor-2807\" data-elementor-post-type=\"page\">\n\t\t\t\t<div class=\"elementor-element elementor-element-96efad9 e-flex e-con-boxed e-con e-parent\" data-id=\"96efad9\" data-element_type=\"container\" data-e-type=\"container\" data-settings=\"{&quot;background_background&quot;:&quot;classic&quot;}\">\n\t\t\t\t\t<div class=\"e-con-inner\">\n\t\t\t\t<div class=\"elementor-element elementor-element-6ca9d98 elementor-widget elementor-widget-heading\" data-id=\"6ca9d98\" data-element_type=\"widget\" data-e-type=\"widget\" data-widget_type=\"heading.default\">\n\t\t\t\t<div class=\"elementor-widget-container\">\n\t\t\t\t\t<h2 class=\"elementor-heading-title elementor-size-default\">Ofertas<\/h2>\t\t\t\t<\/div>\n\t\t\t\t<\/div>\n\t\t\t\t<div class=\"elementor-element elementor-element-e054c83 elementor-widget-divider--view-line elementor-widget elementor-widget-divider\" data-id=\"e054c83\" data-element_type=\"widget\" data-e-type=\"widget\" data-widget_type=\"divider.default\">\n\t\t\t\t<div class=\"elementor-widget-container\">\n\t\t\t\t\t\t\t<div class=\"elementor-divider\">\n\t\t\t<span class=\"elementor-divider-separator\">\n\t\t\t\t\t\t<\/span>\n\t\t<\/div>\n\t\t\t\t\t\t<\/div>\n\t\t\t\t<\/div>\n\t\t\t\t<div class=\"elementor-element elementor-element-2482935 elementor-widget elementor-widget-text-editor\" data-id=\"2482935\" data-element_type=\"widget\" data-e-type=\"widget\" data-widget_type=\"text-editor.default\">\n\t\t\t\t<div class=\"elementor-widget-container\">\n\t\t\t\t\t\t\t\t\t<div class=\"vc_row wpb_row vc_row-fluid vc_custom_1650656313890 vc_row-has-fill\">\n<div class=\"wpb_column vc_column_container vc_col-sm-12\">\n<div class=\"vc_column-inner\">\n<div class=\"wpb_wrapper\">\n<div class=\"wpb_text_column wpb_content_element \">\n<div class=\"wpb_wrapper\">\n<p>Em Nova York h\u00e1 um calend\u00e1rio especial de promo\u00e7\u00f5es e descontos para que voc\u00ea possa planejar sua viagem e aproveitar as ofertas anuais que podem chegar a at\u00e9 70% menos que o valor original.<\/p>\n<p>As datas especiais das ofertas est\u00e3o em ordem de calend\u00e1rio; voc\u00ea ver\u00e1 que a maioria delas coincide com feriados nos EUA.<\/p>\n<p>Entre a semana de 12 e 15 de fevereiro, \u00e9 o Dia do Presidente, um dia muito especial, todo ano tudo no inverno termina nesta data.<\/p>\n<p>O fim da liquida\u00e7\u00e3o da temporada de primavera acontece entre 28 e 31 de maio, chamado Memorial Day.<\/p>\n<p>Maio \u00e9 um m\u00eas lindo em Nova York, a temperatura \u00e9 muito agrad\u00e1vel e a alta temporada ainda n\u00e3o chegou, ent\u00e3o tudo \u00e9 mais barato.<\/p>\n<p>A Liquida\u00e7\u00e3o de Ver\u00e3o \u00e9 uma das mais esperadas, os primeiros dias de julho coincidem com as promo\u00e7\u00f5es de Volta \u00e0s Aulas e o 4 de julho, que acontece entre os dias 1 e 5 de julho.<\/p>\n<p>Nos primeiros dias de setembro s\u00e3o feitas as negocia\u00e7\u00f5es do fim do ver\u00e3o, entre os dias 3 e 6 de setembro \u00e9 chamado de Dia do Trabalho.<\/p>\n<p>No outono, h\u00e1 duas grandes temporadas de ofertas, a primeira das quais ocorre em meados do outono, perto do Dia de Colombo: entre 8 e 11 de outubro.<\/p>\n<p>H\u00e1 tamb\u00e9m a t\u00e3o esperada Black Friday em Nova York, a segunda grande temporada de ofertas em Nova York \u00e9 a famosa Black Friday. Embora a data oficial seja a sexta-feira ap\u00f3s o Dia de A\u00e7\u00e3o de Gra\u00e7as (a quarta quinta-feira de cada ano), e os dias antes e o fim de semana ap\u00f3s o Dia de A\u00e7\u00e3o de Gra\u00e7as, as lojas t\u00eam \u00f3timas ofertas. <\/p>\n<p>\u00c9 uma das \u00e9pocas mais baratas do ano para comprar. Vale muito a pena fazer a viagem coincidir com essa data t\u00e3o especial, porque em novembro h\u00e1 muito o que fazer e o clima natalino j\u00e1 \u00e9 sentido em Nova York. <\/p>\n<p>O After Holiday \u00e9 entre o per\u00edodo de 26 de dezembro a 2 de janeiro, as promo\u00e7\u00f5es e vendas s\u00e3o feitas ap\u00f3s os feriados de fim de ano. H\u00e1 excelentes promo\u00e7\u00f5es l\u00e1. <\/p>\n<p>Caso sua viagem n\u00e3o coincida com nenhuma das datas de liquida\u00e7\u00e3o em Nova York, voc\u00ea pode visitar o Woodbury Common Premium Outlets.<\/p>\n<p>Este shopping no norte do estado de Nova York \u00e9 famoso por seus descontos durante todo o ano em marcas premium e roupas de primeira linha. O melhor \u00e9 que durante as temporadas de liquida\u00e7\u00e3o eles fazem ainda mais descontos! Fica a algumas horas de Nova York.  <\/p>\n<p>Tamb\u00e9m pode ser comprado na Macy\u2019s, Bloomingdale\u2019s, Saks Fifth Avenue. Shopping centers s\u00e3o \u00f3timos lugares para fazer neg\u00f3cios em Nova York. <\/p>\n<p>Al\u00e9m de roupas, voc\u00ea pode encontrar descontos em perfumaria, eletr\u00f4nicos, casa, esportes. E na Saks eles embrulham perfumes t\u00e3o bonitos que d\u00e1 vergonha de desembrulh\u00e1-los. <\/p>\n<p>As ruas comerciais onde voc\u00ea pode fazer neg\u00f3cios em Nova York est\u00e3o em quase todos os bairros, onde voc\u00ea encontrar\u00e1 uma infinidade de lojas.<\/p>\n<p>Na 34th Street entre a 5th e a 6th Ave. Neste quarteir\u00e3o voc\u00ea encontrar\u00e1 grandes redes de lojas como Zara, Desigual, Mango, Aeropostale, GEOX, Aldo, Forever 21, Uniqlo, uma das lojas Levi\u2019s, Footlocker, Timberland. <\/p>\n<p>Broadway entre Canal St e Union Square. \u00c9 um trecho razoavelmente longo da Broadway que vai at\u00e9 o SoHo, onde voc\u00ea encontrar\u00e1 muitas marcas. Voc\u00ea encontrar\u00e1 lojas como American Apparel, G-Star Raw, Top Shop, Michael Kors, Forever 21, Mango, Zara, &amp; Other Stories, H&amp;M, Armani Exchange, Guess, Lacoste.  <\/p>\n<p>O SoHo \u00e9 um dos bairros preferidos para comprar ofertas. N\u00e3o h\u00e1 apenas grandes marcas, mas tamb\u00e9m pequenas marcas e boutiques. <\/p>\n<p>Na 5th Ave. da 16th St. tamb\u00e9m h\u00e1 uma boa rua de compras. Voc\u00ea encontrar\u00e1 lojas das marcas Anthropologie, GAP, Banana Republic, H&amp;M, American Apparel, Sephora, Nike, New Balance, Kate Spade, Club Monaco\u2026 O melhor de tudo \u00e9 que voc\u00ea chegar\u00e1 ao Flatiron Building e ver\u00e1 o Empire State Building por todo o caminho. Nesse sentido, \u00e9 uma del\u00edcia viajar.  <\/p>\n<p>Em Nova York, as empresas podem fazer descontos quando quiserem. Ent\u00e3o voc\u00ea pode entrar nas lojas sem medo mesmo que n\u00e3o veja a t\u00edpica placa de \u201cSales\u201d na vitrine, j\u00e1 que \u00e0s vezes as liquida\u00e7\u00f5es s\u00e3o internas ou as placas nas vitrines s\u00e3o pequenas e discretas. <\/p>\n<p>E a verdade \u00e9 que \u00e9 t\u00e3o f\u00e1cil quanto conhecer um pouco de vocabul\u00e1rio de compras.<\/p>\n<p>Liquida\u00e7\u00f5es: ofertas e promo\u00e7\u00f5es, geralmente durante a mudan\u00e7a de esta\u00e7\u00e3o.<\/p>\n<p>Liquida\u00e7\u00e3o: \u00e9 uma se\u00e7\u00e3o dentro da loja para liquida\u00e7\u00f5es. Na maioria das vezes voc\u00ea a encontrar\u00e1 no final da temporada e s\u00e3o se\u00e7\u00f5es que voc\u00ea encontrar\u00e1 no final da loja. <\/p>\n<p>Markdown: essa palavra se refere ao pre\u00e7o reduzido que voc\u00ea encontrar\u00e1 marcado na etiqueta de cada pe\u00e7a. Geralmente \u00e9 colocada quando cada pe\u00e7a tem um desconto diferente entre elas. <\/p>\n<\/div>\n<\/div>\n<\/div>\n<\/div>\n<\/div>\n<\/div>\n\t\t\t\t\t\t\t\t<\/div>\n\t\t\t\t<\/div>\n\t\t\t\t<div class=\"elementor-element elementor-element-768faf6 elementor-widget-divider--view-line elementor-widget elementor-widget-divider\" data-id=\"768faf6\" data-element_type=\"widget\" data-e-type=\"widget\" data-widget_type=\"divider.default\">\n\t\t\t\t<div class=\"elementor-widget-container\">\n\t\t\t\t\t\t\t<div class=\"elementor-divider\">\n\t\t\t<span class=\"elementor-divider-separator\">\n\t\t\t\t\t\t<\/span>\n\t\t<\/div>\n\t\t\t\t\t\t<\/div>\n\t\t\t\t<\/div>\n\t\t\t\t<div class=\"elementor-element elementor-element-bd2df9d elementor-widget elementor-widget-text-editor\" data-id=\"bd2df9d\" data-element_type=\"widget\" data-e-type=\"widget\" data-widget_type=\"text-editor.default\">\n\t\t\t\t<div class=\"elementor-widget-container\">\n\t\t\t\t\t\t\t\t\t<p><strong>Para aparecer em nosso outdoor na Times Square, acesse a se\u00e7\u00e3o CONTATO.<\/strong><\/p>\n<p>Veja como isso funciona:<\/p>\n<p>Seja um anivers\u00e1rio, um pedido de casamento, um anivers\u00e1rio ou uma simples declara\u00e7\u00e3o de amor, n\u00f3s temos tudo o que voc\u00ea precisa. N\u00e3o seja um rosto na multid\u00e3o! <br \/>Coloque sua foto ou v\u00eddeo em nosso outdoor na Times Square!<\/p>\n<p>Op\u00e7\u00e3o 1: Seu v\u00eddeo\/foto de 60 segundos ser\u00e1 exibido 22 vezes por dia.<br \/>Op\u00e7\u00e3o 2: Seu v\u00eddeo\/foto de 30 segundos ser\u00e1 exibido 44 vezes por dia<br \/>Op\u00e7\u00e3o 3: Seu v\u00eddeo\/foto de 15 segundos ser\u00e1 exibido 88 vezes por dia.<\/p>\n<p>Nosso outdoor tem 31 p\u00e9s x 55 p\u00e9s e est\u00e1 localizado na 1560 Broadway (Broadway e 46th Street, logo acima da loja Pel\u00e9).<\/p>\n<p>N\u00e3o seja um rosto na multid\u00e3o!<\/p>\n\t\t\t\t\t\t\t\t<\/div>\n\t\t\t\t<\/div>\n\t\t\t\t<div class=\"elementor-element elementor-element-29aba7c elementor-widget elementor-widget-image\" data-id=\"29aba7c\" data-element_type=\"widget\" data-e-type=\"widget\" data-widget_type=\"image.default\">\n\t\t\t\t<div class=\"elementor-widget-container\">\n\t\t\t\t\t\t\t\t\t\t\t\t\t\t\t<img fetchpriority=\"high\" decoding=\"async\" width=\"1024\" height=\"512\" src=\"https:\/\/welcome-to-times-square.com\/wp-content\/uploads\/2022\/04\/deals-1024x512.jpg\" class=\"attachment-large size-large wp-image-6185\" alt=\"\" srcset=\"https:\/\/welcome-to-times-square.com\/wp-content\/uploads\/2022\/04\/deals-1024x512.jpg 1024w, https:\/\/welcome-to-times-square.com\/wp-content\/uploads\/2022\/04\/deals-600x300.jpg 600w, https:\/\/welcome-to-times-square.com\/wp-content\/uploads\/2022\/04\/deals-300x150.jpg 300w, https:\/\/welcome-to-times-square.com\/wp-content\/uploads\/2022\/04\/deals-768x384.jpg 768w, https:\/\/welcome-to-times-square.com\/wp-content\/uploads\/2022\/04\/deals-1536x768.jpg 1536w, https:\/\/welcome-to-times-square.com\/wp-content\/uploads\/2022\/04\/deals.jpg 1920w\" sizes=\"(max-width: 1024px) 100vw, 1024px\" \/>\t\t\t\t\t\t\t\t\t\t\t\t\t\t\t<\/div>\n\t\t\t\t<\/div>\n\t\t\t\t\t<\/div>\n\t\t\t\t<\/div>\n\t\t\t\t<\/div>\n\t\t","protected":false},"excerpt":{"rendered":"Ofertas Em Nova York h\u00e1 um calend\u00e1rio especial de promo\u00e7\u00f5es e descontos para que voc\u00ea possa planejar sua viagem e aproveitar as ofertas anuais que podem chegar a at\u00e9 70% menos que o valor original. As datas especiais das ofertas est\u00e3o em ordem de calend\u00e1rio; voc\u00ea ver\u00e1 que a maioria delas coincide com feriados nos [...]<a href=\"https:\/\/welcome-to-times-square.com\/pt-br\/deals\/\" class=\"read-more wyz-secondary-color-text\">read more<span class=\"screen-reader-text\">Ofertas<\/span><\/a>","protected":false},"author":53,"featured_media":0,"parent":0,"menu_order":0,"comment_status":"closed","ping_status":"closed","template":"elementor_header_footer","meta":{"footnotes":""},"class_list":["post-8936","page","type-page","status-publish","hentry"],"yoast_head":"<!-- This site is optimized with the Yoast SEO plugin v27.2 - https:\/\/yoast.com\/product\/yoast-seo-wordpress\/ -->\n<title>Ofertas - times-square<\/title>\n<meta name=\"description\" content=\"Em Nova York h\u00e1 um calend\u00e1rio especial de promo\u00e7\u00f5es e descontos para que voc\u00ea possa planejar sua viagem e aproveitar as ofertas anuais que podem chegar a at\u00e9 70% menos que o valor original.\" \/>\n<meta name=\"robots\" content=\"index, follow, max-snippet:-1, max-image-preview:large, max-video-preview:-1\" \/>\n<link rel=\"canonical\" href=\"https:\/\/welcome-to-times-square.com\/pt-br\/deals\/\" \/>\n<meta property=\"og:locale\" content=\"pt_BR\" \/>\n<meta property=\"og:type\" content=\"article\" \/>\n<meta property=\"og:title\" content=\"Ofertas - times-square\" \/>\n<meta property=\"og:description\" content=\"Em Nova York h\u00e1 um calend\u00e1rio especial de promo\u00e7\u00f5es e descontos para que voc\u00ea possa planejar sua viagem e aproveitar as ofertas anuais que podem chegar a at\u00e9 70% menos que o valor original.\" \/>\n<meta property=\"og:url\" content=\"https:\/\/welcome-to-times-square.com\/pt-br\/deals\/\" \/>\n<meta property=\"og:site_name\" content=\"times-square\" \/>\n<meta property=\"article:modified_time\" content=\"2025-01-17T09:53:59+00:00\" \/>\n<meta property=\"og:image\" content=\"https:\/\/welcome-to-times-square.com\/wp-content\/uploads\/2022\/04\/deals.jpg\" \/>\n\t<meta property=\"og:image:width\" content=\"1920\" \/>\n\t<meta property=\"og:image:height\" content=\"960\" \/>\n\t<meta property=\"og:image:type\" content=\"image\/jpeg\" \/>\n<meta name=\"twitter:card\" content=\"summary_large_image\" \/>\n<meta name=\"twitter:label1\" content=\"Est. tempo de leitura\" \/>\n\t<meta name=\"twitter:data1\" content=\"5 minutos\" \/>\n<script type=\"application\/ld+json\" class=\"yoast-schema-graph\">{\"@context\":\"https:\/\/schema.org\",\"@graph\":[{\"@type\":\"WebPage\",\"@id\":\"https:\/\/welcome-to-times-square.com\/pt-br\/deals\/\",\"url\":\"https:\/\/welcome-to-times-square.com\/pt-br\/deals\/\",\"name\":\"Ofertas - times-square\",\"isPartOf\":{\"@id\":\"https:\/\/welcome-to-times-square.com\/pt-br\/#website\"},\"primaryImageOfPage\":{\"@id\":\"https:\/\/welcome-to-times-square.com\/pt-br\/deals\/#primaryimage\"},\"image\":{\"@id\":\"https:\/\/welcome-to-times-square.com\/pt-br\/deals\/#primaryimage\"},\"thumbnailUrl\":\"https:\/\/welcome-to-times-square.com\/wp-content\/uploads\/2022\/04\/deals-1024x512.jpg\",\"datePublished\":\"2022-04-25T15:17:22+00:00\",\"dateModified\":\"2025-01-17T09:53:59+00:00\",\"description\":\"Em Nova York h\u00e1 um calend\u00e1rio especial de promo\u00e7\u00f5es e descontos para que voc\u00ea possa planejar sua viagem e aproveitar as ofertas anuais que podem chegar a at\u00e9 70% menos que o valor original.\",\"breadcrumb\":{\"@id\":\"https:\/\/welcome-to-times-square.com\/pt-br\/deals\/#breadcrumb\"},\"inLanguage\":\"pt-BR\",\"potentialAction\":[{\"@type\":\"ReadAction\",\"target\":[\"https:\/\/welcome-to-times-square.com\/pt-br\/deals\/\"]}]},{\"@type\":\"ImageObject\",\"inLanguage\":\"pt-BR\",\"@id\":\"https:\/\/welcome-to-times-square.com\/pt-br\/deals\/#primaryimage\",\"url\":\"https:\/\/welcome-to-times-square.com\/wp-content\/uploads\/2022\/04\/deals-1024x512.jpg\",\"contentUrl\":\"https:\/\/welcome-to-times-square.com\/wp-content\/uploads\/2022\/04\/deals-1024x512.jpg\"},{\"@type\":\"BreadcrumbList\",\"@id\":\"https:\/\/welcome-to-times-square.com\/pt-br\/deals\/#breadcrumb\",\"itemListElement\":[{\"@type\":\"ListItem\",\"position\":1,\"name\":\"Home\",\"item\":\"https:\/\/welcome-to-times-square.com\/pt-br\/\"},{\"@type\":\"ListItem\",\"position\":2,\"name\":\"Ofertas\"}]},{\"@type\":\"WebSite\",\"@id\":\"https:\/\/welcome-to-times-square.com\/pt-br\/#website\",\"url\":\"https:\/\/welcome-to-times-square.com\/pt-br\/\",\"name\":\"times-square\",\"description\":\"times-square\",\"publisher\":{\"@id\":\"https:\/\/welcome-to-times-square.com\/pt-br\/#organization\"},\"potentialAction\":[{\"@type\":\"SearchAction\",\"target\":{\"@type\":\"EntryPoint\",\"urlTemplate\":\"https:\/\/welcome-to-times-square.com\/pt-br\/?s={search_term_string}\"},\"query-input\":{\"@type\":\"PropertyValueSpecification\",\"valueRequired\":true,\"valueName\":\"search_term_string\"}}],\"inLanguage\":\"pt-BR\"},{\"@type\":\"Organization\",\"@id\":\"https:\/\/welcome-to-times-square.com\/pt-br\/#organization\",\"name\":\"times-square\",\"url\":\"https:\/\/welcome-to-times-square.com\/pt-br\/\",\"logo\":{\"@type\":\"ImageObject\",\"inLanguage\":\"pt-BR\",\"@id\":\"https:\/\/welcome-to-times-square.com\/pt-br\/#\/schema\/logo\/image\/\",\"url\":\"https:\/\/welcome-to-times-square.com\/wp-content\/uploads\/2024\/03\/welcome-to-time-square-logo-with-r.png\",\"contentUrl\":\"https:\/\/welcome-to-times-square.com\/wp-content\/uploads\/2024\/03\/welcome-to-time-square-logo-with-r.png\",\"width\":500,\"height\":342,\"caption\":\"times-square\"},\"image\":{\"@id\":\"https:\/\/welcome-to-times-square.com\/pt-br\/#\/schema\/logo\/image\/\"}}]}<\/script>\n<!-- \/ Yoast SEO plugin. -->","yoast_head_json":{"title":"Ofertas - times-square","description":"Em Nova York h\u00e1 um calend\u00e1rio especial de promo\u00e7\u00f5es e descontos para que voc\u00ea possa planejar sua viagem e aproveitar as ofertas anuais que podem chegar a at\u00e9 70% menos que o valor original.","robots":{"index":"index","follow":"follow","max-snippet":"max-snippet:-1","max-image-preview":"max-image-preview:large","max-video-preview":"max-video-preview:-1"},"canonical":"https:\/\/welcome-to-times-square.com\/pt-br\/deals\/","og_locale":"pt_BR","og_type":"article","og_title":"Ofertas - times-square","og_description":"Em Nova York h\u00e1 um calend\u00e1rio especial de promo\u00e7\u00f5es e descontos para que voc\u00ea possa planejar sua viagem e aproveitar as ofertas anuais que podem chegar a at\u00e9 70% menos que o valor original.","og_url":"https:\/\/welcome-to-times-square.com\/pt-br\/deals\/","og_site_name":"times-square","article_modified_time":"2025-01-17T09:53:59+00:00","og_image":[{"width":1920,"height":960,"url":"https:\/\/welcome-to-times-square.com\/wp-content\/uploads\/2022\/04\/deals.jpg","type":"image\/jpeg"}],"twitter_card":"summary_large_image","twitter_misc":{"Est. tempo de leitura":"5 minutos"},"schema":{"@context":"https:\/\/schema.org","@graph":[{"@type":"WebPage","@id":"https:\/\/welcome-to-times-square.com\/pt-br\/deals\/","url":"https:\/\/welcome-to-times-square.com\/pt-br\/deals\/","name":"Ofertas - times-square","isPartOf":{"@id":"https:\/\/welcome-to-times-square.com\/pt-br\/#website"},"primaryImageOfPage":{"@id":"https:\/\/welcome-to-times-square.com\/pt-br\/deals\/#primaryimage"},"image":{"@id":"https:\/\/welcome-to-times-square.com\/pt-br\/deals\/#primaryimage"},"thumbnailUrl":"https:\/\/welcome-to-times-square.com\/wp-content\/uploads\/2022\/04\/deals-1024x512.jpg","datePublished":"2022-04-25T15:17:22+00:00","dateModified":"2025-01-17T09:53:59+00:00","description":"Em Nova York h\u00e1 um calend\u00e1rio especial de promo\u00e7\u00f5es e descontos para que voc\u00ea possa planejar sua viagem e aproveitar as ofertas anuais que podem chegar a at\u00e9 70% menos que o valor original.","breadcrumb":{"@id":"https:\/\/welcome-to-times-square.com\/pt-br\/deals\/#breadcrumb"},"inLanguage":"pt-BR","potentialAction":[{"@type":"ReadAction","target":["https:\/\/welcome-to-times-square.com\/pt-br\/deals\/"]}]},{"@type":"ImageObject","inLanguage":"pt-BR","@id":"https:\/\/welcome-to-times-square.com\/pt-br\/deals\/#primaryimage","url":"https:\/\/welcome-to-times-square.com\/wp-content\/uploads\/2022\/04\/deals-1024x512.jpg","contentUrl":"https:\/\/welcome-to-times-square.com\/wp-content\/uploads\/2022\/04\/deals-1024x512.jpg"},{"@type":"BreadcrumbList","@id":"https:\/\/welcome-to-times-square.com\/pt-br\/deals\/#breadcrumb","itemListElement":[{"@type":"ListItem","position":1,"name":"Home","item":"https:\/\/welcome-to-times-square.com\/pt-br\/"},{"@type":"ListItem","position":2,"name":"Ofertas"}]},{"@type":"WebSite","@id":"https:\/\/welcome-to-times-square.com\/pt-br\/#website","url":"https:\/\/welcome-to-times-square.com\/pt-br\/","name":"times-square","description":"times-square","publisher":{"@id":"https:\/\/welcome-to-times-square.com\/pt-br\/#organization"},"potentialAction":[{"@type":"SearchAction","target":{"@type":"EntryPoint","urlTemplate":"https:\/\/welcome-to-times-square.com\/pt-br\/?s={search_term_string}"},"query-input":{"@type":"PropertyValueSpecification","valueRequired":true,"valueName":"search_term_string"}}],"inLanguage":"pt-BR"},{"@type":"Organization","@id":"https:\/\/welcome-to-times-square.com\/pt-br\/#organization","name":"times-square","url":"https:\/\/welcome-to-times-square.com\/pt-br\/","logo":{"@type":"ImageObject","inLanguage":"pt-BR","@id":"https:\/\/welcome-to-times-square.com\/pt-br\/#\/schema\/logo\/image\/","url":"https:\/\/welcome-to-times-square.com\/wp-content\/uploads\/2024\/03\/welcome-to-time-square-logo-with-r.png","contentUrl":"https:\/\/welcome-to-times-square.com\/wp-content\/uploads\/2024\/03\/welcome-to-time-square-logo-with-r.png","width":500,"height":342,"caption":"times-square"},"image":{"@id":"https:\/\/welcome-to-times-square.com\/pt-br\/#\/schema\/logo\/image\/"}}]}},"_hostinger_reach_plugin_has_subscription_block":false,"_hostinger_reach_plugin_is_elementor":false,"_links":{"self":[{"href":"https:\/\/welcome-to-times-square.com\/pt-br\/wp-json\/wp\/v2\/pages\/8936","targetHints":{"allow":["GET"]}}],"collection":[{"href":"https:\/\/welcome-to-times-square.com\/pt-br\/wp-json\/wp\/v2\/pages"}],"about":[{"href":"https:\/\/welcome-to-times-square.com\/pt-br\/wp-json\/wp\/v2\/types\/page"}],"author":[{"embeddable":true,"href":"https:\/\/welcome-to-times-square.com\/pt-br\/wp-json\/wp\/v2\/users\/53"}],"replies":[{"embeddable":true,"href":"https:\/\/welcome-to-times-square.com\/pt-br\/wp-json\/wp\/v2\/comments?post=8936"}],"version-history":[{"count":2,"href":"https:\/\/welcome-to-times-square.com\/pt-br\/wp-json\/wp\/v2\/pages\/8936\/revisions"}],"predecessor-version":[{"id":8945,"href":"https:\/\/welcome-to-times-square.com\/pt-br\/wp-json\/wp\/v2\/pages\/8936\/revisions\/8945"}],"wp:attachment":[{"href":"https:\/\/welcome-to-times-square.com\/pt-br\/wp-json\/wp\/v2\/media?parent=8936"}],"curies":[{"name":"wp","href":"https:\/\/api.w.org\/{rel}","templated":true}]}}