{"id":8952,"date":"2022-05-10T20:25:09","date_gmt":"2022-05-10T20:25:09","guid":{"rendered":"https:\/\/welcome-to-times-square.com\/planning-an-event-in-nyc\/"},"modified":"2025-01-17T10:46:22","modified_gmt":"2025-01-17T10:46:22","slug":"planning-an-event-in-nyc","status":"publish","type":"page","link":"https:\/\/welcome-to-times-square.com\/pt-br\/planning-an-event-in-nyc\/","title":{"rendered":"Planejando um evento em NYC"},"content":{"rendered":"\t\t<div data-elementor-type=\"wp-page\" data-elementor-id=\"8952\" class=\"elementor elementor-8952 elementor-2932\" data-elementor-post-type=\"page\">\n\t\t\t\t<div class=\"elementor-element elementor-element-b6a30bc e-flex e-con-boxed e-con e-parent\" data-id=\"b6a30bc\" data-element_type=\"container\" data-e-type=\"container\" data-settings=\"{&quot;background_background&quot;:&quot;classic&quot;}\">\n\t\t\t\t\t<div class=\"e-con-inner\">\n\t\t\t\t<div class=\"elementor-element elementor-element-4aa115f elementor-widget elementor-widget-heading\" data-id=\"4aa115f\" data-element_type=\"widget\" data-e-type=\"widget\" data-widget_type=\"heading.default\">\n\t\t\t\t<div class=\"elementor-widget-container\">\n\t\t\t\t\t<h2 class=\"elementor-heading-title elementor-size-default\">Planejando um evento em NYC<\/h2>\t\t\t\t<\/div>\n\t\t\t\t<\/div>\n\t\t\t\t<div class=\"elementor-element elementor-element-02111df elementor-widget-divider--view-line elementor-widget elementor-widget-divider\" data-id=\"02111df\" data-element_type=\"widget\" data-e-type=\"widget\" data-widget_type=\"divider.default\">\n\t\t\t\t<div class=\"elementor-widget-container\">\n\t\t\t\t\t\t\t<div class=\"elementor-divider\">\n\t\t\t<span class=\"elementor-divider-separator\">\n\t\t\t\t\t\t<\/span>\n\t\t<\/div>\n\t\t\t\t\t\t<\/div>\n\t\t\t\t<\/div>\n\t\t\t\t<div class=\"elementor-element elementor-element-6eba364 elementor-widget elementor-widget-text-editor\" data-id=\"6eba364\" data-element_type=\"widget\" data-e-type=\"widget\" data-widget_type=\"text-editor.default\">\n\t\t\t\t<div class=\"elementor-widget-container\">\n\t\t\t\t\t\t\t\t\t<div class=\"vc_row wpb_row vc_row-fluid vc_custom_1652220902464 vc_row-has-fill\">\n<div class=\"wpb_column vc_column_container vc_col-sm-12\">\n<div class=\"vc_column-inner\">\n<div class=\"wpb_wrapper\">\n<div class=\"vc_tta-container\" data-vc-action=\"collapse\">\n<div class=\"vc_general vc_tta vc_tta-tabs vc_tta-color-grey vc_tta-style-classic vc_tta-shape-rounded vc_tta-spacing-1 vc_tta-tabs-position-top vc_tta-controls-align-left\">\n<div class=\"vc_tta-panels-container\">\n<div class=\"vc_tta-panels\">\n<div id=\"1652214027141-0740dd2c-c58f\" class=\"vc_tta-panel vc_active\" data-vc-content=\".vc_tta-panel-body\">\n<div class=\"vc_tta-panel-body\">\n<div class=\"wpb_text_column wpb_content_element \">\n<div class=\"wpb_wrapper\">\n<p>O 4 de julho \u00e9 um evento de planejamento em que os Estados Unidos se enchem de bandeiras, churrascos e fogos de artif\u00edcio para celebrar seu dia mais patri\u00f3tico: o Dia da Independ\u00eancia.<\/p>\n<p>Os americanos comemoram a aprova\u00e7\u00e3o da Declara\u00e7\u00e3o de Independ\u00eancia pelo Congresso em 4 de julho de 1776, com um feriado nacional realizado ao ar livre.<\/p>\n<p>Outro \u00f3timo evento para planejar \u00e9 na quarta quinta-feira de novembro, quando \u00e9 comemorado o Dia de A\u00e7\u00e3o de Gra\u00e7as nos Estados Unidos, algo que costumamos ver nos filmes.<\/p>\n<p>\u00c9 uma festa incr\u00edvel e o pa\u00eds est\u00e1 paralisado, as ruas est\u00e3o quase vazias e a maioria das lojas est\u00e1 fechada. No Dia de A\u00e7\u00e3o de Gra\u00e7as, todos voam para casa para passar a noite com a fam\u00edlia. Planejando um evento, o Dia de A\u00e7\u00e3o de Gra\u00e7as em Nova York come\u00e7a com um dos eventos mais esperados do calend\u00e1rio: o Macy&#8217;s Day Parade, \u00e9 um desfile organizado pela loja de departamentos Macy&#8217;s que acontece desde 1924. \u00c9 muito famoso, que milh\u00f5es de pessoas comparecem para v\u00ea-lo. Carros aleg\u00f3ricos, dan\u00e7arinos e m\u00fasicos participam do desfile, celebrando o Dia de A\u00e7\u00e3o de Gra\u00e7as e a chegada do Natal. H\u00e1 tamb\u00e9m personagens muito famosos, como representa\u00e7\u00f5es de musicais da Broadway, h\u00e1 bal\u00f5es gigantes em forma de personagens infantis cativantes, como Snoopy, Hello Kitty ou Garfield, e personagens modernos s\u00e3o adicionados a cada ano. Uma vez que o desfile termina, outro evento de planejamento \u00e9 que as fam\u00edlias correm para casa para preparar o jantar de A\u00e7\u00e3o de Gra\u00e7as. Na origem desta grande celebra\u00e7\u00e3o, agradecimentos foram dados a Deus, e muitas fam\u00edlias hoje continuam a acompanhar o jantar de ora\u00e7\u00e3o.       <\/p>\n<p>Mas o Dia de A\u00e7\u00e3o de Gra\u00e7as tamb\u00e9m \u00e9 uma ocasi\u00e3o para todos, independentemente de suas cren\u00e7as religiosas, refletirem e apreciarem tudo o que \u00e9 bom. N\u00e3o pode faltar em nenhuma mesa peru assado acompanhado de pur\u00ea de batatas, molho de cranberry, gravy (um molho espesso preparado com suco de peru), p\u00e3o de milho, couve de Bruxelas e, para sobremesa, \u00e9 cl\u00e1ssico comer torta de ab\u00f3bora, a deliciosa torta de ab\u00f3bora. <\/p>\n<p>Em muitas casas, o jantar come\u00e7a por volta das 14h ou 15h. Depois do jantar, \u00e9 tradi\u00e7\u00e3o assistir aos jogos de futebol na televis\u00e3o. <\/p>\n<p>Outro evento planejado \u00e9 quando o outono chega, pois Nova York est\u00e1 cheia de ab\u00f3boras, esqueletos e bruxas. A \u00fanica explica\u00e7\u00e3o maravilhosa \u00e9 que o Halloween est\u00e1 chegando. \u00c9 a noite mais assustadora do ano que \u00e9 comemorada em 31 de outubro. Mas todos come\u00e7am a pensar na fantasia e preparar a c\u00e2mera para ca\u00e7ar ab\u00f3boras.   <\/p>\n<p>A primeira coisa a fazer \u00e9 procurar decora\u00e7\u00f5es de outono, algo que pode ser feito tanto se voc\u00ea estiver em Nova York na noite de Halloween quanto se for visitar a cidade um pouco antes.<\/p>\n<p>A grande maioria das casas come\u00e7a a se decorar a partir do in\u00edcio de outubro. Os bairros residenciais s\u00e3o ideais para caminhadas, j\u00e1 que voc\u00ea pode ver como os vizinhos decoram suas casas com esqueletos, espantalhos, teias de aranha, zumbis, bruxas, ab\u00f3boras, etc. Outros lugares incr\u00edveis que costumam ser decorados para o Halloween s\u00e3o o Chelsea Market e o Rockefeller Center.  <\/p>\n<p>Com mais de dois milh\u00f5es de espectadores (entre nova-iorquinos e turistas), o Village Halloween Parade \u00e9 o maior desfile de Halloween do mundo e a celebra\u00e7\u00e3o de Halloween mais conhecida em Nova York.<\/p>\n<p>\u00c9 muito parecido com o desfile de Carnaval, onde mais de sessenta mil pessoas desfilam pela 6\u00aa Avenida com as fantasias mais extravagantes e incr\u00edveis que voc\u00ea pode imaginar, acompanhadas por carros aleg\u00f3ricos brilhantes, fantoches gigantescos, m\u00fasica alta e muita improvisa\u00e7\u00e3o.<\/p>\n<p>Se a pessoa que comparecer estiver fantasiada, ela pode participar; se voc\u00ea n\u00e3o tiver uma fantasia, poder\u00e1 v\u00ea-la no dia 31 de outubro a partir das 19h na 6th Avenue (come\u00e7a na Spring St e vai at\u00e9 a 16th Street).<\/p>\n<p>Outro evento planejado \u00e9 quando a Big Apple dispara a magia do Natal brilhando sob fogos de artif\u00edcio e l\u00e1 as multid\u00f5es se concentram na Times Square. E, embora o term\u00f4metro marque abaixo de zero, a noite fica cheia de visitantes. <\/p>\n<p>A famosa bola \u00e9 um verdadeiro s\u00edmbolo, ela sobe \u00e0s 18h e \u00e0s 23h59 desce por 60 segundos do edif\u00edcio One Times Square.<\/p>\n<p>Quando a descida termina, durante o primeiro segundo do ano novo, nuvens de fogos de artif\u00edcio caem sobre a pra\u00e7a. No \u00faltimo dia de cada ano, tornou-se um ritual para grandes multid\u00f5es se reunirem na iluminada Times Square de Nova York para dar boas-vindas a novos come\u00e7os. \u00c0 meia-noite, a multid\u00e3o atrai seu ente querido para um beijo cerimonial.  <\/p>\n<p>Ao longo do \u00faltimo s\u00e9culo, o s\u00edmbolo do Ano Novo, a bola luminosa, evoluiu de uma gaiola de ferro e madeira adornada com l\u00e2mpadas para o que vemos hoje como um deslumbrante objeto de vidro em technicolor.<\/p>\n<\/div>\n<\/div>\n<\/div>\n<\/div>\n<\/div>\n<\/div>\n<\/div>\n<\/div>\n<\/div>\n<\/div>\n<\/div>\n<\/div>\n\t\t\t\t\t\t\t\t<\/div>\n\t\t\t\t<\/div>\n\t\t\t\t<div class=\"elementor-element elementor-element-d7a8c37 elementor-widget-divider--view-line elementor-widget elementor-widget-divider\" data-id=\"d7a8c37\" data-element_type=\"widget\" data-e-type=\"widget\" data-widget_type=\"divider.default\">\n\t\t\t\t<div class=\"elementor-widget-container\">\n\t\t\t\t\t\t\t<div class=\"elementor-divider\">\n\t\t\t<span class=\"elementor-divider-separator\">\n\t\t\t\t\t\t<\/span>\n\t\t<\/div>\n\t\t\t\t\t\t<\/div>\n\t\t\t\t<\/div>\n\t\t\t\t<div class=\"elementor-element elementor-element-d58414d elementor-widget elementor-widget-text-editor\" data-id=\"d58414d\" data-element_type=\"widget\" data-e-type=\"widget\" data-widget_type=\"text-editor.default\">\n\t\t\t\t<div class=\"elementor-widget-container\">\n\t\t\t\t\t\t\t\t\t<p><strong>Para aparecer em nosso outdoor na Times Square, acesse a se\u00e7\u00e3o CONTATO.<\/strong><\/p>\n<p>Veja como isso funciona:<\/p>\n<p>Seja um anivers\u00e1rio, um pedido de casamento, um anivers\u00e1rio ou uma simples declara\u00e7\u00e3o de amor, n\u00f3s temos tudo o que voc\u00ea precisa. N\u00e3o seja um rosto na multid\u00e3o! <br \/>Coloque sua foto ou v\u00eddeo em nosso outdoor na Times Square!<\/p>\n<p>Op\u00e7\u00e3o 1: Seu v\u00eddeo\/foto de 60 segundos ser\u00e1 exibido 22 vezes por dia.<br \/>Op\u00e7\u00e3o 2: Seu v\u00eddeo\/foto de 30 segundos ser\u00e1 exibido 44 vezes por dia<br \/>Op\u00e7\u00e3o 3: Seu v\u00eddeo\/foto de 15 segundos ser\u00e1 exibido 88 vezes por dia.<\/p>\n<p>Nosso outdoor tem 31 p\u00e9s x 55 p\u00e9s e est\u00e1 localizado na 1560 Broadway (Broadway e 46th Street, logo acima da loja Pel\u00e9).<\/p>\n<p>N\u00e3o seja um rosto na multid\u00e3o!<\/p>\n\t\t\t\t\t\t\t\t<\/div>\n\t\t\t\t<\/div>\n\t\t\t\t<div class=\"elementor-element elementor-element-667454c elementor-widget elementor-widget-image\" data-id=\"667454c\" data-element_type=\"widget\" data-e-type=\"widget\" data-widget_type=\"image.default\">\n\t\t\t\t<div class=\"elementor-widget-container\">\n\t\t\t\t\t\t\t\t\t\t\t\t\t\t\t<img fetchpriority=\"high\" decoding=\"async\" width=\"1024\" height=\"538\" src=\"https:\/\/welcome-to-times-square.com\/wp-content\/uploads\/2022\/05\/Planning-an-event-in-NYC-1024x538.jpg\" class=\"attachment-large size-large wp-image-6275\" alt=\"\" srcset=\"https:\/\/welcome-to-times-square.com\/wp-content\/uploads\/2022\/05\/Planning-an-event-in-NYC-1024x538.jpg 1024w, https:\/\/welcome-to-times-square.com\/wp-content\/uploads\/2022\/05\/Planning-an-event-in-NYC-600x315.jpg 600w, https:\/\/welcome-to-times-square.com\/wp-content\/uploads\/2022\/05\/Planning-an-event-in-NYC-300x158.jpg 300w, https:\/\/welcome-to-times-square.com\/wp-content\/uploads\/2022\/05\/Planning-an-event-in-NYC-768x403.jpg 768w, https:\/\/welcome-to-times-square.com\/wp-content\/uploads\/2022\/05\/Planning-an-event-in-NYC.jpg 1200w\" sizes=\"(max-width: 1024px) 100vw, 1024px\" \/>\t\t\t\t\t\t\t\t\t\t\t\t\t\t\t<\/div>\n\t\t\t\t<\/div>\n\t\t\t\t\t<\/div>\n\t\t\t\t<\/div>\n\t\t\t\t<\/div>\n\t\t","protected":false},"excerpt":{"rendered":"Planejando um evento em NYC O 4 de julho \u00e9 um evento de planejamento em que os Estados Unidos se enchem de bandeiras, churrascos e fogos de artif\u00edcio para celebrar seu dia mais patri\u00f3tico: o Dia da Independ\u00eancia. Os americanos comemoram a aprova\u00e7\u00e3o da Declara\u00e7\u00e3o de Independ\u00eancia pelo Congresso em 4 de julho de 1776, [...]<a href=\"https:\/\/welcome-to-times-square.com\/pt-br\/planning-an-event-in-nyc\/\" class=\"read-more wyz-secondary-color-text\">read more<span class=\"screen-reader-text\">Planejando um evento em NYC<\/span><\/a>","protected":false},"author":53,"featured_media":0,"parent":0,"menu_order":0,"comment_status":"closed","ping_status":"closed","template":"elementor_header_footer","meta":{"footnotes":""},"class_list":["post-8952","page","type-page","status-publish","hentry"],"yoast_head":"<!-- This site is optimized with the Yoast SEO plugin v27.2 - https:\/\/yoast.com\/product\/yoast-seo-wordpress\/ -->\n<title>Planejando um evento em NYC - times-square<\/title>\n<meta name=\"robots\" content=\"index, follow, max-snippet:-1, max-image-preview:large, max-video-preview:-1\" \/>\n<link rel=\"canonical\" href=\"https:\/\/welcome-to-times-square.com\/pt-br\/planning-an-event-in-nyc\/\" \/>\n<meta property=\"og:locale\" content=\"pt_BR\" \/>\n<meta property=\"og:type\" content=\"article\" \/>\n<meta property=\"og:title\" content=\"Planejando um evento em NYC - times-square\" \/>\n<meta property=\"og:description\" content=\"Planejando um evento em NYC O 4 de julho \u00e9 um evento de planejamento em que os Estados Unidos se enchem de bandeiras, churrascos e fogos de artif\u00edcio para celebrar seu dia mais patri\u00f3tico: o Dia da Independ\u00eancia. Os americanos comemoram a aprova\u00e7\u00e3o da Declara\u00e7\u00e3o de Independ\u00eancia pelo Congresso em 4 de julho de 1776, [...]read morePlanejando um evento em NYC\" \/>\n<meta property=\"og:url\" content=\"https:\/\/welcome-to-times-square.com\/pt-br\/planning-an-event-in-nyc\/\" \/>\n<meta property=\"og:site_name\" content=\"times-square\" \/>\n<meta property=\"article:modified_time\" content=\"2025-01-17T10:46:22+00:00\" \/>\n<meta property=\"og:image\" content=\"https:\/\/welcome-to-times-square.com\/wp-content\/uploads\/2022\/05\/Planning-an-event-in-NYC.jpg\" \/>\n\t<meta property=\"og:image:width\" content=\"1200\" \/>\n\t<meta property=\"og:image:height\" content=\"630\" \/>\n\t<meta property=\"og:image:type\" content=\"image\/jpeg\" \/>\n<meta name=\"twitter:card\" content=\"summary_large_image\" \/>\n<meta name=\"twitter:label1\" content=\"Est. tempo de leitura\" \/>\n\t<meta name=\"twitter:data1\" content=\"5 minutos\" \/>\n<script type=\"application\/ld+json\" class=\"yoast-schema-graph\">{\"@context\":\"https:\/\/schema.org\",\"@graph\":[{\"@type\":\"WebPage\",\"@id\":\"https:\/\/welcome-to-times-square.com\/pt-br\/planning-an-event-in-nyc\/\",\"url\":\"https:\/\/welcome-to-times-square.com\/pt-br\/planning-an-event-in-nyc\/\",\"name\":\"Planejando um evento em NYC - times-square\",\"isPartOf\":{\"@id\":\"https:\/\/welcome-to-times-square.com\/pt-br\/#website\"},\"primaryImageOfPage\":{\"@id\":\"https:\/\/welcome-to-times-square.com\/pt-br\/planning-an-event-in-nyc\/#primaryimage\"},\"image\":{\"@id\":\"https:\/\/welcome-to-times-square.com\/pt-br\/planning-an-event-in-nyc\/#primaryimage\"},\"thumbnailUrl\":\"https:\/\/welcome-to-times-square.com\/wp-content\/uploads\/2022\/05\/Planning-an-event-in-NYC-1024x538.jpg\",\"datePublished\":\"2022-05-10T20:25:09+00:00\",\"dateModified\":\"2025-01-17T10:46:22+00:00\",\"breadcrumb\":{\"@id\":\"https:\/\/welcome-to-times-square.com\/pt-br\/planning-an-event-in-nyc\/#breadcrumb\"},\"inLanguage\":\"pt-BR\",\"potentialAction\":[{\"@type\":\"ReadAction\",\"target\":[\"https:\/\/welcome-to-times-square.com\/pt-br\/planning-an-event-in-nyc\/\"]}]},{\"@type\":\"ImageObject\",\"inLanguage\":\"pt-BR\",\"@id\":\"https:\/\/welcome-to-times-square.com\/pt-br\/planning-an-event-in-nyc\/#primaryimage\",\"url\":\"https:\/\/welcome-to-times-square.com\/wp-content\/uploads\/2022\/05\/Planning-an-event-in-NYC-1024x538.jpg\",\"contentUrl\":\"https:\/\/welcome-to-times-square.com\/wp-content\/uploads\/2022\/05\/Planning-an-event-in-NYC-1024x538.jpg\"},{\"@type\":\"BreadcrumbList\",\"@id\":\"https:\/\/welcome-to-times-square.com\/pt-br\/planning-an-event-in-nyc\/#breadcrumb\",\"itemListElement\":[{\"@type\":\"ListItem\",\"position\":1,\"name\":\"Home\",\"item\":\"https:\/\/welcome-to-times-square.com\/pt-br\/\"},{\"@type\":\"ListItem\",\"position\":2,\"name\":\"Planejando um evento em NYC\"}]},{\"@type\":\"WebSite\",\"@id\":\"https:\/\/welcome-to-times-square.com\/pt-br\/#website\",\"url\":\"https:\/\/welcome-to-times-square.com\/pt-br\/\",\"name\":\"times-square\",\"description\":\"times-square\",\"publisher\":{\"@id\":\"https:\/\/welcome-to-times-square.com\/pt-br\/#organization\"},\"potentialAction\":[{\"@type\":\"SearchAction\",\"target\":{\"@type\":\"EntryPoint\",\"urlTemplate\":\"https:\/\/welcome-to-times-square.com\/pt-br\/?s={search_term_string}\"},\"query-input\":{\"@type\":\"PropertyValueSpecification\",\"valueRequired\":true,\"valueName\":\"search_term_string\"}}],\"inLanguage\":\"pt-BR\"},{\"@type\":\"Organization\",\"@id\":\"https:\/\/welcome-to-times-square.com\/pt-br\/#organization\",\"name\":\"times-square\",\"url\":\"https:\/\/welcome-to-times-square.com\/pt-br\/\",\"logo\":{\"@type\":\"ImageObject\",\"inLanguage\":\"pt-BR\",\"@id\":\"https:\/\/welcome-to-times-square.com\/pt-br\/#\/schema\/logo\/image\/\",\"url\":\"https:\/\/welcome-to-times-square.com\/wp-content\/uploads\/2024\/03\/welcome-to-time-square-logo-with-r.png\",\"contentUrl\":\"https:\/\/welcome-to-times-square.com\/wp-content\/uploads\/2024\/03\/welcome-to-time-square-logo-with-r.png\",\"width\":500,\"height\":342,\"caption\":\"times-square\"},\"image\":{\"@id\":\"https:\/\/welcome-to-times-square.com\/pt-br\/#\/schema\/logo\/image\/\"}}]}<\/script>\n<!-- \/ Yoast SEO plugin. -->","yoast_head_json":{"title":"Planejando um evento em NYC - times-square","robots":{"index":"index","follow":"follow","max-snippet":"max-snippet:-1","max-image-preview":"max-image-preview:large","max-video-preview":"max-video-preview:-1"},"canonical":"https:\/\/welcome-to-times-square.com\/pt-br\/planning-an-event-in-nyc\/","og_locale":"pt_BR","og_type":"article","og_title":"Planejando um evento em NYC - times-square","og_description":"Planejando um evento em NYC O 4 de julho \u00e9 um evento de planejamento em que os Estados Unidos se enchem de bandeiras, churrascos e fogos de artif\u00edcio para celebrar seu dia mais patri\u00f3tico: o Dia da Independ\u00eancia. Os americanos comemoram a aprova\u00e7\u00e3o da Declara\u00e7\u00e3o de Independ\u00eancia pelo Congresso em 4 de julho de 1776, [...]read morePlanejando um evento em NYC","og_url":"https:\/\/welcome-to-times-square.com\/pt-br\/planning-an-event-in-nyc\/","og_site_name":"times-square","article_modified_time":"2025-01-17T10:46:22+00:00","og_image":[{"width":1200,"height":630,"url":"https:\/\/welcome-to-times-square.com\/wp-content\/uploads\/2022\/05\/Planning-an-event-in-NYC.jpg","type":"image\/jpeg"}],"twitter_card":"summary_large_image","twitter_misc":{"Est. tempo de leitura":"5 minutos"},"schema":{"@context":"https:\/\/schema.org","@graph":[{"@type":"WebPage","@id":"https:\/\/welcome-to-times-square.com\/pt-br\/planning-an-event-in-nyc\/","url":"https:\/\/welcome-to-times-square.com\/pt-br\/planning-an-event-in-nyc\/","name":"Planejando um evento em NYC - times-square","isPartOf":{"@id":"https:\/\/welcome-to-times-square.com\/pt-br\/#website"},"primaryImageOfPage":{"@id":"https:\/\/welcome-to-times-square.com\/pt-br\/planning-an-event-in-nyc\/#primaryimage"},"image":{"@id":"https:\/\/welcome-to-times-square.com\/pt-br\/planning-an-event-in-nyc\/#primaryimage"},"thumbnailUrl":"https:\/\/welcome-to-times-square.com\/wp-content\/uploads\/2022\/05\/Planning-an-event-in-NYC-1024x538.jpg","datePublished":"2022-05-10T20:25:09+00:00","dateModified":"2025-01-17T10:46:22+00:00","breadcrumb":{"@id":"https:\/\/welcome-to-times-square.com\/pt-br\/planning-an-event-in-nyc\/#breadcrumb"},"inLanguage":"pt-BR","potentialAction":[{"@type":"ReadAction","target":["https:\/\/welcome-to-times-square.com\/pt-br\/planning-an-event-in-nyc\/"]}]},{"@type":"ImageObject","inLanguage":"pt-BR","@id":"https:\/\/welcome-to-times-square.com\/pt-br\/planning-an-event-in-nyc\/#primaryimage","url":"https:\/\/welcome-to-times-square.com\/wp-content\/uploads\/2022\/05\/Planning-an-event-in-NYC-1024x538.jpg","contentUrl":"https:\/\/welcome-to-times-square.com\/wp-content\/uploads\/2022\/05\/Planning-an-event-in-NYC-1024x538.jpg"},{"@type":"BreadcrumbList","@id":"https:\/\/welcome-to-times-square.com\/pt-br\/planning-an-event-in-nyc\/#breadcrumb","itemListElement":[{"@type":"ListItem","position":1,"name":"Home","item":"https:\/\/welcome-to-times-square.com\/pt-br\/"},{"@type":"ListItem","position":2,"name":"Planejando um evento em NYC"}]},{"@type":"WebSite","@id":"https:\/\/welcome-to-times-square.com\/pt-br\/#website","url":"https:\/\/welcome-to-times-square.com\/pt-br\/","name":"times-square","description":"times-square","publisher":{"@id":"https:\/\/welcome-to-times-square.com\/pt-br\/#organization"},"potentialAction":[{"@type":"SearchAction","target":{"@type":"EntryPoint","urlTemplate":"https:\/\/welcome-to-times-square.com\/pt-br\/?s={search_term_string}"},"query-input":{"@type":"PropertyValueSpecification","valueRequired":true,"valueName":"search_term_string"}}],"inLanguage":"pt-BR"},{"@type":"Organization","@id":"https:\/\/welcome-to-times-square.com\/pt-br\/#organization","name":"times-square","url":"https:\/\/welcome-to-times-square.com\/pt-br\/","logo":{"@type":"ImageObject","inLanguage":"pt-BR","@id":"https:\/\/welcome-to-times-square.com\/pt-br\/#\/schema\/logo\/image\/","url":"https:\/\/welcome-to-times-square.com\/wp-content\/uploads\/2024\/03\/welcome-to-time-square-logo-with-r.png","contentUrl":"https:\/\/welcome-to-times-square.com\/wp-content\/uploads\/2024\/03\/welcome-to-time-square-logo-with-r.png","width":500,"height":342,"caption":"times-square"},"image":{"@id":"https:\/\/welcome-to-times-square.com\/pt-br\/#\/schema\/logo\/image\/"}}]}},"_hostinger_reach_plugin_has_subscription_block":false,"_hostinger_reach_plugin_is_elementor":false,"_links":{"self":[{"href":"https:\/\/welcome-to-times-square.com\/pt-br\/wp-json\/wp\/v2\/pages\/8952","targetHints":{"allow":["GET"]}}],"collection":[{"href":"https:\/\/welcome-to-times-square.com\/pt-br\/wp-json\/wp\/v2\/pages"}],"about":[{"href":"https:\/\/welcome-to-times-square.com\/pt-br\/wp-json\/wp\/v2\/types\/page"}],"author":[{"embeddable":true,"href":"https:\/\/welcome-to-times-square.com\/pt-br\/wp-json\/wp\/v2\/users\/53"}],"replies":[{"embeddable":true,"href":"https:\/\/welcome-to-times-square.com\/pt-br\/wp-json\/wp\/v2\/comments?post=8952"}],"version-history":[{"count":2,"href":"https:\/\/welcome-to-times-square.com\/pt-br\/wp-json\/wp\/v2\/pages\/8952\/revisions"}],"predecessor-version":[{"id":8985,"href":"https:\/\/welcome-to-times-square.com\/pt-br\/wp-json\/wp\/v2\/pages\/8952\/revisions\/8985"}],"wp:attachment":[{"href":"https:\/\/welcome-to-times-square.com\/pt-br\/wp-json\/wp\/v2\/media?parent=8952"}],"curies":[{"name":"wp","href":"https:\/\/api.w.org\/{rel}","templated":true}]}}