{"id":8957,"date":"2022-04-27T19:06:40","date_gmt":"2022-04-27T19:06:40","guid":{"rendered":"https:\/\/welcome-to-times-square.com\/visitortips\/"},"modified":"2025-01-17T10:28:05","modified_gmt":"2025-01-17T10:28:05","slug":"visitortips","status":"publish","type":"page","link":"https:\/\/welcome-to-times-square.com\/pt-br\/visitortips\/","title":{"rendered":"Dicas para visitantes"},"content":{"rendered":"\t\t<div data-elementor-type=\"wp-page\" data-elementor-id=\"8957\" class=\"elementor elementor-8957 elementor-2829\" data-elementor-post-type=\"page\">\n\t\t\t\t<div class=\"elementor-element elementor-element-a7e514d e-flex e-con-boxed e-con e-parent\" data-id=\"a7e514d\" data-element_type=\"container\" data-e-type=\"container\" data-settings=\"{&quot;background_background&quot;:&quot;classic&quot;}\">\n\t\t\t\t\t<div class=\"e-con-inner\">\n\t\t\t\t<div class=\"elementor-element elementor-element-bbaf489 elementor-widget elementor-widget-heading\" data-id=\"bbaf489\" data-element_type=\"widget\" data-e-type=\"widget\" data-widget_type=\"heading.default\">\n\t\t\t\t<div class=\"elementor-widget-container\">\n\t\t\t\t\t<h2 class=\"elementor-heading-title elementor-size-default\">Dicas para visitantes<\/h2>\t\t\t\t<\/div>\n\t\t\t\t<\/div>\n\t\t\t\t<div class=\"elementor-element elementor-element-98dd7f0 elementor-widget-divider--view-line elementor-widget elementor-widget-divider\" data-id=\"98dd7f0\" data-element_type=\"widget\" data-e-type=\"widget\" data-widget_type=\"divider.default\">\n\t\t\t\t<div class=\"elementor-widget-container\">\n\t\t\t\t\t\t\t<div class=\"elementor-divider\">\n\t\t\t<span class=\"elementor-divider-separator\">\n\t\t\t\t\t\t<\/span>\n\t\t<\/div>\n\t\t\t\t\t\t<\/div>\n\t\t\t\t<\/div>\n\t\t\t\t<div class=\"elementor-element elementor-element-2b82bc1 elementor-widget elementor-widget-text-editor\" data-id=\"2b82bc1\" data-element_type=\"widget\" data-e-type=\"widget\" data-widget_type=\"text-editor.default\">\n\t\t\t\t<div class=\"elementor-widget-container\">\n\t\t\t\t\t\t\t\t\t<div class=\"vc_row wpb_row vc_row-fluid vc_custom_1651092060602 vc_row-has-fill\">\n<div class=\"wpb_column vc_column_container vc_col-sm-12\">\n<div class=\"vc_column-inner\">\n<div class=\"wpb_wrapper\">\n<div class=\"vc_tta-container\" data-vc-action=\"collapse\">\n<div class=\"vc_general vc_tta vc_tta-tabs vc_tta-color-grey vc_tta-style-modern vc_tta-shape-rounded vc_tta-spacing-1 vc_tta-tabs-position-top vc_tta-controls-align-left vc_custom_1651098040467\">\n<div class=\"vc_tta-panels-container\">\n<div class=\"vc_tta-panels\">\n<div id=\"1651091635865-054572bc-1eb7\" class=\"vc_tta-panel vc_active\" data-vc-content=\".vc_tta-panel-body\">\n<div class=\"vc_tta-panel-body\">\n<div class=\"wpb_text_column wpb_content_element \">\n<div class=\"wpb_wrapper\">\n<p>As melhores dicas para visitantes de Nova York recomendam explorar o Bronx como um nova-iorquino e sua grande variedade de atra\u00e7\u00f5es que este destino oferece.<\/p>\n<p>No norte de Manhattan, o Bronx tem tudo a oferecer, do Zool\u00f3gico do Bronx ao famoso Yankee Stadium. Reserve um tempo e d\u00ea um passeio pelo Grand Concourse ou pegue uma balsa de Manhattan para um local id\u00edlico \u00e0 beira-mar chamado Clason Point. L\u00e1, voc\u00ea pode explorar bairros vibrantes e lindos como Riverdale, onde os turistas podem desfrutar de uma famosa cerveja Guinness no An Beal Bocht, um aut\u00eantico pub irland\u00eas; Arthur Avenue, a primeira Little Italy da cidade; e Mott Haven, onde o The Lit. Bar \u00e9 uma parada obrigat\u00f3ria para os amantes de livros, e o Chocobar Cortes \u00e9 uma parada obrigat\u00f3ria para os f\u00e3s de chocolate.   <\/p>\n<p>O Bronx \u00e9 um dos lugares mais famosos pelo Yankee Stadium, o Zool\u00f3gico do Bronx, o Jardim Bot\u00e2nico de Nova York e por ser o ber\u00e7o do hip hop, mas tamb\u00e9m vale a pena notar que ele tem muitas experi\u00eancias locais aut\u00eanticas e \u00fanicas para aproveitar. para explorar. Dos locais \u00e0 beira-mar como City Island e Orchard Beach, \u00e0 Arthur Avenue e Little Italy, os murais e restaurantes na River Avenue e 161st Street, que margeiam o Yankee Stadium, os parques e jardins extensos e o prazer da extraordin\u00e1ria culin\u00e1ria \u00e9tnica em todo o bairro, o Bronx se destaca como um destino extraordin\u00e1rio para vivenciar NYC como um nova-iorquino.  <\/p>\n<p>Uma op\u00e7\u00e3o \u00fanica e charmosa de acomoda\u00e7\u00e3o no Bronx \u00e9 o maravilhoso boutique Opera House Hotel, instalado em um teatro hist\u00f3rico reformado que j\u00e1 abrigou lendas do entretenimento como Harry Houdini e os Irm\u00e3os Marx. O hotel tem 60 quartos, academia, caf\u00e9 da manh\u00e3 incluso, servi\u00e7o de concierge e est\u00e1 localizado perto de duas esta\u00e7\u00f5es de metr\u00f4: 149th Street-Grand Concourse e Third Avenue-149th Street. <\/p>\n<p>O Bronx \u00e9 um lugar repleto de hist\u00f3ria, onde George Washington ficou hospedado no s\u00e9culo XVIII, o poeta Edgar Allan Poe viveu no s\u00e9culo XIX e a m\u00fasica hip-hop nasceu no s\u00e9culo XX. O distrito tamb\u00e9m ostenta 7.000 acres de parques (cerca de 25% de sua \u00e1rea total), de jardins majestosos como Wave Hill e o New York Botanical Garden ao Van Cortlandt Park, famoso por seu hist\u00f3rico, um \u00f3timo lugar para dicas de visitantes. <\/p>\n<p>Outra dica para os visitantes \u00e9 que o Bronx tamb\u00e9m tem muitos restaurantes, muitos deles aconchegantes estabelecimentos familiares que oferecem culin\u00e1ria aut\u00eantica do mundo todo, seja um menu colombiano, no La Masa; comida mexicana, na Taqueria Tlaxcalli ou comida italiana na Arthur Avenue. O logotipo vermelho e branco da Michelin pode ser encontrado na porta do SUYO Gastrofusion, um espa\u00e7o elegante e sofisticado onde o menu latino-asi\u00e1tico inclui Thai Chicken Empanadas e Panko Ripe. O Bronx tamb\u00e9m se tornou um destino para a comida da \u00c1frica Ocidental, gra\u00e7as a vibrantes comunidades de imigrantes como Little Ghana. Aproveite tamb\u00e9m para experimentar a culin\u00e1ria ganesa no Papaye, especialidades togolesas no Bognan International e n\u00e3o deixe de visitar o Grin para comer comida da Costa do Marfim.   <\/p>\n<p>Childable as dicas do visitante da Broadway, onde voc\u00ea pode comparecer para ver o show de O Rei Le\u00e3o \u00e9 uma aclamada adapta\u00e7\u00e3o teatral do cl\u00e1ssico filme da Disney de 1994 e do livro de Roger Allers e Irene Mecchi, que d\u00e1 vida \u00e0 hist\u00f3ria de Simba, o pr\u00edncipe dos le\u00f5es africanos, que luta contra seu tio maligno Scar pelo trono, uma vez que ele mata seu pai. Mas antes que Simba possa tomar seu lugar de direito no Ciclo da Vida; cresce com seus dois amigos amantes da divers\u00e3o, Tim\u00e3o e Pumba. Juntos, eles ensinam a Simba sua filosofia de vida, Hakuna Matata. Outro musical aclamado \u00e9 O Fantasma da \u00d3pera \u00e9 um dos musicais de grande sucesso da Broadway que foi premiado com 7 pr\u00eamios Tony, gra\u00e7as \u00e0 maravilhosa adapta\u00e7\u00e3o do romance popular de Gaston Leroux.   <\/p>\n<p>Al\u00e9m disso, outra dica para os visitantes \u00e9 que o The Mills at Jersey Gardens tem mais de 200 lojas sob o mesmo teto, \u00e0s quais planeja adicionar mais 80, al\u00e9m de restaurantes e entretenimento, fica perto do aeroporto de Newark. \u201cEstar dentro de casa\u201d n\u00e3o \u00e9 algo menor nessa \u00e1rea, j\u00e1 que no ver\u00e3o \u00e9 muito quente e estar fazendo compras com ar condicionado \u00e9 um al\u00edvio. E para o inverno, corredores aquecidos, j\u00e1 que o frio \u00e9 muito forte.  <\/p>\n<\/div>\n<\/div>\n<\/div>\n<\/div>\n<\/div>\n<\/div>\n<\/div>\n<\/div>\n<\/div>\n<\/div>\n<\/div>\n<\/div>\n\t\t\t\t\t\t\t\t<\/div>\n\t\t\t\t<\/div>\n\t\t\t\t<div class=\"elementor-element elementor-element-3c0a951 elementor-widget-divider--view-line elementor-widget elementor-widget-divider\" data-id=\"3c0a951\" data-element_type=\"widget\" data-e-type=\"widget\" data-widget_type=\"divider.default\">\n\t\t\t\t<div class=\"elementor-widget-container\">\n\t\t\t\t\t\t\t<div class=\"elementor-divider\">\n\t\t\t<span class=\"elementor-divider-separator\">\n\t\t\t\t\t\t<\/span>\n\t\t<\/div>\n\t\t\t\t\t\t<\/div>\n\t\t\t\t<\/div>\n\t\t\t\t<div class=\"elementor-element elementor-element-732b94c elementor-widget elementor-widget-text-editor\" data-id=\"732b94c\" data-element_type=\"widget\" data-e-type=\"widget\" data-widget_type=\"text-editor.default\">\n\t\t\t\t<div class=\"elementor-widget-container\">\n\t\t\t\t\t\t\t\t\t<p><strong>Para aparecer em nosso outdoor na Times Square, acesse a se\u00e7\u00e3o CONTATO.<\/strong><\/p>\n<p>Veja como isso funciona:<\/p>\n<p>Seja um anivers\u00e1rio, um pedido de casamento, um anivers\u00e1rio ou uma simples declara\u00e7\u00e3o de amor, n\u00f3s temos tudo o que voc\u00ea precisa. N\u00e3o seja um rosto na multid\u00e3o! <br \/>Coloque sua foto ou v\u00eddeo em nosso outdoor na Times Square!<\/p>\n<p>Op\u00e7\u00e3o 1: Seu v\u00eddeo\/foto de 60 segundos ser\u00e1 exibido 22 vezes por dia.<br \/>Op\u00e7\u00e3o 2: Seu v\u00eddeo\/foto de 30 segundos ser\u00e1 exibido 44 vezes por dia<br \/>Op\u00e7\u00e3o 3: Seu v\u00eddeo\/foto de 15 segundos ser\u00e1 exibido 88 vezes por dia.<\/p>\n<p>Nosso outdoor tem 31 p\u00e9s x 55 p\u00e9s e est\u00e1 localizado na 1560 Broadway (Broadway e 46th Street, logo acima da loja Pel\u00e9).<\/p>\n<p>N\u00e3o seja um rosto na multid\u00e3o!<\/p>\n\t\t\t\t\t\t\t\t<\/div>\n\t\t\t\t<\/div>\n\t\t\t\t<div class=\"elementor-element elementor-element-8fd3fb8 elementor-widget elementor-widget-image\" data-id=\"8fd3fb8\" data-element_type=\"widget\" data-e-type=\"widget\" data-widget_type=\"image.default\">\n\t\t\t\t<div class=\"elementor-widget-container\">\n\t\t\t\t\t\t\t\t\t\t\t\t\t\t\t<img fetchpriority=\"high\" decoding=\"async\" width=\"1024\" height=\"578\" src=\"https:\/\/welcome-to-times-square.com\/wp-content\/uploads\/2022\/04\/visitor-tips-1024x578.png\" class=\"attachment-large size-large wp-image-6190\" alt=\"\" srcset=\"https:\/\/welcome-to-times-square.com\/wp-content\/uploads\/2022\/04\/visitor-tips-1024x578.png 1024w, https:\/\/welcome-to-times-square.com\/wp-content\/uploads\/2022\/04\/visitor-tips-600x339.png 600w, https:\/\/welcome-to-times-square.com\/wp-content\/uploads\/2022\/04\/visitor-tips-300x169.png 300w, https:\/\/welcome-to-times-square.com\/wp-content\/uploads\/2022\/04\/visitor-tips-768x434.png 768w, https:\/\/welcome-to-times-square.com\/wp-content\/uploads\/2022\/04\/visitor-tips-1536x867.png 1536w, https:\/\/welcome-to-times-square.com\/wp-content\/uploads\/2022\/04\/visitor-tips-2048x1156.png 2048w\" sizes=\"(max-width: 1024px) 100vw, 1024px\" \/>\t\t\t\t\t\t\t\t\t\t\t\t\t\t\t<\/div>\n\t\t\t\t<\/div>\n\t\t\t\t\t<\/div>\n\t\t\t\t<\/div>\n\t\t\t\t<\/div>\n\t\t","protected":false},"excerpt":{"rendered":"Dicas para visitantes As melhores dicas para visitantes de Nova York recomendam explorar o Bronx como um nova-iorquino e sua grande variedade de atra\u00e7\u00f5es que este destino oferece. No norte de Manhattan, o Bronx tem tudo a oferecer, do Zool\u00f3gico do Bronx ao famoso Yankee Stadium. Reserve um tempo e d\u00ea um passeio pelo Grand [...]<a href=\"https:\/\/welcome-to-times-square.com\/pt-br\/visitortips\/\" class=\"read-more wyz-secondary-color-text\">read more<span class=\"screen-reader-text\">Dicas para visitantes<\/span><\/a>","protected":false},"author":53,"featured_media":0,"parent":0,"menu_order":0,"comment_status":"closed","ping_status":"closed","template":"elementor_header_footer","meta":{"footnotes":""},"class_list":["post-8957","page","type-page","status-publish","hentry"],"yoast_head":"<!-- This site is optimized with the Yoast SEO plugin v27.2 - https:\/\/yoast.com\/product\/yoast-seo-wordpress\/ -->\n<title>Dicas para visitantes - times-square<\/title>\n<meta name=\"robots\" content=\"index, follow, max-snippet:-1, max-image-preview:large, max-video-preview:-1\" \/>\n<link rel=\"canonical\" href=\"https:\/\/welcome-to-times-square.com\/pt-br\/visitortips\/\" \/>\n<meta property=\"og:locale\" content=\"pt_BR\" \/>\n<meta property=\"og:type\" content=\"article\" \/>\n<meta property=\"og:title\" content=\"Dicas para visitantes - times-square\" \/>\n<meta property=\"og:description\" content=\"Dicas para visitantes As melhores dicas para visitantes de Nova York recomendam explorar o Bronx como um nova-iorquino e sua grande variedade de atra\u00e7\u00f5es que este destino oferece. No norte de Manhattan, o Bronx tem tudo a oferecer, do Zool\u00f3gico do Bronx ao famoso Yankee Stadium. Reserve um tempo e d\u00ea um passeio pelo Grand [...]read moreDicas para visitantes\" \/>\n<meta property=\"og:url\" content=\"https:\/\/welcome-to-times-square.com\/pt-br\/visitortips\/\" \/>\n<meta property=\"og:site_name\" content=\"times-square\" \/>\n<meta property=\"article:modified_time\" content=\"2025-01-17T10:28:05+00:00\" \/>\n<meta property=\"og:image\" content=\"https:\/\/welcome-to-times-square.com\/wp-content\/uploads\/2022\/04\/visitor-tips-1024x578.png\" \/>\n\t<meta property=\"og:image:width\" content=\"1024\" \/>\n\t<meta property=\"og:image:height\" content=\"578\" \/>\n\t<meta property=\"og:image:type\" content=\"image\/png\" \/>\n<meta name=\"twitter:card\" content=\"summary_large_image\" \/>\n<meta name=\"twitter:label1\" content=\"Est. tempo de leitura\" \/>\n\t<meta name=\"twitter:data1\" content=\"4 minutos\" \/>\n<script type=\"application\/ld+json\" class=\"yoast-schema-graph\">{\"@context\":\"https:\/\/schema.org\",\"@graph\":[{\"@type\":\"WebPage\",\"@id\":\"https:\/\/welcome-to-times-square.com\/pt-br\/visitortips\/\",\"url\":\"https:\/\/welcome-to-times-square.com\/pt-br\/visitortips\/\",\"name\":\"Dicas para visitantes - times-square\",\"isPartOf\":{\"@id\":\"https:\/\/welcome-to-times-square.com\/pt-br\/#website\"},\"primaryImageOfPage\":{\"@id\":\"https:\/\/welcome-to-times-square.com\/pt-br\/visitortips\/#primaryimage\"},\"image\":{\"@id\":\"https:\/\/welcome-to-times-square.com\/pt-br\/visitortips\/#primaryimage\"},\"thumbnailUrl\":\"https:\/\/welcome-to-times-square.com\/wp-content\/uploads\/2022\/04\/visitor-tips-1024x578.png\",\"datePublished\":\"2022-04-27T19:06:40+00:00\",\"dateModified\":\"2025-01-17T10:28:05+00:00\",\"breadcrumb\":{\"@id\":\"https:\/\/welcome-to-times-square.com\/pt-br\/visitortips\/#breadcrumb\"},\"inLanguage\":\"pt-BR\",\"potentialAction\":[{\"@type\":\"ReadAction\",\"target\":[\"https:\/\/welcome-to-times-square.com\/pt-br\/visitortips\/\"]}]},{\"@type\":\"ImageObject\",\"inLanguage\":\"pt-BR\",\"@id\":\"https:\/\/welcome-to-times-square.com\/pt-br\/visitortips\/#primaryimage\",\"url\":\"https:\/\/welcome-to-times-square.com\/wp-content\/uploads\/2022\/04\/visitor-tips-1024x578.png\",\"contentUrl\":\"https:\/\/welcome-to-times-square.com\/wp-content\/uploads\/2022\/04\/visitor-tips-1024x578.png\"},{\"@type\":\"BreadcrumbList\",\"@id\":\"https:\/\/welcome-to-times-square.com\/pt-br\/visitortips\/#breadcrumb\",\"itemListElement\":[{\"@type\":\"ListItem\",\"position\":1,\"name\":\"Home\",\"item\":\"https:\/\/welcome-to-times-square.com\/pt-br\/\"},{\"@type\":\"ListItem\",\"position\":2,\"name\":\"Dicas para visitantes\"}]},{\"@type\":\"WebSite\",\"@id\":\"https:\/\/welcome-to-times-square.com\/pt-br\/#website\",\"url\":\"https:\/\/welcome-to-times-square.com\/pt-br\/\",\"name\":\"times-square\",\"description\":\"times-square\",\"publisher\":{\"@id\":\"https:\/\/welcome-to-times-square.com\/pt-br\/#organization\"},\"potentialAction\":[{\"@type\":\"SearchAction\",\"target\":{\"@type\":\"EntryPoint\",\"urlTemplate\":\"https:\/\/welcome-to-times-square.com\/pt-br\/?s={search_term_string}\"},\"query-input\":{\"@type\":\"PropertyValueSpecification\",\"valueRequired\":true,\"valueName\":\"search_term_string\"}}],\"inLanguage\":\"pt-BR\"},{\"@type\":\"Organization\",\"@id\":\"https:\/\/welcome-to-times-square.com\/pt-br\/#organization\",\"name\":\"times-square\",\"url\":\"https:\/\/welcome-to-times-square.com\/pt-br\/\",\"logo\":{\"@type\":\"ImageObject\",\"inLanguage\":\"pt-BR\",\"@id\":\"https:\/\/welcome-to-times-square.com\/pt-br\/#\/schema\/logo\/image\/\",\"url\":\"https:\/\/welcome-to-times-square.com\/wp-content\/uploads\/2024\/03\/welcome-to-time-square-logo-with-r.png\",\"contentUrl\":\"https:\/\/welcome-to-times-square.com\/wp-content\/uploads\/2024\/03\/welcome-to-time-square-logo-with-r.png\",\"width\":500,\"height\":342,\"caption\":\"times-square\"},\"image\":{\"@id\":\"https:\/\/welcome-to-times-square.com\/pt-br\/#\/schema\/logo\/image\/\"}}]}<\/script>\n<!-- \/ Yoast SEO plugin. -->","yoast_head_json":{"title":"Dicas para visitantes - times-square","robots":{"index":"index","follow":"follow","max-snippet":"max-snippet:-1","max-image-preview":"max-image-preview:large","max-video-preview":"max-video-preview:-1"},"canonical":"https:\/\/welcome-to-times-square.com\/pt-br\/visitortips\/","og_locale":"pt_BR","og_type":"article","og_title":"Dicas para visitantes - times-square","og_description":"Dicas para visitantes As melhores dicas para visitantes de Nova York recomendam explorar o Bronx como um nova-iorquino e sua grande variedade de atra\u00e7\u00f5es que este destino oferece. No norte de Manhattan, o Bronx tem tudo a oferecer, do Zool\u00f3gico do Bronx ao famoso Yankee Stadium. Reserve um tempo e d\u00ea um passeio pelo Grand [...]read moreDicas para visitantes","og_url":"https:\/\/welcome-to-times-square.com\/pt-br\/visitortips\/","og_site_name":"times-square","article_modified_time":"2025-01-17T10:28:05+00:00","og_image":[{"width":1024,"height":578,"url":"https:\/\/welcome-to-times-square.com\/wp-content\/uploads\/2022\/04\/visitor-tips-1024x578.png","type":"image\/png"}],"twitter_card":"summary_large_image","twitter_misc":{"Est. tempo de leitura":"4 minutos"},"schema":{"@context":"https:\/\/schema.org","@graph":[{"@type":"WebPage","@id":"https:\/\/welcome-to-times-square.com\/pt-br\/visitortips\/","url":"https:\/\/welcome-to-times-square.com\/pt-br\/visitortips\/","name":"Dicas para visitantes - times-square","isPartOf":{"@id":"https:\/\/welcome-to-times-square.com\/pt-br\/#website"},"primaryImageOfPage":{"@id":"https:\/\/welcome-to-times-square.com\/pt-br\/visitortips\/#primaryimage"},"image":{"@id":"https:\/\/welcome-to-times-square.com\/pt-br\/visitortips\/#primaryimage"},"thumbnailUrl":"https:\/\/welcome-to-times-square.com\/wp-content\/uploads\/2022\/04\/visitor-tips-1024x578.png","datePublished":"2022-04-27T19:06:40+00:00","dateModified":"2025-01-17T10:28:05+00:00","breadcrumb":{"@id":"https:\/\/welcome-to-times-square.com\/pt-br\/visitortips\/#breadcrumb"},"inLanguage":"pt-BR","potentialAction":[{"@type":"ReadAction","target":["https:\/\/welcome-to-times-square.com\/pt-br\/visitortips\/"]}]},{"@type":"ImageObject","inLanguage":"pt-BR","@id":"https:\/\/welcome-to-times-square.com\/pt-br\/visitortips\/#primaryimage","url":"https:\/\/welcome-to-times-square.com\/wp-content\/uploads\/2022\/04\/visitor-tips-1024x578.png","contentUrl":"https:\/\/welcome-to-times-square.com\/wp-content\/uploads\/2022\/04\/visitor-tips-1024x578.png"},{"@type":"BreadcrumbList","@id":"https:\/\/welcome-to-times-square.com\/pt-br\/visitortips\/#breadcrumb","itemListElement":[{"@type":"ListItem","position":1,"name":"Home","item":"https:\/\/welcome-to-times-square.com\/pt-br\/"},{"@type":"ListItem","position":2,"name":"Dicas para visitantes"}]},{"@type":"WebSite","@id":"https:\/\/welcome-to-times-square.com\/pt-br\/#website","url":"https:\/\/welcome-to-times-square.com\/pt-br\/","name":"times-square","description":"times-square","publisher":{"@id":"https:\/\/welcome-to-times-square.com\/pt-br\/#organization"},"potentialAction":[{"@type":"SearchAction","target":{"@type":"EntryPoint","urlTemplate":"https:\/\/welcome-to-times-square.com\/pt-br\/?s={search_term_string}"},"query-input":{"@type":"PropertyValueSpecification","valueRequired":true,"valueName":"search_term_string"}}],"inLanguage":"pt-BR"},{"@type":"Organization","@id":"https:\/\/welcome-to-times-square.com\/pt-br\/#organization","name":"times-square","url":"https:\/\/welcome-to-times-square.com\/pt-br\/","logo":{"@type":"ImageObject","inLanguage":"pt-BR","@id":"https:\/\/welcome-to-times-square.com\/pt-br\/#\/schema\/logo\/image\/","url":"https:\/\/welcome-to-times-square.com\/wp-content\/uploads\/2024\/03\/welcome-to-time-square-logo-with-r.png","contentUrl":"https:\/\/welcome-to-times-square.com\/wp-content\/uploads\/2024\/03\/welcome-to-time-square-logo-with-r.png","width":500,"height":342,"caption":"times-square"},"image":{"@id":"https:\/\/welcome-to-times-square.com\/pt-br\/#\/schema\/logo\/image\/"}}]}},"_hostinger_reach_plugin_has_subscription_block":false,"_hostinger_reach_plugin_is_elementor":false,"_links":{"self":[{"href":"https:\/\/welcome-to-times-square.com\/pt-br\/wp-json\/wp\/v2\/pages\/8957","targetHints":{"allow":["GET"]}}],"collection":[{"href":"https:\/\/welcome-to-times-square.com\/pt-br\/wp-json\/wp\/v2\/pages"}],"about":[{"href":"https:\/\/welcome-to-times-square.com\/pt-br\/wp-json\/wp\/v2\/types\/page"}],"author":[{"embeddable":true,"href":"https:\/\/welcome-to-times-square.com\/pt-br\/wp-json\/wp\/v2\/users\/53"}],"replies":[{"embeddable":true,"href":"https:\/\/welcome-to-times-square.com\/pt-br\/wp-json\/wp\/v2\/comments?post=8957"}],"version-history":[{"count":2,"href":"https:\/\/welcome-to-times-square.com\/pt-br\/wp-json\/wp\/v2\/pages\/8957\/revisions"}],"predecessor-version":[{"id":8970,"href":"https:\/\/welcome-to-times-square.com\/pt-br\/wp-json\/wp\/v2\/pages\/8957\/revisions\/8970"}],"wp:attachment":[{"href":"https:\/\/welcome-to-times-square.com\/pt-br\/wp-json\/wp\/v2\/media?parent=8957"}],"curies":[{"name":"wp","href":"https:\/\/api.w.org\/{rel}","templated":true}]}}