{"id":8976,"date":"2022-04-27T19:05:53","date_gmt":"2022-04-27T19:05:53","guid":{"rendered":"https:\/\/welcome-to-times-square.com\/visitorfaq\/"},"modified":"2025-01-17T10:54:06","modified_gmt":"2025-01-17T10:54:06","slug":"visitorfaq","status":"publish","type":"page","link":"https:\/\/welcome-to-times-square.com\/pt-br\/visitorfaq\/","title":{"rendered":"Perguntas frequentes dos visitantes"},"content":{"rendered":"\t\t<div data-elementor-type=\"wp-page\" data-elementor-id=\"8976\" class=\"elementor elementor-8976 elementor-2830\" data-elementor-post-type=\"page\">\n\t\t\t\t<div class=\"elementor-element elementor-element-9b40b4e e-flex e-con-boxed e-con e-parent\" data-id=\"9b40b4e\" data-element_type=\"container\" data-e-type=\"container\" data-settings=\"{&quot;background_background&quot;:&quot;classic&quot;}\">\n\t\t\t\t\t<div class=\"e-con-inner\">\n\t\t\t\t<div class=\"elementor-element elementor-element-a75fb83 elementor-widget elementor-widget-heading\" data-id=\"a75fb83\" data-element_type=\"widget\" data-e-type=\"widget\" data-widget_type=\"heading.default\">\n\t\t\t\t<div class=\"elementor-widget-container\">\n\t\t\t\t\t<h2 class=\"elementor-heading-title elementor-size-default\">Perguntas frequentes dos visitantes<\/h2>\t\t\t\t<\/div>\n\t\t\t\t<\/div>\n\t\t\t\t<div class=\"elementor-element elementor-element-1e178c4 elementor-widget-divider--view-line elementor-widget elementor-widget-divider\" data-id=\"1e178c4\" data-element_type=\"widget\" data-e-type=\"widget\" data-widget_type=\"divider.default\">\n\t\t\t\t<div class=\"elementor-widget-container\">\n\t\t\t\t\t\t\t<div class=\"elementor-divider\">\n\t\t\t<span class=\"elementor-divider-separator\">\n\t\t\t\t\t\t<\/span>\n\t\t<\/div>\n\t\t\t\t\t\t<\/div>\n\t\t\t\t<\/div>\n\t\t\t\t<div class=\"elementor-element elementor-element-a0ad9c3 elementor-widget elementor-widget-text-editor\" data-id=\"a0ad9c3\" data-element_type=\"widget\" data-e-type=\"widget\" data-widget_type=\"text-editor.default\">\n\t\t\t\t<div class=\"elementor-widget-container\">\n\t\t\t\t\t\t\t\t\t<div class=\"vc_row wpb_row vc_row-fluid vc_custom_1651092795173 vc_row-has-fill\">\n<div class=\"wpb_column vc_column_container vc_col-sm-12\">\n<div class=\"vc_column-inner\">\n<div class=\"wpb_wrapper\">\n<div class=\"vc_tta-container\" data-vc-action=\"collapse\">\n<div class=\"vc_general vc_tta vc_tta-tabs vc_tta-color-grey vc_tta-style-classic vc_tta-shape-rounded vc_tta-spacing-1 vc_tta-tabs-position-top vc_tta-controls-align-left vc_custom_1651098037020\">\n<div class=\"vc_tta-panels-container\">\n<div class=\"vc_tta-panels\">\n<div id=\"1651092594463-356d3df9-d74a\" class=\"vc_tta-panel vc_active\" data-vc-content=\".vc_tta-panel-body\">\n<div class=\"vc_tta-panel-body\">\n<div class=\"wpb_text_column wpb_content_element \">\n<div class=\"wpb_wrapper\">\n<p>Para cidad\u00e3os e turistas \u00e9 importante ter todas as perguntas frequentes dos visitantes para otimizar os tempos de viagem em Nova York. N\u00e3o h\u00e1 melhor ferramenta do que o conhecimento e aqui oferecemos a voc\u00ea as diferentes atividades para fazer de Nova York uma experi\u00eancia inesquec\u00edvel, al\u00e9m da Times Square. <\/p>\n<p>Quinta Avenida: Tamb\u00e9m chamada de Avenida dos Milion\u00e1rios por seus valores exorbitantes, \u00e9 uma das ruas comerciais mais importantes de Nova York e onde est\u00e3o localizadas as lojas de marcas mais famosas. A \u00e1rea de compras mais visitada \u00e9 a mais pr\u00f3xima do Central Park. <\/p>\n<p>A loja mais movimentada costuma ser a da Apple, conhecida pelo seu design e por oferecer computadores com conex\u00e3o gratuita \u00e0 internet, algo muito apreciado pelos turistas.<\/p>\n<p>Outra \u00e1rea comercial importante \u00e9 a que vai da Washington Square at\u00e9 o Flatiron Building, o primeiro arranha-c\u00e9u de Nova York.<\/p>\n<p>O centro nervoso da \u00e1rea \u00e9 a pra\u00e7a, que fica no cruzamento da Broadway com a 7\u00aa Avenida, em Midtown Manhattan. \u00c9 l\u00e1 que ficam as famosas escadas vermelhas, os letreiros iluminados, as megastores de muitas redes, etc. Apesar do que seu nome indica, n\u00e3o \u00e9 uma pra\u00e7a t\u00edpica, j\u00e1 que a Broadway Avenue atravessa a \u00e1rea na diagonal, ent\u00e3o a Times Square \u00e9 formada por dois quadrados triangulares.  <\/p>\n<p>Outro dos faqs mais famosos dos visitantes \u00e9 a conhecida pra\u00e7a de Nova York, que \u00e9 uma das atra\u00e7\u00f5es mais deslumbrantes para os turistas e uma das mais visitadas do mundo. Luzes, sons e outdoors. Qualquer pessoa que a visite pode conhecer artistas famosos de diferentes pa\u00edses do mundo. O mais importante neste centro tur\u00edstico \u00e9 estar atento a tudo o que acontece ao seu redor e n\u00e3o perder nenhum detalhe. Odiada e amada em partes iguais, milhares de pessoas &#8211; e personagens &#8211; dos mais variados passam por ela diariamente. Localizada no centro de Manhattan, n\u00e3o deixa ningu\u00e9m indiferente.     <\/p>\n<p>Um \u00f3timo faq para visitantes \u00e9 a Est\u00e1tua da Liberdade, l\u00e1 voc\u00ea faz um cruzeiro e navega pelas \u00e1guas do Rio Hudson at\u00e9 os p\u00e9s da Est\u00e1tua, esta \u00e9 uma experi\u00eancia inigual\u00e1vel. Com um guia tur\u00edstico hist\u00f3rico, voc\u00ea chegar\u00e1 \u00e0 Ilha da Liberdade para ver de perto esta obra-prima da engenharia, este s\u00edmbolo do que os Estados Unidos representam. <\/p>\n<p>Outra faq do visitante \u00e9 o passeio de helic\u00f3ptero, ver Manhattan de cima resiste a qualquer tipo de cr\u00edtica ou descri\u00e7\u00e3o. As principais atra\u00e7\u00f5es de uma cidade podem ser vistas de um ponto de vista \u00fanico. <\/p>\n<p>Gospel Mass, um \u00f3timo faq para visitantes, l\u00e1 voc\u00ea viver\u00e1 uma das experi\u00eancias sensoriais de assistir a uma missa no Harlem, \u00e9 algo \u00fanico que n\u00e3o se vive em nenhuma outra parte do mundo. Particularmente nesta \u00e1rea de Nova York, a cultura de um bairro inteiro acontece nestas pequenas estruturas religiosas. <\/p>\n<p>Poucos anos ap\u00f3s a inaugura\u00e7\u00e3o do One World Observatory, o horizonte da cidade recebeu o Edge no Hudson Yards em 2020, que tamb\u00e9m introduziu recentemente uma nova maneira impressionante de ver o horizonte com o City Climb, a aventura em arranha-c\u00e9us para quem deseja apreciar uma vista de 365 metros acima do solo.<\/p>\n<p>No outono passado, o Summit One Vanderbilt inaugurou o quinto observat\u00f3rio. Al\u00e9m disso, uma nova atra\u00e7\u00e3o virtual que oferece uma vista \u00fanica estreou: RiseNY, uma experi\u00eancia imersiva e interativa que d\u00e1 aos visitantes a oportunidade de ver a cidade virtualmente enquanto est\u00e1 suspensa a 9 metros no ar. <\/p>\n<p>A partir de 6 de abril, o Museu Whitney comemorou sua 80\u00aa Bienal do Whitney, Quiet as It\u2019s Kept, apresentando uma variedade de artistas intergeracionais exibindo uma constela\u00e7\u00e3o de arte e ideias que est\u00e3o presentes hoje.<\/p>\n<p>Um faq muito importante para os visitantes \u00e9 o Makina Caf\u00e9, o primeiro restaurante et\u00edope-eritreu m\u00f3vel da cidade, \u00e9 um restaurante de servi\u00e7o completo em Sunnyside, Queens. O Eisenberg\u2019s Sandwich Shop, uma lanchonete de Manhattan de 91 anos, reabrir\u00e1 com um novo nome, S&amp;P. <\/p>\n<p>Por outro lado, o aclamado Clinton Hall abriu sua sexta cervejaria no Empire Outlets. Eles oferecem uma sele\u00e7\u00e3o s\u00f3lida de cerveja artesanal, vinho, coquet\u00e9is e culin\u00e1ria. <\/p>\n<p>Outra faq do visitante \u2018Le Pavillon\u2019 \u00e9 um espa\u00e7o impressionante, criado pelo chef Daniel Boulud, com servi\u00e7o amig\u00e1vel e impec\u00e1vel, frutos do mar de qualidade e uma grande variedade de pratos de vegetais. Durante a pandemia, Boulud tamb\u00e9m renovou extensivamente seu amado restaurante \u2018Daniel\u2019. <\/p>\n<p>Perguntas frequentes dos visitantes: h\u00e1 muitos hot\u00e9is com mais hist\u00f3ria em Nova York. Em alguns desses lugares passaram figuras como Marilyn Monroe, JFK, Sid Vicious ou Bob Dylan.<\/p>\n<p>O hotel Plaza talvez se encaixe na categoria de hotel mais emblem\u00e1tico de Midtown, Nova York. Eles oferecem camas king-size com vista para o Central Park e para a loja da Apple mais famosa do mundo. Existem in\u00fameras lendas em torno deste hotel desde que foi inaugurado em 1907 seguindo o projeto de Henry Janeway Hardenbergh, um cl\u00e1ssico da cidade que tamb\u00e9m projetou o Waldorf Astoria ou o Dakota. Mas dizer que With death on Hitchcock\u2019s heels starts at the hall of the hotel j\u00e1 s\u00e3o motivos suficientes para tentar colocar a cabe\u00e7a para fora e tirar algumas fotos.   <\/p>\n<\/div>\n<\/div>\n<\/div>\n<\/div>\n<\/div>\n<\/div>\n<\/div>\n<\/div>\n<\/div>\n<\/div>\n<\/div>\n<\/div>\n\t\t\t\t\t\t\t\t<\/div>\n\t\t\t\t<\/div>\n\t\t\t\t<div class=\"elementor-element elementor-element-8c36d66 elementor-widget-divider--view-line elementor-widget elementor-widget-divider\" data-id=\"8c36d66\" data-element_type=\"widget\" data-e-type=\"widget\" data-widget_type=\"divider.default\">\n\t\t\t\t<div class=\"elementor-widget-container\">\n\t\t\t\t\t\t\t<div class=\"elementor-divider\">\n\t\t\t<span class=\"elementor-divider-separator\">\n\t\t\t\t\t\t<\/span>\n\t\t<\/div>\n\t\t\t\t\t\t<\/div>\n\t\t\t\t<\/div>\n\t\t\t\t<div class=\"elementor-element elementor-element-9884656 elementor-widget elementor-widget-text-editor\" data-id=\"9884656\" data-element_type=\"widget\" data-e-type=\"widget\" data-widget_type=\"text-editor.default\">\n\t\t\t\t<div class=\"elementor-widget-container\">\n\t\t\t\t\t\t\t\t\t<p><strong>Para aparecer em nosso outdoor na Times Square, acesse a se\u00e7\u00e3o CONTATO.<\/strong><\/p>\n<p>Veja como isso funciona:<\/p>\n<p>Seja um anivers\u00e1rio, um pedido de casamento, um anivers\u00e1rio ou uma simples declara\u00e7\u00e3o de amor, n\u00f3s temos tudo o que voc\u00ea precisa. N\u00e3o seja um rosto na multid\u00e3o! <br \/>Coloque sua foto ou v\u00eddeo em nosso outdoor na Times Square!<\/p>\n<p>Op\u00e7\u00e3o 1: Seu v\u00eddeo\/foto de 60 segundos ser\u00e1 exibido 22 vezes por dia.<br \/>Op\u00e7\u00e3o 2: Seu v\u00eddeo\/foto de 30 segundos ser\u00e1 exibido 44 vezes por dia<br \/>Op\u00e7\u00e3o 3: Seu v\u00eddeo\/foto de 15 segundos ser\u00e1 exibido 88 vezes por dia.<\/p>\n<p>Nosso outdoor tem 31 p\u00e9s x 55 p\u00e9s e est\u00e1 localizado na 1560 Broadway (Broadway e 46th Street, logo acima da loja Pel\u00e9).<\/p>\n<p>N\u00e3o seja um rosto na multid\u00e3o!<\/p>\n\t\t\t\t\t\t\t\t<\/div>\n\t\t\t\t<\/div>\n\t\t\t\t<div class=\"elementor-element elementor-element-ab80097 elementor-widget elementor-widget-image\" data-id=\"ab80097\" data-element_type=\"widget\" data-e-type=\"widget\" data-widget_type=\"image.default\">\n\t\t\t\t<div class=\"elementor-widget-container\">\n\t\t\t\t\t\t\t\t\t\t\t\t\t\t\t<img fetchpriority=\"high\" decoding=\"async\" width=\"1024\" height=\"353\" src=\"https:\/\/welcome-to-times-square.com\/wp-content\/uploads\/2022\/04\/visitor-faq-1024x353.png\" class=\"attachment-large size-large wp-image-6195\" alt=\"\" srcset=\"https:\/\/welcome-to-times-square.com\/wp-content\/uploads\/2022\/04\/visitor-faq-1024x353.png 1024w, https:\/\/welcome-to-times-square.com\/wp-content\/uploads\/2022\/04\/visitor-faq-600x207.png 600w, https:\/\/welcome-to-times-square.com\/wp-content\/uploads\/2022\/04\/visitor-faq-300x104.png 300w, https:\/\/welcome-to-times-square.com\/wp-content\/uploads\/2022\/04\/visitor-faq-768x265.png 768w, https:\/\/welcome-to-times-square.com\/wp-content\/uploads\/2022\/04\/visitor-faq-1536x530.png 1536w, https:\/\/welcome-to-times-square.com\/wp-content\/uploads\/2022\/04\/visitor-faq-2048x707.png 2048w\" sizes=\"(max-width: 1024px) 100vw, 1024px\" \/>\t\t\t\t\t\t\t\t\t\t\t\t\t\t\t<\/div>\n\t\t\t\t<\/div>\n\t\t\t\t\t<\/div>\n\t\t\t\t<\/div>\n\t\t\t\t<\/div>\n\t\t","protected":false},"excerpt":{"rendered":"Perguntas frequentes dos visitantes Para cidad\u00e3os e turistas \u00e9 importante ter todas as perguntas frequentes dos visitantes para otimizar os tempos de viagem em Nova York. N\u00e3o h\u00e1 melhor ferramenta do que o conhecimento e aqui oferecemos a voc\u00ea as diferentes atividades para fazer de Nova York uma experi\u00eancia inesquec\u00edvel, al\u00e9m da Times Square. Quinta [...]<a href=\"https:\/\/welcome-to-times-square.com\/pt-br\/visitorfaq\/\" class=\"read-more wyz-secondary-color-text\">read more<span class=\"screen-reader-text\">Perguntas frequentes dos visitantes<\/span><\/a>","protected":false},"author":53,"featured_media":0,"parent":0,"menu_order":0,"comment_status":"closed","ping_status":"closed","template":"elementor_header_footer","meta":{"footnotes":""},"class_list":["post-8976","page","type-page","status-publish","hentry"],"yoast_head":"<!-- This site is optimized with the Yoast SEO plugin v27.2 - https:\/\/yoast.com\/product\/yoast-seo-wordpress\/ -->\n<title>Perguntas frequentes dos visitantes - times-square<\/title>\n<meta name=\"robots\" content=\"index, follow, max-snippet:-1, max-image-preview:large, max-video-preview:-1\" \/>\n<link rel=\"canonical\" href=\"https:\/\/welcome-to-times-square.com\/pt-br\/visitorfaq\/\" \/>\n<meta property=\"og:locale\" content=\"pt_BR\" \/>\n<meta property=\"og:type\" content=\"article\" \/>\n<meta property=\"og:title\" content=\"Perguntas frequentes dos visitantes - times-square\" \/>\n<meta property=\"og:description\" content=\"Perguntas frequentes dos visitantes Para cidad\u00e3os e turistas \u00e9 importante ter todas as perguntas frequentes dos visitantes para otimizar os tempos de viagem em Nova York. N\u00e3o h\u00e1 melhor ferramenta do que o conhecimento e aqui oferecemos a voc\u00ea as diferentes atividades para fazer de Nova York uma experi\u00eancia inesquec\u00edvel, al\u00e9m da Times Square. Quinta [...]read morePerguntas frequentes dos visitantes\" \/>\n<meta property=\"og:url\" content=\"https:\/\/welcome-to-times-square.com\/pt-br\/visitorfaq\/\" \/>\n<meta property=\"og:site_name\" content=\"times-square\" \/>\n<meta property=\"article:modified_time\" content=\"2025-01-17T10:54:06+00:00\" \/>\n<meta property=\"og:image\" content=\"https:\/\/welcome-to-times-square.com\/wp-content\/uploads\/2022\/04\/visitor-faq-1024x353.png\" \/>\n\t<meta property=\"og:image:width\" content=\"1024\" \/>\n\t<meta property=\"og:image:height\" content=\"353\" \/>\n\t<meta property=\"og:image:type\" content=\"image\/png\" \/>\n<meta name=\"twitter:card\" content=\"summary_large_image\" \/>\n<meta name=\"twitter:label1\" content=\"Est. tempo de leitura\" \/>\n\t<meta name=\"twitter:data1\" content=\"5 minutos\" \/>\n<script type=\"application\/ld+json\" class=\"yoast-schema-graph\">{\"@context\":\"https:\/\/schema.org\",\"@graph\":[{\"@type\":\"WebPage\",\"@id\":\"https:\/\/welcome-to-times-square.com\/pt-br\/visitorfaq\/\",\"url\":\"https:\/\/welcome-to-times-square.com\/pt-br\/visitorfaq\/\",\"name\":\"Perguntas frequentes dos visitantes - times-square\",\"isPartOf\":{\"@id\":\"https:\/\/welcome-to-times-square.com\/pt-br\/#website\"},\"primaryImageOfPage\":{\"@id\":\"https:\/\/welcome-to-times-square.com\/pt-br\/visitorfaq\/#primaryimage\"},\"image\":{\"@id\":\"https:\/\/welcome-to-times-square.com\/pt-br\/visitorfaq\/#primaryimage\"},\"thumbnailUrl\":\"https:\/\/welcome-to-times-square.com\/wp-content\/uploads\/2022\/04\/visitor-faq-1024x353.png\",\"datePublished\":\"2022-04-27T19:05:53+00:00\",\"dateModified\":\"2025-01-17T10:54:06+00:00\",\"breadcrumb\":{\"@id\":\"https:\/\/welcome-to-times-square.com\/pt-br\/visitorfaq\/#breadcrumb\"},\"inLanguage\":\"pt-BR\",\"potentialAction\":[{\"@type\":\"ReadAction\",\"target\":[\"https:\/\/welcome-to-times-square.com\/pt-br\/visitorfaq\/\"]}]},{\"@type\":\"ImageObject\",\"inLanguage\":\"pt-BR\",\"@id\":\"https:\/\/welcome-to-times-square.com\/pt-br\/visitorfaq\/#primaryimage\",\"url\":\"https:\/\/welcome-to-times-square.com\/wp-content\/uploads\/2022\/04\/visitor-faq-1024x353.png\",\"contentUrl\":\"https:\/\/welcome-to-times-square.com\/wp-content\/uploads\/2022\/04\/visitor-faq-1024x353.png\"},{\"@type\":\"BreadcrumbList\",\"@id\":\"https:\/\/welcome-to-times-square.com\/pt-br\/visitorfaq\/#breadcrumb\",\"itemListElement\":[{\"@type\":\"ListItem\",\"position\":1,\"name\":\"Home\",\"item\":\"https:\/\/welcome-to-times-square.com\/pt-br\/\"},{\"@type\":\"ListItem\",\"position\":2,\"name\":\"Perguntas frequentes dos visitantes\"}]},{\"@type\":\"WebSite\",\"@id\":\"https:\/\/welcome-to-times-square.com\/pt-br\/#website\",\"url\":\"https:\/\/welcome-to-times-square.com\/pt-br\/\",\"name\":\"times-square\",\"description\":\"times-square\",\"publisher\":{\"@id\":\"https:\/\/welcome-to-times-square.com\/pt-br\/#organization\"},\"potentialAction\":[{\"@type\":\"SearchAction\",\"target\":{\"@type\":\"EntryPoint\",\"urlTemplate\":\"https:\/\/welcome-to-times-square.com\/pt-br\/?s={search_term_string}\"},\"query-input\":{\"@type\":\"PropertyValueSpecification\",\"valueRequired\":true,\"valueName\":\"search_term_string\"}}],\"inLanguage\":\"pt-BR\"},{\"@type\":\"Organization\",\"@id\":\"https:\/\/welcome-to-times-square.com\/pt-br\/#organization\",\"name\":\"times-square\",\"url\":\"https:\/\/welcome-to-times-square.com\/pt-br\/\",\"logo\":{\"@type\":\"ImageObject\",\"inLanguage\":\"pt-BR\",\"@id\":\"https:\/\/welcome-to-times-square.com\/pt-br\/#\/schema\/logo\/image\/\",\"url\":\"https:\/\/welcome-to-times-square.com\/wp-content\/uploads\/2024\/03\/welcome-to-time-square-logo-with-r.png\",\"contentUrl\":\"https:\/\/welcome-to-times-square.com\/wp-content\/uploads\/2024\/03\/welcome-to-time-square-logo-with-r.png\",\"width\":500,\"height\":342,\"caption\":\"times-square\"},\"image\":{\"@id\":\"https:\/\/welcome-to-times-square.com\/pt-br\/#\/schema\/logo\/image\/\"}}]}<\/script>\n<!-- \/ Yoast SEO plugin. -->","yoast_head_json":{"title":"Perguntas frequentes dos visitantes - times-square","robots":{"index":"index","follow":"follow","max-snippet":"max-snippet:-1","max-image-preview":"max-image-preview:large","max-video-preview":"max-video-preview:-1"},"canonical":"https:\/\/welcome-to-times-square.com\/pt-br\/visitorfaq\/","og_locale":"pt_BR","og_type":"article","og_title":"Perguntas frequentes dos visitantes - times-square","og_description":"Perguntas frequentes dos visitantes Para cidad\u00e3os e turistas \u00e9 importante ter todas as perguntas frequentes dos visitantes para otimizar os tempos de viagem em Nova York. N\u00e3o h\u00e1 melhor ferramenta do que o conhecimento e aqui oferecemos a voc\u00ea as diferentes atividades para fazer de Nova York uma experi\u00eancia inesquec\u00edvel, al\u00e9m da Times Square. Quinta [...]read morePerguntas frequentes dos visitantes","og_url":"https:\/\/welcome-to-times-square.com\/pt-br\/visitorfaq\/","og_site_name":"times-square","article_modified_time":"2025-01-17T10:54:06+00:00","og_image":[{"width":1024,"height":353,"url":"https:\/\/welcome-to-times-square.com\/wp-content\/uploads\/2022\/04\/visitor-faq-1024x353.png","type":"image\/png"}],"twitter_card":"summary_large_image","twitter_misc":{"Est. tempo de leitura":"5 minutos"},"schema":{"@context":"https:\/\/schema.org","@graph":[{"@type":"WebPage","@id":"https:\/\/welcome-to-times-square.com\/pt-br\/visitorfaq\/","url":"https:\/\/welcome-to-times-square.com\/pt-br\/visitorfaq\/","name":"Perguntas frequentes dos visitantes - times-square","isPartOf":{"@id":"https:\/\/welcome-to-times-square.com\/pt-br\/#website"},"primaryImageOfPage":{"@id":"https:\/\/welcome-to-times-square.com\/pt-br\/visitorfaq\/#primaryimage"},"image":{"@id":"https:\/\/welcome-to-times-square.com\/pt-br\/visitorfaq\/#primaryimage"},"thumbnailUrl":"https:\/\/welcome-to-times-square.com\/wp-content\/uploads\/2022\/04\/visitor-faq-1024x353.png","datePublished":"2022-04-27T19:05:53+00:00","dateModified":"2025-01-17T10:54:06+00:00","breadcrumb":{"@id":"https:\/\/welcome-to-times-square.com\/pt-br\/visitorfaq\/#breadcrumb"},"inLanguage":"pt-BR","potentialAction":[{"@type":"ReadAction","target":["https:\/\/welcome-to-times-square.com\/pt-br\/visitorfaq\/"]}]},{"@type":"ImageObject","inLanguage":"pt-BR","@id":"https:\/\/welcome-to-times-square.com\/pt-br\/visitorfaq\/#primaryimage","url":"https:\/\/welcome-to-times-square.com\/wp-content\/uploads\/2022\/04\/visitor-faq-1024x353.png","contentUrl":"https:\/\/welcome-to-times-square.com\/wp-content\/uploads\/2022\/04\/visitor-faq-1024x353.png"},{"@type":"BreadcrumbList","@id":"https:\/\/welcome-to-times-square.com\/pt-br\/visitorfaq\/#breadcrumb","itemListElement":[{"@type":"ListItem","position":1,"name":"Home","item":"https:\/\/welcome-to-times-square.com\/pt-br\/"},{"@type":"ListItem","position":2,"name":"Perguntas frequentes dos visitantes"}]},{"@type":"WebSite","@id":"https:\/\/welcome-to-times-square.com\/pt-br\/#website","url":"https:\/\/welcome-to-times-square.com\/pt-br\/","name":"times-square","description":"times-square","publisher":{"@id":"https:\/\/welcome-to-times-square.com\/pt-br\/#organization"},"potentialAction":[{"@type":"SearchAction","target":{"@type":"EntryPoint","urlTemplate":"https:\/\/welcome-to-times-square.com\/pt-br\/?s={search_term_string}"},"query-input":{"@type":"PropertyValueSpecification","valueRequired":true,"valueName":"search_term_string"}}],"inLanguage":"pt-BR"},{"@type":"Organization","@id":"https:\/\/welcome-to-times-square.com\/pt-br\/#organization","name":"times-square","url":"https:\/\/welcome-to-times-square.com\/pt-br\/","logo":{"@type":"ImageObject","inLanguage":"pt-BR","@id":"https:\/\/welcome-to-times-square.com\/pt-br\/#\/schema\/logo\/image\/","url":"https:\/\/welcome-to-times-square.com\/wp-content\/uploads\/2024\/03\/welcome-to-time-square-logo-with-r.png","contentUrl":"https:\/\/welcome-to-times-square.com\/wp-content\/uploads\/2024\/03\/welcome-to-time-square-logo-with-r.png","width":500,"height":342,"caption":"times-square"},"image":{"@id":"https:\/\/welcome-to-times-square.com\/pt-br\/#\/schema\/logo\/image\/"}}]}},"_hostinger_reach_plugin_has_subscription_block":false,"_hostinger_reach_plugin_is_elementor":false,"_links":{"self":[{"href":"https:\/\/welcome-to-times-square.com\/pt-br\/wp-json\/wp\/v2\/pages\/8976","targetHints":{"allow":["GET"]}}],"collection":[{"href":"https:\/\/welcome-to-times-square.com\/pt-br\/wp-json\/wp\/v2\/pages"}],"about":[{"href":"https:\/\/welcome-to-times-square.com\/pt-br\/wp-json\/wp\/v2\/types\/page"}],"author":[{"embeddable":true,"href":"https:\/\/welcome-to-times-square.com\/pt-br\/wp-json\/wp\/v2\/users\/53"}],"replies":[{"embeddable":true,"href":"https:\/\/welcome-to-times-square.com\/pt-br\/wp-json\/wp\/v2\/comments?post=8976"}],"version-history":[{"count":2,"href":"https:\/\/welcome-to-times-square.com\/pt-br\/wp-json\/wp\/v2\/pages\/8976\/revisions"}],"predecessor-version":[{"id":8989,"href":"https:\/\/welcome-to-times-square.com\/pt-br\/wp-json\/wp\/v2\/pages\/8976\/revisions\/8989"}],"wp:attachment":[{"href":"https:\/\/welcome-to-times-square.com\/pt-br\/wp-json\/wp\/v2\/media?parent=8976"}],"curies":[{"name":"wp","href":"https:\/\/api.w.org\/{rel}","templated":true}]}}