{"id":8997,"date":"2022-05-10T20:25:15","date_gmt":"2022-05-10T20:25:15","guid":{"rendered":"https:\/\/welcome-to-times-square.com\/seasonal-events\/"},"modified":"2025-01-17T11:36:05","modified_gmt":"2025-01-17T11:36:05","slug":"seasonal-events","status":"publish","type":"page","link":"https:\/\/welcome-to-times-square.com\/pt-br\/seasonal-events\/","title":{"rendered":"Eventos sazonais"},"content":{"rendered":"\t\t<div data-elementor-type=\"wp-page\" data-elementor-id=\"8997\" class=\"elementor elementor-8997 elementor-2929\" data-elementor-post-type=\"page\">\n\t\t\t\t<div class=\"elementor-element elementor-element-c183f3e e-flex e-con-boxed e-con e-parent\" data-id=\"c183f3e\" data-element_type=\"container\" data-e-type=\"container\" data-settings=\"{&quot;background_background&quot;:&quot;classic&quot;}\">\n\t\t\t\t\t<div class=\"e-con-inner\">\n\t\t\t\t<div class=\"elementor-element elementor-element-aa575a2 elementor-widget elementor-widget-heading\" data-id=\"aa575a2\" data-element_type=\"widget\" data-e-type=\"widget\" data-widget_type=\"heading.default\">\n\t\t\t\t<div class=\"elementor-widget-container\">\n\t\t\t\t\t<h2 class=\"elementor-heading-title elementor-size-default\">Eventos sazonais<\/h2>\t\t\t\t<\/div>\n\t\t\t\t<\/div>\n\t\t\t\t<div class=\"elementor-element elementor-element-0d9214c elementor-widget-divider--view-line elementor-widget elementor-widget-divider\" data-id=\"0d9214c\" data-element_type=\"widget\" data-e-type=\"widget\" data-widget_type=\"divider.default\">\n\t\t\t\t<div class=\"elementor-widget-container\">\n\t\t\t\t\t\t\t<div class=\"elementor-divider\">\n\t\t\t<span class=\"elementor-divider-separator\">\n\t\t\t\t\t\t<\/span>\n\t\t<\/div>\n\t\t\t\t\t\t<\/div>\n\t\t\t\t<\/div>\n\t\t\t\t<div class=\"elementor-element elementor-element-aff9f01 elementor-widget elementor-widget-text-editor\" data-id=\"aff9f01\" data-element_type=\"widget\" data-e-type=\"widget\" data-widget_type=\"text-editor.default\">\n\t\t\t\t<div class=\"elementor-widget-container\">\n\t\t\t\t\t\t\t\t\t<div class=\"vc_row wpb_row vc_row-fluid vc_custom_1652220603510 vc_row-has-fill\">\n<div class=\"wpb_column vc_column_container vc_col-sm-12\">\n<div class=\"vc_column-inner\">\n<div class=\"wpb_wrapper\">\n<div class=\"vc_tta-container\" data-vc-action=\"collapse\">\n<div class=\"vc_general vc_tta vc_tta-tabs vc_tta-color-grey vc_tta-style-classic vc_tta-shape-rounded vc_tta-spacing-1 vc_tta-tabs-position-top vc_tta-controls-align-left\">\n<div class=\"vc_tta-panels-container\">\n<div class=\"vc_tta-panels\">\n<div id=\"1652214011896-ec5c9b43-8aad\" class=\"vc_tta-panel vc_active\" data-vc-content=\".vc_tta-panel-body\">\n<div class=\"vc_tta-panel-body\">\n<div class=\"wpb_text_column wpb_content_element \">\n<div class=\"wpb_wrapper\">\n<p>Um dos eventos sazonais \u00e9 a contagem regressiva para a v\u00e9spera de Ano Novo, uma enorme bola de cristal desce sobre milh\u00f5es de pessoas de todo o mundo que v\u00eam para celebr\u00e1-la. Essa tradi\u00e7\u00e3o come\u00e7ou no jornal New York Times em 1907: a queda da bola. <\/p>\n<p>Visto de baixo, voc\u00ea n\u00e3o v\u00ea muita coisa, mas at\u00e9 um milh\u00e3o de pessoas se re\u00fanem para esperar o ano novo. Como parte da celebra\u00e7\u00e3o, h\u00e1 shows de figuras famosas como Lady Gaga e Justin Bieber. Se voc\u00ea quiser fazer parte dessa grande tradi\u00e7\u00e3o de Nova York, precisa chegar bem cedo para poder ficar localizado entre as ruas 42 e 47.  <\/p>\n<p>\u00c0s 15h a \u00e1rea principal come\u00e7a a encher e \u00e0s 23h n\u00e3o entra uma \u00fanica agulha. \u00c9 recomendado levar comida e bebida, porque \u00e9 poss\u00edvel que se eles sa\u00edrem do lugar para comprar algo n\u00e3o consigam retornar porque est\u00e1 lotado de pessoas. <\/p>\n<p>O Empire State \u00e9 o segundo lugar mais popular em Nova York para dizer adeus ao ano, um grande evento sazonal. O edif\u00edcio \u00e9 cheio de luzes e \u00e9 o centro do show de fogos de artif\u00edcio mais atraente da cidade. <\/p>\n<p>O observat\u00f3rio fica aberto todos os dias do ano, ent\u00e3o uma \u00f3tima ideia \u00e9 receber o ano l\u00e1. Para poder fazer isso, voc\u00ea tem que comprar os ingressos com bastante anteced\u00eancia. <\/p>\n<p>Outro evento sazonal em Nova York \u00e9 o calend\u00e1rio de semanas de moda em fevereiro, com desfiles, medidas de biosseguran\u00e7a mais r\u00edgidas e a participa\u00e7\u00e3o de marcas e designers importantes para a ind\u00fastria da moda.<\/p>\n<p>A programa\u00e7\u00e3o outono-inverno conta com uma iniciativa bianual de designers masculinos e emergentes criada pela Agentry PR, na qual cerca de 10 marcas apresentam suas novas propostas para a esta\u00e7\u00e3o seguinte.<\/p>\n<p>Outro evento sazonal \u00e9 que o Hudson Yards introduziu sua programa\u00e7\u00e3o Backyard at Hudson Yards com eventos ao ar livre gratuitos. Pela primeira vez, o Backyard at Hudson Yards sediar\u00e1 uma s\u00e9rie de concertos de 10 semanas com curadoria do The Bowery Presents apresentando os artistas emergentes de hoje. <\/p>\n<p>Os shows de ver\u00e3o no Palco Wells Fargo ser\u00e3o acompanhados pela programa\u00e7\u00e3o mais popular do Backyard em anos, incluindo: torneios esportivos ao vivo na tela grande de 30 p\u00e9s; programa\u00e7\u00e3o infantil divertida e aulas do CAMP e Union Square Play; aulas de gin\u00e1stica SoulCycle; uma infinidade de op\u00e7\u00f5es de refei\u00e7\u00f5es ao ar livre com uma sele\u00e7\u00e3o rotativa de food trucks, bem como o JIBS, o bar da marina e barraca de lagosta no cora\u00e7\u00e3o de Manhattan que se tornou uma das mesas mais populares da cidade. Na temporada passada; h\u00e1 uma s\u00e9rie de exibi\u00e7\u00f5es de filmes ao ar livre para encerrar a temporada; e muito mais.<\/p>\n<p>Outro evento sazonal \u00e9 o 4 de julho, um dos feriados mais importantes do ano nos Estados Unidos e em Nova York \u00e9 comemorado em grande estilo. Se voc\u00ea vai estar em Nova York no in\u00edcio de julho e quer saber como passar este dia como um verdadeiro nova-iorquino, n\u00e3o pode deixar de comemorar este grande dia. No dia 4 de julho em Nova York, \u00e9 comemorada uma das festividades mais importantes do pa\u00eds, o Dia da Independ\u00eancia, o anivers\u00e1rio da proclama\u00e7\u00e3o dos Estados Unidos como um pa\u00eds independente em 4 de julho de 1776. Com a assinatura da Declara\u00e7\u00e3o de Independ\u00eancia, a nova hist\u00f3ria dos Estados Unidos como um pa\u00eds independente e os nova-iorquinos celebram o dia nacional com festas, fogos de artif\u00edcio e, claro, muitas estrelas e listras. Nosso grande conselho \u00e9 que voc\u00ea aproveite este dia para descobrir a aut\u00eantica Nova York, com menos visitas a atra\u00e7\u00f5es e monumentos e mais atividades t\u00edpicas deste feriado t\u00e3o especial, como fogos de artif\u00edcio, piqueniques ou horas relaxantes na praia.    <\/p>\n<p>Passeios especiais de barco que permitem que voc\u00ea veja os famosos e incr\u00edveis fogos de artif\u00edcio da Macy\u2019s sobre Nova York de um ponto de vista imbat\u00edvel s\u00e3o altamente recomendados. Em todo caso, h\u00e1 muitos eventos e festas especiais que acontecem neste dia em Nova York, ent\u00e3o voc\u00ea encontrar\u00e1 muitas propostas excelentes. <\/p>\n<p>Voc\u00ea pode fazer um tour pelo horizonte de Manhattan em um espetacular cruzeiro circular da Circle Line. Aproveitando o p\u00f4r do sol, as luzes espetaculares do horizonte da cidade e os fogos de artif\u00edcio coloridos sobre a \u00e1gua durante esta noite memor\u00e1vel. <\/p>\n<p>Outra das atividades preferidas dos nova-iorquinos para celebrar o 4 de julho \u00e9 aproveitar o dia de folga e o calor para fazer um churrasco ou piquenique em um parque. Voc\u00ea pode ir ao Sheep Meadow (principal \u00e1rea verde do Central Park) neste dia, onde voc\u00ea encontrar\u00e1 centenas de pessoas curtindo um piquenique ao ar livre com seus familiares e amigos. <\/p>\n<\/div>\n<\/div>\n<\/div>\n<\/div>\n<\/div>\n<\/div>\n<\/div>\n<\/div>\n<\/div>\n<\/div>\n<\/div>\n<\/div>\n\t\t\t\t\t\t\t\t<\/div>\n\t\t\t\t<\/div>\n\t\t\t\t<div class=\"elementor-element elementor-element-f4a5dea elementor-widget-divider--view-line elementor-widget elementor-widget-divider\" data-id=\"f4a5dea\" data-element_type=\"widget\" data-e-type=\"widget\" data-widget_type=\"divider.default\">\n\t\t\t\t<div class=\"elementor-widget-container\">\n\t\t\t\t\t\t\t<div class=\"elementor-divider\">\n\t\t\t<span class=\"elementor-divider-separator\">\n\t\t\t\t\t\t<\/span>\n\t\t<\/div>\n\t\t\t\t\t\t<\/div>\n\t\t\t\t<\/div>\n\t\t\t\t<div class=\"elementor-element elementor-element-c2f2353 elementor-widget elementor-widget-text-editor\" data-id=\"c2f2353\" data-element_type=\"widget\" data-e-type=\"widget\" data-widget_type=\"text-editor.default\">\n\t\t\t\t<div class=\"elementor-widget-container\">\n\t\t\t\t\t\t\t\t\t<p><strong>Para aparecer em nosso outdoor na Times Square, acesse a se\u00e7\u00e3o CONTATO.<\/strong><\/p>\n<p>Veja como isso funciona:<\/p>\n<p>Seja um anivers\u00e1rio, um pedido de casamento, um anivers\u00e1rio ou uma simples declara\u00e7\u00e3o de amor, n\u00f3s temos tudo o que voc\u00ea precisa. N\u00e3o seja um rosto na multid\u00e3o! <br \/>Coloque sua foto ou v\u00eddeo em nosso outdoor na Times Square!<\/p>\n<p>Op\u00e7\u00e3o 1: Seu v\u00eddeo\/foto de 60 segundos ser\u00e1 exibido 22 vezes por dia.<br \/>Op\u00e7\u00e3o 2: Seu v\u00eddeo\/foto de 30 segundos ser\u00e1 exibido 44 vezes por dia<br \/>Op\u00e7\u00e3o 3: Seu v\u00eddeo\/foto de 15 segundos ser\u00e1 exibido 88 vezes por dia.<\/p>\n<p>Nosso outdoor tem 31 p\u00e9s x 55 p\u00e9s e est\u00e1 localizado na 1560 Broadway (Broadway e 46th Street, logo acima da loja Pel\u00e9).<\/p>\n<p>N\u00e3o seja um rosto na multid\u00e3o!<\/p>\n\t\t\t\t\t\t\t\t<\/div>\n\t\t\t\t<\/div>\n\t\t\t\t<div class=\"elementor-element elementor-element-2e400a3 elementor-widget elementor-widget-image\" data-id=\"2e400a3\" data-element_type=\"widget\" data-e-type=\"widget\" data-widget_type=\"image.default\">\n\t\t\t\t<div class=\"elementor-widget-container\">\n\t\t\t\t\t\t\t\t\t\t\t\t\t\t\t<img fetchpriority=\"high\" decoding=\"async\" width=\"740\" height=\"416\" src=\"https:\/\/welcome-to-times-square.com\/wp-content\/uploads\/2022\/05\/seasonal-events.png\" class=\"attachment-large size-large wp-image-6265\" alt=\"\" srcset=\"https:\/\/welcome-to-times-square.com\/wp-content\/uploads\/2022\/05\/seasonal-events.png 740w, https:\/\/welcome-to-times-square.com\/wp-content\/uploads\/2022\/05\/seasonal-events-600x337.png 600w, https:\/\/welcome-to-times-square.com\/wp-content\/uploads\/2022\/05\/seasonal-events-300x169.png 300w\" sizes=\"(max-width: 740px) 100vw, 740px\" \/>\t\t\t\t\t\t\t\t\t\t\t\t\t\t\t<\/div>\n\t\t\t\t<\/div>\n\t\t\t\t\t<\/div>\n\t\t\t\t<\/div>\n\t\t\t\t<\/div>\n\t\t","protected":false},"excerpt":{"rendered":"Eventos sazonais Um dos eventos sazonais \u00e9 a contagem regressiva para a v\u00e9spera de Ano Novo, uma enorme bola de cristal desce sobre milh\u00f5es de pessoas de todo o mundo que v\u00eam para celebr\u00e1-la. Essa tradi\u00e7\u00e3o come\u00e7ou no jornal New York Times em 1907: a queda da bola. Visto de baixo, voc\u00ea n\u00e3o v\u00ea muita [...]<a href=\"https:\/\/welcome-to-times-square.com\/pt-br\/seasonal-events\/\" class=\"read-more wyz-secondary-color-text\">read more<span class=\"screen-reader-text\">Eventos sazonais<\/span><\/a>","protected":false},"author":53,"featured_media":0,"parent":0,"menu_order":0,"comment_status":"closed","ping_status":"closed","template":"elementor_header_footer","meta":{"footnotes":""},"class_list":["post-8997","page","type-page","status-publish","hentry"],"yoast_head":"<!-- This site is optimized with the Yoast SEO plugin v27.2 - https:\/\/yoast.com\/product\/yoast-seo-wordpress\/ -->\n<title>Eventos sazonais - times-square<\/title>\n<meta name=\"robots\" content=\"index, follow, max-snippet:-1, max-image-preview:large, max-video-preview:-1\" \/>\n<link rel=\"canonical\" href=\"https:\/\/welcome-to-times-square.com\/pt-br\/seasonal-events\/\" \/>\n<meta property=\"og:locale\" content=\"pt_BR\" \/>\n<meta property=\"og:type\" content=\"article\" \/>\n<meta property=\"og:title\" content=\"Eventos sazonais - times-square\" \/>\n<meta property=\"og:description\" content=\"Eventos sazonais Um dos eventos sazonais \u00e9 a contagem regressiva para a v\u00e9spera de Ano Novo, uma enorme bola de cristal desce sobre milh\u00f5es de pessoas de todo o mundo que v\u00eam para celebr\u00e1-la. Essa tradi\u00e7\u00e3o come\u00e7ou no jornal New York Times em 1907: a queda da bola. Visto de baixo, voc\u00ea n\u00e3o v\u00ea muita [...]read moreEventos sazonais\" \/>\n<meta property=\"og:url\" content=\"https:\/\/welcome-to-times-square.com\/pt-br\/seasonal-events\/\" \/>\n<meta property=\"og:site_name\" content=\"times-square\" \/>\n<meta property=\"article:modified_time\" content=\"2025-01-17T11:36:05+00:00\" \/>\n<meta property=\"og:image\" content=\"https:\/\/welcome-to-times-square.com\/wp-content\/uploads\/2022\/05\/seasonal-events.png\" \/>\n\t<meta property=\"og:image:width\" content=\"740\" \/>\n\t<meta property=\"og:image:height\" content=\"416\" \/>\n\t<meta property=\"og:image:type\" content=\"image\/png\" \/>\n<meta name=\"twitter:card\" content=\"summary_large_image\" \/>\n<meta name=\"twitter:label1\" content=\"Est. tempo de leitura\" \/>\n\t<meta name=\"twitter:data1\" content=\"5 minutos\" \/>\n<script type=\"application\/ld+json\" class=\"yoast-schema-graph\">{\"@context\":\"https:\/\/schema.org\",\"@graph\":[{\"@type\":\"WebPage\",\"@id\":\"https:\/\/welcome-to-times-square.com\/pt-br\/seasonal-events\/\",\"url\":\"https:\/\/welcome-to-times-square.com\/pt-br\/seasonal-events\/\",\"name\":\"Eventos sazonais - times-square\",\"isPartOf\":{\"@id\":\"https:\/\/welcome-to-times-square.com\/pt-br\/#website\"},\"primaryImageOfPage\":{\"@id\":\"https:\/\/welcome-to-times-square.com\/pt-br\/seasonal-events\/#primaryimage\"},\"image\":{\"@id\":\"https:\/\/welcome-to-times-square.com\/pt-br\/seasonal-events\/#primaryimage\"},\"thumbnailUrl\":\"https:\/\/welcome-to-times-square.com\/wp-content\/uploads\/2022\/05\/seasonal-events.png\",\"datePublished\":\"2022-05-10T20:25:15+00:00\",\"dateModified\":\"2025-01-17T11:36:05+00:00\",\"breadcrumb\":{\"@id\":\"https:\/\/welcome-to-times-square.com\/pt-br\/seasonal-events\/#breadcrumb\"},\"inLanguage\":\"pt-BR\",\"potentialAction\":[{\"@type\":\"ReadAction\",\"target\":[\"https:\/\/welcome-to-times-square.com\/pt-br\/seasonal-events\/\"]}]},{\"@type\":\"ImageObject\",\"inLanguage\":\"pt-BR\",\"@id\":\"https:\/\/welcome-to-times-square.com\/pt-br\/seasonal-events\/#primaryimage\",\"url\":\"https:\/\/welcome-to-times-square.com\/wp-content\/uploads\/2022\/05\/seasonal-events.png\",\"contentUrl\":\"https:\/\/welcome-to-times-square.com\/wp-content\/uploads\/2022\/05\/seasonal-events.png\"},{\"@type\":\"BreadcrumbList\",\"@id\":\"https:\/\/welcome-to-times-square.com\/pt-br\/seasonal-events\/#breadcrumb\",\"itemListElement\":[{\"@type\":\"ListItem\",\"position\":1,\"name\":\"Home\",\"item\":\"https:\/\/welcome-to-times-square.com\/pt-br\/\"},{\"@type\":\"ListItem\",\"position\":2,\"name\":\"Eventos sazonais\"}]},{\"@type\":\"WebSite\",\"@id\":\"https:\/\/welcome-to-times-square.com\/pt-br\/#website\",\"url\":\"https:\/\/welcome-to-times-square.com\/pt-br\/\",\"name\":\"times-square\",\"description\":\"times-square\",\"publisher\":{\"@id\":\"https:\/\/welcome-to-times-square.com\/pt-br\/#organization\"},\"potentialAction\":[{\"@type\":\"SearchAction\",\"target\":{\"@type\":\"EntryPoint\",\"urlTemplate\":\"https:\/\/welcome-to-times-square.com\/pt-br\/?s={search_term_string}\"},\"query-input\":{\"@type\":\"PropertyValueSpecification\",\"valueRequired\":true,\"valueName\":\"search_term_string\"}}],\"inLanguage\":\"pt-BR\"},{\"@type\":\"Organization\",\"@id\":\"https:\/\/welcome-to-times-square.com\/pt-br\/#organization\",\"name\":\"times-square\",\"url\":\"https:\/\/welcome-to-times-square.com\/pt-br\/\",\"logo\":{\"@type\":\"ImageObject\",\"inLanguage\":\"pt-BR\",\"@id\":\"https:\/\/welcome-to-times-square.com\/pt-br\/#\/schema\/logo\/image\/\",\"url\":\"https:\/\/welcome-to-times-square.com\/wp-content\/uploads\/2024\/03\/welcome-to-time-square-logo-with-r.png\",\"contentUrl\":\"https:\/\/welcome-to-times-square.com\/wp-content\/uploads\/2024\/03\/welcome-to-time-square-logo-with-r.png\",\"width\":500,\"height\":342,\"caption\":\"times-square\"},\"image\":{\"@id\":\"https:\/\/welcome-to-times-square.com\/pt-br\/#\/schema\/logo\/image\/\"}}]}<\/script>\n<!-- \/ Yoast SEO plugin. -->","yoast_head_json":{"title":"Eventos sazonais - times-square","robots":{"index":"index","follow":"follow","max-snippet":"max-snippet:-1","max-image-preview":"max-image-preview:large","max-video-preview":"max-video-preview:-1"},"canonical":"https:\/\/welcome-to-times-square.com\/pt-br\/seasonal-events\/","og_locale":"pt_BR","og_type":"article","og_title":"Eventos sazonais - times-square","og_description":"Eventos sazonais Um dos eventos sazonais \u00e9 a contagem regressiva para a v\u00e9spera de Ano Novo, uma enorme bola de cristal desce sobre milh\u00f5es de pessoas de todo o mundo que v\u00eam para celebr\u00e1-la. Essa tradi\u00e7\u00e3o come\u00e7ou no jornal New York Times em 1907: a queda da bola. Visto de baixo, voc\u00ea n\u00e3o v\u00ea muita [...]read moreEventos sazonais","og_url":"https:\/\/welcome-to-times-square.com\/pt-br\/seasonal-events\/","og_site_name":"times-square","article_modified_time":"2025-01-17T11:36:05+00:00","og_image":[{"width":740,"height":416,"url":"https:\/\/welcome-to-times-square.com\/wp-content\/uploads\/2022\/05\/seasonal-events.png","type":"image\/png"}],"twitter_card":"summary_large_image","twitter_misc":{"Est. tempo de leitura":"5 minutos"},"schema":{"@context":"https:\/\/schema.org","@graph":[{"@type":"WebPage","@id":"https:\/\/welcome-to-times-square.com\/pt-br\/seasonal-events\/","url":"https:\/\/welcome-to-times-square.com\/pt-br\/seasonal-events\/","name":"Eventos sazonais - times-square","isPartOf":{"@id":"https:\/\/welcome-to-times-square.com\/pt-br\/#website"},"primaryImageOfPage":{"@id":"https:\/\/welcome-to-times-square.com\/pt-br\/seasonal-events\/#primaryimage"},"image":{"@id":"https:\/\/welcome-to-times-square.com\/pt-br\/seasonal-events\/#primaryimage"},"thumbnailUrl":"https:\/\/welcome-to-times-square.com\/wp-content\/uploads\/2022\/05\/seasonal-events.png","datePublished":"2022-05-10T20:25:15+00:00","dateModified":"2025-01-17T11:36:05+00:00","breadcrumb":{"@id":"https:\/\/welcome-to-times-square.com\/pt-br\/seasonal-events\/#breadcrumb"},"inLanguage":"pt-BR","potentialAction":[{"@type":"ReadAction","target":["https:\/\/welcome-to-times-square.com\/pt-br\/seasonal-events\/"]}]},{"@type":"ImageObject","inLanguage":"pt-BR","@id":"https:\/\/welcome-to-times-square.com\/pt-br\/seasonal-events\/#primaryimage","url":"https:\/\/welcome-to-times-square.com\/wp-content\/uploads\/2022\/05\/seasonal-events.png","contentUrl":"https:\/\/welcome-to-times-square.com\/wp-content\/uploads\/2022\/05\/seasonal-events.png"},{"@type":"BreadcrumbList","@id":"https:\/\/welcome-to-times-square.com\/pt-br\/seasonal-events\/#breadcrumb","itemListElement":[{"@type":"ListItem","position":1,"name":"Home","item":"https:\/\/welcome-to-times-square.com\/pt-br\/"},{"@type":"ListItem","position":2,"name":"Eventos sazonais"}]},{"@type":"WebSite","@id":"https:\/\/welcome-to-times-square.com\/pt-br\/#website","url":"https:\/\/welcome-to-times-square.com\/pt-br\/","name":"times-square","description":"times-square","publisher":{"@id":"https:\/\/welcome-to-times-square.com\/pt-br\/#organization"},"potentialAction":[{"@type":"SearchAction","target":{"@type":"EntryPoint","urlTemplate":"https:\/\/welcome-to-times-square.com\/pt-br\/?s={search_term_string}"},"query-input":{"@type":"PropertyValueSpecification","valueRequired":true,"valueName":"search_term_string"}}],"inLanguage":"pt-BR"},{"@type":"Organization","@id":"https:\/\/welcome-to-times-square.com\/pt-br\/#organization","name":"times-square","url":"https:\/\/welcome-to-times-square.com\/pt-br\/","logo":{"@type":"ImageObject","inLanguage":"pt-BR","@id":"https:\/\/welcome-to-times-square.com\/pt-br\/#\/schema\/logo\/image\/","url":"https:\/\/welcome-to-times-square.com\/wp-content\/uploads\/2024\/03\/welcome-to-time-square-logo-with-r.png","contentUrl":"https:\/\/welcome-to-times-square.com\/wp-content\/uploads\/2024\/03\/welcome-to-time-square-logo-with-r.png","width":500,"height":342,"caption":"times-square"},"image":{"@id":"https:\/\/welcome-to-times-square.com\/pt-br\/#\/schema\/logo\/image\/"}}]}},"_hostinger_reach_plugin_has_subscription_block":false,"_hostinger_reach_plugin_is_elementor":false,"_links":{"self":[{"href":"https:\/\/welcome-to-times-square.com\/pt-br\/wp-json\/wp\/v2\/pages\/8997","targetHints":{"allow":["GET"]}}],"collection":[{"href":"https:\/\/welcome-to-times-square.com\/pt-br\/wp-json\/wp\/v2\/pages"}],"about":[{"href":"https:\/\/welcome-to-times-square.com\/pt-br\/wp-json\/wp\/v2\/types\/page"}],"author":[{"embeddable":true,"href":"https:\/\/welcome-to-times-square.com\/pt-br\/wp-json\/wp\/v2\/users\/53"}],"replies":[{"embeddable":true,"href":"https:\/\/welcome-to-times-square.com\/pt-br\/wp-json\/wp\/v2\/comments?post=8997"}],"version-history":[{"count":2,"href":"https:\/\/welcome-to-times-square.com\/pt-br\/wp-json\/wp\/v2\/pages\/8997\/revisions"}],"predecessor-version":[{"id":9028,"href":"https:\/\/welcome-to-times-square.com\/pt-br\/wp-json\/wp\/v2\/pages\/8997\/revisions\/9028"}],"wp:attachment":[{"href":"https:\/\/welcome-to-times-square.com\/pt-br\/wp-json\/wp\/v2\/media?parent=8997"}],"curies":[{"name":"wp","href":"https:\/\/api.w.org\/{rel}","templated":true}]}}