{"id":9002,"date":"2022-05-10T20:25:12","date_gmt":"2022-05-10T20:25:12","guid":{"rendered":"https:\/\/welcome-to-times-square.com\/how-to-buy-broadway-tickets\/"},"modified":"2025-01-17T11:27:53","modified_gmt":"2025-01-17T11:27:53","slug":"how-to-buy-broadway-tickets","status":"publish","type":"page","link":"https:\/\/welcome-to-times-square.com\/pt-br\/how-to-buy-broadway-tickets\/","title":{"rendered":"Como comprar ingressos para a Broadway"},"content":{"rendered":"\t\t<div data-elementor-type=\"wp-page\" data-elementor-id=\"9002\" class=\"elementor elementor-9002 elementor-2931\" data-elementor-post-type=\"page\">\n\t\t\t\t<div class=\"elementor-element elementor-element-64b00cd e-flex e-con-boxed e-con e-parent\" data-id=\"64b00cd\" data-element_type=\"container\" data-e-type=\"container\" data-settings=\"{&quot;background_background&quot;:&quot;classic&quot;}\">\n\t\t\t\t\t<div class=\"e-con-inner\">\n\t\t\t\t<div class=\"elementor-element elementor-element-7f02e0b elementor-widget elementor-widget-heading\" data-id=\"7f02e0b\" data-element_type=\"widget\" data-e-type=\"widget\" data-widget_type=\"heading.default\">\n\t\t\t\t<div class=\"elementor-widget-container\">\n\t\t\t\t\t<h2 class=\"elementor-heading-title elementor-size-default\">Como comprar ingressos para a Broadway <\/h2>\t\t\t\t<\/div>\n\t\t\t\t<\/div>\n\t\t\t\t<div class=\"elementor-element elementor-element-f100a9d elementor-widget-divider--view-line elementor-widget elementor-widget-divider\" data-id=\"f100a9d\" data-element_type=\"widget\" data-e-type=\"widget\" data-widget_type=\"divider.default\">\n\t\t\t\t<div class=\"elementor-widget-container\">\n\t\t\t\t\t\t\t<div class=\"elementor-divider\">\n\t\t\t<span class=\"elementor-divider-separator\">\n\t\t\t\t\t\t<\/span>\n\t\t<\/div>\n\t\t\t\t\t\t<\/div>\n\t\t\t\t<\/div>\n\t\t\t\t<div class=\"elementor-element elementor-element-d8fb8aa elementor-widget elementor-widget-text-editor\" data-id=\"d8fb8aa\" data-element_type=\"widget\" data-e-type=\"widget\" data-widget_type=\"text-editor.default\">\n\t\t\t\t<div class=\"elementor-widget-container\">\n\t\t\t\t\t\t\t\t\t<div class=\"vc_row wpb_row vc_row-fluid vc_custom_1652219967843 vc_row-has-fill\">\n<div class=\"wpb_column vc_column_container vc_col-sm-12\">\n<div class=\"vc_column-inner\">\n<div class=\"wpb_wrapper\">\n<div class=\"vc_tta-container\" data-vc-action=\"collapse\">\n<div class=\"vc_general vc_tta vc_tta-tabs vc_tta-color-grey vc_tta-style-classic vc_tta-shape-rounded vc_tta-spacing-1 vc_tta-tabs-position-top vc_tta-controls-align-left\">\n<div class=\"vc_tta-panels-container\">\n<div class=\"vc_tta-panels\">\n<div id=\"1652214022225-4f22a324-9861\" class=\"vc_tta-panel vc_active\" data-vc-content=\".vc_tta-panel-body\">\n<div class=\"vc_tta-panel-body\">\n<div class=\"wpb_text_column wpb_content_element \">\n<div class=\"wpb_wrapper\">\n<p>Um dos planos mais maravilhosos e essenciais para fazer em Nova York \u00e9 assistir a um musical na Broadway, a famosa avenida cheia de teatros que corta o centro de Manhattan e a Times Square.<\/p>\n<p>S\u00e3o centenas de apresenta\u00e7\u00f5es anuais e muitos atores de Hollywood pisam em seus palcos para nos surpreender com seu talento e tamb\u00e9m onde grandes atores (embora n\u00e3o t\u00e3o conhecidos) trabalham duro em cada apresenta\u00e7\u00e3o para se consagrarem.<\/p>\n<p>O Rei Le\u00e3o \u00e9 um dos musicais cl\u00e1ssicos da Broadway, \u00e9 uma adapta\u00e7\u00e3o do famoso filme de anima\u00e7\u00e3o da Disney e em muitas ocasi\u00f5es foi reconhecido como o melhor musical de todos os tempos. Apresentando cen\u00e1rios deslumbrantes e m\u00fasica de Elton John, foi premiado com seis Tony Awards e um Evening Standard Award. Desde 1997, \u00e9 o musical mais vendido em Nova York. \u00c9 ideal para todos os p\u00fablicos, crian\u00e7as e adultos ir\u00e3o gostar igualmente.   <\/p>\n<p>Este show acontece no Minskoff Theater (200 W 45th St, Nova York, 10036), com dura\u00e7\u00e3o de 2 horas e 30 minutos com intervalo.<\/p>\n<p>Aladdin na Broadway \u00e9 m\u00e1gico, \u00e9 uma adapta\u00e7\u00e3o musical para o palco do filme de anima\u00e7\u00e3o dos anos 90 da Disney, tudo \u00e9 surpreendente e extraordin\u00e1rio. Tem uma encena\u00e7\u00e3o excepcional, uma caracteriza\u00e7\u00e3o impec\u00e1vel dos personagens, m\u00fasicas novas e um \u00f3timo humor do G\u00eanio, este \u00e9 um dos musicais da Broadway que mais faz furor no p\u00fablico. Voc\u00ea pode v\u00ea-lo no New Amsterdam Theater.  <\/p>\n<p>O musical Aladdin \u00e9 um dos musicais mais impressionantes de Nova York que voc\u00ea precisa ver, a dura\u00e7\u00e3o \u00e9 de 2 horas e meia.<\/p>\n<p>A grande e maravilhosa cena do n\u00famero \u201cUm Mundo Ideal\u201d, onde os protagonistas sobrevoam a cidade a bordo de um tapete m\u00e1gico, \u00e9 simplesmente magn\u00edfica.<\/p>\n<p>Outra das grandes produ\u00e7\u00f5es musicais da Broadway para as quais voc\u00ea pode comprar ingressos \u00e9 Chicago Broadway. Um cl\u00e1ssico que nos transporta a cada temporada para os loucos anos 20. Com o jazz como pano de fundo e a Lei Seca que favorecia atividades clandestinas, corrup\u00e7\u00e3o e assassinatos na cidade grande, esse espet\u00e1culo, diferente dos citados acima, \u00e9 voltado para um p\u00fablico mais adulto. Tamanho \u00e9 seu sucesso que j\u00e1 ganhou 6 pr\u00eamios Tony e a grava\u00e7\u00e3o dos temas musicais ganhou um pr\u00eamio Grammy tamb\u00e9m. Esse maravilhoso musical est\u00e1 no Ambassador Theater (219 West 49th Street, entre a Broadway e a 8th Avenue) com dura\u00e7\u00e3o de 2 horas e 30 minutos com intervalo.    <\/p>\n<p>Em 1986, O Fantasma da \u00d3pera estreou e os ingressos sempre foram vendidos por v\u00e1rias temporadas seguidas, pois \u00e9 um dos musicais de maior sucesso da Broadway que foi premiado com 7 pr\u00eamios Tony (incluindo Melhor Musical do Ano) gra\u00e7as \u00e0 maravilhosa adapta\u00e7\u00e3o do romance popular de Gaston Leroux. Ambientado no s\u00e9culo XIX na \u00d3pera de Paris, conta a hist\u00f3ria de um homem deformado que se esconde no por\u00e3o da casa de \u00f3pera e que tem os trabalhadores do teatro assustados com seus crimes. O fantasma se apaixona por uma jovem bailarina chamada Christine, a adota como sua musa e a ensina a cantar para se tornar a protagonista da \u00f3pera. No entanto, quando ele descobre que seu amor \u00e9 imposs\u00edvel, ele jura vingan\u00e7a.   <\/p>\n<p>Tem um cen\u00e1rio enigm\u00e1tico e fantasmag\u00f3rico, os figurinos dos atores e a trilha sonora soberba fazem de O Fantasma da \u00d3pera um cl\u00e1ssico que voc\u00ea n\u00e3o pode perder em sua viagem a Nova York. O p\u00fablico pode ser adulto, embora crian\u00e7as maiores de 4 anos possam ter acesso, embora haja alguns efeitos especiais e cenas que podem assustar os pequenos. Est\u00e1 localizado no Majestic Theater (245 W 44th St, Nova York, 10036), sua dura\u00e7\u00e3o \u00e9 de 2 horas e 30 minutos com intervalo.  <\/p>\n<p>Voc\u00ea pode comprar ingressos para a Broadway em diferentes plataformas online, como Ticketmaster, Hellotickets (em espanhol), TodayTix, que tamb\u00e9m tem um aplicativo altamente recomendado para participar de loterias da Broadway, e no site oficial de cada espet\u00e1culo. N\u00e3o se esque\u00e7a de consultar tamb\u00e9m o site oficial do espet\u00e1culo para comparar pre\u00e7os. Outra forma de comprar ingressos com desconto para a Broadway s\u00e3o os rush tickets, ingressos com desconto para o mesmo dia do espet\u00e1culo. \u00c9 uma tradi\u00e7\u00e3o que come\u00e7ou com o musical Rent, que na \u00e9poca era um fen\u00f4meno t\u00e3o grande que era quase imposs\u00edvel conseguir ingressos. Para dar a oportunidade de v\u00ea-lo aos jovens sem tantos meios, eles decidiram oferecer ingressos para as primeiras filas a um pre\u00e7o muito baixo para as primeiras pessoas que chegassem \u00e0 bilheteria pela manh\u00e3. Desde ent\u00e3o, outros teatros adotaram o rush ticket que permite comprar ingressos com desconto no mesmo dia da pe\u00e7a se voc\u00ea acordar cedo e for pessoalmente \u00e0 bilheteria. Outra op\u00e7\u00e3o semelhante aos rush tickets \u00e9 a bilheteria TKTS. Os teatros vendem ingressos com desconto para a Broadway (at\u00e9 50%) para shows no mesmo dia ou no dia seguinte pela manh\u00e3. Voc\u00ea encontrar\u00e1 a bilheteria mais famosa da TKTS sob as escadas vermelhas da Times Square. No site da TKTS voc\u00ea tem os endere\u00e7os e hor\u00e1rios.         <\/p>\n<\/div>\n<\/div>\n<\/div>\n<\/div>\n<\/div>\n<\/div>\n<\/div>\n<\/div>\n<\/div>\n<\/div>\n<\/div>\n<\/div>\n\t\t\t\t\t\t\t\t<\/div>\n\t\t\t\t<\/div>\n\t\t\t\t<div class=\"elementor-element elementor-element-7b8fe6a elementor-widget-divider--view-line elementor-widget elementor-widget-divider\" data-id=\"7b8fe6a\" data-element_type=\"widget\" data-e-type=\"widget\" data-widget_type=\"divider.default\">\n\t\t\t\t<div class=\"elementor-widget-container\">\n\t\t\t\t\t\t\t<div class=\"elementor-divider\">\n\t\t\t<span class=\"elementor-divider-separator\">\n\t\t\t\t\t\t<\/span>\n\t\t<\/div>\n\t\t\t\t\t\t<\/div>\n\t\t\t\t<\/div>\n\t\t\t\t<div class=\"elementor-element elementor-element-51b9ffe elementor-widget elementor-widget-text-editor\" data-id=\"51b9ffe\" data-element_type=\"widget\" data-e-type=\"widget\" data-widget_type=\"text-editor.default\">\n\t\t\t\t<div class=\"elementor-widget-container\">\n\t\t\t\t\t\t\t\t\t<p><strong>Para aparecer em nosso outdoor na Times Square, acesse a se\u00e7\u00e3o CONTATO.<\/strong><\/p>\n<p>Veja como isso funciona:<\/p>\n<p>Seja um anivers\u00e1rio, um pedido de casamento, um anivers\u00e1rio ou uma simples declara\u00e7\u00e3o de amor, n\u00f3s temos tudo o que voc\u00ea precisa. N\u00e3o seja um rosto na multid\u00e3o! <br \/>Coloque sua foto ou v\u00eddeo em nosso outdoor na Times Square!<\/p>\n<p>Op\u00e7\u00e3o 1: Seu v\u00eddeo\/foto de 60 segundos ser\u00e1 exibido 22 vezes por dia.<br \/>Op\u00e7\u00e3o 2: Seu v\u00eddeo\/foto de 30 segundos ser\u00e1 exibido 44 vezes por dia<br \/>Op\u00e7\u00e3o 3: Seu v\u00eddeo\/foto de 15 segundos ser\u00e1 exibido 88 vezes por dia.<\/p>\n<p>Nosso outdoor tem 31 p\u00e9s x 55 p\u00e9s e est\u00e1 localizado na 1560 Broadway (Broadway e 46th Street, logo acima da loja Pel\u00e9).<\/p>\n<p>N\u00e3o seja um rosto na multid\u00e3o!<\/p>\n\t\t\t\t\t\t\t\t<\/div>\n\t\t\t\t<\/div>\n\t\t\t\t<div class=\"elementor-element elementor-element-9ffef36 elementor-widget elementor-widget-image\" data-id=\"9ffef36\" data-element_type=\"widget\" data-e-type=\"widget\" data-widget_type=\"image.default\">\n\t\t\t\t<div class=\"elementor-widget-container\">\n\t\t\t\t\t\t\t\t\t\t\t\t\t\t\t<img fetchpriority=\"high\" decoding=\"async\" width=\"1024\" height=\"683\" src=\"https:\/\/welcome-to-times-square.com\/wp-content\/uploads\/2022\/05\/how-to-buy-broadway-tickets-1024x683.jpg\" class=\"attachment-large size-large wp-image-6270\" alt=\"\" srcset=\"https:\/\/welcome-to-times-square.com\/wp-content\/uploads\/2022\/05\/how-to-buy-broadway-tickets-1024x683.jpg 1024w, https:\/\/welcome-to-times-square.com\/wp-content\/uploads\/2022\/05\/how-to-buy-broadway-tickets-600x400.jpg 600w, https:\/\/welcome-to-times-square.com\/wp-content\/uploads\/2022\/05\/how-to-buy-broadway-tickets-300x200.jpg 300w, https:\/\/welcome-to-times-square.com\/wp-content\/uploads\/2022\/05\/how-to-buy-broadway-tickets-768x512.jpg 768w, https:\/\/welcome-to-times-square.com\/wp-content\/uploads\/2022\/05\/how-to-buy-broadway-tickets-1536x1024.jpg 1536w, https:\/\/welcome-to-times-square.com\/wp-content\/uploads\/2022\/05\/how-to-buy-broadway-tickets.jpg 2048w\" sizes=\"(max-width: 1024px) 100vw, 1024px\" \/>\t\t\t\t\t\t\t\t\t\t\t\t\t\t\t<\/div>\n\t\t\t\t<\/div>\n\t\t\t\t\t<\/div>\n\t\t\t\t<\/div>\n\t\t\t\t<\/div>\n\t\t","protected":false},"excerpt":{"rendered":"Como comprar ingressos para a Broadway Um dos planos mais maravilhosos e essenciais para fazer em Nova York \u00e9 assistir a um musical na Broadway, a famosa avenida cheia de teatros que corta o centro de Manhattan e a Times Square. S\u00e3o centenas de apresenta\u00e7\u00f5es anuais e muitos atores de Hollywood pisam em seus palcos [...]<a href=\"https:\/\/welcome-to-times-square.com\/pt-br\/how-to-buy-broadway-tickets\/\" class=\"read-more wyz-secondary-color-text\">read more<span class=\"screen-reader-text\">Como comprar ingressos para a Broadway<\/span><\/a>","protected":false},"author":53,"featured_media":0,"parent":0,"menu_order":0,"comment_status":"closed","ping_status":"closed","template":"elementor_header_footer","meta":{"footnotes":""},"class_list":["post-9002","page","type-page","status-publish","hentry"],"yoast_head":"<!-- This site is optimized with the Yoast SEO plugin v27.2 - https:\/\/yoast.com\/product\/yoast-seo-wordpress\/ -->\n<title>Como comprar ingressos para a Broadway - times-square<\/title>\n<meta name=\"robots\" content=\"index, follow, max-snippet:-1, max-image-preview:large, max-video-preview:-1\" \/>\n<link rel=\"canonical\" href=\"https:\/\/welcome-to-times-square.com\/pt-br\/how-to-buy-broadway-tickets\/\" \/>\n<meta property=\"og:locale\" content=\"pt_BR\" \/>\n<meta property=\"og:type\" content=\"article\" \/>\n<meta property=\"og:title\" content=\"Como comprar ingressos para a Broadway - times-square\" \/>\n<meta property=\"og:description\" content=\"Como comprar ingressos para a Broadway Um dos planos mais maravilhosos e essenciais para fazer em Nova York \u00e9 assistir a um musical na Broadway, a famosa avenida cheia de teatros que corta o centro de Manhattan e a Times Square. S\u00e3o centenas de apresenta\u00e7\u00f5es anuais e muitos atores de Hollywood pisam em seus palcos [...]read moreComo comprar ingressos para a Broadway\" \/>\n<meta property=\"og:url\" content=\"https:\/\/welcome-to-times-square.com\/pt-br\/how-to-buy-broadway-tickets\/\" \/>\n<meta property=\"og:site_name\" content=\"times-square\" \/>\n<meta property=\"article:modified_time\" content=\"2025-01-17T11:27:53+00:00\" \/>\n<meta property=\"og:image\" content=\"https:\/\/welcome-to-times-square.com\/wp-content\/uploads\/2022\/05\/how-to-buy-broadway-tickets.jpg\" \/>\n\t<meta property=\"og:image:width\" content=\"2048\" \/>\n\t<meta property=\"og:image:height\" content=\"1365\" \/>\n\t<meta property=\"og:image:type\" content=\"image\/jpeg\" \/>\n<meta name=\"twitter:card\" content=\"summary_large_image\" \/>\n<meta name=\"twitter:label1\" content=\"Est. tempo de leitura\" \/>\n\t<meta name=\"twitter:data1\" content=\"5 minutos\" \/>\n<script type=\"application\/ld+json\" class=\"yoast-schema-graph\">{\"@context\":\"https:\/\/schema.org\",\"@graph\":[{\"@type\":\"WebPage\",\"@id\":\"https:\/\/welcome-to-times-square.com\/pt-br\/how-to-buy-broadway-tickets\/\",\"url\":\"https:\/\/welcome-to-times-square.com\/pt-br\/how-to-buy-broadway-tickets\/\",\"name\":\"Como comprar ingressos para a Broadway - times-square\",\"isPartOf\":{\"@id\":\"https:\/\/welcome-to-times-square.com\/pt-br\/#website\"},\"primaryImageOfPage\":{\"@id\":\"https:\/\/welcome-to-times-square.com\/pt-br\/how-to-buy-broadway-tickets\/#primaryimage\"},\"image\":{\"@id\":\"https:\/\/welcome-to-times-square.com\/pt-br\/how-to-buy-broadway-tickets\/#primaryimage\"},\"thumbnailUrl\":\"https:\/\/welcome-to-times-square.com\/wp-content\/uploads\/2022\/05\/how-to-buy-broadway-tickets-1024x683.jpg\",\"datePublished\":\"2022-05-10T20:25:12+00:00\",\"dateModified\":\"2025-01-17T11:27:53+00:00\",\"breadcrumb\":{\"@id\":\"https:\/\/welcome-to-times-square.com\/pt-br\/how-to-buy-broadway-tickets\/#breadcrumb\"},\"inLanguage\":\"pt-BR\",\"potentialAction\":[{\"@type\":\"ReadAction\",\"target\":[\"https:\/\/welcome-to-times-square.com\/pt-br\/how-to-buy-broadway-tickets\/\"]}]},{\"@type\":\"ImageObject\",\"inLanguage\":\"pt-BR\",\"@id\":\"https:\/\/welcome-to-times-square.com\/pt-br\/how-to-buy-broadway-tickets\/#primaryimage\",\"url\":\"https:\/\/welcome-to-times-square.com\/wp-content\/uploads\/2022\/05\/how-to-buy-broadway-tickets-1024x683.jpg\",\"contentUrl\":\"https:\/\/welcome-to-times-square.com\/wp-content\/uploads\/2022\/05\/how-to-buy-broadway-tickets-1024x683.jpg\"},{\"@type\":\"BreadcrumbList\",\"@id\":\"https:\/\/welcome-to-times-square.com\/pt-br\/how-to-buy-broadway-tickets\/#breadcrumb\",\"itemListElement\":[{\"@type\":\"ListItem\",\"position\":1,\"name\":\"Home\",\"item\":\"https:\/\/welcome-to-times-square.com\/pt-br\/\"},{\"@type\":\"ListItem\",\"position\":2,\"name\":\"Como comprar ingressos para a Broadway\"}]},{\"@type\":\"WebSite\",\"@id\":\"https:\/\/welcome-to-times-square.com\/pt-br\/#website\",\"url\":\"https:\/\/welcome-to-times-square.com\/pt-br\/\",\"name\":\"times-square\",\"description\":\"times-square\",\"publisher\":{\"@id\":\"https:\/\/welcome-to-times-square.com\/pt-br\/#organization\"},\"potentialAction\":[{\"@type\":\"SearchAction\",\"target\":{\"@type\":\"EntryPoint\",\"urlTemplate\":\"https:\/\/welcome-to-times-square.com\/pt-br\/?s={search_term_string}\"},\"query-input\":{\"@type\":\"PropertyValueSpecification\",\"valueRequired\":true,\"valueName\":\"search_term_string\"}}],\"inLanguage\":\"pt-BR\"},{\"@type\":\"Organization\",\"@id\":\"https:\/\/welcome-to-times-square.com\/pt-br\/#organization\",\"name\":\"times-square\",\"url\":\"https:\/\/welcome-to-times-square.com\/pt-br\/\",\"logo\":{\"@type\":\"ImageObject\",\"inLanguage\":\"pt-BR\",\"@id\":\"https:\/\/welcome-to-times-square.com\/pt-br\/#\/schema\/logo\/image\/\",\"url\":\"https:\/\/welcome-to-times-square.com\/wp-content\/uploads\/2024\/03\/welcome-to-time-square-logo-with-r.png\",\"contentUrl\":\"https:\/\/welcome-to-times-square.com\/wp-content\/uploads\/2024\/03\/welcome-to-time-square-logo-with-r.png\",\"width\":500,\"height\":342,\"caption\":\"times-square\"},\"image\":{\"@id\":\"https:\/\/welcome-to-times-square.com\/pt-br\/#\/schema\/logo\/image\/\"}}]}<\/script>\n<!-- \/ Yoast SEO plugin. -->","yoast_head_json":{"title":"Como comprar ingressos para a Broadway - times-square","robots":{"index":"index","follow":"follow","max-snippet":"max-snippet:-1","max-image-preview":"max-image-preview:large","max-video-preview":"max-video-preview:-1"},"canonical":"https:\/\/welcome-to-times-square.com\/pt-br\/how-to-buy-broadway-tickets\/","og_locale":"pt_BR","og_type":"article","og_title":"Como comprar ingressos para a Broadway - times-square","og_description":"Como comprar ingressos para a Broadway Um dos planos mais maravilhosos e essenciais para fazer em Nova York \u00e9 assistir a um musical na Broadway, a famosa avenida cheia de teatros que corta o centro de Manhattan e a Times Square. S\u00e3o centenas de apresenta\u00e7\u00f5es anuais e muitos atores de Hollywood pisam em seus palcos [...]read moreComo comprar ingressos para a Broadway","og_url":"https:\/\/welcome-to-times-square.com\/pt-br\/how-to-buy-broadway-tickets\/","og_site_name":"times-square","article_modified_time":"2025-01-17T11:27:53+00:00","og_image":[{"width":2048,"height":1365,"url":"https:\/\/welcome-to-times-square.com\/wp-content\/uploads\/2022\/05\/how-to-buy-broadway-tickets.jpg","type":"image\/jpeg"}],"twitter_card":"summary_large_image","twitter_misc":{"Est. tempo de leitura":"5 minutos"},"schema":{"@context":"https:\/\/schema.org","@graph":[{"@type":"WebPage","@id":"https:\/\/welcome-to-times-square.com\/pt-br\/how-to-buy-broadway-tickets\/","url":"https:\/\/welcome-to-times-square.com\/pt-br\/how-to-buy-broadway-tickets\/","name":"Como comprar ingressos para a Broadway - times-square","isPartOf":{"@id":"https:\/\/welcome-to-times-square.com\/pt-br\/#website"},"primaryImageOfPage":{"@id":"https:\/\/welcome-to-times-square.com\/pt-br\/how-to-buy-broadway-tickets\/#primaryimage"},"image":{"@id":"https:\/\/welcome-to-times-square.com\/pt-br\/how-to-buy-broadway-tickets\/#primaryimage"},"thumbnailUrl":"https:\/\/welcome-to-times-square.com\/wp-content\/uploads\/2022\/05\/how-to-buy-broadway-tickets-1024x683.jpg","datePublished":"2022-05-10T20:25:12+00:00","dateModified":"2025-01-17T11:27:53+00:00","breadcrumb":{"@id":"https:\/\/welcome-to-times-square.com\/pt-br\/how-to-buy-broadway-tickets\/#breadcrumb"},"inLanguage":"pt-BR","potentialAction":[{"@type":"ReadAction","target":["https:\/\/welcome-to-times-square.com\/pt-br\/how-to-buy-broadway-tickets\/"]}]},{"@type":"ImageObject","inLanguage":"pt-BR","@id":"https:\/\/welcome-to-times-square.com\/pt-br\/how-to-buy-broadway-tickets\/#primaryimage","url":"https:\/\/welcome-to-times-square.com\/wp-content\/uploads\/2022\/05\/how-to-buy-broadway-tickets-1024x683.jpg","contentUrl":"https:\/\/welcome-to-times-square.com\/wp-content\/uploads\/2022\/05\/how-to-buy-broadway-tickets-1024x683.jpg"},{"@type":"BreadcrumbList","@id":"https:\/\/welcome-to-times-square.com\/pt-br\/how-to-buy-broadway-tickets\/#breadcrumb","itemListElement":[{"@type":"ListItem","position":1,"name":"Home","item":"https:\/\/welcome-to-times-square.com\/pt-br\/"},{"@type":"ListItem","position":2,"name":"Como comprar ingressos para a Broadway"}]},{"@type":"WebSite","@id":"https:\/\/welcome-to-times-square.com\/pt-br\/#website","url":"https:\/\/welcome-to-times-square.com\/pt-br\/","name":"times-square","description":"times-square","publisher":{"@id":"https:\/\/welcome-to-times-square.com\/pt-br\/#organization"},"potentialAction":[{"@type":"SearchAction","target":{"@type":"EntryPoint","urlTemplate":"https:\/\/welcome-to-times-square.com\/pt-br\/?s={search_term_string}"},"query-input":{"@type":"PropertyValueSpecification","valueRequired":true,"valueName":"search_term_string"}}],"inLanguage":"pt-BR"},{"@type":"Organization","@id":"https:\/\/welcome-to-times-square.com\/pt-br\/#organization","name":"times-square","url":"https:\/\/welcome-to-times-square.com\/pt-br\/","logo":{"@type":"ImageObject","inLanguage":"pt-BR","@id":"https:\/\/welcome-to-times-square.com\/pt-br\/#\/schema\/logo\/image\/","url":"https:\/\/welcome-to-times-square.com\/wp-content\/uploads\/2024\/03\/welcome-to-time-square-logo-with-r.png","contentUrl":"https:\/\/welcome-to-times-square.com\/wp-content\/uploads\/2024\/03\/welcome-to-time-square-logo-with-r.png","width":500,"height":342,"caption":"times-square"},"image":{"@id":"https:\/\/welcome-to-times-square.com\/pt-br\/#\/schema\/logo\/image\/"}}]}},"_hostinger_reach_plugin_has_subscription_block":false,"_hostinger_reach_plugin_is_elementor":false,"_links":{"self":[{"href":"https:\/\/welcome-to-times-square.com\/pt-br\/wp-json\/wp\/v2\/pages\/9002","targetHints":{"allow":["GET"]}}],"collection":[{"href":"https:\/\/welcome-to-times-square.com\/pt-br\/wp-json\/wp\/v2\/pages"}],"about":[{"href":"https:\/\/welcome-to-times-square.com\/pt-br\/wp-json\/wp\/v2\/types\/page"}],"author":[{"embeddable":true,"href":"https:\/\/welcome-to-times-square.com\/pt-br\/wp-json\/wp\/v2\/users\/53"}],"replies":[{"embeddable":true,"href":"https:\/\/welcome-to-times-square.com\/pt-br\/wp-json\/wp\/v2\/comments?post=9002"}],"version-history":[{"count":2,"href":"https:\/\/welcome-to-times-square.com\/pt-br\/wp-json\/wp\/v2\/pages\/9002\/revisions"}],"predecessor-version":[{"id":9019,"href":"https:\/\/welcome-to-times-square.com\/pt-br\/wp-json\/wp\/v2\/pages\/9002\/revisions\/9019"}],"wp:attachment":[{"href":"https:\/\/welcome-to-times-square.com\/pt-br\/wp-json\/wp\/v2\/media?parent=9002"}],"curies":[{"name":"wp","href":"https:\/\/api.w.org\/{rel}","templated":true}]}}