{"id":9025,"date":"2022-05-02T21:05:07","date_gmt":"2022-05-02T21:05:07","guid":{"rendered":"https:\/\/welcome-to-times-square.com\/resources-guidance-and-information-on-covid-19\/"},"modified":"2025-01-17T11:55:13","modified_gmt":"2025-01-17T11:55:13","slug":"resources-guidance-and-information-on-covid-19","status":"publish","type":"page","link":"https:\/\/welcome-to-times-square.com\/pt-br\/resources-guidance-and-information-on-covid-19\/","title":{"rendered":"Recursos, orienta\u00e7\u00e3o e informa\u00e7\u00f5es sobre a covid 19"},"content":{"rendered":"\t\t<div data-elementor-type=\"wp-page\" data-elementor-id=\"9025\" class=\"elementor elementor-9025 elementor-2881\" data-elementor-post-type=\"page\">\n\t\t\t\t<div class=\"elementor-element elementor-element-0d322f1 e-flex e-con-boxed e-con e-parent\" data-id=\"0d322f1\" data-element_type=\"container\" data-e-type=\"container\" data-settings=\"{&quot;background_background&quot;:&quot;classic&quot;}\">\n\t\t\t\t\t<div class=\"e-con-inner\">\n\t\t\t\t<div class=\"elementor-element elementor-element-07983dc elementor-widget elementor-widget-heading\" data-id=\"07983dc\" data-element_type=\"widget\" data-e-type=\"widget\" data-widget_type=\"heading.default\">\n\t\t\t\t<div class=\"elementor-widget-container\">\n\t\t\t\t\t<h2 class=\"elementor-heading-title elementor-size-default\">Recursos, orienta\u00e7\u00e3o e informa\u00e7\u00f5es sobre a covid 19<\/h2>\t\t\t\t<\/div>\n\t\t\t\t<\/div>\n\t\t\t\t<div class=\"elementor-element elementor-element-2034ee5 elementor-widget-divider--view-line elementor-widget elementor-widget-divider\" data-id=\"2034ee5\" data-element_type=\"widget\" data-e-type=\"widget\" data-widget_type=\"divider.default\">\n\t\t\t\t<div class=\"elementor-widget-container\">\n\t\t\t\t\t\t\t<div class=\"elementor-divider\">\n\t\t\t<span class=\"elementor-divider-separator\">\n\t\t\t\t\t\t<\/span>\n\t\t<\/div>\n\t\t\t\t\t\t<\/div>\n\t\t\t\t<\/div>\n\t\t\t\t<div class=\"elementor-element elementor-element-16e6466 elementor-widget elementor-widget-text-editor\" data-id=\"16e6466\" data-element_type=\"widget\" data-e-type=\"widget\" data-widget_type=\"text-editor.default\">\n\t\t\t\t<div class=\"elementor-widget-container\">\n\t\t\t\t\t\t\t\t\t<div class=\"vc_row wpb_row vc_row-fluid vc_custom_1652220044133 vc_row-has-fill\">\n<div class=\"wpb_column vc_column_container vc_col-sm-12\">\n<div class=\"vc_column-inner\">\n<div class=\"wpb_wrapper\">\n<div class=\"vc_tta-container\" data-vc-action=\"collapse\">\n<div class=\"vc_general vc_tta vc_tta-tabs vc_tta-color-grey vc_tta-style-classic vc_tta-shape-rounded vc_tta-spacing-1 vc_tta-tabs-position-top vc_tta-controls-align-left\">\n<div class=\"vc_tta-panels-container\">\n<div class=\"vc_tta-panels\">\n<div id=\"1651526533003-d472749e-da22\" class=\"vc_tta-panel vc_active\" data-vc-content=\".vc_tta-panel-body\">\n<div class=\"vc_tta-panel-body\">\n<div class=\"wpb_text_column wpb_content_element \">\n<div class=\"wpb_wrapper\">\n<p>Orienta\u00e7\u00e3o de recursos e informa\u00e7\u00f5es sobre a covid-19, as vacinas s\u00e3o uma ferramenta cr\u00edtica para garantir prote\u00e7\u00e3o para voc\u00ea e sua comunidade contra a COVID-19 grave, hospitaliza\u00e7\u00e3o e morte. Elas demonstraram ser seguras e atualmente protegem milh\u00f5es de nova-iorquinos vacinados contra a COVID-19. <\/p>\n<p>A vacina\u00e7\u00e3o \u00e9 mais segura do que arriscar ficar doente e os efeitos colaterais de longo prazo da COVID-19. Mesmo pessoas que tiveram COVID-19 no passado devem ser vacinadas. <\/p>\n<p>A vacina da Pfizer contra a COVID-19 est\u00e1 dispon\u00edvel para crian\u00e7as entre 5 e 11 anos. A dose da vacina para essa faixa et\u00e1ria \u00e9 menor do que a dose administrada a pessoas com 12 anos ou mais. <\/p>\n<p>Pfizer\u2019s vaccine against COVID-19 is available for children between the ages of 5 and 11. The vaccine dose for this age group is smaller than the dose given to persons 12 years of age and older.<\/p>\n<p>Atualmente, doses de refor\u00e7o da vacina est\u00e3o dispon\u00edveis para nova-iorquinos com 18 anos ou mais. Essas doses aumentam sua imunidade da s\u00e9rie inicial de vacina\u00e7\u00e3o. <\/p>\n<p>Nenhuma pessoa ter\u00e1 o acesso negado \u00e0 dose de refor\u00e7o em Nova York, desde que tenha 18 anos ou mais e tenha recebido a segunda dose da vacina Pfizer ou Moderna h\u00e1 pelo menos seis meses, ou uma dose da vacina Johnson &amp; Johnson h\u00e1 pelo menos dois meses.<\/p>\n<p>Sua dose de refor\u00e7o pode ser qualquer uma das tr\u00eas vacinas licenciadas ou aprovadas. Se voc\u00ea n\u00e3o tiver certeza sobre tomar uma dose de refor\u00e7o ou que tipo de vacina voc\u00ea deve tomar, converse com seu profissional de sa\u00fade. <\/p>\n<p>\u00c9 poss\u00edvel marcar consultas para um teste r\u00e1pido gratuito do v\u00edrus COVID-19 nos locais COVID-in-Express do Departamento de Sa\u00fade em toda a cidade de Nova York. Os resultados dos testes ficam dispon\u00edveis em 24 horas ou menos ap\u00f3s sua visita. Isso significa que a maioria dos pacientes receber\u00e1 os resultados no mesmo dia da visita. Todos os testes feitos nesses locais s\u00e3o testes laboratoriais de diagn\u00f3stico por PCR, que s\u00e3o o tipo de teste mais preciso dispon\u00edvel.   <\/p>\n<p>Os testes de COVID-19 nos locais do COVID Express s\u00e3o gratuitos para todos os nova-iorquinos, independentemente do status de imigra\u00e7\u00e3o.<\/p>\n<p>Se o resultado do seu teste for positivo, voc\u00ea receber\u00e1 uma liga\u00e7\u00e3o da cl\u00ednica e receber\u00e1 certas recomenda\u00e7\u00f5es, como esperar 90 dias antes de fazer outro teste desde que voc\u00ea teve os primeiros sintomas (ou desde que voc\u00ea recebeu seu primeiro resultado positivo, ent\u00e3o voc\u00ea n\u00e3o teve sintomas). As pessoas podem testar positivo por semanas ou meses ap\u00f3s a infec\u00e7\u00e3o, mesmo que n\u00e3o sejam mais contagiosas. Qualquer consulta marcada dentro de 90 dias ap\u00f3s receber um teste positivo ser\u00e1 cancelada.  <\/p>\n<p>Se o paciente se recuperou da COVID-19 e agora apresenta novos sintomas da COVID-19, ele deve consultar um profissional de sa\u00fade, especialmente se teve contato pr\u00f3ximo com algu\u00e9m que atualmente tem COVID-19.<\/p>\n<p>O risco de contrair uma infec\u00e7\u00e3o transmitida pelo ar, como COVID-19, sarampo, tuberculose e provavelmente muitas outras infec\u00e7\u00f5es respirat\u00f3rias, incluindo influenza, depende em grande parte do n\u00famero de v\u00edrus infecciosos (ou bact\u00e9rias no caso da influenza). tuberculosis) encontrados no ar que respiramos. O n\u00famero desses germes no ar interno \u00e9 determinado por duas coisas: a taxa na qual pessoas infectadas exalam germes em um c\u00f4modo e a taxa na qual germes infecciosos s\u00e3o removidos do ar.  <\/p>\n<p>Outra orienta\u00e7\u00e3o e informa\u00e7\u00e3o do Resource sobre a covid 19 \u00e9 que a ventila\u00e7\u00e3o e a filtragem do ar podem remover micr\u00f3bios que flutuam em espa\u00e7os internos, seja soprando-os para fora do edif\u00edcio e substituindo o ar por ar fresco externo, ou prendendo-os em um filtro que move o ar para dentro. Com duas trocas de ar por hora, que \u00e9 o que geralmente \u00e9 feito em grandes edif\u00edcios, pouco mais da metade dos micr\u00f3bios existentes s\u00e3o removidos a cada 30 minutos. Com seis trocas de ar por hora, o que \u00e9 t\u00edpico para quartos de hospital e salas de aula com v\u00e1rios filtros de ar HEPA port\u00e1teis, pouco mais da metade dos germes s\u00e3o removidos a cada 10 minutos.  <\/p>\n<p>O FDA autorizou inje\u00e7\u00f5es adicionais para americanos mais velhos e aqueles com certas imunodefici\u00eancias. Aqui est\u00e1 o que os cientistas sabem sobre quem precisa de doses e quando. <\/p>\n<p>A libera\u00e7\u00e3o da FDA permite que qualquer pessoa com mais de 50 anos receba uma segunda dose de refor\u00e7o. Mas especialistas dizem que a pouca pesquisa feita at\u00e9 agora recomenda apenas uma quarta inje\u00e7\u00e3o para aqueles com mais de 65 anos ou aqueles com condi\u00e7\u00f5es subjacentes que os colocam em alto risco. <\/p>\n<\/div>\n<\/div>\n<\/div>\n<\/div>\n<\/div>\n<\/div>\n<\/div>\n<\/div>\n<\/div>\n<\/div>\n<\/div>\n<\/div>\n\t\t\t\t\t\t\t\t<\/div>\n\t\t\t\t<\/div>\n\t\t\t\t<div class=\"elementor-element elementor-element-6a1892b elementor-widget-divider--view-line elementor-widget elementor-widget-divider\" data-id=\"6a1892b\" data-element_type=\"widget\" data-e-type=\"widget\" data-widget_type=\"divider.default\">\n\t\t\t\t<div class=\"elementor-widget-container\">\n\t\t\t\t\t\t\t<div class=\"elementor-divider\">\n\t\t\t<span class=\"elementor-divider-separator\">\n\t\t\t\t\t\t<\/span>\n\t\t<\/div>\n\t\t\t\t\t\t<\/div>\n\t\t\t\t<\/div>\n\t\t\t\t<div class=\"elementor-element elementor-element-32c9f09 elementor-widget elementor-widget-text-editor\" data-id=\"32c9f09\" data-element_type=\"widget\" data-e-type=\"widget\" data-widget_type=\"text-editor.default\">\n\t\t\t\t<div class=\"elementor-widget-container\">\n\t\t\t\t\t\t\t\t\t<p><strong>Para aparecer em nosso outdoor na Times Square, acesse a se\u00e7\u00e3o CONTATO.<\/strong><\/p>\n<p>Veja como isso funciona:<\/p>\n<p>Seja um anivers\u00e1rio, um pedido de casamento, um anivers\u00e1rio ou uma simples declara\u00e7\u00e3o de amor, n\u00f3s temos tudo o que voc\u00ea precisa. N\u00e3o seja um rosto na multid\u00e3o! <br \/>Coloque sua foto ou v\u00eddeo em nosso outdoor na Times Square!<\/p>\n<p>Op\u00e7\u00e3o 1: Seu v\u00eddeo\/foto de 60 segundos ser\u00e1 exibido 22 vezes por dia.<br \/>Op\u00e7\u00e3o 2: Seu v\u00eddeo\/foto de 30 segundos ser\u00e1 exibido 44 vezes por dia<br \/>Op\u00e7\u00e3o 3: Seu v\u00eddeo\/foto de 15 segundos ser\u00e1 exibido 88 vezes por dia.<\/p>\n<p>Nosso outdoor tem 31 p\u00e9s x 55 p\u00e9s e est\u00e1 localizado na 1560 Broadway (Broadway e 46th Street, logo acima da loja Pel\u00e9).<\/p>\n<p>N\u00e3o seja um rosto na multid\u00e3o!<\/p>\n\t\t\t\t\t\t\t\t<\/div>\n\t\t\t\t<\/div>\n\t\t\t\t<div class=\"elementor-element elementor-element-ac251be elementor-widget elementor-widget-image\" data-id=\"ac251be\" data-element_type=\"widget\" data-e-type=\"widget\" data-widget_type=\"image.default\">\n\t\t\t\t<div class=\"elementor-widget-container\">\n\t\t\t\t\t\t\t\t\t\t\t\t\t\t\t<img fetchpriority=\"high\" decoding=\"async\" width=\"1024\" height=\"625\" src=\"https:\/\/welcome-to-times-square.com\/wp-content\/uploads\/2022\/05\/Resources-guidance-and-information-on-covid-19-1024x625.png\" class=\"attachment-large size-large wp-image-6235\" alt=\"\" srcset=\"https:\/\/welcome-to-times-square.com\/wp-content\/uploads\/2022\/05\/Resources-guidance-and-information-on-covid-19-1024x625.png 1024w, https:\/\/welcome-to-times-square.com\/wp-content\/uploads\/2022\/05\/Resources-guidance-and-information-on-covid-19-600x366.png 600w, https:\/\/welcome-to-times-square.com\/wp-content\/uploads\/2022\/05\/Resources-guidance-and-information-on-covid-19-300x183.png 300w, https:\/\/welcome-to-times-square.com\/wp-content\/uploads\/2022\/05\/Resources-guidance-and-information-on-covid-19-768x468.png 768w, https:\/\/welcome-to-times-square.com\/wp-content\/uploads\/2022\/05\/Resources-guidance-and-information-on-covid-19.png 1128w\" sizes=\"(max-width: 1024px) 100vw, 1024px\" \/>\t\t\t\t\t\t\t\t\t\t\t\t\t\t\t<\/div>\n\t\t\t\t<\/div>\n\t\t\t\t\t<\/div>\n\t\t\t\t<\/div>\n\t\t\t\t<\/div>\n\t\t","protected":false},"excerpt":{"rendered":"Recursos, orienta\u00e7\u00e3o e informa\u00e7\u00f5es sobre a covid 19 Orienta\u00e7\u00e3o de recursos e informa\u00e7\u00f5es sobre a covid-19, as vacinas s\u00e3o uma ferramenta cr\u00edtica para garantir prote\u00e7\u00e3o para voc\u00ea e sua comunidade contra a COVID-19 grave, hospitaliza\u00e7\u00e3o e morte. Elas demonstraram ser seguras e atualmente protegem milh\u00f5es de nova-iorquinos vacinados contra a COVID-19. A vacina\u00e7\u00e3o \u00e9 mais [...]<a href=\"https:\/\/welcome-to-times-square.com\/pt-br\/resources-guidance-and-information-on-covid-19\/\" class=\"read-more wyz-secondary-color-text\">read more<span class=\"screen-reader-text\">Recursos, orienta\u00e7\u00e3o e informa\u00e7\u00f5es sobre a covid 19<\/span><\/a>","protected":false},"author":53,"featured_media":0,"parent":0,"menu_order":0,"comment_status":"closed","ping_status":"closed","template":"elementor_header_footer","meta":{"footnotes":""},"class_list":["post-9025","page","type-page","status-publish","hentry"],"yoast_head":"<!-- This site is optimized with the Yoast SEO plugin v27.2 - https:\/\/yoast.com\/product\/yoast-seo-wordpress\/ -->\n<title>Recursos, orienta\u00e7\u00e3o e informa\u00e7\u00f5es sobre a covid 19 - times-square<\/title>\n<meta name=\"robots\" content=\"index, follow, max-snippet:-1, max-image-preview:large, max-video-preview:-1\" \/>\n<link rel=\"canonical\" href=\"https:\/\/welcome-to-times-square.com\/pt-br\/resources-guidance-and-information-on-covid-19\/\" \/>\n<meta property=\"og:locale\" content=\"pt_BR\" \/>\n<meta property=\"og:type\" content=\"article\" \/>\n<meta property=\"og:title\" content=\"Recursos, orienta\u00e7\u00e3o e informa\u00e7\u00f5es sobre a covid 19 - times-square\" \/>\n<meta property=\"og:description\" content=\"Recursos, orienta\u00e7\u00e3o e informa\u00e7\u00f5es sobre a covid 19 Orienta\u00e7\u00e3o de recursos e informa\u00e7\u00f5es sobre a covid-19, as vacinas s\u00e3o uma ferramenta cr\u00edtica para garantir prote\u00e7\u00e3o para voc\u00ea e sua comunidade contra a COVID-19 grave, hospitaliza\u00e7\u00e3o e morte. Elas demonstraram ser seguras e atualmente protegem milh\u00f5es de nova-iorquinos vacinados contra a COVID-19. A vacina\u00e7\u00e3o \u00e9 mais [...]read moreRecursos, orienta\u00e7\u00e3o e informa\u00e7\u00f5es sobre a covid 19\" \/>\n<meta property=\"og:url\" content=\"https:\/\/welcome-to-times-square.com\/pt-br\/resources-guidance-and-information-on-covid-19\/\" \/>\n<meta property=\"og:site_name\" content=\"times-square\" \/>\n<meta property=\"article:modified_time\" content=\"2025-01-17T11:55:13+00:00\" \/>\n<meta property=\"og:image\" content=\"https:\/\/welcome-to-times-square.com\/wp-content\/uploads\/2022\/05\/Resources-guidance-and-information-on-covid-19-1024x625.png\" \/>\n\t<meta property=\"og:image:width\" content=\"1024\" \/>\n\t<meta property=\"og:image:height\" content=\"625\" \/>\n\t<meta property=\"og:image:type\" content=\"image\/png\" \/>\n<meta name=\"twitter:card\" content=\"summary_large_image\" \/>\n<meta name=\"twitter:label1\" content=\"Est. tempo de leitura\" \/>\n\t<meta name=\"twitter:data1\" content=\"4 minutos\" \/>\n<script type=\"application\/ld+json\" class=\"yoast-schema-graph\">{\"@context\":\"https:\/\/schema.org\",\"@graph\":[{\"@type\":\"WebPage\",\"@id\":\"https:\/\/welcome-to-times-square.com\/pt-br\/resources-guidance-and-information-on-covid-19\/\",\"url\":\"https:\/\/welcome-to-times-square.com\/pt-br\/resources-guidance-and-information-on-covid-19\/\",\"name\":\"Recursos, orienta\u00e7\u00e3o e informa\u00e7\u00f5es sobre a covid 19 - times-square\",\"isPartOf\":{\"@id\":\"https:\/\/welcome-to-times-square.com\/pt-br\/#website\"},\"primaryImageOfPage\":{\"@id\":\"https:\/\/welcome-to-times-square.com\/pt-br\/resources-guidance-and-information-on-covid-19\/#primaryimage\"},\"image\":{\"@id\":\"https:\/\/welcome-to-times-square.com\/pt-br\/resources-guidance-and-information-on-covid-19\/#primaryimage\"},\"thumbnailUrl\":\"https:\/\/welcome-to-times-square.com\/wp-content\/uploads\/2022\/05\/Resources-guidance-and-information-on-covid-19-1024x625.png\",\"datePublished\":\"2022-05-02T21:05:07+00:00\",\"dateModified\":\"2025-01-17T11:55:13+00:00\",\"breadcrumb\":{\"@id\":\"https:\/\/welcome-to-times-square.com\/pt-br\/resources-guidance-and-information-on-covid-19\/#breadcrumb\"},\"inLanguage\":\"pt-BR\",\"potentialAction\":[{\"@type\":\"ReadAction\",\"target\":[\"https:\/\/welcome-to-times-square.com\/pt-br\/resources-guidance-and-information-on-covid-19\/\"]}]},{\"@type\":\"ImageObject\",\"inLanguage\":\"pt-BR\",\"@id\":\"https:\/\/welcome-to-times-square.com\/pt-br\/resources-guidance-and-information-on-covid-19\/#primaryimage\",\"url\":\"https:\/\/welcome-to-times-square.com\/wp-content\/uploads\/2022\/05\/Resources-guidance-and-information-on-covid-19-1024x625.png\",\"contentUrl\":\"https:\/\/welcome-to-times-square.com\/wp-content\/uploads\/2022\/05\/Resources-guidance-and-information-on-covid-19-1024x625.png\"},{\"@type\":\"BreadcrumbList\",\"@id\":\"https:\/\/welcome-to-times-square.com\/pt-br\/resources-guidance-and-information-on-covid-19\/#breadcrumb\",\"itemListElement\":[{\"@type\":\"ListItem\",\"position\":1,\"name\":\"Home\",\"item\":\"https:\/\/welcome-to-times-square.com\/pt-br\/\"},{\"@type\":\"ListItem\",\"position\":2,\"name\":\"Recursos, orienta\u00e7\u00e3o e informa\u00e7\u00f5es sobre a covid 19\"}]},{\"@type\":\"WebSite\",\"@id\":\"https:\/\/welcome-to-times-square.com\/pt-br\/#website\",\"url\":\"https:\/\/welcome-to-times-square.com\/pt-br\/\",\"name\":\"times-square\",\"description\":\"times-square\",\"publisher\":{\"@id\":\"https:\/\/welcome-to-times-square.com\/pt-br\/#organization\"},\"potentialAction\":[{\"@type\":\"SearchAction\",\"target\":{\"@type\":\"EntryPoint\",\"urlTemplate\":\"https:\/\/welcome-to-times-square.com\/pt-br\/?s={search_term_string}\"},\"query-input\":{\"@type\":\"PropertyValueSpecification\",\"valueRequired\":true,\"valueName\":\"search_term_string\"}}],\"inLanguage\":\"pt-BR\"},{\"@type\":\"Organization\",\"@id\":\"https:\/\/welcome-to-times-square.com\/pt-br\/#organization\",\"name\":\"times-square\",\"url\":\"https:\/\/welcome-to-times-square.com\/pt-br\/\",\"logo\":{\"@type\":\"ImageObject\",\"inLanguage\":\"pt-BR\",\"@id\":\"https:\/\/welcome-to-times-square.com\/pt-br\/#\/schema\/logo\/image\/\",\"url\":\"https:\/\/welcome-to-times-square.com\/wp-content\/uploads\/2024\/03\/welcome-to-time-square-logo-with-r.png\",\"contentUrl\":\"https:\/\/welcome-to-times-square.com\/wp-content\/uploads\/2024\/03\/welcome-to-time-square-logo-with-r.png\",\"width\":500,\"height\":342,\"caption\":\"times-square\"},\"image\":{\"@id\":\"https:\/\/welcome-to-times-square.com\/pt-br\/#\/schema\/logo\/image\/\"}}]}<\/script>\n<!-- \/ Yoast SEO plugin. -->","yoast_head_json":{"title":"Recursos, orienta\u00e7\u00e3o e informa\u00e7\u00f5es sobre a covid 19 - times-square","robots":{"index":"index","follow":"follow","max-snippet":"max-snippet:-1","max-image-preview":"max-image-preview:large","max-video-preview":"max-video-preview:-1"},"canonical":"https:\/\/welcome-to-times-square.com\/pt-br\/resources-guidance-and-information-on-covid-19\/","og_locale":"pt_BR","og_type":"article","og_title":"Recursos, orienta\u00e7\u00e3o e informa\u00e7\u00f5es sobre a covid 19 - times-square","og_description":"Recursos, orienta\u00e7\u00e3o e informa\u00e7\u00f5es sobre a covid 19 Orienta\u00e7\u00e3o de recursos e informa\u00e7\u00f5es sobre a covid-19, as vacinas s\u00e3o uma ferramenta cr\u00edtica para garantir prote\u00e7\u00e3o para voc\u00ea e sua comunidade contra a COVID-19 grave, hospitaliza\u00e7\u00e3o e morte. Elas demonstraram ser seguras e atualmente protegem milh\u00f5es de nova-iorquinos vacinados contra a COVID-19. A vacina\u00e7\u00e3o \u00e9 mais [...]read moreRecursos, orienta\u00e7\u00e3o e informa\u00e7\u00f5es sobre a covid 19","og_url":"https:\/\/welcome-to-times-square.com\/pt-br\/resources-guidance-and-information-on-covid-19\/","og_site_name":"times-square","article_modified_time":"2025-01-17T11:55:13+00:00","og_image":[{"width":1024,"height":625,"url":"https:\/\/welcome-to-times-square.com\/wp-content\/uploads\/2022\/05\/Resources-guidance-and-information-on-covid-19-1024x625.png","type":"image\/png"}],"twitter_card":"summary_large_image","twitter_misc":{"Est. tempo de leitura":"4 minutos"},"schema":{"@context":"https:\/\/schema.org","@graph":[{"@type":"WebPage","@id":"https:\/\/welcome-to-times-square.com\/pt-br\/resources-guidance-and-information-on-covid-19\/","url":"https:\/\/welcome-to-times-square.com\/pt-br\/resources-guidance-and-information-on-covid-19\/","name":"Recursos, orienta\u00e7\u00e3o e informa\u00e7\u00f5es sobre a covid 19 - times-square","isPartOf":{"@id":"https:\/\/welcome-to-times-square.com\/pt-br\/#website"},"primaryImageOfPage":{"@id":"https:\/\/welcome-to-times-square.com\/pt-br\/resources-guidance-and-information-on-covid-19\/#primaryimage"},"image":{"@id":"https:\/\/welcome-to-times-square.com\/pt-br\/resources-guidance-and-information-on-covid-19\/#primaryimage"},"thumbnailUrl":"https:\/\/welcome-to-times-square.com\/wp-content\/uploads\/2022\/05\/Resources-guidance-and-information-on-covid-19-1024x625.png","datePublished":"2022-05-02T21:05:07+00:00","dateModified":"2025-01-17T11:55:13+00:00","breadcrumb":{"@id":"https:\/\/welcome-to-times-square.com\/pt-br\/resources-guidance-and-information-on-covid-19\/#breadcrumb"},"inLanguage":"pt-BR","potentialAction":[{"@type":"ReadAction","target":["https:\/\/welcome-to-times-square.com\/pt-br\/resources-guidance-and-information-on-covid-19\/"]}]},{"@type":"ImageObject","inLanguage":"pt-BR","@id":"https:\/\/welcome-to-times-square.com\/pt-br\/resources-guidance-and-information-on-covid-19\/#primaryimage","url":"https:\/\/welcome-to-times-square.com\/wp-content\/uploads\/2022\/05\/Resources-guidance-and-information-on-covid-19-1024x625.png","contentUrl":"https:\/\/welcome-to-times-square.com\/wp-content\/uploads\/2022\/05\/Resources-guidance-and-information-on-covid-19-1024x625.png"},{"@type":"BreadcrumbList","@id":"https:\/\/welcome-to-times-square.com\/pt-br\/resources-guidance-and-information-on-covid-19\/#breadcrumb","itemListElement":[{"@type":"ListItem","position":1,"name":"Home","item":"https:\/\/welcome-to-times-square.com\/pt-br\/"},{"@type":"ListItem","position":2,"name":"Recursos, orienta\u00e7\u00e3o e informa\u00e7\u00f5es sobre a covid 19"}]},{"@type":"WebSite","@id":"https:\/\/welcome-to-times-square.com\/pt-br\/#website","url":"https:\/\/welcome-to-times-square.com\/pt-br\/","name":"times-square","description":"times-square","publisher":{"@id":"https:\/\/welcome-to-times-square.com\/pt-br\/#organization"},"potentialAction":[{"@type":"SearchAction","target":{"@type":"EntryPoint","urlTemplate":"https:\/\/welcome-to-times-square.com\/pt-br\/?s={search_term_string}"},"query-input":{"@type":"PropertyValueSpecification","valueRequired":true,"valueName":"search_term_string"}}],"inLanguage":"pt-BR"},{"@type":"Organization","@id":"https:\/\/welcome-to-times-square.com\/pt-br\/#organization","name":"times-square","url":"https:\/\/welcome-to-times-square.com\/pt-br\/","logo":{"@type":"ImageObject","inLanguage":"pt-BR","@id":"https:\/\/welcome-to-times-square.com\/pt-br\/#\/schema\/logo\/image\/","url":"https:\/\/welcome-to-times-square.com\/wp-content\/uploads\/2024\/03\/welcome-to-time-square-logo-with-r.png","contentUrl":"https:\/\/welcome-to-times-square.com\/wp-content\/uploads\/2024\/03\/welcome-to-time-square-logo-with-r.png","width":500,"height":342,"caption":"times-square"},"image":{"@id":"https:\/\/welcome-to-times-square.com\/pt-br\/#\/schema\/logo\/image\/"}}]}},"_hostinger_reach_plugin_has_subscription_block":false,"_hostinger_reach_plugin_is_elementor":false,"_links":{"self":[{"href":"https:\/\/welcome-to-times-square.com\/pt-br\/wp-json\/wp\/v2\/pages\/9025","targetHints":{"allow":["GET"]}}],"collection":[{"href":"https:\/\/welcome-to-times-square.com\/pt-br\/wp-json\/wp\/v2\/pages"}],"about":[{"href":"https:\/\/welcome-to-times-square.com\/pt-br\/wp-json\/wp\/v2\/types\/page"}],"author":[{"embeddable":true,"href":"https:\/\/welcome-to-times-square.com\/pt-br\/wp-json\/wp\/v2\/users\/53"}],"replies":[{"embeddable":true,"href":"https:\/\/welcome-to-times-square.com\/pt-br\/wp-json\/wp\/v2\/comments?post=9025"}],"version-history":[{"count":2,"href":"https:\/\/welcome-to-times-square.com\/pt-br\/wp-json\/wp\/v2\/pages\/9025\/revisions"}],"predecessor-version":[{"id":9043,"href":"https:\/\/welcome-to-times-square.com\/pt-br\/wp-json\/wp\/v2\/pages\/9025\/revisions\/9043"}],"wp:attachment":[{"href":"https:\/\/welcome-to-times-square.com\/pt-br\/wp-json\/wp\/v2\/media?parent=9025"}],"curies":[{"name":"wp","href":"https:\/\/api.w.org\/{rel}","templated":true}]}}