{"id":9038,"date":"2022-05-10T20:25:13","date_gmt":"2022-05-10T20:25:13","guid":{"rendered":"https:\/\/welcome-to-times-square.com\/a-taste-of-times-square\/"},"modified":"2025-01-17T12:34:10","modified_gmt":"2025-01-17T12:34:10","slug":"a-taste-of-times-square","status":"publish","type":"page","link":"https:\/\/welcome-to-times-square.com\/pt-br\/a-taste-of-times-square\/","title":{"rendered":"Um gostinho da Times Square"},"content":{"rendered":"\t\t<div data-elementor-type=\"wp-page\" data-elementor-id=\"9038\" class=\"elementor elementor-9038 elementor-2930\" data-elementor-post-type=\"page\">\n\t\t\t\t<div class=\"elementor-element elementor-element-42dac68 e-flex e-con-boxed e-con e-parent\" data-id=\"42dac68\" data-element_type=\"container\" data-e-type=\"container\" data-settings=\"{&quot;background_background&quot;:&quot;classic&quot;}\">\n\t\t\t\t\t<div class=\"e-con-inner\">\n\t\t\t\t<div class=\"elementor-element elementor-element-e940f2c elementor-widget elementor-widget-heading\" data-id=\"e940f2c\" data-element_type=\"widget\" data-e-type=\"widget\" data-widget_type=\"heading.default\">\n\t\t\t\t<div class=\"elementor-widget-container\">\n\t\t\t\t\t<h2 class=\"elementor-heading-title elementor-size-default\">Um gostinho da Times Square<\/h2>\t\t\t\t<\/div>\n\t\t\t\t<\/div>\n\t\t\t\t<div class=\"elementor-element elementor-element-ee2ef11 elementor-widget-divider--view-line elementor-widget elementor-widget-divider\" data-id=\"ee2ef11\" data-element_type=\"widget\" data-e-type=\"widget\" data-widget_type=\"divider.default\">\n\t\t\t\t<div class=\"elementor-widget-container\">\n\t\t\t\t\t\t\t<div class=\"elementor-divider\">\n\t\t\t<span class=\"elementor-divider-separator\">\n\t\t\t\t\t\t<\/span>\n\t\t<\/div>\n\t\t\t\t\t\t<\/div>\n\t\t\t\t<\/div>\n\t\t\t\t<div class=\"elementor-element elementor-element-ae3d1ba elementor-widget elementor-widget-text-editor\" data-id=\"ae3d1ba\" data-element_type=\"widget\" data-e-type=\"widget\" data-widget_type=\"text-editor.default\">\n\t\t\t\t<div class=\"elementor-widget-container\">\n\t\t\t\t\t\t\t\t\t<div class=\"vc_row wpb_row vc_row-fluid vc_custom_1652220524696 vc_row-has-fill\">\n<div class=\"wpb_column vc_column_container vc_col-sm-12\">\n<div class=\"vc_column-inner\">\n<div class=\"wpb_wrapper\">\n<div class=\"vc_tta-container\" data-vc-action=\"collapse\">\n<div class=\"vc_general vc_tta vc_tta-tabs vc_tta-color-grey vc_tta-style-classic vc_tta-shape-rounded vc_tta-spacing-1 vc_tta-tabs-position-top vc_tta-controls-align-left\">\n<div class=\"vc_tta-panels-container\">\n<div class=\"vc_tta-panels\">\n<div id=\"1652214017249-6e849582-de04\" class=\"vc_tta-panel vc_active\" data-vc-content=\".vc_tta-panel-body\">\n<div class=\"vc_tta-panel-body\">\n<div class=\"wpb_text_column wpb_content_element \">\n<div class=\"wpb_wrapper\">\n<p>H\u00e1 tantos restaurantes e bares ao redor da Times Square quanto pessoas caminhando por suas ruas. H\u00e1 ofertas gastron\u00f4micas para todos os gostos e para todas as idades. Desde os pratos mais tradicionais e hist\u00f3ricos at\u00e9 as novas del\u00edcias gourmet dos chefs mais inovadores. A Times Square convida voc\u00ea a aproveitar de barriga cheia.<\/p>\n<p>Taste of Times Square \u00e9 uma das celebra\u00e7\u00f5es anuais da Times Square dos incr\u00edveis e maravilhosos restaurantes da cidade de Nova York, com todo o seu sabor e variedade de pratos. A COVID-19 interrompeu o festival anual de comida e m\u00fasica ao ar livre, que geralmente dura v\u00e1rios quarteir\u00f5es, mas gra\u00e7as ao avan\u00e7o da ci\u00eancia, este ano foi poss\u00edvel celebrar e promover os neg\u00f3cios locais, e em junho os festivais retornar\u00e3o. menus especiais de tr\u00eas pratos com pre\u00e7o fixo por US$ 35 nos restaurantes participantes.  <\/p>\n<p>Taste of Times Square, clientes e frequentadores poder\u00e3o sair e experimentar os melhores restaurantes da Times Square, eles podem experimentar a \u00f3tima comida e aproveitar com confian\u00e7a, sabendo que est\u00e3o tomando todas as medidas adequadas para proteger a sa\u00fade e a seguran\u00e7a dos clientes e da equipe. Voc\u00ea pode at\u00e9 assistir a algumas apresenta\u00e7\u00f5es surpresa entre 17h30 e 19h00 no Hell&#8217;s Kitchen Happiness Krewe.   <\/p>\n<p>Os menus de pre\u00e7o fixo do Taste of Times Square ser\u00e3o oferecidos para refei\u00e7\u00f5es em ambientes fechados, refei\u00e7\u00f5es ao ar livre, para viagem e entrega nos restaurantes participantes aplic\u00e1veis.<\/p>\n<p>Sabor da Times Square, as refei\u00e7\u00f5es em ambientes fechados nos restaurantes foram retomadas na cidade de Times Square, agora sem a necessidade de uso de m\u00e1scaras ou cart\u00f5es de vacina\u00e7\u00e3o, os terra\u00e7os para refei\u00e7\u00f5es ao ar livre, instalados em antigas faixas de estacionamento, se tornaram os lugares favoritos dos nova-iorquinos e turistas.<\/p>\n<p>Enquanto isso, a cidade est\u00e1 expandindo seu programa Ruas Abertas, que fecha estradas para ve\u00edculos e as abre para pedestres.<\/p>\n<p>Taste of Times Square, a expans\u00e3o deste programa, originalmente seria um espa\u00e7o para as pessoas se exercitarem, mas pretende, em parte, aumentar o tr\u00e1fego de pedestres ao longo de corredores comerciais em dificuldades e dar aos bairros de baixa renda oportunidades semelhantes \u00e0s de enclaves mais ricos e de alto perfil.<\/p>\n<p>Os restaurantes mexicanos t\u00eam muito a contar, a Casa Carmen \u00e9 uma das mais recentes da cidade e o legado culin\u00e1rio de Carmen \u201cTitita\u201d Ram\u00edrez Degollado est\u00e1 na vanguarda para continuar difundindo esta grande cultura gastron\u00f4mica.<\/p>\n<p>Sabor da Times Square, a pizza \u00e9 muito importante para os nova-iorquinos, algumas das pizzarias mais destacadas recomendadas pelos clientes s\u00e3o: Capizzi, Uncle Paul\u2019s Pizza NY, Lombardi\u2019s Pizza, Juliana\u2019s Pizza, Kest\u00e9 Pizza &amp; Vino, John\u2019s of Bleecker Street, Grimaldi\u2019s, entre outras.<\/p>\n<p>Sabor da Times Square, as pizzarias de Nova York s\u00e3o notadas pela grande variedade de sabores de pizza. Voc\u00ea pode encontrar desde as mais simples at\u00e9 as mais ex\u00f3ticas. H\u00e1 queijo mussarela, calabresa, ricota, frango e cheddar, frango com molho de b\u00fafala, cebola, lasanha, barbecue, espinafre, abacaxi, bacon, berinjela, napolitana, entre outras variedades. E tamb\u00e9m h\u00e1 op\u00e7\u00f5es veganas.   <\/p>\n<p>Sabor da Times Square, Hard Rock Caf\u00e9, Localizado no centro de Nova York e no cora\u00e7\u00e3o da Times Square, o Hard Rock Cafe New York vai emocionar seus sentidos com comidas e bebidas tentadoras e uma cole\u00e7\u00e3o impressionante de memorabilia musical. A Times Square, tamb\u00e9m chamada de &#8220;The Crossroads of the World&#8221;, \u00e9 o lar do New Year&#8217;s Eve Ball Drop, Broadway Theatre. <\/p>\n<p>Sabor da Times Square, o Skylark n\u00e3o pode faltar na lista dos melhores rooftop-bars da Times Square. Ele \u00e9 dividido da seguinte forma: o andar superior \u00e9 o terra\u00e7o e os outros dois andares formam a sala de estar. Sua decora\u00e7\u00e3o \u00e9 incr\u00edvel e voc\u00ea entender\u00e1 por que vale a pena visitar cada um dos tr\u00eas andares uma vez por ano. Em qualquer um dos tr\u00eas andares voc\u00ea desfrutar\u00e1 de vistas magn\u00edficas da cidade.   <\/p>\n<p>Sabor da Times Square, o CATCH Roof se tornou um destino regular para muitos nova-iorquinos que buscam um lugar agrad\u00e1vel e tranquilo para saborear uma boa comida e um coquetel, escapando dos bares de cobertura lotados do centro. Como voc\u00ea pode ver, o local tem o equil\u00edbrio ideal entre elegante e moderno, com um toque industrial atual muito alinhado ao Meatpacking. O local inclui um bar na cobertura com vista para o horizonte de Manhattan, uma sala interna para os meses mais frios do inverno rigoroso e um restaurante lindo e rico, perfeito para uma noite rom\u00e2ntica. Al\u00e9m disso, \u00e0 noite \u00e9 comum encontrar DJs que tocam m\u00fasica ao vivo. Na nossa opini\u00e3o, sem d\u00favida uma combina\u00e7\u00e3o vencedora.    <\/p>\n<\/div>\n<\/div>\n<\/div>\n<\/div>\n<\/div>\n<\/div>\n<\/div>\n<\/div>\n<\/div>\n<\/div>\n<\/div>\n<\/div>\n\t\t\t\t\t\t\t\t<\/div>\n\t\t\t\t<\/div>\n\t\t\t\t<div class=\"elementor-element elementor-element-7eff627 elementor-widget-divider--view-line elementor-widget elementor-widget-divider\" data-id=\"7eff627\" data-element_type=\"widget\" data-e-type=\"widget\" data-widget_type=\"divider.default\">\n\t\t\t\t<div class=\"elementor-widget-container\">\n\t\t\t\t\t\t\t<div class=\"elementor-divider\">\n\t\t\t<span class=\"elementor-divider-separator\">\n\t\t\t\t\t\t<\/span>\n\t\t<\/div>\n\t\t\t\t\t\t<\/div>\n\t\t\t\t<\/div>\n\t\t\t\t<div class=\"elementor-element elementor-element-7323ed4 elementor-widget elementor-widget-text-editor\" data-id=\"7323ed4\" data-element_type=\"widget\" data-e-type=\"widget\" data-widget_type=\"text-editor.default\">\n\t\t\t\t<div class=\"elementor-widget-container\">\n\t\t\t\t\t\t\t\t\t<p><strong>Para aparecer em nosso outdoor na Times Square, acesse a se\u00e7\u00e3o CONTATO.<\/strong><\/p>\n<p>Veja como isso funciona:<\/p>\n<p>Seja um anivers\u00e1rio, um pedido de casamento, um anivers\u00e1rio ou uma simples declara\u00e7\u00e3o de amor, n\u00f3s temos tudo o que voc\u00ea precisa. N\u00e3o seja um rosto na multid\u00e3o! <br \/>Coloque sua foto ou v\u00eddeo em nosso outdoor na Times Square!<\/p>\n<p>Op\u00e7\u00e3o 1: Seu v\u00eddeo\/foto de 60 segundos ser\u00e1 exibido 22 vezes por dia.<br \/>Op\u00e7\u00e3o 2: Seu v\u00eddeo\/foto de 30 segundos ser\u00e1 exibido 44 vezes por dia<br \/>Op\u00e7\u00e3o 3: Seu v\u00eddeo\/foto de 15 segundos ser\u00e1 exibido 88 vezes por dia.<\/p>\n<p>Nosso outdoor tem 31 p\u00e9s x 55 p\u00e9s e est\u00e1 localizado na 1560 Broadway (Broadway e 46th Street, logo acima da loja Pel\u00e9).<\/p>\n<p>N\u00e3o seja um rosto na multid\u00e3o!<\/p>\n\t\t\t\t\t\t\t\t<\/div>\n\t\t\t\t<\/div>\n\t\t\t\t\t<\/div>\n\t\t\t\t<\/div>\n\t\t\t\t<\/div>\n\t\t","protected":false},"excerpt":{"rendered":"Um gostinho da Times Square H\u00e1 tantos restaurantes e bares ao redor da Times Square quanto pessoas caminhando por suas ruas. H\u00e1 ofertas gastron\u00f4micas para todos os gostos e para todas as idades. Desde os pratos mais tradicionais e hist\u00f3ricos at\u00e9 as novas del\u00edcias gourmet dos chefs mais inovadores. A Times Square convida voc\u00ea a [...]<a href=\"https:\/\/welcome-to-times-square.com\/pt-br\/a-taste-of-times-square\/\" class=\"read-more wyz-secondary-color-text\">read more<span class=\"screen-reader-text\">Um gostinho da Times Square<\/span><\/a>","protected":false},"author":53,"featured_media":0,"parent":0,"menu_order":0,"comment_status":"closed","ping_status":"closed","template":"elementor_header_footer","meta":{"footnotes":""},"class_list":["post-9038","page","type-page","status-publish","hentry"],"yoast_head":"<!-- This site is optimized with the Yoast SEO plugin v27.2 - https:\/\/yoast.com\/product\/yoast-seo-wordpress\/ -->\n<title>Um gostinho da Times Square - times-square<\/title>\n<meta name=\"robots\" content=\"index, follow, max-snippet:-1, max-image-preview:large, max-video-preview:-1\" \/>\n<link rel=\"canonical\" href=\"https:\/\/welcome-to-times-square.com\/pt-br\/a-taste-of-times-square\/\" \/>\n<meta property=\"og:locale\" content=\"pt_BR\" \/>\n<meta property=\"og:type\" content=\"article\" \/>\n<meta property=\"og:title\" content=\"Um gostinho da Times Square - times-square\" \/>\n<meta property=\"og:description\" content=\"Um gostinho da Times Square H\u00e1 tantos restaurantes e bares ao redor da Times Square quanto pessoas caminhando por suas ruas. H\u00e1 ofertas gastron\u00f4micas para todos os gostos e para todas as idades. Desde os pratos mais tradicionais e hist\u00f3ricos at\u00e9 as novas del\u00edcias gourmet dos chefs mais inovadores. A Times Square convida voc\u00ea a [...]read moreUm gostinho da Times Square\" \/>\n<meta property=\"og:url\" content=\"https:\/\/welcome-to-times-square.com\/pt-br\/a-taste-of-times-square\/\" \/>\n<meta property=\"og:site_name\" content=\"times-square\" \/>\n<meta property=\"article:modified_time\" content=\"2025-01-17T12:34:10+00:00\" \/>\n<meta name=\"twitter:card\" content=\"summary_large_image\" \/>\n<meta name=\"twitter:label1\" content=\"Est. tempo de leitura\" \/>\n\t<meta name=\"twitter:data1\" content=\"4 minutos\" \/>\n<script type=\"application\/ld+json\" class=\"yoast-schema-graph\">{\"@context\":\"https:\/\/schema.org\",\"@graph\":[{\"@type\":\"WebPage\",\"@id\":\"https:\/\/welcome-to-times-square.com\/pt-br\/a-taste-of-times-square\/\",\"url\":\"https:\/\/welcome-to-times-square.com\/pt-br\/a-taste-of-times-square\/\",\"name\":\"Um gostinho da Times Square - times-square\",\"isPartOf\":{\"@id\":\"https:\/\/welcome-to-times-square.com\/pt-br\/#website\"},\"datePublished\":\"2022-05-10T20:25:13+00:00\",\"dateModified\":\"2025-01-17T12:34:10+00:00\",\"breadcrumb\":{\"@id\":\"https:\/\/welcome-to-times-square.com\/pt-br\/a-taste-of-times-square\/#breadcrumb\"},\"inLanguage\":\"pt-BR\",\"potentialAction\":[{\"@type\":\"ReadAction\",\"target\":[\"https:\/\/welcome-to-times-square.com\/pt-br\/a-taste-of-times-square\/\"]}]},{\"@type\":\"BreadcrumbList\",\"@id\":\"https:\/\/welcome-to-times-square.com\/pt-br\/a-taste-of-times-square\/#breadcrumb\",\"itemListElement\":[{\"@type\":\"ListItem\",\"position\":1,\"name\":\"Home\",\"item\":\"https:\/\/welcome-to-times-square.com\/pt-br\/\"},{\"@type\":\"ListItem\",\"position\":2,\"name\":\"Um gostinho da Times Square\"}]},{\"@type\":\"WebSite\",\"@id\":\"https:\/\/welcome-to-times-square.com\/pt-br\/#website\",\"url\":\"https:\/\/welcome-to-times-square.com\/pt-br\/\",\"name\":\"times-square\",\"description\":\"times-square\",\"publisher\":{\"@id\":\"https:\/\/welcome-to-times-square.com\/pt-br\/#organization\"},\"potentialAction\":[{\"@type\":\"SearchAction\",\"target\":{\"@type\":\"EntryPoint\",\"urlTemplate\":\"https:\/\/welcome-to-times-square.com\/pt-br\/?s={search_term_string}\"},\"query-input\":{\"@type\":\"PropertyValueSpecification\",\"valueRequired\":true,\"valueName\":\"search_term_string\"}}],\"inLanguage\":\"pt-BR\"},{\"@type\":\"Organization\",\"@id\":\"https:\/\/welcome-to-times-square.com\/pt-br\/#organization\",\"name\":\"times-square\",\"url\":\"https:\/\/welcome-to-times-square.com\/pt-br\/\",\"logo\":{\"@type\":\"ImageObject\",\"inLanguage\":\"pt-BR\",\"@id\":\"https:\/\/welcome-to-times-square.com\/pt-br\/#\/schema\/logo\/image\/\",\"url\":\"https:\/\/welcome-to-times-square.com\/wp-content\/uploads\/2024\/03\/welcome-to-time-square-logo-with-r.png\",\"contentUrl\":\"https:\/\/welcome-to-times-square.com\/wp-content\/uploads\/2024\/03\/welcome-to-time-square-logo-with-r.png\",\"width\":500,\"height\":342,\"caption\":\"times-square\"},\"image\":{\"@id\":\"https:\/\/welcome-to-times-square.com\/pt-br\/#\/schema\/logo\/image\/\"}}]}<\/script>\n<!-- \/ Yoast SEO plugin. -->","yoast_head_json":{"title":"Um gostinho da Times Square - times-square","robots":{"index":"index","follow":"follow","max-snippet":"max-snippet:-1","max-image-preview":"max-image-preview:large","max-video-preview":"max-video-preview:-1"},"canonical":"https:\/\/welcome-to-times-square.com\/pt-br\/a-taste-of-times-square\/","og_locale":"pt_BR","og_type":"article","og_title":"Um gostinho da Times Square - times-square","og_description":"Um gostinho da Times Square H\u00e1 tantos restaurantes e bares ao redor da Times Square quanto pessoas caminhando por suas ruas. H\u00e1 ofertas gastron\u00f4micas para todos os gostos e para todas as idades. Desde os pratos mais tradicionais e hist\u00f3ricos at\u00e9 as novas del\u00edcias gourmet dos chefs mais inovadores. A Times Square convida voc\u00ea a [...]read moreUm gostinho da Times Square","og_url":"https:\/\/welcome-to-times-square.com\/pt-br\/a-taste-of-times-square\/","og_site_name":"times-square","article_modified_time":"2025-01-17T12:34:10+00:00","twitter_card":"summary_large_image","twitter_misc":{"Est. tempo de leitura":"4 minutos"},"schema":{"@context":"https:\/\/schema.org","@graph":[{"@type":"WebPage","@id":"https:\/\/welcome-to-times-square.com\/pt-br\/a-taste-of-times-square\/","url":"https:\/\/welcome-to-times-square.com\/pt-br\/a-taste-of-times-square\/","name":"Um gostinho da Times Square - times-square","isPartOf":{"@id":"https:\/\/welcome-to-times-square.com\/pt-br\/#website"},"datePublished":"2022-05-10T20:25:13+00:00","dateModified":"2025-01-17T12:34:10+00:00","breadcrumb":{"@id":"https:\/\/welcome-to-times-square.com\/pt-br\/a-taste-of-times-square\/#breadcrumb"},"inLanguage":"pt-BR","potentialAction":[{"@type":"ReadAction","target":["https:\/\/welcome-to-times-square.com\/pt-br\/a-taste-of-times-square\/"]}]},{"@type":"BreadcrumbList","@id":"https:\/\/welcome-to-times-square.com\/pt-br\/a-taste-of-times-square\/#breadcrumb","itemListElement":[{"@type":"ListItem","position":1,"name":"Home","item":"https:\/\/welcome-to-times-square.com\/pt-br\/"},{"@type":"ListItem","position":2,"name":"Um gostinho da Times Square"}]},{"@type":"WebSite","@id":"https:\/\/welcome-to-times-square.com\/pt-br\/#website","url":"https:\/\/welcome-to-times-square.com\/pt-br\/","name":"times-square","description":"times-square","publisher":{"@id":"https:\/\/welcome-to-times-square.com\/pt-br\/#organization"},"potentialAction":[{"@type":"SearchAction","target":{"@type":"EntryPoint","urlTemplate":"https:\/\/welcome-to-times-square.com\/pt-br\/?s={search_term_string}"},"query-input":{"@type":"PropertyValueSpecification","valueRequired":true,"valueName":"search_term_string"}}],"inLanguage":"pt-BR"},{"@type":"Organization","@id":"https:\/\/welcome-to-times-square.com\/pt-br\/#organization","name":"times-square","url":"https:\/\/welcome-to-times-square.com\/pt-br\/","logo":{"@type":"ImageObject","inLanguage":"pt-BR","@id":"https:\/\/welcome-to-times-square.com\/pt-br\/#\/schema\/logo\/image\/","url":"https:\/\/welcome-to-times-square.com\/wp-content\/uploads\/2024\/03\/welcome-to-time-square-logo-with-r.png","contentUrl":"https:\/\/welcome-to-times-square.com\/wp-content\/uploads\/2024\/03\/welcome-to-time-square-logo-with-r.png","width":500,"height":342,"caption":"times-square"},"image":{"@id":"https:\/\/welcome-to-times-square.com\/pt-br\/#\/schema\/logo\/image\/"}}]}},"_hostinger_reach_plugin_has_subscription_block":false,"_hostinger_reach_plugin_is_elementor":false,"_links":{"self":[{"href":"https:\/\/welcome-to-times-square.com\/pt-br\/wp-json\/wp\/v2\/pages\/9038","targetHints":{"allow":["GET"]}}],"collection":[{"href":"https:\/\/welcome-to-times-square.com\/pt-br\/wp-json\/wp\/v2\/pages"}],"about":[{"href":"https:\/\/welcome-to-times-square.com\/pt-br\/wp-json\/wp\/v2\/types\/page"}],"author":[{"embeddable":true,"href":"https:\/\/welcome-to-times-square.com\/pt-br\/wp-json\/wp\/v2\/users\/53"}],"replies":[{"embeddable":true,"href":"https:\/\/welcome-to-times-square.com\/pt-br\/wp-json\/wp\/v2\/comments?post=9038"}],"version-history":[{"count":2,"href":"https:\/\/welcome-to-times-square.com\/pt-br\/wp-json\/wp\/v2\/pages\/9038\/revisions"}],"predecessor-version":[{"id":9081,"href":"https:\/\/welcome-to-times-square.com\/pt-br\/wp-json\/wp\/v2\/pages\/9038\/revisions\/9081"}],"wp:attachment":[{"href":"https:\/\/welcome-to-times-square.com\/pt-br\/wp-json\/wp\/v2\/media?parent=9038"}],"curies":[{"name":"wp","href":"https:\/\/api.w.org\/{rel}","templated":true}]}}