{"id":9051,"date":"2022-05-02T21:18:28","date_gmt":"2022-05-02T21:18:28","guid":{"rendered":"https:\/\/welcome-to-times-square.com\/history-of-times-square\/"},"modified":"2025-09-12T14:06:31","modified_gmt":"2025-09-12T14:06:31","slug":"history-of-times-square","status":"publish","type":"page","link":"https:\/\/welcome-to-times-square.com\/pt-br\/history-of-times-square\/","title":{"rendered":"Hist\u00f3ria da Times Square"},"content":{"rendered":"\t\t<div data-elementor-type=\"wp-page\" data-elementor-id=\"9051\" class=\"elementor elementor-9051 elementor-2884\" data-elementor-post-type=\"page\">\n\t\t\t\t<div class=\"elementor-element elementor-element-67403a9 e-flex e-con-boxed e-con e-parent\" data-id=\"67403a9\" data-element_type=\"container\" data-e-type=\"container\" data-settings=\"{&quot;background_background&quot;:&quot;classic&quot;}\">\n\t\t\t\t\t<div class=\"e-con-inner\">\n\t\t\t\t<div class=\"elementor-element elementor-element-42c7c90 elementor-widget elementor-widget-heading\" data-id=\"42c7c90\" data-element_type=\"widget\" data-e-type=\"widget\" data-widget_type=\"heading.default\">\n\t\t\t\t<div class=\"elementor-widget-container\">\n\t\t\t\t\t<h2 class=\"elementor-heading-title elementor-size-default\">Hist\u00f3ria da Times Square<\/h2>\t\t\t\t<\/div>\n\t\t\t\t<\/div>\n\t\t\t\t<div class=\"elementor-element elementor-element-3b04843 elementor-widget-divider--view-line elementor-widget elementor-widget-divider\" data-id=\"3b04843\" data-element_type=\"widget\" data-e-type=\"widget\" data-widget_type=\"divider.default\">\n\t\t\t\t<div class=\"elementor-widget-container\">\n\t\t\t\t\t\t\t<div class=\"elementor-divider\">\n\t\t\t<span class=\"elementor-divider-separator\">\n\t\t\t\t\t\t<\/span>\n\t\t<\/div>\n\t\t\t\t\t\t<\/div>\n\t\t\t\t<\/div>\n\t\t\t\t<div class=\"elementor-element elementor-element-2dc70aa elementor-widget elementor-widget-text-editor\" data-id=\"2dc70aa\" data-element_type=\"widget\" data-e-type=\"widget\" data-widget_type=\"text-editor.default\">\n\t\t\t\t<div class=\"elementor-widget-container\">\n\t\t\t\t\t\t\t\t\t<div class=\"vc_row wpb_row vc_row-fluid vc_custom_1652220116103 vc_row-has-fill\"><div class=\"wpb_column vc_column_container vc_col-sm-12\"><div class=\"vc_column-inner\"><div class=\"wpb_wrapper\"><div class=\"vc_tta-container\" data-vc-action=\"collapse\"><div class=\"vc_general vc_tta vc_tta-tabs vc_tta-color-grey vc_tta-style-classic vc_tta-shape-rounded vc_tta-spacing-1 vc_tta-tabs-position-top vc_tta-controls-align-left\"><div class=\"vc_tta-panels-container\"><div class=\"vc_tta-panels\"><div id=\"1651526556988-7f2d79f0-76fe\" class=\"vc_tta-panel vc_active\" data-vc-content=\".vc_tta-panel-body\"><div class=\"vc_tta-panel-body\"><div class=\"wpb_text_column wpb_content_element \"><div class=\"wpb_wrapper\"><p>A origem deste lugar era conhecida como Long Acre Square, mas foi renomeado Times Square ap\u00f3s ser localizado em 1904, no cruzamento da 42nd Street, os escrit\u00f3rios do New York Times. Em 1913, os escrit\u00f3rios do jornal mudaram-se para 229 43rd Street, e o edif\u00edcio foi renomeado 1 Times Square em 1961. <\/p><p>Hist\u00f3ria da Times Square, no in\u00edcio do s\u00e9culo XX, a Times Square se tornou um dos lugares mais importantes da cidade de Nova York, com a constru\u00e7\u00e3o de teatros, restaurantes e hot\u00e9is de luxo e primeira classe. O local come\u00e7ou a mudar na d\u00e9cada de 30, onde se tornou um lugar perigoso com prostitui\u00e7\u00e3o, crime e drogas, isso durou mais de meio s\u00e9culo. <\/p><p>Hist\u00f3ria da Times Square Durante a d\u00e9cada de 1980, <a href=\"https:\/\/www.britannica.com\/biography\/Ed-Koch\">os prefeitos Ed Koch<\/a> e <a href=\"https:\/\/www.britannica.com\/biography\/David-Dinkins\">David Dinkins<\/a> iniciaram um projeto de renova\u00e7\u00e3o para Midtown Manhattan que inclu\u00eda a Times Square. Na d\u00e9cada de 1990, o prefeito Rudolph Giuliani assumiu o projeto de limpeza da \u00e1rea com o fechamento de teatros pornogr\u00e1ficos, sex shops e a compra dos nove teatros hist\u00f3ricos da 42nd Street pelo <a href=\"https:\/\/en.wikipedia.org\/wiki\/New_York_(state)\">Estado de Nova York<\/a>. A Times Square est\u00e1 localizada entre a 7th Avenue e a Broadway, e as ruas 42 e 47. Atualmente, \u00e9 o cora\u00e7\u00e3o da cidade em geral e do distrito de teatros de Nova York em particular.  <\/p><p>Toda a \u00e1rea \u00e9 iluminada dia e noite por grandes letreiros iluminados e enormes telas de televis\u00e3o, o que a tornou famosa em todo o mundo, assim como a descida da bola de cristal todo dia 31 de dezembro do topo do 1 Times Square anunciando o Ano Novo. At\u00e9 dois milh\u00f5es de pessoas se aglomeraram na Times Square para comemorar o ano 2000 com a descida da Millennial Crystal Ball de Waterford, uma enorme bola de cristal Swarovski feita especificamente para este evento. <\/p><p>A extremidade norte da pra\u00e7a, entre as ruas 46 e 47, \u00e9 conhecida como Duffy Square em homenagem ao Padre Francis P. Duffy, capel\u00e3o do <a href=\"https:\/\/en.wikipedia.org\/wiki\/69th_Infantry_Regiment_(New_York)\">New York Regiment of Infantry<\/a> durante a Segunda Guerra Mundial. Os ingressos para os espet\u00e1culos da Broadway est\u00e3o dispon\u00edveis pela metade do pre\u00e7o no mesmo dia na bilheteria da TKTS, localizada no centro da Duffy Square. As bilheterias, reformadas em 2008, s\u00e3o cobertas em seu telhado com degraus largos em forma de escada que permitem que os visitantes se sentem ou desfrutem de uma vista panor\u00e2mica.  <\/p><p>Em 25 de maio de 2009, o <a href=\"https:\/\/council.nyc.gov\/\">conselho da cidade de Nova York<\/a> fechou temporariamente a se\u00e7\u00e3o da Broadway que atravessa a Times Square para o tr\u00e1fego de pedestres. A experi\u00eancia foi um grande sucesso e se tornou uma pra\u00e7a permanente para pedestres, onde o local \u00e9 mais agrad\u00e1vel com novos bancos, cadeiras e mesas de metal. <\/p><p>A Times Square tem sua pr\u00f3pria delegacia de pol\u00edcia, sua empresa de limpeza de ruas e seu posto de turismo que tem todas as informa\u00e7\u00f5es sobre a cidade, al\u00e9m de um pequeno museu dedicado a esta importante pra\u00e7a.<\/p><p>A Times Square n\u00e3o seria reconhec\u00edvel sem seus incr\u00edveis letreiros iluminados. Uma imagem que \u00e9 admirada por dois milh\u00f5es de pessoas que passam por esta pra\u00e7a todos os dias e muitos milh\u00f5es mais no mundo que a apreciam atrav\u00e9s de fotografias, pinturas, cinema e televis\u00e3o. A Times Square come\u00e7ou a se encher de grandes an\u00fancios em 1916, quando a C\u00e2mara Municipal incentivou sua instala\u00e7\u00e3o nesta parte da cidade. Desde ent\u00e3o, s\u00e3o muitos os que passaram por aqui, algumas verdadeiras obras de arte. Al\u00e9m disso, eles desempenharam um papel importante na remodela\u00e7\u00e3o da pra\u00e7a durante seu per\u00edodo mais decadente: como medida de press\u00e3o sobre os governantes da cidade, uma noite seus vizinhos desligaram todos os sinais por 15 minutos. A medida teve excelentes resultados e a negocia\u00e7\u00e3o foi realizada. Hoje, uma portaria municipal obriga os edif\u00edcios desta \u00e1rea a abrir m\u00e3o de sua fachada para a instala\u00e7\u00e3o de tais an\u00fancios.      <\/p><p>A Times Square \u00e9 a \u00e1rea mais impressionante da cidade e nosso lugar favorito para procurar acomoda\u00e7\u00f5es, bem como para jantar e tomar um drinque. Se voc\u00ea procurar o que est\u00e1 procurando, na <a href=\"https:\/\/welcome-to-times-square.com\/pt-br\/\">Times Square<\/a> voc\u00ea o encontrar\u00e1. <\/p><p>Os passeios pela Times Square esgotam r\u00e1pido, ent\u00e3o \u00e9 melhor se antecipar e comprar ingressos para aproveitar tudo o que acontece neste lugar maravilhoso.<\/p><p>Pela primeira vez na hist\u00f3ria, para a edi\u00e7\u00e3o de 2020 (durante a pandemia), foi criado um aplicativo de baile com o objetivo de acompanhar as pessoas durante o dia 31 de dezembro e os dias anteriores por meio de uma experi\u00eancia virtual imersiva que acontece no epicentro da Times Square.<\/p><\/div><\/div><\/div><\/div><\/div><\/div><\/div><\/div><\/div><\/div><\/div><\/div>\t\t\t\t\t\t\t\t<\/div>\n\t\t\t\t<\/div>\n\t\t\t\t<div class=\"elementor-element elementor-element-b316454 elementor-widget-divider--view-line elementor-widget elementor-widget-divider\" data-id=\"b316454\" data-element_type=\"widget\" data-e-type=\"widget\" data-widget_type=\"divider.default\">\n\t\t\t\t<div class=\"elementor-widget-container\">\n\t\t\t\t\t\t\t<div class=\"elementor-divider\">\n\t\t\t<span class=\"elementor-divider-separator\">\n\t\t\t\t\t\t<\/span>\n\t\t<\/div>\n\t\t\t\t\t\t<\/div>\n\t\t\t\t<\/div>\n\t\t\t\t<div class=\"elementor-element elementor-element-82959a3 elementor-widget elementor-widget-text-editor\" data-id=\"82959a3\" data-element_type=\"widget\" data-e-type=\"widget\" data-widget_type=\"text-editor.default\">\n\t\t\t\t<div class=\"elementor-widget-container\">\n\t\t\t\t\t\t\t\t\t<p><strong>Para aparecer em nosso outdoor na Times Square, acesse a se\u00e7\u00e3o CONTATO.<\/strong><\/p><p>Veja como isso funciona:<\/p><p>Seja um anivers\u00e1rio, um pedido de casamento, um anivers\u00e1rio ou uma simples declara\u00e7\u00e3o de amor, n\u00f3s temos tudo o que voc\u00ea precisa. N\u00e3o seja um rosto na multid\u00e3o!<br>Coloque sua foto ou v\u00eddeo em nosso <a href=\"https:\/\/welcome-to-times-square.com\/pt-br\/billboard\/\">outdoor na Times Square<\/a>!<\/p><p>Op\u00e7\u00e3o 1: Seu v\u00eddeo\/foto de 60 segundos ser\u00e1 exibido 22 vezes por dia.<br>Op\u00e7\u00e3o 2: Seu v\u00eddeo\/foto de 30 segundos ser\u00e1 exibido 44 vezes por dia<br>Op\u00e7\u00e3o 3: Seu v\u00eddeo\/foto de 15 segundos ser\u00e1 exibido 88 vezes por dia.<\/p><p>Nosso outdoor tem 31 p\u00e9s x 55 p\u00e9s e est\u00e1 localizado na 1560 Broadway (Broadway e 46th Street, logo acima da loja Pel\u00e9).<\/p><p>N\u00e3o seja um rosto na multid\u00e3o!<\/p>\t\t\t\t\t\t\t\t<\/div>\n\t\t\t\t<\/div>\n\t\t\t\t<div class=\"elementor-element elementor-element-02068a6 elementor-widget elementor-widget-image\" data-id=\"02068a6\" data-element_type=\"widget\" data-e-type=\"widget\" data-widget_type=\"image.default\">\n\t\t\t\t<div class=\"elementor-widget-container\">\n\t\t\t\t\t\t\t\t\t\t\t\t\t\t\t<img fetchpriority=\"high\" decoding=\"async\" width=\"1024\" height=\"645\" src=\"https:\/\/welcome-to-times-square.com\/wp-content\/uploads\/2022\/04\/shopping-1024x645.png\" class=\"attachment-large size-large wp-image-6165\" alt=\"\" srcset=\"https:\/\/welcome-to-times-square.com\/wp-content\/uploads\/2022\/04\/shopping-1024x645.png 1024w, https:\/\/welcome-to-times-square.com\/wp-content\/uploads\/2022\/04\/shopping-600x378.png 600w, https:\/\/welcome-to-times-square.com\/wp-content\/uploads\/2022\/04\/shopping-300x189.png 300w, https:\/\/welcome-to-times-square.com\/wp-content\/uploads\/2022\/04\/shopping-768x484.png 768w, https:\/\/welcome-to-times-square.com\/wp-content\/uploads\/2022\/04\/shopping.png 1302w\" sizes=\"(max-width: 1024px) 100vw, 1024px\" \/>\t\t\t\t\t\t\t\t\t\t\t\t\t\t\t<\/div>\n\t\t\t\t<\/div>\n\t\t\t\t\t<\/div>\n\t\t\t\t<\/div>\n\t\t\t\t<\/div>\n\t\t","protected":false},"excerpt":{"rendered":"Hist\u00f3ria da Times Square A origem deste lugar era conhecida como Long Acre Square, mas foi renomeado Times Square ap\u00f3s ser localizado em 1904, no cruzamento da 42nd Street, os escrit\u00f3rios do New York Times. Em 1913, os escrit\u00f3rios do jornal mudaram-se para 229 43rd Street, e o edif\u00edcio foi renomeado 1 Times Square em [...]<a href=\"https:\/\/welcome-to-times-square.com\/pt-br\/history-of-times-square\/\" class=\"read-more wyz-secondary-color-text\">read more<span class=\"screen-reader-text\">Hist\u00f3ria da Times Square<\/span><\/a>","protected":false},"author":53,"featured_media":0,"parent":0,"menu_order":0,"comment_status":"closed","ping_status":"closed","template":"elementor_header_footer","meta":{"footnotes":""},"class_list":["post-9051","page","type-page","status-publish","hentry"],"yoast_head":"<!-- This site is optimized with the Yoast SEO plugin v27.2 - https:\/\/yoast.com\/product\/yoast-seo-wordpress\/ -->\n<title>Hist\u00f3ria da Times Square - times-square<\/title>\n<meta name=\"robots\" content=\"index, follow, max-snippet:-1, max-image-preview:large, max-video-preview:-1\" \/>\n<link rel=\"canonical\" href=\"https:\/\/welcome-to-times-square.com\/pt-br\/history-of-times-square\/\" \/>\n<meta property=\"og:locale\" content=\"pt_BR\" \/>\n<meta property=\"og:type\" content=\"article\" \/>\n<meta property=\"og:title\" content=\"Hist\u00f3ria da Times Square - times-square\" \/>\n<meta property=\"og:description\" content=\"Hist\u00f3ria da Times Square A origem deste lugar era conhecida como Long Acre Square, mas foi renomeado Times Square ap\u00f3s ser localizado em 1904, no cruzamento da 42nd Street, os escrit\u00f3rios do New York Times. Em 1913, os escrit\u00f3rios do jornal mudaram-se para 229 43rd Street, e o edif\u00edcio foi renomeado 1 Times Square em [...]read moreHist\u00f3ria da Times Square\" \/>\n<meta property=\"og:url\" content=\"https:\/\/welcome-to-times-square.com\/pt-br\/history-of-times-square\/\" \/>\n<meta property=\"og:site_name\" content=\"times-square\" \/>\n<meta property=\"article:modified_time\" content=\"2025-09-12T14:06:31+00:00\" \/>\n<meta property=\"og:image\" content=\"https:\/\/welcome-to-times-square.com\/wp-content\/uploads\/2022\/04\/shopping-1024x645.png\" \/>\n\t<meta property=\"og:image:width\" content=\"1024\" \/>\n\t<meta property=\"og:image:height\" content=\"645\" \/>\n\t<meta property=\"og:image:type\" content=\"image\/png\" \/>\n<meta name=\"twitter:card\" content=\"summary_large_image\" \/>\n<meta name=\"twitter:label1\" content=\"Est. tempo de leitura\" \/>\n\t<meta name=\"twitter:data1\" content=\"4 minutos\" \/>\n<script type=\"application\/ld+json\" class=\"yoast-schema-graph\">{\"@context\":\"https:\/\/schema.org\",\"@graph\":[{\"@type\":\"WebPage\",\"@id\":\"https:\/\/welcome-to-times-square.com\/pt-br\/history-of-times-square\/\",\"url\":\"https:\/\/welcome-to-times-square.com\/pt-br\/history-of-times-square\/\",\"name\":\"Hist\u00f3ria da Times Square - times-square\",\"isPartOf\":{\"@id\":\"https:\/\/welcome-to-times-square.com\/pt-br\/#website\"},\"primaryImageOfPage\":{\"@id\":\"https:\/\/welcome-to-times-square.com\/pt-br\/history-of-times-square\/#primaryimage\"},\"image\":{\"@id\":\"https:\/\/welcome-to-times-square.com\/pt-br\/history-of-times-square\/#primaryimage\"},\"thumbnailUrl\":\"https:\/\/welcome-to-times-square.com\/wp-content\/uploads\/2022\/04\/shopping-1024x645.png\",\"datePublished\":\"2022-05-02T21:18:28+00:00\",\"dateModified\":\"2025-09-12T14:06:31+00:00\",\"breadcrumb\":{\"@id\":\"https:\/\/welcome-to-times-square.com\/pt-br\/history-of-times-square\/#breadcrumb\"},\"inLanguage\":\"pt-BR\",\"potentialAction\":[{\"@type\":\"ReadAction\",\"target\":[\"https:\/\/welcome-to-times-square.com\/pt-br\/history-of-times-square\/\"]}]},{\"@type\":\"ImageObject\",\"inLanguage\":\"pt-BR\",\"@id\":\"https:\/\/welcome-to-times-square.com\/pt-br\/history-of-times-square\/#primaryimage\",\"url\":\"https:\/\/welcome-to-times-square.com\/wp-content\/uploads\/2022\/04\/shopping-1024x645.png\",\"contentUrl\":\"https:\/\/welcome-to-times-square.com\/wp-content\/uploads\/2022\/04\/shopping-1024x645.png\"},{\"@type\":\"BreadcrumbList\",\"@id\":\"https:\/\/welcome-to-times-square.com\/pt-br\/history-of-times-square\/#breadcrumb\",\"itemListElement\":[{\"@type\":\"ListItem\",\"position\":1,\"name\":\"Home\",\"item\":\"https:\/\/welcome-to-times-square.com\/pt-br\/\"},{\"@type\":\"ListItem\",\"position\":2,\"name\":\"Hist\u00f3ria da Times Square\"}]},{\"@type\":\"WebSite\",\"@id\":\"https:\/\/welcome-to-times-square.com\/pt-br\/#website\",\"url\":\"https:\/\/welcome-to-times-square.com\/pt-br\/\",\"name\":\"times-square\",\"description\":\"times-square\",\"publisher\":{\"@id\":\"https:\/\/welcome-to-times-square.com\/pt-br\/#organization\"},\"potentialAction\":[{\"@type\":\"SearchAction\",\"target\":{\"@type\":\"EntryPoint\",\"urlTemplate\":\"https:\/\/welcome-to-times-square.com\/pt-br\/?s={search_term_string}\"},\"query-input\":{\"@type\":\"PropertyValueSpecification\",\"valueRequired\":true,\"valueName\":\"search_term_string\"}}],\"inLanguage\":\"pt-BR\"},{\"@type\":\"Organization\",\"@id\":\"https:\/\/welcome-to-times-square.com\/pt-br\/#organization\",\"name\":\"times-square\",\"url\":\"https:\/\/welcome-to-times-square.com\/pt-br\/\",\"logo\":{\"@type\":\"ImageObject\",\"inLanguage\":\"pt-BR\",\"@id\":\"https:\/\/welcome-to-times-square.com\/pt-br\/#\/schema\/logo\/image\/\",\"url\":\"https:\/\/welcome-to-times-square.com\/wp-content\/uploads\/2024\/03\/welcome-to-time-square-logo-with-r.png\",\"contentUrl\":\"https:\/\/welcome-to-times-square.com\/wp-content\/uploads\/2024\/03\/welcome-to-time-square-logo-with-r.png\",\"width\":500,\"height\":342,\"caption\":\"times-square\"},\"image\":{\"@id\":\"https:\/\/welcome-to-times-square.com\/pt-br\/#\/schema\/logo\/image\/\"}}]}<\/script>\n<!-- \/ Yoast SEO plugin. -->","yoast_head_json":{"title":"Hist\u00f3ria da Times Square - times-square","robots":{"index":"index","follow":"follow","max-snippet":"max-snippet:-1","max-image-preview":"max-image-preview:large","max-video-preview":"max-video-preview:-1"},"canonical":"https:\/\/welcome-to-times-square.com\/pt-br\/history-of-times-square\/","og_locale":"pt_BR","og_type":"article","og_title":"Hist\u00f3ria da Times Square - times-square","og_description":"Hist\u00f3ria da Times Square A origem deste lugar era conhecida como Long Acre Square, mas foi renomeado Times Square ap\u00f3s ser localizado em 1904, no cruzamento da 42nd Street, os escrit\u00f3rios do New York Times. Em 1913, os escrit\u00f3rios do jornal mudaram-se para 229 43rd Street, e o edif\u00edcio foi renomeado 1 Times Square em [...]read moreHist\u00f3ria da Times Square","og_url":"https:\/\/welcome-to-times-square.com\/pt-br\/history-of-times-square\/","og_site_name":"times-square","article_modified_time":"2025-09-12T14:06:31+00:00","og_image":[{"width":1024,"height":645,"url":"https:\/\/welcome-to-times-square.com\/wp-content\/uploads\/2022\/04\/shopping-1024x645.png","type":"image\/png"}],"twitter_card":"summary_large_image","twitter_misc":{"Est. tempo de leitura":"4 minutos"},"schema":{"@context":"https:\/\/schema.org","@graph":[{"@type":"WebPage","@id":"https:\/\/welcome-to-times-square.com\/pt-br\/history-of-times-square\/","url":"https:\/\/welcome-to-times-square.com\/pt-br\/history-of-times-square\/","name":"Hist\u00f3ria da Times Square - times-square","isPartOf":{"@id":"https:\/\/welcome-to-times-square.com\/pt-br\/#website"},"primaryImageOfPage":{"@id":"https:\/\/welcome-to-times-square.com\/pt-br\/history-of-times-square\/#primaryimage"},"image":{"@id":"https:\/\/welcome-to-times-square.com\/pt-br\/history-of-times-square\/#primaryimage"},"thumbnailUrl":"https:\/\/welcome-to-times-square.com\/wp-content\/uploads\/2022\/04\/shopping-1024x645.png","datePublished":"2022-05-02T21:18:28+00:00","dateModified":"2025-09-12T14:06:31+00:00","breadcrumb":{"@id":"https:\/\/welcome-to-times-square.com\/pt-br\/history-of-times-square\/#breadcrumb"},"inLanguage":"pt-BR","potentialAction":[{"@type":"ReadAction","target":["https:\/\/welcome-to-times-square.com\/pt-br\/history-of-times-square\/"]}]},{"@type":"ImageObject","inLanguage":"pt-BR","@id":"https:\/\/welcome-to-times-square.com\/pt-br\/history-of-times-square\/#primaryimage","url":"https:\/\/welcome-to-times-square.com\/wp-content\/uploads\/2022\/04\/shopping-1024x645.png","contentUrl":"https:\/\/welcome-to-times-square.com\/wp-content\/uploads\/2022\/04\/shopping-1024x645.png"},{"@type":"BreadcrumbList","@id":"https:\/\/welcome-to-times-square.com\/pt-br\/history-of-times-square\/#breadcrumb","itemListElement":[{"@type":"ListItem","position":1,"name":"Home","item":"https:\/\/welcome-to-times-square.com\/pt-br\/"},{"@type":"ListItem","position":2,"name":"Hist\u00f3ria da Times Square"}]},{"@type":"WebSite","@id":"https:\/\/welcome-to-times-square.com\/pt-br\/#website","url":"https:\/\/welcome-to-times-square.com\/pt-br\/","name":"times-square","description":"times-square","publisher":{"@id":"https:\/\/welcome-to-times-square.com\/pt-br\/#organization"},"potentialAction":[{"@type":"SearchAction","target":{"@type":"EntryPoint","urlTemplate":"https:\/\/welcome-to-times-square.com\/pt-br\/?s={search_term_string}"},"query-input":{"@type":"PropertyValueSpecification","valueRequired":true,"valueName":"search_term_string"}}],"inLanguage":"pt-BR"},{"@type":"Organization","@id":"https:\/\/welcome-to-times-square.com\/pt-br\/#organization","name":"times-square","url":"https:\/\/welcome-to-times-square.com\/pt-br\/","logo":{"@type":"ImageObject","inLanguage":"pt-BR","@id":"https:\/\/welcome-to-times-square.com\/pt-br\/#\/schema\/logo\/image\/","url":"https:\/\/welcome-to-times-square.com\/wp-content\/uploads\/2024\/03\/welcome-to-time-square-logo-with-r.png","contentUrl":"https:\/\/welcome-to-times-square.com\/wp-content\/uploads\/2024\/03\/welcome-to-time-square-logo-with-r.png","width":500,"height":342,"caption":"times-square"},"image":{"@id":"https:\/\/welcome-to-times-square.com\/pt-br\/#\/schema\/logo\/image\/"}}]}},"_hostinger_reach_plugin_has_subscription_block":false,"_hostinger_reach_plugin_is_elementor":false,"_links":{"self":[{"href":"https:\/\/welcome-to-times-square.com\/pt-br\/wp-json\/wp\/v2\/pages\/9051","targetHints":{"allow":["GET"]}}],"collection":[{"href":"https:\/\/welcome-to-times-square.com\/pt-br\/wp-json\/wp\/v2\/pages"}],"about":[{"href":"https:\/\/welcome-to-times-square.com\/pt-br\/wp-json\/wp\/v2\/types\/page"}],"author":[{"embeddable":true,"href":"https:\/\/welcome-to-times-square.com\/pt-br\/wp-json\/wp\/v2\/users\/53"}],"replies":[{"embeddable":true,"href":"https:\/\/welcome-to-times-square.com\/pt-br\/wp-json\/wp\/v2\/comments?post=9051"}],"version-history":[{"count":3,"href":"https:\/\/welcome-to-times-square.com\/pt-br\/wp-json\/wp\/v2\/pages\/9051\/revisions"}],"predecessor-version":[{"id":14818,"href":"https:\/\/welcome-to-times-square.com\/pt-br\/wp-json\/wp\/v2\/pages\/9051\/revisions\/14818"}],"wp:attachment":[{"href":"https:\/\/welcome-to-times-square.com\/pt-br\/wp-json\/wp\/v2\/media?parent=9051"}],"curies":[{"name":"wp","href":"https:\/\/api.w.org\/{rel}","templated":true}]}}