{"id":9070,"date":"2022-05-02T21:12:23","date_gmt":"2022-05-02T21:12:23","guid":{"rendered":"https:\/\/welcome-to-times-square.com\/times-square-transformation\/"},"modified":"2025-01-17T12:36:56","modified_gmt":"2025-01-17T12:36:56","slug":"times-square-transformation","status":"publish","type":"page","link":"https:\/\/welcome-to-times-square.com\/pt-br\/times-square-transformation\/","title":{"rendered":"Transforma\u00e7\u00e3o da Times Square"},"content":{"rendered":"\t\t<div data-elementor-type=\"wp-page\" data-elementor-id=\"9070\" class=\"elementor elementor-9070 elementor-2883\" data-elementor-post-type=\"page\">\n\t\t\t\t<div class=\"elementor-element elementor-element-754e7cb e-flex e-con-boxed e-con e-parent\" data-id=\"754e7cb\" data-element_type=\"container\" data-e-type=\"container\" data-settings=\"{&quot;background_background&quot;:&quot;classic&quot;}\">\n\t\t\t\t\t<div class=\"e-con-inner\">\n\t\t\t\t<div class=\"elementor-element elementor-element-0a58eeb elementor-widget elementor-widget-heading\" data-id=\"0a58eeb\" data-element_type=\"widget\" data-e-type=\"widget\" data-widget_type=\"heading.default\">\n\t\t\t\t<div class=\"elementor-widget-container\">\n\t\t\t\t\t<h2 class=\"elementor-heading-title elementor-size-default\">Transforma\u00e7\u00e3o da Times Square<\/h2>\t\t\t\t<\/div>\n\t\t\t\t<\/div>\n\t\t\t\t<div class=\"elementor-element elementor-element-24e136b elementor-widget-divider--view-line elementor-widget elementor-widget-divider\" data-id=\"24e136b\" data-element_type=\"widget\" data-e-type=\"widget\" data-widget_type=\"divider.default\">\n\t\t\t\t<div class=\"elementor-widget-container\">\n\t\t\t\t\t\t\t<div class=\"elementor-divider\">\n\t\t\t<span class=\"elementor-divider-separator\">\n\t\t\t\t\t\t<\/span>\n\t\t<\/div>\n\t\t\t\t\t\t<\/div>\n\t\t\t\t<\/div>\n\t\t\t\t<div class=\"elementor-element elementor-element-3d2bc82 elementor-widget elementor-widget-text-editor\" data-id=\"3d2bc82\" data-element_type=\"widget\" data-e-type=\"widget\" data-widget_type=\"text-editor.default\">\n\t\t\t\t<div class=\"elementor-widget-container\">\n\t\t\t\t\t\t\t\t\t<div class=\"vc_row wpb_row vc_row-fluid vc_custom_1652220209371 vc_row-has-fill\">\n<div class=\"wpb_column vc_column_container vc_col-sm-12\">\n<div class=\"vc_column-inner\">\n<div class=\"wpb_wrapper\">\n<div class=\"vc_tta-container\" data-vc-action=\"collapse\">\n<div class=\"vc_general vc_tta vc_tta-tabs vc_tta-color-grey vc_tta-style-classic vc_tta-shape-rounded vc_tta-spacing-1 vc_tta-tabs-position-top vc_tta-controls-align-left\">\n<div class=\"vc_tta-panels-container\">\n<div class=\"vc_tta-panels\">\n<div id=\"1651526543987-0c06fb34-52b8\" class=\"vc_tta-panel vc_active\" data-vc-content=\".vc_tta-panel-body\">\n<div class=\"vc_tta-panel-body\">\n<div class=\"wpb_text_column wpb_content_element \">\n<div class=\"wpb_wrapper\">\n<p>A transforma\u00e7\u00e3o da Times Square chegou ao fim ap\u00f3s 8 anos, liderada pelo escrit\u00f3rio de arquitetura Sn\u00f8hetta. O processo foi muito longo e complexo, mas o esp\u00edrito de um dos lugares mais emblem\u00e1ticos de Nova York foi completamente alterado, pois deixou de ser um dos lugares mais congestionados e insuport\u00e1veis da Big Apple para se tornar um espa\u00e7o p\u00fablico amig\u00e1vel e acolhedor. <\/p>\n<p>Transforma\u00e7\u00e3o da Times Square, adicionando mais de 10.000 p\u00e9s quadrados de espa\u00e7o somente para pedestres, o design de Sn\u00f8hetta reinventou completamente o segmento da Broadway entre as ruas 42 e 47. \u00c1reas de estar, incluindo bancos de granito, foram adicionadas, permitindo que as pessoas se sentissem mais confort\u00e1veis. <\/p>\n<p>A Times Square Transformation est\u00e1 localizada no cora\u00e7\u00e3o do distrito de teatros de Nova York, o local j\u00e1 teve um impacto significativo na seguran\u00e7a p\u00fablica, economia e experi\u00eancia do usu\u00e1rio desde a primeira parte da implementa\u00e7\u00e3o do grande plano de Sn\u00f8hetta durante o ano de 2014. De acordo com os arquitetos, desde ent\u00e3o os acidentes com pedestres diminu\u00edram em 40% e os acidentes com ve\u00edculos em 20%. Os edif\u00edcios ic\u00f4nicos da Times Square e suas placas espetaculares criam uma sala externa no cora\u00e7\u00e3o de Manhattan.  <\/p>\n<p>O escrit\u00f3rio de arquitetura Sn\u00f8hetta concluiu a transforma\u00e7\u00e3o da Times Square em Nova York, quase dobrando as \u00e1reas de pedestres no local mais movimentado dos Estados Unidos. O projeto incluiu a reconfigura\u00e7\u00e3o urbana e o tratamento paisag\u00edstico de 5,18 acres (2,1 hectares) no cruzamento &#8220;bowtie&#8221; entre a Broadway e a 7\u00aa Avenida no centro de Manhattan. Com a inaugura\u00e7\u00e3o no dia 19, a transforma\u00e7\u00e3o da Times Square de 8 anos foi oficialmente declarada completa.  <\/p>\n<p>A empresa norueguesa com uma subsidi\u00e1ria nos Estados Unidos, Sn\u00f8hetta, redesenhou uma grande parte da Broadway entre as ruas 42 e 47, criando cinco pra\u00e7as entre cada uma das ruas.<\/p>\n<p>A Transforma\u00e7\u00e3o da Times Square transforma radicalmente 2.1 criou espa\u00e7os para pedestres no centro de Manhattan, transformando um cruzamento notoriamente congestionado em um espa\u00e7o c\u00edvico de classe mundial. Com gestos sutis de design dentro do dom\u00ednio p\u00fablico, eles integram melhorias cruciais de utilidade e infraestrutura acima e abaixo do n\u00edvel do solo, enquanto dobram a quantidade de espa\u00e7o para pedestres na Plaza. <\/p>\n<p>O design das novas pra\u00e7as da Times Square Transformation permite que as pessoas se movam naturalmente e confortavelmente pelo centro de Manhattan. Com um impacto muito positivo na seguran\u00e7a p\u00fablica, qualidade do ar e produ\u00e7\u00e3o econ\u00f4mica, o projeto \u00e9 um modelo de como o design cuidadosamente considerado de nossas paisagens urbanas pode melhorar a sa\u00fade e o bem-estar de seus usu\u00e1rios, fornecendo um espa\u00e7o importante para ativa\u00e7\u00e3o democr\u00e1tica. Concebido como um projeto cujo sucesso da Times Square Transformation seria medido n\u00e3o apenas por sua nova est\u00e9tica, mas tamb\u00e9m por seus benef\u00edcios f\u00edsicos, psicol\u00f3gicos e econ\u00f4micos de longo prazo para sua comunidade local e global, a nova pra\u00e7a da Broadway reinventou a Times Square como um cen\u00e1rio contempor\u00e2neo para o espet\u00e1culo da vida p\u00fablica, revivendo seu lugar no cora\u00e7\u00e3o da cidade de Nova York.  <\/p>\n<p>O Departamento de Transporte da Cidade de Nova York, o Departamento de Design e Constru\u00e7\u00e3o, a Sn\u00f8hetta e a Times Square Alliance celebram a conclus\u00e3o da Transforma\u00e7\u00e3o da Times Square, enquanto a renovada \u201cCrossroads of the World\u201d assume seu papel como palco da vida p\u00fablica e da liberdade de express\u00e3o.<\/p>\n<p>Com uma m\u00e9dia de mais de 45 milh\u00f5es de visitantes por ano, a Times Square \u00e9 o destino mais visitado em Nova York e nos Estados Unidos. Ap\u00f3s o fechamento da Broadway para o tr\u00e1fego em 2009, o projeto de Sn\u00f8hetta limpou a pra\u00e7a para torn\u00e1-la permanentemente pedonal, ap\u00f3s v\u00e1rias d\u00e9cadas, com a antiga infraestrutura superlotada. Al\u00e9m disso, a proposta ao mesmo tempo criou um plano de solo unificador de edif\u00edcio a edif\u00edcio. Dez bancos de granito de 15 metros de comprimento permitem que os pedestres se movam pela \u00e1rea com mais conforto, complementando a energia das luzes e a excita\u00e7\u00e3o das fachadas.   <\/p>\n<p>Desde sua conclus\u00e3o em 2016, a Transforma\u00e7\u00e3o da Times Square dobrou a quantidade de espa\u00e7o para pedestres no cora\u00e7\u00e3o de Manhattan. O design transformou a Times Square, um dos espa\u00e7os mais notoriamente congestionados de Nova York, em uma pra\u00e7a c\u00edvica radicalmente aberta, ao mesmo tempo em que integra melhorias cruciais \u00e0 infraestrutura de instala\u00e7\u00f5es e eventos. \u201cConcebida como a Transforma\u00e7\u00e3o da Times Square, cujo sucesso seria medido n\u00e3o apenas por sua nova est\u00e9tica, mas tamb\u00e9m por seus benef\u00edcios f\u00edsicos, psicol\u00f3gicos e econ\u00f4micos de longo prazo, a reinven\u00e7\u00e3o da Times Square \u00e9 um modelo de como o design de nossas paisagens urbanas pode melhorar a sa\u00fade e o bem-estar de seus usu\u00e1rios, ao mesmo tempo em que fornece um elemento importante para a reuni\u00e3o p\u00fablica\u201d.  <\/p>\n<\/div>\n<\/div>\n<\/div>\n<\/div>\n<\/div>\n<\/div>\n<\/div>\n<\/div>\n<\/div>\n<\/div>\n<\/div>\n<\/div>\n\t\t\t\t\t\t\t\t<\/div>\n\t\t\t\t<\/div>\n\t\t\t\t<div class=\"elementor-element elementor-element-dd1ac98 elementor-widget-divider--view-line elementor-widget elementor-widget-divider\" data-id=\"dd1ac98\" data-element_type=\"widget\" data-e-type=\"widget\" data-widget_type=\"divider.default\">\n\t\t\t\t<div class=\"elementor-widget-container\">\n\t\t\t\t\t\t\t<div class=\"elementor-divider\">\n\t\t\t<span class=\"elementor-divider-separator\">\n\t\t\t\t\t\t<\/span>\n\t\t<\/div>\n\t\t\t\t\t\t<\/div>\n\t\t\t\t<\/div>\n\t\t\t\t<div class=\"elementor-element elementor-element-d344346 elementor-widget elementor-widget-text-editor\" data-id=\"d344346\" data-element_type=\"widget\" data-e-type=\"widget\" data-widget_type=\"text-editor.default\">\n\t\t\t\t<div class=\"elementor-widget-container\">\n\t\t\t\t\t\t\t\t\t<p><strong>Para aparecer em nosso outdoor na Times Square, acesse a se\u00e7\u00e3o CONTATO.<\/strong><\/p>\n<p>Veja como isso funciona:<\/p>\n<p>Seja um anivers\u00e1rio, um pedido de casamento, um anivers\u00e1rio ou uma simples declara\u00e7\u00e3o de amor, n\u00f3s temos tudo o que voc\u00ea precisa. N\u00e3o seja um rosto na multid\u00e3o! <br \/>Coloque sua foto ou v\u00eddeo em nosso outdoor na Times Square!<\/p>\n<p>Op\u00e7\u00e3o 1: Seu v\u00eddeo\/foto de 60 segundos ser\u00e1 exibido 22 vezes por dia.<br \/>Op\u00e7\u00e3o 2: Seu v\u00eddeo\/foto de 30 segundos ser\u00e1 exibido 44 vezes por dia<br \/>Op\u00e7\u00e3o 3: Seu v\u00eddeo\/foto de 15 segundos ser\u00e1 exibido 88 vezes por dia.<\/p>\n<p>Nosso outdoor tem 31 p\u00e9s x 55 p\u00e9s e est\u00e1 localizado na 1560 Broadway (Broadway e 46th Street, logo acima da loja Pel\u00e9).<\/p>\n<p>N\u00e3o seja um rosto na multid\u00e3o!<\/p>\n\t\t\t\t\t\t\t\t<\/div>\n\t\t\t\t<\/div>\n\t\t\t\t\t<\/div>\n\t\t\t\t<\/div>\n\t\t\t\t<\/div>\n\t\t","protected":false},"excerpt":{"rendered":"Transforma\u00e7\u00e3o da Times Square A transforma\u00e7\u00e3o da Times Square chegou ao fim ap\u00f3s 8 anos, liderada pelo escrit\u00f3rio de arquitetura Sn\u00f8hetta. O processo foi muito longo e complexo, mas o esp\u00edrito de um dos lugares mais emblem\u00e1ticos de Nova York foi completamente alterado, pois deixou de ser um dos lugares mais congestionados e insuport\u00e1veis da [...]<a href=\"https:\/\/welcome-to-times-square.com\/pt-br\/times-square-transformation\/\" class=\"read-more wyz-secondary-color-text\">read more<span class=\"screen-reader-text\">Transforma\u00e7\u00e3o da Times Square<\/span><\/a>","protected":false},"author":53,"featured_media":0,"parent":0,"menu_order":0,"comment_status":"closed","ping_status":"closed","template":"elementor_header_footer","meta":{"footnotes":""},"class_list":["post-9070","page","type-page","status-publish","hentry"],"yoast_head":"<!-- This site is optimized with the Yoast SEO plugin v27.2 - https:\/\/yoast.com\/product\/yoast-seo-wordpress\/ -->\n<title>Transforma\u00e7\u00e3o da Times Square - times-square<\/title>\n<meta name=\"robots\" content=\"index, follow, max-snippet:-1, max-image-preview:large, max-video-preview:-1\" \/>\n<link rel=\"canonical\" href=\"https:\/\/welcome-to-times-square.com\/pt-br\/times-square-transformation\/\" \/>\n<meta property=\"og:locale\" content=\"pt_BR\" \/>\n<meta property=\"og:type\" content=\"article\" \/>\n<meta property=\"og:title\" content=\"Transforma\u00e7\u00e3o da Times Square - times-square\" \/>\n<meta property=\"og:description\" content=\"Transforma\u00e7\u00e3o da Times Square A transforma\u00e7\u00e3o da Times Square chegou ao fim ap\u00f3s 8 anos, liderada pelo escrit\u00f3rio de arquitetura Sn\u00f8hetta. O processo foi muito longo e complexo, mas o esp\u00edrito de um dos lugares mais emblem\u00e1ticos de Nova York foi completamente alterado, pois deixou de ser um dos lugares mais congestionados e insuport\u00e1veis da [...]read moreTransforma\u00e7\u00e3o da Times Square\" \/>\n<meta property=\"og:url\" content=\"https:\/\/welcome-to-times-square.com\/pt-br\/times-square-transformation\/\" \/>\n<meta property=\"og:site_name\" content=\"times-square\" \/>\n<meta property=\"article:modified_time\" content=\"2025-01-17T12:36:56+00:00\" \/>\n<meta name=\"twitter:card\" content=\"summary_large_image\" \/>\n<meta name=\"twitter:label1\" content=\"Est. tempo de leitura\" \/>\n\t<meta name=\"twitter:data1\" content=\"4 minutos\" \/>\n<script type=\"application\/ld+json\" class=\"yoast-schema-graph\">{\"@context\":\"https:\/\/schema.org\",\"@graph\":[{\"@type\":\"WebPage\",\"@id\":\"https:\/\/welcome-to-times-square.com\/pt-br\/times-square-transformation\/\",\"url\":\"https:\/\/welcome-to-times-square.com\/pt-br\/times-square-transformation\/\",\"name\":\"Transforma\u00e7\u00e3o da Times Square - times-square\",\"isPartOf\":{\"@id\":\"https:\/\/welcome-to-times-square.com\/pt-br\/#website\"},\"datePublished\":\"2022-05-02T21:12:23+00:00\",\"dateModified\":\"2025-01-17T12:36:56+00:00\",\"breadcrumb\":{\"@id\":\"https:\/\/welcome-to-times-square.com\/pt-br\/times-square-transformation\/#breadcrumb\"},\"inLanguage\":\"pt-BR\",\"potentialAction\":[{\"@type\":\"ReadAction\",\"target\":[\"https:\/\/welcome-to-times-square.com\/pt-br\/times-square-transformation\/\"]}]},{\"@type\":\"BreadcrumbList\",\"@id\":\"https:\/\/welcome-to-times-square.com\/pt-br\/times-square-transformation\/#breadcrumb\",\"itemListElement\":[{\"@type\":\"ListItem\",\"position\":1,\"name\":\"Home\",\"item\":\"https:\/\/welcome-to-times-square.com\/pt-br\/\"},{\"@type\":\"ListItem\",\"position\":2,\"name\":\"Transforma\u00e7\u00e3o da Times Square\"}]},{\"@type\":\"WebSite\",\"@id\":\"https:\/\/welcome-to-times-square.com\/pt-br\/#website\",\"url\":\"https:\/\/welcome-to-times-square.com\/pt-br\/\",\"name\":\"times-square\",\"description\":\"times-square\",\"publisher\":{\"@id\":\"https:\/\/welcome-to-times-square.com\/pt-br\/#organization\"},\"potentialAction\":[{\"@type\":\"SearchAction\",\"target\":{\"@type\":\"EntryPoint\",\"urlTemplate\":\"https:\/\/welcome-to-times-square.com\/pt-br\/?s={search_term_string}\"},\"query-input\":{\"@type\":\"PropertyValueSpecification\",\"valueRequired\":true,\"valueName\":\"search_term_string\"}}],\"inLanguage\":\"pt-BR\"},{\"@type\":\"Organization\",\"@id\":\"https:\/\/welcome-to-times-square.com\/pt-br\/#organization\",\"name\":\"times-square\",\"url\":\"https:\/\/welcome-to-times-square.com\/pt-br\/\",\"logo\":{\"@type\":\"ImageObject\",\"inLanguage\":\"pt-BR\",\"@id\":\"https:\/\/welcome-to-times-square.com\/pt-br\/#\/schema\/logo\/image\/\",\"url\":\"https:\/\/welcome-to-times-square.com\/wp-content\/uploads\/2024\/03\/welcome-to-time-square-logo-with-r.png\",\"contentUrl\":\"https:\/\/welcome-to-times-square.com\/wp-content\/uploads\/2024\/03\/welcome-to-time-square-logo-with-r.png\",\"width\":500,\"height\":342,\"caption\":\"times-square\"},\"image\":{\"@id\":\"https:\/\/welcome-to-times-square.com\/pt-br\/#\/schema\/logo\/image\/\"}}]}<\/script>\n<!-- \/ Yoast SEO plugin. -->","yoast_head_json":{"title":"Transforma\u00e7\u00e3o da Times Square - times-square","robots":{"index":"index","follow":"follow","max-snippet":"max-snippet:-1","max-image-preview":"max-image-preview:large","max-video-preview":"max-video-preview:-1"},"canonical":"https:\/\/welcome-to-times-square.com\/pt-br\/times-square-transformation\/","og_locale":"pt_BR","og_type":"article","og_title":"Transforma\u00e7\u00e3o da Times Square - times-square","og_description":"Transforma\u00e7\u00e3o da Times Square A transforma\u00e7\u00e3o da Times Square chegou ao fim ap\u00f3s 8 anos, liderada pelo escrit\u00f3rio de arquitetura Sn\u00f8hetta. O processo foi muito longo e complexo, mas o esp\u00edrito de um dos lugares mais emblem\u00e1ticos de Nova York foi completamente alterado, pois deixou de ser um dos lugares mais congestionados e insuport\u00e1veis da [...]read moreTransforma\u00e7\u00e3o da Times Square","og_url":"https:\/\/welcome-to-times-square.com\/pt-br\/times-square-transformation\/","og_site_name":"times-square","article_modified_time":"2025-01-17T12:36:56+00:00","twitter_card":"summary_large_image","twitter_misc":{"Est. tempo de leitura":"4 minutos"},"schema":{"@context":"https:\/\/schema.org","@graph":[{"@type":"WebPage","@id":"https:\/\/welcome-to-times-square.com\/pt-br\/times-square-transformation\/","url":"https:\/\/welcome-to-times-square.com\/pt-br\/times-square-transformation\/","name":"Transforma\u00e7\u00e3o da Times Square - times-square","isPartOf":{"@id":"https:\/\/welcome-to-times-square.com\/pt-br\/#website"},"datePublished":"2022-05-02T21:12:23+00:00","dateModified":"2025-01-17T12:36:56+00:00","breadcrumb":{"@id":"https:\/\/welcome-to-times-square.com\/pt-br\/times-square-transformation\/#breadcrumb"},"inLanguage":"pt-BR","potentialAction":[{"@type":"ReadAction","target":["https:\/\/welcome-to-times-square.com\/pt-br\/times-square-transformation\/"]}]},{"@type":"BreadcrumbList","@id":"https:\/\/welcome-to-times-square.com\/pt-br\/times-square-transformation\/#breadcrumb","itemListElement":[{"@type":"ListItem","position":1,"name":"Home","item":"https:\/\/welcome-to-times-square.com\/pt-br\/"},{"@type":"ListItem","position":2,"name":"Transforma\u00e7\u00e3o da Times Square"}]},{"@type":"WebSite","@id":"https:\/\/welcome-to-times-square.com\/pt-br\/#website","url":"https:\/\/welcome-to-times-square.com\/pt-br\/","name":"times-square","description":"times-square","publisher":{"@id":"https:\/\/welcome-to-times-square.com\/pt-br\/#organization"},"potentialAction":[{"@type":"SearchAction","target":{"@type":"EntryPoint","urlTemplate":"https:\/\/welcome-to-times-square.com\/pt-br\/?s={search_term_string}"},"query-input":{"@type":"PropertyValueSpecification","valueRequired":true,"valueName":"search_term_string"}}],"inLanguage":"pt-BR"},{"@type":"Organization","@id":"https:\/\/welcome-to-times-square.com\/pt-br\/#organization","name":"times-square","url":"https:\/\/welcome-to-times-square.com\/pt-br\/","logo":{"@type":"ImageObject","inLanguage":"pt-BR","@id":"https:\/\/welcome-to-times-square.com\/pt-br\/#\/schema\/logo\/image\/","url":"https:\/\/welcome-to-times-square.com\/wp-content\/uploads\/2024\/03\/welcome-to-time-square-logo-with-r.png","contentUrl":"https:\/\/welcome-to-times-square.com\/wp-content\/uploads\/2024\/03\/welcome-to-time-square-logo-with-r.png","width":500,"height":342,"caption":"times-square"},"image":{"@id":"https:\/\/welcome-to-times-square.com\/pt-br\/#\/schema\/logo\/image\/"}}]}},"_hostinger_reach_plugin_has_subscription_block":false,"_hostinger_reach_plugin_is_elementor":false,"_links":{"self":[{"href":"https:\/\/welcome-to-times-square.com\/pt-br\/wp-json\/wp\/v2\/pages\/9070","targetHints":{"allow":["GET"]}}],"collection":[{"href":"https:\/\/welcome-to-times-square.com\/pt-br\/wp-json\/wp\/v2\/pages"}],"about":[{"href":"https:\/\/welcome-to-times-square.com\/pt-br\/wp-json\/wp\/v2\/types\/page"}],"author":[{"embeddable":true,"href":"https:\/\/welcome-to-times-square.com\/pt-br\/wp-json\/wp\/v2\/users\/53"}],"replies":[{"embeddable":true,"href":"https:\/\/welcome-to-times-square.com\/pt-br\/wp-json\/wp\/v2\/comments?post=9070"}],"version-history":[{"count":2,"href":"https:\/\/welcome-to-times-square.com\/pt-br\/wp-json\/wp\/v2\/pages\/9070\/revisions"}],"predecessor-version":[{"id":9083,"href":"https:\/\/welcome-to-times-square.com\/pt-br\/wp-json\/wp\/v2\/pages\/9070\/revisions\/9083"}],"wp:attachment":[{"href":"https:\/\/welcome-to-times-square.com\/pt-br\/wp-json\/wp\/v2\/media?parent=9070"}],"curies":[{"name":"wp","href":"https:\/\/api.w.org\/{rel}","templated":true}]}}