{"id":9160,"date":"2021-09-16T12:17:54","date_gmt":"2021-09-16T12:17:54","guid":{"rendered":"https:\/\/welcome-to-times-square.com\/love-in-times-square\/"},"modified":"2025-01-17T13:12:31","modified_gmt":"2025-01-17T13:12:31","slug":"love-in-times-square","status":"publish","type":"page","link":"https:\/\/welcome-to-times-square.com\/pt-br\/love-in-times-square\/","title":{"rendered":"Love in Times Square"},"content":{"rendered":"<p>[vc_row full_width=&#8221;stretch_row&#8221; css=&#8221;.vc_custom_1627402630091{margin-top: 28px !important;margin-right: 0px !important;margin-bottom: 0px !important;margin-left: 0px !important;padding-top: 0px !important;padding-right: 0px !important;padding-bottom: 0px !important;padding-left: 0px !important;}&#8221; el_class=&#8221;main-97676&#8243;][vc_column css=&#8221;.vc_custom_1626939874126{margin: 0px !important;padding: 0px !important;border: 0px initial !important;}&#8221;][vc_row_inner equal_height=&#8221;yes&#8221; el_class=&#8221;text-banner11&#8243;][vc_column_inner width=&#8221;1\/2&#8243; css=&#8221;.vc_custom_1626940693197{margin-top: 0px !important;margin-right: 0px !important;margin-bottom: 0px !important;margin-left: 0px !important;padding-top: 20px !important;padding-right: 20px !important;padding-bottom: 20px !important;padding-left: 20px !important;background-image: url(https:\/\/welcome-to-times-square.com\/wp-content\/uploads\/2021\/07\/dd1.jpg?id=1431) !important;background-position: center !important;background-repeat: no-repeat !important;background-size: cover !important;}&#8221;][vc_column_text]<\/p>\n<h2>Amor na Times Square<\/h2>\n<p>[\/vc_column_text][vc_column_text]Hist\u00f3rias de amor da vida real se desenrolam no Dia dos Namorados em frente ao Love in Times Square anual, quando os amantes surpreendem seus parceiros com propostas de casamento. Casais s\u00e3o vistos se casando na Duffy Square e alguns est\u00e3o envolvidos na renova\u00e7\u00e3o de seus votos nos degraus vermelhos.<\/p>\n<p>A cidade de Nova York \u00e9 o lugar perfeito para celebrar o Dia dos Namorados, um dia de amor. Welcome To Time Square ajuda voc\u00ea com a infinidade de coisas legais que voc\u00ea pode fazer no Dia dos Namorados. Atividades como cruzeiros tur\u00edsticos e outros pacotes tur\u00edsticos podem tornar seu dia rom\u00e2ntico memor\u00e1vel, levando voc\u00ea ao redor do Porto de Nova York. Voc\u00ea pode aproveitar o atraente horizonte de Manhattan, a vista que \u00e9 t\u00e3o \u00fanica quanto o amor em sua vida.[\/vc_column_text][\/vc_column_inner][vc_column_inner width=&#8221;1\/2&#8243; css=&#8221;.vc_custom_1626939926058{margin: 0px !important;padding: 0px !important;}&#8221;][vc_images_carousel images=&#8221;1421,1423&#8243; img_size=&#8221;full&#8221; onclick=&#8221;link_no&#8221; speed=&#8221;2000&#8243; autoplay=&#8221;yes&#8221; hide_prev_next_buttons=&#8221;yes&#8221; wrap=&#8221;yes&#8221; css=&#8221;.vc_custom_1626942472084{margin-top: 0px !important;margin-right: 0px !important;margin-bottom: 0px !important;margin-left: 0px !important;padding-top: 0px !important;padding-right: 0px !important;padding-bottom: 0px !important;padding-left: 0px !important;}&#8221;][\/vc_column_inner][\/vc_row_inner][\/vc_column][\/vc_row][vc_row full_width=&#8221;stretch_row&#8221; css=&#8221;.vc_custom_1627402678677{margin-top: 0px !important;padding-top: 0px !important;padding-bottom: 20px !important;background-image: url(https:\/\/welcome-to-times-square.com\/wp-content\/uploads\/2021\/07\/bg676.jpg?id=417) !important;background-position: center !important;background-repeat: no-repeat !important;background-size: cover !important;}&#8221; el_class=&#8221;main-title312&#8243;][vc_column width=&#8221;1\/2&#8243;][vc_column_text]<\/p>\n<h2 style=\"text-align: left;\">LOVE IN TIMES SQUARE<\/h2>\n<p>[\/vc_column_text][\/vc_column][vc_column width=&#8221;1\/2&#8243;][vc_column_text]<\/p>\n<h2 style=\"text-align: right; font-size: 16px !important;\"><a style=\"color: #c00;\" href=\"https:\/\/welcome-to-times-square.com\/pt-br\/\"> HOME <\/a> \/ LOVE IN TIMES SQUARE<\/h2>\n<p>[\/vc_column_text][\/vc_column][\/vc_row][vc_row full_width=&#8221;stretch_row&#8221; css=&#8221;.vc_custom_1627404173873{margin-top: 0px !important;margin-right: 0px !important;margin-bottom: 0px !important;margin-left: 0px !important;padding-top: 80px !important;padding-right: 40px !important;padding-bottom: 40px !important;padding-left: 40px !important;background-color: #f3f3f3 !important;}&#8221; el_class=&#8221;main-97676&#8243;][vc_column el_class=&#8221;text31&#8243;][vc_column_text]There are numerous Valentine\u2019s Day events that you can enjoy. A few ideas that can make your day more special and unique are:[\/vc_column_text][vc_column_text]<strong>Times Square &#8211; O lugar para renovar seus votos<\/strong><br \/>\nMilhares de casais se re\u00fanem na Times Square todos os anos para renovar seus votos com seus entes queridos. A movimentada, mas vibrante Times Square \u00e9 o lugar perfeito para renovar os votos e faz dela uma oportunidade \u00fanica na vida para casais.<\/p>\n<p>Fazer um cruzeiro para passear pode aumentar sua experi\u00eancia rom\u00e2ntica. Celebrar seu amor na Times Square \u00e9 a melhor chance de agarrar em nome do amor. Seria o Dia dos Namorados da sua vida.<\/p>\n<p><strong>Jantar no One World Trade Center<\/strong><br \/>\nAproveitar o horizonte da cidade de Nova York com seu amor \u00e9 a melhor experi\u00eancia rom\u00e2ntica do Dia dos Namorados. O Dia dos Namorados \u00e9 o melhor dia para estar no topo do mundo com seu amado e para vivenciar isso, nenhum lugar \u00e9 melhor do que o One World Trade Center. Voc\u00ea pode levar seu amor para saborear comidas e bebidas saborosas e ver o horizonte hipnotizante da cidade.<\/p>\n<p><strong>Experimente as estrelas no Planet\u00e1rio<\/strong><br \/>\nSentar-se sob as estrelas em si \u00e9 uma experi\u00eancia rom\u00e2ntica, mas quando voc\u00ea tem o amor da sua vida com voc\u00ea, isso a torna memor\u00e1vel e \u00fanica. A coisa mais legal para fazer em Nova York no Dia dos Namorados \u00e9 testemunhar o evento &#8220;Romance Under the Stars&#8221; no planet\u00e1rio e sentar sob as estrelas e abra\u00e7ar a beleza da natureza.<\/p>\n<p><strong>Pedido de casamento em outdoor na Times Square<\/strong><\/p>\n<p>O pedido de casamento em outdoor na Times Square \u00e9 o pedido ic\u00f4nico para aqueles que querem fazer algo grande para proclamar seu amor ao mundo. Voc\u00ea pode atrair a aten\u00e7\u00e3o de Manhattan para o seu noivado com a mensagem do pedido que aparece no tel\u00e3o da Times Square.<\/p>\n<p>Sua foto aparece no outdoor da Times Square com as palavras m\u00e1gicas &#8220;quer se casar comigo? N\u00e3o \u00e9 uma experi\u00eancia \u00fanica na vida?<\/p>\n<p>Al\u00e9m disso, as luzes brilhantes, os outdoors de neon e os an\u00fancios chamativos contribuem para a experi\u00eancia rom\u00e2ntica de onde nenhum pombinho gostaria de escapar. N\u00e3o pode haver um lugar melhor para declarar seu amor do que a Times Square, o centro do mundo.<\/p>\n<p><strong>Casamentos na Times Square<\/strong><\/p>\n<p>Uma cerim\u00f4nia de casamento na vibrante e animada Times Square, cercada por luzes deslumbrantes e placas el\u00e9tricas, \u00e9 um sonho que se torna realidade. A cerim\u00f4nia de casamento pode come\u00e7ar nos populares \u2018Red Steps\u2019 na Times Square. As escadas vermelhas s\u00e3o o lugar perfeito, feitas com vidro vermelho e iluminado, tornando o espet\u00e1culo panor\u00e2mico e m\u00e1gico. Para amarrar o conhecimento, os casais tamb\u00e9m podem escolher a Grand Central Station, o Top of the Rock, uma igreja da cidade de Nova York e o mais famoso Central Park.[\/vc_column_text][vc_empty_space][\/vc_column][\/vc_row][vc_row][vc_column][vc_raw_html]JTNDJTIxLS0lMjBNZXRhJTIwUGl4ZWwlMjBDb2RlJTIwLS0lM0UlMEElM0NzY3JpcHQlM0UlMEElMjFmdW5jdGlvbiUyOGYlMkNiJTJDZSUyQ3YlMkNuJTJDdCUyQ3MlMjklMEElN0JpZiUyOGYuZmJxJTI5cmV0dXJuJTNCbiUzRGYuZmJxJTNEZnVuY3Rpb24lMjglMjklN0JuLmNhbGxNZXRob2QlM0YlMEFuLmNhbGxNZXRob2QuYXBwbHklMjhuJTJDYXJndW1lbnRzJTI5JTNBbi5xdWV1ZS5wdXNoJTI4YXJndW1lbnRzJTI5JTdEJTNCJTBBaWYlMjglMjFmLl9mYnElMjlmLl9mYnElM0RuJTNCbi5wdXNoJTNEbiUzQm4ubG9hZGVkJTNEJTIxMCUzQm4udmVyc2lvbiUzRCUyNzIuMCUyNyUzQiUwQW4ucXVldWUlM0QlNUIlNUQlM0J0JTNEYi5jcmVhdGVFbGVtZW50JTI4ZSUyOSUzQnQuYXN5bmMlM0QlMjEwJTNCJTBBdC5zcmMlM0R2JTNCcyUzRGIuZ2V0RWxlbWVudHNCeVRhZ05hbWUlMjhlJTI5JTVCMCU1RCUzQiUwQXMucGFyZW50Tm9kZS5pbnNlcnRCZWZvcmUlMjh0JTJDcyUyOSU3RCUyOHdpbmRvdyUyQyUyMGRvY3VtZW50JTJDJTI3c2NyaXB0JTI3JTJDJTBBJTI3aHR0cHMlM0ElMkYlMkZjb25uZWN0LmZhY2Vib29rLm5ldCUyRmVuX1VTJTJGZmJldmVudHMuanMlMjclMjklM0IlMEFmYnElMjglMjdpbml0JTI3JTJDJTIwJTI3MTc1MTgxMTAwODYyNDAzOSUyNyUyOSUzQiUwQWZicSUyOCUyN3RyYWNrJTI3JTJDJTIwJTI3UGFnZVZpZXclMjclMjklM0IlMEElM0MlMkZzY3JpcHQlM0UlMEElM0Nub3NjcmlwdCUzRSUzQ2ltZyUyMGhlaWdodCUzRCUyMjElMjIlMjB3aWR0aCUzRCUyMjElMjIlMjBzdHlsZSUzRCUyMmRpc3BsYXklM0Fub25lJTIyJTBBc3JjJTNEJTIyaHR0cHMlM0ElMkYlMkZ3d3cuZmFjZWJvb2suY29tJTJGdHIlM0ZpZCUzRDE3NTE4MTEwMDg2MjQwMzklMjZldiUzRFBhZ2VWaWV3JTI2bm9zY3JpcHQlM0QxJTIyJTBBJTJGJTNFJTNDJTJGbm9zY3JpcHQlM0UlMEElM0MlMjEtLSUyMEVuZCUyME1ldGElMjBQaXhlbCUyMENvZGUlMjAtLSUzRQ==[\/vc_raw_html][\/vc_column][\/vc_row]<\/p>\n","protected":false},"excerpt":{"rendered":"[vc_row full_width=\"stretch_row\" css=\".vc_custom_1627402630091{margin-top: 28px !important;margin-right: 0px !important;margin-bottom: 0px !important;margin-left: 0px !important;padding-top: 0px !important;padding-right: 0px !important;padding-bottom: 0px !important;padding-left: 0px !important;}\" el_class=\"main-97676\"][vc_column css=\".vc_custom_1626939874126{margin: 0px !important;padding: 0px !important;border: 0px initial !important;}\"][vc_row_inner equal_height=\"yes\" el_class=\"text-banner11\"][vc_column_inner width=\"1\/2\" css=\".vc_custom_1626940693197{margin-top: 0px !important;margin-right: 0px !important;margin-bottom: 0px !important;margin-left: 0px !important;padding-top: 20px !important;padding-right: 20px !important;padding-bottom: 20px !important;padding-left: 20px !important;background-image: url(https:\/\/welcome-to-times-square.com\/wp-content\/uploads\/2021\/07\/dd1.jpg?id=1431) !important;background-position: center !important;background-repeat: no-repeat !important;background-size: cover [...]<a href=\"https:\/\/welcome-to-times-square.com\/pt-br\/love-in-times-square\/\" class=\"read-more wyz-secondary-color-text\">read more<span class=\"screen-reader-text\">Love in Times Square<\/span><\/a>","protected":false},"author":53,"featured_media":0,"parent":0,"menu_order":0,"comment_status":"closed","ping_status":"closed","template":"","meta":{"footnotes":""},"class_list":["post-9160","page","type-page","status-publish","hentry"],"yoast_head":"<!-- This site is optimized with the Yoast SEO plugin v27.2 - https:\/\/yoast.com\/product\/yoast-seo-wordpress\/ -->\n<title>Love in Times Square - times-square<\/title>\n<meta name=\"robots\" content=\"index, follow, max-snippet:-1, max-image-preview:large, max-video-preview:-1\" \/>\n<link rel=\"canonical\" href=\"https:\/\/welcome-to-times-square.com\/pt-br\/love-in-times-square\/\" \/>\n<meta property=\"og:locale\" content=\"pt_BR\" \/>\n<meta property=\"og:type\" content=\"article\" \/>\n<meta property=\"og:title\" content=\"Love in Times Square - times-square\" \/>\n<meta property=\"og:description\" content=\"[vc_row full_width=&#8221;stretch_row&#8221; css=&#8221;.vc_custom_1627402630091{margin-top: 28px !important;margin-right: 0px !important;margin-bottom: 0px !important;margin-left: 0px !important;padding-top: 0px !important;padding-right: 0px !important;padding-bottom: 0px !important;padding-left: 0px !important;}&#8221; el_class=&#8221;main-97676&#8243;][vc_column css=&#8221;.vc_custom_1626939874126{margin: 0px !important;padding: 0px !important;border: 0px initial !important;}&#8221;][vc_row_inner equal_height=&#8221;yes&#8221; el_class=&#8221;text-banner11&#8243;][vc_column_inner width=&#8221;1\/2&#8243; css=&#8221;.vc_custom_1626940693197{margin-top: 0px !important;margin-right: 0px !important;margin-bottom: 0px !important;margin-left: 0px !important;padding-top: 20px !important;padding-right: 20px !important;padding-bottom: 20px !important;padding-left: 20px !important;background-image: url(https:\/\/welcome-to-times-square.com\/wp-content\/uploads\/2021\/07\/dd1.jpg?id=1431) !important;background-position: center !important;background-repeat: no-repeat !important;background-size: cover [...]read moreLove in Times Square\" \/>\n<meta property=\"og:url\" content=\"https:\/\/welcome-to-times-square.com\/pt-br\/love-in-times-square\/\" \/>\n<meta property=\"og:site_name\" content=\"times-square\" \/>\n<meta property=\"article:modified_time\" content=\"2025-01-17T13:12:31+00:00\" \/>\n<meta name=\"twitter:card\" content=\"summary_large_image\" \/>\n<meta name=\"twitter:label1\" content=\"Est. tempo de leitura\" \/>\n\t<meta name=\"twitter:data1\" content=\"4 minutos\" \/>\n<script type=\"application\/ld+json\" class=\"yoast-schema-graph\">{\"@context\":\"https:\/\/schema.org\",\"@graph\":[{\"@type\":\"WebPage\",\"@id\":\"https:\/\/welcome-to-times-square.com\/pt-br\/love-in-times-square\/\",\"url\":\"https:\/\/welcome-to-times-square.com\/pt-br\/love-in-times-square\/\",\"name\":\"Love in Times Square - times-square\",\"isPartOf\":{\"@id\":\"https:\/\/welcome-to-times-square.com\/pt-br\/#website\"},\"datePublished\":\"2021-09-16T12:17:54+00:00\",\"dateModified\":\"2025-01-17T13:12:31+00:00\",\"breadcrumb\":{\"@id\":\"https:\/\/welcome-to-times-square.com\/pt-br\/love-in-times-square\/#breadcrumb\"},\"inLanguage\":\"pt-BR\",\"potentialAction\":[{\"@type\":\"ReadAction\",\"target\":[\"https:\/\/welcome-to-times-square.com\/pt-br\/love-in-times-square\/\"]}]},{\"@type\":\"BreadcrumbList\",\"@id\":\"https:\/\/welcome-to-times-square.com\/pt-br\/love-in-times-square\/#breadcrumb\",\"itemListElement\":[{\"@type\":\"ListItem\",\"position\":1,\"name\":\"Home\",\"item\":\"https:\/\/welcome-to-times-square.com\/pt-br\/\"},{\"@type\":\"ListItem\",\"position\":2,\"name\":\"Love in Times Square\"}]},{\"@type\":\"WebSite\",\"@id\":\"https:\/\/welcome-to-times-square.com\/pt-br\/#website\",\"url\":\"https:\/\/welcome-to-times-square.com\/pt-br\/\",\"name\":\"times-square\",\"description\":\"times-square\",\"publisher\":{\"@id\":\"https:\/\/welcome-to-times-square.com\/pt-br\/#organization\"},\"potentialAction\":[{\"@type\":\"SearchAction\",\"target\":{\"@type\":\"EntryPoint\",\"urlTemplate\":\"https:\/\/welcome-to-times-square.com\/pt-br\/?s={search_term_string}\"},\"query-input\":{\"@type\":\"PropertyValueSpecification\",\"valueRequired\":true,\"valueName\":\"search_term_string\"}}],\"inLanguage\":\"pt-BR\"},{\"@type\":\"Organization\",\"@id\":\"https:\/\/welcome-to-times-square.com\/pt-br\/#organization\",\"name\":\"times-square\",\"url\":\"https:\/\/welcome-to-times-square.com\/pt-br\/\",\"logo\":{\"@type\":\"ImageObject\",\"inLanguage\":\"pt-BR\",\"@id\":\"https:\/\/welcome-to-times-square.com\/pt-br\/#\/schema\/logo\/image\/\",\"url\":\"https:\/\/welcome-to-times-square.com\/wp-content\/uploads\/2024\/03\/welcome-to-time-square-logo-with-r.png\",\"contentUrl\":\"https:\/\/welcome-to-times-square.com\/wp-content\/uploads\/2024\/03\/welcome-to-time-square-logo-with-r.png\",\"width\":500,\"height\":342,\"caption\":\"times-square\"},\"image\":{\"@id\":\"https:\/\/welcome-to-times-square.com\/pt-br\/#\/schema\/logo\/image\/\"}}]}<\/script>\n<!-- \/ Yoast SEO plugin. -->","yoast_head_json":{"title":"Love in Times Square - times-square","robots":{"index":"index","follow":"follow","max-snippet":"max-snippet:-1","max-image-preview":"max-image-preview:large","max-video-preview":"max-video-preview:-1"},"canonical":"https:\/\/welcome-to-times-square.com\/pt-br\/love-in-times-square\/","og_locale":"pt_BR","og_type":"article","og_title":"Love in Times Square - times-square","og_description":"[vc_row full_width=&#8221;stretch_row&#8221; css=&#8221;.vc_custom_1627402630091{margin-top: 28px !important;margin-right: 0px !important;margin-bottom: 0px !important;margin-left: 0px !important;padding-top: 0px !important;padding-right: 0px !important;padding-bottom: 0px !important;padding-left: 0px !important;}&#8221; el_class=&#8221;main-97676&#8243;][vc_column css=&#8221;.vc_custom_1626939874126{margin: 0px !important;padding: 0px !important;border: 0px initial !important;}&#8221;][vc_row_inner equal_height=&#8221;yes&#8221; el_class=&#8221;text-banner11&#8243;][vc_column_inner width=&#8221;1\/2&#8243; css=&#8221;.vc_custom_1626940693197{margin-top: 0px !important;margin-right: 0px !important;margin-bottom: 0px !important;margin-left: 0px !important;padding-top: 20px !important;padding-right: 20px !important;padding-bottom: 20px !important;padding-left: 20px !important;background-image: url(https:\/\/welcome-to-times-square.com\/wp-content\/uploads\/2021\/07\/dd1.jpg?id=1431) !important;background-position: center !important;background-repeat: no-repeat !important;background-size: cover [...]read moreLove in Times Square","og_url":"https:\/\/welcome-to-times-square.com\/pt-br\/love-in-times-square\/","og_site_name":"times-square","article_modified_time":"2025-01-17T13:12:31+00:00","twitter_card":"summary_large_image","twitter_misc":{"Est. tempo de leitura":"4 minutos"},"schema":{"@context":"https:\/\/schema.org","@graph":[{"@type":"WebPage","@id":"https:\/\/welcome-to-times-square.com\/pt-br\/love-in-times-square\/","url":"https:\/\/welcome-to-times-square.com\/pt-br\/love-in-times-square\/","name":"Love in Times Square - times-square","isPartOf":{"@id":"https:\/\/welcome-to-times-square.com\/pt-br\/#website"},"datePublished":"2021-09-16T12:17:54+00:00","dateModified":"2025-01-17T13:12:31+00:00","breadcrumb":{"@id":"https:\/\/welcome-to-times-square.com\/pt-br\/love-in-times-square\/#breadcrumb"},"inLanguage":"pt-BR","potentialAction":[{"@type":"ReadAction","target":["https:\/\/welcome-to-times-square.com\/pt-br\/love-in-times-square\/"]}]},{"@type":"BreadcrumbList","@id":"https:\/\/welcome-to-times-square.com\/pt-br\/love-in-times-square\/#breadcrumb","itemListElement":[{"@type":"ListItem","position":1,"name":"Home","item":"https:\/\/welcome-to-times-square.com\/pt-br\/"},{"@type":"ListItem","position":2,"name":"Love in Times Square"}]},{"@type":"WebSite","@id":"https:\/\/welcome-to-times-square.com\/pt-br\/#website","url":"https:\/\/welcome-to-times-square.com\/pt-br\/","name":"times-square","description":"times-square","publisher":{"@id":"https:\/\/welcome-to-times-square.com\/pt-br\/#organization"},"potentialAction":[{"@type":"SearchAction","target":{"@type":"EntryPoint","urlTemplate":"https:\/\/welcome-to-times-square.com\/pt-br\/?s={search_term_string}"},"query-input":{"@type":"PropertyValueSpecification","valueRequired":true,"valueName":"search_term_string"}}],"inLanguage":"pt-BR"},{"@type":"Organization","@id":"https:\/\/welcome-to-times-square.com\/pt-br\/#organization","name":"times-square","url":"https:\/\/welcome-to-times-square.com\/pt-br\/","logo":{"@type":"ImageObject","inLanguage":"pt-BR","@id":"https:\/\/welcome-to-times-square.com\/pt-br\/#\/schema\/logo\/image\/","url":"https:\/\/welcome-to-times-square.com\/wp-content\/uploads\/2024\/03\/welcome-to-time-square-logo-with-r.png","contentUrl":"https:\/\/welcome-to-times-square.com\/wp-content\/uploads\/2024\/03\/welcome-to-time-square-logo-with-r.png","width":500,"height":342,"caption":"times-square"},"image":{"@id":"https:\/\/welcome-to-times-square.com\/pt-br\/#\/schema\/logo\/image\/"}}]}},"_hostinger_reach_plugin_has_subscription_block":false,"_hostinger_reach_plugin_is_elementor":false,"_links":{"self":[{"href":"https:\/\/welcome-to-times-square.com\/pt-br\/wp-json\/wp\/v2\/pages\/9160","targetHints":{"allow":["GET"]}}],"collection":[{"href":"https:\/\/welcome-to-times-square.com\/pt-br\/wp-json\/wp\/v2\/pages"}],"about":[{"href":"https:\/\/welcome-to-times-square.com\/pt-br\/wp-json\/wp\/v2\/types\/page"}],"author":[{"embeddable":true,"href":"https:\/\/welcome-to-times-square.com\/pt-br\/wp-json\/wp\/v2\/users\/53"}],"replies":[{"embeddable":true,"href":"https:\/\/welcome-to-times-square.com\/pt-br\/wp-json\/wp\/v2\/comments?post=9160"}],"version-history":[{"count":1,"href":"https:\/\/welcome-to-times-square.com\/pt-br\/wp-json\/wp\/v2\/pages\/9160\/revisions"}],"predecessor-version":[{"id":9178,"href":"https:\/\/welcome-to-times-square.com\/pt-br\/wp-json\/wp\/v2\/pages\/9160\/revisions\/9178"}],"wp:attachment":[{"href":"https:\/\/welcome-to-times-square.com\/pt-br\/wp-json\/wp\/v2\/media?parent=9160"}],"curies":[{"name":"wp","href":"https:\/\/api.w.org\/{rel}","templated":true}]}}