{"id":9165,"date":"2022-05-02T21:10:06","date_gmt":"2022-05-02T21:10:06","guid":{"rendered":"https:\/\/welcome-to-times-square.com\/live-work\/"},"modified":"2025-01-17T13:21:26","modified_gmt":"2025-01-17T13:21:26","slug":"live-work","status":"publish","type":"page","link":"https:\/\/welcome-to-times-square.com\/pt-br\/live-work\/","title":{"rendered":"Viva e trabalhe em Nova York"},"content":{"rendered":"\t\t<div data-elementor-type=\"wp-page\" data-elementor-id=\"9165\" class=\"elementor elementor-9165 elementor-2882\" data-elementor-post-type=\"page\">\n\t\t\t\t<div class=\"elementor-element elementor-element-e4fa080 e-flex e-con-boxed e-con e-parent\" data-id=\"e4fa080\" data-element_type=\"container\" data-e-type=\"container\" data-settings=\"{&quot;background_background&quot;:&quot;classic&quot;}\">\n\t\t\t\t\t<div class=\"e-con-inner\">\n\t\t\t\t<div class=\"elementor-element elementor-element-6544198 elementor-widget elementor-widget-heading\" data-id=\"6544198\" data-element_type=\"widget\" data-e-type=\"widget\" data-widget_type=\"heading.default\">\n\t\t\t\t<div class=\"elementor-widget-container\">\n\t\t\t\t\t<h2 class=\"elementor-heading-title elementor-size-default\">Viva e trabalhe em Nova York<\/h2>\t\t\t\t<\/div>\n\t\t\t\t<\/div>\n\t\t\t\t<div class=\"elementor-element elementor-element-d8f4a4b elementor-widget-divider--view-line elementor-widget elementor-widget-divider\" data-id=\"d8f4a4b\" data-element_type=\"widget\" data-e-type=\"widget\" data-widget_type=\"divider.default\">\n\t\t\t\t<div class=\"elementor-widget-container\">\n\t\t\t\t\t\t\t<div class=\"elementor-divider\">\n\t\t\t<span class=\"elementor-divider-separator\">\n\t\t\t\t\t\t<\/span>\n\t\t<\/div>\n\t\t\t\t\t\t<\/div>\n\t\t\t\t<\/div>\n\t\t\t\t<div class=\"elementor-element elementor-element-48af05e elementor-widget elementor-widget-text-editor\" data-id=\"48af05e\" data-element_type=\"widget\" data-e-type=\"widget\" data-widget_type=\"text-editor.default\">\n\t\t\t\t<div class=\"elementor-widget-container\">\n\t\t\t\t\t\t\t\t\t<div class=\"vc_row wpb_row vc_row-fluid vc_custom_1652220423392 vc_row-has-fill\">\n<div class=\"wpb_column vc_column_container vc_col-sm-12\">\n<div class=\"vc_column-inner\">\n<div class=\"wpb_wrapper\">\n<div class=\"vc_tta-container\" data-vc-action=\"collapse\">\n<div class=\"vc_general vc_tta vc_tta-tabs vc_tta-color-grey vc_tta-style-classic vc_tta-shape-rounded vc_tta-spacing-1 vc_tta-tabs-position-top vc_tta-controls-align-left\">\n<div class=\"vc_tta-panels-container\">\n<div class=\"vc_tta-panels\">\n<div id=\"1651526539539-451fae82-432e\" class=\"vc_tta-panel vc_active\" data-vc-content=\".vc_tta-panel-body\">\n<div class=\"vc_tta-panel-body\">\n<div class=\"wpb_text_column wpb_content_element \">\n<div class=\"wpb_wrapper\">\n<p>Times Square \u00e9 o centro da cidade de Nova York, que captura e celebra as culturas art\u00edsticas, criativas, populares e diversas da cidade, na qual milh\u00f5es de turistas passam admirados com as impressionantes luzes de LED e \u00e9 o lar de mais de 5.800 moradores, com outros 172.000 trabalhadores de escrit\u00f3rio que se deslocam. Com uma grande variedade de op\u00e7\u00f5es de restaurantes e compras, h\u00e1 algo aqui para todos, fornecendo um conjunto exclusivo de servi\u00e7os. O programa Crossroads, o programa de benef\u00edcios gratuitos da Alliance, d\u00e1 a voc\u00ea acesso exclusivo a ofertas, eventos e informa\u00e7\u00f5es privilegiadas do bairro para Live &amp; Work. E o Neighborhood Resources fornece informa\u00e7\u00f5es sobre como acessar uma variedade de recursos da cidade e muito mais, incluindo fazer consultas 311 ou reclama\u00e7\u00f5es de qualidade de vida.   <\/p>\n<p>Morar e trabalhar para alugar apartamentos em Nova York, voc\u00ea tem que provar que o sal\u00e1rio anual \u00e9 40 ou 45 vezes o pre\u00e7o do aluguel do im\u00f3vel. Eles v\u00e3o garantir que voc\u00ea consiga pagar, revisando seu contrato e sua folha de pagamento. Eles geralmente fazem verifica\u00e7\u00f5es adicionais ou entram em contato com pessoas que podem garantir por voc\u00ea. No total, voc\u00ea ter\u00e1 que pagar tr\u00eas meses adiantados: um m\u00eas para o dep\u00f3sito de seguran\u00e7a, o primeiro m\u00eas de aluguel e o \u00faltimo.   <\/p>\n<p>Para come\u00e7ar a procurar um apartamento para alugar, o melhor momento \u00e9 entre 4 e 8 semanas antes da mudan\u00e7a. Contratos de um ano s\u00e3o geralmente oferecidos, mas nunca mais do que dois. <\/p>\n<p>Existem diferentes maneiras de encontrar um apartamento na cidade, voc\u00ea pode ir a uma ag\u00eancia, usar o Google, dar uma olhada nos classificados do Craigslist ou responder a uma dessas placas de \u201caluga-se\u201d que ficam nas fachadas dos pr\u00e9dios. As duas \u00faltimas op\u00e7\u00f5es s\u00e3o menos restritivas e podem ser alternativas mais f\u00e1ceis, mas cuidado com os golpes. Para estadias mais curtas (alguns meses), voc\u00ea pode dar uma olhada no Airbnb. N\u00e3o se esque\u00e7a de que se voc\u00ea estiver procurando um apartamento por meio de um corretor imobili\u00e1rio, ter\u00e1 que pagar um m\u00eas de aluguel como comiss\u00e3o pelos servi\u00e7os deles.   <\/p>\n<p>Para viver e trabalhar em Nova York, voc\u00ea precisa de um visto de trabalho ou um Green Card, que s\u00f3 pode ser emitido pelas autoridades correspondentes (neste caso, a embaixada ou consulado dos Estados Unidos no pa\u00eds em que voc\u00ea reside) antes de viajar para os Estados Unidos. .EUA Voc\u00ea precisa de uma empresa sediada nos Estados Unidos para patrocin\u00e1-lo. Isso significa que quando voc\u00ea se candidata a um emprego em uma empresa dos EUA, eles t\u00eam que patrocinar seu pedido de visto em Nova York. Sem um patrocinador, \u00e9 dif\u00edcil conseguir um emprego nos Estados Unidos.   <\/p>\n<p>Outra maneira de obter um visto que lhe permite Viver e Trabalhar nos EUA \u00e9 por meio da loteria do Green Card. O governo dos EUA concede 50.000 vistos de imigrantes por ano. Alternativamente, voc\u00ea pode come\u00e7ar seu pr\u00f3prio neg\u00f3cio nos Estados Unidos, mas tenha em mente que voc\u00ea precisa de muito capital para isso.  <\/p>\n<p>O custo de vida e trabalho em Nova York \u00e9 alto. Ela \u00e9 caracterizada por ser uma cidade cara, ent\u00e3o pode ser \u00fatil saber aproximadamente quanto voc\u00ea gastar\u00e1 por m\u00eas. <\/p>\n<p>Um est\u00fadio com pre\u00e7o razo\u00e1vel custar\u00e1 cerca de US$ 2.100 por m\u00eas em Manhattan, e um apartamento de um quarto entre US$ 2.700 e US$ 3.000. No Brooklyn, \u00e9 dif\u00edcil encontrar um est\u00fadio por menos de US$ 1.500. Em Nova York, muitas pessoas dividem uma casa para morar e trabalhar, ent\u00e3o se voc\u00ea usar essa op\u00e7\u00e3o, pagar\u00e1 entre US$ 800 e US$ 1.000 por um quarto em um apartamento compartilhado no Queens ou no Brooklyn.  <\/p>\n<p>Ao aluguel voc\u00ea tem que adicionar os custos de g\u00e1s e eletricidade, que normalmente acrescentam outros 100-200 d\u00f3lares por m\u00eas. Para se mudar para a cidade voc\u00ea tamb\u00e9m precisa de um celular, e os contratos mais baratos custam entre 40 e 80 d\u00f3lares. Se voc\u00ea tamb\u00e9m quiser ter acesso \u00e0 internet, \u00e9 bem poss\u00edvel que voc\u00ea acabe pagando cerca de $120 por m\u00eas.  <\/p>\n<p>Outra coisa que voc\u00ea definitivamente precisar\u00e1 ter \u00e9 um MetroCard. Um cart\u00e3o de 30 dias custar\u00e1 US$ 127 e voc\u00ea poder\u00e1 viajar ilimitadamente no metr\u00f4 e nos \u00f4nibus metropolitanos. <\/p>\n<p>A cesta de compras tamb\u00e9m pode ser cara, mas isso depende muito de cada pessoa e da \u00e1rea em que ela est\u00e1 instalada. Em Manhattan, os supermercados tendem a ser caros. \u00c0s vezes, uma comida para viagem pode ser mais barata do que comprar comida em uma loja. Uma comida asi\u00e1tica para viagem pode custar US$ 6 e voc\u00ea geralmente ter\u00e1 o suficiente para comer no dia seguinte. Estime que voc\u00ea gastar\u00e1 cerca de 50-100 d\u00f3lares por semana por pessoa em compras de alimentos. O que n\u00e3o est\u00e1 inclu\u00eddo \u00e9 o seguro sa\u00fade por um motivo: \u00e9 muito pessoal. Se a pessoa planeja ficar em Nova York por apenas alguns meses, a seguradora nacional pode cobri-lo. Se a pessoa trabalha em Nova York, a empresa que a emprega pode contribuir para o pagamento do seguro sa\u00fade, mas nem todas o fazem. Os custos dos servi\u00e7os m\u00e9dicos nos Estados Unidos s\u00e3o muito altos, ent\u00e3o voc\u00ea tem que se certificar de que ele esteja coberto durante sua estadia para aproveit\u00e1-lo sem preocupa\u00e7\u00f5es.        <\/p>\n<\/div>\n<\/div>\n<\/div>\n<\/div>\n<\/div>\n<\/div>\n<\/div>\n<\/div>\n<\/div>\n<\/div>\n<\/div>\n<\/div>\n\t\t\t\t\t\t\t\t<\/div>\n\t\t\t\t<\/div>\n\t\t\t\t<div class=\"elementor-element elementor-element-73ce83c elementor-widget-divider--view-line elementor-widget elementor-widget-divider\" data-id=\"73ce83c\" data-element_type=\"widget\" data-e-type=\"widget\" data-widget_type=\"divider.default\">\n\t\t\t\t<div class=\"elementor-widget-container\">\n\t\t\t\t\t\t\t<div class=\"elementor-divider\">\n\t\t\t<span class=\"elementor-divider-separator\">\n\t\t\t\t\t\t<\/span>\n\t\t<\/div>\n\t\t\t\t\t\t<\/div>\n\t\t\t\t<\/div>\n\t\t\t\t<div class=\"elementor-element elementor-element-adc2672 elementor-widget elementor-widget-text-editor\" data-id=\"adc2672\" data-element_type=\"widget\" data-e-type=\"widget\" data-widget_type=\"text-editor.default\">\n\t\t\t\t<div class=\"elementor-widget-container\">\n\t\t\t\t\t\t\t\t\t<p><strong>Para aparecer em nosso outdoor na Times Square, acesse a se\u00e7\u00e3o CONTATO.<\/strong><\/p>\n<p>Veja como isso funciona:<\/p>\n<p>Seja um anivers\u00e1rio, um pedido de casamento, um anivers\u00e1rio ou uma simples declara\u00e7\u00e3o de amor, n\u00f3s temos tudo o que voc\u00ea precisa. N\u00e3o seja um rosto na multid\u00e3o! <br \/>Coloque sua foto ou v\u00eddeo em nosso outdoor na Times Square!<\/p>\n<p>Op\u00e7\u00e3o 1: Seu v\u00eddeo\/foto de 60 segundos ser\u00e1 exibido 22 vezes por dia.<br \/>Op\u00e7\u00e3o 2: Seu v\u00eddeo\/foto de 30 segundos ser\u00e1 exibido 44 vezes por dia<br \/>Op\u00e7\u00e3o 3: Seu v\u00eddeo\/foto de 15 segundos ser\u00e1 exibido 88 vezes por dia.<\/p>\n<p>Nosso outdoor tem 31 p\u00e9s x 55 p\u00e9s e est\u00e1 localizado na 1560 Broadway (Broadway e 46th Street, logo acima da loja Pel\u00e9).<\/p>\n<p>N\u00e3o seja um rosto na multid\u00e3o!<\/p>\n\t\t\t\t\t\t\t\t<\/div>\n\t\t\t\t<\/div>\n\t\t\t\t<div class=\"elementor-element elementor-element-a267a0f elementor-widget elementor-widget-image\" data-id=\"a267a0f\" data-element_type=\"widget\" data-e-type=\"widget\" data-widget_type=\"image.default\">\n\t\t\t\t<div class=\"elementor-widget-container\">\n\t\t\t\t\t\t\t\t\t\t\t\t\t\t\t<img fetchpriority=\"high\" decoding=\"async\" width=\"1024\" height=\"613\" src=\"https:\/\/welcome-to-times-square.com\/wp-content\/uploads\/2022\/05\/Live-and-Work-in-NYC-1024x613.png\" class=\"attachment-large size-large wp-image-6240\" alt=\"\" srcset=\"https:\/\/welcome-to-times-square.com\/wp-content\/uploads\/2022\/05\/Live-and-Work-in-NYC-1024x613.png 1024w, https:\/\/welcome-to-times-square.com\/wp-content\/uploads\/2022\/05\/Live-and-Work-in-NYC-600x359.png 600w, https:\/\/welcome-to-times-square.com\/wp-content\/uploads\/2022\/05\/Live-and-Work-in-NYC-300x179.png 300w, https:\/\/welcome-to-times-square.com\/wp-content\/uploads\/2022\/05\/Live-and-Work-in-NYC-768x459.png 768w, https:\/\/welcome-to-times-square.com\/wp-content\/uploads\/2022\/05\/Live-and-Work-in-NYC-1536x919.png 1536w, https:\/\/welcome-to-times-square.com\/wp-content\/uploads\/2022\/05\/Live-and-Work-in-NYC.png 1648w\" sizes=\"(max-width: 1024px) 100vw, 1024px\" \/>\t\t\t\t\t\t\t\t\t\t\t\t\t\t\t<\/div>\n\t\t\t\t<\/div>\n\t\t\t\t\t<\/div>\n\t\t\t\t<\/div>\n\t\t\t\t<\/div>\n\t\t","protected":false},"excerpt":{"rendered":"Viva e trabalhe em Nova York Times Square \u00e9 o centro da cidade de Nova York, que captura e celebra as culturas art\u00edsticas, criativas, populares e diversas da cidade, na qual milh\u00f5es de turistas passam admirados com as impressionantes luzes de LED e \u00e9 o lar de mais de 5.800 moradores, com outros 172.000 trabalhadores [...]<a href=\"https:\/\/welcome-to-times-square.com\/pt-br\/live-work\/\" class=\"read-more wyz-secondary-color-text\">read more<span class=\"screen-reader-text\">Viva e trabalhe em Nova York<\/span><\/a>","protected":false},"author":53,"featured_media":0,"parent":0,"menu_order":0,"comment_status":"closed","ping_status":"closed","template":"elementor_header_footer","meta":{"footnotes":""},"class_list":["post-9165","page","type-page","status-publish","hentry"],"yoast_head":"<!-- This site is optimized with the Yoast SEO plugin v27.2 - https:\/\/yoast.com\/product\/yoast-seo-wordpress\/ -->\n<title>Viva e trabalhe em Nova York - times-square<\/title>\n<meta name=\"robots\" content=\"index, follow, max-snippet:-1, max-image-preview:large, max-video-preview:-1\" \/>\n<link rel=\"canonical\" href=\"https:\/\/welcome-to-times-square.com\/pt-br\/live-work\/\" \/>\n<meta property=\"og:locale\" content=\"pt_BR\" \/>\n<meta property=\"og:type\" content=\"article\" \/>\n<meta property=\"og:title\" content=\"Viva e trabalhe em Nova York - times-square\" \/>\n<meta property=\"og:description\" content=\"Viva e trabalhe em Nova York Times Square \u00e9 o centro da cidade de Nova York, que captura e celebra as culturas art\u00edsticas, criativas, populares e diversas da cidade, na qual milh\u00f5es de turistas passam admirados com as impressionantes luzes de LED e \u00e9 o lar de mais de 5.800 moradores, com outros 172.000 trabalhadores [...]read moreViva e trabalhe em Nova York\" \/>\n<meta property=\"og:url\" content=\"https:\/\/welcome-to-times-square.com\/pt-br\/live-work\/\" \/>\n<meta property=\"og:site_name\" content=\"times-square\" \/>\n<meta property=\"article:modified_time\" content=\"2025-01-17T13:21:26+00:00\" \/>\n<meta property=\"og:image\" content=\"https:\/\/welcome-to-times-square.com\/wp-content\/uploads\/2022\/05\/Live-and-Work-in-NYC-1024x613.png\" \/>\n\t<meta property=\"og:image:width\" content=\"1024\" \/>\n\t<meta property=\"og:image:height\" content=\"613\" \/>\n\t<meta property=\"og:image:type\" content=\"image\/png\" \/>\n<meta name=\"twitter:card\" content=\"summary_large_image\" \/>\n<meta name=\"twitter:label1\" content=\"Est. tempo de leitura\" \/>\n\t<meta name=\"twitter:data1\" content=\"5 minutos\" \/>\n<script type=\"application\/ld+json\" class=\"yoast-schema-graph\">{\"@context\":\"https:\/\/schema.org\",\"@graph\":[{\"@type\":\"WebPage\",\"@id\":\"https:\/\/welcome-to-times-square.com\/pt-br\/live-work\/\",\"url\":\"https:\/\/welcome-to-times-square.com\/pt-br\/live-work\/\",\"name\":\"Viva e trabalhe em Nova York - times-square\",\"isPartOf\":{\"@id\":\"https:\/\/welcome-to-times-square.com\/pt-br\/#website\"},\"primaryImageOfPage\":{\"@id\":\"https:\/\/welcome-to-times-square.com\/pt-br\/live-work\/#primaryimage\"},\"image\":{\"@id\":\"https:\/\/welcome-to-times-square.com\/pt-br\/live-work\/#primaryimage\"},\"thumbnailUrl\":\"https:\/\/welcome-to-times-square.com\/wp-content\/uploads\/2022\/05\/Live-and-Work-in-NYC-1024x613.png\",\"datePublished\":\"2022-05-02T21:10:06+00:00\",\"dateModified\":\"2025-01-17T13:21:26+00:00\",\"breadcrumb\":{\"@id\":\"https:\/\/welcome-to-times-square.com\/pt-br\/live-work\/#breadcrumb\"},\"inLanguage\":\"pt-BR\",\"potentialAction\":[{\"@type\":\"ReadAction\",\"target\":[\"https:\/\/welcome-to-times-square.com\/pt-br\/live-work\/\"]}]},{\"@type\":\"ImageObject\",\"inLanguage\":\"pt-BR\",\"@id\":\"https:\/\/welcome-to-times-square.com\/pt-br\/live-work\/#primaryimage\",\"url\":\"https:\/\/welcome-to-times-square.com\/wp-content\/uploads\/2022\/05\/Live-and-Work-in-NYC-1024x613.png\",\"contentUrl\":\"https:\/\/welcome-to-times-square.com\/wp-content\/uploads\/2022\/05\/Live-and-Work-in-NYC-1024x613.png\"},{\"@type\":\"BreadcrumbList\",\"@id\":\"https:\/\/welcome-to-times-square.com\/pt-br\/live-work\/#breadcrumb\",\"itemListElement\":[{\"@type\":\"ListItem\",\"position\":1,\"name\":\"Home\",\"item\":\"https:\/\/welcome-to-times-square.com\/pt-br\/\"},{\"@type\":\"ListItem\",\"position\":2,\"name\":\"Viva e trabalhe em Nova York\"}]},{\"@type\":\"WebSite\",\"@id\":\"https:\/\/welcome-to-times-square.com\/pt-br\/#website\",\"url\":\"https:\/\/welcome-to-times-square.com\/pt-br\/\",\"name\":\"times-square\",\"description\":\"times-square\",\"publisher\":{\"@id\":\"https:\/\/welcome-to-times-square.com\/pt-br\/#organization\"},\"potentialAction\":[{\"@type\":\"SearchAction\",\"target\":{\"@type\":\"EntryPoint\",\"urlTemplate\":\"https:\/\/welcome-to-times-square.com\/pt-br\/?s={search_term_string}\"},\"query-input\":{\"@type\":\"PropertyValueSpecification\",\"valueRequired\":true,\"valueName\":\"search_term_string\"}}],\"inLanguage\":\"pt-BR\"},{\"@type\":\"Organization\",\"@id\":\"https:\/\/welcome-to-times-square.com\/pt-br\/#organization\",\"name\":\"times-square\",\"url\":\"https:\/\/welcome-to-times-square.com\/pt-br\/\",\"logo\":{\"@type\":\"ImageObject\",\"inLanguage\":\"pt-BR\",\"@id\":\"https:\/\/welcome-to-times-square.com\/pt-br\/#\/schema\/logo\/image\/\",\"url\":\"https:\/\/welcome-to-times-square.com\/wp-content\/uploads\/2024\/03\/welcome-to-time-square-logo-with-r.png\",\"contentUrl\":\"https:\/\/welcome-to-times-square.com\/wp-content\/uploads\/2024\/03\/welcome-to-time-square-logo-with-r.png\",\"width\":500,\"height\":342,\"caption\":\"times-square\"},\"image\":{\"@id\":\"https:\/\/welcome-to-times-square.com\/pt-br\/#\/schema\/logo\/image\/\"}}]}<\/script>\n<!-- \/ Yoast SEO plugin. -->","yoast_head_json":{"title":"Viva e trabalhe em Nova York - times-square","robots":{"index":"index","follow":"follow","max-snippet":"max-snippet:-1","max-image-preview":"max-image-preview:large","max-video-preview":"max-video-preview:-1"},"canonical":"https:\/\/welcome-to-times-square.com\/pt-br\/live-work\/","og_locale":"pt_BR","og_type":"article","og_title":"Viva e trabalhe em Nova York - times-square","og_description":"Viva e trabalhe em Nova York Times Square \u00e9 o centro da cidade de Nova York, que captura e celebra as culturas art\u00edsticas, criativas, populares e diversas da cidade, na qual milh\u00f5es de turistas passam admirados com as impressionantes luzes de LED e \u00e9 o lar de mais de 5.800 moradores, com outros 172.000 trabalhadores [...]read moreViva e trabalhe em Nova York","og_url":"https:\/\/welcome-to-times-square.com\/pt-br\/live-work\/","og_site_name":"times-square","article_modified_time":"2025-01-17T13:21:26+00:00","og_image":[{"width":1024,"height":613,"url":"https:\/\/welcome-to-times-square.com\/wp-content\/uploads\/2022\/05\/Live-and-Work-in-NYC-1024x613.png","type":"image\/png"}],"twitter_card":"summary_large_image","twitter_misc":{"Est. tempo de leitura":"5 minutos"},"schema":{"@context":"https:\/\/schema.org","@graph":[{"@type":"WebPage","@id":"https:\/\/welcome-to-times-square.com\/pt-br\/live-work\/","url":"https:\/\/welcome-to-times-square.com\/pt-br\/live-work\/","name":"Viva e trabalhe em Nova York - times-square","isPartOf":{"@id":"https:\/\/welcome-to-times-square.com\/pt-br\/#website"},"primaryImageOfPage":{"@id":"https:\/\/welcome-to-times-square.com\/pt-br\/live-work\/#primaryimage"},"image":{"@id":"https:\/\/welcome-to-times-square.com\/pt-br\/live-work\/#primaryimage"},"thumbnailUrl":"https:\/\/welcome-to-times-square.com\/wp-content\/uploads\/2022\/05\/Live-and-Work-in-NYC-1024x613.png","datePublished":"2022-05-02T21:10:06+00:00","dateModified":"2025-01-17T13:21:26+00:00","breadcrumb":{"@id":"https:\/\/welcome-to-times-square.com\/pt-br\/live-work\/#breadcrumb"},"inLanguage":"pt-BR","potentialAction":[{"@type":"ReadAction","target":["https:\/\/welcome-to-times-square.com\/pt-br\/live-work\/"]}]},{"@type":"ImageObject","inLanguage":"pt-BR","@id":"https:\/\/welcome-to-times-square.com\/pt-br\/live-work\/#primaryimage","url":"https:\/\/welcome-to-times-square.com\/wp-content\/uploads\/2022\/05\/Live-and-Work-in-NYC-1024x613.png","contentUrl":"https:\/\/welcome-to-times-square.com\/wp-content\/uploads\/2022\/05\/Live-and-Work-in-NYC-1024x613.png"},{"@type":"BreadcrumbList","@id":"https:\/\/welcome-to-times-square.com\/pt-br\/live-work\/#breadcrumb","itemListElement":[{"@type":"ListItem","position":1,"name":"Home","item":"https:\/\/welcome-to-times-square.com\/pt-br\/"},{"@type":"ListItem","position":2,"name":"Viva e trabalhe em Nova York"}]},{"@type":"WebSite","@id":"https:\/\/welcome-to-times-square.com\/pt-br\/#website","url":"https:\/\/welcome-to-times-square.com\/pt-br\/","name":"times-square","description":"times-square","publisher":{"@id":"https:\/\/welcome-to-times-square.com\/pt-br\/#organization"},"potentialAction":[{"@type":"SearchAction","target":{"@type":"EntryPoint","urlTemplate":"https:\/\/welcome-to-times-square.com\/pt-br\/?s={search_term_string}"},"query-input":{"@type":"PropertyValueSpecification","valueRequired":true,"valueName":"search_term_string"}}],"inLanguage":"pt-BR"},{"@type":"Organization","@id":"https:\/\/welcome-to-times-square.com\/pt-br\/#organization","name":"times-square","url":"https:\/\/welcome-to-times-square.com\/pt-br\/","logo":{"@type":"ImageObject","inLanguage":"pt-BR","@id":"https:\/\/welcome-to-times-square.com\/pt-br\/#\/schema\/logo\/image\/","url":"https:\/\/welcome-to-times-square.com\/wp-content\/uploads\/2024\/03\/welcome-to-time-square-logo-with-r.png","contentUrl":"https:\/\/welcome-to-times-square.com\/wp-content\/uploads\/2024\/03\/welcome-to-time-square-logo-with-r.png","width":500,"height":342,"caption":"times-square"},"image":{"@id":"https:\/\/welcome-to-times-square.com\/pt-br\/#\/schema\/logo\/image\/"}}]}},"_hostinger_reach_plugin_has_subscription_block":false,"_hostinger_reach_plugin_is_elementor":false,"_links":{"self":[{"href":"https:\/\/welcome-to-times-square.com\/pt-br\/wp-json\/wp\/v2\/pages\/9165","targetHints":{"allow":["GET"]}}],"collection":[{"href":"https:\/\/welcome-to-times-square.com\/pt-br\/wp-json\/wp\/v2\/pages"}],"about":[{"href":"https:\/\/welcome-to-times-square.com\/pt-br\/wp-json\/wp\/v2\/types\/page"}],"author":[{"embeddable":true,"href":"https:\/\/welcome-to-times-square.com\/pt-br\/wp-json\/wp\/v2\/users\/53"}],"replies":[{"embeddable":true,"href":"https:\/\/welcome-to-times-square.com\/pt-br\/wp-json\/wp\/v2\/comments?post=9165"}],"version-history":[{"count":0,"href":"https:\/\/welcome-to-times-square.com\/pt-br\/wp-json\/wp\/v2\/pages\/9165\/revisions"}],"wp:attachment":[{"href":"https:\/\/welcome-to-times-square.com\/pt-br\/wp-json\/wp\/v2\/media?parent=9165"}],"curies":[{"name":"wp","href":"https:\/\/api.w.org\/{rel}","templated":true}]}}