{"id":9185,"date":"2021-09-05T09:09:40","date_gmt":"2021-09-05T09:09:40","guid":{"rendered":"https:\/\/welcome-to-times-square.com\/visitor-tips\/"},"modified":"2025-01-17T13:52:57","modified_gmt":"2025-01-17T13:52:57","slug":"visitor-tips","status":"publish","type":"page","link":"https:\/\/welcome-to-times-square.com\/pt-br\/visitor-tips\/","title":{"rendered":"Visitor Tips"},"content":{"rendered":"<p>[vc_row full_width=&#8221;stretch_row&#8221; css=&#8221;.vc_custom_1627402630091{margin-top: 28px !important;margin-right: 0px !important;margin-bottom: 0px !important;margin-left: 0px !important;padding-top: 0px !important;padding-right: 0px !important;padding-bottom: 0px !important;padding-left: 0px !important;}&#8221; el_class=&#8221;main-97676&#8243;][vc_column css=&#8221;.vc_custom_1626939874126{margin: 0px !important;padding: 0px !important;border: 0px initial !important;}&#8221;][vc_row_inner equal_height=&#8221;yes&#8221; el_class=&#8221;text-banner11&#8243;][vc_column_inner width=&#8221;1\/2&#8243; css=&#8221;.vc_custom_1626940693197{margin-top: 0px !important;margin-right: 0px !important;margin-bottom: 0px !important;margin-left: 0px !important;padding-top: 20px !important;padding-right: 20px !important;padding-bottom: 20px !important;padding-left: 20px !important;background-image: url(https:\/\/welcome-to-times-square.com\/wp-content\/uploads\/2021\/07\/dd1.jpg?id=1431) !important;background-position: center !important;background-repeat: no-repeat !important;background-size: cover !important;}&#8221;][vc_column_text]<\/p>\n<h2>Dicas para visitantes<\/h2>\n<p>[\/vc_column_text][vc_column_text]A vibrante e culturalmente rica Broadway representa um dos mais altos n\u00edveis de teatros comerciais ao vivo do mundo. O Theater District, com teatros majestosos, outdoors brilhantes e luzes deslumbrantes, \u00e9 uma visita obrigat\u00f3ria quando estiver na cidade. Ele deixa uma experi\u00eancia inesquec\u00edvel. A viagem \u00e0 Big Apple n\u00e3o est\u00e1 completa sem assistir a pelo menos um show da Broadway. A experi\u00eancia de assistir a apresenta\u00e7\u00f5es ao vivo em um teatro da Broadway n\u00e3o pode ser replicada em nenhum outro lugar.[\/vc_column_text][\/vc_column_inner][vc_column_inner width=&#8221;1\/2&#8243; css=&#8221;.vc_custom_1626939926058{margin: 0px !important;padding: 0px !important;}&#8221;][vc_images_carousel images=&#8221;1421,1423&#8243; img_size=&#8221;full&#8221; onclick=&#8221;link_no&#8221; speed=&#8221;2000&#8243; autoplay=&#8221;yes&#8221; hide_prev_next_buttons=&#8221;yes&#8221; wrap=&#8221;yes&#8221; css=&#8221;.vc_custom_1626942472084{margin-top: 0px !important;margin-right: 0px !important;margin-bottom: 0px !important;margin-left: 0px !important;padding-top: 0px !important;padding-right: 0px !important;padding-bottom: 0px !important;padding-left: 0px !important;}&#8221;][\/vc_column_inner][\/vc_row_inner][\/vc_column][\/vc_row][vc_row full_width=&#8221;stretch_row&#8221; css=&#8221;.vc_custom_1627402678677{margin-top: 0px !important;padding-top: 0px !important;padding-bottom: 20px !important;background-image: url(https:\/\/welcome-to-times-square.com\/wp-content\/uploads\/2021\/07\/bg676.jpg?id=417) !important;background-position: center !important;background-repeat: no-repeat !important;background-size: cover !important;}&#8221; el_class=&#8221;main-title312&#8243;][vc_column width=&#8221;1\/2&#8243;][vc_column_text]<\/p>\n<h2 style=\"text-align: left;\">VISITOR TIPS<\/h2>\n<p>[\/vc_column_text][\/vc_column][vc_column width=&#8221;1\/2&#8243;][vc_column_text]<\/p>\n<h2 style=\"text-align: right; font-size: 16px !important;\"><a style=\"color: #c00;\" href=\"https:\/\/welcome-to-times-square.com\/pt-br\/\"> HOME <\/a> \/ VISITOR TIPS<\/h2>\n<p>[\/vc_column_text][\/vc_column][\/vc_row][vc_row full_width=&#8221;stretch_row&#8221; css=&#8221;.vc_custom_1630833483185{padding-top: 20px !important;padding-bottom: 20px !important;background-color: #f2f2f2 !important;}&#8221; el_class=&#8221;text3232&#8243;][vc_column][vc_column_text]<\/p>\n<h3>Prepare-se psicologicamente para a experi\u00eancia na Broadway<\/h3>\n<p>[\/vc_column_text][vc_column_text]Ele diz que voc\u00ea deve saber para melhorar sua experi\u00eancia na Broadway[\/vc_column_text][vc_column_text]<\/p>\n<ul>\n<li><strong>Noite de abertura<\/strong>: \u00c9 a primeira apresenta\u00e7\u00e3o de uma pe\u00e7a ou musical ap\u00f3s o t\u00e9rmino das apresenta\u00e7\u00f5es de pr\u00e9-estreia.<\/li>\n<li><strong>Orquestra<\/strong>: O n\u00edvel t\u00e9rreo de assentos mais pr\u00f3ximo do palco e um dos mais caros da casa.<\/li>\n<li><strong>Mezanino<\/strong>: A primeira se\u00e7\u00e3o de assentos elevada em um teatro, pendurada sobre a orquestra para uma \u00f3tima vista.<\/li>\n<li><strong>Varanda<\/strong>: \u00c9 a \u00faltima se\u00e7\u00e3o de assentos em qualquer teatro e mais distante do palco.<\/li>\n<li><strong>Casa<\/strong>: pode se referir a todo o audit\u00f3rio ou apenas \u00e0 frente da casa, incluindo o sagu\u00e3o e a bilheteria.<\/li>\n<li><strong>Vai chamar<\/strong>: Local na bilheteria de um teatro onde voc\u00ea pode retirar ingressos pr\u00e9-comprados.<\/li>\n<li><strong>SRO<\/strong>: SRO ou Standing Room only. Isso significa que voc\u00ea n\u00e3o tem um assento designado e pode exigir que voc\u00ea fique de p\u00e9 durante a apresenta\u00e7\u00e3o.<\/li>\n<\/ul>\n<p>Quebre uma perna! Em vez de boa sorte, quando voc\u00ea deseja a algu\u00e9m &#8220;quebre uma perna&#8221;, voc\u00ea est\u00e1 desejando aplausos estrondosos.[\/vc_column_text][vc_column_text]<\/p>\n<h3 style=\"font-size: 24px; color: #000;\">Visitando Teatros<\/h3>\n<p>[\/vc_column_text][vc_row_inner equal_height=&#8221;yes&#8221; el_class=&#8221;text-l13&#8243;][vc_column_inner el_class=&#8221;bb12&#8243; width=&#8221;1\/3&#8243; css=&#8221;.vc_custom_1630834429154{background-color: #cc0000 !important;border-radius: 5px !important;}&#8221;][vc_column_text]Como escolher o espet\u00e1culo certo na Broadway<\/p>\n<p>Escolher um espet\u00e1culo para assistir marca o in\u00edcio da sua experi\u00eancia na Broadway. A Broadway tem uma ampla variedade de g\u00eaneros, tanto em pe\u00e7as quanto em musicais. Ela oferece fantasia, romance, drama e com\u00e9dia. Ela atende a todos os gostos, ent\u00e3o, para tornar a experi\u00eancia na Broadway especial, escolher o espet\u00e1culo certo \u00e9 muito importante. Fa\u00e7a uma pequena pesquisa online e fa\u00e7a sua escolha.[\/vc_column_text][\/vc_column_inner][vc_column_inner el_class=&#8221;bb12&#8243; width=&#8221;1\/3&#8243; css=&#8221;.vc_custom_1630834441317{background-color: #cc0000 !important;border-radius: 5px !important;}&#8221;][vc_column_text]Conhe\u00e7a o Teatro<\/p>\n<p>Certas considera\u00e7\u00f5es s\u00e3o necess\u00e1rias antes de reservar seus assentos, especialmente se pessoas idosas estiverem acompanhando voc\u00ea. Voc\u00ea precisa verificar se o teatro tem escada rolante, elevador, cadeira de rodas, etc. O conhecimento do mapa de assentos do teatro \u00e9 importante para escolher o melhor assento de acordo com suas necessidades. Portanto, verifique o guia de assentos do teatro e escolha os assentos certos.[\/vc_column_text][\/vc_column_inner][vc_column_inner el_class=&#8221;bb12&#8243; width=&#8221;1\/3&#8243; css=&#8221;.vc_custom_1630834453445{background-color: #cc0000 !important;border-radius: 5px !important;}&#8221;][vc_column_text]Comprando ingressos<\/p>\n<p>Comprar ingressos online \u00e9 a maneira mais f\u00e1cil. Para comprar online \u00e9 atrav\u00e9s do site oficial de um show ou teatro. Se voc\u00ea estiver por perto ou n\u00e3o se sentir confort\u00e1vel com transa\u00e7\u00f5es online, voc\u00ea pode reservar ingressos na bilheteria do teatro. Aplicativos de terceiros como o Headout tamb\u00e9m podem ser usados \u200b\u200bpara reservar ingressos da Broadway online, que tamb\u00e9m oferecem grandes descontos e cashback entre outros benef\u00edcios amig\u00e1veis \u200b\u200bao cliente.[\/vc_column_text][\/vc_column_inner][\/vc_row_inner][vc_row_inner equal_height=&#8221;yes&#8221; el_class=&#8221;text-l13&#8243;][vc_column_inner width=&#8221;1\/3&#8243;][vc_single_image image=&#8221;1483&#8243; img_size=&#8221;full&#8221;][\/vc_column_inner][vc_column_inner el_class=&#8221;bb12&#8243; width=&#8221;1\/3&#8243; css=&#8221;.vc_custom_1630834441317{background-color: #cc0000 !important;border-radius: 5px !important;}&#8221;][vc_column_text]Vestindo-se para a Broadway<\/p>\n<p>N\u00e3o h\u00e1 um c\u00f3digo de vestimenta decretado, no entanto, se voc\u00ea se vestir para seu primeiro show na Broadway, isso elevar\u00e1 a experi\u00eancia. Passar pelos corredores centen\u00e1rios e curtir musicais escritos anos atr\u00e1s acrescenta charme e experi\u00eancia \u00fanica.[\/vc_column_text][\/vc_column_inner][vc_column_inner el_class=&#8221;bb12&#8243; width=&#8221;1\/3&#8243; css=&#8221;.vc_custom_1630834453445{background-color: #cc0000 !important;border-radius: 5px !important;}&#8221;][vc_column_text]Aproveite os lanches r\u00e1pidos<\/p>\n<p>Os alimentos dispon\u00edveis nos teatros da Broadway t\u00eam pre\u00e7os exorbitantes, ent\u00e3o, antes do show come\u00e7ar, voc\u00ea pode fazer um lanche r\u00e1pido em qualquer um dos restaurantes fabulosos dispon\u00edveis no Theatre District e na Times Square[\/vc_column_text][\/vc_column_inner][\/vc_row_inner][\/vc_column][\/vc_row][vc_row el_class=&#8221;text676511&#8243;][vc_column][vc_column_text]<\/p>\n<h3>Etiquetas do teatro da Broadway que voc\u00ea precisa saber<\/h3>\n<p>[\/vc_column_text][vc_column_text]Algumas regras comuns de etiqueta teatral que se espera que um visitante siga ao assistir a uma apresenta\u00e7\u00e3o na Broadway s\u00e3o:[\/vc_column_text][vc_column_text]<\/p>\n<ul>\n<li>Aplauda ap\u00f3s a apresenta\u00e7\u00e3o ou no final de um ato.<\/li>\n<li>Evite falar durante a apresenta\u00e7\u00e3o, isso distrai os artistas.<\/li>\n<li>N\u00e3o cante junto durante n\u00fameros musicais, a menos que o artista o incentive a fazer<\/li>\n<li>Mesmo que voc\u00ea n\u00e3o tenha gostado do show, mantenha sua opini\u00e3o sobre o show neutra ou positiva. Montar um show da Broadway n\u00e3o \u00e9 f\u00e1cil e voc\u00ea n\u00e3o quer ser rude criticando abertamente o show.<\/li>\n<\/ul>\n<p>[\/vc_column_text][\/vc_column][\/vc_row][vc_row][vc_column][vc_raw_html]JTNDJTIxLS0lMjBNZXRhJTIwUGl4ZWwlMjBDb2RlJTIwLS0lM0UlMEElM0NzY3JpcHQlM0UlMEElMjFmdW5jdGlvbiUyOGYlMkNiJTJDZSUyQ3YlMkNuJTJDdCUyQ3MlMjklMEElN0JpZiUyOGYuZmJxJTI5cmV0dXJuJTNCbiUzRGYuZmJxJTNEZnVuY3Rpb24lMjglMjklN0JuLmNhbGxNZXRob2QlM0YlMEFuLmNhbGxNZXRob2QuYXBwbHklMjhuJTJDYXJndW1lbnRzJTI5JTNBbi5xdWV1ZS5wdXNoJTI4YXJndW1lbnRzJTI5JTdEJTNCJTBBaWYlMjglMjFmLl9mYnElMjlmLl9mYnElM0RuJTNCbi5wdXNoJTNEbiUzQm4ubG9hZGVkJTNEJTIxMCUzQm4udmVyc2lvbiUzRCUyNzIuMCUyNyUzQiUwQW4ucXVldWUlM0QlNUIlNUQlM0J0JTNEYi5jcmVhdGVFbGVtZW50JTI4ZSUyOSUzQnQuYXN5bmMlM0QlMjEwJTNCJTBBdC5zcmMlM0R2JTNCcyUzRGIuZ2V0RWxlbWVudHNCeVRhZ05hbWUlMjhlJTI5JTVCMCU1RCUzQiUwQXMucGFyZW50Tm9kZS5pbnNlcnRCZWZvcmUlMjh0JTJDcyUyOSU3RCUyOHdpbmRvdyUyQyUyMGRvY3VtZW50JTJDJTI3c2NyaXB0JTI3JTJDJTBBJTI3aHR0cHMlM0ElMkYlMkZjb25uZWN0LmZhY2Vib29rLm5ldCUyRmVuX1VTJTJGZmJldmVudHMuanMlMjclMjklM0IlMEFmYnElMjglMjdpbml0JTI3JTJDJTIwJTI3MTc1MTgxMTAwODYyNDAzOSUyNyUyOSUzQiUwQWZicSUyOCUyN3RyYWNrJTI3JTJDJTIwJTI3UGFnZVZpZXclMjclMjklM0IlMEElM0MlMkZzY3JpcHQlM0UlMEElM0Nub3NjcmlwdCUzRSUzQ2ltZyUyMGhlaWdodCUzRCUyMjElMjIlMjB3aWR0aCUzRCUyMjElMjIlMjBzdHlsZSUzRCUyMmRpc3BsYXklM0Fub25lJTIyJTBBc3JjJTNEJTIyaHR0cHMlM0ElMkYlMkZ3d3cuZmFjZWJvb2suY29tJTJGdHIlM0ZpZCUzRDE3NTE4MTEwMDg2MjQwMzklMjZldiUzRFBhZ2VWaWV3JTI2bm9zY3JpcHQlM0QxJTIyJTBBJTJGJTNFJTNDJTJGbm9zY3JpcHQlM0UlMEElM0MlMjEtLSUyMEVuZCUyME1ldGElMjBQaXhlbCUyMENvZGUlMjAtLSUzRQ==[\/vc_raw_html][\/vc_column][\/vc_row]<\/p>\n","protected":false},"excerpt":{"rendered":"[vc_row full_width=\"stretch_row\" css=\".vc_custom_1627402630091{margin-top: 28px !important;margin-right: 0px !important;margin-bottom: 0px !important;margin-left: 0px !important;padding-top: 0px !important;padding-right: 0px !important;padding-bottom: 0px !important;padding-left: 0px !important;}\" el_class=\"main-97676\"][vc_column css=\".vc_custom_1626939874126{margin: 0px !important;padding: 0px !important;border: 0px initial !important;}\"][vc_row_inner equal_height=\"yes\" el_class=\"text-banner11\"][vc_column_inner width=\"1\/2\" css=\".vc_custom_1626940693197{margin-top: 0px !important;margin-right: 0px !important;margin-bottom: 0px !important;margin-left: 0px !important;padding-top: 20px !important;padding-right: 20px !important;padding-bottom: 20px !important;padding-left: 20px !important;background-image: url(https:\/\/welcome-to-times-square.com\/wp-content\/uploads\/2021\/07\/dd1.jpg?id=1431) !important;background-position: center !important;background-repeat: no-repeat !important;background-size: cover [...]<a href=\"https:\/\/welcome-to-times-square.com\/pt-br\/visitor-tips\/\" class=\"read-more wyz-secondary-color-text\">read more<span class=\"screen-reader-text\">Visitor Tips<\/span><\/a>","protected":false},"author":53,"featured_media":0,"parent":0,"menu_order":0,"comment_status":"closed","ping_status":"closed","template":"","meta":{"footnotes":""},"class_list":["post-9185","page","type-page","status-publish","hentry"],"yoast_head":"<!-- This site is optimized with the Yoast SEO plugin v27.2 - https:\/\/yoast.com\/product\/yoast-seo-wordpress\/ -->\n<title>Visitor Tips - times-square<\/title>\n<meta name=\"robots\" content=\"index, follow, max-snippet:-1, max-image-preview:large, max-video-preview:-1\" \/>\n<link rel=\"canonical\" href=\"https:\/\/welcome-to-times-square.com\/pt-br\/visitor-tips\/\" \/>\n<meta property=\"og:locale\" content=\"pt_BR\" \/>\n<meta property=\"og:type\" content=\"article\" \/>\n<meta property=\"og:title\" content=\"Visitor Tips - times-square\" \/>\n<meta property=\"og:description\" content=\"[vc_row full_width=&#8221;stretch_row&#8221; css=&#8221;.vc_custom_1627402630091{margin-top: 28px !important;margin-right: 0px !important;margin-bottom: 0px !important;margin-left: 0px !important;padding-top: 0px !important;padding-right: 0px !important;padding-bottom: 0px !important;padding-left: 0px !important;}&#8221; el_class=&#8221;main-97676&#8243;][vc_column css=&#8221;.vc_custom_1626939874126{margin: 0px !important;padding: 0px !important;border: 0px initial !important;}&#8221;][vc_row_inner equal_height=&#8221;yes&#8221; el_class=&#8221;text-banner11&#8243;][vc_column_inner width=&#8221;1\/2&#8243; css=&#8221;.vc_custom_1626940693197{margin-top: 0px !important;margin-right: 0px !important;margin-bottom: 0px !important;margin-left: 0px !important;padding-top: 20px !important;padding-right: 20px !important;padding-bottom: 20px !important;padding-left: 20px !important;background-image: url(https:\/\/welcome-to-times-square.com\/wp-content\/uploads\/2021\/07\/dd1.jpg?id=1431) !important;background-position: center !important;background-repeat: no-repeat !important;background-size: cover [...]read moreVisitor Tips\" \/>\n<meta property=\"og:url\" content=\"https:\/\/welcome-to-times-square.com\/pt-br\/visitor-tips\/\" \/>\n<meta property=\"og:site_name\" content=\"times-square\" \/>\n<meta property=\"article:modified_time\" content=\"2025-01-17T13:52:57+00:00\" \/>\n<meta name=\"twitter:card\" content=\"summary_large_image\" \/>\n<meta name=\"twitter:label1\" content=\"Est. tempo de leitura\" \/>\n\t<meta name=\"twitter:data1\" content=\"7 minutos\" \/>\n<script type=\"application\/ld+json\" class=\"yoast-schema-graph\">{\"@context\":\"https:\/\/schema.org\",\"@graph\":[{\"@type\":\"WebPage\",\"@id\":\"https:\/\/welcome-to-times-square.com\/pt-br\/visitor-tips\/\",\"url\":\"https:\/\/welcome-to-times-square.com\/pt-br\/visitor-tips\/\",\"name\":\"Visitor Tips - times-square\",\"isPartOf\":{\"@id\":\"https:\/\/welcome-to-times-square.com\/pt-br\/#website\"},\"datePublished\":\"2021-09-05T09:09:40+00:00\",\"dateModified\":\"2025-01-17T13:52:57+00:00\",\"breadcrumb\":{\"@id\":\"https:\/\/welcome-to-times-square.com\/pt-br\/visitor-tips\/#breadcrumb\"},\"inLanguage\":\"pt-BR\",\"potentialAction\":[{\"@type\":\"ReadAction\",\"target\":[\"https:\/\/welcome-to-times-square.com\/pt-br\/visitor-tips\/\"]}]},{\"@type\":\"BreadcrumbList\",\"@id\":\"https:\/\/welcome-to-times-square.com\/pt-br\/visitor-tips\/#breadcrumb\",\"itemListElement\":[{\"@type\":\"ListItem\",\"position\":1,\"name\":\"Home\",\"item\":\"https:\/\/welcome-to-times-square.com\/pt-br\/\"},{\"@type\":\"ListItem\",\"position\":2,\"name\":\"Visitor Tips\"}]},{\"@type\":\"WebSite\",\"@id\":\"https:\/\/welcome-to-times-square.com\/pt-br\/#website\",\"url\":\"https:\/\/welcome-to-times-square.com\/pt-br\/\",\"name\":\"times-square\",\"description\":\"times-square\",\"publisher\":{\"@id\":\"https:\/\/welcome-to-times-square.com\/pt-br\/#organization\"},\"potentialAction\":[{\"@type\":\"SearchAction\",\"target\":{\"@type\":\"EntryPoint\",\"urlTemplate\":\"https:\/\/welcome-to-times-square.com\/pt-br\/?s={search_term_string}\"},\"query-input\":{\"@type\":\"PropertyValueSpecification\",\"valueRequired\":true,\"valueName\":\"search_term_string\"}}],\"inLanguage\":\"pt-BR\"},{\"@type\":\"Organization\",\"@id\":\"https:\/\/welcome-to-times-square.com\/pt-br\/#organization\",\"name\":\"times-square\",\"url\":\"https:\/\/welcome-to-times-square.com\/pt-br\/\",\"logo\":{\"@type\":\"ImageObject\",\"inLanguage\":\"pt-BR\",\"@id\":\"https:\/\/welcome-to-times-square.com\/pt-br\/#\/schema\/logo\/image\/\",\"url\":\"https:\/\/welcome-to-times-square.com\/wp-content\/uploads\/2024\/03\/welcome-to-time-square-logo-with-r.png\",\"contentUrl\":\"https:\/\/welcome-to-times-square.com\/wp-content\/uploads\/2024\/03\/welcome-to-time-square-logo-with-r.png\",\"width\":500,\"height\":342,\"caption\":\"times-square\"},\"image\":{\"@id\":\"https:\/\/welcome-to-times-square.com\/pt-br\/#\/schema\/logo\/image\/\"}}]}<\/script>\n<!-- \/ Yoast SEO plugin. -->","yoast_head_json":{"title":"Visitor Tips - times-square","robots":{"index":"index","follow":"follow","max-snippet":"max-snippet:-1","max-image-preview":"max-image-preview:large","max-video-preview":"max-video-preview:-1"},"canonical":"https:\/\/welcome-to-times-square.com\/pt-br\/visitor-tips\/","og_locale":"pt_BR","og_type":"article","og_title":"Visitor Tips - times-square","og_description":"[vc_row full_width=&#8221;stretch_row&#8221; css=&#8221;.vc_custom_1627402630091{margin-top: 28px !important;margin-right: 0px !important;margin-bottom: 0px !important;margin-left: 0px !important;padding-top: 0px !important;padding-right: 0px !important;padding-bottom: 0px !important;padding-left: 0px !important;}&#8221; el_class=&#8221;main-97676&#8243;][vc_column css=&#8221;.vc_custom_1626939874126{margin: 0px !important;padding: 0px !important;border: 0px initial !important;}&#8221;][vc_row_inner equal_height=&#8221;yes&#8221; el_class=&#8221;text-banner11&#8243;][vc_column_inner width=&#8221;1\/2&#8243; css=&#8221;.vc_custom_1626940693197{margin-top: 0px !important;margin-right: 0px !important;margin-bottom: 0px !important;margin-left: 0px !important;padding-top: 20px !important;padding-right: 20px !important;padding-bottom: 20px !important;padding-left: 20px !important;background-image: url(https:\/\/welcome-to-times-square.com\/wp-content\/uploads\/2021\/07\/dd1.jpg?id=1431) !important;background-position: center !important;background-repeat: no-repeat !important;background-size: cover [...]read moreVisitor Tips","og_url":"https:\/\/welcome-to-times-square.com\/pt-br\/visitor-tips\/","og_site_name":"times-square","article_modified_time":"2025-01-17T13:52:57+00:00","twitter_card":"summary_large_image","twitter_misc":{"Est. tempo de leitura":"7 minutos"},"schema":{"@context":"https:\/\/schema.org","@graph":[{"@type":"WebPage","@id":"https:\/\/welcome-to-times-square.com\/pt-br\/visitor-tips\/","url":"https:\/\/welcome-to-times-square.com\/pt-br\/visitor-tips\/","name":"Visitor Tips - times-square","isPartOf":{"@id":"https:\/\/welcome-to-times-square.com\/pt-br\/#website"},"datePublished":"2021-09-05T09:09:40+00:00","dateModified":"2025-01-17T13:52:57+00:00","breadcrumb":{"@id":"https:\/\/welcome-to-times-square.com\/pt-br\/visitor-tips\/#breadcrumb"},"inLanguage":"pt-BR","potentialAction":[{"@type":"ReadAction","target":["https:\/\/welcome-to-times-square.com\/pt-br\/visitor-tips\/"]}]},{"@type":"BreadcrumbList","@id":"https:\/\/welcome-to-times-square.com\/pt-br\/visitor-tips\/#breadcrumb","itemListElement":[{"@type":"ListItem","position":1,"name":"Home","item":"https:\/\/welcome-to-times-square.com\/pt-br\/"},{"@type":"ListItem","position":2,"name":"Visitor Tips"}]},{"@type":"WebSite","@id":"https:\/\/welcome-to-times-square.com\/pt-br\/#website","url":"https:\/\/welcome-to-times-square.com\/pt-br\/","name":"times-square","description":"times-square","publisher":{"@id":"https:\/\/welcome-to-times-square.com\/pt-br\/#organization"},"potentialAction":[{"@type":"SearchAction","target":{"@type":"EntryPoint","urlTemplate":"https:\/\/welcome-to-times-square.com\/pt-br\/?s={search_term_string}"},"query-input":{"@type":"PropertyValueSpecification","valueRequired":true,"valueName":"search_term_string"}}],"inLanguage":"pt-BR"},{"@type":"Organization","@id":"https:\/\/welcome-to-times-square.com\/pt-br\/#organization","name":"times-square","url":"https:\/\/welcome-to-times-square.com\/pt-br\/","logo":{"@type":"ImageObject","inLanguage":"pt-BR","@id":"https:\/\/welcome-to-times-square.com\/pt-br\/#\/schema\/logo\/image\/","url":"https:\/\/welcome-to-times-square.com\/wp-content\/uploads\/2024\/03\/welcome-to-time-square-logo-with-r.png","contentUrl":"https:\/\/welcome-to-times-square.com\/wp-content\/uploads\/2024\/03\/welcome-to-time-square-logo-with-r.png","width":500,"height":342,"caption":"times-square"},"image":{"@id":"https:\/\/welcome-to-times-square.com\/pt-br\/#\/schema\/logo\/image\/"}}]}},"_hostinger_reach_plugin_has_subscription_block":false,"_hostinger_reach_plugin_is_elementor":false,"_links":{"self":[{"href":"https:\/\/welcome-to-times-square.com\/pt-br\/wp-json\/wp\/v2\/pages\/9185","targetHints":{"allow":["GET"]}}],"collection":[{"href":"https:\/\/welcome-to-times-square.com\/pt-br\/wp-json\/wp\/v2\/pages"}],"about":[{"href":"https:\/\/welcome-to-times-square.com\/pt-br\/wp-json\/wp\/v2\/types\/page"}],"author":[{"embeddable":true,"href":"https:\/\/welcome-to-times-square.com\/pt-br\/wp-json\/wp\/v2\/users\/53"}],"replies":[{"embeddable":true,"href":"https:\/\/welcome-to-times-square.com\/pt-br\/wp-json\/wp\/v2\/comments?post=9185"}],"version-history":[{"count":1,"href":"https:\/\/welcome-to-times-square.com\/pt-br\/wp-json\/wp\/v2\/pages\/9185\/revisions"}],"predecessor-version":[{"id":9201,"href":"https:\/\/welcome-to-times-square.com\/pt-br\/wp-json\/wp\/v2\/pages\/9185\/revisions\/9201"}],"wp:attachment":[{"href":"https:\/\/welcome-to-times-square.com\/pt-br\/wp-json\/wp\/v2\/media?parent=9185"}],"curies":[{"name":"wp","href":"https:\/\/api.w.org\/{rel}","templated":true}]}}