{"id":9267,"date":"2021-09-02T12:50:38","date_gmt":"2021-09-02T12:50:38","guid":{"rendered":"https:\/\/welcome-to-times-square.com\/broadway-tickets\/"},"modified":"2025-01-20T08:13:57","modified_gmt":"2025-01-20T08:13:57","slug":"broadway-tickets","status":"publish","type":"page","link":"https:\/\/welcome-to-times-square.com\/pt-br\/broadway-tickets\/","title":{"rendered":"Ingressos para a Broadway"},"content":{"rendered":"\t\t<div data-elementor-type=\"wp-page\" data-elementor-id=\"9267\" class=\"elementor elementor-9267 elementor-1692\" data-elementor-post-type=\"page\">\n\t\t\t\t<div class=\"elementor-element elementor-element-f3ddbde e-flex e-con-boxed e-con e-parent\" data-id=\"f3ddbde\" data-element_type=\"container\" data-e-type=\"container\" data-settings=\"{&quot;background_background&quot;:&quot;classic&quot;}\">\n\t\t\t\t\t<div class=\"e-con-inner\">\n\t\t\t\t<div class=\"elementor-element elementor-element-2af2c2f elementor-widget elementor-widget-heading\" data-id=\"2af2c2f\" data-element_type=\"widget\" data-e-type=\"widget\" data-widget_type=\"heading.default\">\n\t\t\t\t<div class=\"elementor-widget-container\">\n\t\t\t\t\t<h2 class=\"elementor-heading-title elementor-size-default\">Como comprar ingressos para a Broadway<\/h2>\t\t\t\t<\/div>\n\t\t\t\t<\/div>\n\t\t\t\t<div class=\"elementor-element elementor-element-a09f7cf elementor-widget-divider--view-line elementor-widget elementor-widget-divider\" data-id=\"a09f7cf\" data-element_type=\"widget\" data-e-type=\"widget\" data-widget_type=\"divider.default\">\n\t\t\t\t<div class=\"elementor-widget-container\">\n\t\t\t\t\t\t\t<div class=\"elementor-divider\">\n\t\t\t<span class=\"elementor-divider-separator\">\n\t\t\t\t\t\t<\/span>\n\t\t<\/div>\n\t\t\t\t\t\t<\/div>\n\t\t\t\t<\/div>\n\t\t\t\t<div class=\"elementor-element elementor-element-88beda0 elementor-widget elementor-widget-text-editor\" data-id=\"88beda0\" data-element_type=\"widget\" data-e-type=\"widget\" data-widget_type=\"text-editor.default\">\n\t\t\t\t<div class=\"elementor-widget-container\">\n\t\t\t\t\t\t\t\t\t<p>Agora \u00e9 oficial que os musicais, pe\u00e7as e outros shows ao vivo que fizeram sucesso nas paradas retornaram e o Great White Way est\u00e1 de volta aos neg\u00f3cios. O governador de Nova York, Andrew Cuomo, est\u00e1 permitindo que os teatros reabram para apresenta\u00e7\u00f5es ao vivo a partir de 14 de setembro. <\/p>\n<p>Devido \u00e0s m\u00faltiplas op\u00e7\u00f5es, comprar ingressos para shows da Broadway pode ser assustador. No entanto, um pouco de planejamento antecipado torna mais f\u00e1cil comprar ingressos para a Broadway e garantir assentos cobi\u00e7ados para alguns dos shows de maior sucesso <\/p>\n<p><strong>INGRESSOS PARA A BROADWAY<\/strong><\/p>\n<h3>Algumas das maneiras populares de comprar ingressos para assistir a apresenta\u00e7\u00f5es ao vivo na Broadway s\u00e3o:<\/h3>\n<ul>\n<li><strong>Ingressos via Web<\/strong><br \/>www.Broadway.org, a fonte oficial de informa\u00e7\u00f5es on-line da Broadway \u00e9 o melhor lugar para comprar ingressos para a Broadway. Aqui voc\u00ea encontrar\u00e1 uma lista completa dos shows atuais e futuros da Broadway. Ele tamb\u00e9m fornecer\u00e1 links diretos para os escrit\u00f3rios oficiais de venda de ingressos de cada show e teatro que est\u00e3o oferecendo ingressos em todas as faixas de pre\u00e7o.  <\/li>\n<li>\n<p><strong>V\u00e1 para os estandes de desconto da TKTS<\/strong><br \/>Esperar na fila no dia do show \u00e9 a maneira tradicional e cl\u00e1ssica de comprar ingressos com grandes descontos na TKTS na Duffy Square. Os maiores sucessos da Broadway est\u00e3o \u00e0 venda nos estandes, principalmente com 50% de desconto. O estande da Time Square tamb\u00e9m tem uma janela \u201cPlay Express\u201d que reduz o tempo de espera, caso voc\u00ea n\u00e3o queira assistir a um musical.  <\/p>\n<\/li>\n<\/ul>\n<p>A TDF tamb\u00e9m opera outros dois estandes na cidade. O primeiro fica no David Rubenstein Atrium do Lincoln Center e o outro no South Street Seaport. Quanto mais cedo voc\u00ea comprar os ingressos na TKTS, melhor, mas \u00e0s vezes os blocos de bons assentos s\u00e3o liberados mais perto do hor\u00e1rio da cortina. Para informa\u00e7\u00f5es atualizadas, voc\u00ea pode usar o aplicativo TKTS ou visitar seu site. A taxa de ingressos na TKTS \u00e9 substancialmente menor do que a taxa em outros sites.    <\/p>\n<ul>\n<li>\n<p><strong>Compre ingressos online ou no seu telefone<\/strong><br \/>Comprar na TKTS exige que voc\u00ea espere pessoalmente e, muitas vezes, a espera \u00e9 longa. A Internet \u00e9 a melhor alternativa que o ajudar\u00e1 a comprar ingressos com semanas de anteced\u00eancia. O aplicativo TodayTix ajudar\u00e1 voc\u00ea a encontrar ingressos com desconto no seu celular com bastante anteced\u00eancia.  <\/p>\n<\/li>\n<\/ul>\n<p>Al\u00e9m disso, h\u00e1 dois vendedores de ingressos tamb\u00e9m que s\u00e3o usados por quase todos os teatros da Broadway para vender ingressos online ou por telefone. Um \u00e9 o Telecharge em (800) 432-7250 e o outro \u00e9 o Ticketmaster em (866) 870-2717. <\/p>\n<p>Verifique a p\u00e1gina do show no site Broadway.org para verificar a bilheteria oficial do show ou shows que voc\u00ea est\u00e1 interessado em comprar<\/p>\n<p>A TDF tamb\u00e9m opera outros dois estados na cidade. O primeiro fica no David Rubenstein Atrium do Lincoln Center e o outro no South Street Seaport. Quanto mais cedo voc\u00ea comprar os ingressos na TKTS, melhor, mas \u00e0s vezes os blocos de bons assentos s\u00e3o liberados mais perto do hor\u00e1rio da cortina. Para informa\u00e7\u00f5es atualizadas, voc\u00ea pode usar o aplicativo TKTS ou visitar seu site. A taxa de ingressos na TKTS \u00e9 vantajosa menor do que a taxa em outros sites.    <\/p>\n<p><strong>Ingressos \u201cRush\u201d ou \u201cloteria\u201d<\/strong><br \/>Muitos teatros oferecem ingressos especiais para o mesmo dia a um pre\u00e7o muito razo\u00e1vel para shows que est\u00e3o esgotados. Os ingressos Rush para shows da Broadway podem ser comprados por apenas US$ 20 por ingresso. Eles podem ser comprados na bilheteria do teatro no dia da apresenta\u00e7\u00e3o. Alguns teatros tamb\u00e9m oferecem rushes m\u00f3veis pelo TodayTix.   <\/p>\n<p>Algumas produ\u00e7\u00f5es oferecem ingressos baratos para o dia atrav\u00e9s do m\u00e9todo de loteria presencial. Os nomes s\u00e3o sorteados na bilheteria algumas horas antes do hor\u00e1rio das cortinas. No entanto, agora a maioria dos shows da Broadway realiza loterias digitalmente atrav\u00e9s do TodayTix ou por conta pr\u00f3pria. Voc\u00ea pode consultar as listas \u00fateis no Broadway for Broke People para descobrir quais teatros oferecem ingressos de \u00faltima hora e loterias.   <\/p>\n<ul>\n<li><strong>Torne-se um membro<\/strong><br \/>A maioria das companhias de teatro oferece pacotes de associa\u00e7\u00e3o. Voc\u00ea pode pagar uma taxa adiantada e, em troca, ganhar\u00e1 ingressos com desconto o ano todo. Isso tamb\u00e9m permite que voc\u00ea compre ingressos antes que eles sejam colocados \u00e0 venda. \u00c9 muito \u00fatil quando os teatros t\u00eam shows com muita agita\u00e7\u00e3o antecipada. Voc\u00ea tamb\u00e9m pode obter uma associa\u00e7\u00e3o anual com a TDF. Isso permitir\u00e1 que voc\u00ea use ofertas de ingressos com bastante anteced\u00eancia.     <\/li>\n<li><strong>B\u00f4nus: Para jovens<\/strong><br \/>Os teatros sem fins lucrativos t\u00eam programas que incentivam p\u00fablicos mais jovens. Ao aderir ao programa Hiptix, pessoas entre 18 e 40 anos podem comprar ingressos na Roundabout Theater Company por apenas US$ 30. O programa LincTix do Lincoln Center Theater para jovens entre 21 e 35 anos oferece ingressos a US$ 32 para todos os shows. Da mesma forma, o Manhattan Theatre Club oferece ingressos a US$ 30 para clientes com 35 anos ou menos.   <\/li>\n<\/ul>\n\t\t\t\t\t\t\t\t<\/div>\n\t\t\t\t<\/div>\n\t\t\t\t<div class=\"elementor-element elementor-element-5b7d56e elementor-widget-divider--view-line elementor-widget elementor-widget-divider\" data-id=\"5b7d56e\" data-element_type=\"widget\" data-e-type=\"widget\" data-widget_type=\"divider.default\">\n\t\t\t\t<div class=\"elementor-widget-container\">\n\t\t\t\t\t\t\t<div class=\"elementor-divider\">\n\t\t\t<span class=\"elementor-divider-separator\">\n\t\t\t\t\t\t<\/span>\n\t\t<\/div>\n\t\t\t\t\t\t<\/div>\n\t\t\t\t<\/div>\n\t\t\t\t<div class=\"elementor-element elementor-element-2a620ff elementor-widget elementor-widget-text-editor\" data-id=\"2a620ff\" data-element_type=\"widget\" data-e-type=\"widget\" data-widget_type=\"text-editor.default\">\n\t\t\t\t<div class=\"elementor-widget-container\">\n\t\t\t\t\t\t\t\t\t<p><strong>Para aparecer em nosso outdoor na Times Square, acesse a se\u00e7\u00e3o CONTATO.<\/strong><\/p>\n<p>Veja como isso funciona:<\/p>\n<p>Seja um anivers\u00e1rio, um pedido de casamento, um anivers\u00e1rio ou uma simples declara\u00e7\u00e3o de amor, n\u00f3s temos tudo o que voc\u00ea precisa. N\u00e3o seja um rosto na multid\u00e3o! <br \/>Coloque sua foto ou v\u00eddeo em nosso outdoor na Times Square!<\/p>\n<p>Op\u00e7\u00e3o 1: Seu v\u00eddeo\/foto de 60 segundos ser\u00e1 exibido 22 vezes por dia.<br \/>Op\u00e7\u00e3o 2: Seu v\u00eddeo\/foto de 30 segundos ser\u00e1 exibido 44 vezes por dia<br \/>Op\u00e7\u00e3o 3: Seu v\u00eddeo\/foto de 15 segundos ser\u00e1 exibido 88 vezes por dia.<\/p>\n<p>Nosso outdoor tem 31 p\u00e9s x 55 p\u00e9s e est\u00e1 localizado na 1560 Broadway (Broadway e 46th Street, logo acima da loja Pel\u00e9).<\/p>\n<p>N\u00e3o seja um rosto na multid\u00e3o!<\/p>\n\t\t\t\t\t\t\t\t<\/div>\n\t\t\t\t<\/div>\n\t\t\t\t\t<\/div>\n\t\t\t\t<\/div>\n\t\t\t\t<\/div>\n\t\t","protected":false},"excerpt":{"rendered":"Como comprar ingressos para a Broadway Agora \u00e9 oficial que os musicais, pe\u00e7as e outros shows ao vivo que fizeram sucesso nas paradas retornaram e o Great White Way est\u00e1 de volta aos neg\u00f3cios. O governador de Nova York, Andrew Cuomo, est\u00e1 permitindo que os teatros reabram para apresenta\u00e7\u00f5es ao vivo a partir de 14 [...]<a href=\"https:\/\/welcome-to-times-square.com\/pt-br\/broadway-tickets\/\" class=\"read-more wyz-secondary-color-text\">read more<span class=\"screen-reader-text\">Ingressos para a Broadway<\/span><\/a>","protected":false},"author":53,"featured_media":0,"parent":0,"menu_order":0,"comment_status":"closed","ping_status":"closed","template":"elementor_header_footer","meta":{"footnotes":""},"class_list":["post-9267","page","type-page","status-publish","hentry"],"yoast_head":"<!-- This site is optimized with the Yoast SEO plugin v27.2 - https:\/\/yoast.com\/product\/yoast-seo-wordpress\/ -->\n<title>Ingressos para a Broadway - times-square<\/title>\n<meta name=\"robots\" content=\"index, follow, max-snippet:-1, max-image-preview:large, max-video-preview:-1\" \/>\n<link rel=\"canonical\" href=\"https:\/\/welcome-to-times-square.com\/pt-br\/broadway-tickets\/\" \/>\n<meta property=\"og:locale\" content=\"pt_BR\" \/>\n<meta property=\"og:type\" content=\"article\" \/>\n<meta property=\"og:title\" content=\"Ingressos para a Broadway - times-square\" \/>\n<meta property=\"og:description\" content=\"Como comprar ingressos para a Broadway Agora \u00e9 oficial que os musicais, pe\u00e7as e outros shows ao vivo que fizeram sucesso nas paradas retornaram e o Great White Way est\u00e1 de volta aos neg\u00f3cios. O governador de Nova York, Andrew Cuomo, est\u00e1 permitindo que os teatros reabram para apresenta\u00e7\u00f5es ao vivo a partir de 14 [...]read moreIngressos para a Broadway\" \/>\n<meta property=\"og:url\" content=\"https:\/\/welcome-to-times-square.com\/pt-br\/broadway-tickets\/\" \/>\n<meta property=\"og:site_name\" content=\"times-square\" \/>\n<meta property=\"article:modified_time\" content=\"2025-01-20T08:13:57+00:00\" \/>\n<meta name=\"twitter:card\" content=\"summary_large_image\" \/>\n<meta name=\"twitter:label1\" content=\"Est. tempo de leitura\" \/>\n\t<meta name=\"twitter:data1\" content=\"4 minutos\" \/>\n<script type=\"application\/ld+json\" class=\"yoast-schema-graph\">{\"@context\":\"https:\/\/schema.org\",\"@graph\":[{\"@type\":\"WebPage\",\"@id\":\"https:\/\/welcome-to-times-square.com\/pt-br\/broadway-tickets\/\",\"url\":\"https:\/\/welcome-to-times-square.com\/pt-br\/broadway-tickets\/\",\"name\":\"Ingressos para a Broadway - times-square\",\"isPartOf\":{\"@id\":\"https:\/\/welcome-to-times-square.com\/pt-br\/#website\"},\"datePublished\":\"2021-09-02T12:50:38+00:00\",\"dateModified\":\"2025-01-20T08:13:57+00:00\",\"breadcrumb\":{\"@id\":\"https:\/\/welcome-to-times-square.com\/pt-br\/broadway-tickets\/#breadcrumb\"},\"inLanguage\":\"pt-BR\",\"potentialAction\":[{\"@type\":\"ReadAction\",\"target\":[\"https:\/\/welcome-to-times-square.com\/pt-br\/broadway-tickets\/\"]}]},{\"@type\":\"BreadcrumbList\",\"@id\":\"https:\/\/welcome-to-times-square.com\/pt-br\/broadway-tickets\/#breadcrumb\",\"itemListElement\":[{\"@type\":\"ListItem\",\"position\":1,\"name\":\"Home\",\"item\":\"https:\/\/welcome-to-times-square.com\/pt-br\/\"},{\"@type\":\"ListItem\",\"position\":2,\"name\":\"Ingressos para a Broadway\"}]},{\"@type\":\"WebSite\",\"@id\":\"https:\/\/welcome-to-times-square.com\/pt-br\/#website\",\"url\":\"https:\/\/welcome-to-times-square.com\/pt-br\/\",\"name\":\"times-square\",\"description\":\"times-square\",\"publisher\":{\"@id\":\"https:\/\/welcome-to-times-square.com\/pt-br\/#organization\"},\"potentialAction\":[{\"@type\":\"SearchAction\",\"target\":{\"@type\":\"EntryPoint\",\"urlTemplate\":\"https:\/\/welcome-to-times-square.com\/pt-br\/?s={search_term_string}\"},\"query-input\":{\"@type\":\"PropertyValueSpecification\",\"valueRequired\":true,\"valueName\":\"search_term_string\"}}],\"inLanguage\":\"pt-BR\"},{\"@type\":\"Organization\",\"@id\":\"https:\/\/welcome-to-times-square.com\/pt-br\/#organization\",\"name\":\"times-square\",\"url\":\"https:\/\/welcome-to-times-square.com\/pt-br\/\",\"logo\":{\"@type\":\"ImageObject\",\"inLanguage\":\"pt-BR\",\"@id\":\"https:\/\/welcome-to-times-square.com\/pt-br\/#\/schema\/logo\/image\/\",\"url\":\"https:\/\/welcome-to-times-square.com\/wp-content\/uploads\/2024\/03\/welcome-to-time-square-logo-with-r.png\",\"contentUrl\":\"https:\/\/welcome-to-times-square.com\/wp-content\/uploads\/2024\/03\/welcome-to-time-square-logo-with-r.png\",\"width\":500,\"height\":342,\"caption\":\"times-square\"},\"image\":{\"@id\":\"https:\/\/welcome-to-times-square.com\/pt-br\/#\/schema\/logo\/image\/\"}}]}<\/script>\n<!-- \/ Yoast SEO plugin. -->","yoast_head_json":{"title":"Ingressos para a Broadway - times-square","robots":{"index":"index","follow":"follow","max-snippet":"max-snippet:-1","max-image-preview":"max-image-preview:large","max-video-preview":"max-video-preview:-1"},"canonical":"https:\/\/welcome-to-times-square.com\/pt-br\/broadway-tickets\/","og_locale":"pt_BR","og_type":"article","og_title":"Ingressos para a Broadway - times-square","og_description":"Como comprar ingressos para a Broadway Agora \u00e9 oficial que os musicais, pe\u00e7as e outros shows ao vivo que fizeram sucesso nas paradas retornaram e o Great White Way est\u00e1 de volta aos neg\u00f3cios. O governador de Nova York, Andrew Cuomo, est\u00e1 permitindo que os teatros reabram para apresenta\u00e7\u00f5es ao vivo a partir de 14 [...]read moreIngressos para a Broadway","og_url":"https:\/\/welcome-to-times-square.com\/pt-br\/broadway-tickets\/","og_site_name":"times-square","article_modified_time":"2025-01-20T08:13:57+00:00","twitter_card":"summary_large_image","twitter_misc":{"Est. tempo de leitura":"4 minutos"},"schema":{"@context":"https:\/\/schema.org","@graph":[{"@type":"WebPage","@id":"https:\/\/welcome-to-times-square.com\/pt-br\/broadway-tickets\/","url":"https:\/\/welcome-to-times-square.com\/pt-br\/broadway-tickets\/","name":"Ingressos para a Broadway - times-square","isPartOf":{"@id":"https:\/\/welcome-to-times-square.com\/pt-br\/#website"},"datePublished":"2021-09-02T12:50:38+00:00","dateModified":"2025-01-20T08:13:57+00:00","breadcrumb":{"@id":"https:\/\/welcome-to-times-square.com\/pt-br\/broadway-tickets\/#breadcrumb"},"inLanguage":"pt-BR","potentialAction":[{"@type":"ReadAction","target":["https:\/\/welcome-to-times-square.com\/pt-br\/broadway-tickets\/"]}]},{"@type":"BreadcrumbList","@id":"https:\/\/welcome-to-times-square.com\/pt-br\/broadway-tickets\/#breadcrumb","itemListElement":[{"@type":"ListItem","position":1,"name":"Home","item":"https:\/\/welcome-to-times-square.com\/pt-br\/"},{"@type":"ListItem","position":2,"name":"Ingressos para a Broadway"}]},{"@type":"WebSite","@id":"https:\/\/welcome-to-times-square.com\/pt-br\/#website","url":"https:\/\/welcome-to-times-square.com\/pt-br\/","name":"times-square","description":"times-square","publisher":{"@id":"https:\/\/welcome-to-times-square.com\/pt-br\/#organization"},"potentialAction":[{"@type":"SearchAction","target":{"@type":"EntryPoint","urlTemplate":"https:\/\/welcome-to-times-square.com\/pt-br\/?s={search_term_string}"},"query-input":{"@type":"PropertyValueSpecification","valueRequired":true,"valueName":"search_term_string"}}],"inLanguage":"pt-BR"},{"@type":"Organization","@id":"https:\/\/welcome-to-times-square.com\/pt-br\/#organization","name":"times-square","url":"https:\/\/welcome-to-times-square.com\/pt-br\/","logo":{"@type":"ImageObject","inLanguage":"pt-BR","@id":"https:\/\/welcome-to-times-square.com\/pt-br\/#\/schema\/logo\/image\/","url":"https:\/\/welcome-to-times-square.com\/wp-content\/uploads\/2024\/03\/welcome-to-time-square-logo-with-r.png","contentUrl":"https:\/\/welcome-to-times-square.com\/wp-content\/uploads\/2024\/03\/welcome-to-time-square-logo-with-r.png","width":500,"height":342,"caption":"times-square"},"image":{"@id":"https:\/\/welcome-to-times-square.com\/pt-br\/#\/schema\/logo\/image\/"}}]}},"_hostinger_reach_plugin_has_subscription_block":false,"_hostinger_reach_plugin_is_elementor":false,"_links":{"self":[{"href":"https:\/\/welcome-to-times-square.com\/pt-br\/wp-json\/wp\/v2\/pages\/9267","targetHints":{"allow":["GET"]}}],"collection":[{"href":"https:\/\/welcome-to-times-square.com\/pt-br\/wp-json\/wp\/v2\/pages"}],"about":[{"href":"https:\/\/welcome-to-times-square.com\/pt-br\/wp-json\/wp\/v2\/types\/page"}],"author":[{"embeddable":true,"href":"https:\/\/welcome-to-times-square.com\/pt-br\/wp-json\/wp\/v2\/users\/53"}],"replies":[{"embeddable":true,"href":"https:\/\/welcome-to-times-square.com\/pt-br\/wp-json\/wp\/v2\/comments?post=9267"}],"version-history":[{"count":2,"href":"https:\/\/welcome-to-times-square.com\/pt-br\/wp-json\/wp\/v2\/pages\/9267\/revisions"}],"predecessor-version":[{"id":9276,"href":"https:\/\/welcome-to-times-square.com\/pt-br\/wp-json\/wp\/v2\/pages\/9267\/revisions\/9276"}],"wp:attachment":[{"href":"https:\/\/welcome-to-times-square.com\/pt-br\/wp-json\/wp\/v2\/media?parent=9267"}],"curies":[{"name":"wp","href":"https:\/\/api.w.org\/{rel}","templated":true}]}}