{"id":9297,"date":"2021-07-21T14:55:20","date_gmt":"2021-07-21T14:55:20","guid":{"rendered":"https:\/\/welcome-to-times-square.com\/20-principles-for-creating-change\/"},"modified":"2025-06-09T11:39:34","modified_gmt":"2025-06-09T11:39:34","slug":"20-principles-for-creating-change","status":"publish","type":"page","link":"https:\/\/welcome-to-times-square.com\/pt-br\/20-principles-for-creating-change\/","title":{"rendered":"Public Spaces and Urban Life"},"content":{"rendered":"<p>[vc_row full_width=&#8221;stretch_row&#8221; css=&#8221;.vc_custom_1627402630091{margin-top: 28px !important;margin-right: 0px !important;margin-bottom: 0px !important;margin-left: 0px !important;padding-top: 0px !important;padding-right: 0px !important;padding-bottom: 0px !important;padding-left: 0px !important;}&#8221; el_class=&#8221;main-97676&#8243;][vc_column css=&#8221;.vc_custom_1626939874126{margin: 0px !important;padding: 0px !important;border: 0px initial !important;}&#8221;][vc_row_inner equal_height=&#8221;yes&#8221; el_class=&#8221;text-banner11&#8243;][vc_column_inner width=&#8221;1\/2&#8243; css=&#8221;.vc_custom_1626940693197{margin-top: 0px !important;margin-right: 0px !important;margin-bottom: 0px !important;margin-left: 0px !important;padding-top: 20px !important;padding-right: 20px !important;padding-bottom: 20px !important;padding-left: 20px !important;background-image: url(https:\/\/welcome-to-times-square.com\/wp-content\/uploads\/2021\/07\/dd1.jpg?id=1431) !important;background-position: center !important;background-repeat: no-repeat !important;background-size: cover !important;}&#8221;][vc_column_text]<\/p>\n<h2>Public Spaces and Urban Life<\/h2>\n<div id=\"gtx-trans\" style=\"position: absolute; left: 281px; top: 38px;\">\n<div class=\"gtx-trans-icon\"><\/div>\n<\/div>\n<p>[\/vc_column_text][vc_column_text]According to UN-Habitat, the key features that foster sustainable urban development are a vibrant street life, workability, and affordability.<\/p>\n<p>A vibrant street life:<br \/>\nVibrant street life can be promoted and supported by reducing the presence and role of private transport and increasing street width and enabling a variety of activities. It encourages people to walk or cycle around,<\/p>\n<p>Walkability: Promoting walkability is key to bringing people into the public space. It also helps in reducing congestion and boosting the local economy and interactions. It also alleviates air pollution and resource depletion issues. Pedestrian life brings vibrancy to city life.<\/p>\n<p>Affordability: Supporting affordability of economic activities and services by promoting proximity and reducing costs for a diverse group of users. An affordable city is the prime feature of a sustainable city. Public spaces determine the cultural, social, and economic functions of cities. They are the first indicators of the status of a place. The lack of resources and understanding to use public space as a complete and multi-functional urban system is often results in overlooking the value of public spaces.[\/vc_column_text][\/vc_column_inner][vc_column_inner width=&#8221;1\/2&#8243; css=&#8221;.vc_custom_1626939926058{margin: 0px !important;padding: 0px !important;}&#8221;][vc_images_carousel images=&#8221;1421,1423&#8243; img_size=&#8221;full&#8221; onclick=&#8221;link_no&#8221; speed=&#8221;2000&#8243; autoplay=&#8221;yes&#8221; hide_prev_next_buttons=&#8221;yes&#8221; wrap=&#8221;yes&#8221; css=&#8221;.vc_custom_1626942472084{margin-top: 0px !important;margin-right: 0px !important;margin-bottom: 0px !important;margin-left: 0px !important;padding-top: 0px !important;padding-right: 0px !important;padding-bottom: 0px !important;padding-left: 0px !important;}&#8221;][\/vc_column_inner][\/vc_row_inner][\/vc_column][\/vc_row][vc_row full_width=&#8221;stretch_row&#8221; css=&#8221;.vc_custom_1627402678677{margin-top: 0px !important;padding-top: 0px !important;padding-bottom: 20px !important;background-image: url(https:\/\/welcome-to-times-square.com\/wp-content\/uploads\/2021\/07\/bg676.jpg?id=417) !important;background-position: center !important;background-repeat: no-repeat !important;background-size: cover !important;}&#8221; el_class=&#8221;main-title312&#8243;][vc_column width=&#8221;1\/2&#8243;][vc_column_text]<\/p>\n<h2 style=\"text-align: left;\">Role and importance of Public Spaces<\/h2>\n<div id=\"gtx-trans\" style=\"position: absolute; left: 315px; top: -5.09375px;\">\n<div class=\"gtx-trans-icon\"><\/div>\n<\/div>\n<p>[\/vc_column_text][\/vc_column][vc_column width=&#8221;1\/2&#8243;][vc_column_text]<\/p>\n<h2 style=\"text-align: right; font-size: 16px !important;\"><a style=\"color: #c00;\" href=\"https:\/\/welcome-to-times-square.com\/pt-br\/\"> HOME <\/a> \/ 20 PRINCIPLES FOR CREATING CHANGE<\/h2>\n<p>[\/vc_column_text][\/vc_column][\/vc_row][vc_row full_width=&#8221;stretch_row&#8221; css=&#8221;.vc_custom_1627404173873{margin-top: 0px !important;margin-right: 0px !important;margin-bottom: 0px !important;margin-left: 0px !important;padding-top: 80px !important;padding-right: 40px !important;padding-bottom: 40px !important;padding-left: 40px !important;background-color: #f3f3f3 !important;}&#8221; el_class=&#8221;main-97676&#8243;][vc_column width=&#8221;1\/2&#8243; css=&#8221;.vc_custom_1626939874126{margin: 0px !important;padding: 0px !important;border: 0px initial !important;}&#8221;][vc_single_image image=&#8221;1544&#8243; img_size=&#8221;full&#8221;][\/vc_column][vc_column width=&#8221;1\/2&#8243; el_class=&#8221;text31&#8243;][vc_column_text]\u2022 Espa\u00e7o P\u00fablico &#8211; A bandeira da civilidade urbana<\/p>\n<p>As pessoas realizam diversas atividades em um espa\u00e7o p\u00fablico compartilhado com todos. \u00c9 o espa\u00e7o onde as pessoas desfrutam de atividades recreativas e culturais p\u00fablicas, encontram outras pessoas ou simplesmente passeiam. Espa\u00e7os p\u00fablicos de qualidade contribuem para um comportamento civilizado, o que, por sua vez, pode levar a espa\u00e7os p\u00fablicos de qualidade. O espa\u00e7o p\u00fablico \u00e9 onde a civilidade da cidade se manifesta, tornando-se a bandeira da civilidade urbana.<\/p>\n<p>\u2022 Espa\u00e7os P\u00fablicos s\u00e3o nossos bens comuns urbanos<br \/>\nA qualidade do espa\u00e7o p\u00fablico de uma cidade \u00e9 o indicador de prosperidade compartilhada. Portanto, os espa\u00e7os p\u00fablicos merecem aten\u00e7\u00e3o priorit\u00e1ria. Os espa\u00e7os p\u00fablicos atendem a todos os moradores, especialmente os grupos desfavorecidos, que requerem aten\u00e7\u00e3o e cuidado. Os espa\u00e7os p\u00fablicos pertencem a todos os moradores, portanto, o investimento em espa\u00e7o p\u00fablico aumenta o capital urbano compartilhado das pessoas.<\/p>\n<p>\u2022 Espa\u00e7os P\u00fablicos para a cria\u00e7\u00e3o de riqueza.<br \/>\nO espa\u00e7o p\u00fablico oferece benef\u00edcios importantes para todas as formas de neg\u00f3cios. Os espa\u00e7os p\u00fablicos s\u00e3o onde neg\u00f3cios informais podem ser realizados legitimamente. Eles oferecem aos moradores urbanos mais pobres oportunidades preciosas de subsist\u00eancia e o com\u00e9rcio informal pode ocorrer em espa\u00e7os p\u00fablicos.<\/p>\n<p>\u2022 Espa\u00e7os p\u00fablicos promovem a sustentabilidade ambiental<br \/>\nRedes verdes podem ser criadas em \u00e1reas urbanas com espa\u00e7os p\u00fablicos bem planejados para apoiar a conectividade ambiental por meio de zool\u00f3gicos, parques e biodiversidade. Isso gerar\u00e1 in\u00fameros benef\u00edcios para os cidad\u00e3os e atrair\u00e1 visitantes. Os espa\u00e7os p\u00fablicos podem desempenhar um papel extremamente importante nas estrat\u00e9gias de adapta\u00e7\u00e3o \u00e0s mudan\u00e7as clim\u00e1ticas.<\/p>\n<p>\u2022 Espa\u00e7os p\u00fablicos aumentam a efici\u00eancia do transporte<br \/>\nAo projetar e gerenciar modos de transporte e priorizar rotas para ciclismo e caminhada, os espa\u00e7os p\u00fablicos ajudam a reduzir congestionamentos, acidentes rodovi\u00e1rios e o tempo de viagem. Permitir que as pessoas se movimentem livremente a p\u00e9, de bicicleta, carro ou transporte p\u00fablico \u00e9 uma das principais fun\u00e7\u00f5es dos espa\u00e7os p\u00fablicos. Espa\u00e7os p\u00fablicos bem projetados incentivam caminhadas e ciclismo e criam um ambiente seguro, reduzindo a velocidade e o uso de ve\u00edculos.<\/p>\n<p>\u2022 Espa\u00e7os p\u00fablicos ajudam a melhorar a sa\u00fade p\u00fablica<br \/>\nAo proporcionar oportunidades para atividades f\u00edsicas e brincadeiras, os espa\u00e7os p\u00fablicos tornam as caminhadas mais atraentes, ajudam a reduzir o estresse e proporcionam um ambiente tranquilo. O acesso a um espa\u00e7o p\u00fablico bem conservado pode ajudar a melhorar a sa\u00fade f\u00edsica e mental, permitindo que as pessoas caminhem mais, brinquem e aproveitem o ambiente. S\u00e3o armas poderosas no combate a muitas formas de problemas de sa\u00fade.<\/p>\n<p>\u2022 Espa\u00e7o p\u00fablico aumenta a seguran\u00e7a urbana<br \/>\nUm espa\u00e7o p\u00fablico diverso proporciona um local movimentado e vibrante que reduz a inseguran\u00e7a. Medo do crime; impede as pessoas de usarem espa\u00e7os p\u00fablicos. Crian\u00e7as, mulheres e idosos s\u00e3o frequentemente impedidos de usar parques e pra\u00e7as por medo do crime e da viol\u00eancia. A transforma\u00e7\u00e3o e a melhor gest\u00e3o do espa\u00e7o p\u00fablico podem ajudar a amenizar esses medos, atraindo um grande n\u00famero de pessoas.<\/p>\n<p>\u2022 Espa\u00e7os p\u00fablicos promovem equidade e inclus\u00e3o social<br \/>\nO espa\u00e7o p\u00fablico ajuda as pessoas a se engajarem e a reivindicarem direitos sobre a cidade. Portanto, uma cidade \u00e9 moldada por sua popula\u00e7\u00e3o, o que depender\u00e1 em grande parte de se os sistemas urbanos oferecem aos moradores oportunidades iguais de desenvolvimento.<\/p>\n<p>\u2022 Espa\u00e7os p\u00fablicos: ferramentas para cidades amigas da idade e de g\u00eanero<br \/>\nEspa\u00e7os p\u00fablicos e ruas s\u00e3o excelentes ferramentas para alcan\u00e7ar cidades amigas das mulheres. As ruas e os espa\u00e7os p\u00fablicos s\u00e3o usados \u200b\u200bcom mais frequ\u00eancia por mulheres para uma variedade de prop\u00f3sitos do que por homens. Portanto, \u00e9 importante fornecer a elas ruas e espa\u00e7os p\u00fablicos seguros e protegidos. Assim, uma cidade amiga das mulheres \u00e9 aquela com melhores servi\u00e7os e espa\u00e7os p\u00fablicos mais seguros.<\/p>\n<p>\u2022 Espa\u00e7os p\u00fablicos oferecem oportunidades ideais para gerar envolvimento cidad\u00e3o<br \/>\nFrequentemente, os cidad\u00e3os se mobilizam em torno de um espa\u00e7o p\u00fablico que desejam criar ou manter. Portanto, o espa\u00e7o p\u00fablico tem o poder de construir capital social.<\/p>\n<p>\u2022 Espa\u00e7os p\u00fablicos criam grandes cidades<br \/>\nAs cidades s\u00f3 podem se tornar grandes quando se mobilizam para desenvolver um \u00f3timo sistema de espa\u00e7os p\u00fablicos. As grandes cidades n\u00e3o s\u00e3o determinadas apenas por seus edif\u00edcios, mas pela beleza e pelo planejamento e manuten\u00e7\u00e3o dos espa\u00e7os p\u00fablicos.[\/vc_column_text][\/vc_column][\/vc_row][vc_row][vc_column][vc_raw_html]JTNDJTIxLS0lMjBNZXRhJTIwUGl4ZWwlMjBDb2RlJTIwLS0lM0UlMEElM0NzY3JpcHQlM0UlMEElMjFmdW5jdGlvbiUyOGYlMkNiJTJDZSUyQ3YlMkNuJTJDdCUyQ3MlMjklMEElN0JpZiUyOGYuZmJxJTI5cmV0dXJuJTNCbiUzRGYuZmJxJTNEZnVuY3Rpb24lMjglMjklN0JuLmNhbGxNZXRob2QlM0YlMEFuLmNhbGxNZXRob2QuYXBwbHklMjhuJTJDYXJndW1lbnRzJTI5JTNBbi5xdWV1ZS5wdXNoJTI4YXJndW1lbnRzJTI5JTdEJTNCJTBBaWYlMjglMjFmLl9mYnElMjlmLl9mYnElM0RuJTNCbi5wdXNoJTNEbiUzQm4ubG9hZGVkJTNEJTIxMCUzQm4udmVyc2lvbiUzRCUyNzIuMCUyNyUzQiUwQW4ucXVldWUlM0QlNUIlNUQlM0J0JTNEYi5jcmVhdGVFbGVtZW50JTI4ZSUyOSUzQnQuYXN5bmMlM0QlMjEwJTNCJTBBdC5zcmMlM0R2JTNCcyUzRGIuZ2V0RWxlbWVudHNCeVRhZ05hbWUlMjhlJTI5JTVCMCU1RCUzQiUwQXMucGFyZW50Tm9kZS5pbnNlcnRCZWZvcmUlMjh0JTJDcyUyOSU3RCUyOHdpbmRvdyUyQyUyMGRvY3VtZW50JTJDJTI3c2NyaXB0JTI3JTJDJTBBJTI3aHR0cHMlM0ElMkYlMkZjb25uZWN0LmZhY2Vib29rLm5ldCUyRmVuX1VTJTJGZmJldmVudHMuanMlMjclMjklM0IlMEFmYnElMjglMjdpbml0JTI3JTJDJTIwJTI3MTc1MTgxMTAwODYyNDAzOSUyNyUyOSUzQiUwQWZicSUyOCUyN3RyYWNrJTI3JTJDJTIwJTI3UGFnZVZpZXclMjclMjklM0IlMEElM0MlMkZzY3JpcHQlM0UlMEElM0Nub3NjcmlwdCUzRSUzQ2ltZyUyMGhlaWdodCUzRCUyMjElMjIlMjB3aWR0aCUzRCUyMjElMjIlMjBzdHlsZSUzRCUyMmRpc3BsYXklM0Fub25lJTIyJTBBc3JjJTNEJTIyaHR0cHMlM0ElMkYlMkZ3d3cuZmFjZWJvb2suY29tJTJGdHIlM0ZpZCUzRDE3NTE4MTEwMDg2MjQwMzklMjZldiUzRFBhZ2VWaWV3JTI2bm9zY3JpcHQlM0QxJTIyJTBBJTJGJTNFJTNDJTJGbm9zY3JpcHQlM0UlMEElM0MlMjEtLSUyMEVuZCUyME1ldGElMjBQaXhlbCUyMENvZGUlMjAtLSUzRQ==[\/vc_raw_html][\/vc_column][\/vc_row]<\/p>\n","protected":false},"excerpt":{"rendered":"[vc_row full_width=\"stretch_row\" css=\".vc_custom_1627402630091{margin-top: 28px !important;margin-right: 0px !important;margin-bottom: 0px !important;margin-left: 0px !important;padding-top: 0px !important;padding-right: 0px !important;padding-bottom: 0px !important;padding-left: 0px !important;}\" el_class=\"main-97676\"][vc_column css=\".vc_custom_1626939874126{margin: 0px !important;padding: 0px !important;border: 0px initial !important;}\"][vc_row_inner equal_height=\"yes\" el_class=\"text-banner11\"][vc_column_inner width=\"1\/2\" css=\".vc_custom_1626940693197{margin-top: 0px !important;margin-right: 0px !important;margin-bottom: 0px !important;margin-left: 0px !important;padding-top: 20px !important;padding-right: 20px !important;padding-bottom: 20px !important;padding-left: 20px !important;background-image: url(https:\/\/welcome-to-times-square.com\/wp-content\/uploads\/2021\/07\/dd1.jpg?id=1431) !important;background-position: center !important;background-repeat: no-repeat !important;background-size: cover [...]<a href=\"https:\/\/welcome-to-times-square.com\/pt-br\/20-principles-for-creating-change\/\" class=\"read-more wyz-secondary-color-text\">read more<span class=\"screen-reader-text\">Public Spaces and Urban Life<\/span><\/a>","protected":false},"author":53,"featured_media":0,"parent":0,"menu_order":0,"comment_status":"closed","ping_status":"closed","template":"","meta":{"footnotes":""},"class_list":["post-9297","page","type-page","status-publish","hentry"],"yoast_head":"<!-- This site is optimized with the Yoast SEO plugin v27.2 - https:\/\/yoast.com\/product\/yoast-seo-wordpress\/ -->\n<title>Public Spaces and Urban Life - times-square<\/title>\n<meta name=\"robots\" content=\"index, follow, max-snippet:-1, max-image-preview:large, max-video-preview:-1\" \/>\n<link rel=\"canonical\" href=\"https:\/\/welcome-to-times-square.com\/pt-br\/20-principles-for-creating-change\/\" \/>\n<meta property=\"og:locale\" content=\"pt_BR\" \/>\n<meta property=\"og:type\" content=\"article\" \/>\n<meta property=\"og:title\" content=\"Public Spaces and Urban Life - times-square\" \/>\n<meta property=\"og:description\" content=\"[vc_row full_width=&#8221;stretch_row&#8221; css=&#8221;.vc_custom_1627402630091{margin-top: 28px !important;margin-right: 0px !important;margin-bottom: 0px !important;margin-left: 0px !important;padding-top: 0px !important;padding-right: 0px !important;padding-bottom: 0px !important;padding-left: 0px !important;}&#8221; el_class=&#8221;main-97676&#8243;][vc_column css=&#8221;.vc_custom_1626939874126{margin: 0px !important;padding: 0px !important;border: 0px initial !important;}&#8221;][vc_row_inner equal_height=&#8221;yes&#8221; el_class=&#8221;text-banner11&#8243;][vc_column_inner width=&#8221;1\/2&#8243; css=&#8221;.vc_custom_1626940693197{margin-top: 0px !important;margin-right: 0px !important;margin-bottom: 0px !important;margin-left: 0px !important;padding-top: 20px !important;padding-right: 20px !important;padding-bottom: 20px !important;padding-left: 20px !important;background-image: url(https:\/\/welcome-to-times-square.com\/wp-content\/uploads\/2021\/07\/dd1.jpg?id=1431) !important;background-position: center !important;background-repeat: no-repeat !important;background-size: cover [...]read morePublic Spaces and Urban Life\" \/>\n<meta property=\"og:url\" content=\"https:\/\/welcome-to-times-square.com\/pt-br\/20-principles-for-creating-change\/\" \/>\n<meta property=\"og:site_name\" content=\"times-square\" \/>\n<meta property=\"article:modified_time\" content=\"2025-06-09T11:39:34+00:00\" \/>\n<meta name=\"twitter:card\" content=\"summary_large_image\" \/>\n<meta name=\"twitter:label1\" content=\"Est. tempo de leitura\" \/>\n\t<meta name=\"twitter:data1\" content=\"6 minutos\" \/>\n<script type=\"application\/ld+json\" class=\"yoast-schema-graph\">{\"@context\":\"https:\/\/schema.org\",\"@graph\":[{\"@type\":\"WebPage\",\"@id\":\"https:\/\/welcome-to-times-square.com\/pt-br\/20-principles-for-creating-change\/\",\"url\":\"https:\/\/welcome-to-times-square.com\/pt-br\/20-principles-for-creating-change\/\",\"name\":\"Public Spaces and Urban Life - times-square\",\"isPartOf\":{\"@id\":\"https:\/\/welcome-to-times-square.com\/pt-br\/#website\"},\"datePublished\":\"2021-07-21T14:55:20+00:00\",\"dateModified\":\"2025-06-09T11:39:34+00:00\",\"breadcrumb\":{\"@id\":\"https:\/\/welcome-to-times-square.com\/pt-br\/20-principles-for-creating-change\/#breadcrumb\"},\"inLanguage\":\"pt-BR\",\"potentialAction\":[{\"@type\":\"ReadAction\",\"target\":[\"https:\/\/welcome-to-times-square.com\/pt-br\/20-principles-for-creating-change\/\"]}]},{\"@type\":\"BreadcrumbList\",\"@id\":\"https:\/\/welcome-to-times-square.com\/pt-br\/20-principles-for-creating-change\/#breadcrumb\",\"itemListElement\":[{\"@type\":\"ListItem\",\"position\":1,\"name\":\"Home\",\"item\":\"https:\/\/welcome-to-times-square.com\/pt-br\/\"},{\"@type\":\"ListItem\",\"position\":2,\"name\":\"Public Spaces and Urban Life\"}]},{\"@type\":\"WebSite\",\"@id\":\"https:\/\/welcome-to-times-square.com\/pt-br\/#website\",\"url\":\"https:\/\/welcome-to-times-square.com\/pt-br\/\",\"name\":\"times-square\",\"description\":\"times-square\",\"publisher\":{\"@id\":\"https:\/\/welcome-to-times-square.com\/pt-br\/#organization\"},\"potentialAction\":[{\"@type\":\"SearchAction\",\"target\":{\"@type\":\"EntryPoint\",\"urlTemplate\":\"https:\/\/welcome-to-times-square.com\/pt-br\/?s={search_term_string}\"},\"query-input\":{\"@type\":\"PropertyValueSpecification\",\"valueRequired\":true,\"valueName\":\"search_term_string\"}}],\"inLanguage\":\"pt-BR\"},{\"@type\":\"Organization\",\"@id\":\"https:\/\/welcome-to-times-square.com\/pt-br\/#organization\",\"name\":\"times-square\",\"url\":\"https:\/\/welcome-to-times-square.com\/pt-br\/\",\"logo\":{\"@type\":\"ImageObject\",\"inLanguage\":\"pt-BR\",\"@id\":\"https:\/\/welcome-to-times-square.com\/pt-br\/#\/schema\/logo\/image\/\",\"url\":\"https:\/\/welcome-to-times-square.com\/wp-content\/uploads\/2024\/03\/welcome-to-time-square-logo-with-r.png\",\"contentUrl\":\"https:\/\/welcome-to-times-square.com\/wp-content\/uploads\/2024\/03\/welcome-to-time-square-logo-with-r.png\",\"width\":500,\"height\":342,\"caption\":\"times-square\"},\"image\":{\"@id\":\"https:\/\/welcome-to-times-square.com\/pt-br\/#\/schema\/logo\/image\/\"}}]}<\/script>\n<!-- \/ Yoast SEO plugin. -->","yoast_head_json":{"title":"Public Spaces and Urban Life - times-square","robots":{"index":"index","follow":"follow","max-snippet":"max-snippet:-1","max-image-preview":"max-image-preview:large","max-video-preview":"max-video-preview:-1"},"canonical":"https:\/\/welcome-to-times-square.com\/pt-br\/20-principles-for-creating-change\/","og_locale":"pt_BR","og_type":"article","og_title":"Public Spaces and Urban Life - times-square","og_description":"[vc_row full_width=&#8221;stretch_row&#8221; css=&#8221;.vc_custom_1627402630091{margin-top: 28px !important;margin-right: 0px !important;margin-bottom: 0px !important;margin-left: 0px !important;padding-top: 0px !important;padding-right: 0px !important;padding-bottom: 0px !important;padding-left: 0px !important;}&#8221; el_class=&#8221;main-97676&#8243;][vc_column css=&#8221;.vc_custom_1626939874126{margin: 0px !important;padding: 0px !important;border: 0px initial !important;}&#8221;][vc_row_inner equal_height=&#8221;yes&#8221; el_class=&#8221;text-banner11&#8243;][vc_column_inner width=&#8221;1\/2&#8243; css=&#8221;.vc_custom_1626940693197{margin-top: 0px !important;margin-right: 0px !important;margin-bottom: 0px !important;margin-left: 0px !important;padding-top: 20px !important;padding-right: 20px !important;padding-bottom: 20px !important;padding-left: 20px !important;background-image: url(https:\/\/welcome-to-times-square.com\/wp-content\/uploads\/2021\/07\/dd1.jpg?id=1431) !important;background-position: center !important;background-repeat: no-repeat !important;background-size: cover [...]read morePublic Spaces and Urban Life","og_url":"https:\/\/welcome-to-times-square.com\/pt-br\/20-principles-for-creating-change\/","og_site_name":"times-square","article_modified_time":"2025-06-09T11:39:34+00:00","twitter_card":"summary_large_image","twitter_misc":{"Est. tempo de leitura":"6 minutos"},"schema":{"@context":"https:\/\/schema.org","@graph":[{"@type":"WebPage","@id":"https:\/\/welcome-to-times-square.com\/pt-br\/20-principles-for-creating-change\/","url":"https:\/\/welcome-to-times-square.com\/pt-br\/20-principles-for-creating-change\/","name":"Public Spaces and Urban Life - times-square","isPartOf":{"@id":"https:\/\/welcome-to-times-square.com\/pt-br\/#website"},"datePublished":"2021-07-21T14:55:20+00:00","dateModified":"2025-06-09T11:39:34+00:00","breadcrumb":{"@id":"https:\/\/welcome-to-times-square.com\/pt-br\/20-principles-for-creating-change\/#breadcrumb"},"inLanguage":"pt-BR","potentialAction":[{"@type":"ReadAction","target":["https:\/\/welcome-to-times-square.com\/pt-br\/20-principles-for-creating-change\/"]}]},{"@type":"BreadcrumbList","@id":"https:\/\/welcome-to-times-square.com\/pt-br\/20-principles-for-creating-change\/#breadcrumb","itemListElement":[{"@type":"ListItem","position":1,"name":"Home","item":"https:\/\/welcome-to-times-square.com\/pt-br\/"},{"@type":"ListItem","position":2,"name":"Public Spaces and Urban Life"}]},{"@type":"WebSite","@id":"https:\/\/welcome-to-times-square.com\/pt-br\/#website","url":"https:\/\/welcome-to-times-square.com\/pt-br\/","name":"times-square","description":"times-square","publisher":{"@id":"https:\/\/welcome-to-times-square.com\/pt-br\/#organization"},"potentialAction":[{"@type":"SearchAction","target":{"@type":"EntryPoint","urlTemplate":"https:\/\/welcome-to-times-square.com\/pt-br\/?s={search_term_string}"},"query-input":{"@type":"PropertyValueSpecification","valueRequired":true,"valueName":"search_term_string"}}],"inLanguage":"pt-BR"},{"@type":"Organization","@id":"https:\/\/welcome-to-times-square.com\/pt-br\/#organization","name":"times-square","url":"https:\/\/welcome-to-times-square.com\/pt-br\/","logo":{"@type":"ImageObject","inLanguage":"pt-BR","@id":"https:\/\/welcome-to-times-square.com\/pt-br\/#\/schema\/logo\/image\/","url":"https:\/\/welcome-to-times-square.com\/wp-content\/uploads\/2024\/03\/welcome-to-time-square-logo-with-r.png","contentUrl":"https:\/\/welcome-to-times-square.com\/wp-content\/uploads\/2024\/03\/welcome-to-time-square-logo-with-r.png","width":500,"height":342,"caption":"times-square"},"image":{"@id":"https:\/\/welcome-to-times-square.com\/pt-br\/#\/schema\/logo\/image\/"}}]}},"_hostinger_reach_plugin_has_subscription_block":false,"_hostinger_reach_plugin_is_elementor":false,"_links":{"self":[{"href":"https:\/\/welcome-to-times-square.com\/pt-br\/wp-json\/wp\/v2\/pages\/9297","targetHints":{"allow":["GET"]}}],"collection":[{"href":"https:\/\/welcome-to-times-square.com\/pt-br\/wp-json\/wp\/v2\/pages"}],"about":[{"href":"https:\/\/welcome-to-times-square.com\/pt-br\/wp-json\/wp\/v2\/types\/page"}],"author":[{"embeddable":true,"href":"https:\/\/welcome-to-times-square.com\/pt-br\/wp-json\/wp\/v2\/users\/53"}],"replies":[{"embeddable":true,"href":"https:\/\/welcome-to-times-square.com\/pt-br\/wp-json\/wp\/v2\/comments?post=9297"}],"version-history":[{"count":2,"href":"https:\/\/welcome-to-times-square.com\/pt-br\/wp-json\/wp\/v2\/pages\/9297\/revisions"}],"predecessor-version":[{"id":13820,"href":"https:\/\/welcome-to-times-square.com\/pt-br\/wp-json\/wp\/v2\/pages\/9297\/revisions\/13820"}],"wp:attachment":[{"href":"https:\/\/welcome-to-times-square.com\/pt-br\/wp-json\/wp\/v2\/media?parent=9297"}],"curies":[{"name":"wp","href":"https:\/\/api.w.org\/{rel}","templated":true}]}}